{"id":15681,"date":"2025-01-19T14:50:19","date_gmt":"2025-01-19T14:50:19","guid":{"rendered":"https:\/\/www.hydraulic-cylinders.net\/product\/bucket-cylinder-for-ihi-small-excavator-ihi40-ys\/"},"modified":"2025-01-19T14:50:21","modified_gmt":"2025-01-19T14:50:21","slug":"bucket-cylinder-for-ihi-small-excavator-ihi40-ys","status":"publish","type":"product","link":"https:\/\/www.hydraulic-cylinders.net\/ro\/produs\/bucket-cylinder-for-ihi-small-excavator-ihi40-ys\/","title":{"rendered":"Cilindru cu cup\u0103 pentru excavatorul mic IHI IHI40\/YS"},"content":{"rendered":"<h1>Cilindru cu cup\u0103 pentru excavatorul mic IHI IHI40\/YS<\/h1>\n<h2>Introducere<\/h2>\n<p>Un cilindru al cupei este un cilindru hidraulic specializat, utilizat \u00een principal pentru a controla mi\u0219carea cupei \u00een utilaje grele, cum ar fi excavatoarele, excavatoarele \u0219i \u00eenc\u0103rc\u0103toarele frontale. Func\u021bia sa principal\u0103 este de a permite ridicarea, cobor\u00e2rea \u0219i \u00eenclinarea cupei, facilit\u00e2nd gestionarea diverselor sarcini de manipulare a materialelor. \u00centr-un sistem hidraulic, cilindrul cupei controleaz\u0103 mi\u0219carea precis\u0103 a cupei prin modific\u0103ri ale presiunii uleiului hidraulic, permi\u021b\u00e2nd operatorilor s\u0103 manipuleze eficient sarcini grele \u0219i s\u0103 se adapteze la medii de lucru complexe \u0219i cerin\u021be diverse ale lucr\u0103rilor.<\/p>\n<p><img decoding=\"async\" src=\"https:\/\/www.hydraulic-cylinders.net\/wp-content\/uploads\/2025\/01\/songte-company-2.webp\"><\/p>\n<h2>Caracteristici<\/h2>\n<ul>\n<li>Rezisten\u021b\u0103 \u0219i durabilitate ridicate: fabricate de obicei din o\u021bel sau aluminiu de \u00eenalt\u0103 rezisten\u021b\u0103, capabile s\u0103 reziste la presiuni ridicate \u0219i sarcini grele, potrivite pentru medii de lucru dure \u0219i proiectate cu rezisten\u021b\u0103 la uzur\u0103 \u0219i coroziune pentru a prelungi durata de via\u021b\u0103.<\/li>\n<li>Func\u021bionare hidraulic\u0103 eficient\u0103: utilizarea presiunii uleiului hidraulic pentru a ob\u021bine o extensie \u0219i o retragere lin\u0103, capabil\u0103 s\u0103 r\u0103spund\u0103 rapid la comenzile de control, s\u0103 ofere o for\u021b\u0103 puternic\u0103 de \u00eempingere \u0219i tragere, potrivit\u0103 pentru manipularea sarcinilor grele \u0219i a sarcinilor opera\u021bionale complexe.<\/li>\n<li>Diverse tipuri: cilindri cu ac\u021biune simpl\u0103 (folosind sistemul hidraulic \u00eentr-o singur\u0103 direc\u021bie) sau cu ac\u021biune dubl\u0103 (folosind sistemul hidraulic \u00een dou\u0103 direc\u021bii) pot fi ale\u0219i \u00een func\u021bie de necesit\u0103\u021bi pentru a satisface diferite cerin\u021be de func\u021bionare, unele modele fiind telescopice, permi\u021b\u00e2nd o extensie mai mare f\u0103r\u0103 a cre\u0219te dimensiunile exterioare, ideale pentru aplica\u021bii cu spa\u021biu limitat.<\/li>\n<li>\u00centre\u021binere u\u0219oar\u0103: echipat cu garnituri \u0219i alte componente \u00eenlocuibile, facilit\u00e2nd inspectarea \u0219i \u00eenlocuirea pieselor dup\u0103 cum este necesar.<\/li>\n<li>Personalizabil: compania noastr\u0103 poate produce acest produs pentru a \u00eenlocui perfect cilindrii hidraulici similari de la alte m\u0103rci.<\/li>\n<\/ul>\n<p><img decoding=\"async\" src=\"https:\/\/www.hydraulic-cylinders.net\/wp-content\/uploads\/2025\/01\/songte-cylinder-head-with-all-kinds-excavator-models.webp\"><\/p>\n<h2>Aplica\u021bii<\/h2>\n<p>Cilindrul cupei este utilizat pe scar\u0103 larg\u0103 \u00een diverse utilaje industriale \u0219i agricole, inclusiv:<\/p>\n<ul>\n<li>Echipamente de construc\u021bii: \u00een cazul excavatoarelor, acestea sunt esen\u021biale pentru s\u0103parea, \u00eenc\u0103rcarea \u0219i mutarea p\u0103m\u00e2ntului sau a resturilor; \u00een cazul excavatoarelor, acestea ajut\u0103 la excavare \u0219i ridicare; \u00een cazul \u00eenc\u0103rc\u0103toarelor frontale, acestea ajut\u0103 la ridicarea \u0219i desc\u0103rcarea eficient\u0103 a m\u0103rfurilor.<\/li>\n<li>Ma\u0219ini agricole: utilizate \u00een \u00eenc\u0103rc\u0103toarele frontale pentru scobere, ridicare \u0219i transportul solului, f\u00e2nului \u0219i altor materiale.<\/li>\n<li>Excavatoare: cilindrul cupei faciliteaz\u0103 s\u0103parea permi\u021b\u00e2nd cupei s\u0103 p\u0103trund\u0103 \u00een sol.<\/li>\n<li>\u00cenc\u0103rc\u0103toare: \u00een cazul \u00eenc\u0103rc\u0103toarelor frontale, acestea ajut\u0103 la ridicarea \u0219i \u00eenclinarea eficient\u0103 a m\u0103rfurilor.<\/li>\n<\/ul>\n<h2>Considera\u021bii de proiectare \u0219i criterii de selec\u021bie<\/h2>\n<p>La proiectarea \u0219i selectarea cilindrilor pentru cup\u0103, trebuie lua\u021bi \u00een considerare c\u00e2\u021biva factori importan\u021bi:<\/p>\n<ul>\n<li>Capacitate portant\u0103: cilindrul trebuie s\u0103 poat\u0103 suporta greutatea sarcinii pe care este proiectat s\u0103 o gestioneze.<\/li>\n<li>Etan\u0219are: alegerea materialelor \u0219i a designului adecvat pentru etan\u0219\u0103ri este esen\u021bial\u0103 pentru a preveni scurgerile \u0219i a men\u021bine o presiune hidraulic\u0103 adecvat\u0103.<\/li>\n<li>Durabilitate: cilindrul trebuie s\u0103 fie proiectat din materiale rezistente la uzur\u0103 \u0219i coroziune pentru a asigura o durat\u0103 lung\u0103 de via\u021b\u0103.<\/li>\n<li>Siguran\u021b\u0103: \u00een proiectarea cilindrului trebuie incluse caracteristici de siguran\u021b\u0103 adecvate pentru a evita accidentele \u0219i r\u0103nirile.<\/li>\n<li>\u00centre\u021binere: butelia trebuie s\u0103 fie proiectat\u0103 pentru \u00eentre\u021binere \u0219i reparare u\u0219oar\u0103, cu garnituri \u0219i alte piese u\u0219or de \u00eenlocuit.<\/li>\n<\/ul>\n<p><img decoding=\"async\" src=\"https:\/\/www.hydraulic-cylinders.net\/wp-content\/uploads\/2025\/01\/songte-oil-pipes-and-spare-parts.webp\"><\/p>\n<h2>Etan\u0219are \u0219i lubrifiere<\/h2>\n<p>O varietate de componente de etan\u0219are sunt utilizate \u00een cilindrii cupei, cum ar fi etan\u0219\u0103rile pistonului, etan\u0219\u0103rile tijei etc. Garniturile sunt fabricate din materiale precum poliuretan, cauciuc nitrilic etc., care sunt rezistente la uzur\u0103 \u0219i durabile. Corpul cilindrului \u0219i suprafa\u021ba cap\u0103tului filetat sunt tratate fin pentru a \u00eembun\u0103t\u0103\u021bi rezisten\u021ba la uzur\u0103. Ad\u0103ugarea regulat\u0103 a unei cantit\u0103\u021bi suficiente de ulei hidraulic este esen\u021bial\u0103 pentru a men\u021bine o lubrifiere adecvat\u0103.<\/p>\n<h2>\u00centre\u021binere \u0219i repara\u021bii<\/h2>\n<p>Inspec\u021bia regulat\u0103 \u0219i m\u0103surile de \u00eentre\u021binere preventiv\u0103 sunt necesare pentru a asigura func\u021bionarea corect\u0103 a cilindrului cupei. Sarcinile comune de \u00eentre\u021binere includ:<\/p>\n<ul>\n<li>\u00centre\u021binere \u0219i lubrifiere regulat\u0103<\/li>\n<li>\u00cenlocuirea garniturii<\/li>\n<li>Inspec\u021bia calibr\u0103rii<\/li>\n<\/ul>\n<p>Este important s\u0103 instala\u021bi corect cilindrul, aliniindu-l corespunz\u0103tor, utiliz\u00e2nd suporturile de instalare adecvate \u0219i asigur\u00e2nd lubrifierea \u0219i reglarea corespunz\u0103toare. Sunt furnizate proceduri recomandate de inspec\u021bie, reparare \u0219i \u00eenlocuire pentru a prelungi durata de via\u021b\u0103 a cilindrului. Compania noastr\u0103 ofer\u0103, de asemenea, piese de schimb \u0219i servicii de reconstruc\u021bie.<\/p>\n<p><img decoding=\"async\" src=\"https:\/\/www.hydraulic-cylinders.net\/wp-content\/uploads\/2025\/01\/songte-chushion-collar.webp\"><\/p>\n<h2>Factori de siguran\u021b\u0103 \u0219i de mediu<\/h2>\n<p>Importan\u021ba m\u0103surilor de siguran\u021b\u0103 atunci c\u00e2nd se utilizeaz\u0103 cilindri de excavare nu poate fi supraestimat\u0103. Trebuie asigurat\u0103 o instruire \u0219i echipamente adecvate \u00een materie de siguran\u021b\u0103 pentru a se asigura c\u0103 operatorii \u0219i personalul de \u00eentre\u021binere sunt informa\u021bi \u0219i echipa\u021bi pentru a manipula echipamentul \u00een siguran\u021b\u0103. De asemenea, trebuie lua\u021bi \u00een considerare factorii de mediu, cum ar fi eliminarea corect\u0103 a uleiului hidraulic uzat \u0219i a altor materiale.<\/p>\n<h2>Depanare \u0219i probleme frecvente<\/h2>\n<p>Printre problemele comune care pot ap\u0103rea la cilindrii cupei se num\u0103r\u0103 scurgerile de ulei, for\u021ba insuficient\u0103 sau neuniform\u0103 \u0219i func\u021bionarea lent\u0103. Sunt oferite sfaturi \u0219i solu\u021bii de depanare pentru a ajuta cititorii s\u0103 diagnosticheze \u0219i s\u0103 rezolve problemele \u00een mod eficient, precum \u0219i m\u0103suri preventive recomandate pentru a minimiza poten\u021bialele probleme.<\/p>\n<p><img decoding=\"async\" src=\"https:\/\/www.hydraulic-cylinders.net\/wp-content\/uploads\/2025\/01\/songte-bushings-with-all-kinds-of-excavator-models.webp\"><\/p>\n<h2>Despre compania noastr\u0103<\/h2>\n<p>Compania noastr\u0103 este produc\u0103tor de cilindri hidraulici de schimb cu o gam\u0103 complet\u0103 de produse \u0219i a devenit unul dintre principalii produc\u0103tori \u0219i distribuitori angro de cilindri hidraulici pe pie\u021bele interne \u0219i interna\u021bionale. Ader\u0103m la principiul calit\u0103\u021bii excelente, ne baz\u0103m pe strategii industrializate de management al produc\u021biei \u00een ateliere fin fabricate \u0219i ne \u00eembun\u0103t\u0103\u021bim continuu platforma de produc\u021bie cu talente tehnologice, echipamente digitale de produc\u021bie de ultim\u0103 genera\u021bie \u0219i sisteme de testare profesionale. Compania noastr\u0103 are o capacitate creativ\u0103 puternic\u0103, eficien\u021b\u0103 ridicat\u0103, precizie ridicat\u0103 \u0219i standarde de \u00eenalt\u0103 calitate pentru a satisface nevoile diverse ale clien\u021bilor.<\/p>\n<p><img decoding=\"async\" src=\"https:\/\/hzpt.com\/wp-content\/uploads\/2024\/11\/songte-company-1.webp\"><\/p>\n<h3>Profesionalism<\/h3>\n<p>Compania noastr\u0103 are o echip\u0103 tehnic\u0103 profesionist\u0103 \u0219i echipamente de produc\u021bie avansate pentru a asigura calitatea \u00eenalt\u0103 a produselor noastre.<\/p>\n<h3>Certificare interna\u021bional\u0103<\/h3>\n<p>Compania noastr\u0103 a ob\u021binut o serie de certific\u0103ri interna\u021bionale, inclusiv ISO9001, CE etc., pentru a asigura calitatea produselor noastre \u0219i a promova comer\u021bul interna\u021bional.<\/p>\n<h3>Servicii de personalizare<\/h3>\n<p>Compania noastr\u0103 poate personaliza produsele \u00een func\u021bie de nevoile clien\u021bilor pentru a satisface diversele cerin\u021be ale diferitelor industrii \u0219i aplica\u021bii.<\/p>\n<h3>Echipamente de produc\u021bie<\/h3>\n<p>Compania noastr\u0103 dispune de echipamente de produc\u021bie \u0219i instrumente de testare avansate pentru a asigura calitatea produselor noastre.<\/p>\n<h3>Serviciu post-v\u00e2nzare<\/h3>\n<p>Compania noastr\u0103 ofer\u0103 un sistem complet de service post-v\u00e2nzare pentru a asigura buna func\u021bionare a echipamentelor \u0219i satisfac\u021bia clien\u021bilor no\u0219tri.<\/p>\n<p>Autor: lyl<\/p>","protected":false},"excerpt":{"rendered":"<p>Bucket Cylinder For IHI Small Excavator IHI40\/YS Introduction A bucket cylinder is a specialized hydraulic cylinder primarily used to control the movement of the bucket in heavy machinery such as excavators, backhoes, and front loaders. Its main function is to allow the bucket to lift, lower, and tilt, making it easier to handle various material [&hellip;]<\/p>","protected":false},"featured_media":14773,"comment_status":"open","ping_status":"closed","template":"","meta":{"_et_pb_use_builder":"","_et_pb_old_content":"","_et_gb_content_width":""},"product_brand":[],"product_cat":[1494],"product_tag":[1495,1496],"class_list":{"0":"post-15681","1":"product","2":"type-product","3":"status-publish","4":"has-post-thumbnail","6":"product_cat-bucket-cylinders","7":"product_tag-bucket-cylinders","8":"product_tag-hydraulic-cylinders","10":"first","11":"instock","12":"shipping-taxable","13":"product-type-simple"},"amp_enabled":true,"_links":{"self":[{"href":"https:\/\/www.hydraulic-cylinders.net\/ro\/wp-json\/wp\/v2\/product\/15681","targetHints":{"allow":["GET"]}}],"collection":[{"href":"https:\/\/www.hydraulic-cylinders.net\/ro\/wp-json\/wp\/v2\/product"}],"about":[{"href":"https:\/\/www.hydraulic-cylinders.net\/ro\/wp-json\/wp\/v2\/types\/product"}],"replies":[{"embeddable":true,"href":"https:\/\/www.hydraulic-cylinders.net\/ro\/wp-json\/wp\/v2\/comments?post=15681"}],"wp:featuredmedia":[{"embeddable":true,"href":"https:\/\/www.hydraulic-cylinders.net\/ro\/wp-json\/wp\/v2\/media\/14773"}],"wp:attachment":[{"href":"https:\/\/www.hydraulic-cylinders.net\/ro\/wp-json\/wp\/v2\/media?parent=15681"}],"wp:term":[{"taxonomy":"product_brand","embeddable":true,"href":"https:\/\/www.hydraulic-cylinders.net\/ro\/wp-json\/wp\/v2\/product_brand?post=15681"},{"taxonomy":"product_cat","embeddable":true,"href":"https:\/\/www.hydraulic-cylinders.net\/ro\/wp-json\/wp\/v2\/product_cat?post=15681"},{"taxonomy":"product_tag","embeddable":true,"href":"https:\/\/www.hydraulic-cylinders.net\/ro\/wp-json\/wp\/v2\/product_tag?post=15681"}],"curies":[{"name":"wp","href":"https:\/\/api.w.org\/{rel}","templated":true}]}}