{"id":15689,"date":"2025-01-19T14:50:51","date_gmt":"2025-01-19T14:50:51","guid":{"rendered":"https:\/\/www.hydraulic-cylinders.net\/product\/bucket-cylinder-for-bobcat-small-excavator-e63\/"},"modified":"2025-01-19T14:50:53","modified_gmt":"2025-01-19T14:50:53","slug":"bucket-cylinder-for-bobcat-small-excavator-e63","status":"publish","type":"product","link":"https:\/\/www.hydraulic-cylinders.net\/ro\/produs\/bucket-cylinder-for-bobcat-small-excavator-e63\/","title":{"rendered":"Cilindru cup\u0103 pentru excavatorul mic Bobcat E63"},"content":{"rendered":"<h1>Cilindru cup\u0103 pentru excavatorul mic Bobcat E63<\/h1>\n<h2>Introducere<\/h2>\n<p>Cilindrul cupei pentru excavatorul mic Bobcat E63 este un cilindru hidraulic specializat, conceput pentru a controla mi\u0219carea cupei \u00een utilaje grele, cum ar fi excavatoarele, excavatoarele \u0219i \u00eenc\u0103rc\u0103toarele. Func\u021bia sa principal\u0103 este de a permite ridicarea, cobor\u00e2rea \u0219i \u00eenclinarea cupei, facilit\u00e2nd gestionarea diverselor sarcini de manipulare a materialelor. \u00cen sistemele hidraulice, cilindrul cupei utilizeaz\u0103 schimbarea presiunii uleiului hidraulic pentru a controla cu precizie cupa, permi\u021b\u00e2nd operatorilor s\u0103 manipuleze eficient sarcini grele \u0219i s\u0103 se adapteze la medii de lucru complexe \u0219i cerin\u021be diverse ale lucr\u0103rilor.<\/p>\n<p><img decoding=\"async\" src=\"https:\/\/www.hydraulic-cylinders.net\/wp-content\/uploads\/2025\/01\/songte-company-2.webp\" alt=\"Imaginea cilindrului cupei\"><\/p>\n<h2>Caracteristici<\/h2>\n<ul>\n<li>\n<h3>Rezisten\u021b\u0103 \u0219i durabilitate ridicate<\/h3>\n<p>De obicei, fabricat din o\u021bel sau aluminiu de \u00eenalt\u0103 rezisten\u021b\u0103, poate rezista la presiuni ridicate \u0219i sarcini grele, se adapteaz\u0103 la medii de lucru dure \u0219i este proiectat \u021bin\u00e2nd cont de rezisten\u021ba la uzur\u0103 \u0219i la coroziune pentru a prelungi durata de via\u021b\u0103 a cilindrului cupei.<\/p>\n<\/li>\n<li>\n<h3>Func\u021bionare hidraulic\u0103 eficient\u0103<\/h3>\n<p>Utiliz\u00e2nd presiunea uleiului hidraulic pentru a ob\u021bine o extensie \u0219i o contrac\u021bie lin\u0103, acesta poate r\u0103spunde rapid la comenzile de control, ofer\u0103 o for\u021b\u0103 puternic\u0103 de \u00eempingere \u0219i tragere \u0219i este potrivit pentru manipularea sarcinilor grele \u0219i a sarcinilor complexe.<\/p>\n<\/li>\n<li>\n<h3>Diverse tipuri<\/h3>\n<p>Cilindrii cu ac\u021biune simpl\u0103 (utilizare hidraulic\u0103 \u00eentr-o singur\u0103 direc\u021bie) sau cu ac\u021biune dubl\u0103 (utilizare hidraulic\u0103 \u00een dou\u0103 direc\u021bii) pot fi selecta\u021bi \u00een func\u021bie de nevoi pentru a satisface diferite cerin\u021be opera\u021bionale. Unele modele sunt telescopice, permi\u021b\u00e2nd o extensie mai mare f\u0103r\u0103 a cre\u0219te dimensiunile exterioare, fiind potrivi\u021bi pentru aplica\u021bii cu spa\u021biu limitat.<\/p>\n<\/li>\n<li>\n<h3>Poate fi \u00eenlocuit<\/h3>\n<p>Produsele noastre pot \u00eenlocui perfect ace\u0219ti cilindri hidraulici. <\/p>\n<\/li>\n<\/ul>\n<p><img decoding=\"async\" src=\"https:\/\/www.hydraulic-cylinders.net\/wp-content\/uploads\/2025\/01\/songte-cylinder-head-with-all-kinds-excavator-models.webp\" alt=\"Imagine de \u00eenlocuire a cilindrului cupei\"><\/p>\n<h2>Aplica\u021bii<\/h2>\n<p>Cilindrul cupei pentru excavatorul mic Bobcat E63 este utilizat pe scar\u0103 larg\u0103 \u00een diverse industrii, inclusiv:<\/p>\n<ul>\n<li>\n<h3>Echipamente de construc\u021bii<\/h3>\n<p>\u00cen excavatoare, acestea sunt esen\u021biale pentru excavare, \u00eenc\u0103rcare \u0219i mutarea solului sau a resturilor. \u00cen buldoexcavatoarele, cilindrii cupei ajut\u0103 la excavare \u0219i ridicare.<\/p>\n<\/li>\n<li>\n<h3>Ma\u0219ini agricole<\/h3>\n<p>Folosit pentru \u00eenc\u0103rc\u0103toare frontale, ridicarea, ridicarea \u0219i transportul solului, f\u00e2nului \u0219i altor materiale. La excavatoare, cilindrul cupei permite s\u0103parea permi\u021b\u00e2nd cupei s\u0103 p\u0103trund\u0103 \u00een sol.<\/p>\n<\/li>\n<li>\n<h3>\u00cenc\u0103rc\u0103tor<\/h3>\n<p>\u00cenc\u0103rc\u0103toarele frontale ajut\u0103 la ridicarea \u0219i desc\u0103rcarea eficient\u0103 a m\u0103rfurilor.<\/p>\n<\/li>\n<\/ul>\n<h2>Considera\u021bii de proiectare \u0219i standarde de selec\u021bie<\/h2>\n<p>La proiectarea cilindrului cupei pentru excavatorul mic Bobcat E63, se iau \u00een considerare diver\u0219i factori, cum ar fi capacitatea portant\u0103, etan\u0219area, durabilitatea, siguran\u021ba \u0219i mentenan\u021ba. Urm\u0103toarele sunt c\u00e2teva puncte care trebuie discutate:<\/p>\n<ul>\n<li>\n<h3>Capacitate portant\u0103<\/h3>\n<p>Capacitatea cilindrului cupei de a rezista la presiuni ridicate \u0219i sarcini grele este esen\u021bial\u0103 pentru performan\u021ba \u0219i longevitatea produsului.<\/p>\n<\/li>\n<li>\n<h3>Sigilare<\/h3>\n<p>Sistemul de etan\u0219are al cilindrului cupei este esen\u021bial pentru a preveni scurgerile \u0219i a asigura o func\u021bionare lin\u0103, iar utilizarea materialelor de etan\u0219are de \u00eenalt\u0103 calitate \u0219i a proceselor de prelucrare precise poate \u00eembun\u0103t\u0103\u021bi performan\u021ba de etan\u0219are \u0219i poate prelungi durata de via\u021b\u0103 a cilindrului.<\/p>\n<\/li>\n<li>\n<h3>Durabilitate<\/h3>\n<p>Cilindrul cupei este expus la medii de lucru dure \u0219i poate suferi o uzur\u0103 sever\u0103 \u00een timpul func\u021bion\u0103rii. Prin urmare, alegerea materialului cilindrului, tratamentul suprafe\u021bei \u0219i al\u021bi factori trebuie lua\u021bi \u00een considerare pentru a spori durabilitatea \u0219i rezisten\u021ba cilindrului la coroziune \u0219i uzur\u0103.<\/p>\n<\/li>\n<li>\n<h3>Siguran\u0163\u0103<\/h3>\n<p>Caracteristicile de siguran\u021b\u0103 ale cilindrului cupei, cum ar fi protec\u021bia la suprasarcin\u0103 \u0219i oprirea de urgen\u021b\u0103, sunt cruciale pentru a asigura siguran\u021ba operatorului \u0219i a preveni accidentele.<\/p>\n<\/li>\n<li>\n<h3>Mentenabilitate<\/h3>\n<p>\u00centre\u021binerea u\u0219oar\u0103 a cilindrului cupei, cum ar fi accesul facil pentru \u00eentre\u021binere \u0219i \u00eenlocuire, poate reduce timpii de nefunc\u021bionare \u0219i cre\u0219te productivitatea.<\/p>\n<\/li>\n<\/ul>\n<p><img decoding=\"async\" src=\"https:\/\/www.hydraulic-cylinders.net\/wp-content\/uploads\/2025\/01\/songte-oil-pipes-and-spare-parts.webp\" alt=\"Imagine de design a cilindrului cu g\u0103leat\u0103\"><\/p>\n<h2>Etan\u0219are \u0219i lubrifiere<\/h2>\n<p>Cilindrul cupei utilizeaz\u0103 o varietate de garnituri, cum ar fi garnituri de piston, garnituri de tij\u0103 \u0219i a\u0219a mai departe, pentru a preveni scurgerile \u0219i a asigura o func\u021bionare lin\u0103. Garniturile sunt fabricate din materiale rezistente la uzur\u0103, cum ar fi poliuretanul \u0219i cauciucul nitrilic, pentru a \u00eembun\u0103t\u0103\u021bi performan\u021ba de etan\u0219are \u0219i a prelungi durata de via\u021b\u0103 a cilindrului. Ad\u0103ugarea regulat\u0103 a unei cantit\u0103\u021bi adecvate de ulei hidraulic poate lubrifia cilindrul \u0219i reduce uzura.<\/p>\n<h2>Inspec\u021bie \u0219i \u00eentre\u021binere preventiv\u0103<\/h2>\n<p>Inspec\u021biile regulate \u0219i \u00eentre\u021binerea preventiv\u0103 sunt cruciale pentru a asigura func\u021bionarea optim\u0103 a cilindrului cupei \u0219i a prelungi durata de via\u021b\u0103 a acestuia. Urm\u0103toarele sunt sarcini esen\u021biale de \u00eentre\u021binere:<\/p>\n<ul>\n<li>\n<h3>Inspec\u021bie regulat\u0103<\/h3>\n<p>Verific\u0103rile regulate ale st\u0103rii cilindrului, cum ar fi orice semne de fisuri sau uzur\u0103, sunt necesare pentru a detecta orice probleme poten\u021biale \u0219i a le remedia prompt.<\/p>\n<\/li>\n<li>\n<h3>Lubrifiere<\/h3>\n<p>Lubrifierea regulat\u0103 a cilindrului poate reduce uzura \u0219i poate asigura o func\u021bionare lin\u0103. <\/p>\n<\/li>\n<li>\n<h3>\u00cenlocuirea garniturii \u0219i verificarea calibr\u0103rii<\/h3>\n<p>\u00cenlocuirea garniturilor uzate \u0219i verificarea calibr\u0103rii cilindrului pot ajuta la men\u021binerea performan\u021bei acestuia.<\/p>\n<\/li>\n<\/ul>\n<p><img decoding=\"async\" src=\"https:\/\/www.hydraulic-cylinders.net\/wp-content\/uploads\/2025\/01\/songte-chushion-collar.webp\" alt=\"Imagine de \u00eentre\u021binere a cilindrului cupei\"><\/p>\n<h2>Considera\u021bii de siguran\u021b\u0103 \u0219i factori de mediu<\/h2>\n<p>C\u00e2nd utiliza\u021bi cilindrul cupei pentru excavatorul mic Bobcat E63, este esen\u021bial s\u0103 respecta\u021bi instruc\u021biunile de siguran\u021b\u0103, cum ar fi purtarea echipamentului de protec\u021bie adecvat \u0219i asigurarea c\u0103 echipamentul este \u00een stare bun\u0103 de func\u021bionare. Eliminarea corect\u0103 a uleiului hidraulic uzat \u0219i a altor de\u0219euri periculoase este, de asemenea, crucial\u0103 pentru protejarea mediului.<\/p>\n<h2>Probleme frecvente \u0219i depanare<\/h2>\n<p>Problemele frecvente care pot ap\u0103rea cu cilindrul cupei includ scurgeri de ulei, func\u021bionarea defectuoas\u0103 a sistemului hidraulic \u0219i garnituri uzate. Depanarea acestor probleme necesit\u0103 o diagnosticare \u0219i o reparare adecvate, care pot implica \u00eenlocuirea pieselor uzate sau recalibrarea cilindrului.<\/p>\n<h2>Informa\u021bii despre companie<\/h2>\n<p>Suntem produc\u0103tori de cilindri hidraulici care pot \u00eenlocui diverse tipuri de cilindri hidraulici. Compania noastr\u0103 ofer\u0103 o gam\u0103 complet\u0103 de produse \u0219i a devenit unul dintre principalii produc\u0103tori \u0219i angrosi\u0219ti \u200b\u200bde cilindri hidraulici pe pie\u021bele interne \u0219i interna\u021bionale. Urm\u0103m principiul calit\u0103\u021bii excelente, ne baz\u0103m pe strategia de management al produc\u021biei industriale a atelierelor de produc\u021bie fin\u0103 \u0219i \u00eembun\u0103t\u0103\u021bim continuu platforma de produc\u021bie a atelierelor noastre prin utilizarea talentelor tehnologice, a echipamentelor digitale de produc\u021bie de ultim\u0103 genera\u021bie \u0219i a sistemelor de testare profesionale. Avem o creativitate puternic\u0103 \u0219i putem satisface nevoile diverse ale clien\u021bilor no\u0219tri cu eficien\u021b\u0103 ridicat\u0103, precizie ridicat\u0103 \u0219i produse de \u00eenalt\u0103 calitate.<\/p>\n<p><img decoding=\"async\" src=\"https:\/\/hzpt.com\/wp-content\/uploads\/2024\/11\/songte-company-1.webp\" alt=\"Imaginea companiei\"><\/p>\n<h3>Profesionalism<\/h3>\n<p>Compania noastr\u0103 are o echip\u0103 de ingineri experimenta\u021bi \u0219i profesioni\u0219ti care dezvolt\u0103, proiecteaz\u0103 \u0219i fabric\u0103 cilindri hidraulici pe baza nevoilor \u0219i specifica\u021biilor clien\u021bilor.<\/p>\n<h3>Certificare interna\u021bional\u0103<\/h3>\n<p>Produsele noastre au ob\u021binut certific\u0103ri interna\u021bionale precum ISO9001, CE \u0219i SGS, ceea ce indic\u0103 faptul c\u0103 \u00eendeplinesc standardele \u0219i cerin\u021bele industriei.<\/p>\n<h3>Servicii de personalizare<\/h3>\n<p>Oferim servicii de personalizare pentru a satisface nevoile specifice ale clien\u021bilor \u0219i a asigura satisfac\u021bia acestora.<\/p>\n<h3>Echipamente de produc\u021bie<\/h3>\n<p>Compania noastr\u0103 utilizeaz\u0103 echipamente de produc\u021bie avansate, cum ar fi centre de prelucrare CNC, pentru a asigura calitatea \u0219i eficien\u021ba produselor.<\/p>\n<h3>Serviciu post-v\u00e2nzare<\/h3>\n<p>Oferim clien\u021bilor servicii post-v\u00e2nzare excelente, cum ar fi asisten\u021b\u0103 tehnic\u0103, repara\u021bii \u0219i servicii de \u00eentre\u021binere, pentru a ne asigura c\u0103 produsele noastre func\u021bioneaz\u0103 f\u0103r\u0103 probleme.<\/p>\n<p><img decoding=\"async\" src=\"https:\/\/www.hydraulic-cylinders.net\/wp-content\/uploads\/2025\/01\/songte-company-3.webp\" alt=\"Imaginea companiei\"><\/p>\n<p>Autor: lyl<\/p>","protected":false},"excerpt":{"rendered":"<p>Bucket Cylinder For Bobcat Small Excavator E63 Introduction The Bucket Cylinder for Bobcat Small Excavator E63 is a specialized hydraulic cylinder designed to control the movement of the bucket in heavy machinery such as excavators, backhoes, and loaders. Its main function is to allow the bucket to lift, lower, and tilt, making it easier to [&hellip;]<\/p>","protected":false},"featured_media":14787,"comment_status":"open","ping_status":"closed","template":"","meta":{"_et_pb_use_builder":"","_et_pb_old_content":"","_et_gb_content_width":""},"product_brand":[],"product_cat":[1494],"product_tag":[1495,1496],"class_list":{"0":"post-15689","1":"product","2":"type-product","3":"status-publish","4":"has-post-thumbnail","6":"product_cat-bucket-cylinders","7":"product_tag-bucket-cylinders","8":"product_tag-hydraulic-cylinders","10":"first","11":"instock","12":"shipping-taxable","13":"product-type-simple"},"amp_enabled":true,"_links":{"self":[{"href":"https:\/\/www.hydraulic-cylinders.net\/ro\/wp-json\/wp\/v2\/product\/15689","targetHints":{"allow":["GET"]}}],"collection":[{"href":"https:\/\/www.hydraulic-cylinders.net\/ro\/wp-json\/wp\/v2\/product"}],"about":[{"href":"https:\/\/www.hydraulic-cylinders.net\/ro\/wp-json\/wp\/v2\/types\/product"}],"replies":[{"embeddable":true,"href":"https:\/\/www.hydraulic-cylinders.net\/ro\/wp-json\/wp\/v2\/comments?post=15689"}],"wp:featuredmedia":[{"embeddable":true,"href":"https:\/\/www.hydraulic-cylinders.net\/ro\/wp-json\/wp\/v2\/media\/14787"}],"wp:attachment":[{"href":"https:\/\/www.hydraulic-cylinders.net\/ro\/wp-json\/wp\/v2\/media?parent=15689"}],"wp:term":[{"taxonomy":"product_brand","embeddable":true,"href":"https:\/\/www.hydraulic-cylinders.net\/ro\/wp-json\/wp\/v2\/product_brand?post=15689"},{"taxonomy":"product_cat","embeddable":true,"href":"https:\/\/www.hydraulic-cylinders.net\/ro\/wp-json\/wp\/v2\/product_cat?post=15689"},{"taxonomy":"product_tag","embeddable":true,"href":"https:\/\/www.hydraulic-cylinders.net\/ro\/wp-json\/wp\/v2\/product_tag?post=15689"}],"curies":[{"name":"wp","href":"https:\/\/api.w.org\/{rel}","templated":true}]}}