{"id":15691,"date":"2025-01-19T14:50:59","date_gmt":"2025-01-19T14:50:59","guid":{"rendered":"https:\/\/www.hydraulic-cylinders.net\/product\/bucket-cylinder-for-bobcat-small-excavator-e32\/"},"modified":"2025-01-19T14:51:04","modified_gmt":"2025-01-19T14:51:04","slug":"bucket-cylinder-for-bobcat-small-excavator-e32","status":"publish","type":"product","link":"https:\/\/www.hydraulic-cylinders.net\/ro\/produs\/bucket-cylinder-for-bobcat-small-excavator-e32\/","title":{"rendered":"Cilindru cup\u0103 pentru excavatorul mic Bobcat E32"},"content":{"rendered":"<h1>Cilindru cup\u0103 pentru excavatorul mic Bobcat E32<\/h1>\n<h2>Introducere<\/h2>\n<p>Cilindrul cupei pentru excavatorul mic Bobcat E32 este un cilindru hidraulic special conceput, utilizat pentru a controla mi\u0219carea cupei \u00een utilaje grele, cum ar fi excavatoarele, excavatoarele cu buldoexcavatoare \u0219i \u00eenc\u0103rc\u0103toare frontale. Func\u021bia sa principal\u0103 este de a permite ridicarea, cobor\u00e2rea \u0219i \u00eenclinarea cupei, facilit\u00e2nd diverse sarcini de manipulare a materialelor. \u00centr-un sistem hidraulic, cilindrul cupei realizeaz\u0103 un control precis al cupei prin modific\u0103ri ale presiunii uleiului hidraulic, permi\u021b\u00e2nd operatorilor s\u0103 manipuleze eficient sarcini grele \u0219i s\u0103 se adapteze la medii de lucru complexe \u0219i cerin\u021be diverse ale lucr\u0103rilor.<\/p>\n<p><img decoding=\"async\" src=\"https:\/\/www.hydraulic-cylinders.net\/wp-content\/uploads\/2025\/01\/songte-company-2.webp\" \/><\/p>\n<h2>Caracteristici<\/h2>\n<ul>\n<li>Rezisten\u021b\u0103 \u0219i durabilitate ridicate: Fabricate de obicei din o\u021bel sau aluminiu de \u00eenalt\u0103 rezisten\u021b\u0103, pot rezista la presiuni ridicate \u0219i sarcini grele, adapt\u00e2ndu-se la condi\u021bii dure de lucru. Designul ia \u00een considerare rezisten\u021ba la uzur\u0103 \u0219i la coroziune, prelungind durata de via\u021b\u0103.<\/li>\n<li>Func\u021bionare hidraulic\u0103 eficient\u0103: Utiliz\u00e2nd presiunea uleiului hidraulic pentru a ob\u021bine o extensie \u0219i o retragere lin\u0103, poate r\u0103spunde rapid la comenzile de control, oferind for\u021be puternice de \u00eempingere \u0219i tragere, potrivite pentru manipularea sarcinilor grele \u0219i a sarcinilor complexe.<\/li>\n<li>Diverse tipuri: Cilindrii cu ac\u021biune simpl\u0103 (utiliza\u021bi hidraulic \u00eentr-o singur\u0103 direc\u021bie) sau cu ac\u021biune dubl\u0103 (utiliza\u021bi hidraulic \u00een ambele direc\u021bii) pot fi selecta\u021bi \u00een func\u021bie de cerin\u021be pentru a satisface diferite nevoi opera\u021bionale. Unele modele sunt telescopice, permi\u021b\u00e2nd o extensie mai mare f\u0103r\u0103 a cre\u0219te dimensiunile exterioare, potrivite pentru aplica\u021bii cu spa\u021biu limitat.<\/li>\n<li>\u00cenlocuitor perfect: Produsul nostru poate \u00eenlocui perfect ace\u0219ti cilindri hidraulici.<\/li>\n<\/ul>\n<p><img decoding=\"async\" src=\"https:\/\/www.hydraulic-cylinders.net\/wp-content\/uploads\/2025\/01\/songte-cylinder-head-with-all-kinds-excavator-models.webp\" \/><\/p>\n<h2>Aplica\u021bii<\/h2>\n<p>Cilindrii cu cup\u0103 sunt utiliza\u021bi \u00een mod obi\u0219nuit \u00een urm\u0103toarele echipamente:<\/p>\n<ol>\n<li>Echipamente de construc\u021bii: Se g\u0103sesc \u00een excavatoare, acestea sunt esen\u021biale pentru excavare, \u00eenc\u0103rcare \u0219i mutarea solului sau a resturilor. La excavatoarele cu buldoexcavatoare, cilindrul cupei ajut\u0103 at\u00e2t la s\u0103pare, c\u00e2t \u0219i la ridicare.<\/li>\n<li>Ma\u0219ini agricole: utilizate \u00een \u00eenc\u0103rc\u0103toare frontale pentru scobere, ridicare \u0219i transportul solului, f\u00e2nului \u0219i altor materiale.<\/li>\n<li>Excavatoare: Cilindrul cupei faciliteaz\u0103 ac\u021biunile de s\u0103pare permi\u021b\u00e2nd cupei s\u0103 p\u0103trund\u0103 \u00een sol.<\/li>\n<li>\u00cenc\u0103rc\u0103toare: \u00cen cazul \u00eenc\u0103rc\u0103toarelor frontale, acestea ajut\u0103 la ridicarea \u0219i \u00eenclinarea eficient\u0103 a \u00eenc\u0103rc\u0103turii.<\/li>\n<\/ol>\n<h2>Considera\u021bii de proiectare \u0219i criterii de selec\u021bie<\/h2>\n<p>La proiectarea cilindrilor pentru cupe, se iau \u00een considerare mai mul\u021bi factori:<\/p>\n<ol>\n<li>Capacitate portant\u0103: Cilindrul trebuie s\u0103 aib\u0103 o rezisten\u021b\u0103 suficient\u0103 pentru a suporta sarcinile la care va fi supus \u00een timpul func\u021bion\u0103rii.<\/li>\n<li>Etan\u0219are: Diverse garnituri, cum ar fi garniturile pistonului \u0219i garniturile tijei, fabricate din materiale rezistente la uzur\u0103, cum ar fi poliuretanul \u0219i cauciucul nitrilic, sunt utilizate pentru a asigura o etan\u0219are corect\u0103 \u0219i a preveni scurgerile.<\/li>\n<li>Durabilitate: Corpul cilindrului \u0219i suprafe\u021bele filetate ale cap\u0103tului sunt supuse unui tratament meticulos pentru a \u00eembun\u0103t\u0103\u021bi rezisten\u021ba la uzur\u0103.<\/li>\n<li>Siguran\u021b\u0103: Sunt \u00eencorporate caracteristici de siguran\u021b\u0103 pentru a preveni accidentele \u0219i a asigura protec\u021bia operatorului.<\/li>\n<li>\u00centre\u021binere: Se iau \u00een considerare \u00eentre\u021binerea u\u0219oar\u0103, inclusiv accesul la componente pentru inspec\u021bie, reparare \u0219i \u00eenlocuire.<\/li>\n<\/ol>\n<p><img decoding=\"async\" src=\"https:\/\/www.hydraulic-cylinders.net\/wp-content\/uploads\/2025\/01\/songte-oil-pipes-and-spare-parts.webp\" \/><\/p>\n<h2>Etan\u0219are \u0219i lubrifiere<\/h2>\n<p>Cilindrul cupei utilizeaz\u0103 diverse garnituri, cum ar fi garnituri de piston \u0219i garnituri de tij\u0103, fabricate din materiale rezistente la uzur\u0103, cum ar fi poliuretanul \u0219i cauciucul nitrilic. Corpul cilindrului \u0219i suprafe\u021bele filetate ale cap\u0103tului sunt supuse unui tratament precis pentru a spori rezisten\u021ba la uzur\u0103. Este necesar\u0103 o lubrifiere regulat\u0103, iar cantitatea corespunz\u0103toare de ulei hidraulic trebuie ad\u0103ugat\u0103 periodic pentru a asigura o func\u021bionare f\u0103r\u0103 probleme.<\/p>\n<h2>Inspec\u021bie regulat\u0103 \u0219i \u00eentre\u021binere preventiv\u0103<\/h2>\n<p>Pentru a asigura performan\u021be optime \u0219i longevitate, se recomand\u0103 inspec\u021bii regulate \u0219i \u00eentre\u021binere preventiv\u0103:<\/p>\n<ol>\n<li>Verifica\u021bi cilindrul pentru a depista orice semne de uzur\u0103, deteriorare sau scurgeri.<\/li>\n<li>Unge\u021bi corespunz\u0103tor cilindrul \u0219i asigura\u021bi-v\u0103 c\u0103 toate piesele mobile sunt bine unse.<\/li>\n<li>\u00cenlocui\u021bi periodic garniturile pentru a men\u021bine integritatea etan\u0219\u0103rii.<\/li>\n<li>Efectua\u021bi verific\u0103ri de calibrare pentru a asigura o func\u021bionare corect\u0103.<\/li>\n<\/ol>\n<p><img decoding=\"async\" src=\"https:\/\/www.hydraulic-cylinders.net\/wp-content\/uploads\/2025\/01\/songte-chushion-collar.webp\" \/><\/p>\n<h2>Considera\u021bii de siguran\u021b\u0103 \u0219i factori de mediu<\/h2>\n<p>Atunci c\u00e2nd se utilizeaz\u0103 cilindri pentru cupe, m\u0103surile de siguran\u021b\u0103 sunt de maxim\u0103 importan\u021b\u0103. Operatorii trebuie s\u0103 respecte procedurile \u0219i instruc\u021biunile de siguran\u021b\u0103 adecvate pentru a preveni accidentele \u0219i a asigura un mediu de lucru sigur. De asemenea, trebuie lua\u021bi \u00een considerare factorii de mediu, cum ar fi temperatura \u0219i expunerea la substan\u021be corozive.<\/p>\n<h2>Depanare \u0219i probleme frecvente<\/h2>\n<p>C\u00e2teva probleme comune care pot ap\u0103rea la cilindrii cupei includ:<\/p>\n<ol>\n<li>Scurgeri: Verifica\u021bi dac\u0103 exist\u0103 garnituri deteriorate sau conexiuni sl\u0103bite \u0219i \u00eenlocui\u021bi sau str\u00e2nge\u021bi \u00een consecin\u021b\u0103.<\/li>\n<li>Func\u021bionare lent\u0103: Verifica\u021bi dac\u0103 exist\u0103 o presiune hidraulic\u0103 insuficient\u0103 sau un debit restric\u021bionat \u0219i remedia\u021bi cauza principal\u0103.<\/li>\n<li>Zgomot anormal: Identifica\u021bi orice componente sl\u0103bite sau uzate \u0219i lua\u021bi m\u0103surile corespunz\u0103toare pentru a rezolva problema.<\/li>\n<\/ol>\n<p>Pentru depanare, sfaturi \u0219i solu\u021bii, este esen\u021bial s\u0103 diagnostica\u021bi \u0219i s\u0103 aborda\u021bi problemele \u00een mod eficient, precum \u0219i s\u0103 lua\u021bi m\u0103suri preventive pentru a minimiza poten\u021bialele probleme.<\/p>\n<p><img decoding=\"async\" src=\"https:\/\/www.hydraulic-cylinders.net\/wp-content\/uploads\/2025\/01\/songte-bushings-with-all-kinds-of-excavator-models.webp\" \/><\/p>\n<p>Nu uita s\u0103 organizezi articolul logic, s\u0103 folose\u0219ti subtitluri pentru o navigare u\u0219oar\u0103, s\u0103 incluzi imagini sau grafice relevante pentru a \u00eembun\u0103t\u0103\u021bi \u00een\u021belegerea \u0219i s\u0103 asiguri un con\u021binut clar \u0219i concis, potrivit pentru cititorii cu diferite niveluri de cuno\u0219tin\u021be tehnice.<\/p>\n<h2>Despre compania noastr\u0103<\/h2>\n<p>Suntem produc\u0103tori de cilindri hidraulici de schimb, oferind o gam\u0103 larg\u0103 de produse. Am devenit unul dintre principalii produc\u0103tori \u0219i distribuitori angro de cilindri hidraulici pe pie\u021bele interne \u0219i interna\u021bionale. Compania noastr\u0103 ader\u0103 la principiile calit\u0103\u021bii excelente \u0219i se bazeaz\u0103 pe strategii de management al produc\u021biei industriale \u00een ateliere fin elaborate. \u00cembun\u0103t\u0103\u021bim continuu platforma noastr\u0103 de produc\u021bie, perfec\u021bion\u0103m rutele de produc\u021bie pentru calitatea produselor \u0219i avem capacit\u0103\u021bi puternice de inovare. Cu principii de eficien\u021b\u0103 ridicat\u0103, precizie ridicat\u0103 \u0219i calitate \u00eenalt\u0103, satisfacem nevoile diverse ale clien\u021bilor.<\/p>\n<p><img decoding=\"async\" src=\"https:\/\/www.hydraulic-cylinders.net\/wp-content\/uploads\/2025\/01\/songte-company-3.webp\" \/><\/p>\n<h3>Profesionalism:<\/h3>\n<p>De\u021binem expertiz\u0103 tehnic\u0103, utiliz\u0103m echipamente de produc\u021bie avansate \u0219i folosim sisteme profesionale de testare pentru a asigura cele mai \u00eenalte standarde de calitate.<\/p>\n<h3>Certific\u0103ri interna\u021bionale:<\/h3>\n<p>Am ob\u021binut diverse certific\u0103ri interna\u021bionale, care atest\u0103 calitatea \u0219i fiabilitatea produselor noastre.<\/p>\n<h3>Servicii de personalizare:<\/h3>\n<p>Oferim servicii de personalizare pentru a satisface cerin\u021bele specifice ale clien\u021bilor \u0219i solu\u021bii personalizate pentru aplica\u021bii unice.<\/p>\n<h3>Echipamente de produc\u021bie:<\/h3>\n<p>Dispunem de o gam\u0103 de echipamente de produc\u021bie care ne permite s\u0103 fabric\u0103m cilindri hidraulici eficient \u0219i precis.<\/p>\n<h3>Serviciu post-v\u00e2nzare:<\/h3>\n<p>Oferim servicii complete post-v\u00e2nzare, inclusiv \u00eenlocuirea pieselor \u0219i servicii de recondi\u021bionare, pentru a \u00eembun\u0103t\u0103\u021bi longevitatea produselor noastre.<\/p>\n<p>Autor: lyl<\/p>","protected":false},"excerpt":{"rendered":"<p>Bucket Cylinder For Bobcat Small Excavator E32 Introduction The bucket cylinder for Bobcat small excavator E32 is a specially designed hydraulic cylinder used to control the movement of the bucket in heavy machinery such as excavators, backhoe excavators, and front-end loaders. Its main function is to enable the bucket to lift, lower, and tilt, facilitating [&hellip;]<\/p>","protected":false},"featured_media":14784,"comment_status":"open","ping_status":"closed","template":"","meta":{"_et_pb_use_builder":"","_et_pb_old_content":"","_et_gb_content_width":""},"product_brand":[],"product_cat":[1494],"product_tag":[1495,1496],"class_list":{"0":"post-15691","1":"product","2":"type-product","3":"status-publish","4":"has-post-thumbnail","6":"product_cat-bucket-cylinders","7":"product_tag-bucket-cylinders","8":"product_tag-hydraulic-cylinders","10":"first","11":"instock","12":"shipping-taxable","13":"product-type-simple"},"amp_enabled":true,"_links":{"self":[{"href":"https:\/\/www.hydraulic-cylinders.net\/ro\/wp-json\/wp\/v2\/product\/15691","targetHints":{"allow":["GET"]}}],"collection":[{"href":"https:\/\/www.hydraulic-cylinders.net\/ro\/wp-json\/wp\/v2\/product"}],"about":[{"href":"https:\/\/www.hydraulic-cylinders.net\/ro\/wp-json\/wp\/v2\/types\/product"}],"replies":[{"embeddable":true,"href":"https:\/\/www.hydraulic-cylinders.net\/ro\/wp-json\/wp\/v2\/comments?post=15691"}],"wp:featuredmedia":[{"embeddable":true,"href":"https:\/\/www.hydraulic-cylinders.net\/ro\/wp-json\/wp\/v2\/media\/14784"}],"wp:attachment":[{"href":"https:\/\/www.hydraulic-cylinders.net\/ro\/wp-json\/wp\/v2\/media?parent=15691"}],"wp:term":[{"taxonomy":"product_brand","embeddable":true,"href":"https:\/\/www.hydraulic-cylinders.net\/ro\/wp-json\/wp\/v2\/product_brand?post=15691"},{"taxonomy":"product_cat","embeddable":true,"href":"https:\/\/www.hydraulic-cylinders.net\/ro\/wp-json\/wp\/v2\/product_cat?post=15691"},{"taxonomy":"product_tag","embeddable":true,"href":"https:\/\/www.hydraulic-cylinders.net\/ro\/wp-json\/wp\/v2\/product_tag?post=15691"}],"curies":[{"name":"wp","href":"https:\/\/api.w.org\/{rel}","templated":true}]}}