{"id":15695,"date":"2025-01-19T14:51:21","date_gmt":"2025-01-19T14:51:21","guid":{"rendered":"https:\/\/www.hydraulic-cylinders.net\/product\/bucket-cylinder-for-bobcat-small-excavator-e85\/"},"modified":"2025-01-19T14:51:23","modified_gmt":"2025-01-19T14:51:23","slug":"bucket-cylinder-for-bobcat-small-excavator-e85","status":"publish","type":"product","link":"https:\/\/www.hydraulic-cylinders.net\/ro\/produs\/bucket-cylinder-for-bobcat-small-excavator-e85\/","title":{"rendered":"Cilindru cup\u0103 pentru excavatorul mic Bobcat E85"},"content":{"rendered":"<h1>Cilindru cup\u0103 pentru excavatorul mic Bobcat E85<\/h1>\n<h2>Introducere<\/h2>\n<p>Cilindrul cupei pentru excavatorul mic Bobcat E85 este un cilindru hidraulic special conceput, utilizat pentru a controla mi\u0219carea cupei \u00een utilaje grele, cum ar fi excavatoarele, excavatoarele cu buldoexcavatoare \u0219i \u00eenc\u0103rc\u0103toare frontale. Func\u021bia sa principal\u0103 este de a permite ridicarea, cobor\u00e2rea \u0219i \u00eenclinarea cupei, facilit\u00e2nd diverse sarcini de manipulare a materialelor. \u00cen sistemul hidraulic, cilindrul cupei realizeaz\u0103 un control precis al mi\u0219c\u0103rii cupei prin schimbarea presiunii uleiului hidraulic, permi\u021b\u00e2nd operatorilor s\u0103 manipuleze eficient sarcini grele \u0219i s\u0103 se adapteze la medii de lucru complexe \u0219i nevoi opera\u021bionale diverse.<\/p>\n<p><img decoding=\"async\" src=\"https:\/\/www.hydraulic-cylinders.net\/wp-content\/uploads\/2025\/01\/songte-company-2.webp\" alt=\"Imaginea cilindrului cupei\"><\/p>\n<h2>Caracteristici<\/h2>\n<ul>\n<li>Rezisten\u021b\u0103 \u0219i durabilitate ridicate: Fabricate de obicei din o\u021bel sau aluminiu de \u00eenalt\u0103 rezisten\u021b\u0103, pot rezista la presiuni ridicate \u0219i sarcini grele, se adapteaz\u0103 la medii de lucru dure \u0219i sunt proiectate av\u00e2nd \u00een vedere rezisten\u021ba la uzur\u0103 \u0219i la coroziune, prelungind durata de via\u021b\u0103.<\/li>\n<li>Func\u021bionare hidraulic\u0103 eficient\u0103: Ac\u021biunile line de extensie \u0219i contrac\u021bie sunt ob\u021binute folosind presiunea uleiului hidraulic, oferind o for\u021b\u0103 puternic\u0103 de \u00eempingere \u0219i tragere, potrivit\u0103 pentru manipularea sarcinilor grele \u0219i a sarcinilor complexe.<\/li>\n<li>Diverse tipuri: Cilindrii cu ac\u021biune simpl\u0103 (hidraulici utiliza\u021bi \u00eentr-o singur\u0103 direc\u021bie) sau cu ac\u021biune dubl\u0103 (hidraulici utiliza\u021bi \u00een ambele direc\u021bii) pot fi selecta\u021bi \u00een func\u021bie de nevoile opera\u021bionale. Unele modele sunt telescopice, permi\u021b\u00e2nd o extensie mai mare f\u0103r\u0103 a cre\u0219te dimensiunea extern\u0103, potrivite pentru aplica\u021bii cu spa\u021biu limitat.<\/li>\n<li>Poate fi folosit ca \u00eenlocuitor perfect pentru al\u021bi cilindri hidraulici<\/li>\n<\/ul>\n<p><img decoding=\"async\" src=\"https:\/\/www.hydraulic-cylinders.net\/wp-content\/uploads\/2025\/01\/songte-cylinder-head-with-all-kinds-excavator-models.webp\" alt=\"Imagine de \u00eenlocuire a cilindrului hidraulic\"><\/p>\n<h2>Aplica\u021bii<\/h2>\n<p>Cilindrul cupei pentru excavatorul mic Bobcat E85 este utilizat pe scar\u0103 larg\u0103 \u00een diverse domenii industriale, inclusiv:<\/p>\n<ul>\n<li>Echipamente de construc\u021bii: \u00cen excavatoare, acestea sunt esen\u021biale pentru s\u0103pare, \u00eenc\u0103rcare \u0219i mutarea solului sau a resturilor. \u00cen excavatoarele cu buldoexcavatoare, cilindrul cupei ajut\u0103 at\u00e2t la s\u0103pare, c\u00e2t \u0219i la ridicare. <\/li>\n<li>Ma\u0219ini agricole: utilizate pentru \u00eenc\u0103rc\u0103toare frontale, pentru s\u0103pat, ridicare \u0219i transportul solului, f\u00e2nului \u0219i altor materiale. <\/li>\n<li>Excavatoare: Cilindrul cupei realizeaz\u0103 ac\u021biunea de s\u0103pare permi\u021b\u00e2nd cupei s\u0103 p\u0103trund\u0103 \u00een sol. <\/li>\n<li>\u00cenc\u0103rc\u0103toare: Acestea ajut\u0103 la ridicarea \u0219i desc\u0103rcarea eficient\u0103 a m\u0103rfurilor \u00een \u00eenc\u0103rc\u0103toarele frontale. <\/li>\n<\/ul>\n<h2>Considera\u021bii de proiectare \u0219i criterii de selec\u021bie<\/h2>\n<p>Cilindrul cupei pentru excavatorul mic Bobcat E85 este proiectat av\u00e2nd \u00een vedere considera\u021bii cheie, cum ar fi capacitatea portant\u0103, etan\u0219area, durabilitatea, siguran\u021ba \u0219i mentenan\u021ba. <\/p>\n<ul>\n<li>Capacitate portant\u0103: Cilindrul trebuie s\u0103 poat\u0103 rezista la presiuni ridicate \u0219i sarcini grele, fiind imperativ ca acesta s\u0103 fie fabricat din materiale de \u00eenalt\u0103 rezisten\u021b\u0103.<\/li>\n<li>Etan\u0219are: Diverse piese de etan\u0219are, cum ar fi inelele de etan\u0219are ale pistonului \u0219i inelele de etan\u0219are ale tijei, trebuie s\u0103 fie fabricate din materiale rezistente la uzur\u0103, cum ar fi poliuretanul \u0219i cauciucul nitrilic, pentru a asigura longevitatea.<\/li>\n<li>Durabilitate: Corpul cilindrului \u0219i suprafe\u021bele filetate ale cap\u0103tului trebuie s\u0103 fie supuse unor prelucr\u0103ri fine pentru a \u00eembun\u0103t\u0103\u021bi rezisten\u021ba la uzur\u0103 \u0219i a atenua coroziunea. <\/li>\n<li>Siguran\u021b\u0103: Trebuie respectate instruc\u021biunile de instalare \u0219i utilizare \u00een siguran\u021b\u0103 pentru a reduce riscurile \u0219i a preveni accidentele. <\/li>\n<li>\u00centre\u021binere: Inspec\u021bia, lubrifierea \u0219i \u00eenlocuirea regulat\u0103 a pieselor uzate sunt cruciale pentru men\u021binerea performan\u021bei optime a cilindrului \u0219i prelungirea duratei sale de via\u021b\u0103. <\/li>\n<\/ul>\n<p><img decoding=\"async\" src=\"https:\/\/www.hydraulic-cylinders.net\/wp-content\/uploads\/2025\/01\/songte-oil-pipes-and-spare-parts.webp\" alt=\"Piese de schimb pentru cilindri hidraulici\"><\/p>\n<h2>Etan\u0219are \u0219i lubrifiere<\/h2>\n<p>Cilindrul cupei pentru excavatorul mic Bobcat E85 este echipat cu diverse piese de etan\u0219are, cum ar fi inele de etan\u0219are a pistonului \u0219i inele de etan\u0219are a tijei, fabricate din materiale rezistente la uzur\u0103, precum poliuretanul \u0219i cauciucul nitrilic. Corpul cilindrului \u0219i suprafe\u021bele filetate ale cap\u0103tului sunt supuse unor prelucr\u0103ri fine pentru a \u00eembun\u0103t\u0103\u021bi rezisten\u021ba la uzur\u0103 \u0219i a atenua coroziunea. Lubrifierea regulat\u0103 cu ulei hidraulic adecvat este necesar\u0103 pentru a asigura performan\u021be optime \u0219i a prelungi durata de via\u021b\u0103. <\/p>\n<h2>\u00centre\u021binere \u0219i repara\u021bii<\/h2>\n<p>Inspec\u021bia, lubrifierea \u0219i \u00eenlocuirea regulat\u0103 a pieselor uzate sunt cruciale pentru men\u021binerea performan\u021bei optime a cilindrului \u0219i prelungirea duratei sale de via\u021b\u0103. Sarcinile comune de \u00eentre\u021binere includ instalarea corect\u0103, lubrifierea regulat\u0103, \u00eenlocuirea garniturilor \u0219i verific\u0103rile de calibrare. Instalarea, lubrifierea \u0219i reglarea corect\u0103 sunt esen\u021biale pentru reducerea poten\u021bialelor probleme. Se recomand\u0103 utilizarea unor console de instalare adecvate pentru fixarea cilindrului.<\/p>\n<p><img decoding=\"async\" src=\"https:\/\/www.hydraulic-cylinders.net\/wp-content\/uploads\/2025\/01\/songte-chushion-collar.webp\" alt=\"Guler de pern\u0103 pentru cilindru hidraulic\"><\/p>\n<h2>Considera\u021bii de siguran\u021b\u0103 \u0219i factori de mediu<\/h2>\n<p>La utilizarea cilindrului cupei trebuie respectate m\u0103suri de siguran\u021b\u0103 adecvate, inclusiv respectarea instruc\u021biunilor de instalare \u0219i operare \u00een siguran\u021b\u0103 pentru a reduce riscurile \u0219i a preveni accidentele. Factorii de mediu, cum ar fi temperatura, umiditatea \u0219i praful, trebuie lua\u021bi \u00een considerare pentru a asigura o performan\u021b\u0103 optim\u0103. <\/p>\n<h2>Depanare \u0219i probleme cunoscute<\/h2>\n<p>Problemele frecvente care pot ap\u0103rea includ scurgeri, garnituri uzate sau deteriorate, distorsiuni ale cilindrilor \u0219i \u0219uruburi rupte. Sunt disponibile sfaturi \u0219i solu\u021bii de depanare pentru a ajuta la diagnosticarea \u0219i rezolvarea eficient\u0103 a problemelor. M\u0103surile preventive, cum ar fi inspec\u021bia \u0219i \u00eentre\u021binerea regulat\u0103, pot ajuta la reducerea poten\u021bialelor probleme. <\/p>\n<p><img decoding=\"async\" src=\"https:\/\/www.hydraulic-cylinders.net\/wp-content\/uploads\/2025\/01\/songte-bushings-with-all-kinds-of-excavator-models.webp\" alt=\"Buc\u0219e cilindru hidraulic\"><\/p>\n<h2>Despre compania noastr\u0103<\/h2>\n<p>Suntem un produc\u0103tor \u0219i distribuitor angro de top de cilindri hidraulici, oferind o gam\u0103 complet\u0103 de produse pentru pie\u021bele interne \u0219i interna\u021bionale. Respect\u0103m cele mai \u00eenalte standarde de calitate \u0219i ne baz\u0103m pe strategii industrializate de management al produc\u021biei, sus\u021binute de talent tehnologic, echipamente digitale de fabrica\u021bie de ultim\u0103 genera\u021bie \u0219i sisteme profesionale de testare. \u00cembun\u0103t\u0103\u021bim continuu platformele noastre de fabrica\u021bie pentru a ob\u021bine o eficien\u021b\u0103, precizie \u0219i calitate ridicate, satisf\u0103c\u00e2nd nevoile diverse ale clien\u021bilor. <\/p>\n<ul>\n<li>Profesionalism: Avem o echip\u0103 de profesioni\u0219ti experimenta\u021bi \u0219i dedica\u021bi, dedica\u021bi furniz\u0103rii de cilindri hidraulici de \u00eenalt\u0103 calitate. <\/li>\n<li>Certific\u0103ri interna\u021bionale: Produsele noastre au trecut certific\u0103rile ISO, CE \u0219i alte certific\u0103ri interna\u021bionale, asigur\u00e2ndu-le calitatea \u0219i fiabilitatea. <\/li>\n<li>Personalizare: Oferim servicii personalizate pentru a satisface nevoile specifice ale clien\u021bilor, inclusiv design personalizat, selec\u021bia materialelor \u0219i testarea produselor. <\/li>\n<li>Echipamente de produc\u021bie: Folosim echipamente de fabrica\u021bie avansate pentru a produce eficient cilindri hidraulici de \u00eenalt\u0103 calitate. <\/li>\n<li>Service post-v\u00e2nzare: Oferim servicii post-v\u00e2nzare complete, inclusiv \u00eenlocuirea pieselor \u0219i servicii de reconstruc\u021bie, pentru a prelungi durata de via\u021b\u0103 \u0219i a \u00eembun\u0103t\u0103\u021bi performan\u021ba produselor noastre. <\/li>\n<\/ul>\n<p><img decoding=\"async\" src=\"https:\/\/hzpt.com\/wp-content\/uploads\/2024\/11\/songte-company-1.webp\" alt=\"Imagine din fabric\u0103 de cilindri hidraulici\"><\/p>\n<p>Autor: lyl<\/p>","protected":false},"excerpt":{"rendered":"<p>Bucket Cylinder For Bobcat Small Excavator E85 Introduction The bucket cylinder for Bobcat small excavator E85 is a specially designed hydraulic cylinder used to control bucket movement in heavy machinery, such as excavators, backhoe excavators, and front-end loaders. Its main function is to enable the bucket to lift, lower, and tilt, making it easier for [&hellip;]<\/p>","protected":false},"featured_media":14776,"comment_status":"open","ping_status":"closed","template":"","meta":{"_et_pb_use_builder":"","_et_pb_old_content":"","_et_gb_content_width":""},"product_brand":[],"product_cat":[1494],"product_tag":[1495,1496],"class_list":{"0":"post-15695","1":"product","2":"type-product","3":"status-publish","4":"has-post-thumbnail","6":"product_cat-bucket-cylinders","7":"product_tag-bucket-cylinders","8":"product_tag-hydraulic-cylinders","10":"first","11":"instock","12":"shipping-taxable","13":"product-type-simple"},"amp_enabled":true,"_links":{"self":[{"href":"https:\/\/www.hydraulic-cylinders.net\/ro\/wp-json\/wp\/v2\/product\/15695","targetHints":{"allow":["GET"]}}],"collection":[{"href":"https:\/\/www.hydraulic-cylinders.net\/ro\/wp-json\/wp\/v2\/product"}],"about":[{"href":"https:\/\/www.hydraulic-cylinders.net\/ro\/wp-json\/wp\/v2\/types\/product"}],"replies":[{"embeddable":true,"href":"https:\/\/www.hydraulic-cylinders.net\/ro\/wp-json\/wp\/v2\/comments?post=15695"}],"wp:featuredmedia":[{"embeddable":true,"href":"https:\/\/www.hydraulic-cylinders.net\/ro\/wp-json\/wp\/v2\/media\/14776"}],"wp:attachment":[{"href":"https:\/\/www.hydraulic-cylinders.net\/ro\/wp-json\/wp\/v2\/media?parent=15695"}],"wp:term":[{"taxonomy":"product_brand","embeddable":true,"href":"https:\/\/www.hydraulic-cylinders.net\/ro\/wp-json\/wp\/v2\/product_brand?post=15695"},{"taxonomy":"product_cat","embeddable":true,"href":"https:\/\/www.hydraulic-cylinders.net\/ro\/wp-json\/wp\/v2\/product_cat?post=15695"},{"taxonomy":"product_tag","embeddable":true,"href":"https:\/\/www.hydraulic-cylinders.net\/ro\/wp-json\/wp\/v2\/product_tag?post=15695"}],"curies":[{"name":"wp","href":"https:\/\/api.w.org\/{rel}","templated":true}]}}