{"id":15710,"date":"2025-01-19T14:52:38","date_gmt":"2025-01-19T14:52:38","guid":{"rendered":"https:\/\/www.hydraulic-cylinders.net\/product\/bucket-cylinder-for-takeuchi-small-excavator-tb153fr\/"},"modified":"2025-01-19T14:52:40","modified_gmt":"2025-01-19T14:52:40","slug":"bucket-cylinder-for-takeuchi-small-excavator-tb153fr","status":"publish","type":"product","link":"https:\/\/www.hydraulic-cylinders.net\/ro\/produs\/bucket-cylinder-for-takeuchi-small-excavator-tb153fr\/","title":{"rendered":"Cilindru cu cup\u0103 pentru excavatorul mic Takeuchi TB153FR"},"content":{"rendered":"<h2>Cilindru cu cup\u0103 pentru excavatorul mic Takeuchi TB153FR<\/h2>\n<h3>Introducere<\/h3>\n<p>Un cilindru al cupei este un cilindru hidraulic special conceput, utilizat \u00een principal pentru a controla mi\u0219carea cupei \u00een utilaje grele, cum ar fi excavatoarele, excavatoarele \u0219i \u00eenc\u0103rc\u0103toarele frontale. Func\u021bia sa principal\u0103 este de a permite ridicarea, cobor\u00e2rea \u0219i \u00eenclinarea cupei, facilit\u00e2nd astfel gestionarea diverselor sarcini de manipulare a materialelor. \u00cen sistemul hidraulic, cilindrul cupei controleaz\u0103 cu precizie mi\u0219c\u0103rile cupei prin schimb\u0103rile de presiune din uleiul hidraulic, permi\u021b\u00e2nd operatorilor s\u0103 manipuleze eficient sarcini grele \u0219i s\u0103 se adapteze la medii de lucru complexe \u0219i cerin\u021be diverse ale lucr\u0103rilor.<\/p>\n<p><img decoding=\"async\" src=\"https:\/\/www.hydraulic-cylinders.net\/wp-content\/uploads\/2025\/01\/songte-company-2.webp\"><\/p>\n<h3>Caracteristici ale produsului<\/h3>\n<ul>\n<li>Rezisten\u021b\u0103 \u0219i durabilitate ridicate: De obicei, fabricate din o\u021bel sau aluminiu de \u00eenalt\u0103 rezisten\u021b\u0103, pot rezista la presiuni ridicate \u0219i sarcini grele, se adapteaz\u0103 la medii de lucru dure \u0219i sunt proiectate cu rezisten\u021b\u0103 la uzur\u0103 \u0219i coroziune pentru a-i prelungi durata de via\u021b\u0103.<\/li>\n<li>Func\u021bionare hidraulic\u0103 eficient\u0103: Mi\u0219c\u0103rile telescopice line sunt ob\u021binute cu ajutorul presiunii uleiului hidraulic, permi\u021b\u00e2nd un r\u0103spuns rapid la comenzile de control, oferind o for\u021b\u0103 puternic\u0103 de \u00eempingere \u0219i tragere \u0219i fiind potrivite pentru manipularea sarcinilor grele \u0219i a sarcinilor complexe.<\/li>\n<li>Diverse tipuri: Cilindrii cu ac\u021biune simpl\u0103 (hidraulica este utilizat\u0103 \u00eentr-o singur\u0103 direc\u021bie) sau cu ac\u021biune dubl\u0103 (hidraulica este utilizat\u0103 \u00een ambele direc\u021bii) pot fi selecta\u021bi \u00een func\u021bie de cerin\u021be pentru a satisface diferite nevoi de func\u021bionare. Unele modele sunt telescopice, permi\u021b\u00e2nd o extensie mai mare f\u0103r\u0103 a cre\u0219te dimensiunile exterioare, potrivite pentru aplica\u021bii cu spa\u021biu limitat.<\/li>\n<li>Produs \u00eenlocuibil: Produsele noastre pot \u00eenlocui perfect ace\u0219ti cilindri hidraulici.<\/li>\n<\/ul>\n<p><img decoding=\"async\" src=\"https:\/\/www.hydraulic-cylinders.net\/wp-content\/uploads\/2025\/01\/songte-cylinder-head-with-all-kinds-excavator-models.webp\"><\/p>\n<h3>Aplicarea cilindrului cupei<\/h3>\n<p>Cilindrii cu cup\u0103 sunt utiliza\u021bi pe scar\u0103 larg\u0103 \u00een diverse utilaje grele, inclusiv:<\/p>\n<ul>\n<li>Echipamente de construc\u021bii: \u00cen excavatoare, acestea sunt esen\u021biale pentru s\u0103pare, \u00eenc\u0103rcare \u0219i mutarea solului sau a resturilor. \u00cen cazul excavatoarelor, cilindrii cupei ajut\u0103 at\u00e2t la s\u0103pare, c\u00e2t \u0219i la ridicare. <\/li>\n<li>Ma\u0219ini agricole: utilizate la \u00eenc\u0103rc\u0103toarele frontale pentru a scoate, ridica \u0219i transporta p\u0103m\u00e2nt, f\u00e2n \u0219i alte materiale. <\/li>\n<li>Excavatoare: Cilindrii cupei permit ac\u021biuni de s\u0103pare permi\u021b\u00e2nd cupei s\u0103 p\u0103trund\u0103 \u00een sol.<\/li>\n<li>\u00cenc\u0103rc\u0103toare: \u00cen \u00eenc\u0103rc\u0103toarele frontale, acestea ajut\u0103 la ridicarea \u0219i \u00eenclinarea eficient\u0103 a m\u0103rfurilor. <\/li>\n<\/ul>\n<p>S\u0103 arunc\u0103m o privire mai atent\u0103 asupra fiec\u0103rei aplica\u021bii:<\/p>\n<h4>Echipamente de construc\u021bii<\/h4>\n<p>\u00cen excavatoare, cilindrii cupei sunt printre cele mai importante componente. Ace\u0219tia joac\u0103 un rol esen\u021bial \u00een s\u0103parea, \u00eenc\u0103rcarea \u0219i mutarea solului sau a resturilor. <\/p>\n<h4>Ma\u0219ini agricole<\/h4>\n<p>Cilindrii cu cup\u0103 sunt utiliza\u021bi \u00een mod obi\u0219nuit \u00een utilajele agricole pentru a ajuta la diverse sarcini de manipulare a materialelor. Ace\u0219tia sunt utiliza\u021bi la \u00eenc\u0103rc\u0103toarele frontale pentru a scoate, ridica \u0219i transporta p\u0103m\u00e2nt, f\u00e2n \u0219i alte materiale. <\/p>\n<h4>Excavatoare<\/h4>\n<p>Cilindrii cupei permit ac\u021biunile de excavare permi\u021b\u00e2nd cupei s\u0103 p\u0103trund\u0103 \u00een sol. Ace\u0219tia sunt o parte esen\u021bial\u0103 a oric\u0103rui excavator. <\/p>\n<h4>\u00cenc\u0103rc\u0103toare<\/h4>\n<p>Cilindrii cupei joac\u0103 un rol esen\u021bial \u00een \u00eenc\u0103rc\u0103toarele frontale. Ace\u0219tia ajut\u0103 la ridicarea \u0219i \u00eenclinarea eficient\u0103 a m\u0103rfurilor.<\/p>\n<h3>Considera\u021bii de proiectare \u0219i criterii de selec\u021bie<\/h3>\n<p>La proiectarea cilindrilor pentru cupe, trebuie lua\u021bi \u00een considerare mai mul\u021bi factori critici:<\/p>\n<ul>\n<li>Capacitate portant\u0103: Cilindrii cupei trebuie s\u0103 poat\u0103 suporta sarcini \u0219i presiuni mari. <\/li>\n<li>Etan\u0219are: Cilindrii cupei necesit\u0103 o etan\u0219are excelent\u0103 pentru a preveni scurgerile \u0219i a asigura o func\u021bionare fiabil\u0103.<\/li>\n<li>Durabilitate: Cilindrii cupei sunt a\u0219tepta\u021bi s\u0103 func\u021bioneze \u00een medii dure \u0219i ar trebui s\u0103 fie durabili \u0219i robu\u0219ti. <\/li>\n<li>Siguran\u021b\u0103: Cilindrii cupei trebuie proiecta\u021bi av\u00e2nd \u00een vedere siguran\u021ba, asigur\u00e2ndu-se c\u0103 nu prezint\u0103 riscuri pentru operatori sau pentru mediul \u00eenconjur\u0103tor.<\/li>\n<li>\u00centre\u021binere: Cilindrii cupei ar trebui s\u0103 fie u\u0219or de \u00eentre\u021binut \u0219i reparat, reduc\u00e2nd timpii de nefunc\u021bionare \u0219i costurile de \u00eentre\u021binere.<\/li>\n<\/ul>\n<p><img decoding=\"async\" src=\"https:\/\/www.hydraulic-cylinders.net\/wp-content\/uploads\/2025\/01\/songte-oil-pipes-and-spare-parts.webp\"><\/p>\n<h3>Etan\u0219are \u0219i lubrifiere<\/h3>\n<p>Cilindrii cupei utilizeaz\u0103 diverse componente de etan\u0219are, cum ar fi etan\u0219\u0103rile pistonului \u0219i etan\u0219\u0103rile tijei, selectate \u00een func\u021bie de capacitatea lor de a rezista la uzur\u0103 \u0219i c\u0103ldur\u0103. Componentele de etan\u0219are sunt de obicei fabricate din materiale precum poliuretanul \u0219i cauciucul nitrilic. Corpul cilindrului \u0219i suprafe\u021bele filetate ale cap\u0103tului sunt prelucrate fin pentru a \u00eembun\u0103t\u0103\u021bi rezisten\u021ba la uzur\u0103. Lubrifierea regulat\u0103 cu ulei hidraulic este esen\u021bial\u0103 pentru a men\u021bine func\u021bionarea corect\u0103 a cilindrului cupei \u0219i a prelungi durata sa de via\u021b\u0103.<\/p>\n<h3>\u00centre\u021binere \u0219i repara\u021bii<\/h3>\n<p>Pentru a \u00eentre\u021bine cilindrii cupei, se recomand\u0103 efectuarea urm\u0103toarelor sarcini \u00een mod regulat:<\/p>\n<ul>\n<li>Verifica\u021bi dac\u0103 exist\u0103 scurgeri \u0219i garnituri deteriorate<\/li>\n<li>Asigura\u021bi-v\u0103 c\u0103 punctele de montare ale cilindrului cupei sunt fixate<\/li>\n<li>Verifica\u021bi furtunurile hidraulice pentru a depista semne de deteriorare sau uzur\u0103<\/li>\n<\/ul>\n<p>Instalarea, lubrifierea \u0219i reglarea corect\u0103 sunt esen\u021biale pentru a asigura func\u021bionarea corect\u0103 a cilindrului cupei \u0219i pentru a-i prelungi durata de via\u021b\u0103. Folosi\u021bi o aliniere corect\u0103 \u0219i suporturi de montare adecvate pentru a fixa cilindrul.<\/p>\n<p><img decoding=\"async\" src=\"https:\/\/www.hydraulic-cylinders.net\/wp-content\/uploads\/2025\/01\/songte-chushion-collar.webp\"><\/p>\n<h3>Considera\u021bii de siguran\u021b\u0103 \u0219i factori de mediu<\/h3>\n<p>Siguran\u021ba este esen\u021bial\u0103 atunci c\u00e2nd se lucreaz\u0103 cu cilindri de cup\u0103. Operatorii trebuie s\u0103 respecte instruc\u021biunile de siguran\u021b\u0103 \u0219i s\u0103 poarte echipament individual de protec\u021bie adecvat atunci c\u00e2nd lucreaz\u0103 cu cilindri de cup\u0103. <\/p>\n<p>Cilindrii cupei sunt proiecta\u021bi av\u00e2nd \u00een vedere mediul \u00eenconjur\u0103tor \u0219i trebuie s\u0103 respecte reglement\u0103rile \u0219i standardele de mediu. <\/p>\n<h3>Diagnosticarea \u0219i depanarea defec\u021biunilor<\/h3>\n<p>\u00cen cazul defec\u021biunii cilindrului cupei, se pot lua urm\u0103torii pa\u0219i de depanare:<\/p>\n<ul>\n<li>Verifica\u021bi dac\u0103 exist\u0103 scurgeri \u0219i semne de deteriorare sau uzur\u0103 la componentele de etan\u0219are<\/li>\n<li>Verifica\u021bi furtunurile hidraulice pentru a depista semne de deteriorare sau uzur\u0103<\/li>\n<li>Verifica\u021bi punctele de montare pentru a vedea dac\u0103 sunt deteriorate sau sl\u0103bite<\/li>\n<\/ul>\n<p>M\u0103surile preventive, cum ar fi \u00eentre\u021binerea regulat\u0103 \u0219i instalarea corect\u0103, pot ajuta la minimizarea poten\u021bialelor probleme.<\/p>\n<p><img decoding=\"async\" src=\"https:\/\/www.hydraulic-cylinders.net\/wp-content\/uploads\/2025\/01\/songte-bushings-with-all-kinds-of-excavator-models.webp\"><\/p>\n<h3>Despre compania noastr\u0103<\/h3>\n<p>Suntem produc\u0103tori de cilindri hidraulici care pot \u00eenlocui cilindrii hidraulici tradi\u021bionali. Compania noastr\u0103 ofer\u0103 o gam\u0103 larg\u0103 de produse \u0219i a devenit unul dintre principalii produc\u0103tori \u0219i distribuitori angro de cilindri hidraulici pe pie\u021bele interne \u0219i interna\u021bionale. Ader\u0103m la principiul calit\u0103\u021bii excelente, ne baz\u0103m pe strategia de management al produc\u021biei industriale a unui atelier de fabrica\u021bie rafinat, \u00eembun\u0103t\u0103\u021bim continuu platforma de fabrica\u021bie, \u00eembun\u0103t\u0103\u021bim calitatea produc\u021biei \u0219i avem o capacitate puternic\u0103 de crea\u021bie. Oferim clien\u021bilor produse eficiente, de \u00eenalt\u0103 precizie \u0219i de \u00eenalt\u0103 calitate pentru a satisface nevoile diverse ale clien\u021bilor.<\/p>\n<p>Compania noastr\u0103 se caracterizeaz\u0103 prin profesionalism, certific\u0103ri interna\u021bionale, servicii de personalizare, echipamente de produc\u021bie \u0219i servicii post-v\u00e2nzare. <\/p>\n<p><img decoding=\"async\" src=\"https:\/\/hzpt.com\/wp-content\/uploads\/2024\/11\/songte-company-1.webp\"><\/p>\n<p>Autor: lyl.<\/p>","protected":false},"excerpt":{"rendered":"<p>Bucket Cylinder For Takeuchi Small Excavator TB153FR Introduction A bucket cylinder is a specifically designed hydraulic cylinder primarily used to control the movement of the bucket in heavy machinery such as excavators, backhoes, and front-end loaders. Its main function is to enable the bucket to lift, lower, and tilt, making it easier to handle various [&hellip;]<\/p>","protected":false},"featured_media":14776,"comment_status":"open","ping_status":"closed","template":"","meta":{"_et_pb_use_builder":"","_et_pb_old_content":"","_et_gb_content_width":""},"product_brand":[],"product_cat":[1494],"product_tag":[1495,1496],"class_list":{"0":"post-15710","1":"product","2":"type-product","3":"status-publish","4":"has-post-thumbnail","6":"product_cat-bucket-cylinders","7":"product_tag-bucket-cylinders","8":"product_tag-hydraulic-cylinders","10":"first","11":"instock","12":"shipping-taxable","13":"product-type-simple"},"amp_enabled":true,"_links":{"self":[{"href":"https:\/\/www.hydraulic-cylinders.net\/ro\/wp-json\/wp\/v2\/product\/15710","targetHints":{"allow":["GET"]}}],"collection":[{"href":"https:\/\/www.hydraulic-cylinders.net\/ro\/wp-json\/wp\/v2\/product"}],"about":[{"href":"https:\/\/www.hydraulic-cylinders.net\/ro\/wp-json\/wp\/v2\/types\/product"}],"replies":[{"embeddable":true,"href":"https:\/\/www.hydraulic-cylinders.net\/ro\/wp-json\/wp\/v2\/comments?post=15710"}],"wp:featuredmedia":[{"embeddable":true,"href":"https:\/\/www.hydraulic-cylinders.net\/ro\/wp-json\/wp\/v2\/media\/14776"}],"wp:attachment":[{"href":"https:\/\/www.hydraulic-cylinders.net\/ro\/wp-json\/wp\/v2\/media?parent=15710"}],"wp:term":[{"taxonomy":"product_brand","embeddable":true,"href":"https:\/\/www.hydraulic-cylinders.net\/ro\/wp-json\/wp\/v2\/product_brand?post=15710"},{"taxonomy":"product_cat","embeddable":true,"href":"https:\/\/www.hydraulic-cylinders.net\/ro\/wp-json\/wp\/v2\/product_cat?post=15710"},{"taxonomy":"product_tag","embeddable":true,"href":"https:\/\/www.hydraulic-cylinders.net\/ro\/wp-json\/wp\/v2\/product_tag?post=15710"}],"curies":[{"name":"wp","href":"https:\/\/api.w.org\/{rel}","templated":true}]}}