{"id":15720,"date":"2025-01-19T14:53:21","date_gmt":"2025-01-19T14:53:21","guid":{"rendered":"https:\/\/www.hydraulic-cylinders.net\/product\/bucket-cylinder-for-case-small-excavator-cx130b\/"},"modified":"2025-01-19T14:53:26","modified_gmt":"2025-01-19T14:53:26","slug":"bucket-cylinder-for-case-small-excavator-cx130b","status":"publish","type":"product","link":"https:\/\/www.hydraulic-cylinders.net\/ro\/produs\/bucket-cylinder-for-case-small-excavator-cx130b\/","title":{"rendered":"Cilindru cu cup\u0103 pentru excavatorul mic Case CX130B"},"content":{"rendered":"<h1>Cilindru cu cup\u0103 pentru excavatorul mic Case CX130B<\/h1>\n<h2>Introducere<\/h2>\n<p>Cilindrul cupei pentru excavatorul mic Case CX130B este un tip de cilindru hidraulic specializat utilizat pentru a controla mi\u0219carea cupelor excavatorului. Este utilizat \u00een mod obi\u0219nuit \u00een utilaje grele, cum ar fi excavatoarele, excavatoarele cu buldoexcavatoare \u0219i \u00eenc\u0103rc\u0103toarele frontale. Func\u021bia sa principal\u0103 este de a ridica, cobor\u00ee \u0219i \u00eenclina cupa pentru diverse sarcini de manipulare a materialelor. \u00cen sistemul hidraulic, cilindrul cupei utilizeaz\u0103 modific\u0103ri ale presiunii uleiului hidraulic pentru a ob\u021bine un control precis al cupei, permi\u021b\u00e2nd operatorilor s\u0103 manipuleze eficient sarcini grele \u0219i s\u0103 se adapteze la medii de lucru complexe \u0219i cerin\u021be diverse ale lucr\u0103rilor.<\/p>\n<p><img decoding=\"async\" src=\"https:\/\/www.hydraulic-cylinders.net\/wp-content\/uploads\/2025\/01\/songte-company-2.webp\" alt=\"Cilindru cu cup\u0103 pentru excavatorul mic Case CX130B\"\/><\/p>\n<h2>Caracteristici<\/h2>\n<ul>\n<li>Rezisten\u021b\u0103 \u0219i durabilitate ridicate: de obicei fabricate din o\u021bel sau aluminiu de \u00eenalt\u0103 rezisten\u021b\u0103, capabile s\u0103 reziste la presiuni ridicate \u0219i sarcini grele, potrivite pentru medii de lucru dure, proiectate av\u00e2nd \u00een vedere rezisten\u021ba la uzur\u0103 \u0219i la coroziune, prelungind durata de via\u021b\u0103.<\/li>\n<li>Func\u021bionare hidraulic\u0103 eficient\u0103: utilizarea presiunii uleiului hidraulic pentru a ob\u021bine mi\u0219c\u0103ri line de extensie \u0219i contrac\u021bie, capabil\u0103 s\u0103 r\u0103spund\u0103 rapid la comenzile de control, oferind o for\u021b\u0103 puternic\u0103 de \u00eempingere \u0219i tragere, potrivit\u0103 pentru manipularea sarcinilor grele \u0219i a sarcinilor complexe.<\/li>\n<li>Diverse tipuri: cilindri cu ac\u021biune simpl\u0103 (utiliza\u021bi hidraulic doar \u00eentr-o singur\u0103 direc\u021bie) sau cu ac\u021biune dubl\u0103 (utiliza\u021bi hidraulic \u00een dou\u0103 direc\u021bii) pot fi selecta\u021bi \u00een func\u021bie de necesit\u0103\u021bi pentru a satisface diferite cerin\u021be opera\u021bionale. Unele modele sunt telescopice, permi\u021b\u00e2nd o extensie mai mare f\u0103r\u0103 a cre\u0219te dimensiunile exterioare, potrivite pentru aplica\u021bii cu spa\u021biu limitat.<\/li>\n<li>\u00cenlocuitor perfect: produsul companiei noastre poate \u00eenlocui perfect ace\u0219ti cilindri hidraulici, iar produsul este personalizabil.<\/li>\n<\/ul>\n<p><img decoding=\"async\" src=\"https:\/\/www.hydraulic-cylinders.net\/wp-content\/uploads\/2025\/01\/songte-cylinder-head-with-all-kinds-excavator-models.webp\" alt=\"Cilindru cu cup\u0103 pentru excavatorul mic Case CX130B\"\/><\/p>\n<h2>Aplica\u021bii<\/h2>\n<p>Cilindrul cupei pentru excavatorul mic Case CX130B are diverse aplica\u021bii \u00een diferite industrii, inclusiv:<\/p>\n<ul>\n<li>Echipamente de construc\u021bii: \u00een cazul excavatoarelor, acestea sunt esen\u021biale pentru excavare, \u00eenc\u0103rcare \u0219i mutarea solului sau a resturilor. \u00cen cazul excavatoarelor cu buldoexcavatoare, cilindrul cupei ajut\u0103 at\u00e2t la s\u0103pare, c\u00e2t \u0219i la ridicare. <\/li>\n<li>Ma\u0219ini agricole: utilizate pentru \u00eenc\u0103rc\u0103toare frontale, pentru a scoate, ridica \u0219i transporta sol, f\u00e2n \u0219i alte materiale. <\/li>\n<li>Excavatoare: cilindrul cupei permite ac\u021biunea de s\u0103pare permi\u021b\u00e2nd cupei s\u0103 p\u0103trund\u0103 \u00een sol.<\/li>\n<li>\u00cenc\u0103rc\u0103toare: \u00een cazul \u00eenc\u0103rc\u0103toarelor frontale, acestea ajut\u0103 la ridicarea \u0219i desc\u0103rcarea eficient\u0103 a m\u0103rfurilor.<\/li>\n<\/ul>\n<h2>Considera\u021bii de proiectare \u0219i criterii de selec\u021bie<\/h2>\n<p>Designul cilindrului cupei pentru excavatorul mic Case CX130B este esen\u021bial pentru performan\u021ba \u0219i longevitatea acestuia. Urm\u0103toarele considera\u021bii de proiectare sunt cruciale:<\/p>\n<ul>\n<li>Capacitate portant\u0103: Cilindrul trebuie s\u0103 aib\u0103 o capacitate portant\u0103 suficient\u0103 pentru a sus\u021bine greutatea sarcinii pe care o manipuleaz\u0103.<\/li>\n<li>Etan\u0219are: Cilindrul trebuie etan\u0219at pentru a preveni orice scurgere de fluid hidraulic \u0219i a evita contaminarea din exterior. <\/li>\n<li>Durabilitate: Cilindrul trebuie s\u0103 reziste mediilor de lucru dure, s\u0103 reziste la uzur\u0103 \u0219i coroziune \u0219i s\u0103 aib\u0103 o durat\u0103 lung\u0103 de via\u021b\u0103.<\/li>\n<li>Siguran\u021b\u0103: Cilindrul trebuie s\u0103 fie proiectat pentru a asigura o func\u021bionare \u00een siguran\u021b\u0103 \u0219i a preveni orice accidente.<\/li>\n<li>\u00centre\u021binere: Cilindrul trebuie s\u0103 fie u\u0219or de \u00eentre\u021binut \u0219i reparat pentru a-l men\u021bine \u00een stare bun\u0103 de func\u021bionare.<\/li>\n<\/ul>\n<p><img decoding=\"async\" src=\"https:\/\/www.hydraulic-cylinders.net\/wp-content\/uploads\/2025\/01\/songte-oil-pipes-and-spare-parts.webp\" alt=\"Cilindru cu cup\u0103 pentru excavatorul mic Case CX130B\"\/><\/p>\n<h2>Etan\u0219are \u0219i lubrifiere<\/h2>\n<p>Cilindrul cupei pentru excavatorul mic Case CX130B utilizeaz\u0103 diverse componente de etan\u0219are, cum ar fi etan\u0219\u0103ri de piston \u0219i etan\u0219\u0103ri de tij\u0103, fabricate din materiale rezistente la uzur\u0103, cum ar fi poliuretanul \u0219i cauciucul nitrilic. Corpul cilindrului \u0219i suprafa\u021ba cap\u0103tului filetat sunt supuse unor prelucr\u0103ri fine pentru a \u00eembun\u0103t\u0103\u021bi rezisten\u021ba la uzur\u0103. Lubrifierea regulat\u0103 cu ulei hidraulic adecvat este necesar\u0103 pentru a men\u021bine o func\u021bionare lin\u0103 \u0219i a prelungi durata de via\u021b\u0103 a cilindrului.<\/p>\n<h2>Inspec\u021bie \u0219i \u00eentre\u021binere preventiv\u0103<\/h2>\n<p>Inspec\u021bia regulat\u0103 \u0219i \u00eentre\u021binerea preventiv\u0103 sunt esen\u021biale pentru a asigura performan\u021ba optim\u0103 \u0219i longevitatea cilindrului cupei pentru excavatorul mic Case CX130B. Sarcinile comune de \u00eentre\u021binere includ:<\/p>\n<ul>\n<li>Inspec\u021bie regulat\u0103 pentru a verifica dac\u0103 exist\u0103 scurgeri, deterior\u0103ri sau uzur\u0103.<\/li>\n<li>Lubrifiere adecvat\u0103 pentru a men\u021bine cilindrul \u00een func\u021biune f\u0103r\u0103 probleme.<\/li>\n<li>Verific\u0103ri ale \u00eenlocuirii garniturilor \u0219i calibr\u0103rii, dup\u0103 cum este necesar, pentru a men\u021bine o func\u021bionare corect\u0103.<\/li>\n<\/ul>\n<p>Instalarea corect\u0103 este esen\u021bial\u0103 pentru performan\u021ba optim\u0103 a cilindrului cupei pentru excavatorul mic Case CX130B. Este esen\u021bial s\u0103 alinia\u021bi corect cilindrul \u0219i s\u0103 utiliza\u021bi suporturi de instalare adecvate pentru a-l fixa \u00een pozi\u021bie. V\u0103 recomand\u0103m s\u0103 utiliza\u021bi procedurile noastre recomandate de inspec\u021bie, reparare \u0219i \u00eenlocuire pentru a asigura longevitatea cilindrului.<\/p>\n<p><img decoding=\"async\" src=\"https:\/\/www.hydraulic-cylinders.net\/wp-content\/uploads\/2025\/01\/songte-chushion-collar.webp\" alt=\"Cilindru cu cup\u0103 pentru excavatorul mic Case CX130B\"\/><\/p>\n<h2>Considera\u021bii de siguran\u021b\u0103 \u0219i factori de mediu<\/h2>\n<p>C\u00e2nd utiliza\u021bi cilindrul cupei pentru excavatorul mic Case CX130B, este esen\u021bial s\u0103 respecta\u021bi m\u0103surile de siguran\u021b\u0103 adecvate pentru a preveni accidentele. \u00centre\u021binerea regulat\u0103 este necesar\u0103 pentru a minimiza impactul asupra mediului \u0219i a asigura eliminarea \u00een siguran\u021b\u0103 a cilindrului la sf\u00e2r\u0219itul duratei sale de via\u021b\u0103.<\/p>\n<h2>Depanare \u0219i probleme frecvente<\/h2>\n<p>Problemele frecvente cu cilindrul cupei pentru excavatorul mic Case CX130B includ scurgeri, deterior\u0103ri \u0219i defec\u021biuni cauzate de instalarea necorespunz\u0103toare, lipsa de \u00eentre\u021binere sau uzur\u0103. Inspec\u021bia \u0219i \u00eentre\u021binerea regulat\u0103 pot preveni majoritatea problemelor. Dac\u0103 cilindrul se defecteaz\u0103, sfaturile noastre de depanare \u0219i solu\u021biile recomandate pot ajuta la diagnosticarea \u0219i rezolvarea eficient\u0103 a problemelor. De asemenea, oferim m\u0103suri preventive pentru a minimiza poten\u021bialele probleme.<\/p>\n<p><img decoding=\"async\" src=\"https:\/\/www.hydraulic-cylinders.net\/wp-content\/uploads\/2025\/01\/songte-bushings-with-all-kinds-of-excavator-models.webp\" alt=\"Cilindru cu cup\u0103 pentru excavatorul mic Case CX130B\"\/><\/p>\n<h2>Despre compania noastr\u0103<\/h2>\n<p>?????????\u04ba\u0479?\u05f5?????????,??\u02fe??\u01b7??????\u022b,??\u03aa?????????\u0433??????\u0235?\u04ba\u0479?\u05f5??????\u033a????????????\u05ae\u04bb?????????\u046d\u05ff\u053d\u01b7?\u02a3????\u043e?\u03f8??????\uccf5??\u0132?\u04b5??????????????????? ??\u02f2\u0161????\u05bb????????\u8c78?\u053c?\u05e8\u04b5???\u03f5\u0373?????????\u03e3???????????????????\u01bd\u0328?????\u01b2?\u01b7\u01b7?\u02bb??????\u00b7?\ue8e3???\u04f5??????\u06fa?\u0134????????????\u0538?\u0427?\u02a3???????????????????????\u02a3???\u01bb????????????<\/p>\n<p><img decoding=\"async\" src=\"https:\/\/hzpt.com\/wp-content\/uploads\/2024\/11\/songte-company-1.webp\" alt=\"Cilindru cu cup\u0103 pentru excavatorul mic Case CX130B\"\/><\/p>\n<p>Compania noastr\u0103 este produc\u0103tor de cilindri hidraulici alternativi cu o gam\u0103 complet\u0103 de produse, ceea ce ne face unul dintre principalii produc\u0103tori \u0219i distribuitori angro de cilindri hidraulici pe pie\u021bele interne \u0219i interna\u021bionale. Ne ghid\u0103m prin standarde de calitate excelente, ne baz\u0103m pe strategii industrializate de management al produc\u021biei \u00een atelierele noastre sofisticate de fabrica\u021bie \u0219i ne \u00eembun\u0103t\u0103\u021bim continuu platforma de fabrica\u021bie folosind talent tehnic, echipamente digitale de fabrica\u021bie de ultim\u0103 genera\u021bie \u0219i sisteme profesionale de testare. Cu abilit\u0103\u021bi creative puternice, oper\u0103m cu eficien\u021b\u0103 ridicat\u0103, precizie \u0219i calitate pentru a satisface nevoile diverse ale clien\u021bilor no\u0219tri. Oferim servicii specializate, certific\u0103ri interna\u021bionale, servicii personalizate, echipamente de produc\u021bie avansate \u0219i servicii post-v\u00e2nzare excelente pentru a asigura satisfac\u021bia clien\u021bilor.<\/p>\n<p>Autor: lyl<\/p>","protected":false},"excerpt":{"rendered":"<p>Bucket Cylinder For Case Small Excavator CX130B Introduction The Bucket Cylinder for Case Small Excavator CX130B is a type of specialized hydraulic cylinder used to control the movement of excavator buckets. It is commonly used in heavy-duty machinery, such as excavators, backhoe excavators, and front-end loaders. Its main function is to lift, lower, and tilt [&hellip;]<\/p>","protected":false},"featured_media":14785,"comment_status":"open","ping_status":"closed","template":"","meta":{"_et_pb_use_builder":"","_et_pb_old_content":"","_et_gb_content_width":""},"product_brand":[],"product_cat":[1494],"product_tag":[1495,1496],"class_list":{"0":"post-15720","1":"product","2":"type-product","3":"status-publish","4":"has-post-thumbnail","6":"product_cat-bucket-cylinders","7":"product_tag-bucket-cylinders","8":"product_tag-hydraulic-cylinders","10":"first","11":"instock","12":"shipping-taxable","13":"product-type-simple"},"amp_enabled":true,"_links":{"self":[{"href":"https:\/\/www.hydraulic-cylinders.net\/ro\/wp-json\/wp\/v2\/product\/15720","targetHints":{"allow":["GET"]}}],"collection":[{"href":"https:\/\/www.hydraulic-cylinders.net\/ro\/wp-json\/wp\/v2\/product"}],"about":[{"href":"https:\/\/www.hydraulic-cylinders.net\/ro\/wp-json\/wp\/v2\/types\/product"}],"replies":[{"embeddable":true,"href":"https:\/\/www.hydraulic-cylinders.net\/ro\/wp-json\/wp\/v2\/comments?post=15720"}],"wp:featuredmedia":[{"embeddable":true,"href":"https:\/\/www.hydraulic-cylinders.net\/ro\/wp-json\/wp\/v2\/media\/14785"}],"wp:attachment":[{"href":"https:\/\/www.hydraulic-cylinders.net\/ro\/wp-json\/wp\/v2\/media?parent=15720"}],"wp:term":[{"taxonomy":"product_brand","embeddable":true,"href":"https:\/\/www.hydraulic-cylinders.net\/ro\/wp-json\/wp\/v2\/product_brand?post=15720"},{"taxonomy":"product_cat","embeddable":true,"href":"https:\/\/www.hydraulic-cylinders.net\/ro\/wp-json\/wp\/v2\/product_cat?post=15720"},{"taxonomy":"product_tag","embeddable":true,"href":"https:\/\/www.hydraulic-cylinders.net\/ro\/wp-json\/wp\/v2\/product_tag?post=15720"}],"curies":[{"name":"wp","href":"https:\/\/api.w.org\/{rel}","templated":true}]}}