{"id":15728,"date":"2025-01-19T14:54:02","date_gmt":"2025-01-19T14:54:02","guid":{"rendered":"https:\/\/www.hydraulic-cylinders.net\/product\/bucket-cylinder-for-case-large-excavator-cx470b\/"},"modified":"2025-01-19T14:54:04","modified_gmt":"2025-01-19T14:54:04","slug":"bucket-cylinder-for-case-large-excavator-cx470b","status":"publish","type":"product","link":"https:\/\/www.hydraulic-cylinders.net\/ro\/produs\/bucket-cylinder-for-case-large-excavator-cx470b\/","title":{"rendered":"Cilindru cu cup\u0103 pentru excavatorul mare Case CX470B"},"content":{"rendered":"<p><!DOCTYPE html><br \/>\n<html><br \/>\n<head><br \/>\n<title>Cilindru cu cup\u0103 pentru excavatorul mare Case CX470B<\/title><br \/>\n<\/head><br \/>\n<body><\/p>\n<h1>Cilindru cu cup\u0103 pentru excavatorul mare Case CX470B<\/h1>\n<h2>Introducere<\/h2>\n<p>Cilindrul cupei este un cilindru hidraulic special conceput, utilizat pentru a controla mi\u0219carea cupei \u00een utilaje grele, cum ar fi excavatoarele, \u00eenc\u0103rc\u0103toarele cu excavator \u0219i \u00eenc\u0103rc\u0103toarele frontale. Func\u021bia sa principal\u0103 este de a permite ridicarea, cobor\u00e2rea \u0219i \u00eenclinarea cupei, facilit\u00e2nd diverse sarcini de manipulare a materialelor. \u00cen sistemul hidraulic, cilindrul cupei realizeaz\u0103 un control precis al cupei prin modific\u0103ri ale presiunii uleiului hidraulic, permi\u021b\u00e2nd manipularea eficient\u0103 a sarcinilor grele \u0219i adaptarea la medii de lucru complexe \u0219i cerin\u021be opera\u021bionale diverse.<\/p>\n<p><img decoding=\"async\" src=\"https:\/\/www.hydraulic-cylinders.net\/wp-content\/uploads\/2025\/01\/songte-company-2.webp\"><\/p>\n<h2>Caracteristici<\/h2>\n<ul>\n<li>Rezisten\u021b\u0103 \u0219i durabilitate ridicate: De obicei, fabricate din o\u021bel sau aluminiu de \u00eenalt\u0103 rezisten\u021b\u0103, capabile s\u0103 reziste la presiuni ridicate \u0219i sarcini grele, potrivite pentru medii de lucru dure. Proiectate av\u00e2nd \u00een vedere rezisten\u021ba la uzur\u0103 \u0219i la coroziune, prelungindu-i durata de via\u021b\u0103.<\/li>\n<li>Func\u021bionare hidraulic\u0103 eficient\u0103: Utilizeaz\u0103 presiunea uleiului hidraulic pentru a ob\u021bine ac\u021biuni line de extensie \u0219i retragere, capabil s\u0103 r\u0103spund\u0103 rapid la comenzile de control, oferind o for\u021b\u0103 puternic\u0103 de \u00eempingere \u0219i tragere, potrivit\u0103 pentru manipularea sarcinilor grele \u0219i a sarcinilor complexe.<\/li>\n<li>Diverse tipuri: Pot fi selecta\u021bi ca cilindri cu ac\u021biune simpl\u0103 (utilizare hidraulic\u0103 \u00eentr-o singur\u0103 direc\u021bie) sau cu ac\u021biune dubl\u0103 (utilizare hidraulic\u0103 \u00een ambele direc\u021bii), \u00een func\u021bie de necesit\u0103\u021bi, pentru a satisface diferite cerin\u021be opera\u021bionale. Unele modele sunt telescopice, permi\u021b\u00e2nd o extensie mai mare f\u0103r\u0103 a cre\u0219te dimensiunile exterioare, potrivite pentru aplica\u021bii cu spa\u021biu limitat.<\/li>\n<li>\u00cenlocuitor perfect: Produsele noastre pot \u00eenlocui perfect ace\u0219ti cilindri hidraulici.<\/li>\n<\/ul>\n<p><img decoding=\"async\" src=\"https:\/\/www.hydraulic-cylinders.net\/wp-content\/uploads\/2025\/01\/songte-cylinder-head-with-all-kinds-excavator-models.webp\"><\/p>\n<h2>Aplica\u021bii<\/h2>\n<h3>Echipamente de construc\u021bii<\/h3>\n<p>\u00cen excavatoare, acestea sunt esen\u021biale pentru excavare, \u00eenc\u0103rcare \u0219i mi\u0219carea solului sau a resturilor. \u00cen buldoexcavatoarele, cilindrul cupei ajut\u0103 at\u00e2t la s\u0103pare, c\u00e2t \u0219i la ridicare.<\/p>\n<h3>Ma\u0219ini agricole<\/h3>\n<p>Folosit la \u00eenc\u0103rc\u0103toarele frontale pentru a colecta, ridica \u0219i transporta p\u0103m\u00e2nt, f\u00e2n \u0219i alte materiale.<\/p>\n<h3>Excavatoare<\/h3>\n<p>Cilindrul cupei permite ac\u021biunile de s\u0103pare permi\u021b\u00e2nd cupei s\u0103 p\u0103trund\u0103 \u00een sol.<\/p>\n<h3>\u00cenc\u0103rc\u0103toare<\/h3>\n<p>\u00cen cazul \u00eenc\u0103rc\u0103toarelor frontale, acestea ajut\u0103 la ridicarea \u0219i desc\u0103rcarea eficient\u0103 a m\u0103rfurilor.<\/p>\n<p><img decoding=\"async\" src=\"https:\/\/www.hydraulic-cylinders.net\/wp-content\/uploads\/2025\/01\/songte-oil-pipes-and-spare-parts.webp\"><\/p>\n<h2>Considera\u021bii de proiectare \u0219i criterii de selec\u021bie<\/h2>\n<ul>\n<li>Capacitate portant\u0103: Discuta\u021bi capacitatea cilindrului de a suporta sarcini.<\/li>\n<li>Etan\u0219are: Explica\u021bi importan\u021ba unei etan\u0219\u0103ri adecvate pentru a preveni scurgerile \u0219i a asigura o func\u021bionare eficient\u0103.<\/li>\n<li>Durabilitate: Discuta\u021bi cum este proiectat cilindrul pentru a rezista la uzur\u0103, permi\u021b\u00e2nd o durat\u0103 de via\u021b\u0103 mai lung\u0103.<\/li>\n<li>Siguran\u021b\u0103: Eviden\u021bia\u021bi caracteristicile de siguran\u021b\u0103 \u00eencorporate \u00een designul cilindrului.<\/li>\n<li>\u00centre\u021binere: Discuta\u021bi modul \u00een care este proiectat cilindrul pentru a u\u0219ura \u00eentre\u021binerea \u0219i repararea.<\/li>\n<\/ul>\n<p><img decoding=\"async\" src=\"https:\/\/www.hydraulic-cylinders.net\/wp-content\/uploads\/2025\/01\/songte-oil-pipes-and-spare-parts.webp\"><\/p>\n<h2>Etan\u0219are \u0219i lubrifiere<\/h2>\n<p>Cilindrul cupei utilizeaz\u0103 diverse componente de etan\u0219are, cum ar fi etan\u0219\u0103ri de piston, etan\u0219\u0103ri de tij\u0103 etc., fabricate din materiale rezistente la uzur\u0103, cum ar fi poliuretanul \u0219i cauciucul nitrilic. Corpul cilindrului \u0219i suprafe\u021bele filetate ale cap\u0103tului sunt tratate fin pentru a spori rezisten\u021ba la uzur\u0103. Lubrifierea regulat\u0103 cu o cantitate adecvat\u0103 de ulei hidraulic este necesar\u0103 pentru a asigura o func\u021bionare f\u0103r\u0103 probleme.<\/p>\n<h2>Inspec\u021bie regulat\u0103 \u0219i \u00eentre\u021binere preventiv\u0103<\/h2>\n<ul>\n<li>Inspecta\u021bi cilindrul \u00een mod regulat pentru a depista orice semne de deteriorare sau uzur\u0103.<\/li>\n<li>Efectua\u021bi lubrifierea la timp pentru a men\u021bine performan\u021ba optim\u0103.<\/li>\n<li>\u00cenlocui\u021bi garniturile dup\u0103 cum este necesar pentru a preveni scurgerile \u0219i a asigura func\u021bionarea corect\u0103.<\/li>\n<li>Verifica\u021bi \u0219i calibra\u021bi dup\u0103 cum este necesar pentru a men\u021bine o func\u021bionare precis\u0103.<\/li>\n<\/ul>\n<p><img decoding=\"async\" src=\"https:\/\/www.hydraulic-cylinders.net\/wp-content\/uploads\/2025\/01\/songte-chushion-collar.webp\"><\/p>\n<h2>Considera\u021bii de siguran\u021b\u0103 \u0219i factori de mediu<\/h2>\n<p>Sublinia\u021bi importan\u021ba respect\u0103rii m\u0103surilor de siguran\u021b\u0103 la utilizarea cilindrului cupei \u0219i lua\u021bi \u00een considerare factorii de mediu \u00een func\u021bionarea acestuia.<\/p>\n<h2>Depanare \u0219i probleme frecvente<\/h2>\n<p>Discuta\u021bi despre defec\u021biunile comune care pot ap\u0103rea \u0219i oferi\u021bi sfaturi \u0219i solu\u021bii pentru diagnosticarea \u0219i rezolvarea problemelor. De asemenea, sugera\u021bi m\u0103suri preventive pentru a minimiza poten\u021bialele probleme.<\/p>\n<p><img decoding=\"async\" src=\"https:\/\/www.hydraulic-cylinders.net\/wp-content\/uploads\/2025\/01\/songte-bushings-with-all-kinds-of-excavator-models.webp\"><\/p>\n<h2>Sarcini de \u00eentre\u021binere<\/h2>\n<ul>\n<li>Inspec\u021bii regulate<\/li>\n<li>Lubrifiere adecvat\u0103<\/li>\n<li>\u00cenlocuiri de garnituri<\/li>\n<li>Verific\u0103ri de calibrare<\/li>\n<\/ul>\n<p>Eviden\u021bia\u021bi importan\u021ba instal\u0103rii, lubrifierii \u0219i ajust\u0103rilor corecte. Oferi\u021bi \u00eendrum\u0103ri privind alinierea corect\u0103 a cilindrului \u00een timpul instal\u0103rii \u0219i recomanda\u021bi utilizarea suporturilor de montare adecvate pentru fixarea cilindrului. Recomanda\u021bi proceduri de inspec\u021bie, reparare \u0219i \u00eenlocuire. Oferi\u021bi servicii de \u00eenlocuire \u0219i reconstruc\u021bie a componentelor pentru a cre\u0219te longevitatea cilindrului.<\/p>\n<h2>Compania noastr\u0103<\/h2>\n<p>Suntem produc\u0103tori de cilindri hidraulici de schimb, oferind o gam\u0103 complet\u0103 de produse. Am devenit unul dintre principalii produc\u0103tori \u0219i distribuitori angro de cilindri hidraulici pe pie\u021bele interne \u0219i interna\u021bionale. Ader\u0103m la principiile excelen\u021bei \u00een calitate \u0219i ne baz\u0103m pe strategii industrializate de management al produc\u021biei \u00een atelierul nostru de fabrica\u021bie rafinat. Prin utilizarea talentelor tehnologice, a echipamentelor digitale de fabrica\u021bie de ultim\u0103 genera\u021bie \u0219i a sistemelor profesionale de testare, ne \u00eembun\u0103t\u0103\u021bim continuu platforma de fabrica\u021bie, perfec\u021bion\u0103m procesul de produc\u021bie a calit\u0103\u021bii produselor \u0219i avem capacit\u0103\u021bi inovatoare puternice. Ne str\u0103duim s\u0103 satisfacem nevoile diverse ale clien\u021bilor cu eficien\u021b\u0103 ridicat\u0103, precizie ridicat\u0103 \u0219i principii de \u00eenalt\u0103 calitate.<\/p>\n<p><img decoding=\"async\" src=\"https:\/\/www.hydraulic-cylinders.net\/wp-content\/uploads\/2025\/01\/songte-company-3.webp\"><\/p>\n<h3>Profesionalism<\/h3>\n<p>Explica\u021bi profesionalismul \u0219i expertiza companiei.<\/p>\n<h3>Certific\u0103ri interna\u021bionale<\/h3>\n<p>Eviden\u021bia\u021bi orice certific\u0103ri interna\u021bionale pe care le-a ob\u021binut compania.<\/p>\n<h3>Servicii de personalizare<\/h3>\n<p>Discuta\u021bi despre capacitatea companiei de a oferi solu\u021bii personalizate.<\/p>\n<h3>Echipamente de produc\u021bie<\/h3>\n<p>Descrie\u021bi echipamentele avansate de produc\u021bie utilizate de companie.<\/p>\n<h3>Serviciu post-v\u00e2nzare<\/h3>\n<p>Sublinia\u021bi angajamentul companiei de a oferi servicii post-v\u00e2nzare excelente.<\/p>\n<p><em>Autor: lyl<\/em><\/p>\n<p><\/body><br \/>\n<\/html><\/p>","protected":false},"excerpt":{"rendered":"<p>Bucket Cylinder For Case Large Excavator CX470B Bucket Cylinder For Case Large Excavator CX470B Introduction The bucket cylinder is a specially designed hydraulic cylinder used to control the movement of the bucket in heavy machinery such as excavators, backhoe loaders, and front loaders. Its main function is to allow the bucket to be lifted, lowered, [&hellip;]<\/p>","protected":false},"featured_media":14769,"comment_status":"open","ping_status":"closed","template":"","meta":{"_et_pb_use_builder":"","_et_pb_old_content":"","_et_gb_content_width":""},"product_brand":[],"product_cat":[1494],"product_tag":[1495,1496],"class_list":{"0":"post-15728","1":"product","2":"type-product","3":"status-publish","4":"has-post-thumbnail","6":"product_cat-bucket-cylinders","7":"product_tag-bucket-cylinders","8":"product_tag-hydraulic-cylinders","10":"first","11":"instock","12":"shipping-taxable","13":"product-type-simple"},"amp_enabled":true,"_links":{"self":[{"href":"https:\/\/www.hydraulic-cylinders.net\/ro\/wp-json\/wp\/v2\/product\/15728","targetHints":{"allow":["GET"]}}],"collection":[{"href":"https:\/\/www.hydraulic-cylinders.net\/ro\/wp-json\/wp\/v2\/product"}],"about":[{"href":"https:\/\/www.hydraulic-cylinders.net\/ro\/wp-json\/wp\/v2\/types\/product"}],"replies":[{"embeddable":true,"href":"https:\/\/www.hydraulic-cylinders.net\/ro\/wp-json\/wp\/v2\/comments?post=15728"}],"wp:featuredmedia":[{"embeddable":true,"href":"https:\/\/www.hydraulic-cylinders.net\/ro\/wp-json\/wp\/v2\/media\/14769"}],"wp:attachment":[{"href":"https:\/\/www.hydraulic-cylinders.net\/ro\/wp-json\/wp\/v2\/media?parent=15728"}],"wp:term":[{"taxonomy":"product_brand","embeddable":true,"href":"https:\/\/www.hydraulic-cylinders.net\/ro\/wp-json\/wp\/v2\/product_brand?post=15728"},{"taxonomy":"product_cat","embeddable":true,"href":"https:\/\/www.hydraulic-cylinders.net\/ro\/wp-json\/wp\/v2\/product_cat?post=15728"},{"taxonomy":"product_tag","embeddable":true,"href":"https:\/\/www.hydraulic-cylinders.net\/ro\/wp-json\/wp\/v2\/product_tag?post=15728"}],"curies":[{"name":"wp","href":"https:\/\/api.w.org\/{rel}","templated":true}]}}