{"id":15735,"date":"2025-01-19T14:54:37","date_gmt":"2025-01-19T14:54:37","guid":{"rendered":"https:\/\/www.hydraulic-cylinders.net\/product\/bucket-cylinder-for-zhenyu-small-excavator-zy260\/"},"modified":"2025-01-19T14:54:39","modified_gmt":"2025-01-19T14:54:39","slug":"bucket-cylinder-for-zhenyu-small-excavator-zy260","status":"publish","type":"product","link":"https:\/\/www.hydraulic-cylinders.net\/ro\/produs\/bucket-cylinder-for-zhenyu-small-excavator-zy260\/","title":{"rendered":"Cilindru cu cup\u0103 pentru excavatorul mic Zhenyu ZY260"},"content":{"rendered":"<h1>Cilindru cu cup\u0103 pentru excavatorul mic Zhenyu ZY260<\/h1>\n<h2>Introducere<\/h2>\n<p>Cilindrul cupei pentru excavatorul mic Zhenyu ZY260 este un tip de cilindru hidraulic special conceput pentru a controla mi\u0219carea cupei \u00een utilaje grele, cum ar fi excavatoarele, \u00eenc\u0103rc\u0103toarele cu buldoexcavatoare \u0219i \u00eenc\u0103rc\u0103toarele frontale. Func\u021bia sa principal\u0103 este de a ridica, cobor\u00ee \u0219i \u00eenclina cupa, facilit\u00e2nd manipularea unei variet\u0103\u021bi de materiale \u00een diverse sarcini. \u00cen sistemul hidraulic, cilindrul cupei utilizeaz\u0103 schimbarea presiunii uleiului hidraulic pentru a ob\u021bine un control precis al cupei, permi\u021b\u00e2nd operatorilor s\u0103 manipuleze eficient obiecte grele, s\u0103 se adapteze la medii de lucru complexe \u0219i cerin\u021be diverse ale lucr\u0103rilor.<\/p>\n<p><img decoding=\"async\" src=\"https:\/\/www.hydraulic-cylinders.net\/wp-content\/uploads\/2025\/01\/songte-company-2.webp\" alt=\"Cilindru cu cup\u0103 pentru excavatorul mic Zhenyu ZY260\" \/><\/p>\n<h2>Caracteristici<\/h2>\n<ul>\n<li>\n<h3>Rezisten\u021b\u0103 \u0219i durabilitate ridicate<\/h3>\n<p>Cilindrul cupei este de obicei fabricat din o\u021bel sau aluminiu de \u00eenalt\u0103 rezisten\u021b\u0103, care poate rezista la presiuni ridicate \u0219i sarcini grele, se adapteaz\u0103 la medii de lucru dure \u0219i ia \u00een considerare rezisten\u021ba la uzur\u0103 \u0219i rezisten\u021ba la coroziune \u00een proiectare, prelungindu-i astfel durata de via\u021b\u0103.<\/p>\n<\/li>\n<li>\n<h3>Func\u021bionare hidraulic\u0103 eficient\u0103<\/h3>\n<p>Cilindrul cupei folose\u0219te presiunea uleiului hidraulic pentru a ob\u021bine o mi\u0219care lin\u0103 de expansiune \u0219i contrac\u021bie, poate r\u0103spunde rapid la comenzile de control, ofer\u0103 o for\u021b\u0103 puternic\u0103 de \u00eempingere-tragere \u0219i este potrivit pentru manipularea obiectelor grele \u0219i a sarcinilor complexe.<\/p>\n<\/li>\n<li>\n<h3>Diverse tipuri<\/h3>\n<p>Cilindrul cupei poate fi selectat ca cilindru cu ac\u021biune simpl\u0103 (utilizat hidraulic doar \u00eentr-o singur\u0103 direc\u021bie) sau cu ac\u021biune dubl\u0103 (utilizat hidraulic \u00een dou\u0103 direc\u021bii) \u00een func\u021bie de cerin\u021be, pentru a satisface diferite nevoi de operare. Unele modele sunt telescopice, permi\u021b\u00e2nd o extensie mai mare f\u0103r\u0103 cre\u0219terea dimensiunilor exterioare \u0219i fiind potrivite pentru aplica\u021bii cu spa\u021biu limitat.<\/p>\n<\/li>\n<li>\n<h3>Produs de compania noastr\u0103<\/h3>\n<p>Produsul nostru poate \u00eenlocui perfect ace\u0219ti cilindri hidraulici.<\/p>\n<\/li>\n<li>\n<h3>Aplica\u021bii<\/h3>\n<p>Cilindrul cupei este utilizat pe scar\u0103 larg\u0103 \u00een diverse utilaje grele, inclusiv, dar f\u0103r\u0103 a se limita la:<\/p>\n<ul>\n<li>Echipamente de construc\u021bii: excavatoare, buldoexcavatoare, \u00eenc\u0103rc\u0103toare frontale<\/li>\n<li>Ma\u0219ini agricole: \u00eenc\u0103rc\u0103toare frontale, excavatoare<\/li>\n<\/ul>\n<\/li>\n<\/ul>\n<h2>Considera\u021bii de proiectare \u0219i criterii de selec\u021bie<\/h2>\n<ul>\n<li>\n<h3>Capacitate portant\u0103<\/h3>\n<p>Capacitatea portant\u0103 a cilindrului cupei este una dintre principalele considera\u021bii \u00een proiectare pentru a asigura func\u021bionarea lin \u0219i sigur\u0103 a cilindrului sub diferite sarcini \u0219i presiuni.<\/p>\n<\/li>\n<li>\n<h3>Sigilare<\/h3>\n<p>Cilindrul cupei folose\u0219te diverse piese de etan\u0219are, cum ar fi etan\u0219\u0103ri de piston \u0219i etan\u0219\u0103ri de tij\u0103. Garniturile sunt fabricate din materiale rezistente la uzur\u0103, cum ar fi poliuretanul \u0219i cauciucul nitrilic, pentru a asigura durabilitatea cilindrului \u0219i a preveni scurgerile.<\/p>\n<\/li>\n<li>\n<h3>Durabilitate<\/h3>\n<p>Durabilitatea cilindrului cupei este esen\u021bial\u0103 \u00een proiectare pentru a asigura rezisten\u021ba la diferite medii de lucru \u0219i sarcini f\u0103r\u0103 deteriorare \u0219i pentru a-i prelungi durata de via\u021b\u0103.<\/p>\n<\/li>\n<li>\n<h3>Siguran\u0163\u0103<\/h3>\n<p>Siguran\u021ba cilindrului cupei este o considera\u021bie crucial\u0103 \u00een proiectare pentru a asigura func\u021bionarea sigur\u0103 \u0219i eficient\u0103 a acestuia, f\u0103r\u0103 accidente.<\/p>\n<\/li>\n<li>\n<h3>\u00centre\u0163inere<\/h3>\n<p>\u00centre\u021binerea cilindrului cupei ar trebui s\u0103 fie u\u0219oar\u0103 \u0219i convenabil\u0103. Cilindrul ar trebui s\u0103 fie u\u0219or de demontat, cur\u0103\u021bat \u0219i \u00eenlocuit, inclusiv garniturile \u0219i rulmen\u021bii, pentru a-\u0219i men\u021bine performan\u021ba excelent\u0103.<\/p>\n<\/li>\n<\/ul>\n<p><img decoding=\"async\" src=\"https:\/\/www.hydraulic-cylinders.net\/wp-content\/uploads\/2025\/01\/songte-oil-pipes-and-spare-parts.webp\" alt=\"\u00centre\u021binerea \u0219i repararea cilindrului cupei\" \/><\/p>\n<h2>Etan\u0219are \u0219i lubrifiere<\/h2>\n<p>Cilindrul cupei utilizeaz\u0103 diverse piese de etan\u0219are, cum ar fi etan\u0219\u0103rile pistonului \u0219i etan\u0219\u0103rile tijei. Garniturile sunt fabricate din materiale rezistente la uzur\u0103, cum ar fi poliuretanul \u0219i cauciucul nitrilic, pentru a asigura durabilitatea cilindrului \u0219i a preveni scurgerile. Corpul cilindrului \u0219i suprafa\u021ba cap\u0103tului filetat au fost supuse unor prelucr\u0103ri meticuloase pentru a \u00eembun\u0103t\u0103\u021bi rezisten\u021ba la uzur\u0103. Cilindrul cupei trebuie umplut \u00een mod regulat cu o cantitate adecvat\u0103 de ulei hidraulic pentru lubrifiere, pentru a asigura func\u021bionarea sa eficient\u0103.<\/p>\n<h2>Inspec\u021bie \u0219i \u00eentre\u021binere preventiv\u0103<\/h2>\n<ul>\n<li>\n<h3>Inspec\u021bie regulat\u0103<\/h3>\n<p>Cilindrul cupei necesit\u0103 inspec\u021bii regulate ale pieselor hidraulice, etan\u0219\u0103rilor \u0219i rulmen\u021bilor pentru a se asigura c\u0103 acestea sunt \u00een stare bun\u0103 \u0219i pentru a preveni poten\u021biale probleme.<\/p>\n<\/li>\n<li>\n<h3>Lubrifiere<\/h3>\n<p>Cilindrul cupei necesit\u0103 lubrifiere regulat\u0103 pentru a asigura func\u021bionarea sa eficient\u0103 \u0219i lin\u0103.<\/p>\n<\/li>\n<li>\n<h3>\u00cenlocuirea garniturii \u0219i verificarea calibr\u0103rii<\/h3>\n<p>Garniturile cilindrului g\u0103le\u021bii trebuie \u00eenlocuite periodic pentru a preveni scurgerile, iar cilindrul trebuie calibrat pentru a-i asigura precizia.<\/p>\n<\/li>\n<\/ul>\n<p><img decoding=\"async\" src=\"https:\/\/www.hydraulic-cylinders.net\/wp-content\/uploads\/2025\/01\/songte-chushion-collar.webp\" alt=\"Instalarea cilindrului cupei\" \/><\/p>\n<h2>Instalare<\/h2>\n<p>\u00cen timpul procesului de instalare, alinia\u021bi corect cilindrul \u0219i oferi\u021bi \u00eendrum\u0103ri pentru a v\u0103 asigura c\u0103 este instalat \u00een siguran\u021b\u0103. Recomand\u0103m utilizarea unor console de montare adecvate pentru fixarea cilindrului \u0219i respectarea procedurilor recomandate de inspec\u021bie, reparare \u0219i \u00eenlocuire pentru a men\u021bine performan\u021ba excelent\u0103 a cilindrului.<\/p>\n<h2>Considera\u021bii de siguran\u021b\u0103 \u0219i factori de mediu<\/h2>\n<p>Utilizarea \u00een siguran\u021b\u0103 a cilindrului cupei necesit\u0103 respectarea strict\u0103 a reglement\u0103rilor de siguran\u021b\u0103 \u0219i a m\u0103surilor de siguran\u021b\u0103 adecvate, cum ar fi purtarea de \u00eembr\u0103c\u0103minte de protec\u021bie \u0219i evitarea supra\u00eenc\u0103rc\u0103rii. Factorii de mediu precum temperatura, umiditatea \u0219i praful pot afecta performan\u021ba \u0219i durata de via\u021b\u0103 a cilindrului, a\u0219adar trebuie luate m\u0103suri adecvate de protec\u021bie a mediului.<\/p>\n<h2>Depanare \u0219i probleme frecvente<\/h2>\n<p>Cilindrul cupei se poate confrunta cu diverse probleme \u00een timpul utiliz\u0103rii, cum ar fi scurgeri, mi\u0219care lent\u0103 \u0219i for\u021b\u0103 insuficient\u0103. Depanarea cilindrului \u0219i problemele comune pot fi rezolvate prin inspec\u021bii, \u00eentre\u021binere \u0219i repara\u021bii regulate, cum ar fi \u00eenlocuirea garniturilor \u0219i rulmen\u021bilor, reglarea for\u021bei de \u00eempingere-tragere \u0219i \u00eenlocuirea pieselor uzate.<\/p>\n<p><img decoding=\"async\" src=\"https:\/\/www.hydraulic-cylinders.net\/wp-content\/uploads\/2025\/01\/songte-bushings-with-all-kinds-of-excavator-models.webp\" alt=\"Depanarea cilindrului cupei\" \/><\/p>\n<h2>Despre compania noastr\u0103<\/h2>\n<p>Suntem un produc\u0103tor de cilindri hidraulici care produce o gam\u0103 larg\u0103 de produse, inclusiv cilindri hidraulici, \u0219i am devenit unul dintre principalii produc\u0103tori \u0219i distribuitori angro de cilindri hidraulici pe pie\u021bele interne \u0219i interna\u021bionale. Ader\u0103m la principiul calit\u0103\u021bii excelente, ne baz\u0103m pe strategia de management al produc\u021biei industriale a atelierelor de produc\u021bie fin\u0103 \u0219i \u00eembun\u0103t\u0103\u021bim continuu platforma de produc\u021bie a atelierelor prin utilizarea talentelor tehnice, a echipamentelor digitale de produc\u021bie de ultim\u0103 genera\u021bie \u0219i a sistemelor profesionale de testare. Avem o capacitate puternic\u0103 de crea\u021bie \u0219i satisfacem nevoile diverse ale clien\u021bilor cu produse de \u00eenalt\u0103 eficien\u021b\u0103, precizie ridicat\u0103 \u0219i calitate. Oferim servicii profesionale, certific\u0103ri interna\u021bionale \u0219i servicii personalizate \u0219i dispunem de echipamente de produc\u021bie avansate \u0219i servicii post-v\u00e2nzare.<\/p>\n<p><img decoding=\"async\" src=\"https:\/\/hzpt.com\/wp-content\/uploads\/2024\/11\/songte-company-1.webp\" alt=\"Compania noastr\u0103\" \/><\/p>\n<p>Autor: lyl.<\/p>","protected":false},"excerpt":{"rendered":"<p>Bucket Cylinder For Zhenyu Small Excavator ZY260 Introduction The bucket cylinder for Zhenyu small excavator ZY260 is a type of hydraulic cylinder specially designed to control the movement of the bucket in heavy machinery such as excavators, backhoe loaders, and front-end loaders. Its main function is to lift, lower, and tilt the bucket, making it [&hellip;]<\/p>","protected":false},"featured_media":14785,"comment_status":"open","ping_status":"closed","template":"","meta":{"_et_pb_use_builder":"","_et_pb_old_content":"","_et_gb_content_width":""},"product_brand":[],"product_cat":[1494],"product_tag":[1495,1496],"class_list":{"0":"post-15735","1":"product","2":"type-product","3":"status-publish","4":"has-post-thumbnail","6":"product_cat-bucket-cylinders","7":"product_tag-bucket-cylinders","8":"product_tag-hydraulic-cylinders","10":"first","11":"instock","12":"shipping-taxable","13":"product-type-simple"},"amp_enabled":true,"_links":{"self":[{"href":"https:\/\/www.hydraulic-cylinders.net\/ro\/wp-json\/wp\/v2\/product\/15735","targetHints":{"allow":["GET"]}}],"collection":[{"href":"https:\/\/www.hydraulic-cylinders.net\/ro\/wp-json\/wp\/v2\/product"}],"about":[{"href":"https:\/\/www.hydraulic-cylinders.net\/ro\/wp-json\/wp\/v2\/types\/product"}],"replies":[{"embeddable":true,"href":"https:\/\/www.hydraulic-cylinders.net\/ro\/wp-json\/wp\/v2\/comments?post=15735"}],"wp:featuredmedia":[{"embeddable":true,"href":"https:\/\/www.hydraulic-cylinders.net\/ro\/wp-json\/wp\/v2\/media\/14785"}],"wp:attachment":[{"href":"https:\/\/www.hydraulic-cylinders.net\/ro\/wp-json\/wp\/v2\/media?parent=15735"}],"wp:term":[{"taxonomy":"product_brand","embeddable":true,"href":"https:\/\/www.hydraulic-cylinders.net\/ro\/wp-json\/wp\/v2\/product_brand?post=15735"},{"taxonomy":"product_cat","embeddable":true,"href":"https:\/\/www.hydraulic-cylinders.net\/ro\/wp-json\/wp\/v2\/product_cat?post=15735"},{"taxonomy":"product_tag","embeddable":true,"href":"https:\/\/www.hydraulic-cylinders.net\/ro\/wp-json\/wp\/v2\/product_tag?post=15735"}],"curies":[{"name":"wp","href":"https:\/\/api.w.org\/{rel}","templated":true}]}}