{"id":15740,"date":"2025-01-19T14:54:56","date_gmt":"2025-01-19T14:54:56","guid":{"rendered":"https:\/\/www.hydraulic-cylinders.net\/product\/bucket-cylinder-for-world-small-excavator-w285b-8\/"},"modified":"2025-01-19T14:54:58","modified_gmt":"2025-01-19T14:54:58","slug":"bucket-cylinder-for-world-small-excavator-w285b-8","status":"publish","type":"product","link":"https:\/\/www.hydraulic-cylinders.net\/ro\/produs\/bucket-cylinder-for-world-small-excavator-w285b-8\/","title":{"rendered":"Cilindru cu cup\u0103 pentru excavatorul mic mondial W285B-8"},"content":{"rendered":"<h1>Cilindru cu cup\u0103 pentru excavatorul mic mondial W285B-8<\/h1>\n<h2>Introducere<\/h2>\n<p>Un cilindru al cupei este un cilindru hidraulic special conceput, utilizat pentru a controla mi\u0219carea cupelor \u00een utilaje grele, cum ar fi excavatoarele, excavatoarele cu buldoexcavatoare \u0219i \u00eenc\u0103rc\u0103toare frontale. Func\u021bia sa principal\u0103 este de a permite ridicarea, cobor\u00e2rea \u0219i \u00eenclinarea cupei, facilit\u00e2nd astfel diverse sarcini de manipulare a materialelor. \u00cen sistemul hidraulic, cilindrul cupei utilizeaz\u0103 schimbarea presiunii uleiului hidraulic pentru a ob\u021bine un control precis al cupei, permi\u021b\u00e2nd operatorului s\u0103 manipuleze eficient sarcini grele, s\u0103 se adapteze la medii de lucru complexe \u0219i nevoi opera\u021bionale diverse.<\/p>\n<p><img decoding=\"async\" src=\"https:\/\/www.hydraulic-cylinders.net\/wp-content\/uploads\/2025\/01\/songte-company-2.webp\" alt=\"Imaginea cilindrului cupei\"><\/p>\n<h2>Caracteristici<\/h2>\n<ul>\n<li>Rezisten\u021b\u0103 \u0219i durabilitate ridicate: De obicei, fabricate din o\u021bel sau aluminiu de \u00eenalt\u0103 rezisten\u021b\u0103, pot rezista la presiuni ridicate \u0219i sarcini grele, se adapteaz\u0103 la medii de lucru dure \u0219i sunt proiectate cu rezisten\u021b\u0103 la uzur\u0103 \u0219i coroziune pentru a prelungi durata de via\u021b\u0103.<\/li>\n<li>Func\u021bionare hidraulic\u0103 eficient\u0103: Ac\u021biunile line de extensie \u0219i contrac\u021bie sunt ob\u021binute prin utilizarea presiunii uleiului hidraulic, care poate r\u0103spunde rapid la comenzile de control, poate oferi for\u021be puternice de \u00eempingere \u0219i tragere \u0219i este potrivit\u0103 pentru manipularea sarcinilor grele \u0219i a sarcinilor opera\u021bionale complexe.<\/li>\n<li>Diverse tipuri: Cilindri cu ac\u021biune simpl\u0103 (hidraulic\u0103 doar \u00eentr-o singur\u0103 direc\u021bie) sau cu ac\u021biune dubl\u0103 (hidraulic\u0103 \u00een ambele direc\u021bii) pot fi selecta\u021bi \u00een func\u021bie de nevoile opera\u021bionale. Unele modele sunt telescopice, permi\u021b\u00e2nd o extensie mai mare f\u0103r\u0103 a cre\u0219te dimensiunile exterioare, fiind potrivite pentru aplica\u021bii cu spa\u021biu limitat.<\/li>\n<li>Capacitate de produc\u021bie: Produsele noastre pot \u00eenlocui perfect ace\u0219ti cilindri hidraulici.<\/li>\n<\/ul>\n<p><img decoding=\"async\" src=\"https:\/\/www.hydraulic-cylinders.net\/wp-content\/uploads\/2025\/01\/songte-cylinder-head-with-all-kinds-excavator-models.webp\" alt=\"Imagine de \u00eenlocuire a cilindrului cupei\"><\/p>\n<h2>Aplica\u021bii<\/h2>\n<p>Cilindrul cupei este utilizat pe scar\u0103 larg\u0103 \u00een diverse industrii, cum ar fi echipamente de construc\u021bii, utilaje agricole, excavatoare \u0219i \u00eenc\u0103rc\u0103toare. Este utilizat \u00een principal pentru ridicare, cobor\u00e2re, \u00eenclinare \u0219i alte sarcini. <\/p>\n<h3>Echipamente de construc\u021bii<\/h3>\n<p>\u00cen excavatoare, acestea sunt esen\u021biale pentru s\u0103pare, \u00eenc\u0103rcare \u0219i mutarea solului sau a resturilor. \u00cen excavatoarele cu buldoexcavatoare, cilindrul cupei ajut\u0103 at\u00e2t la s\u0103pare, c\u00e2t \u0219i la ridicare. \u00cen \u00eenc\u0103rc\u0103toarele frontale, acestea ajut\u0103 la ridicarea \u0219i desc\u0103rcarea eficient\u0103 a m\u0103rfurilor.<\/p>\n<h3>Ma\u0219ini agricole<\/h3>\n<p>Cilindrul cupei este utilizat pentru \u00eenc\u0103rc\u0103toarele frontale \u0219i este esen\u021bial pentru ridicarea \u0219i \u00eenclinarea solului, f\u00e2nului \u0219i a altor materiale.<\/p>\n<h3>Excavatoare<\/h3>\n<p>Cilindrul cupei permite cupei s\u0103 p\u0103trund\u0103 \u00een sol pentru a efectua ac\u021biuni de s\u0103pat.<\/p>\n<h3>\u00cenc\u0103rc\u0103toare<\/h3>\n<p>\u00cen cazul \u00eenc\u0103rc\u0103toarelor frontale, acestea ajut\u0103 la ridicarea \u0219i \u00eenclinarea eficient\u0103 a m\u0103rfurilor.<\/p>\n<p><img decoding=\"async\" src=\"https:\/\/www.hydraulic-cylinders.net\/wp-content\/uploads\/2025\/01\/songte-bushings-with-all-kinds-of-excavator-models.webp\" alt=\"Imaginea aplica\u021biei cilindrului cupei\"><\/p>\n<h2>Considera\u021bii de proiectare \u0219i criterii de selec\u021bie<\/h2>\n<p>Alegerea designului \u0219i a materialelor pentru cilindrul cupei este esen\u021bial\u0103 pentru asigurarea performan\u021bei \u0219i durabilit\u0103\u021bii optime. Considera\u021biile cheie includ capacitatea portant\u0103, etan\u0219area, durabilitatea, siguran\u021ba \u0219i mentenan\u021ba.<\/p>\n<h3>Capacitate portant\u0103<\/h3>\n<p>Cilindrii cupei sunt supu\u0219i unor sarcini extreme, a\u0219a c\u0103 este esen\u021bial s\u0103 alege\u021bi materiale, grosimi \u0219i design care s\u0103 poat\u0103 rezista la aceste for\u021be. O\u021belul sau aluminiul de \u00eenalt\u0103 rezisten\u021b\u0103 sunt utilizate \u00een mod obi\u0219nuit \u00een produc\u021bia de cilindri cupei pentru a oferi rezisten\u021ba necesar\u0103.<\/p>\n<h3>Sigilare<\/h3>\n<p>Cilindrul cupei este o component\u0103 esen\u021bial\u0103 a sistemului hidraulic, iar etan\u0219area corect\u0103 este esen\u021bial\u0103 pentru func\u021bionarea eficient\u0103 a acestuia. Diverse garnituri, cum ar fi garniturile pistonului \u0219i garniturile tijei, sunt utilizate pentru a asigura c\u0103 fluidul hidraulic r\u0103m\u00e2ne con\u021binut \u00een cilindru \u0219i pentru a preveni p\u0103trunderea contaminan\u021bilor \u00een sistem.<\/p>\n<h3>Durabilitate<\/h3>\n<p>Cilindrul cupei este expus la medii dure, iar materialele sale trebuie s\u0103 reziste la uzur\u0103 \u0219i coroziune. Cilindrii sunt fabrica\u021bi din materiale de \u00eenalt\u0103 rezisten\u021b\u0103, concepute pentru a rezista la aceste condi\u021bii dure, iar suprafa\u021ba cilindrului este tratat\u0103 pentru a oferi o rezisten\u021b\u0103 suplimentar\u0103 la uzur\u0103.<\/p>\n<h3>Siguran\u0163\u0103<\/h3>\n<p>Cilindrii cupei sunt supu\u0219i unor sarcini extreme \u0219i este esen\u021bial s\u0103 se asigure siguran\u021ba lor \u00een func\u021bionare. Considera\u021bii de proiectare, cum ar fi supapele de siguran\u021b\u0103, \u00eentrerup\u0103toarele de oprire de urgen\u021b\u0103 \u0219i supapele de suprapresiune, sunt utilizate pentru a asigura func\u021bionarea sigur\u0103 a sistemului \u0219i a preveni deteriorarea cilindrului.<\/p>\n<h3>Mentenabilitate<\/h3>\n<p>Cilindrii cupei necesit\u0103 \u00eentre\u021binere regulat\u0103 pentru a asigura performan\u021be optime \u0219i a prelungi durata de via\u021b\u0103. Utilizarea unor garnituri u\u0219or de \u00eenlocuit, accesul extern la componentele critice \u0219i lubrifierea adecvat\u0103 sunt esen\u021biale pentru asigurarea mentenan\u021bei.<\/p>\n<p><img decoding=\"async\" src=\"https:\/\/www.hydraulic-cylinders.net\/wp-content\/uploads\/2025\/01\/songte-oil-pipes-and-spare-parts.webp\" alt=\"Imagine de design a cilindrului cu g\u0103leat\u0103\"><\/p>\n<h2>Garnituri \u0219i lubrifiere<\/h2>\n<p>Selec\u021bia corect\u0103 a garniturilor \u0219i a lubrifierii este esen\u021bial\u0103 pentru asigurarea performan\u021belor optime \u0219i prelungirea duratei de via\u021b\u0103. Diverse garnituri, cum ar fi garniturile pistonului, garniturile tijei \u0219i \u0219terg\u0103toarele, sunt utilizate pentru a preveni scurgerile de fluid \u0219i a asigura o func\u021bionare eficient\u0103. Utilizarea lubrifian\u021bilor, cum ar fi uleiul hidraulic, este esen\u021bial\u0103 pentru reducerea frec\u0103rii \u0219i a uzurii \u0219i pentru men\u021binerea unei func\u021bion\u0103ri eficiente. \u00centre\u021binerea regulat\u0103 este esen\u021bial\u0103 pentru a asigura niveluri adecvate de lubrifiere \u0219i a preveni uzura componentelor critice.<\/p>\n<h2>\u00centre\u021binere \u0219i repara\u021bii<\/h2>\n<p>\u00centre\u021binerea \u0219i repararea regulat\u0103 a cilindrului cupei sunt esen\u021biale pentru asigurarea unei performan\u021be optime \u0219i prelungirea duratei de via\u021b\u0103. Sarcinile comune de \u00eentre\u021binere includ verific\u0103ri regulate, lubrifiere corespunz\u0103toare, \u00eenlocuirea garniturilor \u0219i verific\u0103ri ale calibr\u0103rii. Instalarea corect\u0103 este, de asemenea, esen\u021bial\u0103 pentru asigurarea unei performan\u021be optime, fiind recomandat\u0103 alinierea \u0219i utilizarea corect\u0103 a suporturilor de instalare. Pentru a asigura o performan\u021b\u0103 optim\u0103 \u0219i a prelungi durata de via\u021b\u0103, se recomand\u0103 \u00eenlocuirea componentelor dup\u0103 cum este necesar \u0219i utilizarea serviciilor de reconstruc\u021bie.<\/p>\n<h2>Considera\u021bii privind siguran\u021ba \u0219i mediul<\/h2>\n<p>Atunci c\u00e2nd se utilizeaz\u0103 cilindri pentru cupe, este esen\u021bial s\u0103 se respecte procedurile \u0219i instruc\u021biunile de siguran\u021b\u0103 adecvate pentru a asigura performan\u021be optime \u0219i a preveni accidentele. Considera\u021biile de siguran\u021b\u0103, cum ar fi purtarea echipamentului de protec\u021bie adecvat, instalarea \u0219i func\u021bionarea corect\u0103 \u0219i respectarea programelor de \u00eentre\u021binere adecvate, sunt esen\u021biale pentru asigurarea func\u021bion\u0103rii \u00een siguran\u021b\u0103. Considera\u021biile de mediu, cum ar fi eliminarea corect\u0103 a uleiului hidraulic uzat \u0219i a componentelor, sunt, de asemenea, esen\u021biale pentru reducerea impactului asupra mediului \u0219i asigurarea conformit\u0103\u021bii cu reglement\u0103rile.<\/p>\n<h2>Diagnosticarea \u0219i depanarea defec\u021biunilor<\/h2>\n<p>Problemele frecvente ale cilindrilor cupei pot include scurgeri, pierderi de putere \u0219i performan\u021b\u0103 redus\u0103. Diagnosticarea \u0219i depanarea corect\u0103 sunt esen\u021biale pentru identificarea cauzei principale a acestor probleme \u0219i dezvoltarea unor solu\u021bii eficiente. Pa\u0219ii comuni de depanare includ verificarea scurgerilor, verificarea nivelului de lichide \u0219i inspectarea componentelor critice. M\u0103surile preventive adecvate, cum ar fi \u00eentre\u021binerea \u0219i inspec\u021bia regulat\u0103, pot ajuta la reducerea probabilit\u0103\u021bii acestor probleme \u0219i la asigurarea unei performan\u021be optime.<\/p>\n<p><img decoding=\"async\" src=\"https:\/\/www.hydraulic-cylinders.net\/wp-content\/uploads\/2025\/01\/songte-chushion-collar.webp\" alt=\"Imagine de reparare a cilindrului cupei\"><\/p>\n<h2>Despre compania noastr\u0103<\/h2>\n<p>Suntem un produc\u0103tor \u0219i distribuitor important de cilindri hidraulici, specializa\u021bi \u00een cilindri de schimb. Compania noastr\u0103 ader\u0103 la principiul calit\u0103\u021bii excelente, baz\u00e2ndu-se pe strategii de management al produc\u021biei industriale \u0219i talent tehnologic, echipamente digitale de produc\u021bie de ultim\u0103 genera\u021bie \u0219i sisteme profesionale de testare pentru a \u00eembun\u0103t\u0103\u021bi continuu platforma de produc\u021bie \u0219i a perfec\u021biona liniile de produc\u021bie pentru calitatea produselor. Produsele noastre au o eficien\u021b\u0103 ridicat\u0103, precizie ridicat\u0103 \u0219i calitate superioar\u0103, satisf\u0103c\u00e2nd nevoile diverse ale clien\u021bilor no\u0219tri, at\u00e2t la nivel intern, c\u00e2t \u0219i interna\u021bional.<\/p>\n<h3>Profesionalism<\/h3>\n<p>Avem o echip\u0103 de profesioni\u0219ti cu cuno\u0219tin\u021be vaste \u00een domeniul cilindrilor hidraulici \u0219i care pot oferi consultan\u021b\u0103 de specialitate cu privire la alegerea, instalarea \u0219i \u00eentre\u021binerea produselor.<\/p>\n<h3>Certificare interna\u021bional\u0103<\/h3>\n<p>Produsele noastre au primit diverse certific\u0103ri interna\u021bionale, garant\u00e2nd c\u0103 \u00eendeplinesc cele mai \u00eenalte standarde din industrie.<\/p>\n<h3>Personalizare<\/h3>\n<p>Oferim servicii de personalizare pentru a satisface cerin\u021bele specifice ale clien\u021bilor no\u0219tri \u0219i a asigura performan\u021be optime.<\/p>\n<h3>Echipamente de produc\u021bie<\/h3>\n<p>Echipamentele noastre de produc\u021bie sunt de cea mai \u00eenalt\u0103 calitate \u0219i proiectate pentru a produce cilindri hidraulici care \u00eendeplinesc cele mai \u00eenalte standarde industriale.<\/p>\n<h3>Serviciu post-v\u00e2nzare<\/h3>\n<p>Oferim servicii complete post-v\u00e2nzare pentru a ne asigura c\u0103 clien\u021bii no\u0219tri sunt mul\u021bumi\u021bi de achizi\u021biile lor \u0219i primesc asisten\u021ba de care au nevoie.<\/p>\n<p><img decoding=\"async\" src=\"https:\/\/hzpt.com\/wp-content\/uploads\/2024\/11\/songte-company-1.webp\" alt=\"Imaginea companiei\"><\/p>\n<h4>Autor: lyl.<\/h4>","protected":false},"excerpt":{"rendered":"<p>Bucket Cylinder For World Small Excavator W285B-8 Introduction A bucket cylinder is a specially designed hydraulic cylinder used to control the movement of buckets in heavy machinery such as excavators, backhoe excavators, and front-end loaders. Its main function is to enable the bucket to lift, lower, and tilt, thus facilitating various material handling tasks. In [&hellip;]<\/p>","protected":false},"featured_media":14776,"comment_status":"open","ping_status":"closed","template":"","meta":{"_et_pb_use_builder":"","_et_pb_old_content":"","_et_gb_content_width":""},"product_brand":[],"product_cat":[1494],"product_tag":[1495,1496],"class_list":{"0":"post-15740","1":"product","2":"type-product","3":"status-publish","4":"has-post-thumbnail","6":"product_cat-bucket-cylinders","7":"product_tag-bucket-cylinders","8":"product_tag-hydraulic-cylinders","10":"first","11":"instock","12":"shipping-taxable","13":"product-type-simple"},"amp_enabled":true,"_links":{"self":[{"href":"https:\/\/www.hydraulic-cylinders.net\/ro\/wp-json\/wp\/v2\/product\/15740","targetHints":{"allow":["GET"]}}],"collection":[{"href":"https:\/\/www.hydraulic-cylinders.net\/ro\/wp-json\/wp\/v2\/product"}],"about":[{"href":"https:\/\/www.hydraulic-cylinders.net\/ro\/wp-json\/wp\/v2\/types\/product"}],"replies":[{"embeddable":true,"href":"https:\/\/www.hydraulic-cylinders.net\/ro\/wp-json\/wp\/v2\/comments?post=15740"}],"wp:featuredmedia":[{"embeddable":true,"href":"https:\/\/www.hydraulic-cylinders.net\/ro\/wp-json\/wp\/v2\/media\/14776"}],"wp:attachment":[{"href":"https:\/\/www.hydraulic-cylinders.net\/ro\/wp-json\/wp\/v2\/media?parent=15740"}],"wp:term":[{"taxonomy":"product_brand","embeddable":true,"href":"https:\/\/www.hydraulic-cylinders.net\/ro\/wp-json\/wp\/v2\/product_brand?post=15740"},{"taxonomy":"product_cat","embeddable":true,"href":"https:\/\/www.hydraulic-cylinders.net\/ro\/wp-json\/wp\/v2\/product_cat?post=15740"},{"taxonomy":"product_tag","embeddable":true,"href":"https:\/\/www.hydraulic-cylinders.net\/ro\/wp-json\/wp\/v2\/product_tag?post=15740"}],"curies":[{"name":"wp","href":"https:\/\/api.w.org\/{rel}","templated":true}]}}