{"id":15745,"date":"2025-01-19T14:55:20","date_gmt":"2025-01-19T14:55:20","guid":{"rendered":"https:\/\/www.hydraulic-cylinders.net\/product\/bucket-cylinder-for-world-middle-excavator-w2260lc-8\/"},"modified":"2025-01-19T14:55:23","modified_gmt":"2025-01-19T14:55:23","slug":"bucket-cylinder-for-world-middle-excavator-w2260lc-8","status":"publish","type":"product","link":"https:\/\/www.hydraulic-cylinders.net\/ro\/produs\/bucket-cylinder-for-world-middle-excavator-w2260lc-8\/","title":{"rendered":"Cilindru cu cup\u0103 pentru excavatorul World Middle W2260LC-8"},"content":{"rendered":"<h1> Cilindru cu cup\u0103 pentru excavatorul World Middle W2260LC-8 <\/h1>\n<h2>Introducere<\/h2>\n<p>Un cilindru al cupei este un cilindru hidraulic special conceput, utilizat \u00een principal pentru a controla mi\u0219carea cupei \u00een utilaje grele, cum ar fi excavatoarele, excavatoarele cu buldoexcavatoare \u0219i \u00eenc\u0103rc\u0103toare frontale. Func\u021bia sa principal\u0103 este de a permite ridicarea, cobor\u00e2rea \u0219i \u00eenclinarea cupei, facilit\u00e2nd gestionarea diverselor sarcini de manipulare a materialelor. \u00cen sistemul hidraulic, cilindrul cupei realizeaz\u0103 un control precis al mi\u0219c\u0103rii cupei prin modific\u0103ri ale presiunii uleiului hidraulic, permi\u021b\u00e2nd operatorilor s\u0103 manipuleze eficient obiecte grele, s\u0103 se adapteze la medii de lucru complexe \u0219i s\u0103 \u00eendeplineasc\u0103 cerin\u021be diversificate ale lucr\u0103rilor.<\/p>\n<p><img loading=\"lazy\" decoding=\"async\" src=\"https:\/\/www.hydraulic-cylinders.net\/wp-content\/uploads\/2025\/01\/songte-company-2.webp\" alt=\"Cilindru cu cup\u0103 pentru excavatorul World Middle W2260LC-8\" width=\"500\" height=\"300\"><\/p>\n<h2>Caracteristici<\/h2>\n<ul>\n<li>Rezisten\u021b\u0103 \u0219i durabilitate ridicate: Fabricate de obicei din o\u021bel sau aluminiu de \u00eenalt\u0103 rezisten\u021b\u0103, pot rezista la presiuni ridicate \u0219i sarcini grele, se pot adapta la medii de lucru dure \u0219i iau \u00een considerare rezisten\u021ba la uzur\u0103 \u0219i rezisten\u021ba la coroziune \u00een proiectare pentru a prelungi durata de via\u021b\u0103.<\/li>\n<li>Func\u021bionare hidraulic\u0103 eficient\u0103: Ac\u021biunile line de expansiune \u0219i contrac\u021bie sunt ob\u021binute folosind presiunea uleiului hidraulic, oferind for\u021be puternice de \u00eempingere \u0219i tragere, potrivite pentru manipularea obiectelor grele \u0219i a sarcinilor complexe.<\/li>\n<li>Diverse tipuri: Cilindrii cu ac\u021biune simpl\u0103 (utiliza\u021bi hidraulic \u00eentr-o singur\u0103 direc\u021bie) sau cu ac\u021biune dubl\u0103 (utiliza\u021bi hidraulic \u00een dou\u0103 direc\u021bii) pot fi selecta\u021bi \u00een func\u021bie de nevoi pentru a satisface diferite cerin\u021be opera\u021bionale. Anumite modele sunt telescopice, permi\u021b\u00e2nd o extensie mai mare f\u0103r\u0103 a cre\u0219te dimensiunile exterioare, potrivite pentru aplica\u021bii \u00een care spa\u021biul este limitat.<\/li>\n<li>Produsele noastre pot \u00eenlocui perfect ace\u0219ti cilindri hidraulici.<\/li>\n<li>Personalizabil conform cerin\u021belor clientului.<\/li>\n<\/ul>\n<p><img loading=\"lazy\" decoding=\"async\" src=\"https:\/\/www.hydraulic-cylinders.net\/wp-content\/uploads\/2025\/01\/songte-cylinder-head-with-all-kinds-excavator-models.webp\" alt=\"Cilindru cu cup\u0103 pentru excavatorul World Middle W2260LC-8\" width=\"500\" height=\"300\"><\/p>\n<h2>Aplica\u021bii<\/h2>\n<p>Cilindrul cu cup\u0103 este utilizat pe scar\u0103 larg\u0103 \u00een diverse industrii, inclusiv, dar f\u0103r\u0103 a se limita la:<\/p>\n<ul>\n<li>Echipamente de construc\u021bii: \u00cen cazul excavatoarelor, acestea sunt esen\u021biale pentru excavare, \u00eenc\u0103rcare \u0219i mutarea solului sau a resturilor. \u00cen cazul excavatoarelor cu buldoexcavatoare, cilindrul cupei ajut\u0103 at\u00e2t la s\u0103pare, c\u00e2t \u0219i la ridicare. <\/li>\n<li>Ma\u0219ini agricole: utilizate pentru \u00eenc\u0103rc\u0103toare frontale, scobere, ridicare \u0219i transportul solului, f\u00e2nului \u0219i altor materiale. <\/li>\n<li>Excavatoare: Cilindrii cupei permit ac\u021biunea de s\u0103pare permi\u021b\u00e2nd cupei s\u0103 p\u0103trund\u0103 \u00een sol. <\/li>\n<li>\u00cenc\u0103rc\u0103toare: \u00cen \u00eenc\u0103rc\u0103toarele frontale, acestea ajut\u0103 la ridicarea \u0219i \u00eenclinarea eficient\u0103 a \u00eenc\u0103rc\u0103turii. <\/li>\n<\/ul>\n<h2>Considera\u021bii de proiectare \u0219i criterii de selec\u021bie<\/h2>\n<ul>\n<li>Capacitate portant\u0103: Cilindrii cupei trebuie s\u0103 poat\u0103 rezista la presiuni ridicate \u0219i sarcini grele.<\/li>\n<li>Etan\u0219are: Se utilizeaz\u0103 diverse garnituri, cum ar fi garnituri pentru piston, garnituri pentru tij\u0103 etc. Garniturile sunt fabricate din materiale rezistente la uzur\u0103, cum ar fi poliuretanul, cauciucul nitrilic etc. <\/li>\n<li>Durabilitate: Corpul cilindrului \u0219i suprafe\u021bele filetate ale cap\u0103tului sunt prelucrate fin pentru a \u00eembun\u0103t\u0103\u021bi rezisten\u021ba la uzur\u0103.<\/li>\n<li>Siguran\u021b\u0103: Cilindrii cupei trebuie s\u0103 includ\u0103 caracteristici de siguran\u021b\u0103, cum ar fi supape de suprapresiune \u0219i mecanisme de blocare, pentru a preveni accidentele.<\/li>\n<li>\u00centre\u021binere: \u00centre\u021binerea \u0219i inspec\u021bia adecvate, inclusiv lubrifierea regulat\u0103, \u00eenlocuirea garniturilor \u0219i verific\u0103rile de calibrare, sunt necesare pentru a asigura o func\u021bionare eficient\u0103 \u0219i sigur\u0103.<\/li>\n<\/ul>\n<p><img loading=\"lazy\" decoding=\"async\" src=\"https:\/\/www.hydraulic-cylinders.net\/wp-content\/uploads\/2025\/01\/songte-oil-pipes-and-spare-parts.webp\" alt=\"Cilindru cu cup\u0103 pentru excavatorul World Middle W2260LC-8\" width=\"500\" height=\"300\"><\/p>\n<h2>Etan\u0219are \u0219i lubrifiere<\/h2>\n<p>Diverse garnituri sunt utilizate pentru a asigura c\u0103 uleiul hidraulic r\u0103m\u00e2ne \u00een interiorul cilindrului, prevenind \u00een acela\u0219i timp p\u0103trunderea contaminan\u021bilor \u00een cilindru. Garniturile pistonului \u0219i etan\u0219\u0103rile tijei sunt fabricate din materiale rezistente la uzur\u0103, cum ar fi poliuretanul \u0219i cauciucul nitrilic. Corpul cilindrului \u0219i suprafe\u021bele filetate ale cap\u0103tului sunt prelucrate fin pentru a \u00eembun\u0103t\u0103\u021bi rezisten\u021ba la uzur\u0103. Lubrifierea regulat\u0103 cu ulei hidraulic adecvat este necesar\u0103 pentru a asigura o func\u021bionare lin\u0103 \u0219i a preveni uzura garniturilor.<\/p>\n<h2>Inspec\u021bie regulat\u0103 \u0219i \u00eentre\u021binere preventiv\u0103<\/h2>\n<p>Inspec\u021bia regulat\u0103 \u0219i \u00eentre\u021binerea preventiv\u0103 sunt necesare pentru a asigura func\u021bionarea eficient\u0103 \u0219i sigur\u0103 a cilindrilor cupei. Sarcinile comune de \u00eentre\u021binere includ lubrifierea, \u00eenlocuirea garniturilor \u0219i verific\u0103rile de calibrare. Este important s\u0103 instala\u021bi corect cilindrul, s\u0103 \u00eel alinia\u021bi corect \u0219i s\u0103 utiliza\u021bi suporturi de instalare adecvate pentru a fixa cilindrul. Trebuie respectate procedurile de inspec\u021bie, reparare \u0219i \u00eenlocuire recomandate de produc\u0103tor. Piese de schimb \u0219i servicii de reconstruc\u021bie sunt disponibile pentru a prelungi durata de via\u021b\u0103 a cilindrului cupei. <\/p>\n<p><img loading=\"lazy\" decoding=\"async\" src=\"https:\/\/www.hydraulic-cylinders.net\/wp-content\/uploads\/2025\/01\/songte-chushion-collar.webp\" alt=\"Cilindru cu cup\u0103 pentru excavatorul World Middle W2260LC-8\" width=\"500\" height=\"300\"><\/p>\n<h2>Considera\u021bii privind siguran\u021ba \u0219i mediul<\/h2>\n<p>Cilindrii cupei trebuie ac\u021biona\u021bi \u00een siguran\u021b\u0103, cu caracteristici de siguran\u021b\u0103 adecvate, cum ar fi supape de suprapresiune \u0219i mecanisme de blocare, pentru a preveni accidentele. Eliminarea corect\u0103 a uleiului hidraulic uzat \u0219i a cilindrilor este necesar\u0103 pentru a preveni deteriorarea mediului.<\/p>\n<h2>Probleme frecvente \u0219i depanare<\/h2>\n<p>Problemele frecvente ale cilindrilor cupei includ scurgeri, deteriorarea garniturilor \u0219i deteriorarea pistonului. Depanarea poate implica inspectarea garniturilor \u0219i a pistonului, verificarea nivelului \u0219i presiunii fluidului hidraulic \u0219i c\u0103utarea semnelor de uzur\u0103 \u0219i deteriorare. M\u0103surile preventive, cum ar fi \u00eentre\u021binerea \u0219i inspec\u021bia regulat\u0103, pot ajuta la minimizarea problemelor.<\/p>\n<p><img loading=\"lazy\" decoding=\"async\" src=\"https:\/\/www.hydraulic-cylinders.net\/wp-content\/uploads\/2025\/01\/songte-bushings-with-all-kinds-of-excavator-models.webp\" alt=\"Cilindru cu cup\u0103 pentru excavatorul World Middle W2260LC-8\" width=\"500\" height=\"300\"><\/p>\n<h2>Despre compania noastr\u0103<\/h2>\n<p>Suntem produc\u0103tori de cilindri hidraulici de schimb, oferind o gam\u0103 larg\u0103 de produse. Suntem unul dintre principalii produc\u0103tori \u0219i angrosi\u0219ti \u200b\u200bde cilindri hidraulici pe pie\u021bele interne \u0219i interna\u021bionale. Ader\u0103m la principiul calit\u0103\u021bii excelente \u0219i ne baz\u0103m pe strategii industrializate de management al produc\u021biei \u00een ateliere de produc\u021bie fin\u0103, utiliz\u00e2nd talent tehnologic, echipamente digitale de produc\u021bie de ultim\u0103 genera\u021bie \u0219i sisteme profesionale de testare pentru a \u00eembun\u0103t\u0103\u021bi continuu platforma de produc\u021bie a atelierului. Avem o capacitate creativ\u0103 solid\u0103 \u0219i oferim principii eficiente, precise \u0219i de \u00eenalt\u0103 calitate pentru a satisface nevoile diverse ale clien\u021bilor.<\/p>\n<p><img loading=\"lazy\" decoding=\"async\" src=\"https:\/\/hzpt.com\/wp-content\/uploads\/2024\/11\/songte-company-1.webp\" alt=\"Cilindru cu cup\u0103 pentru excavatorul World Middle W2260LC-8\" width=\"500\" height=\"300\"><\/p>\n<h3>Profesionalism:<\/h3>\n<p>Echipa noastr\u0103 este format\u0103 din profesioni\u0219ti cu \u00eenalt\u0103 calificare \u0219i experien\u021b\u0103, care pot oferi solu\u021bii personalizate pentru a se potrivi nevoilor dumneavoastr\u0103. <\/p>\n<h3>Certificare interna\u021bional\u0103:<\/h3>\n<p>Produsele noastre sunt certificate conform standardelor interna\u021bionale precum ISO9001 \u0219i CE. <\/p>\n<h3>Servicii de personalizare:<\/h3>\n<p>Oferim cilindri hidraulici personalizabili \u00een func\u021bie de cerin\u021bele clien\u021bilor. <\/p>\n<h3>Echipamente de produc\u021bie:<\/h3>\n<p>Echipamentele noastre de produc\u021bie includ ma\u0219ini CNC avansate \u0219i echipamente de testare pentru a asigura precizie \u0219i calitate ridicate.<\/p>\n<h3>Servicii post-v\u00e2nzare:<\/h3>\n<p>Oferim clien\u021bilor no\u0219tri asisten\u021b\u0103 tehnic\u0103, inclusiv instalare \u0219i \u00eentre\u021binere. De asemenea, oferim garan\u021bie, piese de schimb \u0219i servicii de reconstruc\u021bie.<\/p>\n<p>De Lyl.<\/p>","protected":false},"excerpt":{"rendered":"<p>Bucket Cylinder For World Middle Excavator W2260LC-8 Introduction A bucket cylinder is a specially designed hydraulic cylinder used mainly to control the movement of the bucket in heavy machinery such as excavators, backhoe excavators, and front-end loaders. Its main function is to enable the bucket to lift, lower, and tilt, making it easier to handle [&hellip;]<\/p>","protected":false},"featured_media":14762,"comment_status":"open","ping_status":"closed","template":"","meta":{"_et_pb_use_builder":"","_et_pb_old_content":"","_et_gb_content_width":""},"product_brand":[],"product_cat":[1494],"product_tag":[1495,1496],"class_list":{"0":"post-15745","1":"product","2":"type-product","3":"status-publish","4":"has-post-thumbnail","6":"product_cat-bucket-cylinders","7":"product_tag-bucket-cylinders","8":"product_tag-hydraulic-cylinders","10":"first","11":"instock","12":"shipping-taxable","13":"product-type-simple"},"amp_enabled":true,"_links":{"self":[{"href":"https:\/\/www.hydraulic-cylinders.net\/ro\/wp-json\/wp\/v2\/product\/15745","targetHints":{"allow":["GET"]}}],"collection":[{"href":"https:\/\/www.hydraulic-cylinders.net\/ro\/wp-json\/wp\/v2\/product"}],"about":[{"href":"https:\/\/www.hydraulic-cylinders.net\/ro\/wp-json\/wp\/v2\/types\/product"}],"replies":[{"embeddable":true,"href":"https:\/\/www.hydraulic-cylinders.net\/ro\/wp-json\/wp\/v2\/comments?post=15745"}],"wp:featuredmedia":[{"embeddable":true,"href":"https:\/\/www.hydraulic-cylinders.net\/ro\/wp-json\/wp\/v2\/media\/14762"}],"wp:attachment":[{"href":"https:\/\/www.hydraulic-cylinders.net\/ro\/wp-json\/wp\/v2\/media?parent=15745"}],"wp:term":[{"taxonomy":"product_brand","embeddable":true,"href":"https:\/\/www.hydraulic-cylinders.net\/ro\/wp-json\/wp\/v2\/product_brand?post=15745"},{"taxonomy":"product_cat","embeddable":true,"href":"https:\/\/www.hydraulic-cylinders.net\/ro\/wp-json\/wp\/v2\/product_cat?post=15745"},{"taxonomy":"product_tag","embeddable":true,"href":"https:\/\/www.hydraulic-cylinders.net\/ro\/wp-json\/wp\/v2\/product_tag?post=15745"}],"curies":[{"name":"wp","href":"https:\/\/api.w.org\/{rel}","templated":true}]}}