{"id":15749,"date":"2025-01-19T14:55:52","date_gmt":"2025-01-19T14:55:52","guid":{"rendered":"https:\/\/www.hydraulic-cylinders.net\/product\/bucket-cylinder-for-world-large-excavator-w2360blc-8\/"},"modified":"2025-01-19T14:55:54","modified_gmt":"2025-01-19T14:55:54","slug":"bucket-cylinder-for-world-large-excavator-w2360blc-8","status":"publish","type":"product","link":"https:\/\/www.hydraulic-cylinders.net\/ro\/produs\/bucket-cylinder-for-world-large-excavator-w2360blc-8\/","title":{"rendered":"Cilindru cu cup\u0103 pentru excavatorul World Large W2360BLC-8"},"content":{"rendered":"<h1>Cilindru cu cup\u0103 pentru excavatorul World Large W2360BLC-8<\/h1>\n<h2>Introducere<\/h2>\n<p>Cilindrul cupei este un cilindru hidraulic special conceput, utilizat pentru a controla mi\u0219carea cupei \u00een utilaje grele, cum ar fi excavatoarele, excavatoarele \u0219i \u00eenc\u0103rc\u0103toarele frontale. Func\u021bia sa principal\u0103 este de a permite ridicarea, cobor\u00e2rea \u0219i \u00eenclinarea cupei, facilit\u00e2nd diverse sarcini de manipulare a materialelor. \u00cen sistemul hidraulic, cilindrul cupei realizeaz\u0103 un control precis al cupei prin schimbarea presiunii uleiului hidraulic, permi\u021b\u00e2nd operatorilor s\u0103 manipuleze eficient sarcini grele \u0219i s\u0103 se adapteze la medii de lucru complexe \u0219i cerin\u021be opera\u021bionale diverse.<\/p>\n<p><img decoding=\"async\" src=\"https:\/\/www.hydraulic-cylinders.net\/wp-content\/uploads\/2025\/01\/songte-company-2.webp\" alt=\"Cilindru cu cup\u0103\" \/><\/p>\n<h2>Caracteristici<\/h2>\n<ul>\n<li>Rezisten\u021b\u0103 \u0219i durabilitate ridicate: De obicei, fabricate din o\u021bel sau aluminiu de \u00eenalt\u0103 rezisten\u021b\u0103, pot rezista la presiuni ridicate \u0219i sarcini grele, se adapteaz\u0103 la medii de lucru dure \u0219i au o bun\u0103 rezisten\u021b\u0103 la uzur\u0103 \u0219i coroziune, prelungindu-i astfel durata de via\u021b\u0103.<\/li>\n<li>Func\u021bionare hidraulic\u0103 eficient\u0103: Ac\u021biunea telescopic\u0103 lin\u0103 se ob\u021bine prin utilizarea presiunii uleiului hidraulic, care poate r\u0103spunde rapid la comenzile de control, ofer\u0103 o for\u021b\u0103 puternic\u0103 de \u00eempingere-tragere \u0219i este potrivit pentru manipularea obiectelor grele \u0219i a sarcinilor opera\u021bionale complexe.<\/li>\n<li>Diverse tipuri: Cilindrii cu ac\u021biune simpl\u0103 (utiliza\u021bi hidraulic \u00eentr-o singur\u0103 direc\u021bie) sau cu ac\u021biune dubl\u0103 (utiliza\u021bi hidraulic \u00een dou\u0103 direc\u021bii) pot fi selecta\u021bi \u00een func\u021bie de necesit\u0103\u021bi pentru a satisface diferite cerin\u021be opera\u021bionale. Unele modele sunt telescopice, permi\u021b\u00e2nd o extensie mai mare f\u0103r\u0103 a cre\u0219te dimensiunile exterioare \u0219i sunt potrivi\u021bi pentru aplica\u021bii cu spa\u021biu limitat.<\/li>\n<li>\u00cenlocuibil: Produsul nostru poate \u00eenlocui perfect ace\u0219ti cilindri hidraulici.<\/li>\n<\/ul>\n<p><img decoding=\"async\" src=\"https:\/\/www.hydraulic-cylinders.net\/wp-content\/uploads\/2025\/01\/songte-cylinder-head-with-all-kinds-excavator-models.webp\" alt=\"Modele de cilindri cu cup\u0103\" \/><\/p>\n<h2>Aplica\u021bii<\/h2>\n<p>Cilindrul cupei este utilizat pe scar\u0103 larg\u0103 \u00een diverse opera\u021biuni cu utilaje grele. Principalele sale aplica\u021bii includ:<\/p>\n<ul>\n<li>Echipamente de construc\u021bii: \u00cen excavatoare, acestea sunt esen\u021biale pentru s\u0103pare, \u00eenc\u0103rcare \u0219i mutarea solului sau a resturilor. \u00cen buldoexcavatoarele, cilindrul cupei ajut\u0103 la s\u0103pare \u0219i ridicare.<\/li>\n<li>Ma\u0219ini agricole: utilizate \u00een \u00eenc\u0103rc\u0103toarele frontale pentru a scoate, ridica \u0219i transporta sol, f\u00e2n \u0219i alte materiale.<\/li>\n<li>Excavatoare: Cilindrul cupei permite ac\u021biunea de s\u0103pare permi\u021b\u00e2nd cupei s\u0103 p\u0103trund\u0103 \u00een sol.<\/li>\n<li>\u00cenc\u0103rc\u0103toare: \u00cen cazul \u00eenc\u0103rc\u0103toarelor frontale, acestea ajut\u0103 la ridicarea \u0219i \u00eenclinarea eficient\u0103 a \u00eenc\u0103rc\u0103turii.<\/li>\n<\/ul>\n<h2>Standarde de design \u0219i selec\u021bie a produselor<\/h2>\n<p>Cilindrul cupei este proiectat pentru a \u00eendeplini standarde \u00eenalte de performan\u021b\u0103 \u0219i siguran\u021b\u0103. Iat\u0103 c\u00e2teva dintre considera\u021biile cheie de proiectare:<\/p>\n<ul>\n<li>Capacitate portant\u0103: Cilindrul trebuie s\u0103 poat\u0103 suporta sarcini mari \u0219i schimb\u0103ri de presiune f\u0103r\u0103 deformare sau defectare.<\/li>\n<li>Etan\u0219are: Cilindrul trebuie s\u0103 utilizeze componente de etan\u0219are de \u00eenalt\u0103 calitate, cum ar fi etan\u0219\u0103rile pistonului \u0219i etan\u0219\u0103rile tijei, pentru a preveni scurgerile de ulei \u0219i a men\u021bine presiunea hidraulic\u0103.<\/li>\n<li>Durabilitate: Cilindrul trebuie s\u0103 fie fabricat din materiale de \u00eenalt\u0103 calitate pentru a rezista la uzur\u0103, coroziune \u0219i deterior\u0103ri cauzate de oboseal\u0103.<\/li>\n<li>Siguran\u021b\u0103: Cilindrul trebuie s\u0103 aib\u0103 caracteristici de siguran\u021b\u0103 adecvate, cum ar fi supape de suprapresiune \u0219i butoane de oprire de urgen\u021b\u0103, pentru a preveni accidentele.<\/li>\n<li>\u00centre\u021binere: Cilindrul trebuie s\u0103 fie u\u0219or de \u00eentre\u021binut \u0219i reparat, cu componente u\u0219or accesibile \u0219i piese \u00eenlocuibile.<\/li>\n<\/ul>\n<p><img decoding=\"async\" src=\"https:\/\/www.hydraulic-cylinders.net\/wp-content\/uploads\/2025\/01\/songte-oil-pipes-and-spare-parts.webp\" alt=\"Piese cilindru hidraulic\" \/><\/p>\n<h2>Etan\u0219are \u0219i lubrifiere<\/h2>\n<p>Cilindrul cupei utilizeaz\u0103 diverse componente de etan\u0219are, cum ar fi etan\u0219\u0103rile pistonului \u0219i etan\u0219\u0103rile tijei, iar aceste componente sunt fabricate din materiale rezistente la uzur\u0103, cum ar fi poliuretanul \u0219i cauciucul nitrilic. Corpul cilindrului \u0219i suprafa\u021ba filetat\u0103 sunt supuse unei prelucr\u0103ri fine pentru a \u00eembun\u0103t\u0103\u021bi rezisten\u021ba la uzur\u0103. Ad\u0103ugarea regulat\u0103 a cantit\u0103\u021bii adecvate de ulei hidraulic este, de asemenea, esen\u021bial\u0103 pentru a asigura o lubrifiere corespunz\u0103toare.<\/p>\n<h2>\u00centre\u021binere \u0219i repara\u021bii<\/h2>\n<p>Inspec\u021bia regulat\u0103 \u0219i m\u0103surile de \u00eentre\u021binere preventiv\u0103 sunt esen\u021biale pentru a asigura longevitatea \u0219i performan\u021ba cilindrului cupei. Sarcinile comune de \u00eentre\u021binere includ:<\/p>\n<ul>\n<li>Inspec\u021bie regulat\u0103<\/li>\n<li>Lubrifiere adecvat\u0103<\/li>\n<li>\u00cenlocuirea garniturii<\/li>\n<li>Verificare calibrare<\/li>\n<\/ul>\n<p>Este esen\u021bial s\u0103 instala\u021bi corect cilindrul cupei pentru a asigura performan\u021ba sa optim\u0103. Alinierea corect\u0103, utilizarea consolelor de instalare adecvate pentru fixarea cilindrului \u0219i respectarea procedurilor recomandate de inspec\u021bie, reparare \u0219i \u00eenlocuire pot, de asemenea, contribui la prelungirea duratei de via\u021b\u0103 a cilindrului.<\/p>\n<p><img decoding=\"async\" src=\"https:\/\/www.hydraulic-cylinders.net\/wp-content\/uploads\/2025\/01\/songte-chushion-collar.webp\" alt=\"Guler de pern\u0103\" \/><\/p>\n<h2>Considera\u021bii de siguran\u021b\u0103 \u0219i factori de mediu<\/h2>\n<p>La operarea cilindrului cupei, trebuie respectate m\u0103suri de siguran\u021b\u0103, cum ar fi purtarea echipamentului de protec\u021bie, men\u021binerea unei distan\u021be adecvate \u0219i evitarea supra\u00eenc\u0103rc\u0103rii cilindrului. De asemenea, este esen\u021bial s\u0103 se elimine corespunz\u0103tor uleiul hidraulic uzat \u0219i alte materiale reziduale pentru a proteja mediul \u00eenconjur\u0103tor.<\/p>\n<h2>Depanare \u0219i probleme frecvente<\/h2>\n<p>Printre problemele comune care pot ap\u0103rea cu cilindrul cupei se num\u0103r\u0103 scurgerile de ulei, presiunea insuficient\u0103 \u0219i instalarea necorespunz\u0103toare. Pentru a diagnostica \u0219i depana aceste probleme, este necesar s\u0103 examina\u021bi cu aten\u021bie componentele cilindrului, cum ar fi garniturile, garniturile \u0219i fitingurile, \u0219i s\u0103 urma\u021bi procedurile recomandate de reparare \u0219i \u00eenlocuire. M\u0103surile preventive, cum ar fi inspec\u021bia regulat\u0103 \u0219i lubrifierea corespunz\u0103toare, pot, de asemenea, ajuta la reducerea probabilit\u0103\u021bii acestor probleme.<\/p>\n<p><img decoding=\"async\" src=\"https:\/\/www.hydraulic-cylinders.net\/wp-content\/uploads\/2025\/01\/songte-bushings-with-all-kinds-of-excavator-models.webp\" alt=\"Buc\u0219e cilindru cup\u0103\" \/><\/p>\n<h2>Despre compania noastr\u0103<\/h2>\n<p>Suntem un produc\u0103tor \u0219i distribuitor angro de top de cilindri hidraulici pe pie\u021bele interne \u0219i interna\u021bionale. Linia noastr\u0103 de produse este divers\u0103 \u0219i ne str\u0103duim s\u0103 atingem excelen\u021ba \u00een calitate prin strategii industrializate de management al produc\u021biei \u00een atelierele noastre de produc\u021bie de precizie. Compania noastr\u0103 \u00eembun\u0103t\u0103\u021be\u0219te continuu platforma de produc\u021bie \u0219i ruta de produc\u021bie a calit\u0103\u021bii produselor prin utilizarea talentelor tehnologice, a echipamentelor digitale de produc\u021bie de ultim\u0103 genera\u021bie \u0219i a sistemelor profesionale de testare. Avem o capacitate puternic\u0103 de inovare \u0219i ader\u0103m la principiile de \u00eenalt\u0103 eficien\u021b\u0103, \u00eenalt\u0103 precizie \u0219i \u00eenalt\u0103 calitate pentru a satisface nevoile diverse ale clien\u021bilor.<\/p>\n<p><img decoding=\"async\" src=\"https:\/\/hzpt.com\/wp-content\/uploads\/2024\/11\/songte-company-1.webp\" alt=\"Cl\u0103direa companiei\" \/><\/p>\n<h2>Profesionalism<\/h2>\n<p>Avem o echip\u0103 de profesioni\u0219ti cu experien\u021b\u0103, specializa\u021bi \u00een proiectarea, fabricarea \u0219i repararea cilindrilor hidraulici. Personalul nostru particip\u0103 la cursuri regulate de instruire pentru a fi la curent cu cele mai recente tendin\u021be \u0219i tehnologii din industrie, astfel \u00eenc\u00e2t s\u0103 ofere servicii de \u00eenalt\u0103 calitate clien\u021bilor no\u0219tri.<\/p>\n<h2>Certificare interna\u021bional\u0103<\/h2>\n<p>Compania noastr\u0103 a ob\u021binut certific\u0103ri interna\u021bionale precum ISO 9001 \u0219i CE, demonstr\u00e2nd angajamentul nostru fa\u021b\u0103 de standardele de calitate \u0219i siguran\u021b\u0103.<\/p>\n<h2>Servicii de personalizare<\/h2>\n<p>Oferim solu\u021bii personalizate pentru cilindri hidraulici pentru a satisface nevoile specifice ale clien\u021bilor no\u0219tri \u0219i oferim o gam\u0103 larg\u0103 de servicii de personalizare, cum ar fi proiectarea, selec\u021bia materialelor \u0219i testarea.<\/p>\n<h2>Echipamente de produc\u021bie<\/h2>\n<p>Facilit\u0103\u021bile noastre de produc\u021bie sunt dotate cu centre de prelucrare CNC avansate, ma\u0219ini de honuit \u0219i alte echipamente de fabrica\u021bie de ultim\u0103 genera\u021bie pentru a asigura acurate\u021bea \u0219i calitatea produselor noastre.<\/p>\n<h2>Serviciu post-v\u00e2nzare<\/h2>\n<p>Oferim servicii complete post-v\u00e2nzare, inclusiv asisten\u021b\u0103 tehnic\u0103, repara\u021bii \u0219i \u00eenlocuiri, pentru a asigura satisfac\u021bia clien\u021bilor \u0219i performan\u021ba pe termen lung a produselor noastre.<\/p>\n<p>Autor: lyl<\/p>","protected":false},"excerpt":{"rendered":"<p>Bucket Cylinder For World Large Excavator W2360BLC-8 Introduction The bucket cylinder is a specially designed hydraulic cylinder used to control the movement of the bucket in heavy machinery such as excavators, backhoes, and front loaders. Its main function is to enable the bucket to lift, lower, and tilt, making it easier for various material handling [&hellip;]<\/p>","protected":false},"featured_media":14787,"comment_status":"open","ping_status":"closed","template":"","meta":{"_et_pb_use_builder":"","_et_pb_old_content":"","_et_gb_content_width":""},"product_brand":[],"product_cat":[1494],"product_tag":[1495,1496],"class_list":{"0":"post-15749","1":"product","2":"type-product","3":"status-publish","4":"has-post-thumbnail","6":"product_cat-bucket-cylinders","7":"product_tag-bucket-cylinders","8":"product_tag-hydraulic-cylinders","10":"first","11":"instock","12":"shipping-taxable","13":"product-type-simple"},"amp_enabled":true,"_links":{"self":[{"href":"https:\/\/www.hydraulic-cylinders.net\/ro\/wp-json\/wp\/v2\/product\/15749","targetHints":{"allow":["GET"]}}],"collection":[{"href":"https:\/\/www.hydraulic-cylinders.net\/ro\/wp-json\/wp\/v2\/product"}],"about":[{"href":"https:\/\/www.hydraulic-cylinders.net\/ro\/wp-json\/wp\/v2\/types\/product"}],"replies":[{"embeddable":true,"href":"https:\/\/www.hydraulic-cylinders.net\/ro\/wp-json\/wp\/v2\/comments?post=15749"}],"wp:featuredmedia":[{"embeddable":true,"href":"https:\/\/www.hydraulic-cylinders.net\/ro\/wp-json\/wp\/v2\/media\/14787"}],"wp:attachment":[{"href":"https:\/\/www.hydraulic-cylinders.net\/ro\/wp-json\/wp\/v2\/media?parent=15749"}],"wp:term":[{"taxonomy":"product_brand","embeddable":true,"href":"https:\/\/www.hydraulic-cylinders.net\/ro\/wp-json\/wp\/v2\/product_brand?post=15749"},{"taxonomy":"product_cat","embeddable":true,"href":"https:\/\/www.hydraulic-cylinders.net\/ro\/wp-json\/wp\/v2\/product_cat?post=15749"},{"taxonomy":"product_tag","embeddable":true,"href":"https:\/\/www.hydraulic-cylinders.net\/ro\/wp-json\/wp\/v2\/product_tag?post=15749"}],"curies":[{"name":"wp","href":"https:\/\/api.w.org\/{rel}","templated":true}]}}