{"id":15757,"date":"2025-01-19T14:56:28","date_gmt":"2025-01-19T14:56:28","guid":{"rendered":"https:\/\/www.hydraulic-cylinders.net\/product\/bucket-cylinder-for-jingong-wheel-type-jcm9075l\/"},"modified":"2025-01-19T14:56:34","modified_gmt":"2025-01-19T14:56:34","slug":"bucket-cylinder-for-jingong-wheel-type-jcm9075l","status":"publish","type":"product","link":"https:\/\/www.hydraulic-cylinders.net\/ro\/produs\/bucket-cylinder-for-jingong-wheel-type-jcm9075l\/","title":{"rendered":"Cilindru cu cup\u0103 pentru roat\u0103 Jingong tip JCM9075L"},"content":{"rendered":"<h1>Cilindru cu cup\u0103 pentru roat\u0103 Jingong tip JCM9075L<\/h1>\n<h2>Introducere<\/h2>\n<p>Un cilindru al cupei este un cilindru hidraulic special conceput, utilizat pentru a controla mi\u0219carea cupei \u00een utilaje grele, cum ar fi excavatoarele, excavatoarele \u0219i \u00eenc\u0103rc\u0103toarele frontale. Func\u021bia sa principal\u0103 este de a permite ridicarea, cobor\u00e2rea \u0219i \u00eenclinarea cupei, facilit\u00e2nd gestionarea diverselor sarcini de manipulare a materialelor. \u00cen sistemul hidraulic, cilindrul cupei utilizeaz\u0103 modific\u0103rile de presiune ale uleiului hidraulic pentru a ob\u021bine un control precis al cupei, permi\u021b\u00e2nd operatorilor s\u0103 manipuleze eficient sarcini grele \u0219i s\u0103 se adapteze la medii de lucru complexe \u0219i cerin\u021be opera\u021bionale diverse.<\/p>\n<p><img decoding=\"async\" src=\"https:\/\/www.hydraulic-cylinders.net\/wp-content\/uploads\/2025\/01\/songte-company-2.webp\" alt=\"cilindru cup\u0103\"><\/p>\n<h2>Caracteristici<\/h2>\n<ul>\n<li>Rezisten\u021b\u0103 \u0219i durabilitate ridicate: fabricate de obicei din o\u021bel sau aluminiu de \u00eenalt\u0103 rezisten\u021b\u0103, pot rezista la presiuni ridicate \u0219i sarcini grele, potrivite pentru medii de lucru dure, proiectate av\u00e2nd \u00een vedere rezisten\u021ba la uzur\u0103 \u0219i la coroziune, prelungind durata de via\u021b\u0103.<\/li>\n<li>Func\u021bionare hidraulic\u0103 eficient\u0103: mi\u0219carea lin\u0103 de extensie \u0219i contrac\u021bie se realizeaz\u0103 prin utilizarea presiunii uleiului hidraulic, poate r\u0103spunde rapid la comenzile de control, ofer\u0103 o for\u021b\u0103 puternic\u0103 de \u00eempingere \u0219i tragere, potrivit\u0103 pentru manipularea sarcinilor grele \u0219i a sarcinilor de lucru complexe.<\/li>\n<li>Diverse tipuri: cilindri cu ac\u021biune simpl\u0103 (hidraulici utiliza\u021bi \u00eentr-o singur\u0103 direc\u021bie) sau cu ac\u021biune dubl\u0103 (hidraulici utiliza\u021bi \u00een ambele direc\u021bii) pot fi selecta\u021bi \u00een func\u021bie de necesit\u0103\u021bi, unele modele fiind telescopice, permi\u021b\u00e2nd o extensie mai mare f\u0103r\u0103 a cre\u0219te dimensiunile exterioare, fiind potrivi\u021bi pentru aplica\u021bii cu spa\u021biu limitat.<\/li>\n<li>Capacit\u0103\u021bi de produc\u021bie: produsele noastre pot \u00eenlocui perfect ace\u0219ti cilindri hidraulici.<\/li>\n<\/ul>\n<p><img decoding=\"async\" src=\"https:\/\/www.hydraulic-cylinders.net\/wp-content\/uploads\/2025\/01\/songte-cylinder-head-with-all-kinds-excavator-models.webp\" alt=\"cilindru cup\u0103\"><\/p>\n<h2>Aplica\u021bii<\/h2>\n<ul>\n<li>Echipamente de construc\u021bii: Se g\u0103sesc \u00een excavatoare, acestea sunt esen\u021biale pentru excavare, \u00eenc\u0103rcare \u0219i mutarea solului sau a resturilor. La excavatoarele cu buldoexcavatoare, cilindrii cupei ajut\u0103 at\u00e2t la s\u0103pare, c\u00e2t \u0219i la ridicare. Ma\u0219ini agricole: Folosite la \u00eenc\u0103rc\u0103toarele frontale pentru excavarea, ridicarea \u0219i transportul solului, f\u00e2nului \u0219i al altor materiale. Excavatoare: Cilindrii cupei realizeaz\u0103 ac\u021biunea de excavare permi\u021b\u00e2nd cupei s\u0103 p\u0103trund\u0103 \u00een sol. \u00cenc\u0103rc\u0103toare: La \u00eenc\u0103rc\u0103toarele frontale, acestea ajut\u0103 la ridicarea \u0219i desc\u0103rcarea eficient\u0103 a m\u0103rfurilor.<\/li>\n<\/ul>\n<h2>Considera\u021bii de proiectare \u0219i criterii de selec\u021bie<\/h2>\n<ul>\n<li>Capacitate portant\u0103: La proiectare trebuie luat\u0103 \u00een considerare capacitatea cilindrului de a suporta sarcini \u0219i presiune.<\/li>\n<li>Etan\u0219are: Trebuie luat\u0103 \u00een considerare utilizarea diferitelor elemente de etan\u0219are, cum ar fi inelele de etan\u0219are ale pistonului \u0219i inelele de etan\u0219are ale tijei. Elementele de etan\u0219are trebuie s\u0103 fie fabricate din materiale rezistente la uzur\u0103, cum ar fi poliuretanul \u0219i cauciucul nitrilic, iar corpul cilindrului \u0219i suprafe\u021bele filetate ale cap\u0103tului trebuie tratate fin pentru a spori rezisten\u021ba la uzur\u0103. Este necesar\u0103 ad\u0103ugarea regulat\u0103 a unei cantit\u0103\u021bi adecvate de ulei hidraulic pentru lubrifiere.<\/li>\n<li>Durabilitate: Lua\u021bi \u00een considerare capacitatea cilindrului de a rezista la uzur\u0103, coroziune \u0219i al\u021bi factori care \u00eei pot afecta durata de via\u021b\u0103.<\/li>\n<li>Siguran\u021b\u0103: Lua\u021bi \u00een considerare m\u0103surile de siguran\u021b\u0103 asociate cu utilizarea cilindrilor hidraulici, cum ar fi instalarea \u0219i \u00eentre\u021binerea corespunz\u0103toare.<\/li>\n<li>\u00centre\u021binere: Lua\u021bi \u00een considerare u\u0219urin\u021ba \u00eentre\u021binerii, cum ar fi u\u0219urin\u021ba dezasamblarii \u0219i reasamblarii pieselor \u0219i disponibilitatea pieselor de schimb.<\/li>\n<\/ul>\n<p><img decoding=\"async\" src=\"https:\/\/www.hydraulic-cylinders.net\/wp-content\/uploads\/2025\/01\/songte-oil-pipes-and-spare-parts.webp\" alt=\"cilindru cup\u0103\"><\/p>\n<h2>Etan\u0219are \u0219i lubrifiere<\/h2>\n<p>Ar trebui utilizate diverse elemente de etan\u0219are, cum ar fi inele de etan\u0219are pentru piston \u0219i inele de etan\u0219are pentru tij\u0103, iar elementele de etan\u0219are ar trebui s\u0103 fie fabricate din materiale rezistente la uzur\u0103, cum ar fi poliuretanul \u0219i cauciucul nitrilic. Corpul cilindrului \u0219i suprafe\u021bele filetate ale cap\u0103tului trebuie tratate fin pentru a spori rezisten\u021ba la uzur\u0103. Este necesar\u0103 ad\u0103ugarea regulat\u0103 a unei cantit\u0103\u021bi adecvate de ulei hidraulic pentru lubrifiere.<\/p>\n<h2>\u00centre\u021binere \u0219i m\u0103suri preventive<\/h2>\n<ul>\n<li>Verific\u0103ri regulate: Trebuie efectuate verific\u0103ri regulate, cum ar fi verificarea existen\u021bei scurgerilor \u0219i a deterior\u0103rii corpului cilindrului.<\/li>\n<li>Lubrifiere adecvat\u0103: Lubrifierea adecvat\u0103 cu ulei hidraulic este necesar\u0103 pentru a asigura func\u021bionarea corect\u0103 a cilindrului.<\/li>\n<li>Verific\u0103ri ale \u00eenlocuirii garniturilor \u0219i calibr\u0103rii: \u00cenlocuirea \u0219i calibrarea elementelor de etan\u0219are sunt necesare pentru a preveni scurgerile \u0219i a asigura func\u021bionarea corect\u0103 a cilindrului.<\/li>\n<\/ul>\n<p><img decoding=\"async\" src=\"https:\/\/www.hydraulic-cylinders.net\/wp-content\/uploads\/2025\/01\/songte-chushion-collar.webp\" alt=\"cilindru cup\u0103\"><\/p>\n<h2>Considera\u021bii de siguran\u021b\u0103 \u0219i factori de mediu<\/h2>\n<p>Atunci c\u00e2nd se utilizeaz\u0103 cilindri hidraulici, m\u0103surile de siguran\u021b\u0103 sunt esen\u021biale pentru a preveni accidentele \u0219i a asigura func\u021bionarea corect\u0103. De asemenea, este important s\u0103 se ia \u00een considerare factorii de mediu, cum ar fi contaminarea fluidelor, scurgerile \u0219i eliminarea uleiului hidraulic.<\/p>\n<h2>Depanare \u0219i probleme frecvente<\/h2>\n<ul>\n<li>E\u0219ecul de a extinde sau retrage cilindrul.<\/li>\n<li>Mi\u0219care lent\u0103 sau neregulat\u0103 a cilindrului.<\/li>\n<li>Scurgere de lichid din cilindru.<\/li>\n<\/ul>\n<p>Tehnicile adecvate de depanare \u0219i rezolvare a problemelor pot ajuta la diagnosticarea \u0219i rezolvarea acestor probleme. De asemenea, se pot lua m\u0103suri preventive pentru a minimiza poten\u021bialele probleme.<\/p>\n<p><img decoding=\"async\" src=\"https:\/\/www.hydraulic-cylinders.net\/wp-content\/uploads\/2025\/01\/songte-bushings-with-all-kinds-of-excavator-models.webp\" alt=\"cilindru cup\u0103\"><\/p>\n<h2>Despre compania noastr\u0103<\/h2>\n<p>Suntem produc\u0103tori de cilindri hidraulici de schimb cu o gam\u0103 complet\u0103 de produse, devenind unul dintre principalii produc\u0103tori \u0219i distribuitori angro de cilindri hidraulici pe pie\u021bele interne \u0219i interna\u021bionale. Ader\u0103m la principiul calit\u0103\u021bii excelente, ne baz\u0103m pe strategia industrializat\u0103 de management al produc\u021biei \u00een ateliere de produc\u021bie fin\u0103, \u00eembun\u0103t\u0103\u021bim continuu platforma de produc\u021bie a atelierului, \u00eembun\u0103t\u0103\u021bim linia de produc\u021bie a calit\u0103\u021bii produselor \u0219i avem o capacitate creativ\u0103 puternic\u0103. Putem satisface diversele nevoi ale clien\u021bilor cu eficien\u021b\u0103 ridicat\u0103, precizie ridicat\u0103 \u0219i produse de \u00eenalt\u0103 calitate.<\/p>\n<ul>\n<li>Profesionalism: Echipa noastr\u0103 are o vast\u0103 experien\u021b\u0103 \u00een fabricarea \u0219i proiectarea cilindrilor hidraulici, asigur\u00e2nd calitatea produselor noastre.<\/li>\n<li>Certificare interna\u021bional\u0103: Produsele noastre au trecut certific\u0103ri interna\u021bionale, asigur\u00e2nd calitatea \u0219i fiabilitatea.<\/li>\n<li>Personalizare: Oferim servicii personalizate pentru a satisface nevoile unice ale clien\u021bilor no\u0219tri.<\/li>\n<li>Echipamente de produc\u021bie: Folosim echipamente de produc\u021bie avansate pentru a asigura calitatea \u0219i consecven\u021ba produselor noastre.<\/li>\n<li>Servicii post-v\u00e2nzare: Oferim clien\u021bilor no\u0219tri servicii post-v\u00e2nzare excelente, inclusiv piese de schimb \u0219i servicii de reconstruc\u021bie.<\/li>\n<\/ul>\n<p><img decoding=\"async\" src=\"https:\/\/hzpt.com\/wp-content\/uploads\/2024\/11\/songte-company-1.webp\" alt=\"cilindru cup\u0103\"><\/p>\n<p>Autor: lyl<\/p>","protected":false},"excerpt":{"rendered":"<p>Bucket Cylinder For Jingong Wheel Type JCM9075L Introduction A bucket cylinder is a specially designed hydraulic cylinder used to control the movement of the bucket in heavy machinery such as excavators, backhoes, and front-end loaders. Its primary function is to enable the bucket to lift, lower, and tilt, making it easier to handle various material [&hellip;]<\/p>","protected":false},"featured_media":14771,"comment_status":"open","ping_status":"closed","template":"","meta":{"_et_pb_use_builder":"","_et_pb_old_content":"","_et_gb_content_width":""},"product_brand":[],"product_cat":[1494],"product_tag":[1495,1496],"class_list":{"0":"post-15757","1":"product","2":"type-product","3":"status-publish","4":"has-post-thumbnail","6":"product_cat-bucket-cylinders","7":"product_tag-bucket-cylinders","8":"product_tag-hydraulic-cylinders","10":"first","11":"instock","12":"shipping-taxable","13":"product-type-simple"},"amp_enabled":true,"_links":{"self":[{"href":"https:\/\/www.hydraulic-cylinders.net\/ro\/wp-json\/wp\/v2\/product\/15757","targetHints":{"allow":["GET"]}}],"collection":[{"href":"https:\/\/www.hydraulic-cylinders.net\/ro\/wp-json\/wp\/v2\/product"}],"about":[{"href":"https:\/\/www.hydraulic-cylinders.net\/ro\/wp-json\/wp\/v2\/types\/product"}],"replies":[{"embeddable":true,"href":"https:\/\/www.hydraulic-cylinders.net\/ro\/wp-json\/wp\/v2\/comments?post=15757"}],"wp:featuredmedia":[{"embeddable":true,"href":"https:\/\/www.hydraulic-cylinders.net\/ro\/wp-json\/wp\/v2\/media\/14771"}],"wp:attachment":[{"href":"https:\/\/www.hydraulic-cylinders.net\/ro\/wp-json\/wp\/v2\/media?parent=15757"}],"wp:term":[{"taxonomy":"product_brand","embeddable":true,"href":"https:\/\/www.hydraulic-cylinders.net\/ro\/wp-json\/wp\/v2\/product_brand?post=15757"},{"taxonomy":"product_cat","embeddable":true,"href":"https:\/\/www.hydraulic-cylinders.net\/ro\/wp-json\/wp\/v2\/product_cat?post=15757"},{"taxonomy":"product_tag","embeddable":true,"href":"https:\/\/www.hydraulic-cylinders.net\/ro\/wp-json\/wp\/v2\/product_tag?post=15757"}],"curies":[{"name":"wp","href":"https:\/\/api.w.org\/{rel}","templated":true}]}}