{"id":15765,"date":"2025-01-19T14:57:04","date_gmt":"2025-01-19T14:57:04","guid":{"rendered":"https:\/\/www.hydraulic-cylinders.net\/product\/bucket-cylinder-for-jchi-ns75-7\/"},"modified":"2025-01-19T14:57:06","modified_gmt":"2025-01-19T14:57:06","slug":"bucket-cylinder-for-jchi-ns75-7","status":"publish","type":"product","link":"https:\/\/www.hydraulic-cylinders.net\/ro\/produs\/bucket-cylinder-for-jchi-ns75-7\/","title":{"rendered":"Cilindru cup\u0103 pentru JCHI NS75-7"},"content":{"rendered":"<h2>Cilindru cup\u0103 pentru JCHI NS75-7<\/h2>\n<h3>Introducere<\/h3>\n<p>Cilindrul cupei pentru JCHI NS75-7 este un cilindru hidraulic special conceput, utilizat \u00een principal pentru a controla mi\u0219carea cupei \u00een utilaje grele, cum ar fi excavatoarele, excavatoarele cu buldoexcavatoare \u0219i \u00eenc\u0103rc\u0103toare frontale. Func\u021bia sa principal\u0103 este de a permite ridicarea, cobor\u00e2rea \u0219i \u00eenclinarea cupei, ceea ce o face convenabil\u0103 pentru diverse sarcini de manipulare a materialelor. \u00cen sistemul hidraulic, cilindrul cupei realizeaz\u0103 un control precis al mi\u0219c\u0103rii cupei prin modific\u0103ri ale presiunii uleiului hidraulic, permi\u021b\u00e2nd operatorilor s\u0103 manipuleze eficient sarcini grele \u0219i s\u0103 se adapteze la medii de lucru complexe \u0219i cerin\u021be opera\u021bionale diverse.<\/p>\n<p><img decoding=\"async\" src=\"https:\/\/www.hydraulic-cylinders.net\/wp-content\/uploads\/2025\/01\/songte-company-2.webp\" alt=\"Cilindru cup\u0103 pentru JCHI NS75-7\" \/><\/p>\n<h3>Caracteristici ale produsului<\/h3>\n<ul>\n<li>Rezisten\u021b\u0103 \u0219i durabilitate ridicate: Fabricat de obicei din o\u021bel sau aluminiu de \u00eenalt\u0103 rezisten\u021b\u0103, cilindrul poate rezista la presiuni ridicate \u0219i sarcini grele, adapt\u00e2ndu-se la medii de lucru dure. Proiectat av\u00e2nd \u00een vedere rezisten\u021ba la uzur\u0103 \u0219i la coroziune, acesta prelunge\u0219te durata de via\u021b\u0103.<\/li>\n<li>Func\u021bionare hidraulic\u0103 eficient\u0103: Utiliz\u00e2nd presiunea uleiului hidraulic pentru a ob\u021bine o extensie \u0219i o retragere lin\u0103, cilindrul cupei poate r\u0103spunde rapid la comenzile de control, oferind for\u021be puternice de \u00eempingere \u0219i tragere, potrivite pentru manipularea sarcinilor grele \u0219i a sarcinilor de lucru complexe.<\/li>\n<li>Diverse tipuri: Cilindrul poate fi selectat \u00een func\u021bie de nevoile de ac\u021biune simpl\u0103 (hidraulic utilizat \u00eentr-o singur\u0103 direc\u021bie) sau dubl\u0103 ac\u021biune (hidraulic utilizat \u00een dou\u0103 direc\u021bii) pentru a satisface diferite cerin\u021be opera\u021bionale. Unele modele sunt telescopice, permi\u021b\u00e2nd o extensie mai mare f\u0103r\u0103 a cre\u0219te dimensiunile exterioare, potrivite pentru aplica\u021bii cu spa\u021biu limitat.<\/li>\n<\/ul>\n<p>Putem produce acest produs, iar produsul nostru poate \u00eenlocui perfect ace\u0219ti cilindri hidraulici.<\/p>\n<p><img decoding=\"async\" src=\"https:\/\/www.hydraulic-cylinders.net\/wp-content\/uploads\/2025\/01\/songte-cylinder-head-with-all-kinds-excavator-models.webp\" alt=\"Cilindru cup\u0103 pentru JCHI NS75-7\" \/><\/p>\n<h3>Aplica\u021bii<\/h3>\n<p>Cilindrul cupei pentru JCHI NS75-7 este utilizat pe scar\u0103 larg\u0103 \u00een diverse industrii, inclusiv:<\/p>\n<ul>\n<li>Echipamente de construc\u021bii: \u00cen excavatoare, acestea joac\u0103 un rol esen\u021bial \u00een s\u0103parea, \u00eenc\u0103rcarea \u0219i mutarea solului sau a resturilor. \u00cen excavatoarele cu buldoexcavatoare, cilindrul cupei contribuie at\u00e2t la s\u0103pare, c\u00e2t \u0219i la ridicare. \u00cen \u00eenc\u0103rc\u0103toarele frontale, acestea ajut\u0103 la ridicarea \u0219i \u00eenclinarea eficient\u0103 a \u00eenc\u0103rc\u0103turii.<\/li>\n<li>Ma\u0219ini agricole: Folosite de \u00eenc\u0103rc\u0103toarele frontale pentru a scoate, ridica \u0219i transporta sol, f\u00e2n \u0219i alte materiale. La excavatoare, cilindrul cupei permite ac\u021biunea de s\u0103pare permi\u021b\u00e2nd cupei s\u0103 p\u0103trund\u0103 \u00een sol.<\/li>\n<\/ul>\n<p>S\u0103 arunc\u0103m o privire mai atent\u0103 asupra fiec\u0103rei aplica\u021bii:<\/p>\n<h4>Echipamente de construc\u021bii<\/h4>\n<p>Excavatoarele sunt folosite pentru a s\u0103pa, \u00eenc\u0103rca \u0219i muta sol sau resturi, iar cilindrul cupei este esen\u021bial pentru aceste sarcini. \u00cen mod similar, excavatoarele cu buldoexcavatoare folosesc cilindrul cupei pentru a s\u0103pa \u0219i ridica. \u00cen cazul \u00eenc\u0103rc\u0103toarelor frontale, cilindrul este folosit pentru a ridica \u0219i \u00eenclina \u00eenc\u0103rc\u0103tura, facilit\u00e2nd transportul acesteia.<\/p>\n<h4>Ma\u0219ini agricole<\/h4>\n<p>\u00cenc\u0103rc\u0103toarele frontale echipate cu cilindri de cup\u0103 sunt utilizate pentru a scoate, ridica \u0219i transporta p\u0103m\u00e2nt, f\u00e2n \u0219i alte materiale. Excavatoarele echipate cu cilindri de cup\u0103 pot penetra solul, facilit\u00e2nd s\u0103parea \u0219i mutarea p\u0103m\u00e2ntului.<\/p>\n<h3>Considera\u021bii de proiectare \u0219i standarde de selec\u021bie<\/h3>\n<p>Cilindrii cu cup\u0103 sunt proiecta\u021bi pentru a \u00eendeplini cerin\u021be specifice de performan\u021b\u0103. Considera\u021biile cheie de proiectare includ rezisten\u021ba, etan\u0219area, durabilitatea, siguran\u021ba \u0219i mentenabilitatea, a\u0219a cum se discut\u0103 mai jos:<\/p>\n<ul>\n<li>Rezisten\u021b\u0103: Cilindrul trebuie s\u0103 poat\u0103 rezista la sarcini \u0219i presiuni mari, a\u0219a c\u0103 \u00een construc\u021bii se utilizeaz\u0103 de obicei materiale de \u00eenalt\u0103 rezisten\u021b\u0103.<\/li>\n<li>Etan\u0219are: Cilindrii hidraulici se bazeaz\u0103 pe etan\u0219\u0103ri pentru a preveni scurgerea fluidului. \u00cen etan\u0219\u0103ri se utilizeaz\u0103 materiale speciale, cum ar fi poliuretanul \u0219i cauciucul nitrilic, datorit\u0103 rezisten\u021bei lor la uzur\u0103.<\/li>\n<li>Durabilitate: Cilindrul trebuie s\u0103 fie rezistent la uzur\u0103 \u0219i coroziune, care \u00eei pot reduce durata de via\u021b\u0103 \u0219i performan\u021ba.<\/li>\n<li>Siguran\u021b\u0103: \u00cen proiect trebuie incluse elemente de siguran\u021b\u0103, cum ar fi supapele de suprapresiune \u0219i supapele de blocare, pentru a preveni accidentele.<\/li>\n<li>\u00centre\u021binere: Caracteristicile de design, cum ar fi capacele deta\u0219abile \u0219i tijele filetate, faciliteaz\u0103 \u00eentre\u021binerea \u0219i repararea cilindrilor hidraulici.<\/li>\n<\/ul>\n<p><img decoding=\"async\" src=\"https:\/\/www.hydraulic-cylinders.net\/wp-content\/uploads\/2025\/01\/songte-oil-pipes-and-spare-parts.webp\" alt=\"Cilindru cup\u0103 pentru JCHI NS75-7\" \/><\/p>\n<h3>Etan\u0219are \u0219i lubrifiere<\/h3>\n<p>Cilindrii cu cup\u0103 necesit\u0103 lubrifiere \u0219i \u00eentre\u021binere regulat\u0103 pentru a le prelungi durata de via\u021b\u0103. Se utilizeaz\u0103 diverse etan\u0219\u0103ri pentru a preveni scurgerile, iar poliuretanul \u0219i cauciucul nitrilic sunt materiale de etan\u0219are populare datorit\u0103 durabilit\u0103\u021bii lor. Cilindrul \u0219i tija filetat\u0103 sunt tratate cu acoperiri speciale pentru a \u00eembun\u0103t\u0103\u021bi rezisten\u021ba la uzur\u0103, iar uleiul hidraulic este utilizat pentru a lubrifia pistonul \u0219i alte piese mobile. Schimb\u0103rile regulate de ulei sunt necesare pentru a men\u021bine cur\u0103\u021benia fluidului hidraulic \u0219i a preveni contaminarea.<\/p>\n<h3>\u00centre\u021binere \u0219i repara\u021bii<\/h3>\n<p>\u00centre\u021binerea \u0219i repara\u021biile regulate sunt esen\u021biale pentru performan\u021ba optim\u0103 a cilindrilor hidraulici. Sarcinile comune de \u00eentre\u021binere includ verificarea scurgerilor, lubrifierea componentelor cheie, \u00eenlocuirea garniturilor \u0219i verificarea calibr\u0103rii. Pentru a asigura o instalare corect\u0103, este esen\u021bial s\u0103 alinia\u021bi corect cilindrul \u0219i s\u0103 utiliza\u021bi suporturi de montare adecvate pentru a-l fixa. Procedurile recomandate de inspec\u021bie, reparare \u0219i \u00eenlocuire trebuie respectate pentru a men\u021bine performan\u021ba optim\u0103 \u0219i a prelungi durata de via\u021b\u0103 a cilindrului.<\/p>\n<p><img decoding=\"async\" src=\"https:\/\/www.hydraulic-cylinders.net\/wp-content\/uploads\/2025\/01\/songte-chushion-collar.webp\" alt=\"Cilindru cup\u0103 pentru JCHI NS75-7\" \/><\/p>\n<h3>Considera\u021bii de siguran\u021b\u0103 \u0219i factori de mediu<\/h3>\n<p>Cilindrii hidraulici pot fi periculo\u0219i dac\u0103 nu sunt manipula\u021bi corect, a\u0219a c\u0103 este esen\u021bial s\u0103 se respecte procedurile de siguran\u021b\u0103 adecvate atunci c\u00e2nd se utilizeaz\u0103. Operatorii trebuie s\u0103 poarte echipament de protec\u021bie adecvat \u0219i s\u0103 utilizeze supape de blocare pentru a preveni mi\u0219carea accidental\u0103 a cilindrului. Factorii de mediu precum temperatura, umiditatea \u0219i contaminarea pot afecta, de asemenea, performan\u021ba \u0219i durata de via\u021b\u0103 a cilindrilor hidraulici.<\/p>\n<h3>Depanare \u0219i probleme frecvente<\/h3>\n<p>Problemele frecvente ale cilindrilor hidraulici includ scurgeri de la garnituri, presiune insuficient\u0103 \u0219i deteriorarea corpului cilindrului. Metodele de depanare includ verificarea scurgerilor, inspectarea conductelor hidraulice \u0219i testarea func\u021bion\u0103rii corecte. Solu\u021biile pot include \u00eenlocuirea garniturilor, repararea sau \u00eenlocuirea pieselor deteriorate \u0219i reglarea nivelurilor de presiune.<\/p>\n<p><img decoding=\"async\" src=\"https:\/\/www.hydraulic-cylinders.net\/wp-content\/uploads\/2025\/01\/songte-bushings-with-all-kinds-of-excavator-models.webp\" alt=\"Cilindru cup\u0103 pentru JCHI NS75-7\" \/><\/p>\n<h3>Despre compania noastr\u0103<\/h3>\n<p>Suntem produc\u0103tori de cilindri hidraulici de schimb cu o gam\u0103 complet\u0103 de produse, devenind unul dintre principalii produc\u0103tori \u0219i angrosi\u0219ti \u200b\u200bde cilindri hidraulici pe pie\u021bele interne \u0219i interna\u021bionale. Urm\u0103m principiul calit\u0103\u021bii excelente, ne baz\u0103m pe strategia industrializat\u0103 de management al produc\u021biei unui atelier de fabrica\u021bie sofisticat, \u00eembun\u0103t\u0103\u021bim continuu platforma de fabrica\u021bie a atelierului, perfec\u021bion\u0103m linia de produc\u021bie a calit\u0103\u021bii produselor \u0219i avem o capacitate puternic\u0103 de crea\u021bie. Cu principii de eficien\u021b\u0103 ridicat\u0103, precizie ridicat\u0103 \u0219i calitate \u00eenalt\u0103, putem satisface nevoile diverse ale clien\u021bilor.<\/p>\n<p>Compania noastr\u0103 de\u021bine diverse certific\u0103ri, inclusiv ISO9001, ISO14001 \u0219i OHSAS18001, demonstr\u00e2nd angajamentul nostru de a oferi clien\u021bilor no\u0219tri produse \u0219i servicii de \u00eenalt\u0103 calitate. De asemenea, oferim servicii personalizate, iar echipamentele noastre de produc\u021bie sunt de ultim\u0103 genera\u021bie, asigur\u00e2nd calitatea produselor noastre. Serviciul nostru post-v\u00e2nzare este, de asemenea, excelent, cu o echip\u0103 de profesioni\u0219ti dedica\u021bi furniz\u0103rii de asisten\u021b\u0103 tehnic\u0103 \u0219i servicii de \u00eentre\u021binere pentru a asigura performan\u021ba optim\u0103 a cilindrilor no\u0219tri hidraulici.<\/p>\n<p><img decoding=\"async\" src=\"https:\/\/hzpt.com\/wp-content\/uploads\/2024\/11\/songte-company-1.webp\" alt=\"Cilindru cup\u0103 pentru JCHI NS75-7\" \/><\/p>\n<p>Autor: lyl<\/p>","protected":false},"excerpt":{"rendered":"<p>Bucket Cylinder For JCHI NS75-7 Introduction The Bucket Cylinder for JCHI NS75-7 is a specially designed hydraulic cylinder primarily used to control the movement of the bucket in heavy machinery such as excavators, backhoe excavators, and front-end loaders. Its main function is to enable the bucket to lift, lower, and tilt, making it convenient for [&hellip;]<\/p>","protected":false},"featured_media":14785,"comment_status":"open","ping_status":"closed","template":"","meta":{"_et_pb_use_builder":"","_et_pb_old_content":"","_et_gb_content_width":""},"product_brand":[],"product_cat":[1494],"product_tag":[1495,1496],"class_list":{"0":"post-15765","1":"product","2":"type-product","3":"status-publish","4":"has-post-thumbnail","6":"product_cat-bucket-cylinders","7":"product_tag-bucket-cylinders","8":"product_tag-hydraulic-cylinders","10":"first","11":"instock","12":"shipping-taxable","13":"product-type-simple"},"amp_enabled":true,"_links":{"self":[{"href":"https:\/\/www.hydraulic-cylinders.net\/ro\/wp-json\/wp\/v2\/product\/15765","targetHints":{"allow":["GET"]}}],"collection":[{"href":"https:\/\/www.hydraulic-cylinders.net\/ro\/wp-json\/wp\/v2\/product"}],"about":[{"href":"https:\/\/www.hydraulic-cylinders.net\/ro\/wp-json\/wp\/v2\/types\/product"}],"replies":[{"embeddable":true,"href":"https:\/\/www.hydraulic-cylinders.net\/ro\/wp-json\/wp\/v2\/comments?post=15765"}],"wp:featuredmedia":[{"embeddable":true,"href":"https:\/\/www.hydraulic-cylinders.net\/ro\/wp-json\/wp\/v2\/media\/14785"}],"wp:attachment":[{"href":"https:\/\/www.hydraulic-cylinders.net\/ro\/wp-json\/wp\/v2\/media?parent=15765"}],"wp:term":[{"taxonomy":"product_brand","embeddable":true,"href":"https:\/\/www.hydraulic-cylinders.net\/ro\/wp-json\/wp\/v2\/product_brand?post=15765"},{"taxonomy":"product_cat","embeddable":true,"href":"https:\/\/www.hydraulic-cylinders.net\/ro\/wp-json\/wp\/v2\/product_cat?post=15765"},{"taxonomy":"product_tag","embeddable":true,"href":"https:\/\/www.hydraulic-cylinders.net\/ro\/wp-json\/wp\/v2\/product_tag?post=15765"}],"curies":[{"name":"wp","href":"https:\/\/api.w.org\/{rel}","templated":true}]}}