{"id":15768,"date":"2025-01-19T14:57:16","date_gmt":"2025-01-19T14:57:16","guid":{"rendered":"https:\/\/www.hydraulic-cylinders.net\/product\/bucket-cylinder-for-sinomach-zg3065-9\/"},"modified":"2025-01-19T14:57:21","modified_gmt":"2025-01-19T14:57:21","slug":"bucket-cylinder-for-sinomach-zg3065-9","status":"publish","type":"product","link":"https:\/\/www.hydraulic-cylinders.net\/ro\/produs\/bucket-cylinder-for-sinomach-zg3065-9\/","title":{"rendered":"Cilindru cu cup\u0103 pentru Sinomach ZG3065-9"},"content":{"rendered":"<h1>Cilindru cu cup\u0103 pentru Sinomach ZG3065-9<\/h1>\n<h2>Introducere<\/h2>\n<p>Cilindrul cupei pentru Sinomach ZG3065-9 este un cilindru hidraulic specializat, conceput \u00een principal pentru controlul mi\u0219c\u0103rii cupei excavatoare \u00een utilaje grele, cum ar fi excavatoarele, excavatoarele cu buldoexcavatoare \u0219i \u00eenc\u0103rc\u0103toare frontale. Func\u021bia sa principal\u0103 este de a permite ridicarea, cobor\u00e2rea \u0219i \u00eenclinarea cupei pentru o manipulare u\u0219oar\u0103 a materialelor. \u00cen sistemul hidraulic, cilindrul cupei controleaz\u0103 mi\u0219c\u0103rile precise ale cupei excavatoare prin modific\u0103rile de presiune ale uleiului hidraulic, permi\u021b\u00e2nd operatorului s\u0103 manipuleze eficient sarcini grele, s\u0103 se adapteze la medii de lucru complexe \u0219i cerin\u021be de lucru \u00een schimbare.<\/p>\n<p><img decoding=\"async\" src=\"https:\/\/www.hydraulic-cylinders.net\/wp-content\/uploads\/2025\/01\/songte-company-2.webp\" alt=\"Cilindru cu cup\u0103 pentru Sinomach ZG3065-9\" \/><\/p>\n<h2>Caracteristici<\/h2>\n<ul>\n<li>\n<h3>Rezisten\u021b\u0103 \u0219i durabilitate ridicate<\/h3>\n<p>Cilindrul cupei este de obicei fabricat din o\u021bel sau aluminiu de \u00eenalt\u0103 rezisten\u021b\u0103, capabil s\u0103 reziste la presiuni ridicate \u0219i sarcini grele, adapt\u00e2ndu-se la medii de lucru dure. Designul s\u0103u ia \u00een considerare rezisten\u021ba la uzur\u0103 \u0219i la coroziune, prelungindu-i durata de via\u021b\u0103.<\/p>\n<\/li>\n<li>\n<h3>Func\u021bionare hidraulic\u0103 eficient\u0103<\/h3>\n<p>Cilindrul cupei folose\u0219te presiunea uleiului hidraulic pentru a ob\u021bine mi\u0219c\u0103ri telescopice line, r\u0103spunz\u00e2nd rapid la comenzile de control, oferind for\u021be puternice de \u00eempingere \u0219i tragere, potrivite pentru manipularea sarcinilor grele \u0219i a sarcinilor complexe.<\/p>\n<\/li>\n<li>\n<h3>Diverse tipuri<\/h3>\n<p>Cilindrul cupei poate fi selectat ca cilindru cu ac\u021biune simpl\u0103 (utilizare hidraulic\u0103 \u00eentr-o singur\u0103 direc\u021bie) sau cu ac\u021biune dubl\u0103 (utilizare hidraulic\u0103 \u00een dou\u0103 direc\u021bii opuse), \u00een func\u021bie de cerin\u021be, pentru a satisface diferite nevoi opera\u021bionale. Unele modele sunt telescopice, permi\u021b\u00e2nd extensii mai mari f\u0103r\u0103 a cre\u0219te dimensiunile exterioare, potrivite pentru aplica\u021bii cu spa\u021biu limitat.<\/p>\n<\/li>\n<li>\n<h3>Poate \u00eenlocui al\u021bi cilindri hidraulici<\/h3>\n<p>Produsul nostru poate \u00eenlocui perfect al\u021bi cilindri hidraulici \u0219i putem produce acest produs.<\/p>\n<\/li>\n<li>\n<h3>Aplica\u021bii<\/h3>\n<p>Cilindrul cu cup\u0103 are o gam\u0103 larg\u0103 de aplica\u021bii, cum ar fi:<\/p>\n<ul>\n<li>Echipamente de construc\u021bii: \u00cen excavatoare, acestea sunt esen\u021biale pentru s\u0103pare, \u00eenc\u0103rcare \u0219i mutarea solului sau a resturilor. \u00cen excavatoarele cu buldoexcavatoare, acestea ajut\u0103 la s\u0103pare \u0219i ridicare. <\/li>\n<li>Ma\u0219ini agricole: utilizate \u00een \u00eenc\u0103rc\u0103toare frontale pentru scobere, ridicare \u0219i transportul solului, f\u00e2nului \u0219i altor materiale. <\/li>\n<li>Excavatoare: Cilindrul cupei permite cupei s\u0103 p\u0103trund\u0103 \u00een sol pentru a efectua ac\u021biuni de excavare.<\/li>\n<li>\u00cenc\u0103rc\u0103toare: \u00cen \u00eenc\u0103rc\u0103toarele frontale, acestea ajut\u0103 la ridicarea \u0219i \u00eenclinarea eficient\u0103 a \u00eenc\u0103rc\u0103turii.<\/li>\n<\/ul>\n<\/li>\n<\/ul>\n<h2>Considera\u021bii de proiectare \u0219i criterii de selec\u021bie<\/h2>\n<ul>\n<li>\n<h3>Capacitate portant\u0103<\/h3>\n<p>Cilindrul cupei trebuie proiectat pentru a suporta sarcina maxim\u0103 pe care o poate \u00eent\u00e2mpina pe durata sa de via\u021b\u0103. <\/p>\n<\/li>\n<li>\n<h3>Sigilare<\/h3>\n<p>Sistemul de etan\u0219are al cilindrului cupei ar trebui s\u0103 asigure fiabilitatea acestuia, prevenind scurgerile de ulei hidraulic \u0219i p\u0103trunderea contamin\u0103rii \u00een cilindru. Inelul de etan\u0219are al pistonului \u0219i inelul de etan\u0219are al tijei sunt utilizate \u00een mod obi\u0219nuit pentru etan\u0219are, iar materialele de etan\u0219are ar trebui s\u0103 fie materiale cu rezisten\u021b\u0103 ridicat\u0103 la uzur\u0103, cum ar fi poliuretanul \u0219i cauciucul nitrilic.<\/p>\n<\/li>\n<li>\n<h3>Durabilitate<\/h3>\n<p>Cilindrul cupei trebuie proiectat din materiale care pot rezista la medii de lucru dure, substan\u021be corozive \u0219i rezisten\u021b\u0103 la uzur\u0103, prelungindu-i durata de via\u021b\u0103.<\/p>\n<\/li>\n<li>\n<h3>Siguran\u0163\u0103<\/h3>\n<p>Cilindrul cupei trebuie proiectat \u021bin\u00e2nd cont de considera\u021biile de siguran\u021b\u0103 pentru a preveni accidentele \u0219i a asigura siguran\u021ba operatorului \u00een timpul func\u021bion\u0103rii. <\/p>\n<\/li>\n<li>\n<h3>\u00centre\u0163inere<\/h3>\n<p>Cilindrul cupei trebuie proiectat pentru \u00eentre\u021binere, reparare \u0219i \u00eenlocuire u\u0219oar\u0103 a pieselor atunci c\u00e2nd este necesar. Inspec\u021bia regulat\u0103 \u0219i \u00eentre\u021binerea preventiv\u0103 sunt, de asemenea, necesare pentru a asigura performan\u021ba optim\u0103 a cilindrului.<\/p>\n<\/li>\n<\/ul>\n<p><img decoding=\"async\" src=\"https:\/\/www.hydraulic-cylinders.net\/wp-content\/uploads\/2025\/01\/songte-oil-pipes-and-spare-parts.webp\" alt=\"Cilindru cu cup\u0103 pentru Sinomach ZG3065-9\" \/><\/p>\n<h2>Etan\u0219are \u0219i lubrifiere<\/h2>\n<p>Cilindrul cupei utilizeaz\u0103 diverse componente de etan\u0219are, cum ar fi inelul de etan\u0219are al pistonului \u0219i inelul de etan\u0219are al tijei, pentru a asigura etan\u0219eitatea cilindrului. Aceste componente de etan\u0219are sunt fabricate din materiale cu rezisten\u021b\u0103 ridicat\u0103 la uzur\u0103, cum ar fi poliuretanul \u0219i cauciucul nitrilic, asigur\u00e2nd durabilitatea cilindrului \u0219i prevenind scurgerile de ulei hidraulic. Corpul cilindrului \u0219i suprafa\u021ba cap\u0103tului filetat au fost supuse unor prelucr\u0103ri fine pentru a \u00eembun\u0103t\u0103\u021bi rezisten\u021ba la uzur\u0103. Lubrifierea regulat\u0103 cu ulei hidraulic este necesar\u0103 pentru a asigura o func\u021bionare f\u0103r\u0103 probleme.<\/p>\n<h2>Inspec\u021bie \u0219i m\u0103suri preventive<\/h2>\n<ul>\n<li>\n<p>Inspec\u021bia regulat\u0103 a cilindrului cupei este necesar\u0103 pentru a asigura performan\u021ba sa optim\u0103. <\/p>\n<\/li>\n<li>\n<p>Lubrifierea regulat\u0103 este necesar\u0103 pentru a asigura o func\u021bionare f\u0103r\u0103 probleme. <\/p>\n<\/li>\n<li>\n<p>\u00cenlocuirea garniturilor \u0219i inspec\u021bia calibr\u0103rii sunt sarcini comune de \u00eentre\u021binere care trebuie efectuate dup\u0103 cum este necesar. <\/p>\n<\/li>\n<li>\n<p>Instalarea, lubrifierea \u0219i reglarea corect\u0103 sunt esen\u021biale pentru a asigura performan\u021ba optim\u0103 a cilindrului cupei. <\/p>\n<\/li>\n<li>\n<p>Se recomand\u0103 utilizarea unor console de instalare adecvate pentru fixarea cilindrului \u00een timpul instal\u0103rii. <\/p>\n<\/li>\n<li>\n<p>Procedurile recomandate de inspec\u021bie, reparare \u0219i \u00eenlocuire trebuie respectate pentru a asigura performan\u021ba optim\u0103 \u0219i a prelungi durata de via\u021b\u0103 a produsului. <\/p>\n<\/li>\n<\/ul>\n<p><img decoding=\"async\" src=\"https:\/\/www.hydraulic-cylinders.net\/wp-content\/uploads\/2025\/01\/songte-chushion-collar.webp\" alt=\"Cilindru cu cup\u0103 pentru Sinomach ZG3065-9\" \/><\/p>\n<h2>Considera\u021bii de siguran\u021b\u0103 \u0219i factori de mediu<\/h2>\n<p>La utilizarea cilindrului cupei, trebuie luate m\u0103suri de siguran\u021b\u0103 pentru a preveni accidentele \u0219i a asigura siguran\u021ba operatorului. Cilindrul trebuie instalat \u0219i utilizat conform instruc\u021biunilor produc\u0103torului. Factorii de mediu, cum ar fi temperatura, umiditatea \u0219i praful, trebuie lua\u021bi \u00een considerare pentru a asigura func\u021bionarea corect\u0103 \u0219i longevitatea cilindrului.<\/p>\n<h2>Defec\u021biuni frecvente \u0219i depanare<\/h2>\n<p>Defec\u021biunile frecvente ale cilindrului cupei includ scurgeri de la garnitur\u0103, rezisten\u021b\u0103 insuficient\u0103, lubrifiere deficitar\u0103 \u0219i instalare necorespunz\u0103toare. Dac\u0103 apare oricare dintre aceste probleme, cilindrul trebuie inspectat, reparat sau \u00eenlocuit c\u00e2t mai cur\u00e2nd posibil. Inspec\u021bia regulat\u0103 \u0219i \u00eentre\u021binerea preventiv\u0103 pot ajuta la reducerea frecven\u021bei acestor defec\u021biuni.<\/p>\n<h2>Despre compania noastr\u0103<\/h2>\n<p>Suntem produc\u0103tori de cilindri hidraulici de schimb cu o gam\u0103 complet\u0103 de produse \u0219i am devenit unul dintre principalii produc\u0103tori \u0219i distribuitori angro de cilindri hidraulici pe pie\u021bele interne \u0219i interna\u021bionale. Ader\u0103m la principiul calit\u0103\u021bii excelente, ne baz\u0103m pe strategia industrializat\u0103 de management al produc\u021biei a unui atelier de fabrica\u021bie sofisticat \u0219i \u00eembun\u0103t\u0103\u021bim continuu platforma de fabrica\u021bie prin utilizarea talentelor tehnice, a echipamentelor digitale de fabrica\u021bie de ultim\u0103 genera\u021bie \u0219i a sistemelor de testare profesionale. Avem o creativitate puternic\u0103 \u0219i oferim clien\u021bilor produse eficiente, precise \u0219i de \u00eenalt\u0103 calitate pentru a satisface o gam\u0103 divers\u0103 de nevoi.<\/p>\n<p>Compania noastr\u0103 s-a impus ca o surs\u0103 fiabil\u0103 \u0219i de \u00eencredere pentru cilindri hidraulici, oferind servicii personalizate, certific\u0103ri interna\u021bionale, echipamente de produc\u021bie de calitate \u0219i servicii post-v\u00e2nzare excep\u021bionale.<\/p>\n<p><img decoding=\"async\" src=\"https:\/\/hzpt.com\/wp-content\/uploads\/2024\/11\/songte-company-1.webp\" alt=\"Cilindru cu cup\u0103 pentru Sinomach ZG3065-9\" \/><\/p>\n<p>Autor: lyl.<\/p>","protected":false},"excerpt":{"rendered":"<p>Bucket Cylinder For Sinomach ZG3065-9 Introduction The bucket cylinder for Sinomach ZG3065-9 is a specialized hydraulic cylinder designed mainly for controlling the movement of the shovel bucket in heavy machinery such as excavators, backhoe excavators, and front-end loaders. Its primary function is to allow the bucket to lift, lower, and tilt for easy material handling. [&hellip;]<\/p>","protected":false},"featured_media":14780,"comment_status":"open","ping_status":"closed","template":"","meta":{"_et_pb_use_builder":"","_et_pb_old_content":"","_et_gb_content_width":""},"product_brand":[],"product_cat":[1494],"product_tag":[1495,1496],"class_list":{"0":"post-15768","1":"product","2":"type-product","3":"status-publish","4":"has-post-thumbnail","6":"product_cat-bucket-cylinders","7":"product_tag-bucket-cylinders","8":"product_tag-hydraulic-cylinders","10":"first","11":"instock","12":"shipping-taxable","13":"product-type-simple"},"amp_enabled":true,"_links":{"self":[{"href":"https:\/\/www.hydraulic-cylinders.net\/ro\/wp-json\/wp\/v2\/product\/15768","targetHints":{"allow":["GET"]}}],"collection":[{"href":"https:\/\/www.hydraulic-cylinders.net\/ro\/wp-json\/wp\/v2\/product"}],"about":[{"href":"https:\/\/www.hydraulic-cylinders.net\/ro\/wp-json\/wp\/v2\/types\/product"}],"replies":[{"embeddable":true,"href":"https:\/\/www.hydraulic-cylinders.net\/ro\/wp-json\/wp\/v2\/comments?post=15768"}],"wp:featuredmedia":[{"embeddable":true,"href":"https:\/\/www.hydraulic-cylinders.net\/ro\/wp-json\/wp\/v2\/media\/14780"}],"wp:attachment":[{"href":"https:\/\/www.hydraulic-cylinders.net\/ro\/wp-json\/wp\/v2\/media?parent=15768"}],"wp:term":[{"taxonomy":"product_brand","embeddable":true,"href":"https:\/\/www.hydraulic-cylinders.net\/ro\/wp-json\/wp\/v2\/product_brand?post=15768"},{"taxonomy":"product_cat","embeddable":true,"href":"https:\/\/www.hydraulic-cylinders.net\/ro\/wp-json\/wp\/v2\/product_cat?post=15768"},{"taxonomy":"product_tag","embeddable":true,"href":"https:\/\/www.hydraulic-cylinders.net\/ro\/wp-json\/wp\/v2\/product_tag?post=15768"}],"curies":[{"name":"wp","href":"https:\/\/api.w.org\/{rel}","templated":true}]}}