{"id":15776,"date":"2025-01-19T14:57:57","date_gmt":"2025-01-19T14:57:57","guid":{"rendered":"https:\/\/www.hydraulic-cylinders.net\/product\/bucket-cylinder-for-jove-jv365lc\/"},"modified":"2025-01-19T14:57:59","modified_gmt":"2025-01-19T14:57:59","slug":"bucket-cylinder-for-jove-jv365lc","status":"publish","type":"product","link":"https:\/\/www.hydraulic-cylinders.net\/ro\/produs\/bucket-cylinder-for-jove-jv365lc\/","title":{"rendered":"Cilindru cup\u0103 pentru Jove JV365LC"},"content":{"rendered":"<h1>Cilindru cup\u0103 pentru Jove JV365LC<\/h1>\n<h2>Despre produs<\/h2>\n<p>Un cilindru al cupei este un cilindru hidraulic specializat, utilizat \u00een principal pentru a controla mi\u0219carea cupei \u00een utilaje grele, cum ar fi excavatoarele, excavatoarele \u0219i \u00eenc\u0103rc\u0103toarele frontale. Func\u021bia sa principal\u0103 este de a permite ridicarea, cobor\u00e2rea \u0219i \u00eenclinarea cupei, facilit\u00e2nd gestionarea diverselor sarcini de manipulare a materialelor. \u00cen sistemul hidraulic, cilindrul cupei realizeaz\u0103 un control precis al cupei prin schimbarea presiunii uleiului hidraulic, permi\u021b\u00e2nd operatorilor s\u0103 manipuleze eficient sarcini grele, s\u0103 se adapteze la medii de lucru complexe \u0219i la diverse cerin\u021be de operare.<\/p>\n<p><img decoding=\"async\" src=\"https:\/\/www.hydraulic-cylinders.net\/wp-content\/uploads\/2025\/01\/songte-company-2.webp\" alt=\"Imaginea cilindrului cupei\"><\/p>\n<h2>Caracteristicile produsului<\/h2>\n<ul>\n<li>\n<h3>Rezisten\u021b\u0103 \u0219i durabilitate ridicate<\/h3>\n<p>Cilindrii cu cup\u0103 sunt de obicei fabrica\u021bi din o\u021bel sau aluminiu de \u00eenalt\u0103 rezisten\u021b\u0103, care pot rezista la presiuni ridicate \u0219i sarcini grele, adapt\u00e2ndu-se la medii de lucru dure. Ace\u0219tia sunt proiecta\u021bi s\u0103 ia \u00een considerare rezisten\u021ba la uzur\u0103 \u0219i la coroziune, prelungindu-le astfel durata de via\u021b\u0103.<\/p>\n<\/li>\n<li>\n<h3>Func\u021bionare hidraulic\u0103 eficient\u0103<\/h3>\n<p>Cilindrii cupei utilizeaz\u0103 presiunea uleiului hidraulic pentru a ob\u021bine o extensie \u0219i o retragere lin\u0103, permi\u021b\u00e2nd un r\u0103spuns rapid la comenzile de control, oferind o for\u021b\u0103 puternic\u0103 de \u00eempingere \u0219i tragere, potrivit\u0103 pentru manipularea sarcinilor grele \u0219i a sarcinilor opera\u021bionale complexe.<\/p>\n<\/li>\n<li>\n<h3>Diverse tipuri<\/h3>\n<p>Cilindrii cupei pot fi selecta\u021bi ca ac\u021biune simpl\u0103 (folosind sistemul hidraulic \u00eentr-o singur\u0103 direc\u021bie) sau ac\u021biune dubl\u0103 (folosind sistemul hidraulic \u00een ambele direc\u021bii) \u00een func\u021bie de necesit\u0103\u021bi, pentru a satisface diferite cerin\u021be opera\u021bionale. Unele modele sunt telescopice, permi\u021b\u00e2nd o extensie mai mare f\u0103r\u0103 a cre\u0219te dimensiunile exterioare, fiind potrivi\u021bi pentru aplica\u021bii cu spa\u021biu limitat.<\/p>\n<\/li>\n<li>\n<h3>Produs \u00eenlocuibil<\/h3>\n<p>Putem produce acest produs, iar produsul nostru poate \u00eenlocui perfect ace\u0219ti cilindri hidraulici.<\/p>\n<\/li>\n<\/ul>\n<p><img decoding=\"async\" src=\"https:\/\/www.hydraulic-cylinders.net\/wp-content\/uploads\/2025\/01\/songte-cylinder-head-with-all-kinds-excavator-models.webp\" alt=\"Imagine cu modele de cilindri cu cup\u0103\"><\/p>\n<h2>Aplica\u021bii ale produsului<\/h2>\n<ul>\n<li>\n<h3>Echipamente de construc\u021bii<\/h3>\n<p>\u00cen excavatoare, acestea sunt vitale pentru excavare, \u00eenc\u0103rcare \u0219i mutarea solului sau a resturilor. \u00cen excavatoarele cu buldoexcavatoare, cilindrii cupei ajut\u0103 at\u00e2t la excavare, c\u00e2t \u0219i la ridicare. \u00cen \u00eenc\u0103rc\u0103toarele frontale, acestea ajut\u0103 la ridicarea \u0219i \u00eenclinarea eficient\u0103 a m\u0103rfurilor.<\/p>\n<\/li>\n<li>\n<h3>Ma\u0219ini agricole<\/h3>\n<p>Folosit la \u00eenc\u0103rc\u0103toarele frontale pentru scobere, ridicare \u0219i transportul solului, f\u00e2nului \u0219i altor materiale. Cilindrii cupei din excavatoare realizeaz\u0103 excavarea permi\u021b\u00e2nd cupei s\u0103 p\u0103trund\u0103 \u00een sol.<\/p>\n<\/li>\n<\/ul>\n<h2>Considera\u021bii de proiectare \u0219i criterii de selec\u021bie<\/h2>\n<ul>\n<li>\n<h3>Capacitate portant\u0103<\/h3>\n<p>Cilindrul trebuie s\u0103 fie capabil s\u0103 suporte sarcina maxim\u0103 a aplica\u021biei pentru care este proiectat.<\/p>\n<\/li>\n<li>\n<h3>Etan\u0219are \u0219i lubrifiere<\/h3>\n<p>Cilindrul trebuie echipat cu diverse garnituri, cum ar fi garnituri de piston \u0219i garnituri de tij\u0103, fabricate din materiale rezistente la abraziune, cum ar fi poliuretanul \u0219i cauciucul nitrilic, pentru a asigura o lubrifiere eficient\u0103 \u0219i a prelungi durata de via\u021b\u0103. Corpul cilindrului \u0219i suprafa\u021ba filetat\u0103 a cap\u0103tului sunt prelucrate fin pentru a \u00eembun\u0103t\u0103\u021bi rezisten\u021ba la uzur\u0103. De asemenea, este necesar\u0103 o lubrifiere regulat\u0103 cu o cantitate adecvat\u0103 de ulei hidraulic.<\/p>\n<\/li>\n<li>\n<h3>Durabilitate \u0219i siguran\u021b\u0103<\/h3>\n<p>Cilindrul trebuie proiectat \u0219i fabricat pentru a rezista la medii de lucru dure, asigur\u00e2nd o durat\u0103 lung\u0103 de via\u021b\u0103 \u0219i siguran\u021ba operatorului. Se recomand\u0103 verific\u0103ri regulate \u0219i \u00eentre\u021binere preventiv\u0103 pentru a evita defec\u021biunile premature \u0219i accidentele.<\/p>\n<\/li>\n<\/ul>\n<p><img decoding=\"async\" src=\"https:\/\/www.hydraulic-cylinders.net\/wp-content\/uploads\/2025\/01\/songte-oil-pipes-and-spare-parts.webp\" alt=\"Imaginea pieselor cilindrului hidraulic\"><\/p>\n<h2>Ghid de \u00eentre\u021binere \u0219i instalare<\/h2>\n<p>Un program regulat de \u00eentre\u021binere este esen\u021bial pentru a asigura longevitatea \u0219i performan\u021ba optim\u0103 a cilindrilor cupei. Trebuie efectuate urm\u0103toarele sarcini de \u00eentre\u021binere:<\/p>\n<ul>\n<li>\n<h3>Verific\u0103ri regulate<\/h3>\n<p>Verifica\u021bi dac\u0103 exist\u0103 scurgeri, deterior\u0103ri \u0219i uzur\u0103. Verific\u0103rile regulate pot detecta probleme minore \u00eenainte ca acestea s\u0103 devin\u0103 probleme majore.<\/p>\n<\/li>\n<li>\n<h3>Lubrifiere<\/h3>\n<p>Lubrifierea corect\u0103 cu cantitatea potrivit\u0103 de ulei hidraulic este necesar\u0103 pentru a asigura o performan\u021b\u0103 optim\u0103.<\/p>\n<\/li>\n<li>\n<h3>\u00cenlocuirea garniturii \u0219i verificarea calibr\u0103rii<\/h3>\n<p>\u00cenlocuirea garniturilor uzate \u0219i calibrarea regulat\u0103 a cilindrului pot preveni poten\u021bialele probleme \u0219i pot men\u021bine performan\u021be optime.<\/p>\n<\/li>\n<\/ul>\n<p>Instalarea corect\u0103 este esen\u021bial\u0103 pentru a asigura siguran\u021ba \u0219i performan\u021ba optim\u0103 a cilindrului cupei. Trebuie respectate urm\u0103toarele instruc\u021biuni:<\/p>\n<ul>\n<li>\n<h3>Aliniere corect\u0103<\/h3>\n<p>Cilindrul trebuie aliniat corect pentru a preveni deteriorarea tijei pistonului \u0219i a alezajului cilindrului.<\/p>\n<\/li>\n<li>\n<h3>Utilizarea unui suport de instalare adecvat<\/h3>\n<p>Trebuie utilizate console de instalare adecvate pentru a fixa cilindrul \u00een pozi\u021bie \u0219i a preveni mi\u0219carea.<\/p>\n<\/li>\n<li>\n<h3>Proceduri recomandate de inspec\u021bie, reparare \u0219i \u00eenlocuire<\/h3>\n<p>Procedurile recomandate de inspec\u021bie, reparare \u0219i \u00eenlocuire trebuie respectate pentru a asigura longevitatea \u0219i performan\u021ba optim\u0103 a cilindrului cupei.<\/p>\n<\/li>\n<\/ul>\n<p><img decoding=\"async\" src=\"https:\/\/www.hydraulic-cylinders.net\/wp-content\/uploads\/2025\/01\/songte-chushion-collar.webp\" alt=\"Imagine de instalare a cilindrului hidraulic\"><\/p>\n<h2>Siguran\u021ba produsului \u0219i considera\u021bii de mediu<\/h2>\n<p>La utilizarea cilindrului cupei trebuie luate m\u0103suri de siguran\u021b\u0103 adecvate pentru a preveni accidentele \u0219i v\u0103t\u0103m\u0103rile corporale. De asemenea, trebuie luate \u00een considerare aspectele legate de mediu \u0219i trebuie efectuat\u0103 eliminarea corespunz\u0103toare a uleiului hidraulic \u0219i a altor fluide pentru a preveni poluarea.<\/p>\n<p><img decoding=\"async\" src=\"https:\/\/www.hydraulic-cylinders.net\/wp-content\/uploads\/2025\/01\/songte-bushings-with-all-kinds-of-excavator-models.webp\" alt=\"Imagine buc\u0219e cilindru hidraulic\"><\/p>\n<h2>Despre compania noastr\u0103<\/h2>\n<p>Suntem produc\u0103tori de cilindri hidraulici care pot \u00eenlocui cilindrii hidraulici tradi\u021bionali. Compania noastr\u0103 are o gam\u0103 complet\u0103 de produse \u0219i a devenit unul dintre principalii produc\u0103tori \u0219i distribuitori angro de cilindri hidraulici pe pie\u021bele interne \u0219i interna\u021bionale. Urm\u0103m principiul calit\u0103\u021bii excelente \u0219i ne baz\u0103m pe strategia industrializat\u0103 de management al produc\u021biei unui atelier de fabrica\u021bie sofisticat. Compania noastr\u0103 \u00eembun\u0103t\u0103\u021be\u0219te continuu platforma de fabrica\u021bie a atelierului, perfec\u021bioneaz\u0103 linia de produc\u021bie a calit\u0103\u021bii produselor \u0219i are o puternic\u0103 capacitate de inovare pentru a satisface nevoile diverse ale clien\u021bilor cu eficien\u021b\u0103 ridicat\u0103, precizie ridicat\u0103 \u0219i principii de \u00eenalt\u0103 calitate.<\/p>\n<p><img decoding=\"async\" src=\"https:\/\/hzpt.com\/wp-content\/uploads\/2024\/11\/songte-company-1.webp\" alt=\"Imaginea companiei\"><\/p>\n<h3>Compania noastr\u0103 pe scurt<\/h3>\n<ul>\n<li>\n<h4>Profesionalism<\/h4>\n<p>Avem o echip\u0103 de profesioni\u0219ti cu \u00eenalt\u0103 calificare, cu o vast\u0103 experien\u021b\u0103 \u00een proiectarea \u0219i fabricarea cilindrilor hidraulici.<\/p>\n<\/li>\n<li>\n<h4>Certificare interna\u021bional\u0103<\/h4>\n<p>Compania noastr\u0103 a ob\u021binut diverse certific\u0103ri interna\u021bionale, precum ISO 9001:2015 \u0219i certificarea CE, demonstr\u00e2nd angajamentul nostru fa\u021b\u0103 de calitate \u0219i siguran\u021b\u0103.<\/p>\n<\/li>\n<li>\n<h4>Servicii de personalizare<\/h4>\n<p>Oferim servicii de personalizare pentru a satisface cerin\u021bele unice ale clien\u021bilor no\u0219tri.<\/p>\n<\/li>\n<li>\n<h4>Echipamente de produc\u021bie<\/h4>\n<p>Folosim echipamente digitale de produc\u021bie de ultim\u0103 genera\u021bie pentru a asigura acurate\u021bea \u0219i eficien\u021ba procesului nostru de produc\u021bie.<\/p>\n<\/li>\n<li>\n<h4>Serviciu post-v\u00e2nzare<\/h4>\n<p>Oferim servicii post-v\u00e2nzare excelente pentru a asigura satisfac\u021bia clien\u021bilor.<\/p>\n<\/li>\n<\/ul>\n<h4>Autor: lyl<\/h4>","protected":false},"excerpt":{"rendered":"<p>Bucket Cylinder For Jove JV365LC About the product A bucket cylinder is a specialized hydraulic cylinder primarily used to control the movement of the bucket in heavy machinery such as excavators, backhoes, and front-end loaders. Its main function is to enable the bucket to lift, lower, and tilt, making it easier to handle various material [&hellip;]<\/p>","protected":false},"featured_media":14761,"comment_status":"open","ping_status":"closed","template":"","meta":{"_et_pb_use_builder":"","_et_pb_old_content":"","_et_gb_content_width":""},"product_brand":[],"product_cat":[1494],"product_tag":[1495,1496],"class_list":{"0":"post-15776","1":"product","2":"type-product","3":"status-publish","4":"has-post-thumbnail","6":"product_cat-bucket-cylinders","7":"product_tag-bucket-cylinders","8":"product_tag-hydraulic-cylinders","10":"first","11":"instock","12":"shipping-taxable","13":"product-type-simple"},"amp_enabled":true,"_links":{"self":[{"href":"https:\/\/www.hydraulic-cylinders.net\/ro\/wp-json\/wp\/v2\/product\/15776","targetHints":{"allow":["GET"]}}],"collection":[{"href":"https:\/\/www.hydraulic-cylinders.net\/ro\/wp-json\/wp\/v2\/product"}],"about":[{"href":"https:\/\/www.hydraulic-cylinders.net\/ro\/wp-json\/wp\/v2\/types\/product"}],"replies":[{"embeddable":true,"href":"https:\/\/www.hydraulic-cylinders.net\/ro\/wp-json\/wp\/v2\/comments?post=15776"}],"wp:featuredmedia":[{"embeddable":true,"href":"https:\/\/www.hydraulic-cylinders.net\/ro\/wp-json\/wp\/v2\/media\/14761"}],"wp:attachment":[{"href":"https:\/\/www.hydraulic-cylinders.net\/ro\/wp-json\/wp\/v2\/media?parent=15776"}],"wp:term":[{"taxonomy":"product_brand","embeddable":true,"href":"https:\/\/www.hydraulic-cylinders.net\/ro\/wp-json\/wp\/v2\/product_brand?post=15776"},{"taxonomy":"product_cat","embeddable":true,"href":"https:\/\/www.hydraulic-cylinders.net\/ro\/wp-json\/wp\/v2\/product_cat?post=15776"},{"taxonomy":"product_tag","embeddable":true,"href":"https:\/\/www.hydraulic-cylinders.net\/ro\/wp-json\/wp\/v2\/product_tag?post=15776"}],"curies":[{"name":"wp","href":"https:\/\/api.w.org\/{rel}","templated":true}]}}