{"id":15789,"date":"2025-01-19T14:59:15","date_gmt":"2025-01-19T14:59:15","guid":{"rendered":"https:\/\/www.hydraulic-cylinders.net\/product\/bucket-cylinder-for-sgzg-sd30-9b\/"},"modified":"2025-01-19T14:59:18","modified_gmt":"2025-01-19T14:59:18","slug":"bucket-cylinder-for-sgzg-sd30-9b","status":"publish","type":"product","link":"https:\/\/www.hydraulic-cylinders.net\/ro\/produs\/bucket-cylinder-for-sgzg-sd30-9b\/","title":{"rendered":"Cilindru cu cup\u0103 pentru SGZG SD30-9B"},"content":{"rendered":"<p><!DOCTYPE html><br \/>\n<html><br \/>\n<head><br \/>\n<meta charset=\"UTF-8\"><br \/>\n<title>Cilindru cu cup\u0103 pentru SGZG SD30-9B<\/title><br \/>\n<\/head><br \/>\n<body><\/p>\n<h1>Cilindru cu cup\u0103 pentru SGZG SD30-9B<\/h1>\n<h2>Introducere<\/h2>\n<p>The bucket cylinder is a specially designed hydraulic cylinder used to control the movement of the bucket in heavy machinery such as excavators, backhoe loaders, and front loaders. Its main function is to allow the bucket to lift, lower, and tilt, making it easier to handle various material handling tasks. In a hydraulic system, the bucket cylinder achieves precise control of the bucket by utilizing the pressure changes of hydraulic oil, enabling operators to efficiently handle heavy loads and adapt to complex work environments and diverse job requirements.<\/p>\n<p><img decoding=\"async\" src=\"https:\/\/www.hydraulic-cylinders.net\/wp-content\/uploads\/2025\/01\/songte-company-2.webp\" alt=\"Imaginea cilindrului cupei\"><\/p>\n<h2>Caracteristici<\/h2>\n<ul>\n<li>High Strength and Durability: Typically made from high-strength steel or aluminum, capable of withstanding high pressure and heavy loads, adapting to harsh working conditions, and designed with considerations for wear resistance and corrosion resistance to extend the service life.<\/li>\n<li>Efficient Hydraulic Operation: Utilizes the pressure of hydraulic oil to achieve smooth extension and retraction movements, able to respond quickly to control commands, provide powerful pushing and pulling forces, suitable for handling heavy loads and complex tasks.<\/li>\n<li>Versatile Types: Can be selected as single-acting (hydraulics used in one direction only) or double-acting (hydraulics used in both directions) cylinders according to needs, certain models are telescopic, allowing greater extension without increasing external dimensions, suitable for applications with limited space.<\/li>\n<li>\u00cenlocuitor perfect: Produsul nostru poate \u00eenlocui perfect ace\u0219ti cilindri hidraulici.<\/li>\n<\/ul>\n<p><img decoding=\"async\" src=\"https:\/\/www.hydraulic-cylinders.net\/wp-content\/uploads\/2025\/01\/songte-cylinder-head-with-all-kinds-excavator-models.webp\" alt=\"Imagine de \u00eenlocuire a produsului\"><\/p>\n<h2>Aplica\u021bii<\/h2>\n<p>Bucket cylinders are used in various equipment and industries, including:<\/p>\n<ul>\n<li>Echipamente de construc\u021bii: Se g\u0103sesc \u00een excavatoare, acestea sunt esen\u021biale pentru excavare, \u00eenc\u0103rcare \u0219i mutarea solului sau a molozului. La \u00eenc\u0103rc\u0103toarele cu excavator, cilindrul cupei ajut\u0103 at\u00e2t la s\u0103pare, c\u00e2t \u0219i la ridicare.<\/li>\n<li>Ma\u0219ini agricole: utilizate la \u00eenc\u0103rc\u0103toarele frontale pentru scobere, ridicare \u0219i transportul solului, f\u00e2nului \u0219i altor materiale.<\/li>\n<li>Excavatoare: Cilindrul cupei permite ac\u021biunile de s\u0103pare permi\u021b\u00e2nd cupei s\u0103 p\u0103trund\u0103 \u00een sol.<\/li>\n<li>\u00cenc\u0103rc\u0103toare: \u00cen cazul \u00eenc\u0103rc\u0103toarelor frontale, acestea ajut\u0103 la ridicarea \u0219i desc\u0103rcarea eficient\u0103 a m\u0103rfurilor.<\/li>\n<\/ul>\n<h2>Considera\u021bii de proiectare \u0219i criterii de selec\u021bie<\/h2>\n<ul>\n<li>Bearing Capacity: Discuss the cylinder&#8217;s ability to withstand heavy loads.<\/li>\n<li>Sealing: Explain the importance of effective seals to prevent leakage.<\/li>\n<li>Durability: Discuss how the cylinder is designed for long-lasting performance.<\/li>\n<li>Safety: Explain the safety measures incorporated into the cylinder&#8217;s design.<\/li>\n<li>Maintainability: Discuss how the cylinder is designed for easy maintenance and repair.<\/li>\n<\/ul>\n<p><img decoding=\"async\" src=\"https:\/\/www.hydraulic-cylinders.net\/wp-content\/uploads\/2025\/01\/songte-oil-pipes-and-spare-parts.webp\" alt=\"Imaginea componentelor cilindrului hidraulic\"><\/p>\n<h2>Etan\u0219are \u0219i lubrifiere<\/h2>\n<p>The bucket cylinder utilizes various sealing components, such as piston seals and rod seals, made from wear-resistant materials like polyurethane and nitrile rubber. The cylinder body and threaded ends undergo precise treatment to improve wear resistance. Regular lubrication with the appropriate amount of hydraulic oil is necessary to ensure smooth operation and longevity.<\/p>\n<h2>Inspec\u021bie regulat\u0103 \u0219i \u00eentre\u021binere preventiv\u0103<\/h2>\n<ul>\n<li>Verifica\u021bi periodic cilindrul pentru a depista orice semne de deteriorare sau uzur\u0103.<\/li>\n<li>Asigura\u021bi lubrifierea corespunz\u0103toare a tuturor pieselor mobile.<\/li>\n<li>\u00cenlocui\u021bi periodic garniturile pentru a men\u021bine performan\u021ba optim\u0103.<\/li>\n<li>Efectua\u021bi verific\u0103ri de calibrare pentru a asigura o func\u021bionare corect\u0103.<\/li>\n<\/ul>\n<h2>Ghid de instalare corect\u0103<\/h2>\n<p>For correct installation, it is important to:<\/p>\n<ul>\n<li>Alinia\u021bi corect cilindrul \u00een timpul instal\u0103rii.<\/li>\n<li>Folosi\u021bi consolele de instalare adecvate pentru a fixa cilindrul.<\/li>\n<li>Follow recommended procedures for inspection, repairs, and replacement.<\/li>\n<li>Oferi\u021bi sfaturi pentru prelungirea duratei de via\u021b\u0103 a cilindrului cupei.<\/li>\n<\/ul>\n<p><img decoding=\"async\" src=\"https:\/\/www.hydraulic-cylinders.net\/wp-content\/uploads\/2025\/01\/songte-chushion-collar.webp\" alt=\"Imagine cu guler de pern\u0103\"><\/p>\n<h2>Considera\u021bii de siguran\u021b\u0103 \u0219i factori de mediu<\/h2>\n<p>Discuta\u021bi importan\u021ba m\u0103surilor de siguran\u021b\u0103 la utilizarea cilindrului cupei \u0219i orice factori de mediu relevan\u021bi.<\/p>\n<h2>Depanare \u0219i probleme frecvente<\/h2>\n<p>Aborda\u021bi problemele comune \u0219i oferi\u021bi sfaturi \u0219i solu\u021bii de depanare pentru a ajuta cititorii s\u0103 diagnosticheze \u0219i s\u0103 rezolve problemele \u00een mod eficient. Oferi\u021bi m\u0103suri preventive pentru a minimiza poten\u021bialele probleme.<\/p>\n<p><img decoding=\"async\" src=\"https:\/\/www.hydraulic-cylinders.net\/wp-content\/uploads\/2025\/01\/songte-bushings-with-all-kinds-of-excavator-models.webp\" alt=\"Imagine buc\u0219e\"><\/p>\n<h2>Despre compania noastr\u0103<\/h2>\n<p>We are a manufacturer of replacement hydraulic cylinders. With a wide range of product offerings, we have become one of the leading manufacturers and wholesale distributors of hydraulic cylinders in both domestic and international markets. We adhere to a commitment to excellent quality and rely on industrialized production management strategies in our refined manufacturing workshops. Through the utilization of technical talents, advanced digital manufacturing equipment, and professional testing systems, we continuously improve our manufacturing platform and enhance the production quality of our products. With a strong innovative capability, we meet diverse customer needs with efficiency, precision, and high quality.<\/p>\n<p><img decoding=\"async\" src=\"https:\/\/www.hydraulic-cylinders.net\/wp-content\/uploads\/2025\/01\/songte-company-3.webp\" alt=\"Imaginea companiei\"><\/p>\n<h2>Expertiza noastr\u0103<\/h2>\n<ul>\n<li>Professionalism: Highlight the company&#8217;s expertise in manufacturing hydraulic cylinders.<\/li>\n<li>International Certifications: Mention any relevant international certifications obtained by the company.<\/li>\n<li>Customization Services: Emphasize the company&#8217;s ability to provide customized solutions.<\/li>\n<li>Production Equipment: Discuss the advanced production equipment utilized by the company.<\/li>\n<li>After-Sales Service: Describe the company&#8217;s commitment to providing excellent after-sales service.<\/li>\n<\/ul>\n<p>Autor: lyl<\/p>\n<p><\/body><br \/>\n<\/html><\/p>","protected":false},"excerpt":{"rendered":"<p>Bucket Cylinder For SGZG SD30-9B Bucket Cylinder For SGZG SD30-9B Introduction The bucket cylinder is a specially designed hydraulic cylinder used to control the movement of the bucket in heavy machinery such as excavators, backhoe loaders, and front loaders. Its main function is to allow the bucket to lift, lower, and tilt, making it easier [&hellip;]<\/p>","protected":false},"featured_media":14765,"comment_status":"open","ping_status":"closed","template":"","meta":{"_et_pb_use_builder":"","_et_pb_old_content":"","_et_gb_content_width":""},"product_brand":[],"product_cat":[1494],"product_tag":[1495,1496],"class_list":{"0":"post-15789","1":"product","2":"type-product","3":"status-publish","4":"has-post-thumbnail","6":"product_cat-bucket-cylinders","7":"product_tag-bucket-cylinders","8":"product_tag-hydraulic-cylinders","10":"first","11":"instock","12":"shipping-taxable","13":"product-type-simple"},"amp_enabled":true,"_links":{"self":[{"href":"https:\/\/www.hydraulic-cylinders.net\/ro\/wp-json\/wp\/v2\/product\/15789","targetHints":{"allow":["GET"]}}],"collection":[{"href":"https:\/\/www.hydraulic-cylinders.net\/ro\/wp-json\/wp\/v2\/product"}],"about":[{"href":"https:\/\/www.hydraulic-cylinders.net\/ro\/wp-json\/wp\/v2\/types\/product"}],"replies":[{"embeddable":true,"href":"https:\/\/www.hydraulic-cylinders.net\/ro\/wp-json\/wp\/v2\/comments?post=15789"}],"wp:featuredmedia":[{"embeddable":true,"href":"https:\/\/www.hydraulic-cylinders.net\/ro\/wp-json\/wp\/v2\/media\/14765"}],"wp:attachment":[{"href":"https:\/\/www.hydraulic-cylinders.net\/ro\/wp-json\/wp\/v2\/media?parent=15789"}],"wp:term":[{"taxonomy":"product_brand","embeddable":true,"href":"https:\/\/www.hydraulic-cylinders.net\/ro\/wp-json\/wp\/v2\/product_brand?post=15789"},{"taxonomy":"product_cat","embeddable":true,"href":"https:\/\/www.hydraulic-cylinders.net\/ro\/wp-json\/wp\/v2\/product_cat?post=15789"},{"taxonomy":"product_tag","embeddable":true,"href":"https:\/\/www.hydraulic-cylinders.net\/ro\/wp-json\/wp\/v2\/product_tag?post=15789"}],"curies":[{"name":"wp","href":"https:\/\/api.w.org\/{rel}","templated":true}]}}