{"id":15809,"date":"2025-01-19T15:01:01","date_gmt":"2025-01-19T15:01:01","guid":{"rendered":"https:\/\/www.hydraulic-cylinders.net\/product\/bucket-cylinder-for-kym-ky70\/"},"modified":"2025-01-19T15:01:03","modified_gmt":"2025-01-19T15:01:03","slug":"bucket-cylinder-for-kym-ky70","status":"publish","type":"product","link":"https:\/\/www.hydraulic-cylinders.net\/ro\/produs\/bucket-cylinder-for-kym-ky70\/","title":{"rendered":"Cilindru cup\u0103 pentru KYM KY70"},"content":{"rendered":"<h1>Cilindru cup\u0103 pentru KYM KY70<\/h1>\n<h2>Introducere<\/h2>\n<p>Cilindrul cupei pentru KYM KY70 este un cilindru hidraulic special conceput, utilizat pentru a controla mi\u0219carea cupei \u00een utilaje grele, cum ar fi excavatoarele, \u00eenc\u0103rc\u0103toarele excavatoare \u0219i \u00eenc\u0103rc\u0103toarele frontale. Func\u021bia sa principal\u0103 este de a permite ridicarea, cobor\u00e2rea \u0219i \u00eenclinarea cupei, ceea ce o face convenabil\u0103 pentru diverse sarcini de manipulare a materialelor. \u00centr-un sistem hidraulic, cilindrul cupei realizeaz\u0103 un control precis al cupei prin utilizarea schimb\u0103rilor de presiune ale uleiului hidraulic, permi\u021b\u00e2nd operatorilor s\u0103 manipuleze eficient sarcini grele \u0219i s\u0103 se adapteze la medii de lucru complexe \u0219i cerin\u021be de lucru diversificate.<\/p>\n<p><img decoding=\"async\" src=\"https:\/\/www.hydraulic-cylinders.net\/wp-content\/uploads\/2025\/01\/songte-company-2.webp\" alt=\"Cilindru cup\u0103 pentru KYM KY70\"><\/p>\n<h2>Caracteristici<\/h2>\n<ol>\n<li>Rezisten\u021b\u0103 \u0219i durabilitate ridicate: Fabricat de obicei din o\u021bel sau aluminiu de \u00eenalt\u0103 rezisten\u021b\u0103, cilindrul cupei poate rezista la presiuni ridicate \u0219i sarcini grele, adapt\u00e2ndu-se la medii de lucru dure. Designul s\u0103u ia \u00een considerare rezisten\u021ba la uzur\u0103 \u0219i la coroziune, prelungindu-i durata de via\u021b\u0103.<\/li>\n<li>Func\u021bionare hidraulic\u0103 eficient\u0103: Prin utilizarea presiunii uleiului hidraulic, cilindrul cupei realizeaz\u0103 o mi\u0219care telescopic\u0103 lin\u0103, permi\u021b\u00e2nd un r\u0103spuns rapid la comenzile de control \u0219i oferind for\u021be puternice de \u00eempingere \u0219i tragere, potrivite pentru manipularea sarcinilor grele \u0219i a sarcinilor complexe.<\/li>\n<li>Tipuri versatile: Cilindrul cupei poate fi selectat ca cilindru cu ac\u021biune simpl\u0103 (utilizat hidraulic \u00eentr-o singur\u0103 direc\u021bie) sau cu ac\u021biune dubl\u0103 (utilizat hidraulic \u00een ambele direc\u021bii), \u00een func\u021bie de nevoi, \u00eendeplinind diferite cerin\u021be opera\u021bionale. Unele modele sunt telescopice, permi\u021b\u00e2nd o extensie mai mare f\u0103r\u0103 a cre\u0219te dimensiunile exterioare, potrivite pentru aplica\u021bii cu spa\u021biu limitat.<\/li>\n<li>\u00cenlocuitor perfect: Produsele noastre pot \u00eenlocui perfect ace\u0219ti cilindri hidraulici. <\/li>\n<\/ol>\n<p><img decoding=\"async\" src=\"https:\/\/www.hydraulic-cylinders.net\/wp-content\/uploads\/2025\/01\/songte-cylinder-head-with-all-kinds-excavator-models.webp\" alt=\"Cilindru cup\u0103 pentru KYM KY70\"><\/p>\n<h2>Aplica\u021bii<\/h2>\n<p>Cilindrul cu cup\u0103 \u00ee\u0219i g\u0103se\u0219te aplica\u021bii \u00een diverse echipamente:<\/p>\n<ul>\n<li>Utilaje de construc\u021bii: Se g\u0103sesc \u00een excavatoare, acestea sunt esen\u021biale pentru s\u0103pare, \u00eenc\u0103rcare \u0219i mutarea solului sau a resturilor. La \u00eenc\u0103rc\u0103toarele excavatoare, cilindrul cupei ajut\u0103 at\u00e2t la excavare, c\u00e2t \u0219i la ridicare.<\/li>\n<li>Ma\u0219ini agricole: utilizate \u00een \u00eenc\u0103rc\u0103toare frontale pentru scobere, ridicare \u0219i transportul solului, f\u00e2nului \u0219i altor materiale.<\/li>\n<li>Excavatoare: Cilindrul cupei permite ac\u021biunile de s\u0103pare permi\u021b\u00e2nd cupei s\u0103 p\u0103trund\u0103 \u00een sol.<\/li>\n<li>\u00cenc\u0103rc\u0103toare frontale: \u00cenc\u0103rc\u0103toarele frontale ajut\u0103 la ridicarea \u0219i desc\u0103rcarea eficient\u0103 a m\u0103rfurilor.<\/li>\n<\/ul>\n<h2>Considera\u021bii de proiectare \u0219i criterii de selec\u021bie<\/h2>\n<p>C\u00e2nd vine vorba de considera\u021biile de proiectare \u0219i criteriile de selec\u021bie ale cilindrului cupei, trebuie lua\u021bi \u00een considerare mai mul\u021bi factori:<\/p>\n<ul>\n<li>Capacitate portant\u0103: Cilindrul trebuie proiectat pentru a suporta sarcinile \u0219i for\u021bele preconizate.<\/li>\n<li>Etan\u0219are: Se utilizeaz\u0103 diverse elemente de etan\u0219are, cum ar fi etan\u0219\u0103rile pistonului \u0219i etan\u0219\u0103rile tijei, \u0219i sunt selectate materiale precum poliuretanul \u0219i cauciucul nitrilic cu o rezisten\u021b\u0103 excelent\u0103 la uzur\u0103.<\/li>\n<li>Durabilitate: Corpul cilindrului \u0219i capetele filetate sunt supuse unui tratament meticulos pentru a spori rezisten\u021ba la uzur\u0103.<\/li>\n<li>Siguran\u021b\u0103: M\u0103surile de siguran\u021b\u0103 sunt esen\u021biale \u00een timpul proiect\u0103rii \u0219i utiliz\u0103rii cilindrului pentru a preveni accidentele.<\/li>\n<li>\u00centre\u021binere: Cilindrul trebuie proiectat pentru \u00eentre\u021binere \u0219i repara\u021bii u\u0219oare, pentru a minimiza timpul de nefunc\u021bionare.<\/li>\n<\/ul>\n<p><img decoding=\"async\" src=\"https:\/\/www.hydraulic-cylinders.net\/wp-content\/uploads\/2025\/01\/songte-oil-pipes-and-spare-parts.webp\" alt=\"Cilindru cup\u0103 pentru KYM KY70\"><\/p>\n<h2>Etan\u0219are \u0219i lubrifiere<\/h2>\n<p>Cilindrul cupei utilizeaz\u0103 diverse componente de etan\u0219are, inclusiv etan\u0219\u0103ri ale pistonului \u0219i etan\u0219\u0103ri ale tijei, care sunt fabricate din materiale rezistente la uzur\u0103, cum ar fi poliuretanul \u0219i cauciucul nitrilic. Corpul cilindrului \u0219i capetele filetate sunt tratate fin pentru a \u00eembun\u0103t\u0103\u021bi rezisten\u021ba la uzur\u0103. Lubrifierea regulat\u0103 cu cantitatea adecvat\u0103 de ulei hidraulic este necesar\u0103 pentru o func\u021bionare f\u0103r\u0103 probleme.<\/p>\n<h2>Inspec\u021bie regulat\u0103 \u0219i \u00eentre\u021binere preventiv\u0103<\/h2>\n<p>Pentru a asigura performan\u021ba optim\u0103 \u0219i longevitatea cilindrului cupei, trebuie efectuate inspec\u021bii regulate \u0219i m\u0103suri de \u00eentre\u021binere preventiv\u0103:<\/p>\n<ul>\n<li>Inspec\u021bia regulat\u0103 a componentelor \u0219i func\u021bionalit\u0103\u021bii cilindrului.<\/li>\n<li>Lubrifierea corect\u0103 a pieselor mobile.<\/li>\n<li>\u00cenlocuirea garniturilor atunci c\u00e2nd este necesar.<\/li>\n<li>Verific\u0103ri de calibrare pentru men\u021binerea preciziei.<\/li>\n<\/ul>\n<p><img decoding=\"async\" src=\"https:\/\/www.hydraulic-cylinders.net\/wp-content\/uploads\/2025\/01\/songte-chushion-collar.webp\" alt=\"Cilindru cup\u0103 pentru KYM KY70\"><\/p>\n<h2>Considera\u021bii de siguran\u021b\u0103 \u0219i factori de mediu<\/h2>\n<p>Atunci c\u00e2nd se utilizeaz\u0103 cilindrul cupei, respectarea m\u0103surilor de siguran\u021b\u0103 este crucial\u0103 pentru prevenirea accidentelor. \u00cen plus, luarea \u00een considerare a factorilor de mediu este important\u0103 pentru a asigura utilizarea responsabil\u0103 \u0219i durabil\u0103 a echipamentului.<\/p>\n<h2>Diagnosticarea defec\u021biunilor \u0219i probleme frecvente<\/h2>\n<p>Atunci c\u00e2nd v\u0103 confrunta\u021bi cu poten\u021biale defec\u021biuni sau probleme, urm\u0103toarele sfaturi \u0219i metode de depanare v\u0103 pot ajuta s\u0103 diagnostica\u021bi \u0219i s\u0103 rezolva\u021bi problemele \u00een mod eficient. De asemenea, ar trebui implementate m\u0103suri preventive pentru a reduce poten\u021bialele probleme.<\/p>\n<p><img decoding=\"async\" src=\"https:\/\/www.hydraulic-cylinders.net\/wp-content\/uploads\/2025\/01\/songte-bushings-with-all-kinds-of-excavator-models.webp\" alt=\"Cilindru cup\u0103 pentru KYM KY70\"><\/p>\n<h2>Concluzie<\/h2>\n<p>\u00cen concluzie, compania noastr\u0103 este un produc\u0103tor \u0219i distribuitor angro de top de cilindri hidraulici pe pie\u021bele interne \u0219i interna\u021bionale. Prioritiz\u0103m excelen\u021ba \u00een calitate \u0219i implement\u0103m strategii de management al produc\u021biei industriale \u00een atelierele noastre sofisticate de fabrica\u021bie. Concentr\u00e2ndu-ne pe talentele tehnologice, echipamentele digitale de fabrica\u021bie de ultim\u0103 genera\u021bie \u0219i sistemele profesionale de testare, \u00eembun\u0103t\u0103\u021bim continuu platforma noastr\u0103 de fabrica\u021bie \u0219i rutele de produc\u021bie a calit\u0103\u021bii produselor. Compania noastr\u0103 posed\u0103 capacit\u0103\u021bi creative puternice, satisf\u0103c\u00e2nd diversele nevoi ale clien\u021bilor cu eficien\u021b\u0103, precizie \u0219i calitate ridicate.<\/p>\n<p><img decoding=\"async\" src=\"https:\/\/www.hydraulic-cylinders.net\/wp-content\/uploads\/2025\/01\/songte-company-3.webp\" alt=\"Cilindru cup\u0103 pentru KYM KY70\"><\/p>\n<p>Autor: lyl<\/p>","protected":false},"excerpt":{"rendered":"<p>Bucket Cylinder For KYM KY70 Introduction The bucket cylinder for KYM KY70 is a specially designed hydraulic cylinder used to control the movement of the bucket in heavy machinery such as excavators, backhoe loaders, and front-end loaders. Its main function is to enable the lifting, lowering, and tilting of the bucket, making it convenient for [&hellip;]<\/p>","protected":false},"featured_media":14787,"comment_status":"open","ping_status":"closed","template":"","meta":{"_et_pb_use_builder":"","_et_pb_old_content":"","_et_gb_content_width":""},"product_brand":[],"product_cat":[1494],"product_tag":[1495,1496],"class_list":{"0":"post-15809","1":"product","2":"type-product","3":"status-publish","4":"has-post-thumbnail","6":"product_cat-bucket-cylinders","7":"product_tag-bucket-cylinders","8":"product_tag-hydraulic-cylinders","10":"first","11":"instock","12":"shipping-taxable","13":"product-type-simple"},"amp_enabled":true,"_links":{"self":[{"href":"https:\/\/www.hydraulic-cylinders.net\/ro\/wp-json\/wp\/v2\/product\/15809","targetHints":{"allow":["GET"]}}],"collection":[{"href":"https:\/\/www.hydraulic-cylinders.net\/ro\/wp-json\/wp\/v2\/product"}],"about":[{"href":"https:\/\/www.hydraulic-cylinders.net\/ro\/wp-json\/wp\/v2\/types\/product"}],"replies":[{"embeddable":true,"href":"https:\/\/www.hydraulic-cylinders.net\/ro\/wp-json\/wp\/v2\/comments?post=15809"}],"wp:featuredmedia":[{"embeddable":true,"href":"https:\/\/www.hydraulic-cylinders.net\/ro\/wp-json\/wp\/v2\/media\/14787"}],"wp:attachment":[{"href":"https:\/\/www.hydraulic-cylinders.net\/ro\/wp-json\/wp\/v2\/media?parent=15809"}],"wp:term":[{"taxonomy":"product_brand","embeddable":true,"href":"https:\/\/www.hydraulic-cylinders.net\/ro\/wp-json\/wp\/v2\/product_brand?post=15809"},{"taxonomy":"product_cat","embeddable":true,"href":"https:\/\/www.hydraulic-cylinders.net\/ro\/wp-json\/wp\/v2\/product_cat?post=15809"},{"taxonomy":"product_tag","embeddable":true,"href":"https:\/\/www.hydraulic-cylinders.net\/ro\/wp-json\/wp\/v2\/product_tag?post=15809"}],"curies":[{"name":"wp","href":"https:\/\/api.w.org\/{rel}","templated":true}]}}