{"id":15812,"date":"2025-01-19T15:01:14","date_gmt":"2025-01-19T15:01:14","guid":{"rendered":"https:\/\/www.hydraulic-cylinders.net\/product\/bucket-cylinder-for-pengpu-sw60e\/"},"modified":"2025-01-19T15:01:16","modified_gmt":"2025-01-19T15:01:16","slug":"bucket-cylinder-for-pengpu-sw60e","status":"publish","type":"product","link":"https:\/\/www.hydraulic-cylinders.net\/ro\/produs\/bucket-cylinder-for-pengpu-sw60e\/","title":{"rendered":"Cilindru cu cup\u0103 pentru Pengpu SW60E"},"content":{"rendered":"<h1>Cilindru cu cup\u0103 pentru Pengpu SW60E<\/h1>\n<h2>Introducere<\/h2>\n<p>Cilindrul cupei, cunoscut \u0219i sub denumirea de cilindru hidraulic, este un actuator hidraulic special conceput, utilizat pentru a controla mi\u0219carea cupei \u00een utilaje grele, cum ar fi excavatoarele, excavatoarele \u0219i \u00eenc\u0103rc\u0103toarele frontale. Func\u021bia sa principal\u0103 este de a permite ridicarea, cobor\u00e2rea \u0219i \u00eenclinarea cupei, facilit\u00e2nd gestionarea diverselor sarcini de manipulare a materialelor. \u00cen sistemul hidraulic, cilindrul cupei controleaz\u0103 mi\u0219carea precis\u0103 a cupei prin modific\u0103ri ale presiunii uleiului hidraulic, permi\u021b\u00e2nd operatorilor s\u0103 manipuleze eficient sarcini grele \u0219i s\u0103 se adapteze la medii de lucru complexe \u0219i cerin\u021be opera\u021bionale diverse.<\/p>\n<p><img decoding=\"async\" src=\"https:\/\/www.hydraulic-cylinders.net\/wp-content\/uploads\/2025\/01\/songte-company-2.webp\" alt=\"Cilindru cu cup\u0103 pentru Pengpu SW60E\" \/><\/p>\n<h2>Caracteristici<\/h2>\n<ul>\n<li><strong>Rezisten\u021b\u0103 \u0219i durabilitate ridicate:<\/strong> De obicei fabricat din o\u021bel sau aluminiu de \u00eenalt\u0103 rezisten\u021b\u0103, poate rezista la presiuni ridicate \u0219i sarcini grele, se adapteaz\u0103 la medii de lucru dure \u0219i este proiectat av\u00e2nd \u00een vedere rezisten\u021ba la uzur\u0103 \u0219i la coroziune pentru a prelungi durata de via\u021b\u0103.<\/li>\n<li><strong>Func\u021bionare hidraulic\u0103 eficient\u0103:<\/strong> Utiliz\u00e2nd presiunea uleiului hidraulic pentru a ob\u021bine ac\u021biuni line de extensie \u0219i contrac\u021bie, poate r\u0103spunde rapid la comenzile de control, poate oferi for\u021be puternice de \u00eempingere \u0219i tragere \u0219i este potrivit pentru manipularea sarcinilor grele \u0219i a sarcinilor opera\u021bionale complexe.<\/li>\n<li><strong>Diverse tipuri:<\/strong> Cilindrul cupei poate fi selectat ca cilindru cu ac\u021biune simpl\u0103 (utilizare hidraulic\u0103 \u00eentr-o singur\u0103 direc\u021bie) sau cu ac\u021biune dubl\u0103 (utilizare hidraulic\u0103 \u00een dou\u0103 direc\u021bii), \u00een func\u021bie de nevoile opera\u021bionale. Unele modele sunt telescopice, permi\u021b\u00e2nd o extensie mai mare f\u0103r\u0103 a cre\u0219te dimensiunile exterioare, fiind potrivite pentru aplica\u021bii cu spa\u021biu limitat.<\/li>\n<li><strong>Poate fi produs de compania noastr\u0103:<\/strong> Produsele noastre pot \u00eenlocui perfect ace\u0219ti cilindri hidraulici.<\/li>\n<\/ul>\n<p><img decoding=\"async\" src=\"https:\/\/www.hydraulic-cylinders.net\/wp-content\/uploads\/2025\/01\/songte-cylinder-head-with-all-kinds-excavator-models.webp\" alt=\"Cilindru cu cup\u0103 pentru Pengpu SW60E\" \/><\/p>\n<h2>Aplica\u021bii<\/h2>\n<p>Cilindrul cupei este utilizat pe scar\u0103 larg\u0103 \u00een diverse utilaje grele, inclusiv:<\/p>\n<ul>\n<li>Echipamente de construc\u021bii: \u00cen excavatoare, acestea sunt esen\u021biale pentru s\u0103parea, \u00eenc\u0103rcarea \u0219i mutarea solului sau a resturilor. \u00cen excavatoare, cilindrii cupei ajut\u0103 at\u00e2t la s\u0103pare, c\u00e2t \u0219i la ridicare. \u00cen \u00eenc\u0103rc\u0103toarele frontale, acestea ajut\u0103 la ridicarea \u0219i desc\u0103rcarea eficient\u0103 a \u00eenc\u0103rc\u0103turii.<\/li>\n<li>Ma\u0219ini agricole: utilizate la \u00eenc\u0103rc\u0103toarele frontale pentru a scoate, ridica \u0219i transporta p\u0103m\u00e2nt, f\u00e2n \u0219i alte materiale. La excavatoare, cilindrii cupei permit ac\u021biunea de s\u0103pare permi\u021b\u00e2nd cupei s\u0103 p\u0103trund\u0103 \u00een sol.<\/li>\n<\/ul>\n<p>Mai jos sunt c\u00e2teva aplica\u021bii specifice pentru cilindrii cupei:<\/p>\n<ul>\n<li><strong>Construc\u021bie:<\/strong> Cilindrii cupei sunt esen\u021biali pentru excavare, \u00eenc\u0103rcare \u0219i transportul solului, pietri\u0219ului \u0219i altor materiale. De asemenea, sunt utiliza\u021bi pentru ridicarea \u0219i mutarea utilajelor \u0219i echipamentelor grele pe \u0219antierele de construc\u021bii.<\/li>\n<li><strong>Minerit:<\/strong> Cilindrii cu cup\u0103 sunt utiliza\u021bi \u00een opera\u021biunile miniere pentru a s\u0103pa \u0219i transporta materiale precum c\u0103rbune \u0219i minerale.<\/li>\n<li><strong>Silvicultur\u0103:<\/strong> \u00cen opera\u021biunile forestiere, cilindrii cupei sunt utiliza\u021bi \u00een echipamente precum skiddere \u0219i stivuitoare pentru a muta bu\u0219teni \u0219i alte materiale grele.<\/li>\n<\/ul>\n<h2>Considera\u021bii de proiectare \u0219i criterii de selec\u021bie<\/h2>\n<p>La proiectarea cilindrilor pentru cupe, este important s\u0103 se ia \u00een considerare mai mul\u021bi factori pentru a asigura performan\u021be optime, durabilitate, siguran\u021b\u0103 \u0219i u\u0219urin\u021b\u0103 \u00een \u00eentre\u021binere. Ace\u0219ti factori includ:<\/p>\n<ul>\n<li><strong>Capacitate de \u00eenc\u0103rcare:<\/strong> Cilindrul trebuie s\u0103 fie proiectat pentru a suporta greutatea sarcinii pe care o va ridica sau deplasa.<\/li>\n<li><strong>Etan\u0219are:<\/strong> Cilindrul trebuie s\u0103 fie etan\u0219at corespunz\u0103tor pentru a preveni scurgerile \u0219i a asigura o func\u021bionare corect\u0103.<\/li>\n<li><strong>Durabilitate:<\/strong> Cilindrul trebuie s\u0103 fie fabricat din materiale durabile, care s\u0103 poat\u0103 rezista mediilor dure \u0219i sarcinilor grele pe care le va \u00eent\u00e2lni \u00een timpul func\u021bion\u0103rii.<\/li>\n<li><strong>Siguran\u0163\u0103:<\/strong> Cilindrul trebuie s\u0103 fie proiectat cu elemente de siguran\u021b\u0103 pentru a preveni accidentele \u0219i r\u0103nirile \u00een timpul func\u021bion\u0103rii.<\/li>\n<li><strong>\u00centre\u0163inere:<\/strong> Cilindrul trebuie proiectat av\u00e2nd \u00een vedere u\u0219urin\u021ba \u00eentre\u021binerii pentru a minimiza timpii de nefunc\u021bionare \u0219i a reduce costurile de \u00eentre\u021binere.<\/li>\n<\/ul>\n<p><img decoding=\"async\" src=\"https:\/\/www.hydraulic-cylinders.net\/wp-content\/uploads\/2025\/01\/songte-oil-pipes-and-spare-parts.webp\" alt=\"Cilindru cu cup\u0103 pentru Pengpu SW60E\" \/><\/p>\n<h2>Etan\u0219are \u0219i lubrifiere<\/h2>\n<p>Cilindrul cupei utilizeaz\u0103 diverse componente de etan\u0219are, cum ar fi etan\u0219\u0103rile pistonului \u0219i etan\u0219\u0103rile tijei, \u0219i selecteaz\u0103 materiale rezistente la uzur\u0103, cum ar fi poliuretanul \u0219i cauciucul nitrilic, pentru a cre\u0219te rezisten\u021ba la uzur\u0103. Corpul cilindrului \u0219i suprafa\u021ba cap\u0103tului filetat sunt prelucrate fin pentru a \u00eembun\u0103t\u0103\u021bi rezisten\u021ba la uzur\u0103. Aplicarea regulat\u0103 a unor cantit\u0103\u021bi adecvate de ulei hidraulic poate ajuta, de asemenea, la lubrifierea cilindrului \u0219i la prelungirea duratei sale de via\u021b\u0103.<\/p>\n<h2>\u00centre\u021binere \u0219i depanare<\/h2>\n<p>\u00centre\u021binerea \u0219i inspec\u021biile regulate ale cilindrului cupei sunt necesare pentru a asigura performan\u021be optime \u0219i a preveni defec\u021biunile. Sarcinile comune de \u00eentre\u021binere includ instalarea corect\u0103, lubrifierea regulat\u0103, \u00eenlocuirea garniturilor \u0219i verific\u0103rile de calibrare. De asemenea, este esen\u021bial s\u0103 se diagnosticheze \u0219i s\u0103 se depaneze orice probleme care pot ap\u0103rea, cum ar fi scurgeri sau defec\u021biuni, pentru a minimiza timpul de nefunc\u021bionare \u0219i costurile de repara\u021bii. Se pot lua m\u0103suri de precau\u021bie pentru a minimiza poten\u021bialele probleme.<\/p>\n<p><img decoding=\"async\" src=\"https:\/\/www.hydraulic-cylinders.net\/wp-content\/uploads\/2025\/01\/songte-chushion-collar.webp\" alt=\"Cilindru cu cup\u0103 pentru Pengpu SW60E\" \/><\/p>\n<h2>Considera\u021bii de siguran\u021b\u0103 \u0219i factori de mediu<\/h2>\n<p>C\u00e2nd utiliza\u021bi cilindrul cupei, este important s\u0103 urma\u021bi procedurile de siguran\u021b\u0103 adecvate pentru a preveni accidentele \u0219i r\u0103nirile. Acestea includ purtarea echipamentului individual de protec\u021bie adecvat, respectarea procedurilor de operare corecte \u0219i respectarea tuturor reglement\u0103rilor \u0219i instruc\u021biunilor de siguran\u021b\u0103. Factorii de mediu, cum ar fi temperatura \u0219i umiditatea, trebuie, de asemenea, lua\u021bi \u00een considerare atunci c\u00e2nd utiliza\u021bi cilindrul cupei pentru a asigura performan\u021be optime \u0219i longevitate.<\/p>\n<h2>Despre compania noastr\u0103<\/h2>\n<p>Suntem produc\u0103tori de cilindri hidraulici de schimb, oferind o gam\u0103 complet\u0103 de produse \u0219i am devenit unul dintre principalii produc\u0103tori \u0219i distribuitori angro de cilindri hidraulici pe pie\u021bele interne \u0219i interna\u021bionale. Ader\u0103m la principiile calit\u0103\u021bii excelente, baz\u00e2ndu-ne pe strategia de management al produc\u021biei industriale a unui atelier de produc\u021bie de \u00eenalt\u0103 calitate. Prin aplicarea talentelor tehnice, a echipamentelor digitale de produc\u021bie de ultim\u0103 genera\u021bie \u0219i a sistemelor profesionale de testare, compania noastr\u0103 \u00eembun\u0103t\u0103\u021be\u0219te continuu platforma de produc\u021bie, perfec\u021bioneaz\u0103 linia de produc\u021bie a calit\u0103\u021bii produselor \u0219i are o puternic\u0103 capacitate de inovare pentru a satisface nevoile diverse ale clien\u021bilor, respect\u00e2nd principiile eficien\u021bei ridicate, preciziei ridicate \u0219i calit\u0103\u021bii \u00eenalte.<\/p>\n<p>Compania noastr\u0103 ofer\u0103 servicii specializate, certific\u0103ri interna\u021bionale \u0219i solu\u021bii personalizate pentru a satisface nevoile clien\u021bilor no\u0219tri. Dispunem de echipamente de produc\u021bie avansate \u0219i oferim servicii complete post-v\u00e2nzare.<\/p>\n<p><img decoding=\"async\" src=\"https:\/\/www.hydraulic-cylinders.net\/wp-content\/uploads\/2025\/01\/songte-company-3.webp\" alt=\"Cilindru cu cup\u0103 pentru Pengpu SW60E\" \/><\/p>\n<p>Autor: lyl<\/p>","protected":false},"excerpt":{"rendered":"<p>Bucket Cylinder For Pengpu SW60E Introduction The bucket cylinder, also known as a hydraulic cylinder, is a specially designed hydraulic actuator used to control the movement of the bucket in heavy machinery such as excavators, backhoes, and front-end loaders. Its main function is to allow the bucket to lift, lower, and tilt, making it easier [&hellip;]<\/p>","protected":false},"featured_media":14782,"comment_status":"open","ping_status":"closed","template":"","meta":{"_et_pb_use_builder":"","_et_pb_old_content":"","_et_gb_content_width":""},"product_brand":[],"product_cat":[1494],"product_tag":[1495,1496],"class_list":{"0":"post-15812","1":"product","2":"type-product","3":"status-publish","4":"has-post-thumbnail","6":"product_cat-bucket-cylinders","7":"product_tag-bucket-cylinders","8":"product_tag-hydraulic-cylinders","10":"first","11":"instock","12":"shipping-taxable","13":"product-type-simple"},"amp_enabled":true,"_links":{"self":[{"href":"https:\/\/www.hydraulic-cylinders.net\/ro\/wp-json\/wp\/v2\/product\/15812","targetHints":{"allow":["GET"]}}],"collection":[{"href":"https:\/\/www.hydraulic-cylinders.net\/ro\/wp-json\/wp\/v2\/product"}],"about":[{"href":"https:\/\/www.hydraulic-cylinders.net\/ro\/wp-json\/wp\/v2\/types\/product"}],"replies":[{"embeddable":true,"href":"https:\/\/www.hydraulic-cylinders.net\/ro\/wp-json\/wp\/v2\/comments?post=15812"}],"wp:featuredmedia":[{"embeddable":true,"href":"https:\/\/www.hydraulic-cylinders.net\/ro\/wp-json\/wp\/v2\/media\/14782"}],"wp:attachment":[{"href":"https:\/\/www.hydraulic-cylinders.net\/ro\/wp-json\/wp\/v2\/media?parent=15812"}],"wp:term":[{"taxonomy":"product_brand","embeddable":true,"href":"https:\/\/www.hydraulic-cylinders.net\/ro\/wp-json\/wp\/v2\/product_brand?post=15812"},{"taxonomy":"product_cat","embeddable":true,"href":"https:\/\/www.hydraulic-cylinders.net\/ro\/wp-json\/wp\/v2\/product_cat?post=15812"},{"taxonomy":"product_tag","embeddable":true,"href":"https:\/\/www.hydraulic-cylinders.net\/ro\/wp-json\/wp\/v2\/product_tag?post=15812"}],"curies":[{"name":"wp","href":"https:\/\/api.w.org\/{rel}","templated":true}]}}