{"id":15835,"date":"2025-01-19T15:03:04","date_gmt":"2025-01-19T15:03:04","guid":{"rendered":"https:\/\/www.hydraulic-cylinders.net\/product\/bucket-cylinder-for-yanmar-vi55-5b\/"},"modified":"2025-01-19T15:03:06","modified_gmt":"2025-01-19T15:03:06","slug":"bucket-cylinder-for-yanmar-vi55-5b","status":"publish","type":"product","link":"https:\/\/www.hydraulic-cylinders.net\/ro\/produs\/bucket-cylinder-for-yanmar-vi55-5b\/","title":{"rendered":"Cilindru cup\u0103 pentru Yanmar VI55-5B"},"content":{"rendered":"<p><!-- Bucket Cylinder For Yanmar VI55-5B --><\/p>\n<h1>Cilindru cup\u0103 pentru Yanmar VI55-5B<\/h1>\n<p><!-- Introduction --><\/p>\n<h2>Introducere<\/h2>\n<p>Cilindrul cupei pentru Yanmar VI55-5B este un cilindru hidraulic special conceput, utilizat pentru a controla mi\u0219carea cupei \u00een utilaje grele, cum ar fi excavatoarele, \u00eenc\u0103rc\u0103toarele excavatoare \u0219i \u00eenc\u0103rc\u0103toarele frontale. Func\u021bia sa principal\u0103 este de a permite ridicarea, cobor\u00e2rea \u0219i \u00eenclinarea cupei, facilit\u00e2nd gestionarea diverselor sarcini de manipulare a materialelor. \u00cen sistemul hidraulic, cilindrul cupei realizeaz\u0103 un control precis al mi\u0219c\u0103rii cupei prin modific\u0103ri ale presiunii uleiului hidraulic, permi\u021b\u00e2nd operatorilor s\u0103 manipuleze eficient sarcini grele \u0219i s\u0103 se adapteze la medii de lucru complexe \u0219i cerin\u021be diverse ale lucr\u0103rilor.<\/p>\n<p><!-- Product Image --><br \/>\n<img decoding=\"async\" src=\"https:\/\/www.hydraulic-cylinders.net\/wp-content\/uploads\/2025\/01\/songte-company-2.webp\" alt=\"Cilindru cup\u0103 pentru Yanmar VI55-5B Imagine\"><\/p>\n<p><!-- Key Features --><\/p>\n<h2>Caracteristici cheie<\/h2>\n<ul>\n<li>Rezisten\u021b\u0103 \u0219i durabilitate ridicate: De obicei, fabricate din o\u021bel sau aluminiu de \u00eenalt\u0103 rezisten\u021b\u0103, capabile s\u0103 reziste la presiuni ridicate \u0219i sarcini grele, adapt\u00e2ndu-se la medii de lucru dure \u0219i proiectate av\u00e2nd \u00een vedere rezisten\u021ba la uzur\u0103 \u0219i la coroziune, prelungind durata de via\u021b\u0103.<\/li>\n<li>Func\u021bionare hidraulic\u0103 eficient\u0103: Mi\u0219carea lin\u0103 de extensie \u0219i contrac\u021bie se realizeaz\u0103 prin utilizarea presiunii uleiului hidraulic, permi\u021b\u00e2nd un r\u0103spuns rapid la comenzile de control \u0219i oferind o for\u021b\u0103 puternic\u0103 de \u00eempingere \u0219i tragere, potrivit\u0103 pentru manipularea sarcinilor grele \u0219i a sarcinilor complexe.<\/li>\n<li>Diverse tipuri: Cilindrii cu ac\u021biune simpl\u0103 (utiliza\u021bi hidraulic \u00eentr-o singur\u0103 direc\u021bie) sau cu ac\u021biune dubl\u0103 (utiliza\u021bi hidraulic \u00een ambele direc\u021bii) pot fi selecta\u021bi \u00een func\u021bie de nevoile opera\u021bionale. Unele modele sunt telescopice, permi\u021b\u00e2nd o extensie mai mare f\u0103r\u0103 a cre\u0219te dimensiunile exterioare, potrivite pentru aplica\u021bii cu spa\u021biu limitat.<\/li>\n<li>\u00cenlocuitor perfect: Produsul nostru poate \u00eenlocui perfect ace\u0219ti cilindri hidraulici. <\/li>\n<\/ul>\n<p><!-- Product Replacement Image --><br \/>\n<img decoding=\"async\" src=\"https:\/\/www.hydraulic-cylinders.net\/wp-content\/uploads\/2025\/01\/songte-cylinder-head-with-all-kinds-excavator-models.webp\" alt=\"Imagine de \u00eenlocuire a cilindrului cupei\"><\/p>\n<p><!-- Applications --><\/p>\n<h2>Aplica\u021bii<\/h2>\n<p>Cilindrul cupei pentru Yanmar VI55-5B este utilizat pe scar\u0103 larg\u0103 \u00een diverse utilaje grele, cum ar fi:<\/p>\n<ul>\n<li>Echipamente de construc\u021bii: \u00cen excavatoare, acestea sunt esen\u021biale pentru s\u0103pare, \u00eenc\u0103rcare \u0219i mutarea solului sau a resturilor. \u00cen buldoexcavatoarele, cilindrul cupei ajut\u0103 at\u00e2t la s\u0103pare, c\u00e2t \u0219i la ridicare. <\/li>\n<li>Ma\u0219ini agricole: utilizate pentru \u00eenc\u0103rc\u0103toare frontale, ridicarea, ridicarea \u0219i transportul solului, f\u00e2nului \u0219i altor materiale. <\/li>\n<li>Excavatoare: Cilindrul cupei realizeaz\u0103 ac\u021biunea de s\u0103pare permi\u021b\u00e2nd cupei s\u0103 p\u0103trund\u0103 \u00een sol. <\/li>\n<li>\u00cenc\u0103rc\u0103toare: \u00cen cazul \u00eenc\u0103rc\u0103toarelor frontale, acestea ajut\u0103 la ridicarea \u0219i \u00eenclinarea eficient\u0103 a \u00eenc\u0103rc\u0103turii.<\/li>\n<\/ul>\n<p><!-- Design Considerations and Selection Criteria --><\/p>\n<h2>Considera\u021bii de proiectare \u0219i criterii de selec\u021bie<\/h2>\n<p>La proiectarea \u0219i selectarea cilindrilor pentru cup\u0103, trebuie lua\u021bi \u00een considerare c\u00e2\u021biva factori cheie, inclusiv:<\/p>\n<ul>\n<li>Capacitate portant\u0103: Cilindrul trebuie s\u0103 poat\u0103 suporta sarcina maxim\u0103 f\u0103r\u0103 a se defecta.<\/li>\n<li>Etan\u0219are: Diverse componente de etan\u0219are, cum ar fi inelele de etan\u0219are ale pistonului \u0219i inelele de etan\u0219are ale tijei, sunt utilizate pentru a preveni scurgerile de fluid \u0219i a \u00eembun\u0103t\u0103\u021bi durata de via\u021b\u0103 a cilindrului. <\/li>\n<li>Durabilitate: Cilindrul trebuie s\u0103 poat\u0103 rezista la utilizare frecvent\u0103 \u0219i condi\u021bii dure de func\u021bionare f\u0103r\u0103 a se defecta.<\/li>\n<li>Siguran\u021b\u0103: Cilindrul trebuie proiectat av\u00e2nd \u00een vedere siguran\u021ba, asigur\u00e2ndu-se c\u0103 poate func\u021biona \u00een siguran\u021b\u0103 \u0219i fiabil, f\u0103r\u0103 a reprezenta un risc pentru persoane sau echipamente.<\/li>\n<li>\u00centre\u021binere: Cilindrul trebuie s\u0103 fie u\u0219or de \u00eentre\u021binut \u0219i reparat pentru a reduce la minimum timpul de nefunc\u021bionare. <\/li>\n<\/ul>\n<p><!-- Product Parts Image --><br \/>\n<img decoding=\"async\" src=\"https:\/\/www.hydraulic-cylinders.net\/wp-content\/uploads\/2025\/01\/songte-oil-pipes-and-spare-parts.webp\" alt=\"Imaginea pieselor cilindrului cupei\"><\/p>\n<p><!-- Seal and Lubrication --><\/p>\n<h2>Etan\u0219are \u0219i lubrifiere<\/h2>\n<p>Diverse componente de etan\u0219are, cum ar fi inelele de etan\u0219are ale pistonului \u0219i inelele de etan\u0219are ale tijei, sunt utilizate pentru a preveni scurgerile de fluid \u0219i a \u00eembun\u0103t\u0103\u021bi durata de via\u021b\u0103 a cilindrului. Componentele de etan\u0219are sunt fabricate din materiale rezistente la uzur\u0103, cum ar fi poliuretanul \u0219i cauciucul nitrilic. Corpul cilindrului \u0219i suprafa\u021ba filetat\u0103 a cap\u0103tului sunt prelucrate fin pentru a \u00eembun\u0103t\u0103\u021bi rezisten\u021ba la uzur\u0103. Lubrifierea regulat\u0103 cu ulei hidraulic adecvat este necesar\u0103 pentru a asigura o func\u021bionare lin\u0103 a cilindrului \u0219i a prelungi durata de via\u021b\u0103.<\/p>\n<p><!-- Maintenance --><\/p>\n<h2>\u00centre\u0163inere<\/h2>\n<p>Inspec\u021bia regulat\u0103 \u0219i m\u0103surile de \u00eentre\u021binere preventiv\u0103 sunt esen\u021biale pentru \u00eentre\u021binerea cilindrului cupei \u0219i prevenirea poten\u021bialelor probleme. Sarcinile comune de \u00eentre\u021binere includ:<\/p>\n<ul>\n<li>Inspec\u021bie regulat\u0103: Inspecta\u021bi corpul cilindrului, tija pistonului \u0219i garniturile pentru a depista semne de uzur\u0103 sau deteriorare. <\/li>\n<li>Lubrifiere corespunz\u0103toare: Unge\u021bi cilindrul \u00een mod regulat cu ulei hidraulic pentru a asigura o func\u021bionare f\u0103r\u0103 probleme. <\/li>\n<li>\u00cenlocuirea garniturilor: \u00cenlocui\u021bi garniturile uzate sau deteriorate pentru a preveni scurgerile de fluid. <\/li>\n<li>Verificarea calibr\u0103rii: Verifica\u021bi periodic calibrarea cilindrului. <\/li>\n<\/ul>\n<p><!-- Safety and Environment --><\/p>\n<h2>Siguran\u021b\u0103 \u0219i mediu<\/h2>\n<p>C\u00e2nd utiliza\u021bi cilindrul cupei, este important s\u0103 respecta\u021bi m\u0103surile de siguran\u021b\u0103 pentru a preveni accidentele \u0219i a asigura o func\u021bionare \u00een siguran\u021b\u0103. De asemenea, este esen\u021bial s\u0103 lua\u021bi \u00een considerare factorii de mediu \u0219i s\u0103 lua\u021bi m\u0103suri pentru a minimiza impactul asupra mediului.<\/p>\n<p><!-- Troubleshooting --><\/p>\n<h2>Depanare \u0219i probleme frecvente<\/h2>\n<p>Problemele frecvente care pot ap\u0103rea cu cilindrul cupei includ scurgeri de lichid, devia\u021bia cilindrului \u0219i performan\u021b\u0103 slab\u0103. Sfaturile de depanare \u0219i solu\u021biile pentru aceste probleme includ:<\/p>\n<ul>\n<li>Scurgeri de lichid: Verifica\u021bi garniturile \u0219i \u00eenlocui\u021bi-le dac\u0103 sunt uzate sau deteriorate. <\/li>\n<li>Deriva\u021bia cilindrului: Verifica\u021bi calibrarea \u0219i ajusta\u021bi-o dac\u0103 este necesar. <\/li>\n<li>Performan\u021b\u0103 slab\u0103: Verifica\u021bi dac\u0103 exist\u0103 blocaje sau scurgeri la sistemul hidraulic \u0219i repara\u021bi-le dac\u0103 este necesar. <\/li>\n<\/ul>\n<p><!-- Product Bushings Image --><br \/>\n<img decoding=\"async\" src=\"https:\/\/www.hydraulic-cylinders.net\/wp-content\/uploads\/2025\/01\/songte-bushings-with-all-kinds-of-excavator-models.webp\" alt=\"Imaginea buc\u0219elor cilindrului cupei\"><\/p>\n<p><!-- Company Introduction --><\/p>\n<h2>Introducerea companiei<\/h2>\n<p>Suntem un produc\u0103tor \u0219i distribuitor angro de top de cilindri hidraulici pe pie\u021bele interne \u0219i interna\u021bionale, cu o gam\u0103 complet\u0103 de tipuri de produse. Ader\u0103m la principiul excelen\u021bei \u00een calitate \u0219i ne baz\u0103m pe strategii industrializate de management al produc\u021biei din ateliere de fabrica\u021bie sofisticate, \u00eembun\u0103t\u0103\u021bind continuu platforma de produc\u021bie a atelierului, perfec\u021bion\u00e2nd linia de produc\u021bie a calit\u0103\u021bii produselor \u0219i av\u00e2nd capacit\u0103\u021bi creative puternice. Satisfacem nevoile diverse ale clien\u021bilor cu eficien\u021b\u0103 ridicat\u0103, precizie ridicat\u0103 \u0219i calitate superioar\u0103 \u0219i am devenit unul dintre principalii produc\u0103tori \u0219i distribuitori angro de cilindri hidraulici pe pie\u021bele interne \u0219i interna\u021bionale. <\/p>\n<p><!-- Company Image --><br \/>\n<img decoding=\"async\" src=\"https:\/\/hzpt.com\/wp-content\/uploads\/2024\/11\/songte-company-1.webp\" alt=\"Imaginea companiei\"><\/p>\n<p><!-- Company Features --><\/p>\n<h2>Caracteristici ale companiei<\/h2>\n<ul>\n<li>Profesionalism: Avem o echip\u0103 de ingineri \u0219i tehnicieni profesioni\u0219ti, dedica\u021bi furniz\u0103rii de produse \u0219i servicii de \u00eenalt\u0103 calitate clien\u021bilor. <\/li>\n<li>Certificare interna\u021bional\u0103: Produsele noastre au trecut certific\u0103ri interna\u021bionale precum ISO9001 \u0219i CE, asigur\u00e2ndu-le calitatea \u0219i fiabilitatea. <\/li>\n<li>Servicii de personalizare: Oferim servicii personalizate \u00een func\u021bie de cerin\u021bele clien\u021bilor, satisf\u0103c\u00e2nd nevoile lor specifice. <\/li>\n<li>Echipamente de produc\u021bie: Folosim echipamente de produc\u021bie avansate, cum ar fi centre de prelucrare CNC \u0219i robo\u021bi de sudur\u0103, pentru a asigura precizie \u0219i calitate ridicate. <\/li>\n<li>Serviciu post-v\u00e2nzare: Oferim servicii complete post-v\u00e2nzare, inclusiv repararea, \u00eenlocuirea \u0219i reconstruc\u021bia produselor, pentru a asigura satisfac\u021bia clien\u021bilor.<\/li>\n<\/ul>\n<p><!-- Company Image --><br \/>\n<img decoding=\"async\" src=\"https:\/\/www.hydraulic-cylinders.net\/wp-content\/uploads\/2025\/01\/songte-company-3.webp\" alt=\"Imaginea companiei\"><\/p>\n<p>\u00cen concluzie, cilindrul cupei pentru Yanmar VI55-5B este o component\u0103 esen\u021bial\u0103 \u00een utilajele grele, care ajut\u0103 la controlul mi\u0219c\u0103rii cupei, facilit\u00e2nd diverse sarcini de manipulare a materialelor. Proiectarea \u0219i selec\u021bia corect\u0103, \u00eentre\u021binerea regulat\u0103 \u0219i respectarea m\u0103surilor de siguran\u021b\u0103 sunt esen\u021biale pentru asigurarea performan\u021belor optime \u0219i prelungirea duratei de via\u021b\u0103. Suntem un produc\u0103tor \u0219i distribuitor angro de top de cilindri hidraulici, oferind produse \u0219i servicii de \u00eenalt\u0103 calitate clien\u021bilor din \u00eentreaga lume. <\/p>\n<p>Autor: lyl<\/p>","protected":false},"excerpt":{"rendered":"<p>Bucket Cylinder For Yanmar VI55-5B Introduction The bucket cylinder for Yanmar VI55-5B is a specifically designed hydraulic cylinder used to control the movement of the bucket in heavy machinery such as excavators, backhoe loaders, and front-end loaders. Its primary function is to enable the bucket to lift, lower, and tilt, making it easier to handle [&hellip;]<\/p>","protected":false},"featured_media":14762,"comment_status":"open","ping_status":"closed","template":"","meta":{"_et_pb_use_builder":"","_et_pb_old_content":"","_et_gb_content_width":""},"product_brand":[],"product_cat":[1494],"product_tag":[1495,1496],"class_list":{"0":"post-15835","1":"product","2":"type-product","3":"status-publish","4":"has-post-thumbnail","6":"product_cat-bucket-cylinders","7":"product_tag-bucket-cylinders","8":"product_tag-hydraulic-cylinders","10":"first","11":"instock","12":"shipping-taxable","13":"product-type-simple"},"amp_enabled":true,"_links":{"self":[{"href":"https:\/\/www.hydraulic-cylinders.net\/ro\/wp-json\/wp\/v2\/product\/15835","targetHints":{"allow":["GET"]}}],"collection":[{"href":"https:\/\/www.hydraulic-cylinders.net\/ro\/wp-json\/wp\/v2\/product"}],"about":[{"href":"https:\/\/www.hydraulic-cylinders.net\/ro\/wp-json\/wp\/v2\/types\/product"}],"replies":[{"embeddable":true,"href":"https:\/\/www.hydraulic-cylinders.net\/ro\/wp-json\/wp\/v2\/comments?post=15835"}],"wp:featuredmedia":[{"embeddable":true,"href":"https:\/\/www.hydraulic-cylinders.net\/ro\/wp-json\/wp\/v2\/media\/14762"}],"wp:attachment":[{"href":"https:\/\/www.hydraulic-cylinders.net\/ro\/wp-json\/wp\/v2\/media?parent=15835"}],"wp:term":[{"taxonomy":"product_brand","embeddable":true,"href":"https:\/\/www.hydraulic-cylinders.net\/ro\/wp-json\/wp\/v2\/product_brand?post=15835"},{"taxonomy":"product_cat","embeddable":true,"href":"https:\/\/www.hydraulic-cylinders.net\/ro\/wp-json\/wp\/v2\/product_cat?post=15835"},{"taxonomy":"product_tag","embeddable":true,"href":"https:\/\/www.hydraulic-cylinders.net\/ro\/wp-json\/wp\/v2\/product_tag?post=15835"}],"curies":[{"name":"wp","href":"https:\/\/api.w.org\/{rel}","templated":true}]}}