{"id":15836,"date":"2025-01-19T15:03:08","date_gmt":"2025-01-19T15:03:08","guid":{"rendered":"https:\/\/www.hydraulic-cylinders.net\/product\/bucket-cylinder-for-yanmar-sv025-6\/"},"modified":"2025-01-19T15:03:10","modified_gmt":"2025-01-19T15:03:10","slug":"bucket-cylinder-for-yanmar-sv025-6","status":"publish","type":"product","link":"https:\/\/www.hydraulic-cylinders.net\/ro\/produs\/bucket-cylinder-for-yanmar-sv025-6\/","title":{"rendered":"Cilindru cup\u0103 pentru Yanmar SV025-6"},"content":{"rendered":"<h1>Cilindru cup\u0103 pentru Yanmar SV025-6<\/h1>\n<h2>Introducere<\/h2>\n<p>Cilindrul cupei pentru Yanmar SV025-6 este un cilindru hidraulic special conceput, utilizat pentru a controla mi\u0219carea cupei \u00een utilaje grele, cum ar fi excavatoarele, excavatoarele cu buldoexcavatoare \u0219i \u00eenc\u0103rc\u0103toare frontale. Func\u021bia sa principal\u0103 este de a permite ridicarea, cobor\u00e2rea \u0219i \u00eenclinarea cupei, facilit\u00e2nd gestionarea diverselor sarcini de manipulare a materialelor. \u00cen sistemul hidraulic, cilindrul cupei realizeaz\u0103 un control precis al cupei prin modific\u0103ri ale presiunii uleiului hidraulic, permi\u021b\u00e2nd operatorilor s\u0103 manipuleze eficient sarcini grele \u0219i s\u0103 se adapteze la medii de lucru complexe \u0219i cerin\u021be opera\u021bionale diverse.<\/p>\n<p><img decoding=\"async\" src=\"https:\/\/www.hydraulic-cylinders.net\/wp-content\/uploads\/2025\/01\/songte-company-2.webp\"><\/p>\n<h2>Caracteristici ale produsului<\/h2>\n<ul>\n<li>\n<h3>Rezisten\u021b\u0103 \u0219i durabilitate ridicate<\/h3>\n<p>Cilindrul cupei este de obicei fabricat din o\u021bel sau aluminiu de \u00eenalt\u0103 rezisten\u021b\u0103, care poate rezista la presiuni ridicate \u0219i sarcini grele. Este proiectat pentru a lua \u00een considerare rezisten\u021ba la uzur\u0103 \u0219i la coroziune, ceea ce \u00eei poate prelungi durata de via\u021b\u0103.<\/p>\n<\/li>\n<li>\n<h3>Func\u021bionare hidraulic\u0103 eficient\u0103<\/h3>\n<p>Cilindrul cupei utilizeaz\u0103 presiunea uleiului hidraulic pentru a ob\u021bine ac\u021biuni line de expansiune \u0219i contrac\u021bie, poate r\u0103spunde rapid la comenzile de control \u0219i ofer\u0103 for\u021be puternice de \u00eempingere \u0219i tragere, potrivite pentru manipularea sarcinilor grele \u0219i a sarcinilor opera\u021bionale complexe.<\/p>\n<\/li>\n<li>\n<h3>Diverse tipuri<\/h3>\n<p>Cilindrul cupei poate fi selectat ca fiind cu ac\u021biune simpl\u0103 (sistemul hidraulic este utilizat doar \u00eentr-o singur\u0103 direc\u021bie) sau cu ac\u021biune dubl\u0103 (sistemul hidraulic este utilizat \u00een ambele direc\u021bii) \u00een func\u021bie de nevoile de a satisface diferite cerin\u021be opera\u021bionale. Unele modele sunt telescopice, permi\u021b\u00e2nd o extensie mai mare f\u0103r\u0103 a cre\u0219te dimensiunile exterioare, potrivite pentru aplica\u021bii cu spa\u021biu limitat.<\/p>\n<\/li>\n<li>\n<h3>\u00cenlocuitor perfect<\/h3>\n<p>Produsul nostru poate \u00eenlocui perfect ace\u0219ti cilindri hidraulici. <\/p>\n<\/li>\n<\/ul>\n<p><img decoding=\"async\" src=\"https:\/\/www.hydraulic-cylinders.net\/wp-content\/uploads\/2025\/01\/songte-cylinder-head-with-all-kinds-excavator-models.webp\"><\/p>\n<h2>Aplica\u021bie<\/h2>\n<p>Cilindrul cupei este utilizat pe scar\u0103 larg\u0103 \u00een diverse utilaje grele, cum ar fi:<\/p>\n<ul>\n<li>\n<h3>Echipamente de construc\u021bii<\/h3>\n<p>\u00cen excavatoare, acestea sunt esen\u021biale pentru s\u0103pare, \u00eenc\u0103rcare \u0219i mutarea solului sau a resturilor. \u00cen excavatoarele cu buldoexcavatoare, cilindrul cupei ajut\u0103 at\u00e2t la s\u0103pare, c\u00e2t \u0219i la ridicare. <\/p>\n<\/li>\n<li>\n<h3>Ma\u0219ini agricole<\/h3>\n<p>Folosit la \u00eenc\u0103rc\u0103toarele frontale pentru a scoate, ridica \u0219i transporta sol, f\u00e2n \u0219i alte materiale. La excavatoare, cilindrul cupei realizeaz\u0103 ac\u021biunea de s\u0103pare permi\u021b\u00e2nd cupei s\u0103 p\u0103trund\u0103 \u00een sol. La \u00eenc\u0103rc\u0103toarele frontale, acestea ajut\u0103 la ridicarea \u0219i \u00eenclinarea eficient\u0103 a m\u0103rfurilor.<\/p>\n<\/li>\n<\/ul>\n<h2>Considera\u021bii de proiectare \u0219i criterii de selec\u021bie<\/h2>\n<p>La selectarea cilindrului cupei, trebuie luate \u00een considerare urm\u0103toarele aspecte de proiectare \u0219i criterii de selec\u021bie:<\/p>\n<ul>\n<li>\n<h3>Capacitate portant\u0103<\/h3>\n<p>The bucket cylinder must be able to withstand the weight of the material being handled, and the hydraulic system&#8217;s pressure.<\/p>\n<\/li>\n<li>\n<h3>Etan\u0219are \u0219i durabilitate<\/h3>\n<p>Cilindrul cupei trebuie etan\u0219at etan\u0219 pentru a preveni scurgerile de fluid hidraulic. Corpul cilindrului, pistonul \u0219i suprafa\u021ba tijei trebuie prelucrate fin pentru a \u00eembun\u0103t\u0103\u021bi rezisten\u021ba la uzur\u0103. <\/p>\n<\/li>\n<li>\n<h3>Siguran\u021b\u0103 \u0219i \u00eentre\u021binere<\/h3>\n<p>Cilindrul cupei trebuie instalat corect pentru a asigura func\u021bionarea sa \u00een siguran\u021b\u0103 \u0219i eficien\u021b\u0103. Trebuie efectuat\u0103 o \u00eentre\u021binere regulat\u0103 pentru a-l men\u021bine \u00een stare bun\u0103, iar orice piese uzate sau deteriorate trebuie \u00eenlocuite \u00een timp util.<\/p>\n<\/li>\n<\/ul>\n<p><img decoding=\"async\" src=\"https:\/\/www.hydraulic-cylinders.net\/wp-content\/uploads\/2025\/01\/songte-oil-pipes-and-spare-parts.webp\"><\/p>\n<h2>Etan\u0219are \u0219i lubrifiere<\/h2>\n<p>The bucket cylinder uses various seals such as piston seals, rod seals, etc., made from wear-resistant materials such as polyurethane and nitrile rubber to ensure tight sealing. The cylinder body and rod surface are processed finely to improve wear resistance. Regular lubrication with the appropriate amount of hydraulic oil helps to maintain the bucket cylinder&#8217;s performance.<\/p>\n<h2>Inspec\u021bie \u0219i \u00eentre\u021binere preventiv\u0103<\/h2>\n<p>Regular inspection and preventive maintenance can help extend the bucket cylinder&#8217;s service life. The following are common maintenance tasks:<\/p>\n<ul>\n<li>\n<h3>Inspec\u021bie regulat\u0103<\/h3>\n<p>Inspec\u021bia corpului cilindrului, pistonului \u0219i tijei pentru uzur\u0103 sau deteriorare.<\/p>\n<\/li>\n<li>\n<h3>Lubrifiere<\/h3>\n<p>Ad\u0103ugarea cantit\u0103\u021bii corespunz\u0103toare de ulei hidraulic pentru a lubrifia cilindrul.<\/p>\n<\/li>\n<li>\n<h3>\u00cenlocuirea garniturii<\/h3>\n<p>\u00cenlocuirea garniturilor uzate sau deteriorate pentru a asigura o etan\u0219are etan\u0219\u0103.<\/p>\n<\/li>\n<li>\n<h3>Verificare calibrare<\/h3>\n<p>Verificarea calibr\u0103rii presiunii pentru a asigura un control precis al presiunii.<\/p>\n<\/li>\n<\/ul>\n<p>Proper installation, lubrication, and adjustment are critical to the bucket cylinder&#8217;s performance. During installation, be sure to align the cylinder correctly and use appropriate mounting brackets to secure it. We recommend checking, repairing, and replacing parts and providing rebuilding services to extend the bucket cylinder&#8217;s service life.<\/p>\n<p><img decoding=\"async\" src=\"https:\/\/www.hydraulic-cylinders.net\/wp-content\/uploads\/2025\/01\/songte-chushion-collar.webp\"><\/p>\n<h2>Considera\u021bii privind siguran\u021ba \u0219i mediul<\/h2>\n<p>La utilizarea cilindrului cupei, trebuie luate m\u0103suri de siguran\u021b\u0103 adecvate pentru a evita r\u0103nirea personalului sau deteriorarea echipamentelor. Eliminarea corect\u0103 a fluidelor hidraulice \u0219i a altor materiale este esen\u021bial\u0103 pentru protejarea mediului.<\/p>\n<h2>Diagnosticarea \u0219i solu\u021biile defec\u021biunilor comune<\/h2>\n<p>Defec\u021biunile frecvente ale cilindrului cupei includ scurgeri de fluid hidraulic, for\u021b\u0103 insuficient\u0103 de ie\u0219ire \u0219i func\u021bionare instabil\u0103. Urm\u0103toarele sunt c\u00e2teva sfaturi \u0219i solu\u021bii:<\/p>\n<ul>\n<li>\n<h3>Scurgere de fluid hidraulic<\/h3>\n<p>Verifica\u021bi garnitura \u0219i \u00eenlocui\u021bi-o dac\u0103 este necesar. Verifica\u021bi dac\u0103 exist\u0103 zg\u00e2rieturi \u0219i alte deterior\u0103ri ale corpului cilindrului sau ale pistonului \u0219i tijei. Ajusta\u021bi calibrarea dac\u0103 este necesar. <\/p>\n<\/li>\n<li>\n<h3>For\u021b\u0103 de ie\u0219ire insuficient\u0103<\/h3>\n<p>Check that the hydraulic system pressure is correct. Check the cylinder&#8217;s bearing capacity and adjust or replace it if necessary. <\/p>\n<\/li>\n<li>\n<h3>Func\u021bionare instabil\u0103<\/h3>\n<p>Check the calibration and adjust it if necessary. Check the hydraulic system&#8217;s pressure and adjust it if necessary.<\/p>\n<\/li>\n<\/ul>\n<p>Preventive measures, such as regular inspection, can help avoid these problems and ensure the bucket cylinder&#8217;s reliable operation.<\/p>\n<p><img decoding=\"async\" src=\"https:\/\/www.hydraulic-cylinders.net\/wp-content\/uploads\/2025\/01\/songte-bushings-with-all-kinds-of-excavator-models.webp\"><\/p>\n<h2>Despre compania noastr\u0103<\/h2>\n<p>We are a manufacturer of hydraulic cylinder replacements with a complete range of products, becoming one of the leading manufacturers and wholesale distributors of hydraulic cylinders in domestic and foreign markets. We adhere to the principle of excellence in quality and rely on industrialized production management strategies in refined manufacturing workshops. Our company continuously improves the manufacturing platform, perfects the production quality route, and has strong creative ability to meet customers&#8217; diversified needs with high efficiency, high precision, and high quality.<\/p>\n<h3>Profesionalism<\/h3>\n<p>Our team is composed of experienced professionals in the hydraulic cylinder industry, from design to production, to testing and after-sales service. We have a deep understanding of the hydraulic cylinder&#8217;s performance and provide customers with professional and efficient services.<\/p>\n<h3>Certificare interna\u021bional\u0103<\/h3>\n<p>Produsele noastre au trecut certific\u0103rile interna\u021bionale de calitate, inclusiv ISO 9001 \u0219i CE, garant\u00e2nd c\u0103 produsele noastre respect\u0103 standardele interna\u021bionale.<\/p>\n<h3>Servicii personalizate<\/h3>\n<p>We provide customized services according to customers&#8217; specific needs, such as customized cylinder types and sizes, to meet their unique requirements.<\/p>\n<h3>Echipamente avansate de produc\u021bie<\/h3>\n<p>Compania noastr\u0103 dispune de echipamente de produc\u021bie avansate, inclusiv un centru de prelucrare CNC, un strung CNC \u0219i alte echipamente digitale de produc\u021bie de ultim\u0103 genera\u021bie, asigur\u00e2nd acurate\u021bea \u0219i precizia fiec\u0103rui cilindru hidraulic.<\/p>\n<h3>Serviciu post-v\u00e2nzare<\/h3>\n<p>Oferim servicii complete post-v\u00e2nzare, inclusiv instalarea produselor, asisten\u021b\u0103 tehnic\u0103 \u0219i servicii de \u00eentre\u021binere, asigur\u00e2ndu-ne c\u0103 cilindrii no\u0219tri hidraulici func\u021bioneaz\u0103 eficient \u0219i fiabil pentru cea mai lung\u0103 perioad\u0103 de timp posibil\u0103.<\/p>\n<p><img decoding=\"async\" src=\"https:\/\/hzpt.com\/wp-content\/uploads\/2024\/11\/songte-company-1.webp\"><\/p>\n<p>Autor: lyl<\/p>","protected":false},"excerpt":{"rendered":"<p>Bucket Cylinder For Yanmar SV025-6 Introduction The bucket cylinder for Yanmar SV025-6 is a specially designed hydraulic cylinder used to control the movement of the bucket in heavy machinery such as excavators, backhoe excavators, and front-end loaders. Its main function is to allow the bucket to lift, lower, and tilt, making it easier to handle [&hellip;]<\/p>","protected":false},"featured_media":14761,"comment_status":"open","ping_status":"closed","template":"","meta":{"_et_pb_use_builder":"","_et_pb_old_content":"","_et_gb_content_width":""},"product_brand":[],"product_cat":[1494],"product_tag":[1495,1496],"class_list":{"0":"post-15836","1":"product","2":"type-product","3":"status-publish","4":"has-post-thumbnail","6":"product_cat-bucket-cylinders","7":"product_tag-bucket-cylinders","8":"product_tag-hydraulic-cylinders","10":"first","11":"instock","12":"shipping-taxable","13":"product-type-simple"},"amp_enabled":true,"_links":{"self":[{"href":"https:\/\/www.hydraulic-cylinders.net\/ro\/wp-json\/wp\/v2\/product\/15836","targetHints":{"allow":["GET"]}}],"collection":[{"href":"https:\/\/www.hydraulic-cylinders.net\/ro\/wp-json\/wp\/v2\/product"}],"about":[{"href":"https:\/\/www.hydraulic-cylinders.net\/ro\/wp-json\/wp\/v2\/types\/product"}],"replies":[{"embeddable":true,"href":"https:\/\/www.hydraulic-cylinders.net\/ro\/wp-json\/wp\/v2\/comments?post=15836"}],"wp:featuredmedia":[{"embeddable":true,"href":"https:\/\/www.hydraulic-cylinders.net\/ro\/wp-json\/wp\/v2\/media\/14761"}],"wp:attachment":[{"href":"https:\/\/www.hydraulic-cylinders.net\/ro\/wp-json\/wp\/v2\/media?parent=15836"}],"wp:term":[{"taxonomy":"product_brand","embeddable":true,"href":"https:\/\/www.hydraulic-cylinders.net\/ro\/wp-json\/wp\/v2\/product_brand?post=15836"},{"taxonomy":"product_cat","embeddable":true,"href":"https:\/\/www.hydraulic-cylinders.net\/ro\/wp-json\/wp\/v2\/product_cat?post=15836"},{"taxonomy":"product_tag","embeddable":true,"href":"https:\/\/www.hydraulic-cylinders.net\/ro\/wp-json\/wp\/v2\/product_tag?post=15836"}],"curies":[{"name":"wp","href":"https:\/\/api.w.org\/{rel}","templated":true}]}}