{"id":15837,"date":"2025-01-19T15:03:12","date_gmt":"2025-01-19T15:03:12","guid":{"rendered":"https:\/\/www.hydraulic-cylinders.net\/product\/bucket-cylinder-for-yanmar-sv100\/"},"modified":"2025-01-19T15:03:14","modified_gmt":"2025-01-19T15:03:14","slug":"bucket-cylinder-for-yanmar-sv100","status":"publish","type":"product","link":"https:\/\/www.hydraulic-cylinders.net\/ro\/produs\/bucket-cylinder-for-yanmar-sv100\/","title":{"rendered":"Cilindru cup\u0103 pentru Yanmar SV100"},"content":{"rendered":"<h1>Cilindru cup\u0103 pentru Yanmar SV100<\/h1>\n<h2>Introducere<\/h2>\n<p>Cilindrul cupei pentru Yanmar SV100 este un cilindru hidraulic special conceput, utilizat pentru a controla mi\u0219carea cupei \u00een utilaje grele, cum ar fi excavatoarele, \u00eenc\u0103rc\u0103toarele excavatoare \u0219i \u00eenc\u0103rc\u0103toarele frontale. Func\u021bia sa principal\u0103 este de a permite ridicarea, cobor\u00e2rea \u0219i \u00eenclinarea cupei, facilit\u00e2nd gestionarea diverselor sarcini de manipulare a materialelor. \u00cen sistemul hidraulic, cilindrul cupei realizeaz\u0103 un control precis al cupei prin modific\u0103ri ale presiunii uleiului hidraulic, permi\u021b\u00e2nd operatorilor s\u0103 manipuleze eficient sarcini grele \u0219i s\u0103 se adapteze la medii de lucru complexe \u0219i cerin\u021be diverse ale lucr\u0103rilor.<\/p>\n<p><img decoding=\"async\" src=\"https:\/\/www.hydraulic-cylinders.net\/wp-content\/uploads\/2025\/01\/songte-company-2.webp\" alt=\"Imaginea produsului\"><\/p>\n<h2>Caracteristici<\/h2>\n<ul>\n<li>Rezisten\u021b\u0103 \u0219i durabilitate ridicate: Fabricate de obicei din o\u021bel sau aluminiu de \u00eenalt\u0103 rezisten\u021b\u0103, pot rezista la presiuni ridicate \u0219i sarcini grele, adapt\u00e2ndu-se la medii de lucru dure. Designul ia \u00een considerare rezisten\u021ba la uzur\u0103 \u0219i rezisten\u021ba la coroziune pentru a prelungi durata de via\u021b\u0103.<\/li>\n<li>Func\u021bionare hidraulic\u0103 eficient\u0103: Utiliz\u00e2nd presiunea uleiului hidraulic, realizeaz\u0103 ac\u021biuni line de extensie \u0219i retragere, r\u0103spunde rapid la comenzile de control, ofer\u0103 for\u021be puternice de \u00eempingere \u0219i tragere \u0219i este potrivit pentru manipularea sarcinilor grele \u0219i a sarcinilor complexe.<\/li>\n<li>Diverse tipuri: Disponibile \u00een cilindri cu ac\u021biune simpl\u0103 (utilizare hidraulic\u0103 \u00eentr-o singur\u0103 direc\u021bie) sau cu ac\u021biune dubl\u0103 (utilizare hidraulic\u0103 \u00een ambele direc\u021bii) pentru a satisface diferite nevoi opera\u021bionale. Unele modele sunt telescopice, permi\u021b\u00e2nd o extensie mai mare f\u0103r\u0103 a cre\u0219te dimensiunile exterioare, potrivite pentru aplica\u021bii cu spa\u021biu limitat.<\/li>\n<li>\u00cenlocuitor perfect: Produsele noastre sunt concepute pentru a \u00eenlocui perfect ace\u0219ti cilindri hidraulici.<\/li>\n<\/ul>\n<p><img decoding=\"async\" src=\"https:\/\/www.hydraulic-cylinders.net\/wp-content\/uploads\/2025\/01\/songte-cylinder-head-with-all-kinds-excavator-models.webp\" alt=\"Imaginea produsului\"><\/p>\n<h2>Aplica\u021bii<\/h2>\n<p>Cilindrul cupei pentru Yanmar SV100 \u00ee\u0219i g\u0103se\u0219te aplica\u021bii \u00een diverse industrii \u0219i echipamente:<\/p>\n<ul>\n<li>Echipamente de construc\u021bii: Vitale pentru excavatoare, acestea permit s\u0103parea, \u00eenc\u0103rcarea \u0219i mutarea solului sau a resturilor. \u00cen cazul \u00eenc\u0103rc\u0103toarelor excavatoare, cilindrii cupei ajut\u0103 at\u00e2t la s\u0103pare, c\u00e2t \u0219i la ridicare.<\/li>\n<li>Ma\u0219ini agricole: utilizate \u00een \u00eenc\u0103rc\u0103toare frontale pentru scobere, ridicare \u0219i transportul solului, f\u00e2nului \u0219i altor materiale.<\/li>\n<li>Excavatoare: Cilindrii cupei permit ac\u021biuni de s\u0103pare permi\u021b\u00e2nd cupei s\u0103 p\u0103trund\u0103 \u00een sol.<\/li>\n<li>\u00cenc\u0103rc\u0103toare frontale: \u00cenc\u0103rc\u0103toarele frontale ajut\u0103 la ridicarea \u0219i desc\u0103rcarea eficient\u0103 a m\u0103rfurilor.<\/li>\n<\/ul>\n<h2>Considera\u021bii de proiectare \u0219i criterii de selec\u021bie<\/h2>\n<p>C\u00e2nd vine vorba de aspecte legate de design, se iau \u00een considerare mai mul\u021bi factori cheie:<\/p>\n<ul>\n<li>Capacitate portant\u0103: Cilindrul trebuie s\u0103 poat\u0103 suporta sarcina \u0219i presiunea prev\u0103zute.<\/li>\n<li>Etan\u0219are: Se utilizeaz\u0103 diverse componente de etan\u0219are, cum ar fi etan\u0219\u0103rile pistonului \u0219i etan\u0219\u0103rile tijei, fabricate din materiale rezistente la uzur\u0103, precum poliuretanul \u0219i cauciucul nitrilic.<\/li>\n<li>Durabilitate: Cilindrul este proiectat s\u0103 fie rezistent la uzur\u0103, corpul cilindrului \u0219i suprafe\u021bele filetate ale cap\u0103tului fiind fin tratate pentru a \u00eembun\u0103t\u0103\u021bi rezisten\u021ba la uzur\u0103.<\/li>\n<li>Siguran\u021b\u0103: \u00cen design sunt \u00eencorporate caracteristici de siguran\u021b\u0103 pentru a asigura o func\u021bionare sigur\u0103.<\/li>\n<li>\u00centre\u021binere: Se iau \u00een considerare \u00eentre\u021binerea \u0219i repararea mai u\u0219oar\u0103 a cilindrului.<\/li>\n<\/ul>\n<p><img decoding=\"async\" src=\"https:\/\/www.hydraulic-cylinders.net\/wp-content\/uploads\/2025\/01\/songte-oil-pipes-and-spare-parts.webp\" alt=\"Imaginea produsului\"><\/p>\n<h2>Etan\u0219are \u0219i lubrifiere<\/h2>\n<p>Cilindrul cupei utilizeaz\u0103 diverse componente de etan\u0219are, cum ar fi etan\u0219\u0103rile pistonului \u0219i etan\u0219\u0103rile tijei, care sunt fabricate din materiale rezistente la uzur\u0103, cum ar fi poliuretanul \u0219i cauciucul nitrilic. Corpul cilindrului \u0219i suprafe\u021bele filetate ale cap\u0103tului sunt tratate fin pentru a spori rezisten\u021ba la uzur\u0103. Lubrifierea regulat\u0103 cu o cantitate adecvat\u0103 de ulei hidraulic este necesar\u0103 pentru a asigura o func\u021bionare f\u0103r\u0103 probleme.<\/p>\n<h2>Inspec\u021bie regulat\u0103 \u0219i \u00eentre\u021binere preventiv\u0103<\/h2>\n<p>Pentru a asigura performan\u021be optime \u0219i longevitate, este important s\u0103 se efectueze inspec\u021bii regulate \u0219i s\u0103 se implementeze m\u0103suri de \u00eentre\u021binere preventiv\u0103. C\u00e2teva puncte cheie includ:<\/p>\n<ul>\n<li>Inspec\u021bia regulat\u0103 a cilindrului pentru a depista orice semne de uzur\u0103 sau deteriorare.<\/li>\n<li>Lubrifierea corect\u0103 a tuturor pieselor mobile.<\/li>\n<li>\u00cenlocuirea periodic\u0103 a garniturilor de etan\u0219are pentru a men\u021bine eficacitatea etan\u0219\u0103rii.<\/li>\n<li>Verific\u0103ri de calibrare pentru a asigura o func\u021bionare precis\u0103.<\/li>\n<\/ul>\n<p><img decoding=\"async\" src=\"https:\/\/www.hydraulic-cylinders.net\/wp-content\/uploads\/2025\/01\/songte-chushion-collar.webp\" alt=\"Imaginea produsului\"><\/p>\n<h2>Considera\u021bii de siguran\u021b\u0103 \u0219i factori de mediu<\/h2>\n<p>Atunci c\u00e2nd se utilizeaz\u0103 cilindrul cupei, m\u0103surile de siguran\u021b\u0103 adecvate sunt de maxim\u0103 importan\u021b\u0103 pentru a preveni accidentele \u0219i a asigura bun\u0103starea operatorului. Este esen\u021bial s\u0103 se respecte toate instruc\u021biunile \u0219i protocoalele de siguran\u021b\u0103 specifice echipamentului \u0219i mediului \u00eenconjur\u0103tor.<\/p>\n<h2>Depanare \u0219i probleme frecvente<\/h2>\n<p>\u00cen cazul oric\u0103ror defec\u021biuni sau probleme, este important s\u0103 le diagnostica\u021bi \u0219i s\u0103 le remedia\u021bi prompt. C\u00e2teva sfaturi \u0219i solu\u021bii comune de depanare includ:<\/p>\n<ul>\n<li>Alinierea corect\u0103 a cilindrului \u00een timpul instal\u0103rii.<\/li>\n<li>Verific\u0103ri \u0219i ajust\u0103ri regulate ale presiunii \u0219i debitului hidraulic.<\/li>\n<li>M\u0103suri preventive pentru minimizarea poten\u021bialelor probleme.<\/li>\n<\/ul>\n<p><img decoding=\"async\" src=\"https:\/\/www.hydraulic-cylinders.net\/wp-content\/uploads\/2025\/01\/songte-bushings-with-all-kinds-of-excavator-models.webp\" alt=\"Imaginea produsului\"><\/p>\n<h2>Concluzie<\/h2>\n<p>Compania noastr\u0103 este un produc\u0103tor \u0219i distribuitor angro de cilindri hidraulici de top pe pie\u021bele interne \u0219i interna\u021bionale. Concentr\u00e2ndu-ne pe calitatea superioar\u0103 \u0219i utiliz\u00e2nd facilit\u0103\u021bi de produc\u021bie avansate, ne str\u0103duim s\u0103 satisfacem diversele cerin\u021be ale clien\u021bilor. Angajamentul nostru fa\u021b\u0103 de excelen\u021b\u0103, expertiza tehnic\u0103, certific\u0103rile interna\u021bionale, serviciile personalizate, echipamentele de produc\u021bie de ultim\u0103 genera\u021bie \u0219i asisten\u021ba post-v\u00e2nzare dedicat\u0103 ne diferen\u021biaz\u0103 de ceilal\u021bi din industrie.<\/p>\n<p><img decoding=\"async\" src=\"https:\/\/www.hydraulic-cylinders.net\/wp-content\/uploads\/2025\/01\/songte-company-3.webp\" alt=\"Imaginea companiei\"><\/p>\n<p>Autor: lyl<\/p>","protected":false},"excerpt":{"rendered":"<p>Bucket Cylinder For Yanmar SV100 Introduction The bucket cylinder for Yanmar SV100 is a specially designed hydraulic cylinder used to control the movement of the bucket in heavy machinery such as excavators, backhoe loaders, and front-end loaders. Its main function is to enable the lifting, lowering, and tilting of the bucket, making it easier to [&hellip;]<\/p>","protected":false},"featured_media":14789,"comment_status":"open","ping_status":"closed","template":"","meta":{"_et_pb_use_builder":"","_et_pb_old_content":"","_et_gb_content_width":""},"product_brand":[],"product_cat":[1494],"product_tag":[1495,1496],"class_list":{"0":"post-15837","1":"product","2":"type-product","3":"status-publish","4":"has-post-thumbnail","6":"product_cat-bucket-cylinders","7":"product_tag-bucket-cylinders","8":"product_tag-hydraulic-cylinders","10":"first","11":"instock","12":"shipping-taxable","13":"product-type-simple"},"amp_enabled":true,"_links":{"self":[{"href":"https:\/\/www.hydraulic-cylinders.net\/ro\/wp-json\/wp\/v2\/product\/15837","targetHints":{"allow":["GET"]}}],"collection":[{"href":"https:\/\/www.hydraulic-cylinders.net\/ro\/wp-json\/wp\/v2\/product"}],"about":[{"href":"https:\/\/www.hydraulic-cylinders.net\/ro\/wp-json\/wp\/v2\/types\/product"}],"replies":[{"embeddable":true,"href":"https:\/\/www.hydraulic-cylinders.net\/ro\/wp-json\/wp\/v2\/comments?post=15837"}],"wp:featuredmedia":[{"embeddable":true,"href":"https:\/\/www.hydraulic-cylinders.net\/ro\/wp-json\/wp\/v2\/media\/14789"}],"wp:attachment":[{"href":"https:\/\/www.hydraulic-cylinders.net\/ro\/wp-json\/wp\/v2\/media?parent=15837"}],"wp:term":[{"taxonomy":"product_brand","embeddable":true,"href":"https:\/\/www.hydraulic-cylinders.net\/ro\/wp-json\/wp\/v2\/product_brand?post=15837"},{"taxonomy":"product_cat","embeddable":true,"href":"https:\/\/www.hydraulic-cylinders.net\/ro\/wp-json\/wp\/v2\/product_cat?post=15837"},{"taxonomy":"product_tag","embeddable":true,"href":"https:\/\/www.hydraulic-cylinders.net\/ro\/wp-json\/wp\/v2\/product_tag?post=15837"}],"curies":[{"name":"wp","href":"https:\/\/api.w.org\/{rel}","templated":true}]}}