{"id":15838,"date":"2025-01-19T15:03:16","date_gmt":"2025-01-19T15:03:16","guid":{"rendered":"https:\/\/www.hydraulic-cylinders.net\/product\/bucket-cylinder-for-yanmar-vi35-5b\/"},"modified":"2025-01-19T15:03:18","modified_gmt":"2025-01-19T15:03:18","slug":"bucket-cylinder-for-yanmar-vi35-5b","status":"publish","type":"product","link":"https:\/\/www.hydraulic-cylinders.net\/ro\/produs\/bucket-cylinder-for-yanmar-vi35-5b\/","title":{"rendered":"Cilindru cup\u0103 pentru Yanmar VI35-5B"},"content":{"rendered":"<h1>Cilindru cup\u0103 pentru Yanmar VI35-5B<\/h1>\n<h2>Introducere<\/h2>\n<p>Un cilindru al cupei este un cilindru hidraulic special conceput, utilizat \u00een principal pentru a controla mi\u0219carea cupelor \u00een utilaje grele, cum ar fi excavatoarele, \u00eenc\u0103rc\u0103toarele excavatoare \u0219i \u00eenc\u0103rc\u0103toarele frontale. Func\u021bia sa principal\u0103 este de a permite ridicarea, cobor\u00e2rea \u0219i \u00eenclinarea cupei, facilit\u00e2nd efectuarea diverselor sarcini de manipulare a materialelor. \u00cen sistemul hidraulic, cilindrul cupei realizeaz\u0103 un control precis al cupei prin schimb\u0103rile de presiune ale uleiului hidraulic, permi\u021b\u00e2nd operatorilor s\u0103 manipuleze eficient obiecte grele, s\u0103 se adapteze la medii de lucru complexe \u0219i nevoi opera\u021bionale diverse.<\/p>\n<p><img decoding=\"async\" src=\"https:\/\/www.hydraulic-cylinders.net\/wp-content\/uploads\/2025\/01\/songte-company-2.webp\"><\/p>\n<h2>Caracteristici<\/h2>\n<ul>\n<li>\n<h3>Rezisten\u021b\u0103 \u0219i durabilitate ridicate<\/h3>\n<p>Cilindrii cu cup\u0103 sunt de obicei fabrica\u021bi din o\u021bel sau aluminiu de \u00eenalt\u0103 rezisten\u021b\u0103, capabili s\u0103 reziste la presiuni ridicate \u0219i sarcini grele \u0219i proiecta\u021bi \u021bin\u00e2nd cont de rezisten\u021ba la uzur\u0103 \u0219i coroziune, prelungindu-le durata de via\u021b\u0103.<\/p>\n<\/li>\n<li>\n<h3>Func\u021bionare hidraulic\u0103 eficient\u0103<\/h3>\n<p>Cilindrii cupei utilizeaz\u0103 presiunea uleiului hidraulic pentru a realiza o extensie \u0219i o retragere lin\u0103, permi\u021b\u00e2nd un r\u0103spuns rapid la comenzile de control, oferind for\u021be puternice de \u00eempingere \u0219i tragere \u0219i fiind potrivi\u021bi pentru manipularea obiectelor grele \u0219i a sarcinilor complexe.<\/p>\n<\/li>\n<li>\n<h3>Diverse tipuri<\/h3>\n<p>Cilindrii cupei pot fi selecta\u021bi ca fiind cu ac\u021biune simpl\u0103 (folosind sistemul hidraulic \u00eentr-o singur\u0103 direc\u021bie) sau cu ac\u021biune dubl\u0103 (folosind sistemul hidraulic \u00een ambele direc\u021bii), \u00een func\u021bie de nevoile opera\u021bionale. Unele modele sunt telescopice, permi\u021b\u00e2nd o extensie mai mare f\u0103r\u0103 a cre\u0219te dimensiunile exterioare, fiind potrivi\u021bi pentru aplica\u021bii cu spa\u021biu limitat.<\/p>\n<\/li>\n<li>\n<h3>\u00cenlocuibil<\/h3>\n<p>Compania noastr\u0103 poate produce \u0219i \u00eenlocui acest produs. Produsele noastre pot \u00eenlocui perfect ace\u0219ti cilindri hidraulici.<\/p>\n<p>    <img decoding=\"async\" src=\"https:\/\/www.hydraulic-cylinders.net\/wp-content\/uploads\/2025\/01\/songte-cylinder-head-with-all-kinds-excavator-models.webp\">\n  <\/li>\n<li>\n<h3>Gam\u0103 larg\u0103 de aplica\u021bii<\/h3>\n<p>Cilindrii cu cup\u0103 sunt esen\u021biali pentru diverse tipuri de echipamente, inclusiv, dar f\u0103r\u0103 a se limita la:<\/p>\n<ul>\n<li><strong>Excavatoare:<\/strong> Cilindrii cupei permit ac\u021biunea de s\u0103pare permi\u021b\u00e2nd cupei s\u0103 p\u0103trund\u0103 \u00een sol.<\/li>\n<li><strong>\u00cenc\u0103rc\u0103toare frontale:<\/strong> Acestea ajut\u0103 la ridicarea \u0219i \u00eenclinarea eficient\u0103 a \u00eenc\u0103rc\u0103turii.<\/li>\n<li><strong>\u00cenc\u0103rc\u0103toare excavatoare:<\/strong> Cilindrii cupei ajut\u0103 at\u00e2t la s\u0103pare, c\u00e2t \u0219i la ridicare.<\/li>\n<li><strong>Ma\u0219ini agricole:<\/strong> \u00cenc\u0103rc\u0103toarele frontale, cilindrii cupei, ajut\u0103 la colectarea, ridicarea \u0219i transportul solului, f\u00e2nului \u0219i al altor materiale.<\/li>\n<\/ul>\n<\/li>\n<\/ul>\n<h2>Considera\u021bii de proiectare \u0219i criterii de selec\u021bie<\/h2>\n<p>La proiectarea cilindrilor cupei, considera\u021biile cheie includ:<\/p>\n<ul>\n<li>\n<h3>Capacitate portant\u0103<\/h3>\n<p>Cilindrul trebuie s\u0103 poat\u0103 suporta greutatea sarcinii \u0219i orice for\u021be suplimentare aplicate acestuia. Dimensiunile \u0219i materialele cilindrului trebuie selectate pentru a corespunde cerin\u021belor de sarcin\u0103.<\/p>\n<\/li>\n<li>\n<h3>Sigilare<\/h3>\n<p>Performan\u021ba \u0219i longevitatea cilindrului depind de calitatea etan\u0219\u0103rilor sale, care trebuie s\u0103 fie fabricate din materiale rezistente la uzur\u0103, cum ar fi poliuretanul sau cauciucul nitrilic. Corpul cilindrului \u0219i suprafe\u021bele filetate ale cap\u0103tului trebuie, de asemenea, tratate fin pentru a \u00eembun\u0103t\u0103\u021bi rezisten\u021ba la uzur\u0103. Lubrifierea regulat\u0103 cu ulei hidraulic este necesar\u0103 pentru a men\u021bine func\u021bionarea f\u0103r\u0103 probleme a cilindrului.<\/p>\n<p>    <img decoding=\"async\" src=\"https:\/\/www.hydraulic-cylinders.net\/wp-content\/uploads\/2025\/01\/songte-oil-pipes-and-spare-parts.webp\">\n  <\/li>\n<li>\n<h3>Durabilitate \u0219i siguran\u021b\u0103<\/h3>\n<p>Cilindrul trebuie s\u0103 poat\u0103 rezista la condi\u021bii dure \u0219i s\u0103 continue s\u0103 func\u021bioneze \u00een siguran\u021b\u0103. Materialele \u0219i designul s\u0103u ar trebui s\u0103 acorde prioritate durabilit\u0103\u021bii, iar caracteristicile de siguran\u021b\u0103, cum ar fi supapele de suprapresiune, ar trebui \u00eencorporate pentru a preveni deteriorarea \u0219i a reduce riscul de accidente.<\/p>\n<\/li>\n<li>\n<h3>\u00centre\u021binere \u0219i repara\u021bii<\/h3>\n<p>Cilindrul trebuie s\u0103 fie proiectat pentru \u00eentre\u021binere \u0219i repara\u021bii u\u0219oare, cu piese u\u0219or accesibile \u0219i \u00eenlocuibile. De asemenea, trebuie proiectat lu\u00e2nd \u00een considerare inspec\u021bia periodic\u0103 \u0219i \u00eentre\u021binerea preventiv\u0103 pentru a-i prelungi durata de via\u021b\u0103.<\/p>\n<p>    <img decoding=\"async\" src=\"https:\/\/www.hydraulic-cylinders.net\/wp-content\/uploads\/2025\/01\/songte-chushion-collar.webp\">\n  <\/li>\n<\/ul>\n<h2>Instalare \u0219i \u00eentre\u021binere<\/h2>\n<p>Instalarea, lubrifierea \u0219i reglarea corect\u0103 a cilindrilor cupei sunt cruciale pentru a asigura func\u021bionarea corect\u0103 \u0219i longevitatea acestora. Sarcinile comune de \u00eentre\u021binere includ:<\/p>\n<ul>\n<li>\n<h3>Inspec\u021bie regulat\u0103<\/h3>\n<p>Inspectarea regulat\u0103 a cilindrului pentru a verifica dac\u0103 exist\u0103 uzur\u0103 \u0219i deterior\u0103ri este necesar\u0103 pentru a preveni orice probleme poten\u021biale.<\/p>\n<\/li>\n<li>\n<h3>Lubrifiere<\/h3>\n<p>Lubrifierea adecvat\u0103 este esen\u021bial\u0103 pentru a preveni uzura \u0219i coroziunea \u0219i pentru a prelungi durata de via\u021b\u0103 a cilindrului.<\/p>\n<\/li>\n<li>\n<h3>\u00cenlocuirea garniturilor \u0219i verific\u0103ri ale calibr\u0103rii<\/h3>\n<p>\u00cenlocuirea garniturilor uzate \u0219i calibrarea periodic\u0103 a cilindrului vor asigura func\u021bionarea f\u0103r\u0103 probleme \u0219i longevitatea acestuia.<\/p>\n<\/li>\n<\/ul>\n<p>Este important s\u0103 se furnizeze instruc\u021biuni corecte de aliniere a cilindrului \u00een timpul instal\u0103rii, s\u0103 se sugereze utilizarea unor console de montare adecvate pentru fixarea cilindrului \u0219i s\u0103 se recomande proceduri de inspec\u021bie, reparare \u0219i \u00eenlocuire pentru a prelungi durata de via\u021b\u0103 a cilindrului. <\/p>\n<p><img decoding=\"async\" src=\"https:\/\/hzpt.com\/wp-content\/uploads\/2024\/11\/songte-company-1.webp\"><\/p>\n<h2>Considera\u021bii de siguran\u021b\u0103 \u0219i factori de mediu<\/h2>\n<p>Atunci c\u00e2nd se utilizeaz\u0103 cilindri cu cup\u0103, respectarea procedurilor \u0219i instruc\u021biunilor de siguran\u021b\u0103 este esen\u021bial\u0103 pentru a preveni accidentele \u0219i r\u0103nirile. De asemenea, ar trebui \u00eencurajat\u0103 utilizarea echipamentului individual de protec\u021bie adecvat, cum ar fi m\u0103nu\u0219i \u0219i ochelari de protec\u021bie.<\/p>\n<h2>Depanare \u0219i probleme frecvente<\/h2>\n<p>Problemele cu cilindrii cupei pot include scurgeri, func\u021bionare necorespunz\u0103toare \u0219i deteriorare. Depanarea \u0219i rezolvarea problemelor necesit\u0103 cuno\u0219tin\u021be despre sistemele hidraulice \u0219i componentele mecanice implicate \u00een func\u021bionarea cilindrului. Diagnosticarea corect\u0103 \u0219i rezolvarea eficient\u0103 a problemelor vor duce la un cilindru cupei cu performan\u021be mai bune.<\/p>\n<p>M\u0103surile preventive, cum ar fi inspec\u021biile regulate \u0219i lubrifierea, pot reduce la minimum riscul unor poten\u021biale probleme.<\/p>\n<p><img decoding=\"async\" src=\"https:\/\/www.hydraulic-cylinders.net\/wp-content\/uploads\/2025\/01\/songte-bushings-with-all-kinds-of-excavator-models.webp\"><\/p>\n<h2>Despre compania noastr\u0103<\/h2>\n<p>Suntem produc\u0103tori de cilindri hidraulici, cu o gam\u0103 larg\u0103 de produse \u0219i o prezen\u021b\u0103 consolidat\u0103 at\u00e2t pe pie\u021bele interne, c\u00e2t \u0219i interna\u021bionale. Ne angaj\u0103m s\u0103 livr\u0103m produse de calitate excelent\u0103, baz\u00e2ndu-ne pe strategia de management al produc\u021biei industriale a atelierelor de produc\u021bie fin\u0103 \u0219i utiliz\u00e2nd talente tehnologice, echipamente digitale de produc\u021bie de ultim\u0103 genera\u021bie \u0219i sisteme profesionale de testare pentru a \u00eembun\u0103t\u0103\u021bi continuu platforma de produc\u021bie a atelierului, a \u00eembun\u0103t\u0103\u021bi calitatea produc\u021biei \u0219i a avea o capacitate creativ\u0103 puternic\u0103. Produsele noastre sunt proiectate cu eficien\u021b\u0103, precizie \u0219i calitate ridicate, satisf\u0103c\u00e2nd diversele nevoi ale clien\u021bilor.<\/p>\n<ul>\n<li>\n<h3>Profesionalism<\/h3>\n<p>Echipa noastr\u0103 este format\u0103 din profesioni\u0219ti cu experien\u021b\u0103 \u00een proiectarea \u0219i produc\u021bia de cilindri hidraulici.<\/p>\n<\/li>\n<li>\n<h3>Certificare interna\u021bional\u0103<\/h3>\n<p>Produsele noastre sunt certificate conform standardelor interna\u021bionale precum ISO \u0219i CE.<\/p>\n<\/li>\n<li>\n<h3>Servicii de personalizare<\/h3>\n<p>Oferim servicii de personalizare pentru a satisface nevoile \u0219i cerin\u021bele specifice ale clien\u021bilor.<\/p>\n<\/li>\n<li>\n<h3>Echipamente de produc\u021bie<\/h3>\n<p>Folosim echipamente digitale de produc\u021bie de ultim\u0103 genera\u021bie pentru a asigura calitatea produselor noastre.<\/p>\n<\/li>\n<li>\n<h3>Serviciu post-v\u00e2nzare<\/h3>\n<p>Oferim servicii complete post-v\u00e2nzare, inclusiv servicii de repara\u021bii \u0219i \u00eenlocuire.<\/p>\n<\/li>\n<\/ul>\n<p><img decoding=\"async\" src=\"https:\/\/www.hydraulic-cylinders.net\/wp-content\/uploads\/2025\/01\/songte-company-3.webp\"><\/p>\n<p>Autor: lyl<\/p>","protected":false},"excerpt":{"rendered":"<p>Bucket Cylinder For Yanmar VI35-5B Introduction A bucket cylinder is a specially designed hydraulic cylinder primarily used to control the movement of buckets in heavy machinery such as excavators, backhoe loaders, and front-end loaders. Its main function is to enable the bucket to lift, lower, and tilt, making it easier to carry out various material [&hellip;]<\/p>","protected":false},"featured_media":14788,"comment_status":"open","ping_status":"closed","template":"","meta":{"_et_pb_use_builder":"","_et_pb_old_content":"","_et_gb_content_width":""},"product_brand":[],"product_cat":[1494],"product_tag":[1495,1496],"class_list":{"0":"post-15838","1":"product","2":"type-product","3":"status-publish","4":"has-post-thumbnail","6":"product_cat-bucket-cylinders","7":"product_tag-bucket-cylinders","8":"product_tag-hydraulic-cylinders","10":"first","11":"instock","12":"shipping-taxable","13":"product-type-simple"},"amp_enabled":true,"_links":{"self":[{"href":"https:\/\/www.hydraulic-cylinders.net\/ro\/wp-json\/wp\/v2\/product\/15838","targetHints":{"allow":["GET"]}}],"collection":[{"href":"https:\/\/www.hydraulic-cylinders.net\/ro\/wp-json\/wp\/v2\/product"}],"about":[{"href":"https:\/\/www.hydraulic-cylinders.net\/ro\/wp-json\/wp\/v2\/types\/product"}],"replies":[{"embeddable":true,"href":"https:\/\/www.hydraulic-cylinders.net\/ro\/wp-json\/wp\/v2\/comments?post=15838"}],"wp:featuredmedia":[{"embeddable":true,"href":"https:\/\/www.hydraulic-cylinders.net\/ro\/wp-json\/wp\/v2\/media\/14788"}],"wp:attachment":[{"href":"https:\/\/www.hydraulic-cylinders.net\/ro\/wp-json\/wp\/v2\/media?parent=15838"}],"wp:term":[{"taxonomy":"product_brand","embeddable":true,"href":"https:\/\/www.hydraulic-cylinders.net\/ro\/wp-json\/wp\/v2\/product_brand?post=15838"},{"taxonomy":"product_cat","embeddable":true,"href":"https:\/\/www.hydraulic-cylinders.net\/ro\/wp-json\/wp\/v2\/product_cat?post=15838"},{"taxonomy":"product_tag","embeddable":true,"href":"https:\/\/www.hydraulic-cylinders.net\/ro\/wp-json\/wp\/v2\/product_tag?post=15838"}],"curies":[{"name":"wp","href":"https:\/\/api.w.org\/{rel}","templated":true}]}}