{"id":15850,"date":"2025-01-19T15:04:26","date_gmt":"2025-01-19T15:04:26","guid":{"rendered":"https:\/\/www.hydraulic-cylinders.net\/product\/bucket-cylinder-for-john-deere-e300lc\/"},"modified":"2025-01-19T15:04:28","modified_gmt":"2025-01-19T15:04:28","slug":"bucket-cylinder-for-john-deere-e300lc","status":"publish","type":"product","link":"https:\/\/www.hydraulic-cylinders.net\/ro\/produs\/bucket-cylinder-for-john-deere-e300lc\/","title":{"rendered":"Cilindru cup\u0103 pentru John Deere E300LC"},"content":{"rendered":"<h2>Cilindru cup\u0103 pentru John Deere E300LC<\/h2>\n<h3>Introducere<\/h3>\n<p>Un cilindru al cupei este un cilindru hidraulic special conceput, utilizat \u00een principal pentru a controla mi\u0219carea unei cupe \u00een utilaje grele, cum ar fi excavatoarele, \u00eenc\u0103rc\u0103toarele excavatoare \u0219i \u00eenc\u0103rc\u0103toarele frontale. Func\u021bia sa principal\u0103 este de a permite cupei s\u0103 se ridice, s\u0103 coboare \u0219i s\u0103 se \u00eencline pentru a facilita sarcinile de manipulare a materialelor. \u00cen sistemul hidraulic, cilindrul cupei realizeaz\u0103 un control precis al cupei prin modific\u0103ri ale presiunii uleiului hidraulic, permi\u021b\u00e2nd operatorilor s\u0103 manipuleze eficient sarcini grele \u0219i s\u0103 se adapteze la medii de lucru complexe \u0219i cerin\u021be ale postului.<\/p>\n<p><img decoding=\"async\" src=\"https:\/\/www.hydraulic-cylinders.net\/wp-content\/uploads\/2025\/01\/songte-company-2.webp\"><\/p>\n<h3>Caracteristici<\/h3>\n<ul>\n<li><strong>Rezisten\u021b\u0103 \u0219i durabilitate ridicate:<\/strong> De obicei fabricat din o\u021bel sau aluminiu de \u00eenalt\u0103 rezisten\u021b\u0103, poate rezista la presiuni ridicate \u0219i sarcini grele, se adapteaz\u0103 la medii de lucru dure \u0219i este proiectat cu rezisten\u021b\u0103 la uzur\u0103 \u0219i coroziune pentru a-i prelungi durata de via\u021b\u0103.<\/li>\n<li><strong>Func\u021bionare hidraulic\u0103 eficient\u0103:<\/strong> Utiliz\u00e2nd presiunea uleiului hidraulic pentru a ob\u021bine mi\u0219c\u0103ri line de extensie \u0219i contrac\u021bie, acesta poate r\u0103spunde rapid la comenzile de control \u0219i poate oferi for\u021be puternice de \u00eempingere \u0219i tragere, fiind potrivit pentru manipularea sarcinilor grele \u0219i a sarcinilor complexe.<\/li>\n<li><strong>Diverse tipuri:<\/strong> Cilindrii cu ac\u021biune simpl\u0103 (folosind sistemul hidraulic \u00eentr-o singur\u0103 direc\u021bie) sau cu ac\u021biune dubl\u0103 (folosind sistemul hidraulic \u00een ambele direc\u021bii) pot fi selecta\u021bi \u00een func\u021bie de nevoile opera\u021bionale. Unele modele sunt telescopice, permi\u021b\u00e2nd o extensie mai mare f\u0103r\u0103 a cre\u0219te dimensiunile exterioare, fiind potrivi\u021bi pentru aplica\u021bii cu spa\u021biu limitat.<\/li>\n<li><strong>Poate fi produs de noi:<\/strong> Produsul nostru poate \u00eenlocui perfect ace\u0219ti cilindri hidraulici.<\/li>\n<\/ul>\n<p><img decoding=\"async\" src=\"https:\/\/www.hydraulic-cylinders.net\/wp-content\/uploads\/2025\/01\/songte-cylinder-head-with-all-kinds-excavator-models.webp\"><\/p>\n<h3>Aplica\u021bii<\/h3>\n<p>Cilindrul cu cup\u0103 este utilizat pe scar\u0103 larg\u0103 \u00een diverse industrii, inclusiv:<\/p>\n<ul>\n<li><strong>Echipamente de construc\u021bii:<\/strong> \u00cen excavatoare, acestea sunt esen\u021biale pentru s\u0103pare, \u00eenc\u0103rcare \u0219i mutarea solului sau a resturilor. \u00cen buldoexcavatoarele, cilindrii cupei contribuie at\u00e2t la s\u0103pare, c\u00e2t \u0219i la ridicare. <\/li>\n<li><strong>Ma\u0219ini agricole:<\/strong> Folosit pentru \u00eenc\u0103rc\u0103toare frontale, ridicarea, ridicarea \u0219i transportul solului, f\u00e2nului \u0219i altor materiale. <\/li>\n<li><strong>Excavatoare:<\/strong> Cilindrul cupei realizeaz\u0103 ac\u021biunea de s\u0103pare permi\u021b\u00e2nd cupei s\u0103 p\u0103trund\u0103 \u00een sol. <\/li>\n<li><strong>\u00cenc\u0103rc\u0103toare:<\/strong> \u00cen cazul \u00eenc\u0103rc\u0103toarelor frontale, acestea ajut\u0103 la ridicarea \u0219i \u00eenclinarea eficient\u0103 a m\u0103rfurilor. <\/li>\n<\/ul>\n<h3>Considera\u021bii de proiectare \u0219i criterii de selec\u021bie<\/h3>\n<p>Din considera\u021bii de proiectare, cum ar fi capacitatea portant\u0103, etan\u0219area, durabilitatea, siguran\u021ba \u0219i mentenan\u021ba, cilindrul cupei trebuie selectat \u00een func\u021bie de nevoile opera\u021bionale specifice. <\/p>\n<ul>\n<li><strong>Capacitate portant\u0103:<\/strong> Cilindrul ar trebui s\u0103 poat\u0103 sus\u021bine sarcinile pe care se a\u0219teapt\u0103 s\u0103 le suporte. Av\u00e2nd \u00een vedere mediul de lucru, acesta ar trebui s\u0103 \u00eendeplineasc\u0103 standardele de proiectare care s\u0103 garanteze c\u0103 este capabil s\u0103 gestioneze sarcinile \u0219i solicit\u0103rile pe care le va \u00eent\u00e2mpina. <\/li>\n<li><strong>Etan\u0219are:<\/strong> Cilindrul trebuie s\u0103 aib\u0103 etan\u0219\u0103ri de \u00eenalt\u0103 calitate pentru a preveni scurgerile, care ar putea deteriora cilindrul \u0219i echipamentul din jur. <\/li>\n<li><strong>Durabilitate:<\/strong> Cilindrul trebuie s\u0103 fie fabricat din materiale de \u00eenalt\u0103 calitate, rezistente la uzur\u0103 \u0219i coroziune, ceea ce \u00eei poate prelungi durata de via\u021b\u0103 \u0219i poate reduce costurile de \u00eentre\u021binere. <\/li>\n<li><strong>Siguran\u0163\u0103:<\/strong> Cilindrul trebuie proiectat av\u00e2nd \u00een vedere siguran\u021ba pentru a preveni accidentele \u0219i a minimiza riscurile, cum ar fi evitarea mi\u0219c\u0103rilor bru\u0219te \u0219i asigurarea mont\u0103rii corecte. <\/li>\n<li><strong>Mentenabilitate:<\/strong> Cilindrul trebuie s\u0103 fie u\u0219or de \u00eentre\u021binut \u0219i reparat, cu piese u\u0219or disponibile \u0219i s\u0103 aib\u0103 instruc\u021biuni de \u00eentre\u021binere clare \u0219i concise.<\/li>\n<\/ul>\n<p><img decoding=\"async\" src=\"https:\/\/www.hydraulic-cylinders.net\/wp-content\/uploads\/2025\/01\/songte-oil-pipes-and-spare-parts.webp\"><\/p>\n<h3>Etan\u0219are \u0219i lubrifiere<\/h3>\n<p>Cilindrul cupei utilizeaz\u0103 diverse garnituri, cum ar fi garnituri de piston, garnituri de tij\u0103 etc., fabricate din materiale rezistente la uzur\u0103, cum ar fi poliuretanul \u0219i cauciucul nitrilic, prevenind eficient scurgerile de ulei. Corpul cilindrului \u0219i suprafa\u021ba filetat\u0103 a cap\u0103tului sunt supuse unor prelucr\u0103ri de precizie pentru a \u00eembun\u0103t\u0103\u021bi rezisten\u021ba la uzur\u0103 \u0219i durabilitatea. Cilindrul necesit\u0103 lubrifiere regulat\u0103 cu uleiul hidraulic adecvat pentru a asigura o func\u021bionare f\u0103r\u0103 probleme. <\/p>\n<h3>\u00centre\u021binere \u0219i repara\u021bii<\/h3>\n<p>\u00centre\u021binerea regulat\u0103 \u0219i m\u0103surile preventive pot ajuta la prelungirea duratei de via\u021b\u0103 a cilindrului cupei, inclusiv:<\/p>\n<ul>\n<li>Inspec\u021bie regulat\u0103 <\/li>\n<li>Lubrifiere adecvat\u0103 <\/li>\n<li>\u00cenlocuirea garniturii \u0219i verificarea calibr\u0103rii <\/li>\n<\/ul>\n<p>Este important s\u0103 alinia\u021bi \u0219i s\u0103 instala\u021bi corect cilindrul, s\u0103 utiliza\u021bi consolele de instalare adecvate pentru a-l fixa \u0219i s\u0103 urma\u021bi procedurile recomandate de inspec\u021bie, reparare \u0219i \u00eenlocuire. Sunt disponibile \u0219i piese de schimb \u0219i servicii de reconstruc\u021bie pentru a prelungi durata de via\u021b\u0103 a cilindrului.<\/p>\n<p><img decoding=\"async\" src=\"https:\/\/www.hydraulic-cylinders.net\/wp-content\/uploads\/2025\/01\/songte-chushion-collar.webp\"><\/p>\n<h3>Considera\u021bii de siguran\u021b\u0103 \u0219i factori de mediu<\/h3>\n<p>C\u00e2nd utiliza\u021bi cilindrul cupei, este esen\u021bial s\u0103 respecta\u021bi m\u0103surile de siguran\u021b\u0103 pentru a preveni accidentele \u0219i daunele. Factorii de mediu, cum ar fi temperatura \u0219i umiditatea, trebuie, de asemenea, lua\u021bi \u00een considerare la selectarea cilindrului potrivit.<\/p>\n<h3>Depanare \u0219i probleme frecvente<\/h3>\n<p>Problemele frecvente legate de cilindrul cupei includ scurgeri, deteriorarea garniturii \u0219i mi\u0219carea lent\u0103 sau neuniform\u0103. Depanarea poate identifica problema \u0219i poate determina solu\u021bia adecvat\u0103. M\u0103surile preventive pot ajuta la minimizarea poten\u021bialelor probleme, cum ar fi inspec\u021bia \u0219i \u00eentre\u021binerea regulat\u0103.<\/p>\n<p><img decoding=\"async\" src=\"https:\/\/www.hydraulic-cylinders.net\/wp-content\/uploads\/2025\/01\/songte-bushings-with-all-kinds-of-excavator-models.webp\"><\/p>\n<h3>Despre noi<\/h3>\n<p>Suntem un produc\u0103tor \u0219i distribuitor angro de top de cilindri hidraulici pe pie\u021bele interne \u0219i interna\u021bionale. Oferim o gam\u0103 complet\u0103 de produse \u0219i respect\u0103m standarde excelente de calitate. Ne baz\u0103m pe strategii industrializate de management al produc\u021biei prin intermediul atelierelor noastre de produc\u021bie de \u00eenalt\u0103 calitate, care \u00eembun\u0103t\u0103\u021besc continuu platformele de fabrica\u021bie, perfec\u021bioneaz\u0103 liniile de produc\u021bie pentru calitatea produselor \u0219i de\u021bin capacit\u0103\u021bi creative puternice pentru a satisface nevoile clien\u021bilor eficient, precis \u0219i cu o calitate ridicat\u0103. <\/p>\n<p>Ne angaj\u0103m s\u0103 oferim servicii profesionale, certificate interna\u021bional, personalizate \u0219i dispunem de echipamente de produc\u021bie avansate \u0219i servicii post-v\u00e2nzare profesionale, printre alte puncte forte, care ne ajut\u0103 s\u0103 ne diferen\u021biem pe pia\u021b\u0103.<\/p>\n<p><img decoding=\"async\" src=\"https:\/\/hzpt.com\/wp-content\/uploads\/2024\/11\/songte-company-1.webp\"><\/p>\n<p>Autor: lyl<\/p>","protected":false},"excerpt":{"rendered":"<p>Bucket Cylinder For John Deere E300LC Introduction A bucket cylinder is a specifically designed hydraulic cylinder primarily used to control the movement of a bucket in heavy machinery such as excavators, backhoe loaders, and front-end loaders. Its main function is to enable the bucket to lift, lower, and tilt for ease of material handling tasks. [&hellip;]<\/p>","protected":false},"featured_media":14762,"comment_status":"open","ping_status":"closed","template":"","meta":{"_et_pb_use_builder":"","_et_pb_old_content":"","_et_gb_content_width":""},"product_brand":[],"product_cat":[1494],"product_tag":[1495,1496],"class_list":{"0":"post-15850","1":"product","2":"type-product","3":"status-publish","4":"has-post-thumbnail","6":"product_cat-bucket-cylinders","7":"product_tag-bucket-cylinders","8":"product_tag-hydraulic-cylinders","10":"first","11":"instock","12":"shipping-taxable","13":"product-type-simple"},"amp_enabled":true,"_links":{"self":[{"href":"https:\/\/www.hydraulic-cylinders.net\/ro\/wp-json\/wp\/v2\/product\/15850","targetHints":{"allow":["GET"]}}],"collection":[{"href":"https:\/\/www.hydraulic-cylinders.net\/ro\/wp-json\/wp\/v2\/product"}],"about":[{"href":"https:\/\/www.hydraulic-cylinders.net\/ro\/wp-json\/wp\/v2\/types\/product"}],"replies":[{"embeddable":true,"href":"https:\/\/www.hydraulic-cylinders.net\/ro\/wp-json\/wp\/v2\/comments?post=15850"}],"wp:featuredmedia":[{"embeddable":true,"href":"https:\/\/www.hydraulic-cylinders.net\/ro\/wp-json\/wp\/v2\/media\/14762"}],"wp:attachment":[{"href":"https:\/\/www.hydraulic-cylinders.net\/ro\/wp-json\/wp\/v2\/media?parent=15850"}],"wp:term":[{"taxonomy":"product_brand","embeddable":true,"href":"https:\/\/www.hydraulic-cylinders.net\/ro\/wp-json\/wp\/v2\/product_brand?post=15850"},{"taxonomy":"product_cat","embeddable":true,"href":"https:\/\/www.hydraulic-cylinders.net\/ro\/wp-json\/wp\/v2\/product_cat?post=15850"},{"taxonomy":"product_tag","embeddable":true,"href":"https:\/\/www.hydraulic-cylinders.net\/ro\/wp-json\/wp\/v2\/product_tag?post=15850"}],"curies":[{"name":"wp","href":"https:\/\/api.w.org\/{rel}","templated":true}]}}