{"id":15861,"date":"2025-01-19T15:05:21","date_gmt":"2025-01-19T15:05:21","guid":{"rendered":"https:\/\/www.hydraulic-cylinders.net\/product\/bucket-cylinder-for-yuchai-yc35sr\/"},"modified":"2025-01-19T15:05:23","modified_gmt":"2025-01-19T15:05:23","slug":"bucket-cylinder-for-yuchai-yc35sr","status":"publish","type":"product","link":"https:\/\/www.hydraulic-cylinders.net\/ro\/produs\/bucket-cylinder-for-yuchai-yc35sr\/","title":{"rendered":"Cilindru cu cup\u0103 pentru Yuchai YC35SR"},"content":{"rendered":"<h2>Cilindru cu cup\u0103 pentru Yuchai YC35SR<\/h2>\n<h3>Introducere<\/h3>\n<p>Un cilindru al cupei este un cilindru hidraulic special conceput, utilizat pentru a controla mi\u0219carea cupelor \u00een utilaje grele, cum ar fi excavatoarele, excavatoarele cu buldoexcavatoare \u0219i \u00eenc\u0103rc\u0103toare frontale. Func\u021bia sa principal\u0103 este de a permite cupei s\u0103 se ridice, s\u0103 coboare \u0219i s\u0103 se \u00eencline pentru diverse sarcini de manipulare a materialelor. \u00cen sistemul hidraulic, cilindrul cupei realizeaz\u0103 un control precis al cupei prin modific\u0103ri ale presiunii uleiului hidraulic, permi\u021b\u00e2nd operatorilor s\u0103 manipuleze eficient sarcini grele, s\u0103 se adapteze la medii de lucru complexe \u0219i la diverse nevoi opera\u021bionale.<\/p>\n<p><img decoding=\"async\" src=\"https:\/\/www.hydraulic-cylinders.net\/wp-content\/uploads\/2025\/01\/songte-company-2.webp\"><\/p>\n<h3>Caracteristici<\/h3>\n<ul>\n<li><strong>Rezisten\u021b\u0103 \u0219i durabilitate ridicate:<\/strong> De obicei fabricat din o\u021bel sau aluminiu de \u00eenalt\u0103 rezisten\u021b\u0103, poate rezista la presiuni ridicate \u0219i sarcini grele, adapt\u00e2ndu-se la condi\u021bii dure de lucru. Proiectat cu considera\u021bii de rezisten\u021b\u0103 la uzur\u0103 \u0219i coroziune pentru a-i prelungi durata de via\u021b\u0103.<\/li>\n<li><strong>Func\u021bionare hidraulic\u0103 eficient\u0103:<\/strong> Utilizeaz\u0103 presiunea uleiului hidraulic pentru a realiza ac\u021biuni line de extensie \u0219i retragere, r\u0103spunz\u00e2nd rapid la comenzile de control, oferind for\u021be puternice de \u00eempingere \u0219i tragere, potrivite pentru manipularea sarcinilor grele \u0219i a sarcinilor opera\u021bionale complexe.<\/li>\n<li><strong>Diverse tipuri:<\/strong> Cilindrii cu ac\u021biune simpl\u0103 (utilizare hidraulic\u0103 \u00eentr-o singur\u0103 direc\u021bie) sau cu ac\u021biune dubl\u0103 (utilizare hidraulic\u0103 \u00een ambele direc\u021bii) pot fi selecta\u021bi \u00een func\u021bie de cerin\u021be pentru a satisface diferite nevoi opera\u021bionale. Unele modele sunt telescopice, permi\u021b\u00e2nd o extensie mai mare f\u0103r\u0103 a cre\u0219te dimensiunile exterioare, potrivite pentru aplica\u021bii cu spa\u021biu limitat.<\/li>\n<li><strong>\u00cenlocuitor perfect:<\/strong> Produsul nostru poate \u00eenlocui perfect ace\u0219ti cilindri hidraulici.<\/li>\n<\/ul>\n<p><img decoding=\"async\" src=\"https:\/\/www.hydraulic-cylinders.net\/wp-content\/uploads\/2025\/01\/songte-cylinder-head-with-all-kinds-excavator-models.webp\"><\/p>\n<h3>Aplica\u021bii<\/h3>\n<p><strong>Echipamente de construc\u021bii:<\/strong> G\u0103site \u00een excavatoare, acestea sunt esen\u021biale pentru s\u0103pare, \u00eenc\u0103rcare \u0219i mutarea solului sau a resturilor. La excavatoarele cu buldoexcavatoare, cilindrii cupei ajut\u0103 la s\u0103pare \u0219i ridicare. La \u00eenc\u0103rc\u0103toarele frontale, acestea ajut\u0103 la ridicarea \u0219i desc\u0103rcarea eficient\u0103 a m\u0103rfurilor.<\/p>\n<p><strong>Ma\u0219ini agricole:<\/strong> Folosite pentru \u00eenc\u0103rc\u0103toare frontale, acestea scobeaz\u0103, ridic\u0103 \u0219i transport\u0103 sol, f\u00e2n \u0219i alte materiale. La excavatoare, cilindrii cupei permit s\u0103parea permi\u021b\u00e2nd cupei s\u0103 p\u0103trund\u0103 \u00een sol. La \u00eenc\u0103rc\u0103toare, acestea ajut\u0103 la ridicarea \u0219i desc\u0103rcarea eficient\u0103 a m\u0103rfurilor.<\/p>\n<h3>Considera\u021bii de proiectare \u0219i criterii de selec\u021bie<\/h3>\n<p>Din considera\u021biile de proiectare, cum ar fi capacitatea portant\u0103, etan\u0219area, durabilitatea, siguran\u021ba \u0219i mentenan\u021ba, discut\u0103m urm\u0103toarele puncte:<\/p>\n<ul>\n<li><strong>Capacitate portant\u0103:<\/strong> Asigura\u021bi-v\u0103 c\u0103 cilindrul poate suporta sarcina maxim\u0103 aplicat\u0103, iar factorul de siguran\u021b\u0103 proiectat trebuie s\u0103 fie adecvat pentru a asigura func\u021bionarea sa \u00een siguran\u021b\u0103.<\/li>\n<li><strong>Etan\u0219are:<\/strong> Diverse componente de etan\u0219are, cum ar fi etan\u0219\u0103rile pistonului \u0219i etan\u0219\u0103rile tijei, sunt utilizate pentru a preveni scurgerile de fluid hidraulic \u0219i a \u021bine la distan\u021b\u0103 contaminan\u021bii.<\/li>\n<li><strong>Durabilitate:<\/strong> Corpul cilindrului \u0219i capacele de cap\u0103t sunt de obicei fabricate din materiale de \u00eenalt\u0103 rezisten\u021b\u0103 pentru a rezista la uzur\u0103 \u0219i coroziune.<\/li>\n<li><strong>Siguran\u0163\u0103:<\/strong> Se pot ad\u0103uga supape de siguran\u021b\u0103 \u0219i alte dispozitive de siguran\u021b\u0103 pentru a asigura o func\u021bionare \u00een siguran\u021b\u0103 \u0219i a preveni accidentele.<\/li>\n<li><strong>Mentenabilitate:<\/strong> Cilindrul trebuie s\u0103 fie u\u0219or de demontat \u0219i reparat, iar piesele de schimb trebuie s\u0103 fie u\u0219or disponibile.<\/li>\n<\/ul>\n<p><img decoding=\"async\" src=\"https:\/\/www.hydraulic-cylinders.net\/wp-content\/uploads\/2025\/01\/songte-oil-pipes-and-spare-parts.webp\"><\/p>\n<h3>Etan\u0219are \u0219i lubrifiere<\/h3>\n<p>Cilindrul utilizeaz\u0103 diverse componente de etan\u0219are, cum ar fi etan\u0219\u0103rile pistonului \u0219i etan\u0219\u0103rile tijei, fabricate din materiale rezistente la uzur\u0103, cum ar fi poliuretanul \u0219i cauciucul nitrilic, pentru a preveni scurgerile de fluid hidraulic \u0219i a \u00eempiedica p\u0103trunderea contaminan\u021bilor. Corpul cilindrului \u0219i suprafa\u021ba cap\u0103tului \u0219urubului sunt prelucrate fin pentru a \u00eembun\u0103t\u0103\u021bi rezisten\u021ba la uzur\u0103. Lubrifierea regulat\u0103 cu o cantitate adecvat\u0103 de ulei hidraulic este necesar\u0103 pentru a men\u021bine o func\u021bionare lin\u0103.<\/p>\n<h3>\u00centre\u021binere \u0219i repara\u021bii<\/h3>\n<p>Inspec\u021bia regulat\u0103 \u0219i m\u0103surile de \u00eentre\u021binere preventiv\u0103 sunt necesare pentru a men\u021bine cilindrul \u00een stare bun\u0103 de func\u021bionare. Urm\u0103toarele sunt sarcini comune de \u00eentre\u021binere:<\/p>\n<ul>\n<li><strong>Inspec\u021bie periodic\u0103:<\/strong> Inspecta\u021bi periodic cilindrul pentru a depista semne de deteriorare, uzur\u0103 sau scurgeri \u0219i \u00eenlocui\u021bi orice piese deteriorate.<\/li>\n<li><strong>Lubrifiere adecvat\u0103:<\/strong> Asigura\u021bi-v\u0103 c\u0103 cilindrul este lubrifiat cu cantitatea potrivit\u0103 de ulei hidraulic pentru a-i men\u021bine func\u021bionarea f\u0103r\u0103 probleme.<\/li>\n<li><strong>\u00cenlocuirea garniturii:<\/strong> \u00cenlocui\u021bi garniturile pistonului \u0219i garniturile tijei \u00een mod regulat pentru a preveni scurgerile de fluid hidraulic \u0219i a \u021bine la distan\u021b\u0103 contaminan\u021bii.<\/li>\n<\/ul>\n<p>Instalarea, lubrifierea \u0219i reglarea corect\u0103 sunt esen\u021biale pentru func\u021bionarea sigur\u0103 \u0219i eficient\u0103 a cilindrului. \u00cen timpul instal\u0103rii trebuie furnizate \u00eendrum\u0103ri corecte pentru aliniere, iar pentru fixarea cilindrului trebuie utilizate console de instalare adecvate. Procedurile recomandate de inspec\u021bie, reparare \u0219i \u00eenlocuire, precum \u0219i serviciile de reconstruc\u021bie, sunt menite s\u0103 \u00eembun\u0103t\u0103\u021beasc\u0103 durata de via\u021b\u0103 a cilindrului.<\/p>\n<p><img decoding=\"async\" src=\"https:\/\/www.hydraulic-cylinders.net\/wp-content\/uploads\/2025\/01\/songte-chushion-collar.webp\"><\/p>\n<h3>Considera\u021bii privind siguran\u021ba \u0219i mediul<\/h3>\n<p>Func\u021bionarea \u00een siguran\u021b\u0103 a buteliei este crucial\u0103 \u0219i trebuie luate m\u0103suri de siguran\u021b\u0103 la utilizarea acesteia. Operatorii trebuie instrui\u021bi cu privire la utilizarea corect\u0103 a buteliei, iar toate dispozitivele de siguran\u021b\u0103 trebuie s\u0103 fie \u00een stare bun\u0103 de func\u021bionare. Butelia trebuie manipulat\u0103 cu grij\u0103 pentru a evita deteriorarea sau v\u0103t\u0103marea corporal\u0103. De asemenea, trebuie luate \u00een considerare aspectele legate de mediu la eliminarea buteliei sau la \u00eenlocuirea pieselor acesteia.<\/p>\n<h3>Depanare \u0219i probleme frecvente<\/h3>\n<p>Urm\u0103toarele sunt probleme frecvente care pot ap\u0103rea \u00een timpul utiliz\u0103rii cilindrului:<\/p>\n<ul>\n<li><strong>Scurgere de lichid:<\/strong> Verifica\u021bi garniturile \u0219i alte componente pentru a vedea dac\u0103 sunt deteriorate \u0219i \u00eenlocui\u021bi-le dac\u0103 este necesar.<\/li>\n<li><strong>Lipsa de putere:<\/strong> Verifica\u021bi sistemul hidraulic pentru scurgeri sau blocaje \u0219i repara\u021bi dup\u0103 cum este necesar.<\/li>\n<li><strong>Zgomote ciudate:<\/strong> Verifica\u021bi cilindrul pentru semne de deteriorare sau uzur\u0103 \u0219i \u00eenlocui\u021bi orice componente deteriorate.<\/li>\n<\/ul>\n<p>Diagnosticarea corect\u0103 \u0219i rezolvarea prompt\u0103 a problemelor sunt necesare pentru a preveni probleme mai semnificative. Inspec\u021bia regulat\u0103 \u0219i \u00eentre\u021binerea preventiv\u0103 pot preveni apari\u021bia multor probleme.<\/p>\n<p><img decoding=\"async\" src=\"https:\/\/www.hydraulic-cylinders.net\/wp-content\/uploads\/2025\/01\/songte-bushings-with-all-kinds-of-excavator-models.webp\"><\/p>\n<h3>Despre noi<\/h3>\n<p>Suntem produc\u0103tori de piese de schimb pentru cilindri hidraulici, oferind o gam\u0103 complet\u0103 de produse. Am devenit unul dintre principalii produc\u0103tori \u0219i distribuitori angro de cilindri hidraulici pe pie\u021bele interne \u0219i interna\u021bionale. Ne men\u021binem angajamentul fa\u021b\u0103 de excelen\u021b\u0103 \u00een calitate, baz\u00e2ndu-ne pe strategii industrializate de management al produc\u021biei \u00een atelierele noastre de fabrica\u021bie fin realizate. \u00cembun\u0103t\u0103\u021bim continuu platforma noastr\u0103 de produc\u021bie, \u00eembun\u0103t\u0103\u021bind liniile de produc\u021bie a calit\u0103\u021bii produselor noastre cu personal tehnic, echipamente digitale de fabrica\u021bie de ultim\u0103 genera\u021bie \u0219i sisteme profesionale de testare. Avem o puternic\u0103 capacitate creativ\u0103 de a satisface nevoile diverse ale clien\u021bilor cu eficien\u021b\u0103 ridicat\u0103, precizie ridicat\u0103 \u0219i principii de \u00eenalt\u0103 calitate.<\/p>\n<p>Oferim certific\u0103ri profesionale interna\u021bionale, servicii personalizabile, echipamente de produc\u021bie \u0219i servicii post-v\u00e2nzare.<\/p>\n<p><img decoding=\"async\" src=\"https:\/\/hzpt.com\/wp-content\/uploads\/2024\/11\/songte-company-1.webp\"><\/p>\n<p>Autor: lyl.<\/p>","protected":false},"excerpt":{"rendered":"<p>Bucket Cylinder For Yuchai YC35SR Introduction A bucket cylinder is a specially designed hydraulic cylinder used to control the movement of buckets in heavy machinery such as excavators, backhoe excavators, and front-end loaders. Its main function is to enable the bucket to lift, lower, and tilt for various material handling tasks. In the hydraulic system, [&hellip;]<\/p>","protected":false},"featured_media":14773,"comment_status":"open","ping_status":"closed","template":"","meta":{"_et_pb_use_builder":"","_et_pb_old_content":"","_et_gb_content_width":""},"product_brand":[],"product_cat":[1494],"product_tag":[1495,1496],"class_list":{"0":"post-15861","1":"product","2":"type-product","3":"status-publish","4":"has-post-thumbnail","6":"product_cat-bucket-cylinders","7":"product_tag-bucket-cylinders","8":"product_tag-hydraulic-cylinders","10":"first","11":"instock","12":"shipping-taxable","13":"product-type-simple"},"amp_enabled":true,"_links":{"self":[{"href":"https:\/\/www.hydraulic-cylinders.net\/ro\/wp-json\/wp\/v2\/product\/15861","targetHints":{"allow":["GET"]}}],"collection":[{"href":"https:\/\/www.hydraulic-cylinders.net\/ro\/wp-json\/wp\/v2\/product"}],"about":[{"href":"https:\/\/www.hydraulic-cylinders.net\/ro\/wp-json\/wp\/v2\/types\/product"}],"replies":[{"embeddable":true,"href":"https:\/\/www.hydraulic-cylinders.net\/ro\/wp-json\/wp\/v2\/comments?post=15861"}],"wp:featuredmedia":[{"embeddable":true,"href":"https:\/\/www.hydraulic-cylinders.net\/ro\/wp-json\/wp\/v2\/media\/14773"}],"wp:attachment":[{"href":"https:\/\/www.hydraulic-cylinders.net\/ro\/wp-json\/wp\/v2\/media?parent=15861"}],"wp:term":[{"taxonomy":"product_brand","embeddable":true,"href":"https:\/\/www.hydraulic-cylinders.net\/ro\/wp-json\/wp\/v2\/product_brand?post=15861"},{"taxonomy":"product_cat","embeddable":true,"href":"https:\/\/www.hydraulic-cylinders.net\/ro\/wp-json\/wp\/v2\/product_cat?post=15861"},{"taxonomy":"product_tag","embeddable":true,"href":"https:\/\/www.hydraulic-cylinders.net\/ro\/wp-json\/wp\/v2\/product_tag?post=15861"}],"curies":[{"name":"wp","href":"https:\/\/api.w.org\/{rel}","templated":true}]}}