{"id":15863,"date":"2025-01-19T15:05:29","date_gmt":"2025-01-19T15:05:29","guid":{"rendered":"https:\/\/www.hydraulic-cylinders.net\/product\/bucket-cylinder-for-yuchai-yc60-8\/"},"modified":"2025-01-19T15:05:31","modified_gmt":"2025-01-19T15:05:31","slug":"bucket-cylinder-for-yuchai-yc60-8","status":"publish","type":"product","link":"https:\/\/www.hydraulic-cylinders.net\/ro\/produs\/bucket-cylinder-for-yuchai-yc60-8\/","title":{"rendered":"Cilindru cu cup\u0103 pentru Yuchai YC60-8"},"content":{"rendered":"<h2>Cilindru cu cup\u0103 pentru Yuchai YC60-8<\/h2>\n<p>Introducere:<\/p>\n<p>Cilindrul cupei pentru Yuchai YC60-8 este un cilindru hidraulic special conceput, utilizat pentru a controla mi\u0219carea cupei \u00een utilaje grele, cum ar fi excavatoarele, \u00eenc\u0103rc\u0103toarele cu buldoexcavatoare \u0219i \u00eenc\u0103rc\u0103toarele frontale. Func\u021bia sa principal\u0103 este de a permite ridicarea, cobor\u00e2rea \u0219i \u00eenclinarea cupei, facilit\u00e2nd diverse sarcini de manipulare a materialelor. \u00cen sistemul hidraulic, cilindrul cupei controleaz\u0103 cu precizie mi\u0219carea cupei prin modificarea presiunii uleiului hidraulic, permi\u021b\u00e2nd operatorilor s\u0103 manipuleze eficient sarcini grele \u0219i s\u0103 se adapteze la medii de lucru complexe \u0219i cerin\u021be diverse ale lucr\u0103rilor.<\/p>\n<p><img decoding=\"async\" src=\"https:\/\/www.hydraulic-cylinders.net\/wp-content\/uploads\/2025\/01\/songte-company-2.webp\" alt=\"Imaginea cilindrului cupei\"><\/p>\n<h2>Caracteristici:<\/h2>\n<ul>\n<li>Rezisten\u021b\u0103 \u0219i durabilitate ridicate: Fabricat de obicei din o\u021bel sau aluminiu de \u00eenalt\u0103 rezisten\u021b\u0103, cilindrul cupei poate rezista la presiuni ridicate \u0219i sarcini grele, adapt\u00e2ndu-se la medii de lucru dure. Designul s\u0103u ia \u00een considerare rezisten\u021ba la uzur\u0103 \u0219i la coroziune, prelungindu-i durata de via\u021b\u0103.<\/li>\n<li>Func\u021bionare hidraulic\u0103 eficient\u0103: Prin utilizarea presiunii uleiului hidraulic, cilindrul cupei realizeaz\u0103 ac\u021biuni line de extensie \u0219i retragere, r\u0103spunz\u00e2nd rapid la comenzile de control \u0219i oferind for\u021be puternice de \u00eempingere \u0219i tragere, potrivite pentru manipularea sarcinilor grele \u0219i a sarcinilor complexe.<\/li>\n<li>Diverse tipuri: Cilindrul cupei poate fi ales ca fiind cu ac\u021biune simpl\u0103 (hidraulic utilizat \u00eentr-o singur\u0103 direc\u021bie) sau cu ac\u021biune dubl\u0103 (hidraulic utilizat \u00een ambele direc\u021bii), \u00een func\u021bie de cerin\u021bele opera\u021bionale. Unele modele sunt telescopice, permi\u021b\u00e2nd o extensie mai mare f\u0103r\u0103 a cre\u0219te dimensiunile exterioare, ceea ce le face potrivite pentru aplica\u021bii cu spa\u021biu limitat.<\/li>\n<li>\u00cenlocuire perfect\u0103: Produsul nostru poate \u00eenlocui perfect al\u021bi cilindri hidraulici, oferind performan\u021be echivalente.<\/li>\n<\/ul>\n<p><img decoding=\"async\" src=\"https:\/\/www.hydraulic-cylinders.net\/wp-content\/uploads\/2025\/01\/songte-cylinder-head-with-all-kinds-excavator-models.webp\" alt=\"Imagine de \u00eenlocuire a produsului\"><\/p>\n<h2>Aplica\u021bii:<\/h2>\n<p>Cilindrul cupei este utilizat pe scar\u0103 larg\u0103 \u00een diverse aplica\u021bii, inclusiv:<\/p>\n<ol>\n<li>Echipamente de construc\u021bii: Se g\u0103sesc \u00een excavatoare, acestea sunt esen\u021biale pentru excavare, \u00eenc\u0103rcare \u0219i mutarea solului sau a molozului. La \u00eenc\u0103rc\u0103toarele cu excavator, cilindrul cupei ajut\u0103 at\u00e2t la s\u0103pare, c\u00e2t \u0219i la ridicare.<\/li>\n<li>Ma\u0219ini agricole: utilizate \u00een \u00eenc\u0103rc\u0103toarele frontale, acestea ajut\u0103 la scoberea, ridicarea \u0219i transportul solului, f\u00e2nului \u0219i altor materiale.<\/li>\n<li>Excavatoare: Cilindrul cupei permite excavarea permi\u021b\u00e2nd cupei s\u0103 p\u0103trund\u0103 \u00een sol.<\/li>\n<li>\u00cenc\u0103rc\u0103toare: \u00cen \u00eenc\u0103rc\u0103toarele frontale, acestea ajut\u0103 la ridicarea \u0219i desc\u0103rcarea eficient\u0103 a \u00eenc\u0103rc\u0103turii.<\/li>\n<\/ol>\n<h2>Considera\u021bii de proiectare \u0219i criterii de selec\u021bie:<\/h2>\n<p>C\u00e2nd vine vorba de aspecte legate de design, mai mul\u021bi factori joac\u0103 un rol crucial, cum ar fi:<\/p>\n<ul>\n<li>Capacitate portant\u0103: Capacitatea cilindrului cupei de a suporta sarcini \u0219i presiuni mari.<\/li>\n<li>Etan\u0219are: Utilizarea diferitelor garnituri, cum ar fi garniturile pistonului \u0219i garniturile tijei, fabricate din materiale rezistente la uzur\u0103, cum ar fi poliuretanul \u0219i cauciucul nitrilic.<\/li>\n<li>Durabilitate: Corpul cilindrului \u0219i capetele filetate sunt supuse unui tratament fin pentru a spori rezisten\u021ba la uzur\u0103.<\/li>\n<li>Siguran\u021b\u0103: Asigurarea func\u021bion\u0103rii \u00een siguran\u021b\u0103 a cilindrului \u0219i prevenirea accidentelor.<\/li>\n<li>\u00centre\u021binere: Acces facil pentru \u00eentre\u021binere \u0219i repara\u021bii.<\/li>\n<\/ul>\n<p><img decoding=\"async\" src=\"https:\/\/www.hydraulic-cylinders.net\/wp-content\/uploads\/2025\/01\/songte-oil-pipes-and-spare-parts.webp\" alt=\"Imagine de design de produs\"><\/p>\n<h2>Etan\u0219are \u0219i lubrifiere:<\/h2>\n<p>Cilindrul cupei utilizeaz\u0103 diverse garnituri, cum ar fi garnituri de piston \u0219i garnituri de tij\u0103, fabricate din materiale rezistente la uzur\u0103, cum ar fi poliuretanul \u0219i cauciucul nitrilic. Corpul cilindrului \u0219i capetele filetate sunt tratate fin pentru a spori rezisten\u021ba la uzur\u0103. Lubrifierea regulat\u0103 cu ulei hidraulic adecvat este necesar\u0103 pentru a asigura o func\u021bionare f\u0103r\u0103 probleme.<\/p>\n<h2>Inspec\u021bie \u0219i \u00eentre\u021binere preventiv\u0103:<\/h2>\n<p>Inspec\u021biile regulate \u0219i m\u0103surile de \u00eentre\u021binere preventiv\u0103 sunt esen\u021biale pentru o performan\u021b\u0103 optim\u0103. Iat\u0103 sarcinile recomandate:<\/p>\n<ul>\n<li>Verific\u0103ri regulate<\/li>\n<li>Lubrifiere adecvat\u0103<\/li>\n<li>\u00cenlocuirea garniturii<\/li>\n<li>Verific\u0103ri de calibrare<\/li>\n<\/ul>\n<p><img decoding=\"async\" src=\"https:\/\/www.hydraulic-cylinders.net\/wp-content\/uploads\/2025\/01\/songte-chushion-collar.webp\" alt=\"Imagine de \u00eentre\u021binere\"><\/p>\n<h2>Considera\u021bii de siguran\u021b\u0103 \u0219i factori de mediu:<\/h2>\n<p>Asigurarea m\u0103surilor de siguran\u021b\u0103 \u00een timpul utiliz\u0103rii cilindrilor cupei este de maxim\u0103 importan\u021b\u0103. Factorii de mediu ar trebui, de asemenea, lua\u021bi \u00een considerare pentru a minimiza orice impact negativ poten\u021bial.<\/p>\n<h2>Depanare \u0219i probleme frecvente:<\/h2>\n<p>Depanarea corect\u0103 \u0219i solu\u021biile prompte sunt vitale pentru rezolvarea problemelor comune. Iat\u0103 c\u00e2teva sfaturi \u0219i solu\u021bii pentru o diagnosticare \u0219i o rezolvare eficient\u0103 a problemelor:<\/p>\n<h2>Prezentare general\u0103 a companiei:<\/h2>\n<p>Suntem un produc\u0103tor \u0219i distribuitor angro de top de cilindri hidraulici de schimb, at\u00e2t pe pie\u021bele interne, c\u00e2t \u0219i interna\u021bionale. Gama noastr\u0103 extins\u0103 de produse \u0219i angajamentul fa\u021b\u0103 de excelen\u021b\u0103 ne-au consacrat ca unul dintre liderii industriei. Respect\u0103m standarde stricte de calitate \u0219i folosim procese de fabrica\u021bie avansate, inclusiv utilizarea de tehnicieni califica\u021bi, echipamente de ultim\u0103 genera\u021bie \u0219i sisteme de testare profesionale. Concentr\u00e2ndu-ne pe eficien\u021b\u0103, precizie \u0219i calitate superioar\u0103, ne adapt\u0103m la nevoile diverse ale clien\u021bilor.<\/p>\n<p><img decoding=\"async\" src=\"https:\/\/www.hydraulic-cylinders.net\/wp-content\/uploads\/2025\/01\/songte-company-3.webp\" alt=\"Imaginea companiei\"><\/p>\n<p>Compania noastr\u0103 este cunoscut\u0103 pentru:<\/p>\n<ul>\n<li>Expertiz\u0103 \u0219i profesionalism<\/li>\n<li>Certific\u0103ri interna\u021bionale<\/li>\n<li>Servicii de personalizare<\/li>\n<li>Echipamente de produc\u021bie avansate<\/li>\n<li>Serviciu post-v\u00e2nzare prompt<\/li>\n<\/ul>\n<p>Autor: lyl<\/p>\n<p><img decoding=\"async\" src=\"https:\/\/hzpt.com\/wp-content\/uploads\/2024\/11\/songte-company-1.webp\" alt=\"Imaginea companiei\"><\/p>","protected":false},"excerpt":{"rendered":"<p>Bucket Cylinder For Yuchai YC60-8 Introduction: The bucket cylinder for Yuchai YC60-8 is a specially designed hydraulic cylinder used to control the movement of the bucket in heavy machinery such as excavators, backhoe loaders, and front-end loaders. Its main function is to enable the lifting, lowering, and tilting of the bucket, facilitating various material handling [&hellip;]<\/p>","protected":false},"featured_media":14769,"comment_status":"open","ping_status":"closed","template":"","meta":{"_et_pb_use_builder":"","_et_pb_old_content":"","_et_gb_content_width":""},"product_brand":[],"product_cat":[1494],"product_tag":[1495,1496],"class_list":{"0":"post-15863","1":"product","2":"type-product","3":"status-publish","4":"has-post-thumbnail","6":"product_cat-bucket-cylinders","7":"product_tag-bucket-cylinders","8":"product_tag-hydraulic-cylinders","10":"first","11":"instock","12":"shipping-taxable","13":"product-type-simple"},"amp_enabled":true,"_links":{"self":[{"href":"https:\/\/www.hydraulic-cylinders.net\/ro\/wp-json\/wp\/v2\/product\/15863","targetHints":{"allow":["GET"]}}],"collection":[{"href":"https:\/\/www.hydraulic-cylinders.net\/ro\/wp-json\/wp\/v2\/product"}],"about":[{"href":"https:\/\/www.hydraulic-cylinders.net\/ro\/wp-json\/wp\/v2\/types\/product"}],"replies":[{"embeddable":true,"href":"https:\/\/www.hydraulic-cylinders.net\/ro\/wp-json\/wp\/v2\/comments?post=15863"}],"wp:featuredmedia":[{"embeddable":true,"href":"https:\/\/www.hydraulic-cylinders.net\/ro\/wp-json\/wp\/v2\/media\/14769"}],"wp:attachment":[{"href":"https:\/\/www.hydraulic-cylinders.net\/ro\/wp-json\/wp\/v2\/media?parent=15863"}],"wp:term":[{"taxonomy":"product_brand","embeddable":true,"href":"https:\/\/www.hydraulic-cylinders.net\/ro\/wp-json\/wp\/v2\/product_brand?post=15863"},{"taxonomy":"product_cat","embeddable":true,"href":"https:\/\/www.hydraulic-cylinders.net\/ro\/wp-json\/wp\/v2\/product_cat?post=15863"},{"taxonomy":"product_tag","embeddable":true,"href":"https:\/\/www.hydraulic-cylinders.net\/ro\/wp-json\/wp\/v2\/product_tag?post=15863"}],"curies":[{"name":"wp","href":"https:\/\/api.w.org\/{rel}","templated":true}]}}