{"id":15865,"date":"2025-01-19T15:05:37","date_gmt":"2025-01-19T15:05:37","guid":{"rendered":"https:\/\/www.hydraulic-cylinders.net\/product\/bucket-cylinder-for-yuchai-yc230lc-8\/"},"modified":"2025-01-19T15:05:39","modified_gmt":"2025-01-19T15:05:39","slug":"bucket-cylinder-for-yuchai-yc230lc-8","status":"publish","type":"product","link":"https:\/\/www.hydraulic-cylinders.net\/ro\/produs\/bucket-cylinder-for-yuchai-yc230lc-8\/","title":{"rendered":"Cilindru cu cup\u0103 pentru Yuchai YC230LC-8"},"content":{"rendered":"<h1>Cilindru cu cup\u0103 pentru Yuchai YC230LC-8<\/h1>\n<h2>Introducere<\/h2>\n<p>Un cilindru al cupei este un cilindru hidraulic special conceput pentru a controla mi\u0219carea cupei \u00een utilaje grele, cum ar fi excavatoarele, \u00eenc\u0103rc\u0103toarele excavatoare \u0219i \u00eenc\u0103rc\u0103toarele frontale. Func\u021bia sa principal\u0103 este de a permite ridicarea, cobor\u00e2rea \u0219i \u00eenclinarea cupei, facilit\u00e2nd gestionarea diverselor sarcini de manipulare a materialelor. \u00cen sistemele hidraulice, cilindrul cupei realizeaz\u0103 un control precis al cupei prin modific\u0103ri ale presiunii uleiului hidraulic, permi\u021b\u00e2nd operatorilor s\u0103 manipuleze eficient sarcini grele, s\u0103 se adapteze la medii de lucru complexe \u0219i la diverse nevoi opera\u021bionale.<\/p>\n<p><img decoding=\"async\" src=\"https:\/\/www.hydraulic-cylinders.net\/wp-content\/uploads\/2025\/01\/songte-company-2.webp\" alt=\"Cilindru cu cup\u0103\"><\/p>\n<h2>Caracteristici<\/h2>\n<ul>\n<li>\n<h3>Rezisten\u021b\u0103 \u0219i durabilitate ridicate<\/h3>\n<p>Cilindrii cu cup\u0103 sunt de obicei fabrica\u021bi din o\u021bel sau aluminiu de \u00eenalt\u0103 rezisten\u021b\u0103, capabili s\u0103 reziste la presiuni ridicate \u0219i sarcini grele, adapt\u00e2ndu-se la medii de lucru dure \u0219i proiecta\u021bi av\u00e2nd \u00een vedere rezisten\u021ba la uzur\u0103 \u0219i la coroziune, prelungindu-le astfel durata de via\u021b\u0103.<\/p>\n<\/li>\n<li>\n<h3>Func\u021bionare hidraulic\u0103 eficient\u0103<\/h3>\n<p>Cilindrul cupei utilizeaz\u0103 presiunea uleiului hidraulic pentru a realiza mi\u0219c\u0103ri line de extensie \u0219i contrac\u021bie, permi\u021b\u00e2nd un r\u0103spuns rapid la comenzile de control, oferind o for\u021b\u0103 puternic\u0103 de \u00eempingere \u0219i tragere \u0219i fiind potrivit pentru manipularea sarcinilor grele \u0219i a sarcinilor opera\u021bionale complexe.<\/p>\n<\/li>\n<li>\n<h3>Diverse tipuri<\/h3>\n<p>Cilindrii cupei pot fi cu ac\u021biune simpl\u0103 (folosind sistemul hidraulic doar \u00eentr-o singur\u0103 direc\u021bie) sau cu ac\u021biune dubl\u0103 (folosind sistemul hidraulic \u00een ambele direc\u021bii), \u00een func\u021bie de nevoile opera\u021bionale. Unele modele sunt telescopice, permi\u021b\u00e2nd o expansiune mai mare f\u0103r\u0103 a cre\u0219te dimensiunile exterioare, ceea ce le face potrivite pentru aplica\u021bii cu spa\u021biu limitat.<\/p>\n<\/li>\n<li>\n<h3>Op\u021biune perfect\u0103 de \u00eenlocuire<\/h3>\n<p>Produsele noastre pot \u00eenlocui perfect ace\u0219ti cilindri hidraulici \u0219i putem produce acest produs.<\/p>\n<\/li>\n<p><img decoding=\"async\" src=\"https:\/\/www.hydraulic-cylinders.net\/wp-content\/uploads\/2025\/01\/songte-cylinder-head-with-all-kinds-excavator-models.webp\" alt=\"\u00cenlocuirea cilindrului cupei\"><\/p>\n<\/ul>\n<h2>Aplica\u021bii<\/h2>\n<p>Cilindrii cu cup\u0103 sunt utiliza\u021bi \u00een diverse utilaje, inclusiv:<\/p>\n<ul>\n<li>\n<h3>Echipamente de construc\u021bii<\/h3>\n<p>\u00cen excavatoare, acestea sunt esen\u021biale pentru excavare, \u00eenc\u0103rcare \u0219i mutarea solului sau a resturilor. \u00cen buldoexcavatoarele, cilindrul cupei ajut\u0103 la s\u0103pare \u0219i ridicare. <\/p>\n<\/li>\n<li>\n<h3>Ma\u0219ini agricole<\/h3>\n<p>Folosit la \u00eenc\u0103rc\u0103toarele frontale pentru scobere, ridicare \u0219i transportul solului, f\u00e2nului \u0219i altor materiale. <\/p>\n<\/li>\n<li>\n<h3>Excavatoare<\/h3>\n<p>Cilindrul cupei realizeaz\u0103 excavarea permi\u021b\u00e2nd cupei s\u0103 p\u0103trund\u0103 \u00een sol. <\/p>\n<\/li>\n<li>\n<h3>\u00cenc\u0103rc\u0103toare frontale<\/h3>\n<p>\u00cen cazul \u00eenc\u0103rc\u0103toarelor frontale, acestea ajut\u0103 la ridicarea \u0219i \u00eenclinarea eficient\u0103 a \u00eenc\u0103rc\u0103turii.<\/p>\n<\/li>\n<\/ul>\n<h2>Considera\u021bii de proiectare \u0219i criterii de selec\u021bie<\/h2>\n<p>C\u00e2nd vine vorba de considera\u021bii de proiectare, cilindrii cupei trebuie s\u0103 \u00eendeplineasc\u0103 anumite criterii pentru a func\u021biona optim. Iat\u0103 c\u00e2\u021biva factori cheie:<\/p>\n<ul>\n<li>\n<h3>Capacitate portant\u0103<\/h3>\n<p>Capacitatea portant\u0103 a cilindrului trebuie s\u0103 poat\u0103 sus\u021bine greutatea sarcinii f\u0103r\u0103 deformare sau defectare.<\/p>\n<\/li>\n<li>\n<h3>Sigilare<\/h3>\n<p>Cilindrul trebuie etan\u0219at corespunz\u0103tor pentru a preveni scurgerile de fluid hidraulic.<\/p>\n<\/li>\n<li>\n<h3>Durabilitate<\/h3>\n<p>Cilindrul trebuie s\u0103 fie suficient de durabil pentru a rezista mediului de lucru dur \u0219i uzurii.<\/p>\n<\/li>\n<li>\n<h3>Siguran\u0163\u0103<\/h3>\n<p>Cilindrii cupei trebuie proiecta\u021bi pentru a preveni poten\u021bialele pericole precum scurgeri, rupturi sau explozii.<\/p>\n<\/li>\n<li>\n<h3>\u00centre\u0163inere<\/h3>\n<p>Cilindrul trebuie s\u0103 fie proiectat pentru \u00eentre\u021binere \u0219i repara\u021bii u\u0219oare, reduc\u00e2nd timpii de nefunc\u021bionare.<\/p>\n<\/li>\n<\/ul>\n<p><img decoding=\"async\" src=\"https:\/\/www.hydraulic-cylinders.net\/wp-content\/uploads\/2025\/01\/songte-oil-pipes-and-spare-parts.webp\" alt=\"Piese cilindru g\u0103leat\u0103\"><\/p>\n<h2>Etan\u0219are \u0219i lubrifiere<\/h2>\n<p>Cilindrul cupei utilizeaz\u0103 diverse garnituri, cum ar fi garnituri de piston \u0219i garnituri de tij\u0103, fabricate din materiale rezistente la uzur\u0103, precum poliuretanul \u0219i cauciucul nitrilic. Corpul cilindrului \u0219i suprafa\u021ba cap\u0103tului filetat sunt supuse unui tratament precis pentru a \u00eembun\u0103t\u0103\u021bi rezisten\u021ba la uzur\u0103. Ad\u0103ugarea regulat\u0103 a cantit\u0103\u021bii adecvate de ulei hidraulic este crucial\u0103 pentru lubrifiere \u0219i men\u021binerea performan\u021bei optime.<\/p>\n<h2>\u00centre\u021binere \u0219i repara\u021bii<\/h2>\n<p>Inspec\u021bia regulat\u0103 \u0219i \u00eentre\u021binerea preventiv\u0103 sunt cruciale pentru prelungirea duratei de via\u021b\u0103 a cilindrilor cupei. Iat\u0103 c\u00e2teva sarcini comune de \u00eentre\u021binere:<\/p>\n<ul>\n<li>\n<h3>Inspec\u021bie regulat\u0103<\/h3>\n<p>Inspecta\u021bi cilindrul \u00een mod regulat pentru a depista semne de uzur\u0103, deteriorare sau scurgeri.<\/p>\n<\/li>\n<li>\n<h3>Lubrifiere<\/h3>\n<p>Asigura\u021bi-v\u0103 c\u0103 cilindrul este lubrifiat corespunz\u0103tor pentru a men\u021bine performan\u021be optime.<\/p>\n<\/li>\n<li>\n<h3>\u00cenlocuirea garniturii<\/h3>\n<p>\u00cenlocui\u021bi garniturile cilindrului atunci c\u00e2nd detecta\u021bi semne de uzur\u0103, deteriorare sau scurgeri.<\/p>\n<\/li>\n<li>\n<h3>Verificare calibrare<\/h3>\n<p>Verifica\u021bi periodic calibrarea cilindrului pentru a asigura o performan\u021b\u0103 optim\u0103.<\/p>\n<\/li>\n<\/ul>\n<p><img decoding=\"async\" src=\"https:\/\/www.hydraulic-cylinders.net\/wp-content\/uploads\/2025\/01\/songte-chushion-collar.webp\" alt=\"Instalarea cilindrului cupei\"><\/p>\n<h2>Considera\u021bii de siguran\u021b\u0103 \u0219i factori de mediu<\/h2>\n<p>Cilindrii cupei trebuie manipula\u021bi cu grij\u0103 \u0219i instala\u021bi corect pentru a evita poten\u021bialele pericole precum scurgeri, rupturi sau explozii. Factorii de mediu, cum ar fi temperatura, umiditatea \u0219i expunerea la substan\u021be corozive, pot afecta performan\u021ba \u0219i durabilitatea cilindrului. Prin urmare, este esen\u021bial s\u0103 se ia m\u0103surile de precau\u021bie necesare la manipularea \u0219i operarea cilindrilor cupei.<\/p>\n<h2>Diagnosticare \u0219i depanare<\/h2>\n<p>Problemele frecvente ale cilindrilor cupei includ scurgeri, performan\u021b\u0103 redus\u0103 \u0219i func\u021bionare defectuoas\u0103. Sfaturile de depanare \u0219i solu\u021biile pentru aceste probleme includ verificarea etan\u0219\u0103rilor, verificarea nivelului fluidului hidraulic \u0219i evaluarea calibr\u0103rii cilindrului. Luarea unor m\u0103suri preventive, cum ar fi \u00eentre\u021binerea regulat\u0103 \u0219i manipularea corect\u0103, poate reduce la minimum poten\u021bialele probleme.<\/p>\n<p><img decoding=\"async\" src=\"https:\/\/www.hydraulic-cylinders.net\/wp-content\/uploads\/2025\/01\/songte-bushings-with-all-kinds-of-excavator-models.webp\" alt=\"Buc\u0219e cilindru cup\u0103\"><\/p>\n<h2>Despre compania noastr\u0103<\/h2>\n<p>Suntem produc\u0103tori de piese de schimb pentru cilindri hidraulici, oferind o gam\u0103 complet\u0103 de produse, devenind unul dintre principalii produc\u0103tori \u0219i distribuitori angro de cilindri hidraulici pe pie\u021bele interne \u0219i interna\u021bionale. Ader\u0103m la principiul calit\u0103\u021bii excelente \u0219i ne baz\u0103m pe strategia de management al produc\u021biei industriale a unor ateliere sofisticate de fabrica\u021bie. \u00cembun\u0103t\u0103\u021bim continuu platforma de produc\u021bie a atelierelor noastre, \u00eembun\u0103t\u0103\u021bim liniile de produc\u021bie pentru calitatea produselor \u0219i avem capacit\u0103\u021bi creative puternice pentru a satisface nevoile diverse ale clien\u021bilor cu eficien\u021b\u0103 ridicat\u0103, precizie ridicat\u0103 \u0219i produse de \u00eenalt\u0103 calitate.<\/p>\n<ul>\n<li>\n<h3>Profesionalism<\/h3>\n<p>Compania noastr\u0103 este format\u0103 dintr-o echip\u0103 de exper\u021bi tehnici \u0219i profesioni\u0219ti cu ani de experien\u021b\u0103 \u00een \u00eenlocuirea cilindrilor hidraulici.<\/p>\n<\/li>\n<li>\n<h3>Certificare interna\u021bional\u0103<\/h3>\n<p>Produsele noastre au certific\u0103ri interna\u021bionale precum ISO, CE \u0219i ROHS, asigur\u00e2nd conformitatea cu standardele globale.<\/p>\n<\/li>\n<li>\n<h3>Personalizare<\/h3>\n<p>Oferim servicii personalizate pentru a satisface cerin\u021bele \u0219i preferin\u021bele unice ale clien\u021bilor.<\/p>\n<\/li>\n<li>\n<h3>Echipamente de produc\u021bie<\/h3>\n<p>Compania noastr\u0103 dispune de echipamente de produc\u021bie sofisticate \u0219i avansate, inclusiv strunguri CNC, freze \u0219i facilit\u0103\u021bi de testare.<\/p>\n<\/li>\n<li>\n<h3>Serviciu post-v\u00e2nzare<\/h3>\n<p>Oferim servicii post-v\u00e2nzare excelente, inclusiv servicii de repara\u021bii, \u00eenlocuiri \u0219i reconstruc\u021bii, pentru a asigura satisfac\u021bia clien\u021bilor \u0219i rela\u021bii pe termen lung cu ace\u0219tia.<\/p>\n<\/li>\n<\/ul>\n<p><img decoding=\"async\" src=\"https:\/\/hzpt.com\/wp-content\/uploads\/2024\/11\/songte-company-1.webp\" alt=\"Prezentare general\u0103 a companiei\"><\/p>\n<p>Autor: lyl<\/p>","protected":false},"excerpt":{"rendered":"<p>Bucket Cylinder For Yuchai YC230LC-8 Introduction A bucket cylinder is a hydraulic cylinder specially designed to control the movement of the bucket in heavy machinery, such as excavators, backhoe loaders, and front loaders. Its main function is to allow the bucket to lift, lower, and tilt, making it easier to handle various material handling tasks. [&hellip;]<\/p>","protected":false},"featured_media":14762,"comment_status":"open","ping_status":"closed","template":"","meta":{"_et_pb_use_builder":"","_et_pb_old_content":"","_et_gb_content_width":""},"product_brand":[],"product_cat":[1494],"product_tag":[1495,1496],"class_list":{"0":"post-15865","1":"product","2":"type-product","3":"status-publish","4":"has-post-thumbnail","6":"product_cat-bucket-cylinders","7":"product_tag-bucket-cylinders","8":"product_tag-hydraulic-cylinders","10":"first","11":"instock","12":"shipping-taxable","13":"product-type-simple"},"amp_enabled":true,"_links":{"self":[{"href":"https:\/\/www.hydraulic-cylinders.net\/ro\/wp-json\/wp\/v2\/product\/15865","targetHints":{"allow":["GET"]}}],"collection":[{"href":"https:\/\/www.hydraulic-cylinders.net\/ro\/wp-json\/wp\/v2\/product"}],"about":[{"href":"https:\/\/www.hydraulic-cylinders.net\/ro\/wp-json\/wp\/v2\/types\/product"}],"replies":[{"embeddable":true,"href":"https:\/\/www.hydraulic-cylinders.net\/ro\/wp-json\/wp\/v2\/comments?post=15865"}],"wp:featuredmedia":[{"embeddable":true,"href":"https:\/\/www.hydraulic-cylinders.net\/ro\/wp-json\/wp\/v2\/media\/14762"}],"wp:attachment":[{"href":"https:\/\/www.hydraulic-cylinders.net\/ro\/wp-json\/wp\/v2\/media?parent=15865"}],"wp:term":[{"taxonomy":"product_brand","embeddable":true,"href":"https:\/\/www.hydraulic-cylinders.net\/ro\/wp-json\/wp\/v2\/product_brand?post=15865"},{"taxonomy":"product_cat","embeddable":true,"href":"https:\/\/www.hydraulic-cylinders.net\/ro\/wp-json\/wp\/v2\/product_cat?post=15865"},{"taxonomy":"product_tag","embeddable":true,"href":"https:\/\/www.hydraulic-cylinders.net\/ro\/wp-json\/wp\/v2\/product_tag?post=15865"}],"curies":[{"name":"wp","href":"https:\/\/api.w.org\/{rel}","templated":true}]}}