{"id":15868,"date":"2025-01-19T15:05:52","date_gmt":"2025-01-19T15:05:52","guid":{"rendered":"https:\/\/www.hydraulic-cylinders.net\/product\/bucket-cylinder-for-yangong-yg85e\/"},"modified":"2025-01-19T15:05:54","modified_gmt":"2025-01-19T15:05:54","slug":"bucket-cylinder-for-yangong-yg85e","status":"publish","type":"product","link":"https:\/\/www.hydraulic-cylinders.net\/ro\/produs\/bucket-cylinder-for-yangong-yg85e\/","title":{"rendered":"Cilindru cu cup\u0103 pentru Yangong YG85E"},"content":{"rendered":"<h2>Cilindru cup\u0103 pentru Yangong YG85E<\/h2>\n<h3>Introducere<\/h3>\n<p>Cilindrul cupei pentru Yangong YG85E este un cilindru hidraulic specializat, conceput pentru a controla mi\u0219carea cupelor \u00een utilaje grele, cum ar fi excavatoarele, \u00eenc\u0103rc\u0103toarele excavatoare \u0219i \u00eenc\u0103rc\u0103toarele frontale. Func\u021bia sa principal\u0103 este de a permite ridicarea, cobor\u00e2rea \u0219i \u00eenclinarea cupei, facilit\u00e2nd gestionarea diverselor sarcini de manipulare a materialelor. \u00cen sistemul hidraulic, cilindrul cupei realizeaz\u0103 un control precis al cupei prin schimbarea presiunii uleiului hidraulic, permi\u021b\u00e2nd operatorilor s\u0103 manipuleze eficient sarcini grele \u0219i s\u0103 se adapteze la medii de lucru complexe \u0219i cerin\u021be diverse ale lucr\u0103rilor.<\/p>\n<p><img decoding=\"async\" src=\"https:\/\/www.hydraulic-cylinders.net\/wp-content\/uploads\/2025\/01\/songte-company-2.webp\" alt=\"Cilindru cup\u0103 pentru Yangong YG85E\"><\/p>\n<h3>Caracteristici<\/h3>\n<ul>\n<li>Rezisten\u021b\u0103 \u0219i durabilitate ridicate: Fabricat de obicei din o\u021bel sau aluminiu de \u00eenalt\u0103 rezisten\u021b\u0103, cilindrul cupei poate rezista la presiuni ridicate \u0219i sarcini grele, adapt\u00e2ndu-se la medii de lucru dure. Designul ia \u00een considerare rezisten\u021ba la uzur\u0103 \u0219i la coroziune, prelungind durata de via\u021b\u0103.<\/li>\n<li>Func\u021bionare hidraulic\u0103 eficient\u0103: Utiliz\u00e2nd presiunea uleiului hidraulic pentru a ob\u021bine mi\u0219c\u0103ri line de extensie \u0219i contrac\u021bie, cilindrul poate r\u0103spunde rapid la comenzile de control, oferind for\u021be puternice de \u00eempingere \u0219i tragere, potrivite pentru manipularea sarcinilor grele \u0219i a sarcinilor complexe.<\/li>\n<li>Diverse tipuri: Cilindrii cu ac\u021biune simpl\u0103 (folosind sistemul hidraulic \u00eentr-o singur\u0103 direc\u021bie) sau cu ac\u021biune dubl\u0103 (folosind sistemul hidraulic \u00een dou\u0103 direc\u021bii) pot fi selecta\u021bi \u00een func\u021bie de nevoi, pentru a satisface diferite cerin\u021be de func\u021bionare. Unele modele sunt telescopice, permi\u021b\u00e2nd o extensie mai mare f\u0103r\u0103 a cre\u0219te dimensiunile exterioare, potrivite pentru aplica\u021bii cu spa\u021biu limitat.<\/li>\n<li>\u00cenlocuibil: Produsul nostru poate \u00eenlocui perfect ace\u0219ti cilindri hidraulici.<\/li>\n<\/ul>\n<p><img decoding=\"async\" src=\"https:\/\/www.hydraulic-cylinders.net\/wp-content\/uploads\/2025\/01\/songte-cylinder-head-with-all-kinds-excavator-models.webp\" alt=\"Cilindru cup\u0103 pentru Yangong YG85E\"><\/p>\n<h3>Aplica\u021bii<\/h3>\n<p>Cilindrul cupei pentru Yangong YG85E este utilizat pe scar\u0103 larg\u0103 \u00een diverse utilaje grele, inclusiv:<\/p>\n<ul>\n<li>Echipamente de construc\u021bii: \u00cen excavatoare, acestea sunt esen\u021biale pentru s\u0103pare, \u00eenc\u0103rcare \u0219i mutarea solului sau a resturilor. \u00cen buldoexcavatoarele, cilindrul cupei ajut\u0103 at\u00e2t la s\u0103pare, c\u00e2t \u0219i la ridicare.<\/li>\n<li>Ma\u0219ini agricole: utilizate la \u00eenc\u0103rc\u0103toarele frontale pentru a scoate, ridica \u0219i transporta sol, f\u00e2n \u0219i alte materiale. La excavatoare, cilindrul cupei permite s\u0103parea permi\u021b\u00e2nd cupei s\u0103 p\u0103trund\u0103 \u00een sol. La \u00eenc\u0103rc\u0103toarele frontale, acestea ajut\u0103 la ridicarea \u0219i \u00eenclinarea eficient\u0103 a m\u0103rfurilor.<\/li>\n<\/ul>\n<h3>Considera\u021bii de proiectare \u0219i criterii de selec\u021bie<\/h3>\n<p>Din considera\u021biile de proiectare, putem explora capacitatea portant\u0103, etan\u0219area, durabilitatea, siguran\u021ba \u0219i mentenabilitatea cilindrului cupei. Se pot discuta urm\u0103toarele puncte:<\/p>\n<ul>\n<li>Capacitate portant\u0103: Cilindrul cupei trebuie s\u0103 poat\u0103 suporta greutatea \u00eenc\u0103rc\u0103turii \u0219i presiunea uleiului hidraulic.<\/li>\n<li>Etan\u0219are: Diverse componente de etan\u0219are, cum ar fi etan\u0219\u0103rile pistonului \u0219i etan\u0219\u0103rile tijei, sunt utilizate pentru a preveni scurgerile de ulei hidraulic. Componentele de etan\u0219are sunt fabricate din materiale rezistente la uzur\u0103, cum ar fi poliuretanul \u0219i cauciucul nitrilic, pentru a cre\u0219te durabilitatea. Corpul cilindrului \u0219i suprafa\u021ba cap\u0103tului filetat sunt prelucrate fin pentru a \u00eembun\u0103t\u0103\u021bi rezisten\u021ba la uzur\u0103.<\/li>\n<li>Durabilitate: Cilindrul cupei este conceput s\u0103 reziste la medii dure de operare, inclusiv temperaturi extreme, expunerea la murd\u0103rie \u0219i resturi \u0219i materiale corozive.<\/li>\n<li>Siguran\u021b\u0103: Trebuie luate m\u0103suri de siguran\u021b\u0103 adecvate pentru a preveni accidentele. Cilindrul cupei trebuie instalat, \u00eentre\u021binut \u0219i utilizat corespunz\u0103tor, conform instruc\u021biunilor produc\u0103torului.<\/li>\n<li>\u00centre\u021binere: Inspec\u021bia \u0219i \u00eentre\u021binerea regulat\u0103 pot asigura buna func\u021bionare a cilindrului cupei \u0219i pot prelungi durata sa de via\u021b\u0103.<\/li>\n<\/ul>\n<p><img decoding=\"async\" src=\"https:\/\/www.hydraulic-cylinders.net\/wp-content\/uploads\/2025\/01\/songte-oil-pipes-and-spare-parts.webp\" alt=\"Cilindru cup\u0103 pentru Yangong YG85E\"><\/p>\n<h3>Etan\u0219are \u0219i lubrifiere<\/h3>\n<p>Cilindrul cupei utilizeaz\u0103 diverse componente de etan\u0219are, cum ar fi etan\u0219\u0103rile pistonului \u0219i etan\u0219\u0103rile tijei, pentru a preveni scurgerile de ulei hidraulic. Aceste componente de etan\u0219are sunt fabricate din materiale rezistente la uzur\u0103, cum ar fi poliuretanul \u0219i cauciucul nitrilic. Corpul cilindrului \u0219i suprafa\u021ba cap\u0103tului filetat sunt prelucrate fin pentru a \u00eembun\u0103t\u0103\u021bi rezisten\u021ba la uzur\u0103. Lubrifierea regulat\u0103 cu o cantitate adecvat\u0103 de ulei hidraulic este necesar\u0103 pentru a asigura buna func\u021bionare a cilindrului \u0219i a prelungi durata sa de via\u021b\u0103.<\/p>\n<h3>Inspec\u021bie \u0219i \u00eentre\u021binere<\/h3>\n<p>Inspec\u021bia \u0219i \u00eentre\u021binerea regulat\u0103 sunt esen\u021biale pentru a asigura buna func\u021bionare a cilindrului cupei \u0219i a prelungi durata sa de via\u021b\u0103. Trebuie efectuate urm\u0103toarele sarcini:<\/p>\n<ul>\n<li>Inspec\u021bie regulat\u0103<\/li>\n<li>Lubrifiere adecvat\u0103<\/li>\n<li>\u00cenlocuirea garniturii<\/li>\n<li>Verificare calibrare<\/li>\n<\/ul>\n<p>\u00cen timpul instal\u0103rii, alinierea corect\u0103 a cilindrului este esen\u021bial\u0103. Se recomand\u0103 utilizarea unor console de instalare adecvate pentru fixarea cilindrului. Trebuie subliniat\u0103 importan\u021ba instal\u0103rii corecte, a lubrifierii \u0219i a regl\u0103rii. Sunt furnizate proceduri recomandate de inspec\u021bie, reparare \u0219i \u00eenlocuire pentru a cre\u0219te durata de via\u021b\u0103 a cilindrului cupei.<\/p>\n<p><img decoding=\"async\" src=\"https:\/\/www.hydraulic-cylinders.net\/wp-content\/uploads\/2025\/01\/songte-chushion-collar.webp\" alt=\"Cilindru cup\u0103 pentru Yangong YG85E\"><\/p>\n<h3>Considera\u021bii de siguran\u021b\u0103 \u0219i factori de mediu<\/h3>\n<p>M\u0103surile de siguran\u021b\u0103 sunt esen\u021biale atunci c\u00e2nd se utilizeaz\u0103 cilindrul cupei. Este esen\u021bial s\u0103 se respecte regulile \u0219i instruc\u021biunile de siguran\u021b\u0103 pentru a preveni accidentele \u0219i v\u0103t\u0103m\u0103rile corporale. Cilindrul cupei trebuie \u00eentre\u021binut corespunz\u0103tor \u0219i utilizat conform instruc\u021biunilor produc\u0103torului pentru a asigura siguran\u021ba. Factorii de mediu trebuie lua\u021bi \u00een considerare la utilizarea cilindrului cupei. Trebuie implementate m\u0103suri adecvate de eliminare a de\u0219eurilor \u0219i de protec\u021bie a mediului pentru a minimiza poluarea mediului.<\/p>\n<h3>Depanare \u0219i probleme frecvente<\/h3>\n<p>Cilindrul cupei se poate confrunta cu mai multe probleme, cum ar fi scurgeri, func\u021bionare lent\u0103 \u0219i deteriorarea componentelor de etan\u0219are. Sfaturile de depanare \u0219i rezolvare a problemelor \u00eei pot ajuta pe cititori s\u0103 diagnosticheze \u0219i s\u0103 rezolve problemele \u00een mod eficient. M\u0103surile preventive pot reduce poten\u021bialele probleme.<\/p>\n<p><img decoding=\"async\" src=\"https:\/\/www.hydraulic-cylinders.net\/wp-content\/uploads\/2025\/01\/songte-bushings-with-all-kinds-of-excavator-models.webp\" alt=\"Cilindru cup\u0103 pentru Yangong YG85E\"><\/p>\n<h2>Despre noi<\/h2>\n<p>Suntem produc\u0103tori de cilindri hidraulici de schimb. Oferim o gam\u0103 complet\u0103 de produse \u0219i am devenit unul dintre principalii produc\u0103tori \u0219i distribuitori angro de cilindri hidraulici pe pie\u021bele interne \u0219i interna\u021bionale. Urm\u0103m principiul calit\u0103\u021bii excelente \u0219i ne baz\u0103m pe strategia industrializat\u0103 de management al produc\u021biei, realizat\u0103 prin ateliere sofisticate de fabrica\u021bie. Prin utilizarea talentelor tehnice, a echipamentelor digitale de fabrica\u021bie de ultim\u0103 genera\u021bie \u0219i a sistemelor profesionale de testare, \u00eembun\u0103t\u0103\u021bim continuu platforma de fabrica\u021bie a atelierului, \u00eembun\u0103t\u0103\u021bim linia de produc\u021bie a calit\u0103\u021bii produselor \u0219i avem o puternic\u0103 capacitate creativ\u0103. Oferim produse eficiente, precise \u0219i de \u00eenalt\u0103 calitate pentru a satisface nevoile diverse ale clien\u021bilor.<\/p>\n<p><img decoding=\"async\" src=\"https:\/\/hzpt.com\/wp-content\/uploads\/2024\/11\/songte-company-1.webp\" alt=\"Despre noi\"><\/p>\n<h3>Profesionalism<\/h3>\n<p>Avem o echip\u0103 de profesioni\u0219ti cu experien\u021b\u0103 \u00een proiectarea \u0219i fabricarea cilindrilor hidraulici. Oferim solu\u021bii personalizate pentru a satisface nevoile specifice ale clien\u021bilor no\u0219tri.<\/p>\n<h3>Certificare interna\u021bional\u0103<\/h3>\n<p>Produsele noastre au trecut certific\u0103ri interna\u021bionale precum CE, ISO \u0219i SGS, ceea ce le garanteaz\u0103 calitatea \u0219i fiabilitatea.<\/p>\n<h3>Servicii de personalizare<\/h3>\n<p>Oferim servicii de personalizare a cilindrilor hidraulici pentru a satisface nevoile specifice ale clien\u021bilor no\u0219tri.<\/p>\n<h3>Echipamente de produc\u021bie<\/h3>\n<p>Folosim echipamente de produc\u021bie avansate pentru a asigura acurate\u021bea \u0219i eficien\u021ba produselor noastre.<\/p>\n<h3>Serviciu post-v\u00e2nzare<\/h3>\n<p>Oferim servicii post-v\u00e2nzare clien\u021bilor no\u0219tri, asigur\u00e2ndu-le satisfac\u021bia fa\u021b\u0103 de produsele \u0219i serviciile noastre.<\/p>\n<h4>Autor: lyl<\/h4>","protected":false},"excerpt":{"rendered":"<p>Bucket Cylinder for Yangong YG85E Introduction The bucket cylinder for Yangong YG85E is a specialized hydraulic cylinder designed to control the movement of buckets in heavy machinery, such as excavators, backhoe loaders, and front-end loaders. Its primary function is to enable the bucket to lift, lower, and tilt, making it easier to handle various material [&hellip;]<\/p>","protected":false},"featured_media":14788,"comment_status":"open","ping_status":"closed","template":"","meta":{"_et_pb_use_builder":"","_et_pb_old_content":"","_et_gb_content_width":""},"product_brand":[],"product_cat":[1494],"product_tag":[1495,1496],"class_list":{"0":"post-15868","1":"product","2":"type-product","3":"status-publish","4":"has-post-thumbnail","6":"product_cat-bucket-cylinders","7":"product_tag-bucket-cylinders","8":"product_tag-hydraulic-cylinders","10":"first","11":"instock","12":"shipping-taxable","13":"product-type-simple"},"amp_enabled":true,"_links":{"self":[{"href":"https:\/\/www.hydraulic-cylinders.net\/ro\/wp-json\/wp\/v2\/product\/15868","targetHints":{"allow":["GET"]}}],"collection":[{"href":"https:\/\/www.hydraulic-cylinders.net\/ro\/wp-json\/wp\/v2\/product"}],"about":[{"href":"https:\/\/www.hydraulic-cylinders.net\/ro\/wp-json\/wp\/v2\/types\/product"}],"replies":[{"embeddable":true,"href":"https:\/\/www.hydraulic-cylinders.net\/ro\/wp-json\/wp\/v2\/comments?post=15868"}],"wp:featuredmedia":[{"embeddable":true,"href":"https:\/\/www.hydraulic-cylinders.net\/ro\/wp-json\/wp\/v2\/media\/14788"}],"wp:attachment":[{"href":"https:\/\/www.hydraulic-cylinders.net\/ro\/wp-json\/wp\/v2\/media?parent=15868"}],"wp:term":[{"taxonomy":"product_brand","embeddable":true,"href":"https:\/\/www.hydraulic-cylinders.net\/ro\/wp-json\/wp\/v2\/product_brand?post=15868"},{"taxonomy":"product_cat","embeddable":true,"href":"https:\/\/www.hydraulic-cylinders.net\/ro\/wp-json\/wp\/v2\/product_cat?post=15868"},{"taxonomy":"product_tag","embeddable":true,"href":"https:\/\/www.hydraulic-cylinders.net\/ro\/wp-json\/wp\/v2\/product_tag?post=15868"}],"curies":[{"name":"wp","href":"https:\/\/api.w.org\/{rel}","templated":true}]}}