{"id":15871,"date":"2025-01-19T15:06:10","date_gmt":"2025-01-19T15:06:10","guid":{"rendered":"https:\/\/www.hydraulic-cylinders.net\/product\/bucket-cylinder-for-xinyuan-crawler-excavator-xy55-8\/"},"modified":"2025-01-19T15:06:12","modified_gmt":"2025-01-19T15:06:12","slug":"bucket-cylinder-for-xinyuan-crawler-excavator-xy55-8","status":"publish","type":"product","link":"https:\/\/www.hydraulic-cylinders.net\/ro\/produs\/bucket-cylinder-for-xinyuan-crawler-excavator-xy55-8\/","title":{"rendered":"Cilindru cu cup\u0103 pentru excavatorul pe \u0219enile Xinyuan XY55-8"},"content":{"rendered":"<h1>Cilindru cu cup\u0103 pentru excavatorul pe \u0219enile Xinyuan XY55-8<\/h1>\n<h2>Introducere<\/h2>\n<p>Cilindrul cupei este un cilindru hidraulic specializat, conceput pentru a controla mi\u0219carea cupei \u00een utilaje grele, cum ar fi excavatoarele, \u00eenc\u0103rc\u0103toarele excavatoare \u0219i \u00eenc\u0103rc\u0103toarele frontale. Func\u021bia sa principal\u0103 este de a permite ridicarea, cobor\u00e2rea \u0219i \u00eenclinarea cupei, ceea ce o face potrivit\u0103 pentru diverse sarcini de manipulare a materialelor. \u00cen sistemul hidraulic, cilindrul cupei realizeaz\u0103 un control precis al cupei utiliz\u00e2nd schimb\u0103rile de presiune ale uleiului hidraulic, permi\u021b\u00e2nd operatorilor s\u0103 manipuleze eficient sarcini grele \u0219i s\u0103 se adapteze la medii de lucru complexe \u0219i cerin\u021be diverse ale lucr\u0103rilor.<\/p>\n<p><img decoding=\"async\" src=\"https:\/\/www.hydraulic-cylinders.net\/wp-content\/uploads\/2025\/01\/songte-company-2.webp\" alt=\"Imaginea cilindrului cupei\"><\/p>\n<h2>Caracteristici<\/h2>\n<ul>\n<li>Rezisten\u021b\u0103 \u0219i durabilitate ridicate: Fabricat de obicei din o\u021bel sau aluminiu de \u00eenalt\u0103 rezisten\u021b\u0103, poate rezista la presiuni ridicate \u0219i sarcini grele, adapt\u00e2ndu-se la condi\u021bii dure de lucru. Designul ia \u00een considerare rezisten\u021ba la uzur\u0103 \u0219i la coroziune, prelungindu-i durata de via\u021b\u0103.<\/li>\n<li>Func\u021bionare hidraulic\u0103 eficient\u0103: Utiliz\u00e2nd presiunea uleiului hidraulic pentru a ob\u021bine ac\u021biuni line de extensie \u0219i retragere, acesta poate r\u0103spunde rapid la comenzile de control, oferind for\u021be puternice de \u00eempingere \u0219i tragere, potrivite pentru manipularea sarcinilor grele \u0219i a sarcinilor complexe.<\/li>\n<li>Diverse tipuri: Cilindrii cu ac\u021biune simpl\u0103 (utiliza\u021bi hidraulic \u00eentr-o singur\u0103 direc\u021bie) sau cu ac\u021biune dubl\u0103 (utiliza\u021bi hidraulic \u00een ambele direc\u021bii) pot fi selecta\u021bi \u00een func\u021bie de nevoi pentru a satisface diferite cerin\u021be opera\u021bionale. Unele modele sunt telescopice, permi\u021b\u00e2nd o extensie mai mare f\u0103r\u0103 a cre\u0219te dimensiunile exterioare, fiind potrivi\u021bi pentru aplica\u021bii cu spa\u021biu limitat.<\/li>\n<li>\u00cenlocuitor perfect: Produsele noastre pot \u00eenlocui perfect ace\u0219ti cilindri hidraulici.<\/li>\n<\/ul>\n<p><img decoding=\"async\" src=\"https:\/\/www.hydraulic-cylinders.net\/wp-content\/uploads\/2025\/01\/songte-cylinder-head-with-all-kinds-excavator-models.webp\" alt=\"Imagine cilindru de schimb\"><\/p>\n<h2>Aplica\u021bii<\/h2>\n<h3>Echipamente de construc\u021bii<\/h3>\n<p>G\u0103site \u00een excavatoare, acestea sunt esen\u021biale pentru s\u0103pare, \u00eenc\u0103rcare \u0219i mutarea solului sau a resturilor. La \u00eenc\u0103rc\u0103toarele cu excavator, cilindrul cupei ajut\u0103 at\u00e2t la excavare, c\u00e2t \u0219i la ridicare.<\/p>\n<h3>Ma\u0219ini agricole<\/h3>\n<p>Folosit la \u00eenc\u0103rc\u0103toarele frontale pentru scobere, ridicare \u0219i transportul solului, f\u00e2nului \u0219i altor materiale.<\/p>\n<h3>Excavatoare<\/h3>\n<p>Cilindrul cupei permite excavarea permi\u021b\u00e2nd cupei s\u0103 p\u0103trund\u0103 \u00een sol.<\/p>\n<h3>\u00cenc\u0103rc\u0103toare<\/h3>\n<p>\u00cen cazul \u00eenc\u0103rc\u0103toarelor frontale, acestea ajut\u0103 la ridicarea \u0219i desc\u0103rcarea eficient\u0103 a \u00eenc\u0103rc\u0103turii.<\/p>\n<p><img decoding=\"async\" src=\"https:\/\/www.hydraulic-cylinders.net\/wp-content\/uploads\/2025\/01\/songte-oil-pipes-and-spare-parts.webp\" alt=\"Imaginea aplica\u021biei\"><\/p>\n<h2>Considera\u021bii de proiectare \u0219i criterii de selec\u021bie<\/h2>\n<ul>\n<li>Capacitate portant\u0103: Discuta\u021bi despre capacitatea cilindrului de a suporta sarcini.<\/li>\n<li>Etan\u0219are: Discuta\u021bi importan\u021ba unor etan\u0219\u0103ri adecvate \u0219i a materialelor utilizate.<\/li>\n<li>Durabilitate: Discuta\u021bi despre durabilitatea cilindrului \u00een diverse condi\u021bii de lucru.<\/li>\n<li>Siguran\u021b\u0103: Discuta\u021bi considera\u021biile de siguran\u021b\u0103 \u00een cadrul proiect\u0103rii.<\/li>\n<li>\u00centre\u021binere: Discuta\u021bi despre u\u0219urin\u021ba \u00eentre\u021binerii \u0219i repara\u021biilor.<\/li>\n<\/ul>\n<p><img decoding=\"async\" src=\"https:\/\/www.hydraulic-cylinders.net\/wp-content\/uploads\/2025\/01\/songte-bushings-with-all-kinds-of-excavator-models.webp\" alt=\"Considera\u021bii de design Imagine\"><\/p>\n<h2>Etan\u0219are \u0219i lubrifiere<\/h2>\n<p>Se utilizeaz\u0103 diverse tipuri de etan\u0219\u0103ri, cum ar fi etan\u0219\u0103rile pistonului \u0219i etan\u0219\u0103rile tijei. Garniturile sunt fabricate din materiale rezistente la uzur\u0103, cum ar fi poliuretanul \u0219i cauciucul nitrilic. Corpul cilindrului \u0219i capetele filetate sunt prelucrate fin pentru a \u00eembun\u0103t\u0103\u021bi rezisten\u021ba la uzur\u0103. Este necesar\u0103 o lubrifiere regulat\u0103 cu o cantitate adecvat\u0103 de ulei hidraulic.<\/p>\n<h2>Inspec\u021bie regulat\u0103 \u0219i \u00eentre\u021binere preventiv\u0103<\/h2>\n<p>Inspecta\u021bi periodic cilindrul pentru a depista orice semne de uzur\u0103 sau deteriorare. Implementa\u021bi m\u0103suri de \u00eentre\u021binere preventiv\u0103 pentru a minimiza poten\u021bialele probleme.<\/p>\n<h2>Ghid de instalare a produsului<\/h2>\n<p>Furniza\u021bi un ghid detaliat pentru instalarea corect\u0103 a produsului, inclusiv alinierea cilindrului \u0219i utilizarea suporturilor de instalare adecvate pentru stabilitate.<\/p>\n<p><img decoding=\"async\" src=\"https:\/\/www.hydraulic-cylinders.net\/wp-content\/uploads\/2025\/01\/songte-chushion-collar.webp\" alt=\"Ghid de instalare - Imagine\"><\/p>\n<h2>Sarcini de \u00eentre\u021binere<\/h2>\n<ul>\n<li>Inspec\u021bii regulate<\/li>\n<li>Lubrifiere adecvat\u0103<\/li>\n<li>\u00cenlocuirea garniturii<\/li>\n<li>Verific\u0103ri de calibrare<\/li>\n<\/ul>\n<p>Sublinia\u021bi importan\u021ba instal\u0103rii, lubrifierii \u0219i ajust\u0103rilor corecte. Oferi\u021bi \u00eendrum\u0103ri privind alinierea cilindrului \u00een timpul instal\u0103rii. Recomanda\u021bi proceduri de inspec\u021bie, reparare \u0219i \u00eenlocuire. Oferi\u021bi servicii de \u00eenlocuire a componentelor \u0219i reconstruc\u021bie pentru a prelungi durata de via\u021b\u0103 a cilindrului.<\/p>\n<p><img decoding=\"async\" src=\"https:\/\/www.hydraulic-cylinders.net\/wp-content\/uploads\/2025\/01\/songte-company-1.webp\" alt=\"Imaginea sarcinilor de \u00eentre\u021binere\"><\/p>\n<h2>Considera\u021bii de siguran\u021b\u0103 \u0219i factori de mediu<\/h2>\n<p>Eviden\u021bia\u021bi importan\u021ba m\u0103surilor de siguran\u021b\u0103 atunci c\u00e2nd lucra\u021bi cu butelia \u0219i impactul asupra mediului al utiliz\u0103rii corecte.<\/p>\n<h2>Depanare \u0219i probleme frecvente<\/h2>\n<p>Discuta\u021bi problemele comune care pot ap\u0103rea \u0219i oferi\u021bi sfaturi \u0219i solu\u021bii de depanare. Oferi\u021bi m\u0103suri preventive pentru a minimiza poten\u021bialele probleme.<\/p>\n<p><img decoding=\"async\" src=\"https:\/\/www.hydraulic-cylinders.net\/wp-content\/uploads\/2025\/01\/songte-bushings-with-all-kinds-of-excavator-models.webp\" alt=\"Depanarea erorilor de imagine\"><\/p>\n<h2>Despre compania noastr\u0103<\/h2>\n<p>Suntem produc\u0103tori de cilindri hidraulici de schimb, oferind o gam\u0103 larg\u0103 de produse. Am devenit unul dintre principalii produc\u0103tori \u0219i distribuitori angro de cilindri hidraulici pe pie\u021bele interne \u0219i interna\u021bionale. Compania noastr\u0103 ader\u0103 la principiile excelen\u021bei \u0219i se bazeaz\u0103 pe strategii de management al produc\u021biei industriale \u00een atelierele noastre de produc\u021bie de \u00eenalt\u0103 calitate. Cu expertiza noastr\u0103 tehnic\u0103, echipamente avansate de produc\u021bie \u0219i sisteme profesionale de testare, \u00eembun\u0103t\u0103\u021bim continuu platforma noastr\u0103 de produc\u021bie \u0219i rutele de produc\u021bie a calit\u0103\u021bii produselor. Avem o capacitate creativ\u0103 puternic\u0103 \u0219i ne str\u0103duim s\u0103 satisfacem nevoile diverse ale clien\u021bilor no\u0219tri cu eficien\u021b\u0103, precizie \u0219i calitate ridicate.<\/p>\n<p><img decoding=\"async\" src=\"https:\/\/www.hydraulic-cylinders.net\/wp-content\/uploads\/2025\/01\/songte-company-3.webp\" alt=\"Imaginea companiei\"><\/p>\n<p>Ne m\u00e2ndrim cu profesionalismul nostru, certific\u0103rile interna\u021bionale, serviciile personalizate, echipamentele de produc\u021bie \u0219i serviciile post-v\u00e2nzare.<\/p>\n<p>Autor: lyl<\/p>","protected":false},"excerpt":{"rendered":"<p>Bucket Cylinder For Xinyuan Crawler Excavator XY55-8 Introduction The bucket cylinder is a specialized hydraulic cylinder designed to control the movement of the bucket in heavy machinery such as excavators, backhoe loaders, and front-end loaders. Its main function is to enable the bucket to lift, lower, and tilt, making it suitable for various material handling [&hellip;]<\/p>","protected":false},"featured_media":14784,"comment_status":"open","ping_status":"closed","template":"","meta":{"_et_pb_use_builder":"","_et_pb_old_content":"","_et_gb_content_width":""},"product_brand":[],"product_cat":[1494],"product_tag":[1495,1496],"class_list":{"0":"post-15871","1":"product","2":"type-product","3":"status-publish","4":"has-post-thumbnail","6":"product_cat-bucket-cylinders","7":"product_tag-bucket-cylinders","8":"product_tag-hydraulic-cylinders","10":"first","11":"instock","12":"shipping-taxable","13":"product-type-simple"},"amp_enabled":true,"_links":{"self":[{"href":"https:\/\/www.hydraulic-cylinders.net\/ro\/wp-json\/wp\/v2\/product\/15871","targetHints":{"allow":["GET"]}}],"collection":[{"href":"https:\/\/www.hydraulic-cylinders.net\/ro\/wp-json\/wp\/v2\/product"}],"about":[{"href":"https:\/\/www.hydraulic-cylinders.net\/ro\/wp-json\/wp\/v2\/types\/product"}],"replies":[{"embeddable":true,"href":"https:\/\/www.hydraulic-cylinders.net\/ro\/wp-json\/wp\/v2\/comments?post=15871"}],"wp:featuredmedia":[{"embeddable":true,"href":"https:\/\/www.hydraulic-cylinders.net\/ro\/wp-json\/wp\/v2\/media\/14784"}],"wp:attachment":[{"href":"https:\/\/www.hydraulic-cylinders.net\/ro\/wp-json\/wp\/v2\/media?parent=15871"}],"wp:term":[{"taxonomy":"product_brand","embeddable":true,"href":"https:\/\/www.hydraulic-cylinders.net\/ro\/wp-json\/wp\/v2\/product_brand?post=15871"},{"taxonomy":"product_cat","embeddable":true,"href":"https:\/\/www.hydraulic-cylinders.net\/ro\/wp-json\/wp\/v2\/product_cat?post=15871"},{"taxonomy":"product_tag","embeddable":true,"href":"https:\/\/www.hydraulic-cylinders.net\/ro\/wp-json\/wp\/v2\/product_tag?post=15871"}],"curies":[{"name":"wp","href":"https:\/\/api.w.org\/{rel}","templated":true}]}}