{"id":15874,"date":"2025-01-19T15:06:22","date_gmt":"2025-01-19T15:06:22","guid":{"rendered":"https:\/\/www.hydraulic-cylinders.net\/product\/bucket-cylinder-for-xinyuan-wheel-excavator-xy65w-7-8\/"},"modified":"2025-01-19T15:06:24","modified_gmt":"2025-01-19T15:06:24","slug":"bucket-cylinder-for-xinyuan-wheel-excavator-xy65w-7-8","status":"publish","type":"product","link":"https:\/\/www.hydraulic-cylinders.net\/ro\/produs\/bucket-cylinder-for-xinyuan-wheel-excavator-xy65w-7-8\/","title":{"rendered":"Cilindru cu cup\u0103 pentru excavatorul pe ro\u021bi Xinyuan XY65W-7-8"},"content":{"rendered":"<h1>Cilindru cu cup\u0103 pentru excavatorul pe ro\u021bi Xinyuan XY65W-7-8<\/h1>\n<h2>Introducere<\/h2>\n<p>Un cilindru al cupei este un cilindru hidraulic special conceput, utilizat \u00een principal \u00een utilaje grele, cum ar fi excavatoarele, excavatoarele \u0219i \u00eenc\u0103rc\u0103toarele frontale, pentru a controla mi\u0219carea cupei. Func\u021bia sa principal\u0103 este de a permite ridicarea, cobor\u00e2rea \u0219i \u00eenclinarea cupei, facilit\u00e2nd manipularea diverselor materiale. \u00cen sistemele hidraulice, cilindrul cupei controleaz\u0103 mi\u0219carea precis\u0103 a cupei prin modific\u0103ri ale presiunii uleiului hidraulic, permi\u021b\u00e2nd operatorilor s\u0103 manipuleze eficient sarcini grele \u0219i s\u0103 se adapteze la medii de lucru complexe \u0219i cerin\u021be diverse ale lucr\u0103rilor.<\/p>\n<p><img decoding=\"async\" src=\"https:\/\/www.hydraulic-cylinders.net\/wp-content\/uploads\/2025\/01\/songte-company-2.webp\" alt=\"Imaginea cilindrului cupei\" \/><\/p>\n<h2>Caracteristici ale produsului<\/h2>\n<ul>\n<li><strong>Rezisten\u021b\u0103 \u0219i durabilitate ridicate:<\/strong> De obicei fabrica\u021bi din o\u021bel sau aluminiu de \u00eenalt\u0103 rezisten\u021b\u0103, cilindrii cu cup\u0103 pot rezista la presiuni ridicate \u0219i sarcini grele \u0219i sunt proiecta\u021bi \u021bin\u00e2nd cont de rezisten\u021ba la uzur\u0103 \u0219i la coroziune pentru a le prelungi durata de via\u021b\u0103.<\/li>\n<li><strong>Func\u021bionare hidraulic\u0103 eficient\u0103:<\/strong> Cilindrii cupei utilizeaz\u0103 presiunea uleiului hidraulic pentru a realiza mi\u0219c\u0103ri line de extensie \u0219i retragere, permi\u021b\u00e2nd un r\u0103spuns rapid la comenzile de control, oferind for\u021be puternice de \u00eempingere \u0219i tragere \u0219i fiind potrivi\u021bi pentru manipularea sarcinilor grele \u0219i a sarcinilor complexe.<\/li>\n<li><strong>Diverse tipuri:<\/strong> Cilindrii cupei pot fi cu ac\u021biune simpl\u0103 (presiunea hidraulic\u0103 utilizat\u0103 \u00eentr-o singur\u0103 direc\u021bie) sau cu ac\u021biune dubl\u0103 (presiunea hidraulic\u0103 utilizat\u0103 \u00een ambele direc\u021bii) \u0219i pot fi selecta\u021bi \u00een func\u021bie de cerin\u021bele opera\u021bionale specifice. Unele modele sunt telescopice, permi\u021b\u00e2nd o extensie mai mare f\u0103r\u0103 a cre\u0219te dimensiunile exterioare \u0219i sunt potrivite pentru aplica\u021bii cu spa\u021biu limitat.<\/li>\n<li><strong>\u00cenlocuirea cilindrilor hidraulici existen\u021bi:<\/strong> Produsul nostru poate \u00eenlocui perfect cilindrii hidraulici existen\u021bi.<\/li>\n<li><strong>Disponibil pentru diferite modele de excavatoare:<\/strong> Produsul nostru este compatibil cu diverse modele de excavatoare.<\/li>\n<\/ul>\n<p><img decoding=\"async\" src=\"https:\/\/www.hydraulic-cylinders.net\/wp-content\/uploads\/2025\/01\/songte-cylinder-head-with-all-kinds-excavator-models.webp\" alt=\"Imagine cu modele de excavatoare\" \/><\/p>\n<h2>Aplica\u021bii<\/h2>\n<h3>Echipamente de construc\u021bii<\/h3>\n<p>Cilindrii cupei sunt esen\u021biali pentru excavatoare, care sunt utilizate pentru s\u0103pare, \u00eenc\u0103rcare \u0219i mutarea solului sau a resturilor. La \u00eenc\u0103rc\u0103toarele cu excavator, cilindrii cupei ajut\u0103 la excavare \u0219i ridicare. La \u00eenc\u0103rc\u0103toarele frontale, ace\u0219tia ajut\u0103 la ridicarea \u0219i desc\u0103rcarea eficient\u0103 a m\u0103rfurilor.<\/p>\n<h3>Ma\u0219ini agricole<\/h3>\n<p>Cilindrii cupei sunt utiliza\u021bi la \u00eenc\u0103rc\u0103toarele frontale pentru scobere, ridicare \u0219i transportul solului, f\u00e2nului \u0219i altor materiale. La excavatoare, cilindrii cupei permit s\u0103parea permi\u021b\u00e2nd cupei s\u0103 p\u0103trund\u0103 \u00een sol.<\/p>\n<h2>Considera\u021bii de proiectare \u0219i criterii de selec\u021bie<\/h2>\n<ul>\n<li><strong>Capacitate portant\u0103:<\/strong> Cilindrul hidraulic trebuie s\u0103 poat\u0103 rezista la diverse sarcini \u0219i presiuni.<\/li>\n<li><strong>Etan\u0219are:<\/strong> Diverse componente de etan\u0219are, cum ar fi etan\u0219\u0103rile pistonului \u0219i etan\u0219\u0103rile tijei, pot fi utilizate pentru a cre\u0219te durata de via\u021b\u0103 a cilindrului.<\/li>\n<li><strong>Durabilitate:<\/strong> Cilindrul hidraulic trebuie s\u0103 fie proiectat pentru a rezista la uzur\u0103.<\/li>\n<li><strong>Siguran\u0163\u0103:<\/strong> Cilindrul hidraulic trebuie proiectat astfel \u00eenc\u00e2t s\u0103 nu prezinte pericole pentru siguran\u021b\u0103.<\/li>\n<li><strong>Mentenabilitate:<\/strong> Cilindrul hidraulic trebuie s\u0103 fie u\u0219or de \u00eentre\u021binut \u0219i reparat.<\/li>\n<\/ul>\n<p><img decoding=\"async\" src=\"https:\/\/www.hydraulic-cylinders.net\/wp-content\/uploads\/2025\/01\/songte-oil-pipes-and-spare-parts.webp\" alt=\"Imagine cu \u021bevi de petrol \u0219i piese de schimb\" \/><\/p>\n<h2>Etan\u0219are \u0219i lubrifiere<\/h2>\n<p>Diverse componente de etan\u0219are, cum ar fi etan\u0219\u0103rile pistonului \u0219i etan\u0219\u0103rile tijei, pot fi utilizate pentru a cre\u0219te durata de via\u021b\u0103 a cilindrului hidraulic. Garniturile pot fi fabricate din materiale rezistente la uzur\u0103, cum ar fi poliuretanul \u0219i cauciucul nitrilic. \u00cen plus, corpul cilindrului \u0219i suprafe\u021bele filetate ale cap\u0103tului sunt prelucrate fin pentru a \u00eembun\u0103t\u0103\u021bi rezisten\u021ba la uzur\u0103. Ad\u0103ugarea regulat\u0103 a cantit\u0103\u021bii adecvate de ulei hidraulic este necesar\u0103 pentru lubrifiere.<\/p>\n<h2>\u00centre\u021binere \u0219i repara\u021bii<\/h2>\n<p>Inspec\u021bia regulat\u0103, lubrifierea corespunz\u0103toare, \u00eenlocuirea garniturilor \u0219i verific\u0103rile de calibrare sunt sarcini comune de \u00eentre\u021binere. Instalarea, lubrifierea \u0219i reglarea corect\u0103 sunt esen\u021biale pentru longevitatea \u0219i performan\u021ba cilindrului. \u00cen timpul instal\u0103rii, se recomand\u0103 alinierea corect\u0103 a cilindrului \u0219i utilizarea suporturilor de montare adecvate pentru fixarea acestuia. Procedurile recomandate de inspec\u021bie, reparare \u0219i \u00eenlocuire vor prelungi durata de via\u021b\u0103 a cilindrului.<\/p>\n<p><img decoding=\"async\" src=\"https:\/\/www.hydraulic-cylinders.net\/wp-content\/uploads\/2025\/01\/songte-chushion-collar.webp\" alt=\"Imagine cu guler Chushion\" \/><\/p>\n<h2>Considera\u021bii privind siguran\u021ba \u0219i mediul<\/h2>\n<p>Atunci c\u00e2nd se utilizeaz\u0103 cilindri hidraulici, m\u0103surile de siguran\u021b\u0103 sunt de o importan\u021b\u0103 capital\u0103. Utilizarea \u0219i \u00eentre\u021binerea corect\u0103 a cilindrilor hidraulici pot reduce riscul de accidente, iar pentru a reduce poluarea trebuie utilizat fluid hidraulic ecologic.<\/p>\n<h2>Diagnosticarea \u0219i depanarea defec\u021biunilor<\/h2>\n<p>Problemele frecvente care pot ap\u0103rea la cilindrii hidraulici includ scurgeri de ulei, \u00eendoirea tijei cilindrului \u0219i for\u021ba insuficient\u0103. Aceste probleme pot fi diagnosticate \u0219i rezolvate folosind tehnici adecvate de depanare \u0219i urm\u00e2nd m\u0103surile preventive recomandate.<\/p>\n<p><img decoding=\"async\" src=\"https:\/\/www.hydraulic-cylinders.net\/wp-content\/uploads\/2025\/01\/songte-bushings-with-all-kinds-of-excavator-models.webp\" alt=\"Imagine buc\u0219e\" \/><\/p>\n<h2>Despre noi<\/h2>\n<p>Suntem un produc\u0103tor care produce cilindri hidraulici \u0219i oferim o varietate de produse din acest domeniu. Compania noastr\u0103 este unul dintre principalii produc\u0103tori \u0219i distribuitori angro de cilindri hidraulici pe pie\u021bele interne \u0219i interna\u021bionale. Urm\u0103m principiul calit\u0103\u021bii excelente \u0219i ne baz\u0103m pe strategii industrializate de management al produc\u021biei \u00een atelierele noastre sofisticate de fabrica\u021bie. \u00cembun\u0103t\u0103\u021bim continuu platforma de produc\u021bie din atelierele noastre, perfec\u021bion\u0103m liniile de produc\u021bie pentru calitatea produselor \u0219i posed\u0103m abilit\u0103\u021bi creative puternice. Cu principiile eficien\u021bei ridicate, preciziei ridicate \u0219i calit\u0103\u021bii \u00eenalte, suntem capabili s\u0103 satisfacem nevoile diverse ale clien\u021bilor no\u0219tri.<\/p>\n<ul>\n<li><strong>Profesionalism:<\/strong> Ne specializ\u0103m \u00een fabricarea de cilindri hidraulici.<\/li>\n<li><strong>Certificare interna\u021bional\u0103:<\/strong> Produsele noastre au ob\u021binut certific\u0103ri interna\u021bionale precum ISO9001, CE \u0219i TUV.<\/li>\n<li><strong>Servicii de personalizare:<\/strong> Oferim servicii personalizate pentru a satisface nevoile specifice ale clien\u021bilor.<\/li>\n<li><strong>Echipamente avansate de produc\u021bie:<\/strong> De\u021binem echipamente de produc\u021bie avansate, inclusiv ma\u0219ini CNC \u0219i ma\u0219ini de sudur\u0103 robotizate.<\/li>\n<li><strong>Serviciu post-v\u00e2nzare:<\/strong> Oferim servicii post-v\u00e2nzare excelente pentru a asigura satisfac\u021bia clien\u021bilor.<\/li>\n<\/ul>\n<p><img decoding=\"async\" src=\"https:\/\/hzpt.com\/wp-content\/uploads\/2024\/11\/songte-company-1.webp\" alt=\"Imaginea companiei\" \/><\/p>\n<p>Autor: lyl<\/p>","protected":false},"excerpt":{"rendered":"<p>Bucket Cylinder For Xinyuan Wheel Excavator XY65W-7-8 Introduction A bucket cylinder is a specially designed hydraulic cylinder used primarily in heavy machinery such as excavators, backhoes, and front loaders to control the movement of the bucket. Its main function is to allow the bucket to lift, lower, and tilt, making it easier to handle various [&hellip;]<\/p>","protected":false},"featured_media":14778,"comment_status":"open","ping_status":"closed","template":"","meta":{"_et_pb_use_builder":"","_et_pb_old_content":"","_et_gb_content_width":""},"product_brand":[],"product_cat":[1494],"product_tag":[1495,1496],"class_list":{"0":"post-15874","1":"product","2":"type-product","3":"status-publish","4":"has-post-thumbnail","6":"product_cat-bucket-cylinders","7":"product_tag-bucket-cylinders","8":"product_tag-hydraulic-cylinders","10":"first","11":"instock","12":"shipping-taxable","13":"product-type-simple"},"amp_enabled":true,"_links":{"self":[{"href":"https:\/\/www.hydraulic-cylinders.net\/ro\/wp-json\/wp\/v2\/product\/15874","targetHints":{"allow":["GET"]}}],"collection":[{"href":"https:\/\/www.hydraulic-cylinders.net\/ro\/wp-json\/wp\/v2\/product"}],"about":[{"href":"https:\/\/www.hydraulic-cylinders.net\/ro\/wp-json\/wp\/v2\/types\/product"}],"replies":[{"embeddable":true,"href":"https:\/\/www.hydraulic-cylinders.net\/ro\/wp-json\/wp\/v2\/comments?post=15874"}],"wp:featuredmedia":[{"embeddable":true,"href":"https:\/\/www.hydraulic-cylinders.net\/ro\/wp-json\/wp\/v2\/media\/14778"}],"wp:attachment":[{"href":"https:\/\/www.hydraulic-cylinders.net\/ro\/wp-json\/wp\/v2\/media?parent=15874"}],"wp:term":[{"taxonomy":"product_brand","embeddable":true,"href":"https:\/\/www.hydraulic-cylinders.net\/ro\/wp-json\/wp\/v2\/product_brand?post=15874"},{"taxonomy":"product_cat","embeddable":true,"href":"https:\/\/www.hydraulic-cylinders.net\/ro\/wp-json\/wp\/v2\/product_cat?post=15874"},{"taxonomy":"product_tag","embeddable":true,"href":"https:\/\/www.hydraulic-cylinders.net\/ro\/wp-json\/wp\/v2\/product_tag?post=15874"}],"curies":[{"name":"wp","href":"https:\/\/api.w.org\/{rel}","templated":true}]}}