{"id":15879,"date":"2025-01-19T15:06:43","date_gmt":"2025-01-19T15:06:43","guid":{"rendered":"https:\/\/www.hydraulic-cylinders.net\/product\/bucket-cylinder-for-volwa-small-excavator-dls818-9b\/"},"modified":"2025-01-19T15:06:47","modified_gmt":"2025-01-19T15:06:47","slug":"bucket-cylinder-for-volwa-small-excavator-dls818-9b","status":"publish","type":"product","link":"https:\/\/www.hydraulic-cylinders.net\/ro\/produs\/bucket-cylinder-for-volwa-small-excavator-dls818-9b\/","title":{"rendered":"Cilindru cu cup\u0103 pentru excavatorul mic Volwa DLS818-9B"},"content":{"rendered":"<h1>Cilindru cu cup\u0103 pentru excavatorul mic Volwa DLS818-9B<\/h1>\n<h2>Introducere<\/h2>\n<h3>Defini\u0163ie<\/h3>\n<p>Un cilindru hidraulic este un cilindru hidraulic special conceput, utilizat \u00een principal pentru controlul mi\u0219c\u0103rii cupelor \u00een utilaje grele, cum ar fi excavatoarele, \u00eenc\u0103rc\u0103toarele excavatoare \u0219i \u00eenc\u0103rc\u0103toarele frontale. Func\u021bia sa principal\u0103 este de a permite ridicarea, cobor\u00e2rea \u0219i \u00eenclinarea cupei, facilit\u00e2nd manipularea unei variet\u0103\u021bi de materiale. \u00cen sistemul hidraulic, cilindrii cupei utilizeaz\u0103 schimb\u0103rile de presiune ale uleiului hidraulic pentru a ob\u021bine un control precis al cupei, permi\u021b\u00e2nd operatorilor s\u0103 manipuleze eficient materiale grele \u0219i s\u0103 se adapteze la medii de lucru complexe \u0219i nevoi opera\u021bionale diverse.<\/p>\n<p><img decoding=\"async\" src=\"https:\/\/www.hydraulic-cylinders.net\/wp-content\/uploads\/2025\/01\/songte-company-2.webp\"><\/p>\n<h2>Caracteristici<\/h2>\n<ul>\n<li>Rezisten\u021b\u0103 \u0219i durabilitate ridicate: De obicei fabricate din o\u021bel sau aluminiu de \u00eenalt\u0103 rezisten\u021b\u0103, acestea pot rezista la presiuni ridicate \u0219i sarcini grele, adapt\u00e2ndu-se la medii de lucru dure. Designul ia \u00een considerare rezisten\u021ba la uzur\u0103 \u0219i la coroziune, prelungind durata de via\u021b\u0103.<\/li>\n<li>Func\u021bionare hidraulic\u0103 eficient\u0103: Folosind presiunea uleiului hidraulic pentru a ob\u021bine o expansiune \u0219i o contrac\u021bie lin\u0103, poate r\u0103spunde rapid la comenzile de control, oferind o for\u021b\u0103 puternic\u0103 de \u00eempingere \u0219i tragere, potrivit\u0103 pentru manipularea materialelor grele \u0219i a sarcinilor complexe.<\/li>\n<li>Diverse tipuri: Cilindrii cu ac\u021biune simpl\u0103 (folosind sistemul hidraulic \u00eentr-o singur\u0103 direc\u021bie) sau cu ac\u021biune dubl\u0103 (folosind sistemul hidraulic \u00een dou\u0103 direc\u021bii) pot fi selecta\u021bi \u00een func\u021bie de nevoile de a satisface diferite cerin\u021be opera\u021bionale. Unele modele sunt telescopice, permi\u021b\u00e2nd o extensie mai mare f\u0103r\u0103 a cre\u0219te dimensiunile exterioare, potrivite pentru aplica\u021bii cu spa\u021biu limitat.<\/li>\n<li>\u00cenlocuitor perfect: Produsele noastre pot \u00eenlocui perfect ace\u0219ti cilindri hidraulici.<\/li>\n<\/ul>\n<p><img decoding=\"async\" src=\"https:\/\/www.hydraulic-cylinders.net\/wp-content\/uploads\/2025\/01\/songte-cylinder-head-with-all-kinds-excavator-models.webp\"><\/p>\n<h2>Aplica\u021bii<\/h2>\n<p><strong>Echipamente de construc\u021bii:<\/strong> \u00cen excavatoare, acestea sunt esen\u021biale pentru s\u0103pare, \u00eenc\u0103rcare \u0219i mutarea solului sau a resturilor. La buldoexcavatoarele, cilindrii cupei ajut\u0103 at\u00e2t la excavare, c\u00e2t \u0219i la ridicare. La \u00eenc\u0103rc\u0103toarele frontale, acestea ajut\u0103 la ridicare \u0219i \u00eenclinare pentru desc\u0103rcarea eficient\u0103 a m\u0103rfurilor.<\/p>\n<p><strong>Ma\u0219ini agricole:<\/strong> Folosit la \u00eenc\u0103rc\u0103toarele frontale pentru excavare, ridicare \u0219i transportul solului, f\u00e2nului \u0219i altor materiale. La excavatoare, cilindrii cupei realizeaz\u0103 excavarea permi\u021b\u00e2nd cupei s\u0103 p\u0103trund\u0103 \u00een sol. La \u00eenc\u0103rc\u0103toare, ace\u0219tia ajut\u0103 la ridicarea \u0219i \u00eenclinarea pentru desc\u0103rcarea eficient\u0103 a m\u0103rfurilor.<\/p>\n<p><img decoding=\"async\" src=\"https:\/\/www.hydraulic-cylinders.net\/wp-content\/uploads\/2025\/01\/songte-bushings-with-all-kinds-of-excavator-models.webp\"><\/p>\n<h2>Considera\u021bii de proiectare \u0219i criterii de selec\u021bie<\/h2>\n<ul>\n<li>Capacitate portant\u0103: Cilindrul trebuie s\u0103 poat\u0103 suporta greutatea materialului care urmeaz\u0103 s\u0103 fie manipulat.<\/li>\n<li>Etan\u0219are: Trebuie utilizate diverse etan\u0219\u0103ri, cum ar fi etan\u0219\u0103rile pistonului \u0219i etan\u0219\u0103rile tijei, iar materialele de etan\u0219are, cum ar fi poliuretanul \u0219i cauciucul nitrilic, trebuie selectate pentru rezisten\u021ba la uzur\u0103.<\/li>\n<li>Durabilitate: Corpul cilindrului \u0219i suprafa\u021ba cap\u0103tului filetat trebuie prelucrate fin pentru a \u00eembun\u0103t\u0103\u021bi rezisten\u021ba la uzur\u0103.<\/li>\n<li>Siguran\u021b\u0103: Butelia trebuie s\u0103 aib\u0103 m\u0103suri de siguran\u021b\u0103 pentru a preveni accidentele cauzate de presiune ridicat\u0103 sau al\u021bi factori.<\/li>\n<li>\u00centre\u021binere: Cilindrul trebuie s\u0103 fie u\u0219or de demontat \u0219i \u00eenlocuit, precum \u0219i u\u0219or de \u00eentre\u021binut \u0219i reparat.<\/li>\n<\/ul>\n<p><img decoding=\"async\" src=\"https:\/\/www.hydraulic-cylinders.net\/wp-content\/uploads\/2025\/01\/songte-oil-pipes-and-spare-parts.webp\"><\/p>\n<h2>Etan\u0219are \u0219i lubrifiere<\/h2>\n<p>Diverse elemente de etan\u0219are, cum ar fi etan\u0219\u0103rile pistonului \u0219i etan\u0219\u0103rile tijei, sunt utilizate \u00een cilindrii cupei. Materialele de etan\u0219are, cum ar fi poliuretanul \u0219i cauciucul nitrilic, sunt selectate pentru rezisten\u021ba la uzur\u0103. Corpul cilindrului \u0219i suprafa\u021ba filetat\u0103 a cap\u0103tului sunt prelucrate fin pentru a \u00eembun\u0103t\u0103\u021bi rezisten\u021ba la uzur\u0103. Ad\u0103ugarea regulat\u0103 de ulei hidraulic adecvat este necesar\u0103 pentru lubrifierea cilindrului.<\/p>\n<h2>Inspec\u021bie \u0219i \u00eentre\u021binere preventiv\u0103<\/h2>\n<p>Urm\u0103toarele sunt trei sarcini comune de \u00eentre\u021binere:<\/p>\n<ul>\n<li>Inspec\u021bie regulat\u0103: Verifica\u021bi periodic cilindrul pentru scurgeri, sunete anormale \u0219i alte probleme.<\/li>\n<li>Lubrifiere: Lubrifia\u021bi cilindrul \u00een mod regulat pentru a men\u021bine o func\u021bionare lin\u0103.<\/li>\n<li>\u00cenlocuirea garniturilor \u0219i verificarea calibr\u0103rii: \u00cenlocui\u021bi garniturile uzate \u0219i verifica\u021bi calibrarea dup\u0103 cum este necesar.<\/li>\n<\/ul>\n<p>Instalarea, lubrifierea \u0219i reglarea corect\u0103 sunt esen\u021biale. \u00cen timpul instal\u0103rii, asigura\u021bi \u00eendrum\u0103ri adecvate pentru alinierea cilindrului \u0219i utiliza\u021bi suporturi de montare adecvate pentru a fixa cilindrul. Sunt furnizate proceduri recomandate de inspec\u021bie, reparare \u0219i \u00eenlocuire, precum \u0219i sfaturi pentru prelungirea duratei de via\u021b\u0103 a cilindrului.<\/p>\n<p><img decoding=\"async\" src=\"https:\/\/www.hydraulic-cylinders.net\/wp-content\/uploads\/2025\/01\/songte-chushion-collar.webp\"><\/p>\n<h2>Considera\u021bii de siguran\u021b\u0103 \u0219i factori de mediu<\/h2>\n<p>Atunci c\u00e2nd se utilizeaz\u0103 cilindri cu cup\u0103, m\u0103surile de siguran\u021b\u0103 sunt esen\u021biale pentru a preveni accidentele cauzate de presiune ridicat\u0103 sau al\u021bi factori. Trebuie s\u0103 se asigure c\u0103 factorii de mediu, cum ar fi temperatura \u0219i umiditatea, nu afecteaz\u0103 negativ performan\u021ba cilindrului.<\/p>\n<h2>Depanare \u0219i probleme frecvente<\/h2>\n<p>Urm\u0103toarele sunt c\u00e2teva probleme \u0219i solu\u021bii comune:<\/p>\n<ul>\n<li>Scurgeri de ulei: Verifica\u021bi dac\u0103 exist\u0103 garnituri deteriorate sau suprafe\u021be deteriorate ale cilindrului.<\/li>\n<li>Func\u021bionare zgomotoas\u0103: Verifica\u021bi dac\u0103 exist\u0103 contaminare cu fluid sau deteriorare a pistonului\/tijei.<\/li>\n<li>Func\u021bionare lent\u0103: Verifica\u021bi dac\u0103 garniturile sunt deteriorate sau presiunea hidraulic\u0103 este sc\u0103zut\u0103.<\/li>\n<\/ul>\n<p>Ar trebui luate m\u0103suri preventive pentru a reduce la minimum poten\u021bialele probleme.<\/p>\n<h2>Despre compania noastr\u0103<\/h2>\n<p>Suntem produc\u0103tori de cilindri hidraulici de schimb, cu o gam\u0103 complet\u0103 de produse \u0219i am devenit unul dintre principalii produc\u0103tori \u0219i distribuitori angro de cilindri hidraulici pe pie\u021bele interne \u0219i interna\u021bionale. Urm\u0103m principiul calit\u0103\u021bii excelente, ne baz\u0103m pe strategii de management al produc\u021biei industriale cu ateliere de fabrica\u021bie rafinate \u0219i \u00eembun\u0103t\u0103\u021bim continuu platforma de fabrica\u021bie a atelierului, \u00eembun\u0103t\u0103\u021bim calitatea produc\u021biei produsului \u0219i avem o capacitate creativ\u0103 puternic\u0103. Satisfacem nevoile diverse ale clien\u021bilor cu eficien\u021b\u0103 ridicat\u0103, precizie ridicat\u0103 \u0219i calitate superioar\u0103.<\/p>\n<p><img decoding=\"async\" src=\"https:\/\/hzpt.com\/wp-content\/uploads\/2024\/11\/songte-company-1.webp\"><\/p>\n<h3>Profesionalism<\/h3>\n<p>Avem o echip\u0103 de profesioni\u0219ti cu o bogat\u0103 experien\u021b\u0103 \u00een fabricarea cilindrilor hidraulici.<\/p>\n<h3>Certificare interna\u021bional\u0103<\/h3>\n<p>Produsele noastre au trecut certific\u0103ri interna\u021bionale precum ISO9001, CE \u0219i TUV.<\/p>\n<h3>Serviciu de personalizare<\/h3>\n<p>Oferim servicii personalizate pentru a satisface nevoile specifice ale clien\u021bilor.<\/p>\n<h3>Echipamente de produc\u021bie<\/h3>\n<p>Folosim echipamente avansate de control numeric \u0219i sisteme de testare pentru a asigura calitatea produselor noastre.<\/p>\n<h3>Serviciu post-v\u00e2nzare<\/h3>\n<p>Oferim clien\u021bilor servicii complete post-v\u00e2nzare, inclusiv \u00eentre\u021binere, repara\u021bii \u0219i \u00eenlocuire.<\/p>\n<p>Autor: lyl<\/p>","protected":false},"excerpt":{"rendered":"<p>Bucket Cylinder For Volwa Small Excavator DLS818-9B Introduction Definition A bucket cylinder is a specially designed hydraulic cylinder used primarily for controlling the movement of buckets in heavy machinery such as excavators, backhoe loaders, and front-end loaders. Its main function is to enable the bucket to be lifted, lowered, and tilted, making it easy to [&hellip;]<\/p>","protected":false},"featured_media":14765,"comment_status":"open","ping_status":"closed","template":"","meta":{"_et_pb_use_builder":"","_et_pb_old_content":"","_et_gb_content_width":""},"product_brand":[],"product_cat":[1494],"product_tag":[1495,1496],"class_list":{"0":"post-15879","1":"product","2":"type-product","3":"status-publish","4":"has-post-thumbnail","6":"product_cat-bucket-cylinders","7":"product_tag-bucket-cylinders","8":"product_tag-hydraulic-cylinders","10":"first","11":"instock","12":"shipping-taxable","13":"product-type-simple"},"amp_enabled":true,"_links":{"self":[{"href":"https:\/\/www.hydraulic-cylinders.net\/ro\/wp-json\/wp\/v2\/product\/15879","targetHints":{"allow":["GET"]}}],"collection":[{"href":"https:\/\/www.hydraulic-cylinders.net\/ro\/wp-json\/wp\/v2\/product"}],"about":[{"href":"https:\/\/www.hydraulic-cylinders.net\/ro\/wp-json\/wp\/v2\/types\/product"}],"replies":[{"embeddable":true,"href":"https:\/\/www.hydraulic-cylinders.net\/ro\/wp-json\/wp\/v2\/comments?post=15879"}],"wp:featuredmedia":[{"embeddable":true,"href":"https:\/\/www.hydraulic-cylinders.net\/ro\/wp-json\/wp\/v2\/media\/14765"}],"wp:attachment":[{"href":"https:\/\/www.hydraulic-cylinders.net\/ro\/wp-json\/wp\/v2\/media?parent=15879"}],"wp:term":[{"taxonomy":"product_brand","embeddable":true,"href":"https:\/\/www.hydraulic-cylinders.net\/ro\/wp-json\/wp\/v2\/product_brand?post=15879"},{"taxonomy":"product_cat","embeddable":true,"href":"https:\/\/www.hydraulic-cylinders.net\/ro\/wp-json\/wp\/v2\/product_cat?post=15879"},{"taxonomy":"product_tag","embeddable":true,"href":"https:\/\/www.hydraulic-cylinders.net\/ro\/wp-json\/wp\/v2\/product_tag?post=15879"}],"curies":[{"name":"wp","href":"https:\/\/api.w.org\/{rel}","templated":true}]}}