{"id":15880,"date":"2025-01-19T15:06:49","date_gmt":"2025-01-19T15:06:49","guid":{"rendered":"https:\/\/www.hydraulic-cylinders.net\/product\/bucket-cylinder-for-volwa-small-excavator-dls880-8b\/"},"modified":"2025-01-19T15:06:51","modified_gmt":"2025-01-19T15:06:51","slug":"bucket-cylinder-for-volwa-small-excavator-dls880-8b","status":"publish","type":"product","link":"https:\/\/www.hydraulic-cylinders.net\/ro\/produs\/bucket-cylinder-for-volwa-small-excavator-dls880-8b\/","title":{"rendered":"Cilindru cu cup\u0103 pentru excavatorul mic Volwa DLS880-8B"},"content":{"rendered":"<h1>Cilindru cu cup\u0103 pentru excavatorul mic Volwa DLS880-8B<\/h1>\n<h2>Introducere<\/h2>\n<p>Cilindrul cupei este un cilindru hidraulic special conceput, utilizat pentru a controla mi\u0219carea cupei \u00een utilaje grele, cum ar fi excavatoarele, \u00eenc\u0103rc\u0103toarele cu excavator \u0219i \u00eenc\u0103rc\u0103toarele frontale. Func\u021bia sa principal\u0103 este de a permite ridicarea, cobor\u00e2rea \u0219i \u00eenclinarea cupei, ceea ce o face convenabil\u0103 pentru diverse sarcini de manipulare a materialelor. \u00cen sistemul hidraulic, cilindrul cupei realizeaz\u0103 un control precis al cupei prin modific\u0103ri ale presiunii uleiului hidraulic, permi\u021b\u00e2nd operatorilor s\u0103 manipuleze eficient sarcini grele \u0219i s\u0103 se adapteze la medii de lucru complexe \u0219i cerin\u021be diverse ale lucr\u0103rilor.<\/p>\n<p><img decoding=\"async\" src=\"https:\/\/www.hydraulic-cylinders.net\/wp-content\/uploads\/2025\/01\/songte-company-2.webp\"><\/p>\n<h2>Caracteristici<\/h2>\n<ul>\n<li>Rezisten\u021b\u0103 \u0219i durabilitate ridicate: Fabricat de obicei din o\u021bel sau aluminiu de \u00eenalt\u0103 rezisten\u021b\u0103, cilindrul cupei poate rezista la presiuni ridicate \u0219i sarcini grele, adapt\u00e2ndu-se la condi\u021bii dure de lucru. Designul ia \u00een considerare rezisten\u021ba la uzur\u0103 \u0219i la coroziune, prelungindu-i durata de via\u021b\u0103.<\/li>\n<li>Func\u021bionare hidraulic\u0103 eficient\u0103: Utiliz\u00e2nd presiunea uleiului hidraulic, cilindrul cupei realizeaz\u0103 mi\u0219c\u0103ri telescopice line, permi\u021b\u00e2nd un r\u0103spuns rapid la comenzile de control \u0219i oferind for\u021be puternice de \u00eempingere \u0219i tragere, potrivite pentru manipularea sarcinilor grele \u0219i a sarcinilor complexe.<\/li>\n<li>Tipuri versatile: Cilindrii cu ac\u021biune simpl\u0103 (hidraulic utilizat \u00eentr-o singur\u0103 direc\u021bie) sau cu ac\u021biune dubl\u0103 (hidraulic utilizat \u00een ambele direc\u021bii) pot fi ale\u0219i \u00een func\u021bie de nevoile opera\u021bionale specifice. Unele modele sunt telescopice, permi\u021b\u00e2nd o extensie mai mare f\u0103r\u0103 a cre\u0219te dimensiunile exterioare, potrivite pentru aplica\u021bii cu spa\u021biu limitat.<\/li>\n<\/ul>\n<p><img decoding=\"async\" src=\"https:\/\/www.hydraulic-cylinders.net\/wp-content\/uploads\/2025\/01\/songte-cylinder-head-with-all-kinds-excavator-models.webp\"><\/p>\n<h2>Aplica\u021bii<\/h2>\n<p>Cilindrul cu cup\u0103 \u00ee\u0219i g\u0103se\u0219te aplica\u021biile \u00een diverse echipamente:<\/p>\n<ul>\n<li>Utilaje de construc\u021bii: Se g\u0103sesc \u00een excavatoare, acestea sunt vitale pentru s\u0103pare, \u00eenc\u0103rcare \u0219i mutarea solului sau a molozului. La \u00eenc\u0103rc\u0103toarele excavatoare, cilindrul cupei ajut\u0103 at\u00e2t la s\u0103pare, c\u00e2t \u0219i la ridicare.<\/li>\n<li>Ma\u0219ini agricole: utilizate \u00een \u00eenc\u0103rc\u0103toare frontale pentru scobere, ridicare \u0219i transportul solului, f\u00e2nului \u0219i altor materiale.<\/li>\n<li>Excavatoare: Cilindrul cupei permite ac\u021biunile de s\u0103pare permi\u021b\u00e2nd cupei s\u0103 p\u0103trund\u0103 \u00een sol.<\/li>\n<li>\u00cenc\u0103rc\u0103toare: \u00cen cazul \u00eenc\u0103rc\u0103toarelor frontale, acestea ajut\u0103 la ridicarea \u0219i desc\u0103rcarea eficient\u0103 a m\u0103rfurilor.<\/li>\n<\/ul>\n<h2>Considera\u021bii de proiectare \u0219i criterii de selec\u021bie<\/h2>\n<p><img decoding=\"async\" src=\"https:\/\/www.hydraulic-cylinders.net\/wp-content\/uploads\/2025\/01\/songte-oil-pipes-and-spare-parts.webp\"><\/p>\n<p>Considera\u021biile de proiectare \u0219i criteriile de selec\u021bie pentru cilindrul cupei includ:<\/p>\n<ul>\n<li>Capacitate portant\u0103<\/li>\n<li>Eficacitatea etan\u0219\u0103rii<\/li>\n<li>Durabilitate<\/li>\n<li>Siguran\u0163\u0103<\/li>\n<li>Mentenabilitate<\/li>\n<\/ul>\n<h2>Etan\u0219are \u0219i lubrifiere<\/h2>\n<p>Cilindrul cupei utilizeaz\u0103 diverse garnituri, cum ar fi garnituri de piston \u0219i garnituri de tij\u0103, fabricate din materiale rezistente la uzur\u0103, precum poliuretanul \u0219i cauciucul nitrilic. Corpul cilindrului \u0219i capetele filetate sunt supuse unui tratament fin pentru a spori rezisten\u021ba la uzur\u0103. Este necesar\u0103 o lubrifiere regulat\u0103 cu o cantitate adecvat\u0103 de ulei hidraulic.<\/p>\n<h2>Inspec\u021bie \u0219i \u00eentre\u021binere preventiv\u0103<\/h2>\n<p>Pentru o performan\u021b\u0103 optim\u0103, se recomand\u0103 inspec\u021bii regulate \u0219i m\u0103suri de \u00eentre\u021binere preventiv\u0103. Acestea includ:<\/p>\n<ul>\n<li>Instalare corect\u0103<\/li>\n<li>Lubrifiere regulat\u0103<\/li>\n<li>\u00cenlocuirea garniturii<\/li>\n<li>Verific\u0103ri de calibrare<\/li>\n<\/ul>\n<p><img decoding=\"async\" src=\"https:\/\/www.hydraulic-cylinders.net\/wp-content\/uploads\/2025\/01\/songte-chushion-collar.webp\"><\/p>\n<h2>Considera\u021bii de siguran\u021b\u0103 \u0219i factori de mediu<\/h2>\n<p>Trebuie subliniat\u0103 importan\u021ba m\u0103surilor de siguran\u021b\u0103 la utilizarea cilindrului cupei \u00een ceea ce prive\u0219te cuvintele cheie. De asemenea, trebuie lua\u021bi \u00een considerare factorii de mediu pentru a asigura o utilizare responsabil\u0103.<\/p>\n<h2>Depanare \u0219i probleme frecvente<\/h2>\n<p>Ar trebui oferite sfaturi \u0219i solu\u021bii comune de depanare pentru a ajuta cititorii s\u0103 diagnosticheze \u0219i s\u0103 rezolve problemele \u00een mod eficient. Ar trebui sugerate m\u0103suri de precau\u021bie pentru a minimiza poten\u021bialele probleme.<\/p>\n<p><img decoding=\"async\" src=\"https:\/\/www.hydraulic-cylinders.net\/wp-content\/uploads\/2025\/01\/songte-bushings-with-all-kinds-of-excavator-models.webp\"><\/p>\n<h2>Concluzie<\/h2>\n<p>Prin organizarea logic\u0103 a articolului, utilizarea subtitlurilor pentru o navigare u\u0219oar\u0103, \u00eencorporarea de imagini sau diagrame relevante pentru a \u00eembun\u0103t\u0103\u021bi \u00een\u021belegerea \u0219i asigurarea unui con\u021binut clar \u0219i concis, potrivit pentru cititorii cu diferite niveluri de cuno\u0219tin\u021be tehnice, am acoperit diversele aspecte ale cilindrului cupei pentru excavatorul mic Volwa DLS880-8B. Compania noastr\u0103 este specializat\u0103 \u00een fabricarea de cilindri hidraulici de schimb \u0219i este un produc\u0103tor \u0219i distribuitor angro de top pe pie\u021bele interne \u0219i interna\u021bionale. Prioritiz\u0103m excelen\u021ba \u00een calitate \u0219i \u00eembun\u0103t\u0103\u021bim continuu platforma noastr\u0103 de produc\u021bie, calitatea produselor \u0219i satisfac\u021bia clien\u021bilor prin utilizarea expertizei tehnice, a echipamentelor avansate de produc\u021bie \u0219i a sistemelor profesionale de testare.<\/p>\n<p><img decoding=\"async\" src=\"https:\/\/www.hydraulic-cylinders.net\/wp-content\/uploads\/2025\/01\/songte-company-3.webp\"><\/p>\n<p>Autor: lyl<\/p>","protected":false},"excerpt":{"rendered":"<p>Bucket Cylinder For Volwa Small Excavator DLS880-8B Introduction The bucket cylinder is a specially designed hydraulic cylinder used to control the movement of the bucket in heavy machinery such as excavators, backhoe loaders, and front-end loaders. Its main function is to enable the lifting, lowering, and tilting of the bucket, making it convenient for various [&hellip;]<\/p>","protected":false},"featured_media":14762,"comment_status":"open","ping_status":"closed","template":"","meta":{"_et_pb_use_builder":"","_et_pb_old_content":"","_et_gb_content_width":""},"product_brand":[],"product_cat":[1494],"product_tag":[1495,1496],"class_list":{"0":"post-15880","1":"product","2":"type-product","3":"status-publish","4":"has-post-thumbnail","6":"product_cat-bucket-cylinders","7":"product_tag-bucket-cylinders","8":"product_tag-hydraulic-cylinders","10":"first","11":"instock","12":"shipping-taxable","13":"product-type-simple"},"amp_enabled":true,"_links":{"self":[{"href":"https:\/\/www.hydraulic-cylinders.net\/ro\/wp-json\/wp\/v2\/product\/15880","targetHints":{"allow":["GET"]}}],"collection":[{"href":"https:\/\/www.hydraulic-cylinders.net\/ro\/wp-json\/wp\/v2\/product"}],"about":[{"href":"https:\/\/www.hydraulic-cylinders.net\/ro\/wp-json\/wp\/v2\/types\/product"}],"replies":[{"embeddable":true,"href":"https:\/\/www.hydraulic-cylinders.net\/ro\/wp-json\/wp\/v2\/comments?post=15880"}],"wp:featuredmedia":[{"embeddable":true,"href":"https:\/\/www.hydraulic-cylinders.net\/ro\/wp-json\/wp\/v2\/media\/14762"}],"wp:attachment":[{"href":"https:\/\/www.hydraulic-cylinders.net\/ro\/wp-json\/wp\/v2\/media?parent=15880"}],"wp:term":[{"taxonomy":"product_brand","embeddable":true,"href":"https:\/\/www.hydraulic-cylinders.net\/ro\/wp-json\/wp\/v2\/product_brand?post=15880"},{"taxonomy":"product_cat","embeddable":true,"href":"https:\/\/www.hydraulic-cylinders.net\/ro\/wp-json\/wp\/v2\/product_cat?post=15880"},{"taxonomy":"product_tag","embeddable":true,"href":"https:\/\/www.hydraulic-cylinders.net\/ro\/wp-json\/wp\/v2\/product_tag?post=15880"}],"curies":[{"name":"wp","href":"https:\/\/api.w.org\/{rel}","templated":true}]}}