{"id":15890,"date":"2025-01-19T15:07:36","date_gmt":"2025-01-19T15:07:36","guid":{"rendered":"https:\/\/www.hydraulic-cylinders.net\/product\/bucket-cylinder-for-volwa-middle-excavator-dls230-8h\/"},"modified":"2025-01-19T15:07:38","modified_gmt":"2025-01-19T15:07:38","slug":"bucket-cylinder-for-volwa-middle-excavator-dls230-8h","status":"publish","type":"product","link":"https:\/\/www.hydraulic-cylinders.net\/ro\/produs\/bucket-cylinder-for-volwa-middle-excavator-dls230-8h\/","title":{"rendered":"Cilindru cu cup\u0103 pentru excavatorul mijlociu Volwa DLS230-8H"},"content":{"rendered":"<p><!DOCTYPE html><br \/>\n<html><br \/>\n<head><br \/>\n<title>Cilindru cu cup\u0103 pentru excavatorul mijlociu Volwa DLS230-8H<\/title><br \/>\n<\/head><br \/>\n<body><\/p>\n<h1>Cilindru cu cup\u0103 pentru excavatorul mijlociu Volwa DLS230-8H<\/h1>\n<p>Cilindrul cupei este un cilindru hidraulic special conceput, utilizat pentru a controla mi\u0219carea cupei \u00een utilaje grele, cum ar fi excavatoarele, \u00eenc\u0103rc\u0103toarele excavatoare \u0219i \u00eenc\u0103rc\u0103toare frontale. Func\u021bia sa principal\u0103 este de a permite ridicarea, cobor\u00e2rea \u0219i \u00eenclinarea cupei, ceea ce o face potrivit\u0103 pentru diverse sarcini de manipulare a materialelor. \u00cen sistemul hidraulic, cilindrul cupei realizeaz\u0103 un control precis al cupei prin utilizarea schimb\u0103rilor de presiune ale uleiului hidraulic, permi\u021b\u00e2nd operatorilor s\u0103 manipuleze eficient sarcini grele \u0219i s\u0103 se adapteze la medii de lucru complexe \u0219i cerin\u021be diverse ale lucr\u0103rilor.<\/p>\n<p><img decoding=\"async\" src=\"https:\/\/www.hydraulic-cylinders.net\/wp-content\/uploads\/2025\/01\/songte-company-2.webp\" alt=\"Imaginea cilindrului cupei\"><\/p>\n<h2>Caracteristicile cilindrului cupei<\/h2>\n<ul>\n<li>Rezisten\u021b\u0103 \u0219i durabilitate ridicate: De obicei fabricate din o\u021bel sau aluminiu de \u00eenalt\u0103 rezisten\u021b\u0103, capabile s\u0103 reziste la presiuni ridicate \u0219i sarcini grele, potrivite pentru medii de lucru dure. Proiectate \u021bin\u00e2nd cont de rezisten\u021ba la uzur\u0103 \u0219i la coroziune, prelungind durata de via\u021b\u0103.<\/li>\n<li>Func\u021bionare hidraulic\u0103 eficient\u0103: Utilizarea presiunii uleiului hidraulic pentru a ob\u021bine ac\u021biuni line de extensie \u0219i retragere, capabil\u0103 s\u0103 r\u0103spund\u0103 rapid la comenzile de control, oferind for\u021be puternice de \u00eempingere \u0219i tragere, potrivit\u0103 pentru manipularea sarcinilor grele \u0219i a sarcinilor complexe.<\/li>\n<li>Diverse tipuri: Disponibile \u00een cilindri cu ac\u021biune simpl\u0103 (utilizare hidraulic\u0103 \u00eentr-o singur\u0103 direc\u021bie) sau cu ac\u021biune dubl\u0103 (utilizare hidraulic\u0103 \u00een ambele direc\u021bii), \u00een func\u021bie de necesit\u0103\u021bi, permi\u021b\u00e2nd diferite cerin\u021be opera\u021bionale. Unele modele sunt telescopice, permi\u021b\u00e2nd o extensie mai mare f\u0103r\u0103 a cre\u0219te dimensiunile exterioare, potrivite pentru aplica\u021bii cu spa\u021biu limitat.<\/li>\n<li>\u00cenlocuire perfect\u0103: Produsele noastre pot \u00eenlocui perfect ace\u0219ti cilindri hidraulici, oferind performan\u021be fiabile \u0219i compatibilitate.<\/li>\n<\/ul>\n<p><img decoding=\"async\" src=\"https:\/\/www.hydraulic-cylinders.net\/wp-content\/uploads\/2025\/01\/songte-cylinder-head-with-all-kinds-excavator-models.webp\" alt=\"Imagine de \u00eenlocuire a cilindrului cupei\"><\/p>\n<h2>Aplica\u021bii ale cilindrului cupei<\/h2>\n<h3>Echipamente de construc\u021bii:<\/h3>\n<p>\u00cen excavatoare, acestea sunt esen\u021biale pentru excavare, \u00eenc\u0103rcare \u0219i mi\u0219carea solului sau a resturilor. La \u00eenc\u0103rc\u0103toarele cu excavator, cilindrul cupei ajut\u0103 at\u00e2t la s\u0103pare, c\u00e2t \u0219i la ridicare.<\/p>\n<h3>Ma\u0219ini agricole:<\/h3>\n<p>Folosit la \u00eenc\u0103rc\u0103toarele frontale pentru scobere, ridicare \u0219i transportul solului, f\u00e2nului \u0219i altor materiale.<\/p>\n<h3>Excavatoare:<\/h3>\n<p>Cilindrul cupei permite ac\u021biunea de s\u0103pare permi\u021b\u00e2nd cupei s\u0103 p\u0103trund\u0103 \u00een sol.<\/p>\n<h3>\u00cenc\u0103rc\u0103toare frontale:<\/h3>\n<p>\u00cen cazul \u00eenc\u0103rc\u0103toarelor frontale, acestea ajut\u0103 la ridicarea \u0219i desc\u0103rcarea eficient\u0103 a m\u0103rfurilor.<\/p>\n<p><img decoding=\"async\" src=\"https:\/\/www.hydraulic-cylinders.net\/wp-content\/uploads\/2025\/01\/songte-oil-pipes-and-spare-parts.webp\" alt=\"Aplica\u021bii ale cilindrului cupei Imagine\"><\/p>\n<h2>Considera\u021bii de proiectare \u0219i criterii de selec\u021bie<\/h2>\n<ul>\n<li>Capacitate portant\u0103: Discuta\u021bi capacitatea cilindrului de a suporta sarcini.<\/li>\n<li>Etan\u0219are: Explica\u021bi importan\u021ba etan\u0219\u0103rilor pentru prevenirea scurgerilor \u0219i asigurarea func\u021bion\u0103rii eficiente.<\/li>\n<li>Durabilitate: Discuta\u021bi considera\u021biile de proiectare pentru performan\u021b\u0103 de lung\u0103 durat\u0103.<\/li>\n<li>Siguran\u021b\u0103: Eviden\u021bia\u021bi caracteristicile \u0219i considera\u021biile de siguran\u021b\u0103 \u00een proiectarea cilindrului.<\/li>\n<li>\u00centre\u021binere: Discuta\u021bi u\u0219urin\u021ba \u00eentre\u021binerii \u0219i repara\u021biilor pentru cilindru.<\/li>\n<\/ul>\n<p><img decoding=\"async\" src=\"https:\/\/www.hydraulic-cylinders.net\/wp-content\/uploads\/2025\/01\/songte-bushings-with-all-kinds-of-excavator-models.webp\" alt=\"Imagine de design a cilindrului cu g\u0103leat\u0103\"><\/p>\n<h2>Etan\u0219are \u0219i lubrifiere<\/h2>\n<p>\u00cen cilindrul cupei se utilizeaz\u0103 diverse elemente de etan\u0219are, cum ar fi etan\u0219\u0103rile pistonului, etan\u0219\u0103rile tijei etc. Aceste etan\u0219\u0103ri sunt fabricate din materiale rezistente la uzur\u0103, cum ar fi poliuretanul \u0219i cauciucul nitrilic. Corpul cilindrului \u0219i capetele filetate sunt tratate fin pentru a spori rezisten\u021ba la uzur\u0103. Lubrifierea regulat\u0103 cu o cantitate adecvat\u0103 de ulei hidraulic este necesar\u0103 pentru a asigura o func\u021bionare f\u0103r\u0103 probleme.<\/p>\n<h2>Inspec\u021bie regulat\u0103 \u0219i m\u0103suri de \u00eentre\u021binere preventiv\u0103<\/h2>\n<p>1. Verifica\u021bi periodic toate componentele pentru a depista semne de uzur\u0103 \u0219i deteriorare.<\/p>\n<p>2. Lubrifia\u021bi corespunz\u0103tor toate piesele mobile pentru a asigura o func\u021bionare f\u0103r\u0103 probleme.<\/p>\n<p>3. Verifica\u021bi \u0219i \u00eenlocui\u021bi garniturile, dac\u0103 este necesar, pentru a preveni scurgerile.<\/p>\n<p><img decoding=\"async\" src=\"https:\/\/www.hydraulic-cylinders.net\/wp-content\/uploads\/2025\/01\/songte-chushion-collar.webp\" alt=\"Imagine de \u00eentre\u021binere a cilindrului cupei\"><\/p>\n<h2>Ghid de instalare corect\u0103<\/h2>\n<p>1. Alinia\u021bi corect cilindrul \u00een timpul instal\u0103rii.<\/p>\n<p>2. Folosi\u021bi console de instalare adecvate pentru a fixa cilindrul.<\/p>\n<p>3. Urma\u021bi procedurile recomandate de inspec\u021bie, reparare \u0219i \u00eenlocuire.<\/p>\n<p>4. Oferi\u021bi sfaturi pentru prelungirea duratei de via\u021b\u0103 a cilindrului, cum ar fi \u00eentre\u021binerea regulat\u0103 \u0219i utilizarea corect\u0103.<\/p>\n<h2>Considera\u021bii de siguran\u021b\u0103 \u0219i factori de mediu<\/h2>\n<p>Discuta\u021bi importan\u021ba m\u0103surilor de siguran\u021b\u0103 la utilizarea cilindrului cupei \u0219i lua\u021bi \u00een considerare factorii de mediu care \u00eei pot afecta performan\u021ba.<\/p>\n<h2>Diagnosticarea defec\u021biunilor \u0219i probleme frecvente<\/h2>\n<p>1. Discuta\u021bi defec\u021biunile comune \u0219i oferi\u021bi sfaturi de depanare.<\/p>\n<p>2. Oferi\u021bi solu\u021bii pentru diagnosticarea \u0219i rezolvarea eficient\u0103 a problemelor.<\/p>\n<p>3. Prezenta\u021bi m\u0103suri preventive pentru a minimiza poten\u021bialele probleme.<\/p>\n<p><img decoding=\"async\" src=\"https:\/\/www.hydraulic-cylinders.net\/wp-content\/uploads\/2025\/01\/songte-company-1.webp\" alt=\"Imagine de defec\u021biuni ale cilindrului cupei\"><\/p>\n<h2>Concluzie<\/h2>\n<p>Rezuma\u021bi punctele cheie discutate \u00een articol.<\/p>\n<p>\u00cen final, v\u0103 prezent\u0103m compania noastr\u0103:<\/p>\n<p><img decoding=\"async\" src=\"https:\/\/www.hydraulic-cylinders.net\/wp-content\/uploads\/2025\/01\/songte-company-3.webp\" alt=\"Imaginea companiei\"><\/p>\n<p>Suntem un produc\u0103tor \u0219i distribuitor angro de top de cilindri hidraulici pe pie\u021bele interne \u0219i interna\u021bionale. Ader\u0103m la excelen\u021b\u0103 \u00een calitate \u0219i ne baz\u0103m pe strategii industrializate de management al produc\u021biei \u00een atelierele noastre avansate de fabrica\u021bie. Compania noastr\u0103 \u00eembun\u0103t\u0103\u021be\u0219te continuu platforma de fabrica\u021bie, perfec\u021bioneaz\u0103 procesul de produc\u021bie al calit\u0103\u021bii produselor \u0219i are capacit\u0103\u021bi inovatoare puternice. Prioritiz\u0103m principiile eficien\u021bei, preciziei \u0219i calit\u0103\u021bii \u00eenalte pentru a satisface nevoile diverse ale clien\u021bilor.<\/p>\n<p>Further expand on the company&#8217;s professionalism, international certifications, custom services, production equipment, and after-sales services.<\/p>\n<p>Autor: lyl<\/p>\n<p><\/body><br \/>\n<\/html><\/p>","protected":false},"excerpt":{"rendered":"<p>Bucket Cylinder For Volwa Middle Excavator DLS230-8H Bucket Cylinder For Volwa Middle Excavator DLS230-8H Bucket Cylinder is a specially designed hydraulic cylinder used to control the movement of the bucket in heavy machinery such as excavators, backhoe loaders, and wheel loaders. Its main function is to enable the lifting, lowering, and tilting of the bucket, [&hellip;]<\/p>","protected":false},"featured_media":14776,"comment_status":"open","ping_status":"closed","template":"","meta":{"_et_pb_use_builder":"","_et_pb_old_content":"","_et_gb_content_width":""},"product_brand":[],"product_cat":[1494],"product_tag":[1495,1496],"class_list":{"0":"post-15890","1":"product","2":"type-product","3":"status-publish","4":"has-post-thumbnail","6":"product_cat-bucket-cylinders","7":"product_tag-bucket-cylinders","8":"product_tag-hydraulic-cylinders","10":"first","11":"instock","12":"shipping-taxable","13":"product-type-simple"},"amp_enabled":true,"_links":{"self":[{"href":"https:\/\/www.hydraulic-cylinders.net\/ro\/wp-json\/wp\/v2\/product\/15890","targetHints":{"allow":["GET"]}}],"collection":[{"href":"https:\/\/www.hydraulic-cylinders.net\/ro\/wp-json\/wp\/v2\/product"}],"about":[{"href":"https:\/\/www.hydraulic-cylinders.net\/ro\/wp-json\/wp\/v2\/types\/product"}],"replies":[{"embeddable":true,"href":"https:\/\/www.hydraulic-cylinders.net\/ro\/wp-json\/wp\/v2\/comments?post=15890"}],"wp:featuredmedia":[{"embeddable":true,"href":"https:\/\/www.hydraulic-cylinders.net\/ro\/wp-json\/wp\/v2\/media\/14776"}],"wp:attachment":[{"href":"https:\/\/www.hydraulic-cylinders.net\/ro\/wp-json\/wp\/v2\/media?parent=15890"}],"wp:term":[{"taxonomy":"product_brand","embeddable":true,"href":"https:\/\/www.hydraulic-cylinders.net\/ro\/wp-json\/wp\/v2\/product_brand?post=15890"},{"taxonomy":"product_cat","embeddable":true,"href":"https:\/\/www.hydraulic-cylinders.net\/ro\/wp-json\/wp\/v2\/product_cat?post=15890"},{"taxonomy":"product_tag","embeddable":true,"href":"https:\/\/www.hydraulic-cylinders.net\/ro\/wp-json\/wp\/v2\/product_tag?post=15890"}],"curies":[{"name":"wp","href":"https:\/\/api.w.org\/{rel}","templated":true}]}}