{"id":15898,"date":"2025-01-19T15:08:16","date_gmt":"2025-01-19T15:08:16","guid":{"rendered":"https:\/\/www.hydraulic-cylinders.net\/product\/bucket-cylinder-for-volwa-cane-unloader-dls100-9a\/"},"modified":"2025-01-19T15:08:18","modified_gmt":"2025-01-19T15:08:18","slug":"bucket-cylinder-for-volwa-cane-unloader-dls100-9a","status":"publish","type":"product","link":"https:\/\/www.hydraulic-cylinders.net\/ro\/produs\/bucket-cylinder-for-volwa-cane-unloader-dls100-9a\/","title":{"rendered":"Cilindru cu cup\u0103 pentru desc\u0103rcatorul de trestie de zah\u0103r Volwa DLS100-9A"},"content":{"rendered":"<h1>Cilindru cu cup\u0103 pentru desc\u0103rcatorul de trestie de zah\u0103r Volwa DLS100-9A<\/h1>\n<h2>Introducere<\/h2>\n<p>Cilindrul cupei este un cilindru hidraulic special conceput, utilizat pentru a controla mi\u0219carea cupei \u00een utilaje grele, cum ar fi excavatoarele, \u00eenc\u0103rc\u0103toarele cu buldoexcavatoare \u0219i \u00eenc\u0103rc\u0103toarele frontale. Func\u021bia sa principal\u0103 este de a permite ridicarea, cobor\u00e2rea \u0219i \u00eenclinarea cupei pentru diverse sarcini de manipulare a materialelor. \u00centr-un sistem hidraulic, cilindrul cupei realizeaz\u0103 un control precis al cupei prin utilizarea modific\u0103rilor presiunii uleiului hidraulic, permi\u021b\u00e2nd operatorilor s\u0103 manipuleze eficient sarcini grele \u0219i s\u0103 se adapteze la medii de lucru complexe \u0219i cerin\u021be diverse ale lucr\u0103rilor.<\/p>\n<p><img decoding=\"async\" src=\"https:\/\/www.hydraulic-cylinders.net\/wp-content\/uploads\/2025\/01\/songte-company-2.webp\" alt=\"Imaginea cilindrului cupei\"><\/p>\n<h2>Caracteristici<\/h2>\n<ul>\n<li>Rezisten\u021b\u0103 \u0219i durabilitate ridicate: Fabricat de obicei din o\u021bel sau aluminiu de \u00eenalt\u0103 rezisten\u021b\u0103, cilindrul cupei poate rezista la presiuni ridicate \u0219i sarcini grele, adapt\u00e2ndu-se la medii de lucru dure. Designul s\u0103u ia \u00een considerare rezisten\u021ba la uzur\u0103 \u0219i la coroziune, prelungindu-i durata de via\u021b\u0103.<\/li>\n<li>Func\u021bionare hidraulic\u0103 eficient\u0103: Prin utilizarea presiunii uleiului hidraulic, cilindrul cupei realizeaz\u0103 ac\u021biuni line de extensie \u0219i retragere, permi\u021b\u00e2nd un r\u0103spuns rapid la comenzile de control \u0219i oferind for\u021be puternice de \u00eempingere \u0219i tragere, potrivite pentru manipularea sarcinilor grele \u0219i a sarcinilor complexe.<\/li>\n<li>Diverse tipuri: Cilindrii cupei pot fi selecta\u021bi ca cilindri cu ac\u021biune simpl\u0103 (hidraulici utiliza\u021bi doar \u00eentr-o singur\u0103 direc\u021bie) sau cu ac\u021biune dubl\u0103 (hidraulici utiliza\u021bi \u00een ambele direc\u021bii) pentru a satisface diferite nevoi opera\u021bionale. Unele modele sunt telescopice, permi\u021b\u00e2nd o extensie mai mare f\u0103r\u0103 a cre\u0219te dimensiunile exterioare, ceea ce le face potrivite pentru aplica\u021bii cu spa\u021biu limitat.<\/li>\n<li>\u00cenlocuire perfect\u0103: Produsele noastre pot \u00eenlocui perfect cilindrii hidraulici existen\u021bi, oferind o solu\u021bie fiabil\u0103 pentru diverse aplica\u021bii.<\/li>\n<\/ul>\n<p><img decoding=\"async\" src=\"https:\/\/www.hydraulic-cylinders.net\/wp-content\/uploads\/2025\/01\/songte-cylinder-head-with-all-kinds-excavator-models.webp\" alt=\"Imagine cilindru de schimb\"><\/p>\n<h2>Aplica\u021bii<\/h2>\n<p>Cilindrii cu cup\u0103 sunt utiliza\u021bi \u00een mod obi\u0219nuit \u00een urm\u0103toarele echipamente:<\/p>\n<h3>Echipamente de construc\u021bii:<\/h3>\n<p>\u00cen excavatoare, acestea sunt esen\u021biale pentru excavare, \u00eenc\u0103rcare \u0219i mi\u0219carea materialelor. \u00cen buldoexcavatoarele, cilindrii cupei ajut\u0103 at\u00e2t la s\u0103pare, c\u00e2t \u0219i la ridicare.<\/p>\n<h3>Ma\u0219ini agricole:<\/h3>\n<p>Utilizate \u00een \u00eenc\u0103rc\u0103toarele frontale, acestea se ocup\u0103 de scobere, ridicare \u0219i transportul solului, f\u00e2nului \u0219i al altor materiale.<\/p>\n<h3>Excavatoare:<\/h3>\n<p>Cilindrii cupei permit ac\u021biunile de s\u0103pare permi\u021b\u00e2nd cupei s\u0103 p\u0103trund\u0103 \u00een sol.<\/p>\n<h3>\u00cenc\u0103rc\u0103toare:<\/h3>\n<p>\u00cen cazul \u00eenc\u0103rc\u0103toarelor frontale, acestea ajut\u0103 la ridicarea \u0219i desc\u0103rcarea eficient\u0103 a m\u0103rfurilor.<\/p>\n<p><img decoding=\"async\" src=\"https:\/\/www.hydraulic-cylinders.net\/wp-content\/uploads\/2025\/01\/songte-bushings-with-all-kinds-of-excavator-models.webp\" alt=\"Aplica\u021bii ale imaginii cilindrice\"><\/p>\n<h2>Considera\u021bii de proiectare \u0219i criterii de selec\u021bie<\/h2>\n<p>La proiectarea cilindrilor cupei, trebuie lua\u021bi \u00een considerare mai mul\u021bi factori:<\/p>\n<ul>\n<li>Capacitate portant\u0103: Cilindrul trebuie proiectat s\u0103 suporte sarcina prev\u0103zut\u0103 f\u0103r\u0103 a se defecta.<\/li>\n<li>Etan\u0219are: Pentru a asigura o etan\u0219are corect\u0103 \u0219i a preveni scurgerile de ulei, trebuie utilizate diverse componente de etan\u0219are, cum ar fi etan\u0219\u0103rile pistonului \u0219i etan\u0219\u0103rile tijei.<\/li>\n<li>Durabilitate: Cilindrul trebuie s\u0103 fie durabil \u0219i rezistent la uzur\u0103, asigur\u00e2nd o durat\u0103 lung\u0103 de via\u021b\u0103.<\/li>\n<li>Siguran\u021b\u0103: \u00cen proiectarea cilindrului trebuie \u00eencorporate caracteristici de siguran\u021b\u0103 pentru a preveni accidentele \u0219i a asigura protec\u021bia operatorului.<\/li>\n<li>\u00centre\u021binere: Cilindrul trebuie proiectat pentru o \u00eentre\u021binere u\u0219oar\u0103, permi\u021b\u00e2nd inspec\u021bia, repararea \u0219i \u00eenlocuirea convenabil\u0103 a componentelor.<\/li>\n<\/ul>\n<p><img decoding=\"async\" src=\"https:\/\/www.hydraulic-cylinders.net\/wp-content\/uploads\/2025\/01\/songte-oil-pipes-and-spare-parts.webp\" alt=\"Considera\u021bii de design Imagine\"><\/p>\n<h2>Etan\u0219are \u0219i lubrifiere<\/h2>\n<p>Cilindrul cupei utilizeaz\u0103 diverse componente de etan\u0219are, inclusiv etan\u0219\u0103ri pentru piston \u0219i etan\u0219\u0103ri pentru tij\u0103. Aceste etan\u0219\u0103ri sunt fabricate din materiale rezistente la uzur\u0103, cum ar fi poliuretanul \u0219i cauciucul nitrilic. Corpul cilindrului \u0219i capetele filetate sunt tratate fin pentru a spori rezisten\u021ba la uzur\u0103. Lubrifierea regulat\u0103 cu cantitatea adecvat\u0103 de ulei hidraulic este necesar\u0103 pentru a asigura o func\u021bionare lin\u0103 \u0219i a prelungi durata de via\u021b\u0103 a cilindrului.<\/p>\n<h2>Inspec\u021bie regulat\u0103 \u0219i \u00eentre\u021binere preventiv\u0103<\/h2>\n<p>Pentru a men\u021bine performan\u021ba optim\u0103, inspec\u021biile regulate \u0219i \u00eentre\u021binerea preventiv\u0103 sunt esen\u021biale. Iat\u0103 c\u00e2teva m\u0103suri recomandate:<\/p>\n<ul>\n<li>Verifica\u021bi cilindrul pentru a depista orice semne de deteriorare sau uzur\u0103.<\/li>\n<li>Asigura\u021bi lubrifierea corespunz\u0103toare a tuturor pieselor mobile.<\/li>\n<li>\u00cenlocui\u021bi garniturile uzate sau deteriorate pentru a preveni scurgerile de ulei.<\/li>\n<li>Efectua\u021bi verific\u0103ri de calibrare pentru a asigura o func\u021bionare corect\u0103.<\/li>\n<\/ul>\n<p><img decoding=\"async\" src=\"https:\/\/www.hydraulic-cylinders.net\/wp-content\/uploads\/2025\/01\/songte-chushion-collar.webp\" alt=\"Imagine cu sfaturi de \u00eentre\u021binere\"><\/p>\n<h2>Considera\u021bii de siguran\u021b\u0103 \u0219i factori de mediu<\/h2>\n<p>Atunci c\u00e2nd se utilizeaz\u0103 cilindri pentru cupe, este important s\u0103 se acorde prioritate m\u0103surilor de siguran\u021b\u0103 pentru a preveni accidentele \u0219i a asigura bun\u0103starea operatorilor. Respectarea protocoalelor \u0219i instruc\u021biunilor de siguran\u021b\u0103 este crucial\u0103 pentru men\u021binerea unui mediu de lucru sigur. \u00cen plus, luarea \u00een considerare a factorilor de mediu, cum ar fi eliminarea corect\u0103 a fluidelor hidraulice \u0219i respectarea reglement\u0103rilor de mediu, este esen\u021bial\u0103 pentru opera\u021biuni sustenabile.<\/p>\n<h2>Depanare \u0219i probleme frecvente<\/h2>\n<p>Utilizatorii cilindrilor de cup\u0103 pot \u00eent\u00e2mpina diverse probleme. Iat\u0103 c\u00e2teva sfaturi \u0219i solu\u021bii de depanare:<\/p>\n<ul>\n<li>Dac\u0103 cilindrul nu se extinde sau nu se retrage, verifica\u021bi dac\u0103 exist\u0103 scurgeri de ulei hidraulic \u0219i asigura\u021bi-v\u0103 c\u0103 nivelurile de ulei sunt corecte.<\/li>\n<li>Dac\u0103 cilindrul func\u021bioneaz\u0103 lent, verifica\u021bi dac\u0103 exist\u0103 restric\u021bii \u00een sistemul hidraulic \u0219i asigura\u021bi-v\u0103 c\u0103 uleiul este la temperatura corect\u0103.<\/li>\n<li>Dac\u0103 exist\u0103 zgomot excesiv \u00een timpul func\u021bion\u0103rii, verifica\u021bi dac\u0103 exist\u0103 componente sl\u0103bite sau uzate \u0219i str\u00e2nge\u021bi sau \u00eenlocui\u021bi dup\u0103 cum este necesar.<\/li>\n<\/ul>\n<p><img decoding=\"async\" src=\"https:\/\/www.hydraulic-cylinders.net\/wp-content\/uploads\/2025\/01\/songte-company-1.webp\" alt=\"Sfaturi de depanare a datelor (imagine)\"><\/p>\n<h2>Prezentare general\u0103 a companiei<\/h2>\n<p>Suntem un produc\u0103tor \u0219i distribuitor angro de top de cilindri hidraulici, specializa\u021bi \u00een furnizarea de solu\u021bii de \u00eenlocuire. Gama noastr\u0103 complet\u0103 de produse ne-a transformat \u00eentr-un nume de \u00eencredere pe pie\u021bele interne \u0219i interna\u021bionale. Concentr\u00e2ndu-ne pe excelen\u021b\u0103 \u0219i utiliz\u00e2nd facilit\u0103\u021bi de produc\u021bie avansate, ne \u00eembun\u0103t\u0103\u021bim continuu platformele de produc\u021bie, asigur\u00e2nd o eficien\u021b\u0103 ridicat\u0103, precizie \u0219i calitate pentru a satisface diversele nevoi ale clien\u021bilor.<\/p>\n<p><img decoding=\"async\" src=\"https:\/\/www.hydraulic-cylinders.net\/wp-content\/uploads\/2025\/01\/songte-company-3.webp\" alt=\"Imaginea companiei\"><\/p>\n<p>Compania noastr\u0103 se remarc\u0103 prin:<\/p>\n<ul>\n<li>Profesionalism<\/li>\n<li>Certific\u0103ri interna\u021bionale<\/li>\n<li>Servicii de personalizare<\/li>\n<li>Echipamente de produc\u021bie de ultim\u0103 genera\u021bie<\/li>\n<li>Servicii post-v\u00e2nzare<\/li>\n<\/ul>\n<p>Ne m\u00e2ndrim cu faptul c\u0103 oferim produse \u0219i servicii superioare. Colabora\u021bi cu noi pentru toate nevoile dumneavoastr\u0103 legate de cilindrii hidraulici.<\/p>\n<p>Autor: lyl<\/p>","protected":false},"excerpt":{"rendered":"<p>Bucket Cylinder For Volwa Cane Unloader DLS100-9A Introduction The bucket cylinder is a specially designed hydraulic cylinder used to control the movement of the bucket in heavy machinery such as excavators, backhoe loaders, and front loaders. Its main function is to enable the lifting, lowering, and tilting of the bucket for various material handling tasks. [&hellip;]<\/p>","protected":false},"featured_media":14788,"comment_status":"open","ping_status":"closed","template":"","meta":{"_et_pb_use_builder":"","_et_pb_old_content":"","_et_gb_content_width":""},"product_brand":[],"product_cat":[1494],"product_tag":[1495,1496],"class_list":{"0":"post-15898","1":"product","2":"type-product","3":"status-publish","4":"has-post-thumbnail","6":"product_cat-bucket-cylinders","7":"product_tag-bucket-cylinders","8":"product_tag-hydraulic-cylinders","10":"first","11":"instock","12":"shipping-taxable","13":"product-type-simple"},"amp_enabled":true,"_links":{"self":[{"href":"https:\/\/www.hydraulic-cylinders.net\/ro\/wp-json\/wp\/v2\/product\/15898","targetHints":{"allow":["GET"]}}],"collection":[{"href":"https:\/\/www.hydraulic-cylinders.net\/ro\/wp-json\/wp\/v2\/product"}],"about":[{"href":"https:\/\/www.hydraulic-cylinders.net\/ro\/wp-json\/wp\/v2\/types\/product"}],"replies":[{"embeddable":true,"href":"https:\/\/www.hydraulic-cylinders.net\/ro\/wp-json\/wp\/v2\/comments?post=15898"}],"wp:featuredmedia":[{"embeddable":true,"href":"https:\/\/www.hydraulic-cylinders.net\/ro\/wp-json\/wp\/v2\/media\/14788"}],"wp:attachment":[{"href":"https:\/\/www.hydraulic-cylinders.net\/ro\/wp-json\/wp\/v2\/media?parent=15898"}],"wp:term":[{"taxonomy":"product_brand","embeddable":true,"href":"https:\/\/www.hydraulic-cylinders.net\/ro\/wp-json\/wp\/v2\/product_brand?post=15898"},{"taxonomy":"product_cat","embeddable":true,"href":"https:\/\/www.hydraulic-cylinders.net\/ro\/wp-json\/wp\/v2\/product_cat?post=15898"},{"taxonomy":"product_tag","embeddable":true,"href":"https:\/\/www.hydraulic-cylinders.net\/ro\/wp-json\/wp\/v2\/product_tag?post=15898"}],"curies":[{"name":"wp","href":"https:\/\/api.w.org\/{rel}","templated":true}]}}