{"id":15903,"date":"2025-01-19T15:08:36","date_gmt":"2025-01-19T15:08:36","guid":{"rendered":"https:\/\/www.hydraulic-cylinders.net\/product\/bucket-cylinder-for-volwa-cane-unloader-dls118-9a\/"},"modified":"2025-01-19T15:08:38","modified_gmt":"2025-01-19T15:08:38","slug":"bucket-cylinder-for-volwa-cane-unloader-dls118-9a","status":"publish","type":"product","link":"https:\/\/www.hydraulic-cylinders.net\/ro\/produs\/bucket-cylinder-for-volwa-cane-unloader-dls118-9a\/","title":{"rendered":"Cilindru cu cup\u0103 pentru desc\u0103rcatorul de trestie de zah\u0103r Volwa DLS118-9A"},"content":{"rendered":"<h1>Cilindru cu cup\u0103 pentru desc\u0103rcatorul de trestie de zah\u0103r Volwa DLS118-9A<\/h1>\n<h2>Introducere<\/h2>\n<p>Cilindrul cupei pentru desc\u0103rc\u0103torul de trestie de zah\u0103r Volwa DLS118-9A este un tip de cilindru hidraulic specializat, conceput \u00een principal pentru a controla mi\u0219carea lope\u021bilor \u00een utilaje grele, cum ar fi excavatoarele, excavatoarele cu buldoexcavatoare \u0219i \u00eenc\u0103rc\u0103toare frontale. Func\u021bia sa principal\u0103 este de a permite ridicarea, cobor\u00e2rea \u0219i \u00eenclinarea lope\u021bii, facilit\u00e2nd astfel gestionarea diverselor sarcini de manipulare a materialelor. \u00cen sistemul hidraulic, cilindrul cupei realizeaz\u0103 un control precis al lope\u021bii prin varia\u021bia presiunii uleiului hidraulic, permi\u021b\u00e2nd operatorilor s\u0103 manipuleze eficient sarcini grele \u0219i s\u0103 se adapteze la medii de lucru complexe \u0219i cerin\u021be opera\u021bionale diverse.<\/p>\n<p><img decoding=\"async\" src=\"https:\/\/www.hydraulic-cylinders.net\/wp-content\/uploads\/2025\/01\/songte-company-2.webp\" alt=\"Cilindru cu cup\u0103\" \/><\/p>\n<h2>Caracteristici<\/h2>\n<ul>\n<li>Rezisten\u021b\u0103 \u0219i durabilitate ridicate: De obicei, fabricate din o\u021bel sau aluminiu de \u00eenalt\u0103 rezisten\u021b\u0103, capabile s\u0103 reziste la presiuni ridicate \u0219i sarcini grele, adapt\u00e2ndu-se la medii de lucru dure \u0219i proiectate av\u00e2nd \u00een vedere rezisten\u021ba la uzur\u0103 \u0219i la coroziune pentru a prelungi durata de via\u021b\u0103.<\/li>\n<li>Func\u021bionare hidraulic\u0103 eficient\u0103: Utilizarea presiunii uleiului hidraulic pentru a ob\u021bine o extensie \u0219i retragere lin\u0103, r\u0103spunz\u00e2nd rapid la comenzile de control, oferind o for\u021b\u0103 puternic\u0103 de \u00eempingere \u0219i tragere, potrivit\u0103 pentru manipularea sarcinilor grele \u0219i a sarcinilor opera\u021bionale complexe.<\/li>\n<li>Diverse tipuri: Un cilindru cu ac\u021biune simpl\u0103 (folose\u0219te sistemul hidraulic \u00eentr-o singur\u0103 direc\u021bie) sau cu ac\u021biune dubl\u0103 (folose\u0219te sistemul hidraulic \u00een ambele direc\u021bii) poate fi selectat \u00een func\u021bie de cerin\u021be pentru a satisface diferite nevoi opera\u021bionale. Unele modele sunt telescopice, permi\u021b\u00e2nd o extensie mai mare f\u0103r\u0103 a cre\u0219te dimensiunile exterioare, potrivite pentru aplica\u021bii cu spa\u021biu limitat.<\/li>\n<li>\u00cenlocuire u\u0219oar\u0103: Produsul nostru poate \u00eenlocui perfect ace\u0219ti cilindri hidraulici.<\/li>\n<\/ul>\n<p><img decoding=\"async\" src=\"https:\/\/www.hydraulic-cylinders.net\/wp-content\/uploads\/2025\/01\/songte-cylinder-head-with-all-kinds-excavator-models.webp\" alt=\"\u00cenlocuirea cilindrului cupei\" \/><\/p>\n<h2>Aplica\u021bii<\/h2>\n<p>Cilindrul cu cup\u0103 pentru desc\u0103rc\u0103torul de trestie Volwa DLS118-9A are o gam\u0103 larg\u0103 de aplica\u021bii, inclusiv:<\/p>\n<ul>\n<li>Echipamente de construc\u021bii: \u00cen excavatoare, acestea sunt esen\u021biale pentru s\u0103parea, \u00eenc\u0103rcarea \u0219i mutarea solului sau a resturilor. \u00cen excavatoarele cu buldoexcavatoare, cilindrii lope\u021bii ajut\u0103 at\u00e2t la s\u0103pare, c\u00e2t \u0219i la ridicare. \u00cen \u00eenc\u0103rc\u0103toarele frontale, ace\u0219tia ajut\u0103 la ridicare \u0219i \u00eenclinare pentru \u00eenc\u0103rcarea \u0219i desc\u0103rcarea eficient\u0103 a m\u0103rfurilor.<\/li>\n<li>Ma\u0219ini agricole: utilizate la \u00eenc\u0103rc\u0103toarele frontale pentru a scoate, ridica \u0219i transporta sol, f\u00e2n \u0219i alte materiale. La excavatoare, cilindrul lope\u021bii realizeaz\u0103 excavarea permi\u021b\u00e2nd lope\u021bii s\u0103 p\u0103trund\u0103 \u00een sol. <\/li>\n<\/ul>\n<h2>Considera\u021bii de proiectare \u0219i criterii de selec\u021bie<\/h2>\n<p>La proiectarea cilindrilor pentru cupe, considera\u021biile cheie includ capacitatea de \u00eenc\u0103rcare, etan\u0219area, durabilitatea, siguran\u021ba \u0219i mentenan\u021ba. <\/p>\n<ul>\n<li>Capacitate de \u00eenc\u0103rcare: Cilindrul trebuie s\u0103 fie capabil s\u0103 suporte sarcinile pe care se a\u0219teapt\u0103 s\u0103 le \u00eent\u00e2mpine, men\u021bin\u00e2ndu-\u0219i \u00een acela\u0219i timp integritatea structural\u0103.<\/li>\n<li>Etan\u0219are: Diverse componente de etan\u0219are, cum ar fi etan\u0219\u0103rile pistonului, etan\u0219\u0103rile tijei etc., fabricate din materiale rezistente la uzur\u0103, cum ar fi poliuretanul, cauciucul nitrilic etc., sunt utilizate pentru a asigura o func\u021bionare f\u0103r\u0103 scurgeri \u0219i a preveni contaminarea fluidului hidraulic.<\/li>\n<li>Durabilitate: Cilindrul trebuie s\u0103 fie proiectat pentru a rezista la condi\u021bii dure de mediu, cum ar fi c\u0103ldura, frigul, umiditatea etc., pentru a preveni coroziunea \u0219i a prelungi durata de via\u021b\u0103 a cilindrului. <\/li>\n<li>Siguran\u021b\u0103: Cilindrul trebuie s\u0103 fie proiectat cu elemente de siguran\u021b\u0103, cum ar fi supape de suprapresiune, \u00eentrerup\u0103toare de oprire de urgen\u021b\u0103 etc., pentru a preveni accidentele \u0219i a asigura siguran\u021ba operatorilor \u0219i a utilajelor. <\/li>\n<li>\u00centre\u021binere: Cilindrul trebuie s\u0103 fie proiectat astfel \u00eenc\u00e2t s\u0103 permit\u0103 \u00eentre\u021binerea \u0219i repararea u\u0219oar\u0103, inclusiv dezasamblarea, \u00eenlocuirea componentelor \u0219i reasamblarea u\u0219oar\u0103. <\/li>\n<\/ul>\n<p><img decoding=\"async\" src=\"https:\/\/www.hydraulic-cylinders.net\/wp-content\/uploads\/2025\/01\/songte-oil-pipes-and-spare-parts.webp\" alt=\"Piese de schimb\" \/><\/p>\n<h2>Etan\u0219are \u0219i lubrifiere<\/h2>\n<p>Diverse componente de etan\u0219are, cum ar fi etan\u0219\u0103rile pistonului, etan\u0219\u0103rile tijei etc., fabricate din materiale rezistente la uzur\u0103, cum ar fi poliuretanul, cauciucul nitrilic etc., sunt utilizate pentru a asigura o func\u021bionare f\u0103r\u0103 scurgeri \u0219i a preveni contaminarea fluidului hidraulic. Lubrifierea regulat\u0103 cu o cantitate adecvat\u0103 de ulei hidraulic este necesar\u0103 pentru a men\u021bine o func\u021bionare lin\u0103 \u0219i a prelungi durata de via\u021b\u0103 a cilindrului. <\/p>\n<h2>\u00centre\u021binere \u0219i m\u0103suri preventive<\/h2>\n<p>Verifica\u021bi \u0219i \u00eentre\u021bine\u021bi periodic cilindrul cupei pentru desc\u0103rc\u0103torul de trestie de zah\u0103r Volwa DLS118-9A pentru a asigura performan\u021ba optim\u0103 \u0219i a prelungi durata de via\u021b\u0103 a acestuia. Sarcinile comune de \u00eentre\u021binere includ:<\/p>\n<ul>\n<li>Inspec\u021bie regulat\u0103<\/li>\n<li>Lubrifiere adecvat\u0103<\/li>\n<li>\u00cenlocuirea garniturii<\/li>\n<li>Verificare calibrare<\/li>\n<\/ul>\n<p>\u00cen timpul instal\u0103rii, este esen\u021bial s\u0103 se ofere \u00eendrum\u0103ri adecvate pentru alinierea cilindrului, s\u0103 se utilizeze console de instalare adecvate pentru fixarea cilindrului \u0219i s\u0103 se urmeze procedurile recomandate de inspec\u021bie, reparare \u0219i \u00eenlocuire pentru a asigura performan\u021be optime \u0219i longevitate. <\/p>\n<p><img decoding=\"async\" src=\"https:\/\/www.hydraulic-cylinders.net\/wp-content\/uploads\/2025\/01\/songte-chushion-collar.webp\" alt=\"Guler de pern\u0103\" \/><\/p>\n<h2>Considera\u021bii de siguran\u021b\u0103 \u0219i factori de mediu<\/h2>\n<p>C\u00e2nd utiliza\u021bi cilindrul cupei pentru desc\u0103rc\u0103torul de trestie de zah\u0103r Volwa DLS118-9A, este esen\u021bial s\u0103 respecta\u021bi m\u0103surile de siguran\u021b\u0103 pentru a preveni accidentele, a asigura siguran\u021ba operatorului \u0219i a proteja mediul \u00eenconjur\u0103tor. <\/p>\n<h2>Depanare \u0219i probleme frecvente<\/h2>\n<p>Problemele frecvente care pot ap\u0103rea la utilizarea cilindrului cupei pentru desc\u0103rc\u0103torul de trestie Volwa DLS118-9A includ scurgeri, func\u021bionare defectuoas\u0103 \u0219i zgomot. \u00centre\u021binerea regulat\u0103 poate ajuta la prevenirea acestor probleme. Sfaturi de depanare \u0219i solu\u021bii sunt urm\u0103toarele:<\/p>\n<ul>\n<li>Scurgeri: Verifica\u021bi dac\u0103 garniturile sunt deteriorate sau uzate \u0219i \u00eenlocui\u021bi-le. <\/li>\n<li>Defec\u021biuni: Verifica\u021bi dac\u0103 exist\u0103 \u00eenfundare, deteriorare sau uzur\u0103 a componentelor interne \u0219i repara\u021bi-le sau \u00eenlocui\u021bi-le. <\/li>\n<li>Zgomot: Verifica\u021bi dac\u0103 exist\u0103 componente sl\u0103bite sau deteriorate \u0219i str\u00e2nge\u021bi-le sau \u00eenlocui\u021bi-le. <\/li>\n<\/ul>\n<p><img decoding=\"async\" src=\"https:\/\/www.hydraulic-cylinders.net\/wp-content\/uploads\/2025\/01\/songte-bushings-with-all-kinds-of-excavator-models.webp\" alt=\"Buc\u0219e\" \/><\/p>\n<h2>Despre compania noastr\u0103<\/h2>\n<p>Suntem un produc\u0103tor \u0219i distribuitor angro de top de cilindri hidraulici pe pie\u021bele interne \u0219i interna\u021bionale, specializa\u021bi \u00een \u00eenlocuirea cilindrilor hidraulici. Produsele noastre sunt disponibile \u00eentr-o gam\u0103 larg\u0103 pentru a satisface diferite nevoi \u0219i ne angaj\u0103m s\u0103 livr\u0103m produse de \u00eenalt\u0103 calitate, cu o tehnologie de fabrica\u021bie eficient\u0103, precis\u0103 \u0219i superioar\u0103. Compania noastr\u0103 utilizeaz\u0103 tehnologie avansat\u0103 \u0219i talent profesional pentru a oferi servicii personalizate, echipamente digitale de fabrica\u021bie de ultim\u0103 genera\u021bie \u0219i un sistem de testare profesional. Ne dedic\u0103m furniz\u0103rii celor mai bune produse \u0219i servicii clien\u021bilor no\u0219tri.<\/p>\n<p><img decoding=\"async\" src=\"https:\/\/hzpt.com\/wp-content\/uploads\/2024\/11\/songte-company-1.webp\" alt=\"Imaginea companiei\" \/><\/p>\n<h3>Profesionalism:<\/h3>\n<p>Avem o echip\u0103 de profesioni\u0219ti cu \u00eenalt\u0103 calificare \u0219i experien\u021b\u0103, dedica\u021bi furniz\u0103rii celor mai bune produse \u0219i servicii clien\u021bilor no\u0219tri.<\/p>\n<h3>Certificare interna\u021bional\u0103:<\/h3>\n<p>Produsele noastre \u00eendeplinesc standardele interna\u021bionale de calitate \u0219i sunt certificate ISO 9001 \u0219i CE.<\/p>\n<h3>Personalizare:<\/h3>\n<p>Oferim servicii personalizate pentru a satisface nevoile specifice ale clien\u021bilor no\u0219tri.<\/p>\n<h3>Echipamente de produc\u021bie:<\/h3>\n<p>Compania noastr\u0103 dispune de echipamente digitale avansate de produc\u021bie, inclusiv strunguri CNC, freze \u0219i alte echipamente specializate, pentru a asigura precizia \u0219i calitatea produselor noastre.<\/p>\n<h3>Serviciu post-v\u00e2nzare:<\/h3>\n<p>Oferim servicii post-v\u00e2nzare excelente, inclusiv servicii de \u00eentre\u021binere, reparare \u0219i \u00eenlocuire a produselor, pentru a asigura satisfac\u021bia \u0219i loialitatea clien\u021bilor.<\/p>\n<footer>Autor: lyl<\/footer>","protected":false},"excerpt":{"rendered":"<p>Bucket Cylinder For Volwa Cane Unloader DLS118-9A Introduction The bucket cylinder for Volwa cane unloader DLS118-9A is a type of specialized hydraulic cylinder designed mainly to control the movement of shovels in heavy machinery such as excavators, backhoe excavators, and front-end loaders. Its main function is to enable the shovel to lift, lower, and tilt, [&hellip;]<\/p>","protected":false},"featured_media":14780,"comment_status":"open","ping_status":"closed","template":"","meta":{"_et_pb_use_builder":"","_et_pb_old_content":"","_et_gb_content_width":""},"product_brand":[],"product_cat":[1494],"product_tag":[1495,1496],"class_list":{"0":"post-15903","1":"product","2":"type-product","3":"status-publish","4":"has-post-thumbnail","6":"product_cat-bucket-cylinders","7":"product_tag-bucket-cylinders","8":"product_tag-hydraulic-cylinders","10":"first","11":"instock","12":"shipping-taxable","13":"product-type-simple"},"amp_enabled":true,"_links":{"self":[{"href":"https:\/\/www.hydraulic-cylinders.net\/ro\/wp-json\/wp\/v2\/product\/15903","targetHints":{"allow":["GET"]}}],"collection":[{"href":"https:\/\/www.hydraulic-cylinders.net\/ro\/wp-json\/wp\/v2\/product"}],"about":[{"href":"https:\/\/www.hydraulic-cylinders.net\/ro\/wp-json\/wp\/v2\/types\/product"}],"replies":[{"embeddable":true,"href":"https:\/\/www.hydraulic-cylinders.net\/ro\/wp-json\/wp\/v2\/comments?post=15903"}],"wp:featuredmedia":[{"embeddable":true,"href":"https:\/\/www.hydraulic-cylinders.net\/ro\/wp-json\/wp\/v2\/media\/14780"}],"wp:attachment":[{"href":"https:\/\/www.hydraulic-cylinders.net\/ro\/wp-json\/wp\/v2\/media?parent=15903"}],"wp:term":[{"taxonomy":"product_brand","embeddable":true,"href":"https:\/\/www.hydraulic-cylinders.net\/ro\/wp-json\/wp\/v2\/product_brand?post=15903"},{"taxonomy":"product_cat","embeddable":true,"href":"https:\/\/www.hydraulic-cylinders.net\/ro\/wp-json\/wp\/v2\/product_cat?post=15903"},{"taxonomy":"product_tag","embeddable":true,"href":"https:\/\/www.hydraulic-cylinders.net\/ro\/wp-json\/wp\/v2\/product_tag?post=15903"}],"curies":[{"name":"wp","href":"https:\/\/api.w.org\/{rel}","templated":true}]}}