{"id":15917,"date":"2025-01-19T15:09:43","date_gmt":"2025-01-19T15:09:43","guid":{"rendered":"https:\/\/www.hydraulic-cylinders.net\/product\/bucket-cylinder-for-atlas-2006lc\/"},"modified":"2025-01-19T15:09:45","modified_gmt":"2025-01-19T15:09:45","slug":"bucket-cylinder-for-atlas-2006lc","status":"publish","type":"product","link":"https:\/\/www.hydraulic-cylinders.net\/ro\/produs\/bucket-cylinder-for-atlas-2006lc\/","title":{"rendered":"Cilindru cup\u0103 pentru Atlas 2006LC"},"content":{"rendered":"<h1>Cilindru cup\u0103 pentru Atlas 2006LC<\/h1>\n<h2>Introducere<\/h2>\n<p>Cilindrul cupei pentru Atlas 2006LC este un cilindru hidraulic special conceput, utilizat pentru a controla mi\u0219carea cupei \u00een utilaje grele, cum ar fi excavatoarele, \u00eenc\u0103rc\u0103toarele excavatoare \u0219i \u00eenc\u0103rc\u0103toarele frontale. Func\u021bia sa principal\u0103 este de a permite ridicarea, cobor\u00e2rea \u0219i \u00eenclinarea cupei, permi\u021b\u00e2nd manipularea eficient\u0103 a diverselor materiale. \u00cen sistemul hidraulic, cilindrul cupei realizeaz\u0103 un control precis al cupei prin utilizarea schimb\u0103rilor de presiune ale uleiului hidraulic, permi\u021b\u00e2nd operatorilor s\u0103 manipuleze eficient sarcini grele \u0219i s\u0103 se adapteze la medii de lucru complexe \u0219i cerin\u021be diverse ale lucr\u0103rilor.<\/p>\n<p><img decoding=\"async\" src=\"https:\/\/www.hydraulic-cylinders.net\/wp-content\/uploads\/2025\/01\/songte-company-2.webp\"><\/p>\n<h2>Caracteristici<\/h2>\n<ul>\n<li>Rezisten\u021b\u0103 \u0219i durabilitate ridicate: Fabricat de obicei din o\u021bel sau aluminiu de \u00eenalt\u0103 rezisten\u021b\u0103, cilindrul cupei poate rezista la presiuni ridicate \u0219i sarcini grele, adapt\u00e2ndu-se la condi\u021bii dure de lucru. Designul s\u0103u ia \u00een considerare rezisten\u021ba la uzur\u0103 \u0219i la coroziune, prelungindu-i durata de via\u021b\u0103.<\/li>\n<li>Func\u021bionare hidraulic\u0103 eficient\u0103: Prin utilizarea presiunii uleiului hidraulic, cilindrul cupei realizeaz\u0103 o extensie \u0219i o retragere lin\u0103, permi\u021b\u00e2nd un r\u0103spuns rapid la comenzile de control \u0219i oferind for\u021be puternice de \u00eempingere \u0219i tragere, potrivite pentru manipularea sarcinilor grele \u0219i a sarcinilor complexe.<\/li>\n<li>Diverse tipuri: Cilindrul cupei poate fi selectat ca fiind cu ac\u021biune simpl\u0103 (presiunea hidraulic\u0103 utilizat\u0103 \u00eentr-o singur\u0103 direc\u021bie) sau cu ac\u021biune dubl\u0103 (presiunea hidraulic\u0103 utilizat\u0103 \u00een ambele direc\u021bii) \u00een func\u021bie de nevoile opera\u021bionale specifice. Unele modele sunt telescopice, permi\u021b\u00e2nd o extensie mai mare f\u0103r\u0103 a cre\u0219te dimensiunile exterioare, fiind potrivite pentru aplica\u021bii cu spa\u021biu limitat.<\/li>\n<\/ul>\n<p><img decoding=\"async\" src=\"https:\/\/www.hydraulic-cylinders.net\/wp-content\/uploads\/2025\/01\/songte-cylinder-head-with-all-kinds-excavator-models.webp\"><\/p>\n<h2>Aplica\u021bii<\/h2>\n<p>Cilindrul cupei pentru Atlas 2006LC \u00ee\u0219i g\u0103se\u0219te aplica\u021bii \u00een diverse echipamente:<\/p>\n<ul>\n<li>Echipamente de construc\u021bii: Esen\u021biale pentru excavatoare, acestea ajut\u0103 la s\u0103pare, \u00eenc\u0103rcare \u0219i mutarea solului sau a resturilor. La \u00eenc\u0103rc\u0103toarele cu excavator, cilindrul cupei ajut\u0103 at\u00e2t la s\u0103pare, c\u00e2t \u0219i la ridicare.<\/li>\n<li>Ma\u0219ini agricole: utilizate \u00een \u00eenc\u0103rc\u0103toare frontale pentru scobere, ridicare \u0219i transportul solului, f\u00e2nului \u0219i altor materiale.<\/li>\n<li>Excavatoare: Cilindrul cupei permite excavarea permi\u021b\u00e2nd cupei s\u0103 p\u0103trund\u0103 \u00een sol.<\/li>\n<li>\u00cenc\u0103rc\u0103toare frontale: \u00cen cazul \u00eenc\u0103rc\u0103toarelor frontale, acestea ajut\u0103 la ridicarea \u0219i \u00eenclinarea eficient\u0103 a m\u0103rfurilor.<\/li>\n<\/ul>\n<p><img decoding=\"async\" src=\"https:\/\/www.hydraulic-cylinders.net\/wp-content\/uploads\/2025\/01\/songte-oil-pipes-and-spare-parts.webp\"><\/p>\n<h2>Considera\u021bii de proiectare \u0219i criterii de selec\u021bie<\/h2>\n<p>La proiectarea cilindrului cupei, se iau \u00een considerare mai mul\u021bi factori cheie:<\/p>\n<ul>\n<li>Capacitate portant\u0103<\/li>\n<li>Sigilare<\/li>\n<li>Durabilitate<\/li>\n<li>Siguran\u0163\u0103<\/li>\n<li>Mentenabilitate<\/li>\n<\/ul>\n<p><img decoding=\"async\" src=\"https:\/\/www.hydraulic-cylinders.net\/wp-content\/uploads\/2025\/01\/songte-bushings-with-all-kinds-of-excavator-models.webp\"><\/p>\n<h2>Etan\u0219are \u0219i lubrifiere<\/h2>\n<p>Cilindrul cupei utilizeaz\u0103 diverse garnituri, cum ar fi garnituri de piston \u0219i garnituri de tij\u0103, fabricate din materiale rezistente la uzur\u0103, precum poliuretanul \u0219i cauciucul nitrilic. Corpul cilindrului \u0219i capetele filetate sunt supuse unui tratament de suprafa\u021b\u0103 meticulos pentru a spori rezisten\u021ba la uzur\u0103. Lubrifierea regulat\u0103 cu ulei hidraulic adecvat este necesar\u0103 pentru o func\u021bionare f\u0103r\u0103 probleme.<\/p>\n<h2>Inspec\u021bie \u0219i \u00eentre\u021binere preventiv\u0103<\/h2>\n<p>Inspec\u021biile regulate \u0219i \u00eentre\u021binerea preventiv\u0103 sunt esen\u021biale pentru asigurarea performan\u021bei optime \u0219i a longevit\u0103\u021bii cilindrului cupei. Aceste m\u0103suri includ:<\/p>\n<ul>\n<li>Verific\u0103ri regulate<\/li>\n<li>Lubrifiere adecvat\u0103<\/li>\n<li>\u00cenlocuirea garniturii<\/li>\n<li>Verific\u0103ri de calibrare<\/li>\n<\/ul>\n<p><img decoding=\"async\" src=\"https:\/\/www.hydraulic-cylinders.net\/wp-content\/uploads\/2025\/01\/songte-chushion-collar.webp\"><\/p>\n<h2>Considera\u021bii de siguran\u021b\u0103 \u0219i factori de mediu<\/h2>\n<p>Asigurarea m\u0103surilor de siguran\u021b\u0103 la utilizarea cilindrului cupei este de maxim\u0103 importan\u021b\u0103. Este esen\u021bial s\u0103 se ia \u00een considerare mediul \u00eenconjur\u0103tor \u0219i s\u0103 se respecte instruc\u021biunile de siguran\u021b\u0103 pentru a preveni accidentele \u0219i a proteja mediul \u00eenconjur\u0103tor.<\/p>\n<h2>Diagnosticarea defec\u021biunilor \u0219i probleme frecvente<\/h2>\n<p>Atunci c\u00e2nd \u00eent\u00e2mpina\u021bi defec\u021biuni, este important s\u0103 le diagnostica\u021bi \u0219i s\u0103 le remedia\u021bi prompt. Problemele comune pot include scurgeri, mi\u0219c\u0103ri neregulate sau pierderi de presiune. Furnizarea de sfaturi \u0219i solu\u021bii de depanare \u00eei ajut\u0103 pe cititori s\u0103 diagnosticheze \u0219i s\u0103 rezolve eficient problemele, \u00eempreun\u0103 cu m\u0103suri preventive pentru a minimiza poten\u021bialele probleme.<\/p>\n<p><img decoding=\"async\" src=\"https:\/\/www.hydraulic-cylinders.net\/wp-content\/uploads\/2025\/01\/songte-company-1.webp\"><\/p>\n<h2>Prezentare general\u0103 a companiei<\/h2>\n<p>Suntem un produc\u0103tor specializat \u00een cilindri hidraulici de schimb. Cu o gam\u0103 larg\u0103 de produse, am devenit unul dintre principalii produc\u0103tori \u0219i distribuitori angro de cilindri hidraulici, at\u00e2t pe pie\u021bele interne, c\u00e2t \u0219i pe cele interna\u021bionale. Angajamentul nostru fa\u021b\u0103 de excelen\u021b\u0103 \u0219i strategiile industrializate de management al produc\u021biei, sus\u021binute de tehnicieni califica\u021bi, echipamente de fabrica\u021bie avansate \u0219i sisteme profesionale de testare, ne permit s\u0103 \u00eembun\u0103t\u0103\u021bim continuu platforma noastr\u0103 de fabrica\u021bie \u0219i liniile de produc\u021bie pentru calitatea produselor. Avem capacit\u0103\u021bi creative puternice, ader\u00e2nd la principiile de eficien\u021b\u0103 ridicat\u0103, precizie ridicat\u0103 \u0219i calitate \u00eenalt\u0103 pentru a satisface nevoile diverse ale clien\u021bilor.<\/p>\n<p><img decoding=\"async\" src=\"https:\/\/www.hydraulic-cylinders.net\/wp-content\/uploads\/2025\/01\/songte-company-3.webp\"><\/p>\n<p>\u00cen plus, ne m\u00e2ndrim cu profesionalismul, certific\u0103rile interna\u021bionale, serviciile personalizate, echipamentele de produc\u021bie \u0219i serviciile post-v\u00e2nzare.<\/p>\n<p>Autor: lyl<\/p>","protected":false},"excerpt":{"rendered":"<p>Bucket Cylinder For Atlas 2006LC Introduction The bucket cylinder for Atlas 2006LC is a specially designed hydraulic cylinder used to control the movement of the bucket in heavy machinery such as excavators, backhoe loaders, and front-end loaders. Its main function is to enable the lifting, lowering, and tilting of the bucket, allowing for efficient handling [&hellip;]<\/p>","protected":false},"featured_media":14782,"comment_status":"open","ping_status":"closed","template":"","meta":{"_et_pb_use_builder":"","_et_pb_old_content":"","_et_gb_content_width":""},"product_brand":[],"product_cat":[1494],"product_tag":[1495,1496],"class_list":{"0":"post-15917","1":"product","2":"type-product","3":"status-publish","4":"has-post-thumbnail","6":"product_cat-bucket-cylinders","7":"product_tag-bucket-cylinders","8":"product_tag-hydraulic-cylinders","10":"first","11":"instock","12":"shipping-taxable","13":"product-type-simple"},"amp_enabled":true,"_links":{"self":[{"href":"https:\/\/www.hydraulic-cylinders.net\/ro\/wp-json\/wp\/v2\/product\/15917","targetHints":{"allow":["GET"]}}],"collection":[{"href":"https:\/\/www.hydraulic-cylinders.net\/ro\/wp-json\/wp\/v2\/product"}],"about":[{"href":"https:\/\/www.hydraulic-cylinders.net\/ro\/wp-json\/wp\/v2\/types\/product"}],"replies":[{"embeddable":true,"href":"https:\/\/www.hydraulic-cylinders.net\/ro\/wp-json\/wp\/v2\/comments?post=15917"}],"wp:featuredmedia":[{"embeddable":true,"href":"https:\/\/www.hydraulic-cylinders.net\/ro\/wp-json\/wp\/v2\/media\/14782"}],"wp:attachment":[{"href":"https:\/\/www.hydraulic-cylinders.net\/ro\/wp-json\/wp\/v2\/media?parent=15917"}],"wp:term":[{"taxonomy":"product_brand","embeddable":true,"href":"https:\/\/www.hydraulic-cylinders.net\/ro\/wp-json\/wp\/v2\/product_brand?post=15917"},{"taxonomy":"product_cat","embeddable":true,"href":"https:\/\/www.hydraulic-cylinders.net\/ro\/wp-json\/wp\/v2\/product_cat?post=15917"},{"taxonomy":"product_tag","embeddable":true,"href":"https:\/\/www.hydraulic-cylinders.net\/ro\/wp-json\/wp\/v2\/product_tag?post=15917"}],"curies":[{"name":"wp","href":"https:\/\/api.w.org\/{rel}","templated":true}]}}