{"id":15921,"date":"2025-01-19T15:10:04","date_gmt":"2025-01-19T15:10:04","guid":{"rendered":"https:\/\/www.hydraulic-cylinders.net\/product\/bucket-cylinder-for-atlas-7808lc\/"},"modified":"2025-01-19T15:10:14","modified_gmt":"2025-01-19T15:10:14","slug":"bucket-cylinder-for-atlas-7808lc","status":"publish","type":"product","link":"https:\/\/www.hydraulic-cylinders.net\/ro\/produs\/bucket-cylinder-for-atlas-7808lc\/","title":{"rendered":"Cilindru cu cup\u0103 pentru Atlas 7808LC"},"content":{"rendered":"<h1>Cilindru cu cup\u0103 pentru Atlas 7808LC<\/h1>\n<h2>Introducere<\/h2>\n<p>Cilindrul cupei pentru Atlas 7808LC este un tip de cilindru hidraulic special conceput pentru controlul mi\u0219c\u0103rii cupelor \u00een utilaje grele, cum ar fi excavatoarele, \u00eenc\u0103rc\u0103toarele excavatoare \u0219i \u00eenc\u0103rc\u0103toarele frontale. Func\u021bia sa principal\u0103 este de a permite ridicarea, cobor\u00e2rea \u0219i \u00eenclinarea cupei, facilit\u00e2nd astfel diverse sarcini de manipulare a materialelor. \u00cen sistemul hidraulic, cilindrul cupei realizeaz\u0103 un control precis al cupei prin modific\u0103ri ale presiunii uleiului hidraulic, permi\u021b\u00e2nd operatorilor s\u0103 manipuleze eficient sarcini grele \u0219i s\u0103 se adapteze la medii de lucru complexe \u0219i cerin\u021be opera\u021bionale diverse.<\/p>\n<p><img decoding=\"async\" src=\"https:\/\/www.hydraulic-cylinders.net\/wp-content\/uploads\/2025\/01\/songte-company-2.webp\" alt=\"Cilindru cu cup\u0103\" style=\"width:100%\"><\/p>\n<h2>Caracteristici<\/h2>\n<ul>\n<li>\n<h3>Rezisten\u021b\u0103 \u0219i durabilitate ridicate<\/h3>\n<p>Cilindrii cu cup\u0103 sunt de obicei fabrica\u021bi din o\u021bel sau aluminiu de \u00eenalt\u0103 rezisten\u021b\u0103, ceea ce le permite s\u0103 reziste la presiuni ridicate \u0219i sarcini grele \u0219i s\u0103 se adapteze la medii de lucru dure. Proiectarea lor ia \u00een considerare rezisten\u021ba la uzur\u0103 \u0219i coroziune, prelungindu-le durata de via\u021b\u0103.<\/p>\n<\/li>\n<li>\n<h3>Func\u021bionare hidraulic\u0103 eficient\u0103<\/h3>\n<p>Cilindrii cupei utilizeaz\u0103 presiunea uleiului hidraulic pentru a realiza o extensie \u0219i retragere lin\u0103, permi\u021b\u00e2ndu-le s\u0103 r\u0103spund\u0103 rapid la comenzile de control, oferind o for\u021b\u0103 puternic\u0103 de \u00eempingere \u0219i tragere \u0219i fiind potrivi\u021bi pentru manipularea sarcinilor grele \u0219i a sarcinilor opera\u021bionale complexe.<\/p>\n<\/li>\n<li>\n<h3>Mai multe tipuri<\/h3>\n<p>Cilindrii cupei sunt disponibili \u00een modele cu ac\u021biune simpl\u0103 (utilizare hidraulic\u0103 \u00eentr-o singur\u0103 direc\u021bie) sau cu ac\u021biune dubl\u0103 (utilizare hidraulic\u0103 \u00een dou\u0103 direc\u021bii), pentru a satisface diferite cerin\u021be opera\u021bionale. Unele modele sunt telescopice, permi\u021b\u00e2nd o extensie mai mare f\u0103r\u0103 a cre\u0219te dimensiunile exterioare, ceea ce le face potrivite pentru aplica\u021bii cu spa\u021biu limitat.<\/p>\n<\/li>\n<li>\n<h3>\u00cenlocuibil<\/h3>\n<p>Compania noastr\u0103 poate produce acest produs \u0219i poate \u00eenlocui perfect ace\u0219ti cilindri hidraulici.<\/p>\n<\/li>\n<\/ul>\n<p><img decoding=\"async\" src=\"https:\/\/www.hydraulic-cylinders.net\/wp-content\/uploads\/2025\/01\/songte-cylinder-head-with-all-kinds-excavator-models.webp\" alt=\"Cilindru hidraulic\" style=\"width:100%\"><\/p>\n<h2>Aplica\u021bii<\/h2>\n<p>Cilindrii cu cup\u0103 sunt utiliza\u021bi pe scar\u0103 larg\u0103 \u00een diverse echipamente de construc\u021bii, utilaje agricole \u0219i alte industrii, inclusiv:<\/p>\n<ul>\n<li>\n<h3>Echipamente de construc\u021bii<\/h3>\n<p>Cilindrii cupei se g\u0103sesc \u00een excavatoare, unde sunt esen\u021biali pentru s\u0103pare, \u00eenc\u0103rcare \u0219i mutarea solului sau a resturilor. La \u00eenc\u0103rc\u0103toarele cu excavator, cilindrul cupei ajut\u0103 at\u00e2t la s\u0103pare, c\u00e2t \u0219i la ridicare. La \u00eenc\u0103rc\u0103toarele frontale, ace\u0219tia ajut\u0103 la ridicarea \u0219i desc\u0103rcarea eficient\u0103 a m\u0103rfurilor.<\/p>\n<\/li>\n<li>\n<h3>Ma\u0219ini agricole<\/h3>\n<p>Cilindrii cupei sunt utiliza\u021bi la \u00eenc\u0103rc\u0103toarele frontale pentru scobere, ridicare \u0219i transportul solului, f\u00e2nului \u0219i altor materiale.<\/p>\n<\/li>\n<li>\n<h3>Excavatoare<\/h3>\n<p>Cilindrii cupei permit excavatoarelor s\u0103 p\u0103trund\u0103 \u00een sol, permi\u021b\u00e2nd cupei s\u0103 se mi\u0219te prin acesta.<\/p>\n<\/li>\n<\/ul>\n<h2>Considera\u021bii de proiectare \u0219i criterii de selec\u021bie<\/h2>\n<p>C\u00e2nd vine vorba de considera\u021bii de proiectare pentru cilindrii cupei, c\u00e2\u021biva factori cheie sunt esen\u021biali pentru performan\u021ba lor fiabil\u0103, inclusiv:<\/p>\n<ul>\n<li>\n<h3>Capacitate portant\u0103<\/h3>\n<p>Capacitatea portant\u0103 a cilindrului cupei este critic\u0103 \u0219i trebuie proiectat\u0103 pentru a suporta greutatea sarcinii ridicate sau mutate.<\/p>\n<\/li>\n<li>\n<h3>Etan\u0219are \u0219i durabilitate<\/h3>\n<p>Cilindrii cupei necesit\u0103 etan\u0219\u0103ri fiabile pentru a preveni scurgerile de ulei, care pot provoca defec\u021biuni hidraulice \u0219i pot duce la nefunc\u021bionarea echipamentelor. \u00cen plus, durabilitatea cilindrului trebuie luat\u0103 \u00een considerare pentru a asigura o durat\u0103 lung\u0103 de via\u021b\u0103.<\/p>\n<\/li>\n<li>\n<h3>Siguran\u0163\u0103<\/h3>\n<p>Cilindrul cupei trebuie proiectat av\u00e2nd \u00een vedere siguran\u021ba utilizatorului pentru a preveni accidentele sau r\u0103nirile care pot ap\u0103rea \u00een timpul func\u021bion\u0103rii.<\/p>\n<\/li>\n<li>\n<h3>\u00centre\u021binere \u0219i repara\u021bii<\/h3>\n<p>Cilindrul trebuie s\u0103 fie proiectat astfel \u00eenc\u00e2t s\u0103 permit\u0103 \u00eentre\u021binerea \u0219i repararea u\u0219oar\u0103. Aceasta poate include caracteristici precum piese \u00eenlocuibile sau accesibilitate u\u0219oar\u0103 pentru inspec\u021bie \u0219i \u00eentre\u021binere.<\/p>\n<\/li>\n<\/ul>\n<p><img decoding=\"async\" src=\"https:\/\/www.hydraulic-cylinders.net\/wp-content\/uploads\/2025\/01\/songte-oil-pipes-and-spare-parts.webp\" alt=\"Cilindru hidraulic\" style=\"width:100%\"><\/p>\n<h2>Etan\u0219are \u0219i lubrifiere<\/h2>\n<p>Cilindrii cu cup\u0103 utilizeaz\u0103 diverse componente de etan\u0219are, inclusiv etan\u0219\u0103ri pentru piston \u0219i etan\u0219\u0103ri pentru tij\u0103, care sunt de obicei fabricate din materiale rezistente la uzur\u0103, cum ar fi poliuretanul sau cauciucul nitrilic. Pentru a asigura o durat\u0103 lung\u0103 de via\u021b\u0103, corpul cilindrului \u0219i suprafa\u021ba tijei trebuie tratate pentru rezisten\u021b\u0103 la uzur\u0103. De asemenea, este necesar\u0103 o lubrifiere regulat\u0103 cu ulei hidraulic pentru a men\u021bine func\u021bionarea corect\u0103 a cilindrului.<\/p>\n<h2>\u00centre\u021binere \u0219i repara\u021bii<\/h2>\n<p>Pentru a asigura func\u021bionarea corect\u0103 \u0219i a prelungi durata de via\u021b\u0103 a cilindrului cupei, sunt necesare inspec\u021bii regulate \u0219i \u00eentre\u021binere preventiv\u0103. Aceasta poate include sarcini precum:<\/p>\n<ul>\n<li>\n<h3>Inspec\u021bie regulat\u0103<\/h3>\n<p>Inspec\u021bia regulat\u0103 a cilindrului, a garniturilor, a suporturilor de montare \u0219i a fitingurilor poate preveni transformarea unor probleme minore \u00een probleme majore \u0219i, \u00een cele din urm\u0103, poate reduce timpul de nefunc\u021bionare.<\/p>\n<\/li>\n<li>\n<h3>Lubrifiere adecvat\u0103<\/h3>\n<p>Lubrifierea corect\u0103 a cilindrului este esen\u021bial\u0103 pentru buna func\u021bionare a acestuia. Aceasta poate include utilizarea uleiului sau a vaselinei hidraulice adecvate, \u00een func\u021bie de designul cilindrului.<\/p>\n<\/li>\n<li>\n<h3>\u00cenlocuirea garniturii \u0219i verificarea calibr\u0103rii<\/h3>\n<p>\u00cenlocuirea garniturilor uzate \u0219i verificarea calibr\u0103rii pot \u00eembun\u0103t\u0103\u021bi performan\u021ba \u0219i durata de via\u021b\u0103 a cilindrului.<\/p>\n<\/li>\n<\/ul>\n<p><img decoding=\"async\" src=\"https:\/\/www.hydraulic-cylinders.net\/wp-content\/uploads\/2025\/01\/songte-chushion-collar.webp\" alt=\"Cilindru hidraulic\" style=\"width:100%\"><\/p>\n<h2>Considera\u021bii de siguran\u021b\u0103 \u0219i factori de mediu<\/h2>\n<p>Cilindrii cu cup\u0103 necesit\u0103 o utilizare \u0219i o \u00eentre\u021binere corespunz\u0103toare pentru a asigura o func\u021bionare \u00een siguran\u021b\u0103. Operatorii trebuie s\u0103 fie instrui\u021bi cu privire la utilizarea corect\u0103 a cilindrului \u0219i s\u0103 respecte toate instruc\u021biunile de siguran\u021b\u0103. Factorii de mediu, cum ar fi temperatura, umiditatea \u0219i expunerea la substan\u021be chimice, pot afecta, de asemenea, performan\u021ba cilindrului \u0219i trebuie lua\u021bi \u00een considerare.<\/p>\n<h2>Probleme frecvente \u0219i depanare<\/h2>\n<p>Printre problemele comune care pot ap\u0103rea la cilindrii cupei se num\u0103r\u0103 scurgeri, func\u021bionare lent\u0103 sau nereactiv\u0103 \u0219i deteriorarea corpului cilindrului sau a garniturilor. Depanarea acestor probleme poate implica verificarea lubrifierii corespunz\u0103toare, inspectarea garniturilor \u0219i fitingurilor \u0219i examinarea cilindrului pentru deterior\u0103ri. \u00centre\u021binerea preventiv\u0103 regulat\u0103 poate ajuta la reducerea apari\u021biei acestor probleme.<\/p>\n<p><img decoding=\"async\" src=\"https:\/\/www.hydraulic-cylinders.net\/wp-content\/uploads\/2025\/01\/songte-bushings-with-all-kinds-of-excavator-models.webp\" alt=\"Cilindru hidraulic\" style=\"width:100%\"><\/p>\n<h2>Despre compania noastr\u0103<\/h2>\n<p>Suntem un produc\u0103tor \u0219i distribuitor angro de top de cilindri hidraulici pe pie\u021bele interne \u0219i interna\u021bionale. Compania noastr\u0103 ader\u0103 la principiul calit\u0103\u021bii excelente \u0219i se bazeaz\u0103 pe strategii industrializate de management al produc\u021biei, bazate pe ateliere de produc\u021bie de precizie, competen\u021be tehnologice, echipamente digitale de produc\u021bie de ultim\u0103 genera\u021bie, precum \u0219i sisteme profesionale de testare. Compania noastr\u0103 \u00eembun\u0103t\u0103\u021be\u0219te continuu platforma de produc\u021bie \u00een ateliere, \u00eembun\u0103t\u0103\u021be\u0219te procesul de produc\u021bie a calit\u0103\u021bii produselor \u0219i are capacit\u0103\u021bi puternice de crea\u021bie pentru a satisface nevoile diverse ale clien\u021bilor cu eficien\u021b\u0103, precizie \u0219i calitate ridicate. <\/p>\n<p>Compania noastr\u0103 ofer\u0103 diverse produse \u0219i servicii, cum ar fi:<\/p>\n<ul>\n<li>\n<h3>Profesionalism<\/h3>\n<p>Angaj\u0103m o echip\u0103 de profesioni\u0219ti cu ani de experien\u021b\u0103 \u00een domeniu pentru a ne asigura c\u0103 produsele noastre \u00eendeplinesc cele mai \u00eenalte standarde de calitate \u0219i fiabilitate.<\/p>\n<\/li>\n<li>\n<h3>Certificare interna\u021bional\u0103<\/h3>\n<p>Produsele noastre sunt certificate pentru a \u00eendeplini standardele interna\u021bionale, cum ar fi ISO 9001:2015, garant\u00e2nd c\u0103 clien\u021bii no\u0219tri pot avea \u00eencredere \u00een produsele noastre.<\/p>\n<\/li>\n<li>\n<h3>Servicii de personalizare<\/h3>\n<p>Oferim servicii personalizate pentru a satisface nevoile unice ale clien\u021bilor no\u0219tri, oferind solu\u021bii personalizate, concepute pentru a \u00eendeplini cerin\u021be specifice.<\/p>\n<\/li>\n<li>\n<h3>Echipamente de produc\u021bie<\/h3>\n<p>Folosim echipamente de produc\u021bie avansate, cum ar fi ma\u0219inile CNC, pentru a asigura o fabrica\u021bie de precizie \u0219i produse de \u00eenalt\u0103 calitate.<\/p>\n<\/li>\n<li>\n<h3>Serviciu post-v\u00e2nzare<\/h3>\n<p>Oferim servicii post-v\u00e2nzare pentru a ne asigura c\u0103 clien\u021bii no\u0219tri sunt mul\u021bumi\u021bi de produsele \u0219i serviciile noastre, oferind servicii de \u00eentre\u021binere, repara\u021bii \u0219i \u00eenlocuire.<\/p>\n<\/li>\n<\/ul>\n<p><img decoding=\"async\" src=\"https:\/\/hzpt.com\/wp-content\/uploads\/2024\/11\/songte-company-1.webp\" alt=\"Cilindru hidraulic\" style=\"width:100%\"><\/p>\n<p>Autor: lyl<\/p>","protected":false},"excerpt":{"rendered":"<p>Bucket Cylinder For Atlas 7808LC Introduction The bucket cylinder for Atlas 7808LC is a type of hydraulic cylinder that is specially designed for controlling the movement of buckets in heavy machinery such as excavators, backhoe loaders, and front-end loaders. Its main function is to allow the bucket to be lifted, lowered and tilted, thereby facilitating [&hellip;]<\/p>","protected":false},"featured_media":14773,"comment_status":"open","ping_status":"closed","template":"","meta":{"_et_pb_use_builder":"","_et_pb_old_content":"","_et_gb_content_width":""},"product_brand":[],"product_cat":[1494],"product_tag":[1495,1496],"class_list":{"0":"post-15921","1":"product","2":"type-product","3":"status-publish","4":"has-post-thumbnail","6":"product_cat-bucket-cylinders","7":"product_tag-bucket-cylinders","8":"product_tag-hydraulic-cylinders","10":"first","11":"instock","12":"shipping-taxable","13":"product-type-simple"},"amp_enabled":true,"_links":{"self":[{"href":"https:\/\/www.hydraulic-cylinders.net\/ro\/wp-json\/wp\/v2\/product\/15921","targetHints":{"allow":["GET"]}}],"collection":[{"href":"https:\/\/www.hydraulic-cylinders.net\/ro\/wp-json\/wp\/v2\/product"}],"about":[{"href":"https:\/\/www.hydraulic-cylinders.net\/ro\/wp-json\/wp\/v2\/types\/product"}],"replies":[{"embeddable":true,"href":"https:\/\/www.hydraulic-cylinders.net\/ro\/wp-json\/wp\/v2\/comments?post=15921"}],"wp:featuredmedia":[{"embeddable":true,"href":"https:\/\/www.hydraulic-cylinders.net\/ro\/wp-json\/wp\/v2\/media\/14773"}],"wp:attachment":[{"href":"https:\/\/www.hydraulic-cylinders.net\/ro\/wp-json\/wp\/v2\/media?parent=15921"}],"wp:term":[{"taxonomy":"product_brand","embeddable":true,"href":"https:\/\/www.hydraulic-cylinders.net\/ro\/wp-json\/wp\/v2\/product_brand?post=15921"},{"taxonomy":"product_cat","embeddable":true,"href":"https:\/\/www.hydraulic-cylinders.net\/ro\/wp-json\/wp\/v2\/product_cat?post=15921"},{"taxonomy":"product_tag","embeddable":true,"href":"https:\/\/www.hydraulic-cylinders.net\/ro\/wp-json\/wp\/v2\/product_tag?post=15921"}],"curies":[{"name":"wp","href":"https:\/\/api.w.org\/{rel}","templated":true}]}}