{"id":15922,"date":"2025-01-19T15:10:17","date_gmt":"2025-01-19T15:10:17","guid":{"rendered":"https:\/\/www.hydraulic-cylinders.net\/product\/bucket-cylinder-for-atlas-2307lc\/"},"modified":"2025-01-19T15:10:19","modified_gmt":"2025-01-19T15:10:19","slug":"bucket-cylinder-for-atlas-2307lc","status":"publish","type":"product","link":"https:\/\/www.hydraulic-cylinders.net\/ro\/produs\/bucket-cylinder-for-atlas-2307lc\/","title":{"rendered":"Cilindru cu cup\u0103 pentru Atlas 2307LC"},"content":{"rendered":"<p><!DOCTYPE html><br \/>\n<html><br \/>\n<head><br \/>\n<title>Cilindru cu cup\u0103 pentru Atlas 2307LC<\/title><br \/>\n<\/head><br \/>\n<body><\/p>\n<h1>Cilindru cu cup\u0103 pentru Atlas 2307LC<\/h1>\n<h2>Introducere<\/h2>\n<p>Cilindrul cupei pentru Atlas 2307LC este un cilindru hidraulic special conceput, utilizat pentru a controla mi\u0219carea cupei \u00een utilaje grele, cum ar fi excavatoarele, \u00eenc\u0103rc\u0103toarele excavatoare \u0219i \u00eenc\u0103rc\u0103toarele frontale. Func\u021bia sa principal\u0103 este de a permite ridicarea, cobor\u00e2rea \u0219i \u00eenclinarea cupei, facilit\u00e2nd diverse sarcini de manipulare a materialelor. \u00cen sistemul hidraulic, cilindrul cupei utilizeaz\u0103 schimb\u0103rile de presiune ale uleiului hidraulic pentru a ob\u021bine un control precis al cupei, permi\u021b\u00e2nd operatorilor s\u0103 manipuleze eficient sarcini grele \u0219i s\u0103 se adapteze la medii de lucru complexe \u0219i cerin\u021be diverse ale lucr\u0103rilor.<\/p>\n<p><img decoding=\"async\" src=\"https:\/\/www.hydraulic-cylinders.net\/wp-content\/uploads\/2025\/01\/songte-company-2.webp\" alt=\"Imaginea cilindrului cupei\"><\/p>\n<h2>Caracteristici<\/h2>\n<ul>\n<li>Rezisten\u021b\u0103 \u0219i durabilitate ridicate: Fabricate din o\u021bel sau aluminiu de \u00eenalt\u0103 rezisten\u021b\u0103, capabile s\u0103 reziste la presiuni ridicate \u0219i sarcini grele, adapt\u00e2ndu-se la medii de lucru dure \u0219i proiectate \u021bin\u00e2nd cont de rezisten\u021ba la uzur\u0103 \u0219i la coroziune pentru a-i prelungi durata de via\u021b\u0103.<\/li>\n<li>Func\u021bionare hidraulic\u0103 eficient\u0103: Utilizeaz\u0103 presiunea uleiului hidraulic pentru a ob\u021bine ac\u021biuni line de extensie \u0219i retragere, capabil s\u0103 r\u0103spund\u0103 rapid la comenzile de control, s\u0103 ofere for\u021be puternice de \u00eempingere \u0219i tragere \u0219i potrivit pentru manipularea sarcinilor grele \u0219i a sarcinilor complexe.<\/li>\n<li>Diverse tipuri: Se poate alege \u00eentre cilindri cu ac\u021biune simpl\u0103 (utilizare hidraulic\u0103 \u00eentr-o singur\u0103 direc\u021bie) sau cu ac\u021biune dubl\u0103 (utilizare hidraulic\u0103 \u00een ambele direc\u021bii) \u00een func\u021bie de necesit\u0103\u021bi, iar unele modele sunt telescopice, permi\u021b\u00e2nd o extensie mai mare f\u0103r\u0103 a cre\u0219te dimensiunile exterioare, potrivite pentru aplica\u021bii cu spa\u021biu limitat.<\/li>\n<\/ul>\n<p><img decoding=\"async\" src=\"https:\/\/www.hydraulic-cylinders.net\/wp-content\/uploads\/2025\/01\/songte-cylinder-head-with-all-kinds-excavator-models.webp\" alt=\"Aplica\u021bie cilindru cup\u0103\"><\/p>\n<h2>Aplica\u021bii<\/h2>\n<p>Cilindrul cu cup\u0103 pentru Atlas 2307LC \u00ee\u0219i g\u0103se\u0219te aplica\u021bii \u00een diverse industrii, inclusiv:<\/p>\n<h3>Echipamente de construc\u021bii<\/h3>\n<p>La excavatoare, este esen\u021bial pentru excavare, \u00eenc\u0103rcare \u0219i mi\u0219carea solului sau a resturilor. La \u00eenc\u0103rc\u0103toarele cu excavator, cilindrul cupei ajut\u0103 at\u00e2t la s\u0103pare, c\u00e2t \u0219i la ridicare.<\/p>\n<h3>Ma\u0219ini agricole<\/h3>\n<p>Folosit la \u00eenc\u0103rc\u0103toarele frontale pentru scobere, ridicare \u0219i transportul solului, f\u00e2nului \u0219i altor materiale.<\/p>\n<h3>Excavatoare<\/h3>\n<p>Cilindrul cupei permite ac\u021biunile de s\u0103pare permi\u021b\u00e2nd cupei s\u0103 p\u0103trund\u0103 \u00een sol.<\/p>\n<h3>\u00cenc\u0103rc\u0103toare<\/h3>\n<p>\u00cen cazul \u00eenc\u0103rc\u0103toarelor frontale, acestea ajut\u0103 la ridicarea \u0219i desc\u0103rcarea eficient\u0103 a m\u0103rfurilor.<\/p>\n<p><img decoding=\"async\" src=\"https:\/\/www.hydraulic-cylinders.net\/wp-content\/uploads\/2025\/01\/songte-oil-pipes-and-spare-parts.webp\" alt=\"Designul cilindrului cupei\"><\/p>\n<h2>Considera\u021bii de proiectare \u0219i criterii de selec\u021bie<\/h2>\n<ul>\n<li>Capacitate portant\u0103: Cilindrul cupei este proiectat s\u0103 reziste cerin\u021belor de sarcin\u0103 specificate \u0219i s\u0103 asigure o func\u021bionare \u00een siguran\u021b\u0103.<\/li>\n<li>Etan\u0219are: Diverse etan\u0219\u0103ri, cum ar fi etan\u0219\u0103rile pistonului \u0219i etan\u0219\u0103rile tijei, sunt utilizate pentru a preveni scurgerile \u0219i a men\u021bine performan\u021ba corespunz\u0103toare.<\/li>\n<li>Durabilitate: Cilindrul este proiectat s\u0103 reziste la uzur\u0103 \u0219i coroziune, prelungindu-i durata de via\u021b\u0103.<\/li>\n<li>Siguran\u021b\u0103: Sunt \u00eencorporate caracteristici de siguran\u021b\u0103 pentru a asigura o func\u021bionare sigur\u0103 \u0219i a preveni accidentele.<\/li>\n<li>\u00centre\u021binere: Se acord\u0103 aten\u021bie u\u0219urin\u021bei \u00een \u00eentre\u021binere \u0219i repara\u021bii, permi\u021b\u00e2nd o service eficient\u0103 \u0219i o reducere a timpilor de nefunc\u021bionare.<\/li>\n<\/ul>\n<p><img decoding=\"async\" src=\"https:\/\/www.hydraulic-cylinders.net\/wp-content\/uploads\/2025\/01\/songte-chushion-collar.webp\" alt=\"Garnituri pentru cilindri de cup\u0103\"><\/p>\n<h2>Etan\u0219are \u0219i lubrifiere<\/h2>\n<p>Cilindrul cupei utilizeaz\u0103 diverse componente de etan\u0219are, cum ar fi etan\u0219\u0103rile pistonului \u0219i etan\u0219\u0103rile tijei, fabricate din materiale rezistente la uzur\u0103, precum poliuretanul \u0219i cauciucul nitrilic. Corpul cilindrului \u0219i suprafe\u021bele filetate ale cap\u0103tului sunt supuse unui tratament precis pentru a \u00eembun\u0103t\u0103\u021bi rezisten\u021ba la uzur\u0103. Lubrifierea regulat\u0103 cu o cantitate adecvat\u0103 de ulei hidraulic este necesar\u0103 pentru a asigura o func\u021bionare lin\u0103 \u0219i a preveni deteriorarea.<\/p>\n<h2>\u00centre\u021binere \u0219i m\u0103suri preventive<\/h2>\n<ul>\n<li>Inspec\u021bii regulate: Trebuie efectuate verific\u0103ri periodice pentru a identifica orice probleme sau poten\u021biale probleme.<\/li>\n<li>Lubrifiere adecvat\u0103: Lubrifierea adecvat\u0103 este esen\u021bial\u0103 pentru performan\u021be optime \u0219i pentru a preveni uzura \u0219i deteriorarea.<\/li>\n<li>\u00cenlocuirea garniturilor: Garniturile deteriorate sau uzate trebuie \u00eenlocuite prompt pentru a men\u021bine o etan\u0219are adecvat\u0103 \u0219i a preveni scurgerile.<\/li>\n<li>Verific\u0103ri de calibrare: Calibrarea regulat\u0103 asigur\u0103 o func\u021bionare precis\u0103 \u0219i previne defec\u021biunile.<\/li>\n<\/ul>\n<p><img decoding=\"async\" src=\"https:\/\/www.hydraulic-cylinders.net\/wp-content\/uploads\/2025\/01\/songte-bushings-with-all-kinds-of-excavator-models.webp\" alt=\"\u00centre\u021binerea cilindrului cupei\"><\/p>\n<h2>Considera\u021bii de siguran\u021b\u0103 \u0219i factori de mediu<\/h2>\n<p>C\u00e2nd se utilizeaz\u0103 cilindrul cupei, este esen\u021bial s\u0103 se respecte m\u0103surile de siguran\u021b\u0103 pentru a preveni accidentele \u0219i a minimiza impactul asupra mediului. Trebuie luate m\u0103suri de siguran\u021b\u0103 \u00een timpul instal\u0103rii, func\u021bion\u0103rii \u0219i \u00eentre\u021binerii pentru a asigura bun\u0103starea personalului \u0219i a mediului \u00eenconjur\u0103tor.<\/p>\n<h2>Depanare \u0219i probleme frecvente<\/h2>\n<p>Problemele frecvente care pot ap\u0103rea cu cilindrul cupei includ scurgeri, performan\u021be inadecvate \u0219i func\u021bionare necorespunz\u0103toare. Iat\u0103 c\u00e2teva sfaturi de depanare \u0219i solu\u021bii pentru a ajuta la diagnosticarea \u0219i rezolvarea problemelor, \u00eempreun\u0103 cu m\u0103suri preventive pentru a minimiza poten\u021bialele probleme.<\/p>\n<p><img decoding=\"async\" src=\"https:\/\/www.hydraulic-cylinders.net\/wp-content\/uploads\/2025\/01\/songte-company-1.webp\" alt=\"Depanarea cilindrului cupei\"><\/p>\n<h2>Prezentare general\u0103 a companiei<\/h2>\n<p>Suntem produc\u0103tori de cilindri hidraulici de schimb, oferind o gam\u0103 larg\u0103 de produse. Am devenit unul dintre principalii produc\u0103tori \u0219i distribuitori angro de cilindri hidraulici, at\u00e2t pe pia\u021ba intern\u0103, c\u00e2t \u0219i pe cea interna\u021bional\u0103. Compania noastr\u0103 ader\u0103 la principiul excelen\u021bei \u00een calitate \u0219i se bazeaz\u0103 pe strategii de management al produc\u021biei industriale, sus\u021binute de ateliere de fabrica\u021bie sofisticate. Concentr\u00e2ndu-ne pe talentul tehnologic, echipamente digitale avansate de fabrica\u021bie \u0219i sisteme profesionale de testare, ne \u00eembun\u0103t\u0103\u021bim continuu platforma de fabrica\u021bie, perfec\u021bion\u0103m ruta de produc\u021bie pentru calitatea produselor \u0219i de\u021binem capacit\u0103\u021bi inovatoare puternice. Ne str\u0103duim s\u0103 satisfacem diversele cerin\u021be ale clien\u021bilor cu eficien\u021b\u0103, precizie \u0219i calitate ridicate.<\/p>\n<p><img decoding=\"async\" src=\"https:\/\/www.hydraulic-cylinders.net\/wp-content\/uploads\/2025\/01\/songte-company-3.webp\" alt=\"Imaginea companiei\"><\/p>\n<h3>Profesionalism<\/h3>\n<p>Prioritiz\u0103m profesionalismul \u00een fiecare aspect al opera\u021biunilor noastre, inclusiv dezvoltarea de produse, fabrica\u021bie \u0219i serviciul clien\u021bi.<\/p>\n<h3>Certific\u0103ri interna\u021bionale<\/h3>\n<p>Produsele noastre au ob\u021binut certific\u0103ri interna\u021bionale, garant\u00e2nd c\u0103 performan\u021ba \u0219i calitatea lor \u00eendeplinesc cele mai \u00eenalte standarde.<\/p>\n<h3>Servicii de personalizare<\/h3>\n<p>Oferim servicii personalizate pentru a satisface cerin\u021bele \u0219i specifica\u021biile unice ale clien\u021bilor.<\/p>\n<h3>Echipamente de produc\u021bie<\/h3>\n<p>Folosim echipamente de produc\u021bie de ultim\u0103 genera\u021bie pentru a asigura precizia \u0219i eficien\u021ba \u00een fabrica\u021bie.<\/p>\n<h3>Serviciu post-v\u00e2nzare<\/h3>\n<p>Oferim servicii complete post-v\u00e2nzare, inclusiv \u00eenlocuirea \u0219i recondi\u021bionarea pieselor, pentru a prelungi durata de via\u021b\u0103 a cilindrilor no\u0219tri hidraulici.<\/p>\n<hr>\n<p>Autor: lyl<\/p>\n<p><\/body><br \/>\n<\/html><\/p>","protected":false},"excerpt":{"rendered":"<p>Bucket Cylinder For Atlas 2307LC Bucket Cylinder For Atlas 2307LC Introduction The Bucket Cylinder for Atlas 2307LC is a specially designed hydraulic cylinder used to control the movement of the bucket in heavy machinery such as excavators, backhoe loaders, and front-end loaders. Its main function is to enable the lifting, lowering, and tilting of the [&hellip;]<\/p>","protected":false},"featured_media":14771,"comment_status":"open","ping_status":"closed","template":"","meta":{"_et_pb_use_builder":"","_et_pb_old_content":"","_et_gb_content_width":""},"product_brand":[],"product_cat":[1494],"product_tag":[1495,1496],"class_list":{"0":"post-15922","1":"product","2":"type-product","3":"status-publish","4":"has-post-thumbnail","6":"product_cat-bucket-cylinders","7":"product_tag-bucket-cylinders","8":"product_tag-hydraulic-cylinders","10":"first","11":"instock","12":"shipping-taxable","13":"product-type-simple"},"amp_enabled":true,"_links":{"self":[{"href":"https:\/\/www.hydraulic-cylinders.net\/ro\/wp-json\/wp\/v2\/product\/15922","targetHints":{"allow":["GET"]}}],"collection":[{"href":"https:\/\/www.hydraulic-cylinders.net\/ro\/wp-json\/wp\/v2\/product"}],"about":[{"href":"https:\/\/www.hydraulic-cylinders.net\/ro\/wp-json\/wp\/v2\/types\/product"}],"replies":[{"embeddable":true,"href":"https:\/\/www.hydraulic-cylinders.net\/ro\/wp-json\/wp\/v2\/comments?post=15922"}],"wp:featuredmedia":[{"embeddable":true,"href":"https:\/\/www.hydraulic-cylinders.net\/ro\/wp-json\/wp\/v2\/media\/14771"}],"wp:attachment":[{"href":"https:\/\/www.hydraulic-cylinders.net\/ro\/wp-json\/wp\/v2\/media?parent=15922"}],"wp:term":[{"taxonomy":"product_brand","embeddable":true,"href":"https:\/\/www.hydraulic-cylinders.net\/ro\/wp-json\/wp\/v2\/product_brand?post=15922"},{"taxonomy":"product_cat","embeddable":true,"href":"https:\/\/www.hydraulic-cylinders.net\/ro\/wp-json\/wp\/v2\/product_cat?post=15922"},{"taxonomy":"product_tag","embeddable":true,"href":"https:\/\/www.hydraulic-cylinders.net\/ro\/wp-json\/wp\/v2\/product_tag?post=15922"}],"curies":[{"name":"wp","href":"https:\/\/api.w.org\/{rel}","templated":true}]}}