{"id":15928,"date":"2025-01-19T15:10:41","date_gmt":"2025-01-19T15:10:41","guid":{"rendered":"https:\/\/www.hydraulic-cylinders.net\/product\/bucket-cylinder-for-bonny-ce400-5-400-7\/"},"modified":"2025-01-19T15:10:43","modified_gmt":"2025-01-19T15:10:43","slug":"bucket-cylinder-for-bonny-ce400-5-400-7","status":"publish","type":"product","link":"https:\/\/www.hydraulic-cylinders.net\/ro\/produs\/bucket-cylinder-for-bonny-ce400-5-400-7\/","title":{"rendered":"Cilindru cu cup\u0103 pentru Bonny CE400-5\/400-7"},"content":{"rendered":"<h1>Cilindru cu cup\u0103 pentru Bonny CE400-5\/400-7<\/h1>\n<h2>Introducere<\/h2>\n<p>Cilindrul cupei pentru Bonny CE400-5\/400-7 este un cilindru hidraulic special conceput, utilizat \u00een principal la utilaje grele pentru a controla mi\u0219carea cupei, cum ar fi excavatoarele, excavatoarele cu buldoexcavatoare \u0219i \u00eenc\u0103rc\u0103toarele frontale. Func\u021bia sa principal\u0103 este de a ridica, cobor\u00ee \u0219i \u00eenclina cupa, facilit\u00e2nd gestionarea diverselor sarcini de manipulare a materialelor. \u00cen sistemul hidraulic, cilindrul cupei realizeaz\u0103 un control precis al cupei prin modificarea presiunii uleiului hidraulic, permi\u021b\u00e2nd operatorilor s\u0103 manipuleze eficient obiecte grele \u0219i s\u0103 se adapteze la medii de lucru complexe \u0219i cerin\u021be de lucru diversificate.<\/p>\n<p><img decoding=\"async\" src=\"https:\/\/www.hydraulic-cylinders.net\/wp-content\/uploads\/2025\/01\/songte-company-2.webp\" alt=\"Imaginea cilindrului cupei\"><\/p>\n<h2>Caracteristici<\/h2>\n<ul>\n<li>Rezisten\u021b\u0103 \u0219i durabilitate ridicate: De obicei, fabricate din o\u021bel sau aluminiu de \u00eenalt\u0103 rezisten\u021b\u0103, pot rezista la presiuni ridicate \u0219i sarcini grele, se adapteaz\u0103 la medii de lucru dure \u0219i sunt proiectate cu rezisten\u021b\u0103 la uzur\u0103 \u0219i coroziune pentru a prelungi durata de via\u021b\u0103.<\/li>\n<li>Func\u021bionare hidraulic\u0103 eficient\u0103: Ac\u021biunea telescopic\u0103 lin\u0103 se ob\u021bine folosind presiunea uleiului hidraulic, care poate r\u0103spunde rapid la comenzile de control, ofer\u0103 for\u021be puternice de \u00eempingere \u0219i tragere \u0219i este potrivit pentru manipularea obiectelor grele \u0219i a sarcinilor complexe.<\/li>\n<li>Diverse tipuri: Cilindrii cu ac\u021biune simpl\u0103 (hidraulica este utilizat\u0103 doar \u00eentr-o singur\u0103 direc\u021bie) sau cu ac\u021biune dubl\u0103 (hidraulica este utilizat\u0103 \u00een ambele direc\u021bii) pot fi selecta\u021bi \u00een func\u021bie de cerin\u021be pentru a satisface diferite nevoi de func\u021bionare. Unele modele sunt telescopice, permi\u021b\u00e2nd o extensie mai mare f\u0103r\u0103 a cre\u0219te dimensiunile exterioare, potrivite pentru aplica\u021bii cu spa\u021biu limitat.<\/li>\n<li>U\u0219or de \u00eenlocuit: Produsele noastre pot \u00eenlocui perfect ace\u0219ti cilindri hidraulici.<\/li>\n<\/ul>\n<p><img decoding=\"async\" src=\"https:\/\/www.hydraulic-cylinders.net\/wp-content\/uploads\/2025\/01\/songte-cylinder-head-with-all-kinds-excavator-models.webp\" alt=\"Imagine de \u00eenlocuire a cilindrului cupei\"><\/p>\n<h2>Aplica\u021bii<\/h2>\n<p>Cilindrul cu cup\u0103 are aplica\u021bii extinse \u00een diverse domenii, cum ar fi:<\/p>\n<h3>Echipamente de construc\u021bii<\/h3>\n<p>\u00cen excavatoare, acestea sunt esen\u021biale pentru excavare, \u00eenc\u0103rcare \u0219i mutarea solului sau a resturilor. \u00cen excavatoarele cu buldoexcavatoare, cilindrii cupei ajut\u0103 at\u00e2t la s\u0103pare, c\u00e2t \u0219i la ridicare. \u00cen cazul \u00eenc\u0103rc\u0103toarelor frontale, ace\u0219tia ajut\u0103 la ridicarea \u0219i bascularea eficient\u0103 a m\u0103rfurilor.<\/p>\n<h3>Ma\u0219ini agricole<\/h3>\n<p>Folosit pentru \u00eenc\u0103rc\u0103toare frontale pentru ridicarea, ridicarea \u0219i transportul solului, f\u00e2nului \u0219i altor materiale. La excavatoare, cilindrii cupei realizeaz\u0103 excavarea permi\u021b\u00e2nd cupei s\u0103 p\u0103trund\u0103 \u00een sol.<\/p>\n<h2>Considera\u021bii de proiectare \u0219i criterii de selec\u021bie<\/h2>\n<p>\u00cen ceea ce prive\u0219te considera\u021biile de proiectare, cilindrul cupei trebuie s\u0103 poat\u0103 suporta sarcini, s\u0103 \u00ee\u0219i men\u021bin\u0103 etan\u0219eitatea \u0219i s\u0103 fie durabil, sigur \u0219i reparabil. Punctele cheie includ:<\/p>\n<ul>\n<li>Capacitate de \u00eenc\u0103rcare: Cilindrul cupei trebuie s\u0103 poat\u0103 suporta sarcina materialelor manipulate.<\/li>\n<li>Etan\u0219abilitate: Se utilizeaz\u0103 diverse componente de etan\u0219are, cum ar fi etan\u0219\u0103rile pistonului \u0219i etan\u0219\u0103rile tijei, \u0219i se selecteaz\u0103 componente de etan\u0219are fabricate din materiale rezistente la uzur\u0103, cum ar fi poliuretanul \u0219i cauciucul nitrilic.<\/li>\n<li>Durabilitate: Corpul cilindrului \u0219i suprafe\u021bele filetate ale cap\u0103tului sunt prelucrate fin pentru a \u00eembun\u0103t\u0103\u021bi rezisten\u021ba la uzur\u0103 \u0219i sunt selectate materiale rezistente la uzur\u0103 \u0219i la coroziune.<\/li>\n<li>Siguran\u021b\u0103: Cilindrul trebuie proiectat \u021bin\u00e2nd cont de aspecte de siguran\u021b\u0103, cum ar fi prevenirea scurgerilor de ulei \u0219i asigurarea faptului c\u0103 poate rezista la presiune \u0219i sarcini grele.<\/li>\n<li>Reparabilitate: Cilindrul trebuie s\u0103 fie u\u0219or de demontat \u0219i asamblat pentru a facilita \u00eentre\u021binerea \u0219i repararea.<\/li>\n<\/ul>\n<p><img decoding=\"async\" src=\"https:\/\/www.hydraulic-cylinders.net\/wp-content\/uploads\/2025\/01\/songte-oil-pipes-and-spare-parts.webp\" alt=\"Imagine de design a cilindrului cu g\u0103leat\u0103\"><\/p>\n<h2>Etan\u0219are \u0219i lubrifiere<\/h2>\n<p>\u00cen cilindrul cupei se utilizeaz\u0103 diverse componente de etan\u0219are, cum ar fi etan\u0219\u0103rile pistonului \u0219i etan\u0219\u0103rile tijei, \u0219i sunt selectate componente de etan\u0219are fabricate din materiale rezistente la uzur\u0103, cum ar fi poliuretanul \u0219i cauciucul nitrilic. Corpul cilindrului \u0219i suprafe\u021bele filetate ale cap\u0103tului sunt prelucrate fin pentru a \u00eembun\u0103t\u0103\u021bi rezisten\u021ba la uzur\u0103, iar uleiul hidraulic este ad\u0103ugat \u00een mod regulat pentru lubrifiere.<\/p>\n<h2>\u00centre\u021binere \u0219i repara\u021bii<\/h2>\n<p>Inspec\u021bia regulat\u0103, lubrifierea corespunz\u0103toare, \u00eenlocuirea garniturilor \u0219i verific\u0103rile de calibrare sunt sarcini comune de \u00eentre\u021binere. Instalarea, lubrifierea \u0219i reglarea corecte sunt importante. \u00cen timpul instal\u0103rii, cilindrul trebuie aliniat corect, iar pentru fixare trebuie utilizate console de instalare adecvate. Sunt disponibile proceduri recomandate de inspec\u021bie, reparare \u0219i \u00eenlocuire, precum \u0219i piese de schimb \u0219i servicii de reconstruc\u021bie pentru a prelungi durata de via\u021b\u0103 a cilindrului cupei.<\/p>\n<p><img decoding=\"async\" src=\"https:\/\/www.hydraulic-cylinders.net\/wp-content\/uploads\/2025\/01\/songte-chushion-collar.webp\" alt=\"Imagine de reparare a cilindrului cupei\"><\/p>\n<h2>Considera\u021bii de siguran\u021b\u0103 \u0219i factori de mediu<\/h2>\n<p>C\u00e2nd se utilizeaz\u0103 cilindrul cu cup\u0103, m\u0103surile de siguran\u021b\u0103 sunt esen\u021biale pentru a preveni accidentele. Este important s\u0103 se respecte instruc\u021biunile produc\u0103torului \u0219i s\u0103 se \u00eentre\u021bin\u0103 corespunz\u0103tor cilindrul. Factorii de mediu, cum ar fi temperatura \u0219i umiditatea, trebuie, de asemenea, lua\u021bi \u00een considerare la depozitarea sau operarea cilindrului.<\/p>\n<h2>Depanare \u0219i probleme frecvente<\/h2>\n<p>Problemele frecvente legate de cilindrul cupei includ scurgeri de ulei, deteriorarea garniturilor de etan\u0219are \u0219i uzura excesiv\u0103 a cilindrului. Depanarea \u0219i rezolvarea acestor probleme necesit\u0103 cuno\u0219tin\u021be despre sistemele hidraulice \u0219i despre designul cilindrului. Inspec\u021bia \u0219i \u00eentre\u021binerea regulat\u0103 pot ajuta la prevenirea apari\u021biei acestor probleme.<\/p>\n<p><img decoding=\"async\" src=\"https:\/\/www.hydraulic-cylinders.net\/wp-content\/uploads\/2025\/01\/songte-bushings-with-all-kinds-of-excavator-models.webp\" alt=\"Imagine cu probleme comune ale cilindrului cupei\"><\/p>\n<h2>Despre compania noastr\u0103<\/h2>\n<p>Suntem produc\u0103tori de cilindri hidraulici de schimb cu o gam\u0103 complet\u0103 de produse \u0219i am devenit unul dintre principalii produc\u0103tori \u0219i distribuitori angro de cilindri hidraulici pe pie\u021bele interne \u0219i externe. Urm\u0103m principiul calit\u0103\u021bii excep\u021bionale, ne baz\u0103m pe strategii de management al produc\u021biei industriale \u00een ateliere de fabrica\u021bie sofisticate \u0219i \u00eembun\u0103t\u0103\u021bim continuu platforma de fabrica\u021bie a atelierului prin aplicarea talentelor tehnice, a echipamentelor digitale de fabrica\u021bie de ultim\u0103 genera\u021bie \u0219i a sistemelor profesionale de testare, perfec\u021bion\u00e2nd calitatea produc\u021biei produselor. Avem abilit\u0103\u021bi creative puternice, ader\u0103m la principii de \u00eenalt\u0103 eficien\u021b\u0103, precizie ridicat\u0103 \u0219i calitate superioar\u0103 pentru a satisface nevoile diverse ale clien\u021bilor.<\/p>\n<p><img decoding=\"async\" src=\"https:\/\/hzpt.com\/wp-content\/uploads\/2024\/11\/songte-company-1.webp\" alt=\"Despre imaginea companiei noastre\"><\/p>\n<h3>Profesionalism<\/h3>\n<p>Avem o echip\u0103 de profesioni\u0219ti cu \u00eenalt\u0103 calificare \u0219i experien\u021b\u0103 \u00een domeniul cilindrilor hidraulici. Concentrarea noastr\u0103 pe controlul calit\u0103\u021bii \u0219i testare garanteaz\u0103 c\u0103 produsele noastre \u00eendeplinesc sau chiar dep\u0103\u0219esc standardele industriei.<\/p>\n<h3>Certificare interna\u021bional\u0103<\/h3>\n<p>Produsele noastre au ob\u021binut diverse certific\u0103ri interna\u021bionale, precum ISO, CE \u0219i SGS, asigur\u00e2nd c\u0103 produsele noastre respect\u0103 cele mai \u00eenalte standarde de calitate.<\/p>\n<h3>Servicii de personalizare<\/h3>\n<p>Oferim servicii personalizate pentru a satisface nevoile specifice ale clien\u021bilor no\u0219tri.<\/p>\n<h3>Echipamente de produc\u021bie<\/h3>\n<p>Procesul nostru de fabrica\u021bie se bazeaz\u0103 pe echipamente digitale avansate de \u00eenalt\u0103 precizie pentru a asigura produse de cea mai \u00eenalt\u0103 calitate.<\/p>\n<h3>Serviciu post-v\u00e2nzare<\/h3>\n<p>Oferim servicii post-v\u00e2nzare pentru a ne asigura c\u0103 clien\u021bii no\u0219tri primesc cel mai bun suport \u0219i satisfac\u021bie posibile.<\/p>\n<p>Autor: lyl.<\/p>","protected":false},"excerpt":{"rendered":"<p>Bucket Cylinder For Bonny CE400-5\/400-7 Introduction The bucket cylinder for Bonny CE400-5\/400-7 is a specially designed hydraulic cylinder used mainly in heavy machinery to control the movement of the bucket, such as excavators, backhoe excavators, and front-end loaders. Its main function is to lift, lower, and tilt the bucket, making it easier to handle various [&hellip;]<\/p>","protected":false},"featured_media":14788,"comment_status":"open","ping_status":"closed","template":"","meta":{"_et_pb_use_builder":"","_et_pb_old_content":"","_et_gb_content_width":""},"product_brand":[],"product_cat":[1494],"product_tag":[1495,1496],"class_list":{"0":"post-15928","1":"product","2":"type-product","3":"status-publish","4":"has-post-thumbnail","6":"product_cat-bucket-cylinders","7":"product_tag-bucket-cylinders","8":"product_tag-hydraulic-cylinders","10":"first","11":"instock","12":"shipping-taxable","13":"product-type-simple"},"amp_enabled":true,"_links":{"self":[{"href":"https:\/\/www.hydraulic-cylinders.net\/ro\/wp-json\/wp\/v2\/product\/15928","targetHints":{"allow":["GET"]}}],"collection":[{"href":"https:\/\/www.hydraulic-cylinders.net\/ro\/wp-json\/wp\/v2\/product"}],"about":[{"href":"https:\/\/www.hydraulic-cylinders.net\/ro\/wp-json\/wp\/v2\/types\/product"}],"replies":[{"embeddable":true,"href":"https:\/\/www.hydraulic-cylinders.net\/ro\/wp-json\/wp\/v2\/comments?post=15928"}],"wp:featuredmedia":[{"embeddable":true,"href":"https:\/\/www.hydraulic-cylinders.net\/ro\/wp-json\/wp\/v2\/media\/14788"}],"wp:attachment":[{"href":"https:\/\/www.hydraulic-cylinders.net\/ro\/wp-json\/wp\/v2\/media?parent=15928"}],"wp:term":[{"taxonomy":"product_brand","embeddable":true,"href":"https:\/\/www.hydraulic-cylinders.net\/ro\/wp-json\/wp\/v2\/product_brand?post=15928"},{"taxonomy":"product_cat","embeddable":true,"href":"https:\/\/www.hydraulic-cylinders.net\/ro\/wp-json\/wp\/v2\/product_cat?post=15928"},{"taxonomy":"product_tag","embeddable":true,"href":"https:\/\/www.hydraulic-cylinders.net\/ro\/wp-json\/wp\/v2\/product_tag?post=15928"}],"curies":[{"name":"wp","href":"https:\/\/api.w.org\/{rel}","templated":true}]}}