{"id":15929,"date":"2025-01-19T15:10:45","date_gmt":"2025-01-19T15:10:45","guid":{"rendered":"https:\/\/www.hydraulic-cylinders.net\/product\/bucket-cylinder-for-bonny-wy160ahd\/"},"modified":"2025-01-19T15:10:47","modified_gmt":"2025-01-19T15:10:47","slug":"bucket-cylinder-for-bonny-wy160ahd","status":"publish","type":"product","link":"https:\/\/www.hydraulic-cylinders.net\/ro\/produs\/bucket-cylinder-for-bonny-wy160ahd\/","title":{"rendered":"Cilindru cu cup\u0103 pentru Bonny WY160AHD"},"content":{"rendered":"<h1>Cilindru cu cup\u0103 pentru Bonny WY160AHD<\/h1>\n<h2>Introducere<\/h2>\n<p>Cilindrul cupei pentru Bonny WY160AHD este un cilindru hidraulic specializat, conceput pentru controlul mi\u0219c\u0103rii cupelor \u00een utilaje grele, cum ar fi excavatoarele, \u00eenc\u0103rc\u0103toarele excavatoare \u0219i \u00eenc\u0103rc\u0103toarele frontale. Func\u021bia sa principal\u0103 este de a permite ridicarea, cobor\u00e2rea \u0219i \u00eenclinarea cupei, facilit\u00e2nd diverse sarcini de manipulare a materialelor. \u00centr-un sistem hidraulic, cilindrul cupei realizeaz\u0103 un control precis al cupei prin utilizarea schimb\u0103rilor de presiune ale uleiului hidraulic, permi\u021b\u00e2nd operatorilor s\u0103 manipuleze eficient sarcini grele \u0219i s\u0103 se adapteze la medii de lucru complexe \u0219i cerin\u021be diverse ale lucr\u0103rilor.<\/p>\n<p><img decoding=\"async\" src=\"https:\/\/www.hydraulic-cylinders.net\/wp-content\/uploads\/2025\/01\/songte-company-2.webp\"><\/p>\n<h2>Caracteristici<\/h2>\n<ul>\n<li>Rezisten\u021b\u0103 \u0219i durabilitate ridicate: De obicei, fabricate din o\u021bel sau aluminiu de \u00eenalt\u0103 rezisten\u021b\u0103, capabile s\u0103 reziste la presiuni ridicate \u0219i sarcini grele, adapt\u00e2ndu-se la medii de lucru dure. Designul ia \u00een considerare rezisten\u021ba la uzur\u0103 \u0219i la coroziune, prelungindu-i durata de via\u021b\u0103.<\/li>\n<li>Func\u021bionare hidraulic\u0103 eficient\u0103: Utilizeaz\u0103 presiunea uleiului hidraulic pentru a ob\u021bine ac\u021biuni telescopice line, permi\u021b\u00e2nd un r\u0103spuns rapid la comenzile de control, oferind for\u021be puternice de \u00eempingere \u0219i tragere, potrivite pentru manipularea sarcinilor grele \u0219i a sarcinilor complexe.<\/li>\n<li>Diverse tipuri: Alege\u021bi \u00eentre cilindri cu ac\u021biune simpl\u0103 (sistem hidraulic utilizat \u00eentr-o singur\u0103 direc\u021bie) sau cu ac\u021biune dubl\u0103 (sistem hidraulic utilizat \u00een dou\u0103 direc\u021bii) \u00een func\u021bie de nevoile opera\u021bionale specifice. Unele modele sunt telescopice, permi\u021b\u00e2nd o extensie mai mare f\u0103r\u0103 a cre\u0219te dimensiunile exterioare, potrivite pentru aplica\u021bii cu spa\u021biu limitat.<\/li>\n<li>\u00cenlocuitor perfect: Produsele noastre pot \u00eenlocui perfect ace\u0219ti cilindri hidraulici.<\/li>\n<\/ul>\n<p><img decoding=\"async\" src=\"https:\/\/www.hydraulic-cylinders.net\/wp-content\/uploads\/2025\/01\/songte-cylinder-head-with-all-kinds-excavator-models.webp\"><\/p>\n<h2>Aplica\u021bii<\/h2>\n<p>Cilindrul cupei pentru Bonny WY160AHD \u00ee\u0219i g\u0103se\u0219te aplica\u021bii \u00een diverse domenii, inclusiv:<\/p>\n<ol>\n<li>Echipamente de construc\u021bii: \u00cen excavatoare, acestea sunt esen\u021biale pentru s\u0103pare, \u00eenc\u0103rcare \u0219i mutarea solului sau a resturilor. \u00cen cazul \u00eenc\u0103rc\u0103toarelor excavatoare, cilindrul cupei ajut\u0103 at\u00e2t la opera\u021biunile de s\u0103pare, c\u00e2t \u0219i la cele de ridicare.<\/li>\n<li>Ma\u0219ini agricole: utilizate \u00een \u00eenc\u0103rc\u0103toare frontale pentru scobere, ridicare \u0219i transportul solului, f\u00e2nului \u0219i altor materiale.<\/li>\n<li>Excavatoare: Cilindrul cupei permite ac\u021biunile de s\u0103pare permi\u021b\u00e2nd cupei s\u0103 p\u0103trund\u0103 \u00een sol.<\/li>\n<li>\u00cenc\u0103rc\u0103toare frontale: \u00cen cazul \u00eenc\u0103rc\u0103toarelor frontale, acestea ajut\u0103 la ridicarea \u0219i desc\u0103rcarea eficient\u0103 a m\u0103rfurilor.<\/li>\n<\/ol>\n<h2>Considera\u021bii de proiectare \u0219i criterii de selec\u021bie<\/h2>\n<p>C\u00e2nd vine vorba de considera\u021bii de proiectare \u0219i criterii de selec\u021bie a cilindrului cupei, se iau \u00een considerare factori cheie precum capacitatea portant\u0103, etan\u0219area, durabilitatea, siguran\u021ba \u0219i mentenan\u021ba.<\/p>\n<p><img decoding=\"async\" src=\"https:\/\/www.hydraulic-cylinders.net\/wp-content\/uploads\/2025\/01\/songte-oil-pipes-and-spare-parts.webp\"><\/p>\n<h2>Etan\u0219are \u0219i lubrifiere<\/h2>\n<p>Cilindrul cupei utilizeaz\u0103 diverse componente de etan\u0219are, cum ar fi etan\u0219\u0103ri de piston \u0219i etan\u0219\u0103ri de tij\u0103, fabricate din materiale rezistente la uzur\u0103, cum ar fi poliuretanul \u0219i cauciucul nitrilic. Corpul cilindrului \u0219i capetele filetate sunt supuse unei prelucr\u0103ri fine pentru a spori rezisten\u021ba la uzur\u0103. Lubrifierea regulat\u0103 cu ulei hidraulic adecvat este necesar\u0103 pentru a asigura o func\u021bionare f\u0103r\u0103 probleme \u0219i longevitatea cilindrului.<\/p>\n<h2>Inspec\u021bie regulat\u0103 \u0219i \u00eentre\u021binere preventiv\u0103<\/h2>\n<p>Pentru a men\u021bine performan\u021ba optim\u0103, trebuie implementate inspec\u021bii regulate \u0219i m\u0103suri de \u00eentre\u021binere preventiv\u0103. Acestea includ verificarea scurgerilor, lubrifierea corespunz\u0103toare, \u00eenlocuirea garniturilor de etan\u0219are \u0219i verific\u0103ri ale calibr\u0103rii.<\/p>\n<h2>Instalarea corect\u0103 a produsului<\/h2>\n<p>Instalarea corect\u0103 a cilindrului cupei este crucial\u0103 pentru func\u021bionarea sa eficient\u0103 \u0219i sigur\u0103. \u00cen timpul procesului de instalare trebuie furnizate \u00eendrum\u0103ri de aliniere pentru cilindru \u0219i se recomand\u0103 utilizarea unor console de montare adecvate pentru fixarea cilindrului. Trebuie furnizate proceduri recomandate pentru inspec\u021bie, reparare \u0219i \u00eenlocuire, \u00eempreun\u0103 cu sfaturi pentru cre\u0219terea longevit\u0103\u021bii cilindrului.<\/p>\n<p><img decoding=\"async\" src=\"https:\/\/www.hydraulic-cylinders.net\/wp-content\/uploads\/2025\/01\/songte-chushion-collar.webp\"><\/p>\n<h2>Considera\u021bii de siguran\u021b\u0103 \u0219i factori de mediu<\/h2>\n<p>Eviden\u021bierea importan\u021bei m\u0103surilor de siguran\u021b\u0103 atunci c\u00e2nd se utilizeaz\u0103 cilindrul cupei cu ajutorul cuvintelor cheie \u0219i abordarea factorilor de mediu este esen\u021bial\u0103.<\/p>\n<h2>Depanare \u0219i probleme frecvente<\/h2>\n<p>Identificarea problemelor comune ale cilindrului cupei \u0219i oferirea de sfaturi \u0219i solu\u021bii de depanare pentru a diagnostica \u0219i rezolva eficient problemele, precum \u0219i sugerarea de m\u0103suri preventive pentru a minimiza poten\u021bialele probleme.<\/p>\n<p><img decoding=\"async\" src=\"https:\/\/www.hydraulic-cylinders.net\/wp-content\/uploads\/2025\/01\/songte-bushings-with-all-kinds-of-excavator-models.webp\"><\/p>\n<h2>Despre compania noastr\u0103<\/h2>\n<p>Suntem produc\u0103tori de cilindri hidraulici de schimb \u0219i unul dintre principalii produc\u0103tori \u0219i distribuitori angro pe pie\u021bele interne \u0219i interna\u021bionale. Concentr\u00e2ndu-ne pe o calitate excelent\u0103, ne baz\u0103m pe strategii industrializate de management al produc\u021biei \u00een atelierele noastre de fabrica\u021bie rafinate. Prin utilizarea talentelor tehnice, a echipamentelor de fabrica\u021bie de ultim\u0103 genera\u021bie \u0219i a sistemelor profesionale de testare, ne \u00eembun\u0103t\u0103\u021bim continuu platforma de fabrica\u021bie \u0219i perfec\u021bion\u0103m linia de produc\u021bie pentru calitatea produselor. De\u021binem capacit\u0103\u021bi inovatoare puternice \u0219i ne propunem s\u0103 satisfacem diversele nevoi ale clien\u021bilor cu eficien\u021b\u0103, precizie \u0219i calitate ridicate.<\/p>\n<p><img decoding=\"async\" src=\"https:\/\/hzpt.com\/wp-content\/uploads\/2024\/11\/songte-company-1.webp\"><\/p>\n<p>\u00cen plus, extindem gama de produse ale companiei noastre prin profesionalism, certific\u0103ri interna\u021bionale, servicii personalizate, echipamente de produc\u021bie \u0219i servicii post-v\u00e2nzare.<\/p>\n<p><img decoding=\"async\" src=\"https:\/\/www.hydraulic-cylinders.net\/wp-content\/uploads\/2025\/01\/songte-company-3.webp\"><\/p>\n<p>Autor: lyl<\/p>","protected":false},"excerpt":{"rendered":"<p>Bucket Cylinder For Bonny WY160AHD Introduction The bucket cylinder for Bonny WY160AHD is a specialized hydraulic cylinder designed for controlling the movement of buckets in heavy machinery such as excavators, backhoe loaders, and front-end loaders. Its main function is to enable the lifting, lowering, and tilting of the bucket, making it easier for various material [&hellip;]<\/p>","protected":false},"featured_media":14787,"comment_status":"open","ping_status":"closed","template":"","meta":{"_et_pb_use_builder":"","_et_pb_old_content":"","_et_gb_content_width":""},"product_brand":[],"product_cat":[1494],"product_tag":[1495,1496],"class_list":{"0":"post-15929","1":"product","2":"type-product","3":"status-publish","4":"has-post-thumbnail","6":"product_cat-bucket-cylinders","7":"product_tag-bucket-cylinders","8":"product_tag-hydraulic-cylinders","10":"first","11":"instock","12":"shipping-taxable","13":"product-type-simple"},"amp_enabled":true,"_links":{"self":[{"href":"https:\/\/www.hydraulic-cylinders.net\/ro\/wp-json\/wp\/v2\/product\/15929","targetHints":{"allow":["GET"]}}],"collection":[{"href":"https:\/\/www.hydraulic-cylinders.net\/ro\/wp-json\/wp\/v2\/product"}],"about":[{"href":"https:\/\/www.hydraulic-cylinders.net\/ro\/wp-json\/wp\/v2\/types\/product"}],"replies":[{"embeddable":true,"href":"https:\/\/www.hydraulic-cylinders.net\/ro\/wp-json\/wp\/v2\/comments?post=15929"}],"wp:featuredmedia":[{"embeddable":true,"href":"https:\/\/www.hydraulic-cylinders.net\/ro\/wp-json\/wp\/v2\/media\/14787"}],"wp:attachment":[{"href":"https:\/\/www.hydraulic-cylinders.net\/ro\/wp-json\/wp\/v2\/media?parent=15929"}],"wp:term":[{"taxonomy":"product_brand","embeddable":true,"href":"https:\/\/www.hydraulic-cylinders.net\/ro\/wp-json\/wp\/v2\/product_brand?post=15929"},{"taxonomy":"product_cat","embeddable":true,"href":"https:\/\/www.hydraulic-cylinders.net\/ro\/wp-json\/wp\/v2\/product_cat?post=15929"},{"taxonomy":"product_tag","embeddable":true,"href":"https:\/\/www.hydraulic-cylinders.net\/ro\/wp-json\/wp\/v2\/product_tag?post=15929"}],"curies":[{"name":"wp","href":"https:\/\/api.w.org\/{rel}","templated":true}]}}