{"id":15932,"date":"2025-01-19T15:10:59","date_gmt":"2025-01-19T15:10:59","guid":{"rendered":"https:\/\/www.hydraulic-cylinders.net\/product\/bucket-cylinder-for-bonny-wzyd18-6\/"},"modified":"2025-01-19T15:11:02","modified_gmt":"2025-01-19T15:11:02","slug":"bucket-cylinder-for-bonny-wzyd18-6","status":"publish","type":"product","link":"https:\/\/www.hydraulic-cylinders.net\/ro\/produs\/bucket-cylinder-for-bonny-wzyd18-6\/","title":{"rendered":"Cilindru cu cup\u0103 pentru Bonny WZYD18-6"},"content":{"rendered":"<h1>Cilindru cu cup\u0103 pentru Bonny WZYD18-6<\/h1>\n<h2>Introducere<\/h2>\n<p>Cilindrul cupei pentru Bonny WZYD18-6 este un tip de cilindru hidraulic specializat, conceput pentru a controla mi\u0219carea cupei \u00een utilaje grele, cum ar fi excavatoarele, excavatoarele cu buldoexcavatoare \u0219i \u00eenc\u0103rc\u0103toare frontale. Func\u021bia sa principal\u0103 este de a facilita ridicarea, cobor\u00e2rea \u0219i \u00eenclinarea cupei, permi\u021b\u00e2nd astfel manipularea eficient\u0103 a diferitelor materiale. \u00cen sistemul hidraulic, cilindrul cupei realizeaz\u0103 un control precis al cupei prin varia\u021bia presiunii uleiului hidraulic, permi\u021b\u00e2nd operatorilor s\u0103 manipuleze eficient sarcini grele \u0219i s\u0103 se adapteze la medii de lucru complexe \u0219i cerin\u021be opera\u021bionale diverse.<\/p>\n<p><img decoding=\"async\" src=\"https:\/\/www.hydraulic-cylinders.net\/wp-content\/uploads\/2025\/01\/songte-company-2.webp\" alt=\"Cilindru cu cup\u0103 pentru Bonny WZYD18-6\"><\/p>\n<h2>Caracteristici ale produsului<\/h2>\n<ul>\n<li>\n<h3>Rezisten\u021b\u0103 \u0219i durabilitate ridicate<\/h3>\n<p>De obicei fabricat din o\u021bel sau aluminiu de \u00eenalt\u0103 rezisten\u021b\u0103, cilindrul cupei poate rezista la presiuni ridicate \u0219i sarcini grele, adapt\u00e2ndu-se la medii de lucru dure. Designul s\u0103u ia \u00een considerare rezisten\u021ba la uzur\u0103 \u0219i rezisten\u021ba la coroziune, prelungindu-i astfel durata de via\u021b\u0103.<\/p>\n<\/li>\n<li>\n<h3>Func\u021bionare hidraulic\u0103 eficient\u0103<\/h3>\n<p>Prin utilizarea presiunii uleiului hidraulic, cilindrul cupei realizeaz\u0103 mi\u0219c\u0103ri line de extensie \u0219i retragere, cu un r\u0103spuns rapid la comenzile de control, oferind for\u021be puternice de \u00eempingere \u0219i tragere, fiind potrivit pentru manipularea sarcinilor grele \u0219i a sarcinilor opera\u021bionale complexe.<\/p>\n<\/li>\n<li>\n<h3>Diverse tipuri<\/h3>\n<p>Cilindrul cupei poate fi selectat ca cilindru cu ac\u021biune simpl\u0103 (folosind sistemul hidraulic \u00eentr-o singur\u0103 direc\u021bie) sau cu ac\u021biune dubl\u0103 (folosind sistemul hidraulic \u00een dou\u0103 direc\u021bii), \u00een func\u021bie de cerin\u021bele opera\u021bionale. Unele modele sunt telescopice, permi\u021b\u00e2nd o extensie mai mare f\u0103r\u0103 a cre\u0219te dimensiunile exterioare, fiind potrivite pentru aplica\u021bii cu spa\u021biu limitat.<\/p>\n<\/li>\n<li>\n<h3>Disponibilitatea produsului<\/h3>\n<p>Produsele noastre pot \u00eenlocui perfect ace\u0219ti cilindri hidraulici \u0219i oferim o varietate de op\u021biuni din care pute\u021bi alege. <\/p>\n<\/li>\n<li>\n<h3>Scenarii de aplica\u021bii<\/h3>\n<p>Cilindrul cupei este utilizat pe scar\u0103 larg\u0103 \u00een diverse industrii, inclusiv echipamente de construc\u021bii, utilaje agricole, excavatoare \u0219i \u00eenc\u0103rc\u0103toare.<\/p>\n<\/li>\n<\/ul>\n<h2>Considera\u021bii de proiectare \u0219i criterii de selec\u021bie<\/h2>\n<p>Cilindrii cupei sunt componente critice ale sistemelor hidraulice \u0219i ar trebui proiecta\u021bi \u0219i selecta\u021bi cu aten\u021bie, lu\u00e2nd \u00een considerare factori precum capacitatea portant\u0103, etan\u0219area, durabilitatea, siguran\u021ba \u0219i mentenan\u021ba. C\u00e2teva dintre considera\u021biile cheie de proiectare \u0219i criteriile de selec\u021bie sunt:<\/p>\n<ul>\n<li>\n<h3>Capacitate portant\u0103<\/h3>\n<p>Cilindrul cupei trebuie s\u0103 poat\u0103 suporta sarcina maxim\u0103 pe care este probabil s\u0103 o \u00eent\u00e2mpine \u00een timpul func\u021bion\u0103rii, f\u0103r\u0103 niciun risc de defec\u021biune. Dimensiunea, tipul \u0219i materialele utilizate \u00een construc\u021bia sa trebuie alese cu aten\u021bie \u00een func\u021bie de aplica\u021bia specific\u0103.<\/p>\n<\/li>\n<li>\n<h3>Sigilare<\/h3>\n<p>Cilindrul cupei trebuie s\u0103 fie etan\u0219at eficient pentru a preveni scurgerile de fluid hidraulic, care ar putea cauza probleme opera\u021bionale \u0219i ar putea cre\u0219te cerin\u021bele de \u00eentre\u021binere. Se pot utiliza diverse tipuri de etan\u0219\u0103ri, cum ar fi etan\u0219\u0103rile pistonului \u0219i etan\u0219\u0103rile tijei, fabricate din materiale precum poliuretanul \u0219i cauciucul nitrilic, pentru a asigura o etan\u0219are eficient\u0103. Corpul cilindrului \u0219i suprafe\u021bele filetate ale cap\u0103tului ar trebui, de asemenea, prelucrate fin pentru a \u00eembun\u0103t\u0103\u021bi rezisten\u021ba la uzur\u0103.<\/p>\n<\/li>\n<li>\n<h3>Durabilitate<\/h3>\n<p>Cilindrul cupei trebuie s\u0103 fie durabil, rezistent la uzur\u0103 \u0219i coroziune \u0219i capabil s\u0103 reziste la condi\u021bii dure de func\u021bionare. Materialele de \u00eenalt\u0103 calitate, procesele precise de fabrica\u021bie \u0219i tratamentele de suprafa\u021b\u0103 adecvate pot contribui la asigurarea unei durate lungi de via\u021b\u0103.<\/p>\n<\/li>\n<li>\n<h3>Siguran\u0163\u0103<\/h3>\n<p>Cilindrul cupei trebuie proiectat pentru a \u00eendeplini cerin\u021bele de siguran\u021b\u0103, cum ar fi evitarea riscului de flambaj sau defec\u021biune brusc\u0103 \u0219i prevenirea eliber\u0103rii fluidului hidraulic sub presiune. Trebuie respectate procedurile corespunz\u0103toare de instalare, \u00eentre\u021binere \u0219i operare pentru a asigura siguran\u021ba.<\/p>\n<\/li>\n<li>\n<h3>Mentenabilitate<\/h3>\n<p>Cilindrul cupei trebuie s\u0103 fie proiectat pentru a facilita \u00eentre\u021binerea \u0219i repararea atunci c\u00e2nd este necesar, inclusiv demontarea \u0219i reasamblarea u\u0219oar\u0103, disponibilitatea pieselor de schimb \u0219i accesul la asisten\u021b\u0103 tehnic\u0103.<\/p>\n<\/li>\n<\/ul>\n<p><img decoding=\"async\" src=\"https:\/\/www.hydraulic-cylinders.net\/wp-content\/uploads\/2025\/01\/songte-oil-pipes-and-spare-parts.webp\" alt=\"Cilindru cu cup\u0103 pentru Bonny WZYD18-6\"><\/p>\n<h2>Etan\u0219are \u0219i lubrifiere<\/h2>\n<p>Cilindrul cupei necesit\u0103 o etan\u0219are \u0219i o lubrifiere eficiente pentru a asigura o func\u021bionare lin\u0103 \u0219i a preveni scurgerile de fluid hidraulic. Diverse tipuri de etan\u0219\u0103ri, cum ar fi etan\u0219\u0103rile pistonului \u0219i etan\u0219\u0103rile tijei, fabricate din materiale precum poliuretanul \u0219i cauciucul nitrilic, pot fi utilizate pentru a asigura o etan\u0219are eficient\u0103. Corpul cilindrului \u0219i suprafe\u021bele filetate ale cap\u0103tului ar trebui, de asemenea, prelucrate fin pentru a \u00eembun\u0103t\u0103\u021bi rezisten\u021ba la uzur\u0103. Ad\u0103ugarea regulat\u0103 de ulei hidraulic adecvat poate asigura lubrifierea corect\u0103 a cilindrului cupei.<\/p>\n<h2>\u00centre\u021binere \u0219i repara\u021bii<\/h2>\n<p>\u00centre\u021binerea \u0219i repara\u021biile regulate sunt esen\u021biale pentru a asigura func\u021bionarea corect\u0103 a cilindrului cupei \u0219i a prelungi durata sa de via\u021b\u0103. Printre sarcinile comune de \u00eentre\u021binere se num\u0103r\u0103 verific\u0103ri regulate, lubrifiere adecvat\u0103 \u0219i verific\u0103ri ale calibr\u0103rii. Instalarea, lubrifierea \u0219i reglarea corect\u0103 sunt, de asemenea, cruciale pentru asigurarea longevit\u0103\u021bii cilindrului cupei. De asemenea, se recomand\u0103 utilizarea suporturilor de instalare adecvate pentru a fixa cilindrul \u0219i respectarea procedurilor recomandate de inspec\u021bie, reparare \u0219i \u00eenlocuire.<\/p>\n<p><img decoding=\"async\" src=\"https:\/\/www.hydraulic-cylinders.net\/wp-content\/uploads\/2025\/01\/songte-chushion-collar.webp\" alt=\"Cilindru cu cup\u0103 pentru Bonny WZYD18-6\"><\/p>\n<h2>Considera\u021bii de siguran\u021b\u0103 \u0219i factori de mediu<\/h2>\n<p>Cilindrii cupei trebuie utiliza\u021bi cu m\u0103suri de siguran\u021b\u0103 adecvate pentru a preveni accidentele \u0219i a asigura func\u021bionarea \u00een siguran\u021b\u0103. Printre factorii de mediu care trebuie lua\u021bi \u00een considerare la utilizarea cilindrului cupei se num\u0103r\u0103 ventila\u021bia adecvat\u0103 \u0219i eliminarea corect\u0103 a fluidului hidraulic.<\/p>\n<h2>Depanare \u0219i probleme frecvente<\/h2>\n<p>Cilindrii cupei pot \u00eent\u00e2mpina diverse probleme de func\u021bionare, cum ar fi scurgeri sau pierderi de presiune. Este esen\u021bial s\u0103 diagnostica\u021bi corect problema \u0219i s\u0103 lua\u021bi m\u0103surile adecvate pentru a o rezolva. Printre problemele \u0219i solu\u021biile comune se num\u0103r\u0103 verificarea lubrifierii corespunz\u0103toare, verificarea garniturilor pentru deterior\u0103ri \u0219i inspectarea componentelor cilindrului pentru uzur\u0103.<\/p>\n<p><img decoding=\"async\" src=\"https:\/\/www.hydraulic-cylinders.net\/wp-content\/uploads\/2025\/01\/songte-bushings-with-all-kinds-of-excavator-models.webp\" alt=\"Cilindru cu cup\u0103 pentru Bonny WZYD18-6\"><\/p>\n<h2>Despre compania noastr\u0103<\/h2>\n<p>Suntem un produc\u0103tor \u0219i distribuitor angro de top de cilindri hidraulici pe pie\u021bele interne \u0219i interna\u021bionale. Produsele noastre sunt de o calitate excelent\u0103 \u0219i urm\u0103m practici de fabrica\u021bie precise \u00een strategia noastr\u0103 de management al produc\u021biei industrializate. Avem o echip\u0103 de profesioni\u0219ti, echipamente de fabrica\u021bie avansate \u0219i sisteme de testare specializate, care ne permit s\u0103 oferim produse de \u00eenalt\u0103 calitate care satisfac nevoile diverse ale clien\u021bilor no\u0219tri. Oferim servicii personalizate, iar produsele noastre sunt certificate interna\u021bional. Compania noastr\u0103 ofer\u0103 o gam\u0103 larg\u0103 de echipamente de produc\u021bie, servicii post-v\u00e2nzare excelente \u0219i avem o capacitate puternic\u0103 de a crea produse de \u00eenalt\u0103 calitate care satisfac nevoile clien\u021bilor.<\/p>\n<ul>\n<li>\n<h3>Profesionalism<\/h3>\n<p>Compania noastr\u0103 are o echip\u0103 de profesioni\u0219ti cu o vast\u0103 experien\u021b\u0103 \u00een domeniul cilindrilor hidraulici \u0219i utiliz\u0103m tehnici de fabrica\u021bie precise pentru a asigura produse de \u00eenalt\u0103 calitate.<\/p>\n<\/li>\n<li>\n<h3>Certificare interna\u021bional\u0103<\/h3>\n<p>Produsele noastre sunt certificate interna\u021bional pentru a garanta c\u0103 \u00eendeplinesc cele mai \u00eenalte standarde de calitate \u0219i siguran\u021b\u0103.<\/p>\n<\/li>\n<li>\n<h3>Serviciu personalizat<\/h3>\n<p>Oferim servicii personalizate pentru a satisface nevoile specifice ale clien\u021bilor no\u0219tri.<\/p>\n<\/li>\n<li>\n<h3>Echipamente de produc\u021bie<\/h3>\n<p>Compania noastr\u0103 dispune de echipamente de produc\u021bie avansate, care ne permit s\u0103 producem eficient produse de \u00eenalt\u0103 calitate.<\/p>\n<\/li>\n<li>\n<h3>Serviciu post-v\u00e2nzare<\/h3>\n<p>Oferim servicii post-v\u00e2nzare excelente pentru a ne asigura c\u0103 clien\u021bii no\u0219tri sunt mul\u021bumi\u021bi de produsele \u0219i serviciile noastre.<\/p>\n<\/li>\n<\/ul>\n<p><img decoding=\"async\" src=\"https:\/\/hzpt.com\/wp-content\/uploads\/2024\/11\/songte-company-1.webp\" alt=\"Cilindru cu cup\u0103 pentru Bonny WZYD18-6\"><\/p>\n<p>Autor: lyl<\/p>","protected":false},"excerpt":{"rendered":"<p>Bucket Cylinder for Bonny WZYD18-6 Introduction The bucket cylinder for Bonny WZYD18-6 is a type of specialized hydraulic cylinder designed to control the movement of the bucket in heavy machinery such as excavators, backhoe excavators, and front-end loaders. Its main function is to facilitate the lifting, lowering, and tilting of the bucket, thereby enabling efficient [&hellip;]<\/p>","protected":false},"featured_media":14782,"comment_status":"open","ping_status":"closed","template":"","meta":{"_et_pb_use_builder":"","_et_pb_old_content":"","_et_gb_content_width":""},"product_brand":[],"product_cat":[1494],"product_tag":[1495,1496],"class_list":{"0":"post-15932","1":"product","2":"type-product","3":"status-publish","4":"has-post-thumbnail","6":"product_cat-bucket-cylinders","7":"product_tag-bucket-cylinders","8":"product_tag-hydraulic-cylinders","10":"first","11":"instock","12":"shipping-taxable","13":"product-type-simple"},"amp_enabled":true,"_links":{"self":[{"href":"https:\/\/www.hydraulic-cylinders.net\/ro\/wp-json\/wp\/v2\/product\/15932","targetHints":{"allow":["GET"]}}],"collection":[{"href":"https:\/\/www.hydraulic-cylinders.net\/ro\/wp-json\/wp\/v2\/product"}],"about":[{"href":"https:\/\/www.hydraulic-cylinders.net\/ro\/wp-json\/wp\/v2\/types\/product"}],"replies":[{"embeddable":true,"href":"https:\/\/www.hydraulic-cylinders.net\/ro\/wp-json\/wp\/v2\/comments?post=15932"}],"wp:featuredmedia":[{"embeddable":true,"href":"https:\/\/www.hydraulic-cylinders.net\/ro\/wp-json\/wp\/v2\/media\/14782"}],"wp:attachment":[{"href":"https:\/\/www.hydraulic-cylinders.net\/ro\/wp-json\/wp\/v2\/media?parent=15932"}],"wp:term":[{"taxonomy":"product_brand","embeddable":true,"href":"https:\/\/www.hydraulic-cylinders.net\/ro\/wp-json\/wp\/v2\/product_brand?post=15932"},{"taxonomy":"product_cat","embeddable":true,"href":"https:\/\/www.hydraulic-cylinders.net\/ro\/wp-json\/wp\/v2\/product_cat?post=15932"},{"taxonomy":"product_tag","embeddable":true,"href":"https:\/\/www.hydraulic-cylinders.net\/ro\/wp-json\/wp\/v2\/product_tag?post=15932"}],"curies":[{"name":"wp","href":"https:\/\/api.w.org\/{rel}","templated":true}]}}