{"id":15934,"date":"2025-01-19T15:11:09","date_gmt":"2025-01-19T15:11:09","guid":{"rendered":"https:\/\/www.hydraulic-cylinders.net\/product\/bucket-cylinder-for-bonny-ced1250-7\/"},"modified":"2025-01-19T15:11:15","modified_gmt":"2025-01-19T15:11:15","slug":"bucket-cylinder-for-bonny-ced1250-7","status":"publish","type":"product","link":"https:\/\/www.hydraulic-cylinders.net\/ro\/produs\/bucket-cylinder-for-bonny-ced1250-7\/","title":{"rendered":"Cilindru cu g\u0103leat\u0103 pentru Bonny CED1250-7"},"content":{"rendered":"<h2>Cilindru cu g\u0103leat\u0103 pentru Bonny CED1250-7<\/h2>\n<p>Cilindrul cupei pentru Bonny CED1250-7 este un cilindru hidraulic specializat, conceput pentru controlul mi\u0219c\u0103rii cupei \u00een utilaje grele, cum ar fi excavatoarele, \u00eenc\u0103rc\u0103toarele excavatoare \u0219i \u00eenc\u0103rc\u0103toarele frontale. Func\u021bia sa principal\u0103 este de a permite ridicarea, cobor\u00e2rea \u0219i \u00eenclinarea cupei, facilit\u00e2nd diverse sarcini de manipulare a materialelor. \u00centr-un sistem hidraulic, cilindrul cupei realizeaz\u0103 un control precis al cupei prin modific\u0103ri ale presiunii uleiului hidraulic, permi\u021b\u00e2nd operatorilor s\u0103 manipuleze eficient sarcini grele \u0219i s\u0103 se adapteze la medii de lucru complexe \u0219i cerin\u021be diverse ale lucr\u0103rilor.<\/p>\n<p><img decoding=\"async\" src=\"https:\/\/www.hydraulic-cylinders.net\/wp-content\/uploads\/2025\/01\/songte-company-2.webp\"><\/p>\n<h3>Caracteristici ale cilindrului cupei:<\/h3>\n<ol>\n<li><strong>Rezisten\u021b\u0103 \u0219i durabilitate ridicate:<\/strong> De obicei fabricat din o\u021bel sau aluminiu de \u00eenalt\u0103 rezisten\u021b\u0103, poate rezista la presiuni ridicate \u0219i sarcini grele, adapt\u00e2ndu-se la medii de lucru dure. Designul ia \u00een considerare rezisten\u021ba la uzur\u0103 \u0219i la coroziune, prelungind durata de via\u021b\u0103.<\/li>\n<li><strong>Func\u021bionare hidraulic\u0103 eficient\u0103:<\/strong> Utiliz\u00e2nd presiunea uleiului hidraulic, realizeaz\u0103 mi\u0219c\u0103ri line de extensie \u0219i contrac\u021bie, oferind un r\u0103spuns rapid la comenzile de control \u0219i furniz\u00e2nd for\u021be puternice de \u00eempingere \u0219i tragere, potrivite pentru manipularea sarcinilor grele \u0219i a sarcinilor complexe.<\/li>\n<li><strong>Diverse tipuri:<\/strong> Disponibile \u00een cilindri cu ac\u021biune simpl\u0103 (utilizare hidraulic\u0103 \u00eentr-o singur\u0103 direc\u021bie) sau cu ac\u021biune dubl\u0103 (utilizare hidraulic\u0103 \u00een ambele direc\u021bii) pentru a satisface diferite cerin\u021be opera\u021bionale. Unele modele sunt telescopice, permi\u021b\u00e2nd o extensie mai mare f\u0103r\u0103 a cre\u0219te dimensiunile exterioare, potrivite pentru aplica\u021bii cu spa\u021biu limitat.<\/li>\n<li><strong>\u00cenlocuitor perfect:<\/strong> Produsul nostru poate \u00eenlocui perfect ace\u0219ti cilindri hidraulici. <\/li>\n<\/ol>\n<p><img decoding=\"async\" src=\"https:\/\/www.hydraulic-cylinders.net\/wp-content\/uploads\/2025\/01\/songte-cylinder-head-with-all-kinds-excavator-models.webp\"><\/p>\n<h3>Aplica\u021bii ale cilindrului cupei:<\/h3>\n<p>Cilindrul cu cup\u0103 \u00ee\u0219i g\u0103se\u0219te aplica\u021bii \u00een diverse echipamente, inclusiv:<\/p>\n<ol>\n<li><strong>Echipamente de construc\u021bii:<\/strong> G\u0103site \u00een excavatoare, acestea sunt esen\u021biale pentru excavare, \u00eenc\u0103rcare \u0219i mutarea solului sau a resturilor. La \u00eenc\u0103rc\u0103toarele excavatoare, cilindrul cupei ajut\u0103 at\u00e2t la s\u0103pare, c\u00e2t \u0219i la ridicare.<\/li>\n<li><strong>Ma\u0219ini agricole:<\/strong> Folosit la \u00eenc\u0103rc\u0103toarele frontale pentru scobere, ridicare \u0219i transportul solului, f\u00e2nului \u0219i altor materiale.<\/li>\n<li><strong>Excavatoare:<\/strong> Cilindrul cupei permite ac\u021biunile de excavare permi\u021b\u00e2nd cupei s\u0103 p\u0103trund\u0103 \u00een sol.<\/li>\n<li><strong>\u00cenc\u0103rc\u0103toare frontale:<\/strong> \u00cen cazul \u00eenc\u0103rc\u0103toarelor frontale, acestea ajut\u0103 la ridicarea \u0219i \u00eenclinarea eficient\u0103 a m\u0103rfurilor.<\/li>\n<\/ol>\n<h3>Considera\u021bii de proiectare \u0219i criterii de selec\u021bie:<\/h3>\n<p>La proiectarea cilindrului cupei, se iau \u00een considerare mai mul\u021bi factori \u0219i criterii de selec\u021bie:<\/p>\n<ol>\n<li><strong>Capacitate portant\u0103:<\/strong> Cilindrul este proiectat s\u0103 reziste la sarcina \u0219i condi\u021biile de func\u021bionare prev\u0103zute.<\/li>\n<li><strong>Etan\u0219are:<\/strong> Diverse componente de etan\u0219are, cum ar fi etan\u0219\u0103rile pistonului \u0219i etan\u0219\u0103rile tijei, sunt utilizate pentru a asigura o etan\u0219are corect\u0103 \u0219i a preveni scurgerile de ulei.<\/li>\n<li><strong>Durabilitate:<\/strong> Cilindrul este construit pentru a rezista uzurii previzibile \u00een timpul func\u021bion\u0103rii.<\/li>\n<li><strong>Siguran\u0163\u0103:<\/strong> Sunt \u00eencorporate caracteristici de siguran\u021b\u0103 pentru a preveni accidentele \u0219i a asigura protec\u021bia operatorului.<\/li>\n<li><strong>Mentenabilitate:<\/strong> Designul cilindrului permite \u00eentre\u021binerea \u0219i repararea u\u0219oar\u0103, reduc\u00e2nd la minimum timpul de nefunc\u021bionare.<\/li>\n<\/ol>\n<p><img decoding=\"async\" src=\"https:\/\/www.hydraulic-cylinders.net\/wp-content\/uploads\/2025\/01\/songte-oil-pipes-and-spare-parts.webp\"><\/p>\n<h3>Etan\u0219are \u0219i lubrifiere:<\/h3>\n<p>Cilindrul cupei \u00eencorporeaz\u0103 diverse componente de etan\u0219are, cum ar fi etan\u0219\u0103rile pistonului \u0219i etan\u0219\u0103rile tijei, fabricate din materiale rezistente la uzur\u0103, precum poliuretanul \u0219i cauciucul nitrilic. Corpul cilindrului \u0219i capetele filetate sunt supuse unui tratament precis pentru a spori rezisten\u021ba la uzur\u0103. Lubrifierea regulat\u0103 cu o cantitate adecvat\u0103 de ulei hidraulic este necesar\u0103 pentru a asigura o func\u021bionare f\u0103r\u0103 probleme.<\/p>\n<h3>Inspec\u021bie regulat\u0103 \u0219i \u00eentre\u021binere preventiv\u0103:<\/h3>\n<p>Pentru a asigura longevitatea \u0219i performan\u021ba cilindrului cupei, se recomand\u0103 inspec\u021bii regulate \u0219i m\u0103suri de \u00eentre\u021binere preventiv\u0103. Acestea includ:<\/p>\n<ol>\n<li>Verificarea regulat\u0103 a oric\u0103ror semne de deteriorare sau uzur\u0103.<\/li>\n<li>Aplicarea lubrifierii adecvate.<\/li>\n<li>\u00cenlocuirea garniturilor atunci c\u00e2nd este necesar.<\/li>\n<li>Efectuarea verific\u0103rilor de calibrare.<\/li>\n<\/ol>\n<h3>Ghid de instalare corect\u0103:<\/h3>\n<p>Pentru instalarea corect\u0103 a cilindrului cupei, urma\u021bi ace\u0219ti pa\u0219i:<\/p>\n<ol>\n<li>Alinia\u021bi corect cilindrul \u00een timpul instal\u0103rii.<\/li>\n<li>Folosi\u021bi console de instalare adecvate pentru a fixa cilindrul.<\/li>\n<\/ol>\n<p><img decoding=\"async\" src=\"https:\/\/www.hydraulic-cylinders.net\/wp-content\/uploads\/2025\/01\/songte-chushion-collar.webp\"><\/p>\n<h3>Considera\u021bii de siguran\u021b\u0103 \u0219i factori de mediu:<\/h3>\n<p>C\u00e2nd utiliza\u021bi cilindrul cupei, este important s\u0103 respecta\u021bi m\u0103surile de siguran\u021b\u0103 pentru a preveni accidentele \u0219i a asigura un mediu de lucru sigur.<\/p>\n<h3>Diagnosticarea defec\u021biunilor \u0219i probleme frecvente:<\/h3>\n<p>Defec\u021biunile \u0219i problemele comune care pot ap\u0103rea la cilindrul cupei includ:<\/p>\n<ol>\n<li>Scurgere de ulei hidraulic.<\/li>\n<li>Performan\u021b\u0103 redus\u0103 sau lips\u0103 de r\u0103spuns.<\/li>\n<li>Zgomot anormal \u00een timpul func\u021bion\u0103rii.<\/li>\n<\/ol>\n<p>Pentru depanarea \u0219i rezolvarea acestor probleme, consulta\u021bi urm\u0103toarele sfaturi \u0219i solu\u021bii:<\/p>\n<h3>Sarcini de \u00eentre\u021binere:<\/h3>\n<p>Sarcinile comune de \u00eentre\u021binere pentru cilindrul cupei includ inspec\u021bia regulat\u0103, lubrifierea corespunz\u0103toare, \u00eenlocuirea garniturilor \u0219i verific\u0103rile de calibrare. Sublinia\u021bi importan\u021ba instal\u0103rii, lubrifierii \u0219i ajust\u0103rii corecte. Oferi\u021bi \u00eendrum\u0103ri privind alinierea cilindrului \u00een timpul instal\u0103rii \u0219i recomanda\u021bi utilizarea suporturilor de instalare adecvate pentru fixarea cilindrului. Sugera\u021bi proceduri recomandate de inspec\u021bie, reparare \u0219i \u00eenlocuire, \u00eempreun\u0103 cu sfaturi pentru prelungirea duratei de via\u021b\u0103 a cilindrului cupei.<\/p>\n<p><img decoding=\"async\" src=\"https:\/\/www.hydraulic-cylinders.net\/wp-content\/uploads\/2025\/01\/songte-bushings-with-all-kinds-of-excavator-models.webp\"><\/p>\n<p>Nu uita s\u0103 organizezi articolul logic, s\u0103 folose\u0219ti subtitluri pentru o navigare u\u0219oar\u0103, s\u0103 incluzi imagini sau grafice relevante pentru a \u00eembun\u0103t\u0103\u021bi \u00een\u021belegerea \u0219i s\u0103 te asiguri c\u0103 respectivul con\u021binut este clar, concis \u0219i potrivit pentru cititorii cu diferite niveluri de cuno\u0219tin\u021be tehnice.<\/p>\n<h2>Despre compania noastr\u0103<\/h2>\n<p>Suntem produc\u0103tori de cilindri hidraulici de schimb \u0219i unul dintre principalii produc\u0103tori \u0219i distribuitori angro pe pie\u021bele interne \u0219i interna\u021bionale. Compania noastr\u0103 ader\u0103 la principiile calit\u0103\u021bii excelente, baz\u00e2ndu-se pe strategii de management al produc\u021biei industriale \u00een ateliere de fabrica\u021bie fin echipate. Prin utilizarea talentelor tehnice, a echipamentelor digitale de fabrica\u021bie de ultim\u0103 genera\u021bie \u0219i a sistemelor de testare profesionale, ne \u00eembun\u0103t\u0103\u021bim continuu platforma de fabrica\u021bie \u0219i perfec\u021bion\u0103m procesul de produc\u021bie pentru calitatea produselor. Avem o puternic\u0103 capacitate creativ\u0103 \u0219i ne propunem s\u0103 satisfacem nevoile diverse ale clien\u021bilor cu eficien\u021b\u0103 ridicat\u0103, precizie ridicat\u0103 \u0219i principii de \u00eenalt\u0103 calitate.<\/p>\n<p><img decoding=\"async\" src=\"https:\/\/hzpt.com\/wp-content\/uploads\/2024\/11\/songte-company-1.webp\"><\/p>\n<h3>Puncte importante ale companiei noastre:<\/h3>\n<ol>\n<li>Profesionalism<\/li>\n<li>Certific\u0103ri interna\u021bionale<\/li>\n<li>Servicii de personalizare<\/li>\n<li>Echipamente de produc\u021bie avansate<\/li>\n<li>Servicii post-v\u00e2nzare<\/li>\n<\/ol>\n<p><img decoding=\"async\" src=\"https:\/\/www.hydraulic-cylinders.net\/wp-content\/uploads\/2025\/01\/songte-company-3.webp\"><\/p>\n<p>Autor: lyl<\/p>","protected":false},"excerpt":{"rendered":"<p>Bucket Cylinder For Bonny CED1250-7 The Bucket Cylinder for Bonny CED1250-7 is a specialized hydraulic cylinder designed for controlling the movement of the bucket in heavy machinery such as excavators, backhoe loaders, and front-end loaders. Its main function is to enable the lifting, lowering, and tilting of the bucket, facilitating various material handling tasks. In [&hellip;]<\/p>","protected":false},"featured_media":14778,"comment_status":"open","ping_status":"closed","template":"","meta":{"_et_pb_use_builder":"","_et_pb_old_content":"","_et_gb_content_width":""},"product_brand":[],"product_cat":[1494],"product_tag":[1495,1496],"class_list":{"0":"post-15934","1":"product","2":"type-product","3":"status-publish","4":"has-post-thumbnail","6":"product_cat-bucket-cylinders","7":"product_tag-bucket-cylinders","8":"product_tag-hydraulic-cylinders","10":"first","11":"instock","12":"shipping-taxable","13":"product-type-simple"},"amp_enabled":true,"_links":{"self":[{"href":"https:\/\/www.hydraulic-cylinders.net\/ro\/wp-json\/wp\/v2\/product\/15934","targetHints":{"allow":["GET"]}}],"collection":[{"href":"https:\/\/www.hydraulic-cylinders.net\/ro\/wp-json\/wp\/v2\/product"}],"about":[{"href":"https:\/\/www.hydraulic-cylinders.net\/ro\/wp-json\/wp\/v2\/types\/product"}],"replies":[{"embeddable":true,"href":"https:\/\/www.hydraulic-cylinders.net\/ro\/wp-json\/wp\/v2\/comments?post=15934"}],"wp:featuredmedia":[{"embeddable":true,"href":"https:\/\/www.hydraulic-cylinders.net\/ro\/wp-json\/wp\/v2\/media\/14778"}],"wp:attachment":[{"href":"https:\/\/www.hydraulic-cylinders.net\/ro\/wp-json\/wp\/v2\/media?parent=15934"}],"wp:term":[{"taxonomy":"product_brand","embeddable":true,"href":"https:\/\/www.hydraulic-cylinders.net\/ro\/wp-json\/wp\/v2\/product_brand?post=15934"},{"taxonomy":"product_cat","embeddable":true,"href":"https:\/\/www.hydraulic-cylinders.net\/ro\/wp-json\/wp\/v2\/product_cat?post=15934"},{"taxonomy":"product_tag","embeddable":true,"href":"https:\/\/www.hydraulic-cylinders.net\/ro\/wp-json\/wp\/v2\/product_tag?post=15934"}],"curies":[{"name":"wp","href":"https:\/\/api.w.org\/{rel}","templated":true}]}}