{"id":15939,"date":"2025-01-19T15:11:34","date_gmt":"2025-01-19T15:11:34","guid":{"rendered":"https:\/\/www.hydraulic-cylinders.net\/product\/bucket-cylinder-for-bonny-wzt46-7-45-7\/"},"modified":"2025-01-19T15:11:36","modified_gmt":"2025-01-19T15:11:36","slug":"bucket-cylinder-for-bonny-wzt46-7-45-7","status":"publish","type":"product","link":"https:\/\/www.hydraulic-cylinders.net\/ro\/produs\/bucket-cylinder-for-bonny-wzt46-7-45-7\/","title":{"rendered":"Cilindru cu cup\u0103 pentru Bonny WZT46-7\/45-7"},"content":{"rendered":"<h1>Cilindru cu cup\u0103 pentru Bonny WZT46-7\/45-7<\/h1>\n<h2>Introducere<\/h2>\n<p>Un cilindru hidraulic pentru cupa Bonny WZT46-7\/45-7 este un tip de cilindru hidraulic conceput special pentru controlul mi\u0219c\u0103rii cupei \u00een utilaje grele, cum ar fi excavatoarele, excavatoarele cu buldoexcavatoare \u0219i \u00eenc\u0103rc\u0103toare frontale. Func\u021bia sa principal\u0103 este de a facilita diverse sarcini de manipulare a materialelor, permi\u021b\u00e2nd cupei s\u0103 se ridice, s\u0103 coboare \u0219i s\u0103 se \u00eencline cu precizie, utiliz\u00e2nd varia\u021biile de presiune ale uleiului hidraulic din sistemul hidraulic. Acest lucru permite operatorilor s\u0103 manipuleze eficient sarcini grele \u0219i s\u0103 se adapteze la diverse condi\u021bii \u0219i cerin\u021be de lucru.<\/p>\n<p><img decoding=\"async\" src=\"https:\/\/www.hydraulic-cylinders.net\/wp-content\/uploads\/2025\/01\/songte-company-2.webp\" alt=\"Imaginea cilindrului cupei\"><\/p>\n<h2>Caracteristici<\/h2>\n<ul>\n<li>\n<h3>Rezisten\u021b\u0103 \u0219i durabilitate ridicate<\/h3>\n<p>Cilindrii cu cup\u0103 sunt de obicei fabrica\u021bi din o\u021bel sau aluminiu de \u00eenalt\u0103 rezisten\u021b\u0103 pentru a rezista la presiuni ridicate \u0219i sarcini grele, ceea ce \u00eei face potrivi\u021bi pentru medii de lucru dure. Designul lor ia \u00een considerare \u0219i rezisten\u021ba la uzur\u0103 \u0219i la coroziune, ceea ce le prelunge\u0219te durata de via\u021b\u0103.<\/p>\n<\/li>\n<li>\n<h3>Func\u021bionare hidraulic\u0103 eficient\u0103<\/h3>\n<p>Cilindrii cupei utilizeaz\u0103 presiunea uleiului hidraulic pentru a ob\u021bine ac\u021biuni telescopice line, care pot r\u0103spunde rapid la comenzile de control, ofer\u0103 for\u021be puternice de \u00eempingere \u0219i tragere \u0219i sunt potrivi\u021bi pentru manipularea sarcinilor grele \u0219i a sarcinilor complexe.<\/p>\n<\/li>\n<li>\n<h3>Tipuri versatile<\/h3>\n<p>Cilindrii cupei pot fi cu ac\u021biune simpl\u0103 (folosind sistemul hidraulic \u00eentr-o singur\u0103 direc\u021bie) sau cu ac\u021biune dubl\u0103 (folosind sistemul hidraulic \u00een ambele direc\u021bii), \u00een func\u021bie de cerin\u021bele de func\u021bionare. Unele modele sunt telescopice, permi\u021b\u00e2nd o extindere mai mare f\u0103r\u0103 a cre\u0219te dimensiunile exterioare, ceea ce le face potrivite pentru aplica\u021bii cu spa\u021biu limitat.<\/p>\n<\/li>\n<li>\n<h3>\u00cenlocuitor perfect<\/h3>\n<p>Produsele noastre pot \u00eenlocui perfect al\u021bi cilindri hidraulici \u0219i putem produce acest produs pentru a satisface cerin\u021bele dumneavoastr\u0103 specifice.<\/p>\n<\/li>\n<\/ul>\n<p><img decoding=\"async\" src=\"https:\/\/www.hydraulic-cylinders.net\/wp-content\/uploads\/2025\/01\/songte-cylinder-head-with-all-kinds-excavator-models.webp\" alt=\"Imaginea cilindrului cupei\"><\/p>\n<h2>Aplica\u021bii<\/h2>\n<p>Cilindrii cu cup\u0103 sunt utiliza\u021bi pe scar\u0103 larg\u0103 \u00een diverse utilaje de construc\u021bii \u0219i agricultur\u0103, cum ar fi:<\/p>\n<ul>\n<li>Echipamente de construc\u021bii: Sunt esen\u021biale pentru excavatoare, \u00eenc\u0103rc\u0103toare frontale \u0219i \u00eenc\u0103rc\u0103toare frontale, deoarece ajut\u0103 la excavarea, \u00eenc\u0103rcarea \u0219i mutarea solului sau a resturilor.<\/li>\n<li>Ma\u0219ini agricole: Acestea sunt utilizate \u00een \u00eenc\u0103rc\u0103toarele frontale pentru a colecta, ridica \u0219i transporta sol, f\u00e2n \u0219i alte materiale.<\/li>\n<li>Excavatoare: Cilindrii cupei permit ac\u021biuni de excavare permi\u021b\u00e2nd cupelor s\u0103 p\u0103trund\u0103 \u00een sol.<\/li>\n<li>\u00cenc\u0103rc\u0103toare: \u00cen \u00eenc\u0103rc\u0103toarele frontale, acestea ajut\u0103 la ridicarea \u0219i \u00eenclinarea eficient\u0103 a m\u0103rfurilor.<\/li>\n<\/ul>\n<p>Fiecare aplica\u021bie poate beneficia de urm\u0103toarele:<\/p>\n<ul>\n<li>Echipamente de construc\u021bii: Cilindrii no\u0219tri pentru cupe pot ajuta la s\u0103parea \u0219i transportul materialelor grele.<\/li>\n<li>Ma\u0219ini agricole: Acestea pot ajuta lucr\u0103torii agricoli la \u00eenc\u0103rcarea \u0219i transportul unor cantit\u0103\u021bi mari de materiale.<\/li>\n<li>Excavatoare: Cilindrii no\u0219tri pentru cupe pot ajuta excavatoarele \u00een sarcinile lor de s\u0103pare \u0219i excavare.<\/li>\n<li>\u00cenc\u0103rc\u0103toare: Acestea pot ridica \u0219i transporta m\u0103rfuri f\u0103r\u0103 efort.<\/li>\n<\/ul>\n<h2>Considera\u021bii de proiectare \u0219i criterii de selec\u021bie<\/h2>\n<p>Proiectarea cilindrilor cupei ia \u00een considerare diver\u0219i factori precum capacitatea portant\u0103, etan\u0219area, durabilitatea, siguran\u021ba \u0219i \u00eentre\u021binerea. Mai jos sunt elementele cheie de proiectare:<\/p>\n<ul>\n<li>\n<h3>Capacitate portant\u0103<\/h3>\n<p>Cilindrii cupei ar trebui s\u0103 reziste la sarcini mari \u0219i presiuni ridicate pentru a evita orice deteriorare structural\u0103. Grosimea peretelui cilindrului \u0219i calitatea materialelor utilizate trebuie luate \u00een considerare \u00een acest sens.<\/p>\n<\/li>\n<li>\n<h3>Sigilare<\/h3>\n<p>Cilindrii cupei ar trebui s\u0103 aib\u0103 mecanisme de etan\u0219are fiabile pentru a preveni scurgerile de ulei \u0219i a asigura performan\u021be optime. Mecanismele de etan\u0219are comune includ etan\u0219\u0103rile pistonului, etan\u0219\u0103rile tijei \u0219i etan\u0219\u0103rile \u0219terg\u0103toarelor. Materialele utilizate pentru etan\u0219are ar trebui s\u0103 fie rezistente la uzur\u0103 \u0219i durabile.<\/p>\n<\/li>\n<li>\n<h3>Durabilitate<\/h3>\n<p>Cilindrii cu cup\u0103 trebuie s\u0103 fie fabrica\u021bi din materiale durabile pentru a rezista la medii de lucru dure \u0219i utiliz\u0103rii frecvente. Suprafa\u021ba alezajului cilindrului \u0219i cap\u0103tul filetat trebuie tratate pentru rezisten\u021b\u0103 la uzur\u0103, pentru a cre\u0219te longevitatea.<\/p>\n<\/li>\n<li>\n<h3>Siguran\u0163\u0103<\/h3>\n<p>Cilindrii cupei trebuie proiecta\u021bi \u021bin\u00e2nd cont de aspectele de siguran\u021b\u0103 pentru a preveni accidentele \u0219i daunele materiale. Caracteristicile de siguran\u021b\u0103 pot include supape de suprapresiune, \u00eentrerup\u0103toare de oprire de urgen\u021b\u0103 \u0219i mecanisme de protec\u021bie la suprasarcin\u0103.<\/p>\n<\/li>\n<li>\n<h3>\u00centre\u0163inere<\/h3>\n<p>Cilindrii cupei ar trebui s\u0103 fie u\u0219or de \u00eentre\u021binut \u0219i reparat pentru a evita perioadele de nefunc\u021bionare. Practicile adecvate de \u00eentre\u021binere includ inspec\u021bii regulate, cur\u0103\u021bare, lubrifiere \u0219i \u00eenlocuire a componentelor.<\/p>\n<\/li>\n<\/ul>\n<p><img decoding=\"async\" src=\"https:\/\/www.hydraulic-cylinders.net\/wp-content\/uploads\/2025\/01\/songte-oil-pipes-and-spare-parts.webp\" alt=\"Imaginea cilindrului cupei\"><\/p>\n<h2>Etan\u0219are \u0219i lubrifiere<\/h2>\n<p>Cilindrii cupei utilizeaz\u0103 diverse mecanisme de etan\u0219are pentru a preveni scurgerile de ulei \u0219i a asigura performan\u021be optime. Aceste mecanisme includ etan\u0219\u0103ri pentru piston, etan\u0219\u0103ri pentru tij\u0103 \u0219i etan\u0219\u0103ri pentru \u0219terg\u0103toare, care ar trebui s\u0103 fie fabricate din materiale rezistente la uzur\u0103, cum ar fi poliuretanul \u0219i cauciucul nitrilic. Alezajul cilindrului \u0219i suprafa\u021ba cap\u0103tului filetat ar trebui tratate pentru rezisten\u021b\u0103 la uzur\u0103, iar lubrifierea regulat\u0103 este necesar\u0103 pentru a men\u021bine o func\u021bionare optim\u0103.<\/p>\n<h2>\u00centre\u021binere \u0219i repara\u021bii<\/h2>\n<p>Pentru a men\u021bine o func\u021bionare optim\u0103, cilindrii cupei necesit\u0103 inspec\u021bii regulate, cur\u0103\u021bare, lubrifiere \u0219i \u00eenlocuire a componentelor. Sarcinile comune de \u00eentre\u021binere includ:<\/p>\n<ul>\n<li>Inspec\u021bie regulat\u0103: Verifica\u021bi dac\u0103 exist\u0103 scurgeri de ulei, garnituri deteriorate \u0219i piese uzate.<\/li>\n<li>Lubrifiere: Aplica\u021bi un lubrifiant adecvat pe piesele mobile ale cilindrului pentru a reduce frecarea \u0219i a preveni uzura.<\/li>\n<li>\u00cenlocuirea garniturilor: \u00cenlocui\u021bi garniturile uzate pentru a preveni scurgerile de ulei \u0219i a asigura o func\u021bionare optim\u0103.<\/li>\n<li>Verificarea calibr\u0103rii: Verifica\u021bi dac\u0103 performan\u021ba cilindrului este optim\u0103 \u0219i ajusta\u021bi-l dac\u0103 este necesar.<\/li>\n<li>\u00cenlocuirea componentelor: \u00cenlocui\u021bi componentele deteriorate sau uzate pentru a restabili func\u021bionarea optim\u0103.<\/li>\n<\/ul>\n<p><img decoding=\"async\" src=\"https:\/\/www.hydraulic-cylinders.net\/wp-content\/uploads\/2025\/01\/songte-chushion-collar.webp\" alt=\"Imaginea cilindrului cupei\"><\/p>\n<h2>Considera\u021bii privind siguran\u021ba \u0219i mediul<\/h2>\n<p>Cilindrii cupei trebuie utiliza\u021bi cu m\u0103suri de siguran\u021b\u0103 adecvate pentru a preveni accidentele \u0219i daunele materiale. Aceste m\u0103suri de siguran\u021b\u0103 pot include supape de suprapresiune, \u00eentrerup\u0103toare de oprire de urgen\u021b\u0103 \u0219i mecanisme de protec\u021bie la suprasarcin\u0103. De asemenea, trebuie luate \u00een considerare considera\u021biile de mediu la eliminarea uleiului hidraulic \u0219i a componentelor cilindrului.<\/p>\n<h2>Diagnosticarea \u0219i depanarea defec\u021biunilor<\/h2>\n<p>Cilindrii cupei pot prezenta diverse defec\u021biuni care le pot afecta performan\u021ba. Defec\u021biunile frecvente includ scurgeri de ulei, garnituri deteriorate \u0219i componente uzate. Pentru a diagnostica defec\u021biunile, inspecta\u021bi cilindrul \u00een mod regulat \u0219i c\u0103uta\u021bi semne de deteriorare sau uzur\u0103. Pentru a depana defec\u021biunile, consulta\u021bi manualul produc\u0103torului sau consulta\u021bi un mecanic hidraulic profesionist.<\/p>\n<h2>Introducerea companiei<\/h2>\n<p>Suntem un produc\u0103tor important de cilindri hidraulici \u0219i distribuitor angro pe pie\u021bele interne \u0219i interna\u021bionale. Produsele noastre sunt de calitate superioar\u0103 \u0219i urm\u0103m o strategie de management al produc\u021biei industriale bazat\u0103 pe ateliere de fabrica\u021bie de \u00eenalt\u0103 calitate, talente tehnice, echipamente digitale de fabrica\u021bie de ultim\u0103 genera\u021bie \u0219i sisteme profesionale de testare. Platforma noastr\u0103 de fabrica\u021bie este \u00eembun\u0103t\u0103\u021bit\u0103 continuu pentru a perfec\u021biona calitatea produc\u021biei produselor noastre, rezult\u00e2nd produse de \u00eenalt\u0103 eficien\u021b\u0103, precizie ridicat\u0103 \u0219i calitate superioar\u0103, care satisfac nevoile diverse ale clien\u021bilor no\u0219tri.<\/p>\n<p>Compania noastr\u0103 ofer\u0103 servicii personalizate, echipamente profesionale pentru produc\u021bia de cilindri hidraulici, certific\u0103ri interna\u021bionale \u0219i servicii post-v\u00e2nzare specializate. Ne specializ\u0103m \u00een producerea tuturor tipurilor de cilindri hidraulici care pot fi adapta\u021bi pentru a satisface nevoile specifice ale clien\u021bilor no\u0219tri.<\/p>\n<p><img decoding=\"async\" src=\"https:\/\/hzpt.com\/wp-content\/uploads\/2024\/11\/songte-company-1.webp\" alt=\"Imaginea companiei\"><\/p>\n<h2>Concluzie<\/h2>\n<p>\u00cen concluzie, un cilindru hidraulic pentru cup\u0103 Bonny WZT46-7\/45-7 este un cilindru hidraulic esen\u021bial, conceput pentru controlul mi\u0219c\u0103rii cupei \u00een utilajele grele. Compania noastr\u0103 este un produc\u0103tor important de cilindri hidraulici, care ofer\u0103 produse de \u00eenalt\u0103 calitate \u0219i servicii profesionale post-v\u00e2nzare pentru a satisface nevoile clien\u021bilor no\u0219tri. Sper\u0103m c\u0103 acest articol ofer\u0103 informa\u021bii utile despre cilindrii cupei \u0219i aplica\u021biile acestora, considera\u021bii de proiectare \u0219i practici de \u00eentre\u021binere.<\/p>\n<p>Autor: lyl<\/p>","protected":false},"excerpt":{"rendered":"<p>Bucket Cylinder For Bonny WZT46-7\/45-7 Introduction A bucket cylinder for Bonny WZT46-7\/45-7 is a type of hydraulic cylinder designed specifically for controlling the movement of the bucket in heavy machinery such as excavators, backhoe excavators, and front-end loaders. Its main function is to facilitate various material handling tasks by enabling the bucket to lift, lower, [&hellip;]<\/p>","protected":false},"featured_media":14765,"comment_status":"open","ping_status":"closed","template":"","meta":{"_et_pb_use_builder":"","_et_pb_old_content":"","_et_gb_content_width":""},"product_brand":[],"product_cat":[1494],"product_tag":[1495,1496],"class_list":{"0":"post-15939","1":"product","2":"type-product","3":"status-publish","4":"has-post-thumbnail","6":"product_cat-bucket-cylinders","7":"product_tag-bucket-cylinders","8":"product_tag-hydraulic-cylinders","10":"first","11":"instock","12":"shipping-taxable","13":"product-type-simple"},"amp_enabled":true,"_links":{"self":[{"href":"https:\/\/www.hydraulic-cylinders.net\/ro\/wp-json\/wp\/v2\/product\/15939","targetHints":{"allow":["GET"]}}],"collection":[{"href":"https:\/\/www.hydraulic-cylinders.net\/ro\/wp-json\/wp\/v2\/product"}],"about":[{"href":"https:\/\/www.hydraulic-cylinders.net\/ro\/wp-json\/wp\/v2\/types\/product"}],"replies":[{"embeddable":true,"href":"https:\/\/www.hydraulic-cylinders.net\/ro\/wp-json\/wp\/v2\/comments?post=15939"}],"wp:featuredmedia":[{"embeddable":true,"href":"https:\/\/www.hydraulic-cylinders.net\/ro\/wp-json\/wp\/v2\/media\/14765"}],"wp:attachment":[{"href":"https:\/\/www.hydraulic-cylinders.net\/ro\/wp-json\/wp\/v2\/media?parent=15939"}],"wp:term":[{"taxonomy":"product_brand","embeddable":true,"href":"https:\/\/www.hydraulic-cylinders.net\/ro\/wp-json\/wp\/v2\/product_brand?post=15939"},{"taxonomy":"product_cat","embeddable":true,"href":"https:\/\/www.hydraulic-cylinders.net\/ro\/wp-json\/wp\/v2\/product_cat?post=15939"},{"taxonomy":"product_tag","embeddable":true,"href":"https:\/\/www.hydraulic-cylinders.net\/ro\/wp-json\/wp\/v2\/product_tag?post=15939"}],"curies":[{"name":"wp","href":"https:\/\/api.w.org\/{rel}","templated":true}]}}