{"id":15940,"date":"2025-01-19T15:11:38","date_gmt":"2025-01-19T15:11:38","guid":{"rendered":"https:\/\/www.hydraulic-cylinders.net\/product\/bucket-cylinder-for-bonny-waydq50-5\/"},"modified":"2025-01-19T15:11:41","modified_gmt":"2025-01-19T15:11:41","slug":"bucket-cylinder-for-bonny-waydq50-5","status":"publish","type":"product","link":"https:\/\/www.hydraulic-cylinders.net\/ro\/produs\/bucket-cylinder-for-bonny-waydq50-5\/","title":{"rendered":"Cilindru cu cup\u0103 pentru Bonny WAYDQ50-5"},"content":{"rendered":"<h1>Cilindru cup\u0103 pentru Bonny WAYDQ50-5<\/h1>\n<h2>Introducere<\/h2>\n<p>Cilindrul cupei pentru Bonny WAYDQ50-5 este un cilindru hidraulic special conceput, utilizat \u00een principal pentru a controla mi\u0219carea cupei \u00een utilaje grele, cum ar fi excavatoarele, excavatoarele cu buldoexcavatoare \u0219i \u00eenc\u0103rc\u0103toare frontale. Func\u021bia sa principal\u0103 este de a permite ridicarea, cobor\u00e2rea \u0219i \u00eenclinarea cupei, facilit\u00e2nd transportul diverselor materiale. \u00cen sistemul hidraulic, cilindrul cupei controleaz\u0103 mi\u0219carea precis\u0103 a cupei prin modificarea presiunii uleiului hidraulic, permi\u021b\u00e2nd operatorului s\u0103 manipuleze eficient obiecte grele \u0219i s\u0103 se adapteze la medii de lucru complexe \u0219i cerin\u021be opera\u021bionale diverse.<\/p>\n<p><img decoding=\"async\" src=\"https:\/\/www.hydraulic-cylinders.net\/wp-content\/uploads\/2025\/01\/songte-company-2.webp\" alt=\"Cilindru cup\u0103 pentru Bonny WAYDQ50-5\"><\/p>\n<h2>Caracteristici<\/h2>\n<ul>\n<li>Rezisten\u021b\u0103 \u0219i durabilitate ridicate: Fabricate de obicei din o\u021bel sau aluminiu de \u00eenalt\u0103 rezisten\u021b\u0103, pot rezista la presiuni ridicate \u0219i sarcini grele, adapt\u00e2ndu-se la medii de lucru dure. Proiectate av\u00e2nd \u00een vedere rezisten\u021ba la uzur\u0103 \u0219i coroziune, prelungesc durata de via\u021b\u0103.<\/li>\n<li>Func\u021bionare hidraulic\u0103 eficient\u0103: Extensia \u0219i retragerea lin\u0103 se realizeaz\u0103 prin utilizarea presiunii uleiului hidraulic, oferind o for\u021b\u0103 puternic\u0103 de \u00eempingere \u0219i tragere, potrivit\u0103 pentru manipularea obiectelor grele \u0219i a sarcinilor opera\u021bionale complexe.<\/li>\n<li>Diverse tipuri: Cilindrii cu ac\u021biune simpl\u0103 (utiliza\u021bi hidraulic \u00eentr-o singur\u0103 direc\u021bie) sau cu ac\u021biune dubl\u0103 (utiliza\u021bi hidraulic \u00een ambele direc\u021bii) pot fi selecta\u021bi \u00een func\u021bie de cerin\u021be pentru a satisface diferite nevoi opera\u021bionale. Unele modele sunt telescopice, permi\u021b\u00e2nd o extensie mai mare f\u0103r\u0103 a cre\u0219te dimensiunile exterioare, potrivite pentru aplica\u021bii cu spa\u021biu limitat.<\/li>\n<li>\u00cenlocuitor perfect: Produsele noastre pot \u00eenlocui perfect ace\u0219ti cilindri hidraulici.<\/li>\n<\/ul>\n<p><img decoding=\"async\" src=\"https:\/\/www.hydraulic-cylinders.net\/wp-content\/uploads\/2025\/01\/songte-cylinder-head-with-all-kinds-excavator-models.webp\" alt=\"Cilindru cup\u0103 pentru Bonny WAYDQ50-5\"><\/p>\n<h2>Aplica\u021bii<\/h2>\n<p>Cilindrul cupei pentru Bonny WAYDQ50-5 poate fi utilizat \u00een diverse industrii \u0219i utilaje, inclusiv, dar f\u0103r\u0103 a se limita la:<\/p>\n<ul>\n<li>Echipamente de construc\u021bii: Sunt esen\u021biale \u00een excavatoare pentru s\u0103pare, \u00eenc\u0103rcare \u0219i mutarea solului sau a resturilor. \u00cen cazul excavatoarelor cu buldoexcavatoare, cilindrii cupei ajut\u0103 la s\u0103pare \u0219i ridicare. \u00cen cazul \u00eenc\u0103rc\u0103toarelor frontale, ace\u0219tia ajut\u0103 la ridicarea \u0219i desc\u0103rcarea eficient\u0103 a \u00eenc\u0103rc\u0103turii.<\/li>\n<li>Ma\u0219ini agricole: utilizate la \u00eenc\u0103rc\u0103toarele frontale pentru scobere, ridicare \u0219i transportul solului, f\u00e2nului \u0219i altor materiale. La excavatoare, cilindrul cupei permite s\u0103parea permi\u021b\u00e2nd cupei s\u0103 p\u0103trund\u0103 \u00een sol.<\/li>\n<\/ul>\n<h2>Criterii de proiectare \u0219i selec\u021bie<\/h2>\n<p>La selectarea \u0219i proiectarea cilindrului cupei pentru Bonny WAYDQ50-5, trebuie lua\u021bi \u00een considerare mai mul\u021bi factori, inclusiv:<\/p>\n<ul>\n<li>Capacitate portant\u0103: Pentru a rezista la presiuni ridicate \u0219i sarcini grele.<\/li>\n<li>Etan\u0219are: Se utilizeaz\u0103 diverse garnituri, cum ar fi garnituri de piston, garnituri de tij\u0103 etc. Garniturile sunt fabricate din materiale rezistente la uzur\u0103, cum ar fi poliuretanul \u0219i cauciucul NBR; corpul cilindrului \u0219i suprafa\u021ba cap\u0103tului filetat sunt prelucrate fin pentru a \u00eembun\u0103t\u0103\u021bi rezisten\u021ba la uzur\u0103.<\/li>\n<li>Durabilitate: Lua\u021bi \u00een considerare factori precum rezisten\u021ba la uzur\u0103 \u0219i rezisten\u021ba la coroziune pentru a prelungi durata de via\u021b\u0103.<\/li>\n<li>Siguran\u021b\u0103: Asigura\u021bi-v\u0103 c\u0103 cilindrul cupei poate func\u021biona \u00een siguran\u021b\u0103 \u00een diverse medii \u0219i condi\u021bii.<\/li>\n<li>Mentenabilitate: Asigurarea faptului c\u0103 \u00eentre\u021binerea \u0219i repara\u021biile pot fi efectuate cu u\u0219urin\u021b\u0103 \u0219i eficien\u021b\u0103.<\/li>\n<\/ul>\n<p><img decoding=\"async\" src=\"https:\/\/www.hydraulic-cylinders.net\/wp-content\/uploads\/2025\/01\/songte-oil-pipes-and-spare-parts.webp\" alt=\"Cilindru cup\u0103 pentru Bonny WAYDQ50-5\"><\/p>\n<h2>Etan\u0219are \u0219i lubrifiere<\/h2>\n<p>Diverse tipuri de etan\u0219\u0103ri sunt utilizate \u00een cilindrul cupei pentru Bonny WAYDQ50-5, cum ar fi etan\u0219\u0103rile pistonului, etan\u0219\u0103rile tijei etc. Garniturile sunt fabricate din materiale rezistente la uzur\u0103, cum ar fi poliuretanul \u0219i cauciucul NBR. Corpul cilindrului \u0219i suprafa\u021ba cap\u0103tului filetat sunt prelucrate fin pentru a \u00eembun\u0103t\u0103\u021bi rezisten\u021ba la uzur\u0103. Este necesar s\u0103 se adauge \u00een mod regulat o cantitate adecvat\u0103 de ulei hidraulic pentru o func\u021bionare f\u0103r\u0103 probleme.<\/p>\n<h2>Inspec\u021bie \u0219i \u00eentre\u021binere preventiv\u0103<\/h2>\n<p>Inspec\u021biile regulate \u0219i \u00eentre\u021binerea preventiv\u0103 sunt necesare pentru a asigura func\u021bionarea corect\u0103 \u0219i longevitatea cilindrului cupei. Sarcinile de \u00eentre\u021binere pot include:<\/p>\n<ul>\n<li>Inspec\u021bii regulate<\/li>\n<li>Lubrifiere adecvat\u0103<\/li>\n<li>\u00cenlocuirea garniturii<\/li>\n<li>Verific\u0103ri de calibrare<\/li>\n<\/ul>\n<h2>Instruc\u021biuni de instalare<\/h2>\n<p>Instalarea corect\u0103 este crucial\u0103 pentru a asigura func\u021bionarea corect\u0103 \u0219i longevitatea cilindrului cupei. Se recomand\u0103 utilizarea unor console de instalare adecvate pentru fixarea cilindrului. Trebuie subliniat\u0103 importan\u021ba alinierii corecte a cilindrului. Trebuie urmate procedurile recomandate de inspec\u021bie, reparare \u0219i \u00eenlocuire pentru a asigura \u00eentre\u021binerea corespunz\u0103toare a echipamentului. Sunt disponibile \u0219i servicii de reconstruc\u021bie \u0219i piese de schimb pentru a prelungi durata de via\u021b\u0103 a acestuia.<\/p>\n<p><img decoding=\"async\" src=\"https:\/\/www.hydraulic-cylinders.net\/wp-content\/uploads\/2025\/01\/songte-chushion-collar.webp\" alt=\"Cilindru cup\u0103 pentru Bonny WAYDQ50-5\"><\/p>\n<h2>Considera\u021bii de siguran\u021b\u0103 \u0219i factori de mediu<\/h2>\n<p>C\u00e2nd utiliza\u021bi cilindrul cupei pentru Bonny WAYDQ50-5, este important s\u0103 respecta\u021bi toate m\u0103surile de siguran\u021b\u0103 pentru a preveni accidentele. De asemenea, trebuie lua\u021bi \u00een considerare factorii de mediu pentru a asigura func\u021bionarea corect\u0103 \u0219i longevitatea echipamentului.<\/p>\n<h2>Depanare \u0219i probleme frecvente<\/h2>\n<p>Problemele frecvente care pot ap\u0103rea cu cilindrul cupei includ scurgeri, for\u021b\u0103 insuficient\u0103 \u0219i aliniere necorespunz\u0103toare. Depanarea se poate face prin inspectarea cilindrului pentru a depista orice deterior\u0103ri vizibile, verificarea etan\u0219\u0103rilor \u0219i asigurarea lubrifierii corespunz\u0103toare. M\u0103surile preventive adecvate pot reduce probabilitatea apari\u021biei acestor probleme.<\/p>\n<p><img decoding=\"async\" src=\"https:\/\/www.hydraulic-cylinders.net\/wp-content\/uploads\/2025\/01\/songte-bushings-with-all-kinds-of-excavator-models.webp\" alt=\"Cilindru cup\u0103 pentru Bonny WAYDQ50-5\"><\/p>\n<h2>Despre compania noastr\u0103<\/h2>\n<p>Suntem un produc\u0103tor \u0219i distribuitor angro de top de cilindri hidraulici pe pie\u021bele interne \u0219i interna\u021bionale. Urm\u0103m principiul calit\u0103\u021bii excelente \u0219i ne baz\u0103m pe strategia industrializat\u0103 de management al produc\u021biei, bazat\u0103 pe ateliere sofisticate de fabrica\u021bie. Compania noastr\u0103 \u00eembun\u0103t\u0103\u021be\u0219te continuu platforma de fabrica\u021bie a atelierului, prin aplicarea de talente tehnice, echipamente digitale de fabrica\u021bie de ultim\u0103 genera\u021bie \u0219i sisteme profesionale de testare, pentru a perfec\u021biona procesul de produc\u021bie a calit\u0103\u021bii produselor \u0219i are o capacitate puternic\u0103 de a crea produse eficiente, de \u00eenalt\u0103 precizie \u0219i de \u00eenalt\u0103 calitate, pentru a satisface nevoile diverse ale clien\u021bilor.<\/p>\n<p><img decoding=\"async\" src=\"https:\/\/hzpt.com\/wp-content\/uploads\/2024\/11\/songte-company-1.webp\" alt=\"Despre compania noastr\u0103\"><\/p>\n<h3>Profesionalism<\/h3>\n<p>Avem o echip\u0103 de ingineri \u0219i tehnicieni experimenta\u021bi, dedica\u021bi furniz\u0103rii de servicii \u0219i solu\u021bii profesionale clien\u021bilor no\u0219tri.<\/p>\n<h3>Certific\u0103ri interna\u021bionale<\/h3>\n<p>Produsele noastre au trecut certific\u0103rile ISO9001, CE \u0219i alte certific\u0103ri interna\u021bionale, asigur\u00e2ndu-le calitatea \u0219i fiabilitatea.<\/p>\n<h3>Servicii de personalizare<\/h3>\n<p>Oferim servicii de personalizare pentru a satisface cerin\u021bele specifice ale clien\u021bilor, de la proiectare p\u00e2n\u0103 la produc\u021bie.<\/p>\n<h3>Echipamente de produc\u021bie<\/h3>\n<p>Dispunem de echipamente de produc\u021bie de ultim\u0103 genera\u021bie pentru a asigura calitatea \u0219i precizia produselor noastre.<\/p>\n<h3>Serviciu post-v\u00e2nzare<\/h3>\n<p>Oferim servicii post-v\u00e2nzare pentru a ne asigura c\u0103 clien\u021bii no\u0219tri pot utiliza produsele noastre cu \u00eencredere \u0219i \u00eencredere.<\/p>\n<p>Autor: lyl<\/p>","protected":false},"excerpt":{"rendered":"<p>Bucket Cylinder for Bonny WAYDQ50-5 Introduction The bucket cylinder for Bonny WAYDQ50-5 is a specially designed hydraulic cylinder that is primarily used to control the motion of the bucket in heavy machinery such as excavators, backhoe excavators, and front loaders. Its main function is to enable the bucket to lift, lower, and tilt, making it [&hellip;]<\/p>","protected":false},"featured_media":14762,"comment_status":"open","ping_status":"closed","template":"","meta":{"_et_pb_use_builder":"","_et_pb_old_content":"","_et_gb_content_width":""},"product_brand":[],"product_cat":[1494],"product_tag":[1495,1496],"class_list":{"0":"post-15940","1":"product","2":"type-product","3":"status-publish","4":"has-post-thumbnail","6":"product_cat-bucket-cylinders","7":"product_tag-bucket-cylinders","8":"product_tag-hydraulic-cylinders","10":"first","11":"instock","12":"shipping-taxable","13":"product-type-simple"},"amp_enabled":true,"_links":{"self":[{"href":"https:\/\/www.hydraulic-cylinders.net\/ro\/wp-json\/wp\/v2\/product\/15940","targetHints":{"allow":["GET"]}}],"collection":[{"href":"https:\/\/www.hydraulic-cylinders.net\/ro\/wp-json\/wp\/v2\/product"}],"about":[{"href":"https:\/\/www.hydraulic-cylinders.net\/ro\/wp-json\/wp\/v2\/types\/product"}],"replies":[{"embeddable":true,"href":"https:\/\/www.hydraulic-cylinders.net\/ro\/wp-json\/wp\/v2\/comments?post=15940"}],"wp:featuredmedia":[{"embeddable":true,"href":"https:\/\/www.hydraulic-cylinders.net\/ro\/wp-json\/wp\/v2\/media\/14762"}],"wp:attachment":[{"href":"https:\/\/www.hydraulic-cylinders.net\/ro\/wp-json\/wp\/v2\/media?parent=15940"}],"wp:term":[{"taxonomy":"product_brand","embeddable":true,"href":"https:\/\/www.hydraulic-cylinders.net\/ro\/wp-json\/wp\/v2\/product_brand?post=15940"},{"taxonomy":"product_cat","embeddable":true,"href":"https:\/\/www.hydraulic-cylinders.net\/ro\/wp-json\/wp\/v2\/product_cat?post=15940"},{"taxonomy":"product_tag","embeddable":true,"href":"https:\/\/www.hydraulic-cylinders.net\/ro\/wp-json\/wp\/v2\/product_tag?post=15940"}],"curies":[{"name":"wp","href":"https:\/\/api.w.org\/{rel}","templated":true}]}}