{"id":15941,"date":"2025-01-19T15:11:42","date_gmt":"2025-01-19T15:11:42","guid":{"rendered":"https:\/\/www.hydraulic-cylinders.net\/product\/bucket-cylinder-for-bonny-ced460-8-ced480-9\/"},"modified":"2025-01-19T15:11:44","modified_gmt":"2025-01-19T15:11:44","slug":"bucket-cylinder-for-bonny-ced460-8-ced480-9","status":"publish","type":"product","link":"https:\/\/www.hydraulic-cylinders.net\/ro\/produs\/bucket-cylinder-for-bonny-ced460-8-ced480-9\/","title":{"rendered":"Cilindru cu cup\u0103 pentru Bonny CED460-8\/CED480-9"},"content":{"rendered":"<h2>Cilindru cu cup\u0103 pentru Bonny CED460-8\/CED480-9<\/h2>\n<p>\n    <img decoding=\"async\" src=\"https:\/\/www.hydraulic-cylinders.net\/wp-content\/uploads\/2025\/01\/songte-company-2.webp\" alt=\"Cilindru cu cup\u0103\" \/><br \/>\n    Un cilindru al cupei este un cilindru hidraulic specializat, conceput pentru controlul mi\u0219c\u0103rii cupelor \u00een utilaje grele, cum ar fi excavatoarele, \u00eenc\u0103rc\u0103toarele excavatoare \u0219i \u00eenc\u0103rc\u0103toarele frontale. Func\u021bia sa principal\u0103 este de a permite ridicarea, cobor\u00e2rea \u0219i \u00eenclinarea cupei, permi\u021b\u00e2nd manipularea eficient\u0103 a diferitelor materiale. \u00centr-un sistem hidraulic, cilindrul cupei realizeaz\u0103 un control precis al cupei prin utilizarea modific\u0103rilor presiunii uleiului hidraulic, permi\u021b\u00e2nd operatorilor s\u0103 manipuleze eficient sarcini grele \u0219i s\u0103 se adapteze la medii de lucru complexe \u0219i cerin\u021be diverse ale lucr\u0103rilor.\n<\/p>\n<h3>Caracteristici ale produsului<\/h3>\n<ul>\n<li><strong>Rezisten\u021b\u0103 \u0219i durabilitate ridicate:<\/strong> Fabricat de obicei din o\u021bel sau aluminiu de \u00eenalt\u0103 rezisten\u021b\u0103, cilindrul cupei poate rezista la presiuni ridicate \u0219i sarcini grele, adapt\u00e2ndu-se la condi\u021bii dure de lucru. Designul s\u0103u ia \u00een considerare rezisten\u021ba la uzur\u0103 \u0219i la coroziune, prelungindu-i durata de via\u021b\u0103.<\/li>\n<li><strong>Func\u021bionare hidraulic\u0103 eficient\u0103:<\/strong> Prin utilizarea presiunii uleiului hidraulic, cilindrul cupei realizeaz\u0103 ac\u021biuni line de extensie \u0219i retragere, capabil s\u0103 r\u0103spund\u0103 rapid la comenzile de control \u0219i s\u0103 ofere for\u021be puternice de \u00eempingere \u0219i tragere, fiind potrivit pentru manipularea sarcinilor grele \u0219i a sarcinilor complexe.<\/li>\n<li><strong>Tipuri versatile:<\/strong> Cilindrul cupei poate fi selectat ca cilindru cu ac\u021biune simpl\u0103 (utilizare hidraulic\u0103 \u00eentr-o singur\u0103 direc\u021bie) sau cu ac\u021biune dubl\u0103 (utilizare hidraulic\u0103 \u00een ambele direc\u021bii), \u00een func\u021bie de cerin\u021be, r\u0103spunz\u00e2nd diferitelor nevoi opera\u021bionale. Anumite modele sunt telescopice, permi\u021b\u00e2nd o extensie mai mare f\u0103r\u0103 a cre\u0219te dimensiunile exterioare, fiind ideale pentru aplica\u021bii cu spa\u021biu limitat.<\/li>\n<li><strong>\u00cenlocuitor perfect:<\/strong> Produsele noastre pot \u00eenlocui perfect ace\u0219ti cilindri hidraulici. <img decoding=\"async\" src=\"https:\/\/www.hydraulic-cylinders.net\/wp-content\/uploads\/2025\/01\/songte-cylinder-head-with-all-kinds-excavator-models.webp\" alt=\"Chiulas\u0103\" \/><\/li>\n<\/ul>\n<h3>Aplica\u021bii<\/h3>\n<p>\n    <strong>Echipamente de construc\u021bii:<\/strong> G\u0103site \u00een excavatoare, acestea sunt esen\u021biale pentru s\u0103pare, \u00eenc\u0103rcare \u0219i mutarea p\u0103m\u00e2ntului sau a molozului. La \u00eenc\u0103rc\u0103toarele excavatoare, cilindrul cupei ajut\u0103 at\u00e2t la s\u0103pare, c\u00e2t \u0219i la ridicare.<br \/>\n    <strong>Ma\u0219ini agricole:<\/strong> Utilizate la \u00eenc\u0103rc\u0103toarele frontale, acestea ajut\u0103 la scoberea, ridicarea \u0219i transportul solului, f\u00e2nului \u0219i al altor materiale.<br \/>\n    <strong>Excavatoare:<\/strong> Cilindrul cupei permite ac\u021biunile de s\u0103pare permi\u021b\u00e2nd cupei s\u0103 p\u0103trund\u0103 \u00een sol.<br \/>\n    <strong>\u00cenc\u0103rc\u0103toare:<\/strong> \u00cen cazul \u00eenc\u0103rc\u0103toarelor frontale, acestea ajut\u0103 la ridicarea \u0219i desc\u0103rcarea eficient\u0103 a m\u0103rfurilor.\n<\/p>\n<h3>Considera\u021bii de proiectare \u0219i criterii de selec\u021bie<\/h3>\n<p>\n    <img decoding=\"async\" src=\"https:\/\/www.hydraulic-cylinders.net\/wp-content\/uploads\/2025\/01\/songte-oil-pipes-and-spare-parts.webp\" alt=\"Conducte de petrol \u0219i piese de schimb\" \/><br \/>\n    Considera\u021biile de proiectare pentru cilindrii cu cup\u0103 includ capacitatea portant\u0103, etan\u0219area, durabilitatea, siguran\u021ba \u0219i mentenan\u021ba. Fiecare aspect este esen\u021bial pentru asigurarea performan\u021bei optime \u0219i a longevit\u0103\u021bii cilindrului.\n<\/p>\n<h3>Etan\u0219are \u0219i lubrifiere<\/h3>\n<p>\n    Diverse elemente de etan\u0219are, cum ar fi etan\u0219\u0103rile pistonului \u0219i etan\u0219\u0103rile tijei, sunt utilizate \u00een cilindrul cupei. Aceste etan\u0219\u0103ri sunt fabricate din materiale rezistente la uzur\u0103, cum ar fi poliuretanul \u0219i cauciucul nitrilic. Corpul cilindrului \u0219i suprafe\u021bele filetate ale cap\u0103tului sunt supuse unor prelucr\u0103ri fine pentru a \u00eembun\u0103t\u0103\u021bi rezisten\u021ba la uzur\u0103. Lubrifierea regulat\u0103 cu ulei hidraulic adecvat este necesar\u0103 pentru a asigura o func\u021bionare f\u0103r\u0103 probleme \u0219i o lung\u0103 durat\u0103 de via\u021b\u0103.\n<\/p>\n<h3>Inspec\u021bie regulat\u0103 \u0219i \u00eentre\u021binere preventiv\u0103<\/h3>\n<p>\n    Este important s\u0103 se inspecteze \u0219i s\u0103 se efectueze \u00een mod regulat m\u0103suri de \u00eentre\u021binere preventiv\u0103 a cilindrului cupei. Acestea includ verificarea oric\u0103ror scurgeri, asigurarea unei lubrifieri adecvate, \u00eenlocuirea garniturilor atunci c\u00e2nd este necesar \u0219i efectuarea verific\u0103rilor de calibrare pentru a men\u021bine performan\u021be optime. Prin respectarea instruc\u021biunilor de instalare corect\u0103, inclusiv alinierea corect\u0103 a cilindrului \u0219i utilizarea suporturilor de instalare adecvate pentru fixarea cilindrului, durata de via\u021b\u0103 a cilindrului cupei poate fi prelungit\u0103. Trebuie respectate procedurile recomandate de inspec\u021bie, reparare \u0219i \u00eenlocuire, precum \u0219i sfaturile pentru cre\u0219terea duratei de via\u021b\u0103 a cilindrului.\n<\/p>\n<h3>Considera\u021bii de siguran\u021b\u0103 \u0219i factori de mediu<\/h3>\n<p>\n    Atunci c\u00e2nd se utilizeaz\u0103 cilindri hidraulici, este esen\u021bial s\u0103 se acorde prioritate m\u0103surilor de siguran\u021b\u0103 pentru a preveni accidentele \u0219i a asigura protec\u021bia personalului \u0219i a echipamentelor. Aceasta include respectarea procedurilor de operare recomandate, respectarea instruc\u021biunilor de siguran\u021b\u0103 \u0219i utilizarea echipamentului individual de protec\u021bie (EIP) adecvat atunci c\u00e2nd se lucreaz\u0103 cu sisteme hidraulice. De asemenea, trebuie lua\u021bi \u00een considerare factorii de mediu, cum ar fi evitarea scurgerilor de ulei \u0219i eliminarea corect\u0103 a uleiului hidraulic uzat \u0219i a componentelor.\n<\/p>\n<h3>Diagnosticarea defec\u021biunilor \u0219i probleme frecvente<\/h3>\n<p>\n    <img decoding=\"async\" src=\"https:\/\/www.hydraulic-cylinders.net\/wp-content\/uploads\/2025\/01\/songte-bushings-with-all-kinds-of-excavator-models.webp\" alt=\"Buc\u0219e\" \/><br \/>\n    Este important s\u0103 se poat\u0103 diagnostica \u0219i remedia defec\u021biunile care pot ap\u0103rea la cilindrul cupei. Problemele comune pot include scurgeri, presiune insuficient\u0103, r\u0103spuns lent sau zgomote anormale. Ar trebui furnizate sfaturi de depanare \u0219i solu\u021bii pentru a ajuta cititorii s\u0103 diagnosticheze \u0219i s\u0103 rezolve eficient problemele. \u00cen plus, ar trebui sugerate m\u0103suri preventive pentru a minimiza poten\u021bialele probleme.\n<\/p>\n<h3>Ghid de instalare<\/h3>\n<p>\n    Trebuie furnizat un ghid de instalare corect pentru a asigura instalarea corect\u0103 a cilindrului cupei. Aceasta include alinierea corect\u0103 a cilindrului, utilizarea suporturilor de instalare adecvate pentru fixarea cilindrului \u0219i respectarea specifica\u021biilor de cuplu recomandate. \u00cen plus, trebuie puse accent pe metodele de etan\u0219are adecvate \u0219i pe utilizarea componentelor adecvate.\n<\/p>\n<h3>Sarcini de \u00eentre\u021binere<\/h3>\n<p>\n    <img decoding=\"async\" src=\"https:\/\/www.hydraulic-cylinders.net\/wp-content\/uploads\/2025\/01\/songte-chushion-collar.webp\" alt=\"Guler Chushion\" \/><br \/>\n    Sarcinile comune de \u00eentre\u021binere pentru cilindrii cupei includ inspec\u021bia regulat\u0103, lubrifierea corespunz\u0103toare, \u00eenlocuirea garniturilor \u0219i verific\u0103rile de calibrare. Trebuie subliniat\u0103 importan\u021ba instal\u0103rii, lubrifierii \u0219i ajust\u0103rii corecte. Pentru a prelungi durata de via\u021b\u0103 a cilindrului cupei, trebuie furnizate \u00eendrum\u0103ri privind alinierea corect\u0103 \u00een timpul instal\u0103rii, proceduri recomandate de inspec\u021bie, reparare \u0219i \u00eenlocuire, precum \u0219i informa\u021bii despre piesele de schimb \u0219i serviciile de reconstruc\u021bie.\n<\/p>\n<h3>Despre compania noastr\u0103<\/h3>\n<p>\n    <img decoding=\"async\" src=\"https:\/\/hzpt.com\/wp-content\/uploads\/2024\/11\/songte-company-1.webp\" alt=\"Companie\" \/><br \/>\n    Suntem produc\u0103tori de cilindri hidraulici de schimb \u0219i oferim o gam\u0103 larg\u0103 de produse. Am devenit unul dintre principalii produc\u0103tori \u0219i distribuitori angro de cilindri hidraulici pe pie\u021bele interne \u0219i interna\u021bionale. Concentr\u00e2ndu-ne pe o calitate excelent\u0103, ne baz\u0103m pe strategii industrializate de management al produc\u021biei \u00een atelierele noastre sofisticate de fabrica\u021bie. Compania noastr\u0103 \u00eembun\u0103t\u0103\u021be\u0219te continuu platforma de fabrica\u021bie, \u00eembun\u0103t\u0103\u021be\u0219te procesul de produc\u021bie al calit\u0103\u021bii produselor \u0219i are capacit\u0103\u021bi inovatoare puternice. Ne str\u0103duim s\u0103 satisfacem nevoile diverse ale clien\u021bilor cu eficien\u021b\u0103, precizie \u0219i calitate ridicate.\n<\/p>\n<h3>Despre compania noastr\u0103 (continuare)<\/h3>\n<ul>\n<li><strong>Profesionalism:<\/strong> Ne m\u00e2ndrim cu expertiza \u0219i profesionalismul nostru \u00een fabricarea cilindrilor hidraulici.<\/li>\n<li><strong>Certific\u0103ri interna\u021bionale:<\/strong> Produsele noastre \u00eendeplinesc certific\u0103ri interna\u021bionale, asigur\u00e2ndu-le calitatea \u0219i fiabilitatea.<\/li>\n<li><strong>Servicii de personalizare:<\/strong> Oferim servicii de personalizare pentru a satisface cerin\u021bele specifice ale clien\u021bilor.<\/li>\n<li><strong>Echipamente de produc\u021bie:<\/strong> Compania noastr\u0103 utilizeaz\u0103 echipamente \u0219i tehnologie de produc\u021bie de ultim\u0103 genera\u021bie.<\/li>\n<li><strong>Serviciu post-v\u00e2nzare:<\/strong> Oferim servicii complete post-v\u00e2nzare, inclusiv \u00eenlocuirea pieselor \u0219i servicii de reconstruc\u021bie.<\/li>\n<\/ul>\n<p>\n    Autor: lyl<\/p>","protected":false},"excerpt":{"rendered":"<p>Bucket Cylinder For Bonny CED460-8\/CED480-9 A bucket cylinder is a specialized hydraulic cylinder designed for controlling the movement of buckets in heavy machinery such as excavators, backhoe loaders, and front loaders. Its main function is to enable lifting, lowering, and tilting of the bucket, allowing for efficient handling of various materials. In a hydraulic system, [&hellip;]<\/p>","protected":false},"featured_media":14761,"comment_status":"open","ping_status":"closed","template":"","meta":{"_et_pb_use_builder":"","_et_pb_old_content":"","_et_gb_content_width":""},"product_brand":[],"product_cat":[1494],"product_tag":[1495,1496],"class_list":{"0":"post-15941","1":"product","2":"type-product","3":"status-publish","4":"has-post-thumbnail","6":"product_cat-bucket-cylinders","7":"product_tag-bucket-cylinders","8":"product_tag-hydraulic-cylinders","10":"first","11":"instock","12":"shipping-taxable","13":"product-type-simple"},"amp_enabled":true,"_links":{"self":[{"href":"https:\/\/www.hydraulic-cylinders.net\/ro\/wp-json\/wp\/v2\/product\/15941","targetHints":{"allow":["GET"]}}],"collection":[{"href":"https:\/\/www.hydraulic-cylinders.net\/ro\/wp-json\/wp\/v2\/product"}],"about":[{"href":"https:\/\/www.hydraulic-cylinders.net\/ro\/wp-json\/wp\/v2\/types\/product"}],"replies":[{"embeddable":true,"href":"https:\/\/www.hydraulic-cylinders.net\/ro\/wp-json\/wp\/v2\/comments?post=15941"}],"wp:featuredmedia":[{"embeddable":true,"href":"https:\/\/www.hydraulic-cylinders.net\/ro\/wp-json\/wp\/v2\/media\/14761"}],"wp:attachment":[{"href":"https:\/\/www.hydraulic-cylinders.net\/ro\/wp-json\/wp\/v2\/media?parent=15941"}],"wp:term":[{"taxonomy":"product_brand","embeddable":true,"href":"https:\/\/www.hydraulic-cylinders.net\/ro\/wp-json\/wp\/v2\/product_brand?post=15941"},{"taxonomy":"product_cat","embeddable":true,"href":"https:\/\/www.hydraulic-cylinders.net\/ro\/wp-json\/wp\/v2\/product_cat?post=15941"},{"taxonomy":"product_tag","embeddable":true,"href":"https:\/\/www.hydraulic-cylinders.net\/ro\/wp-json\/wp\/v2\/product_tag?post=15941"}],"curies":[{"name":"wp","href":"https:\/\/api.w.org\/{rel}","templated":true}]}}