{"id":15958,"date":"2025-01-19T15:13:01","date_gmt":"2025-01-19T15:13:01","guid":{"rendered":"https:\/\/www.hydraulic-cylinders.net\/product\/bucket-cylinder-for-baoding-sc85-8\/"},"modified":"2025-01-19T15:13:03","modified_gmt":"2025-01-19T15:13:03","slug":"bucket-cylinder-for-baoding-sc85-8","status":"publish","type":"product","link":"https:\/\/www.hydraulic-cylinders.net\/ro\/produs\/bucket-cylinder-for-baoding-sc85-8\/","title":{"rendered":"Cilindru cu cup\u0103 pentru Baoding SC85.8"},"content":{"rendered":"<h2>Cilindru cu cup\u0103 pentru Baoding SC85.8<\/h2>\n<h3>Introducere<\/h3>\n<p>Un cilindru hidraulic pentru cupa Baoding SC85.8 este un cilindru hidraulic special conceput, utilizat \u00een principal pentru a controla mi\u0219carea cupei \u00een utilaje grele, cum ar fi excavatoarele, excavatoarele cu buldoexcavatoare \u0219i \u00eenc\u0103rc\u0103toare frontale. Func\u021bia sa principal\u0103 este de a permite ridicarea, cobor\u00e2rea \u0219i \u00eenclinarea cupei, facilit\u00e2nd manipularea diverselor materiale. \u00cen sistemul hidraulic, cilindrul cupei realizeaz\u0103 un control precis al cupei prin modificarea presiunii uleiului hidraulic, permi\u021b\u00e2nd operatorilor s\u0103 manipuleze eficient obiecte grele \u0219i s\u0103 se adapteze la medii de lucru complexe \u0219i cerin\u021be diverse ale lucr\u0103rilor.<\/p>\n<p><img decoding=\"async\" src=\"https:\/\/www.hydraulic-cylinders.net\/wp-content\/uploads\/2025\/01\/songte-company-2.webp\" alt=\"Cilindru cu cup\u0103 pentru Baoding SC85.8\"><\/p>\n<h3>Caracteristici<\/h3>\n<ul>\n<li>Rezisten\u021b\u0103 \u0219i durabilitate ridicate: De obicei, fabricate din o\u021bel sau aluminiu de \u00eenalt\u0103 rezisten\u021b\u0103, pot rezista la presiuni ridicate \u0219i sarcini grele, se adapteaz\u0103 la medii de lucru dure \u0219i sunt proiectate cu rezisten\u021b\u0103 la uzur\u0103 \u0219i coroziune, prelungindu-i durata de via\u021b\u0103.<\/li>\n<li>Func\u021bionare hidraulic\u0103 eficient\u0103: Ac\u021biunea lin\u0103 de extensie \u0219i contrac\u021bie se realizeaz\u0103 folosind presiunea uleiului hidraulic, care poate r\u0103spunde rapid la comenzile de control, ofer\u0103 o for\u021b\u0103 puternic\u0103 de \u00eempingere \u0219i tragere \u0219i este potrivit pentru manipularea obiectelor grele \u0219i a sarcinilor complexe.<\/li>\n<li>Diverse tipuri: Cilindri cu ac\u021biune simpl\u0103 (utilizare hidraulic\u0103 \u00eentr-o singur\u0103 direc\u021bie) sau cu ac\u021biune dubl\u0103 (utilizare hidraulic\u0103 \u00een ambele direc\u021bii) pot fi selecta\u021bi \u00een func\u021bie de necesit\u0103\u021bi pentru a satisface diferite nevoi opera\u021bionale. Unele modele sunt telescopice, permi\u021b\u00e2nd o extensie mai mare f\u0103r\u0103 a cre\u0219te dimensiunile exterioare, potrivite pentru aplica\u021bii cu spa\u021biu limitat.<\/li>\n<li>U\u0219or de \u00eenlocuit: Produsul nostru poate \u00eenlocui perfect ace\u0219ti cilindri hidraulici.<\/li>\n<\/ul>\n<p><img decoding=\"async\" src=\"https:\/\/www.hydraulic-cylinders.net\/wp-content\/uploads\/2025\/01\/songte-cylinder-head-with-all-kinds-excavator-models.webp\" alt=\"Cilindru cu cup\u0103 pentru Baoding SC85.8\"><\/p>\n<h3>Aplica\u021bii<\/h3>\n<p>Cilindrul cu cup\u0103 este utilizat pe scar\u0103 larg\u0103 \u00een diverse industrii \u0219i echipamente, cum ar fi:<\/p>\n<ul>\n<li>Echipamente de construc\u021bii: \u00cen excavatoare, acestea sunt esen\u021biale pentru s\u0103pare, \u00eenc\u0103rcare \u0219i mutarea solului sau a resturilor. \u00cen excavatoarele cu buldoexcavatoare, cilindrii cupei contribuie at\u00e2t la s\u0103pare, c\u00e2t \u0219i la ridicare. \u00cen \u00eenc\u0103rc\u0103toarele frontale, acestea sunt utile pentru ridicarea \u0219i desc\u0103rcarea eficient\u0103 a \u00eenc\u0103rc\u0103turii.<\/li>\n<li>Ma\u0219ini agricole: Folosite \u00een \u00eenc\u0103rc\u0103toarele frontale, acestea ridic\u0103, ridic\u0103 \u0219i transport\u0103 sol, f\u00e2n \u0219i alte materiale. \u00cen excavatoare, cilindrii cupei permit ac\u021biuni de s\u0103pare permi\u021b\u00e2nd cupei s\u0103 p\u0103trund\u0103 \u00een sol.<\/li>\n<\/ul>\n<h3>Considera\u021bii de proiectare \u0219i criterii de selec\u021bie<\/h3>\n<p>Atunci c\u00e2nd se ia \u00een considerare proiectarea cilindrului cupei, intr\u0103 \u00een joc mai mul\u021bi factori, cum ar fi:<\/p>\n<ul>\n<li>Capacitate portant\u0103: capacitatea de a rezista la presiuni ridicate \u0219i sarcini grele<\/li>\n<li>Etan\u0219are: capacitatea de a preveni scurgerile de fluid \u0219i de a men\u021bine presiunea hidraulic\u0103<\/li>\n<li>Durabilitate: capacitatea de a rezista la uzur\u0103, coroziune \u0219i temperaturi extreme<\/li>\n<li>Siguran\u021b\u0103: capacitatea de a asigura siguran\u021ba operatorilor \u0219i a personalului din jur<\/li>\n<li>Mentenabilitate: capacitatea de a facilita lucr\u0103rile de \u00eentre\u021binere \u0219i repara\u021bii<\/li>\n<\/ul>\n<p><img decoding=\"async\" src=\"https:\/\/www.hydraulic-cylinders.net\/wp-content\/uploads\/2025\/01\/songte-oil-pipes-and-spare-parts.webp\" alt=\"Cilindru cu cup\u0103 pentru Baoding SC85.8\"><\/p>\n<h3>Etan\u0219are \u0219i lubrifiere<\/h3>\n<p>Cilindrul cupei utilizeaz\u0103 diverse componente de etan\u0219are, cum ar fi etan\u0219\u0103ri de piston, etan\u0219\u0103ri de tij\u0103 etc., fabricate din materiale rezistente la uzur\u0103, cum ar fi poliuretanul \u0219i cauciucul nitrilic. Corpul cilindrului \u0219i suprafe\u021bele filetate ale cap\u0103tului sunt prelucrate fin pentru a \u00eembun\u0103t\u0103\u021bi rezisten\u021ba la uzur\u0103. Este necesar\u0103 o lubrifiere regulat\u0103 cu o cantitate adecvat\u0103 de ulei hidraulic.<\/p>\n<p><img decoding=\"async\" src=\"https:\/\/www.hydraulic-cylinders.net\/wp-content\/uploads\/2025\/01\/songte-chushion-collar.webp\" alt=\"Cilindru cu cup\u0103 pentru Baoding SC85.8\"><\/p>\n<h3>\u00centre\u021binere \u0219i repara\u021bii<\/h3>\n<p>\u00centre\u021binerea \u0219i repara\u021biile regulate sunt cruciale pentru a prelungi durata de via\u021b\u0103 a cilindrului cupei. Urm\u0103toarele sunt c\u00e2teva sarcini de \u00eentre\u021binere:<\/p>\n<ul>\n<li>Inspec\u021bie regulat\u0103<\/li>\n<li>Lubrifiere adecvat\u0103<\/li>\n<li>\u00cenlocuirea garniturii<\/li>\n<li>Verificare calibrare<\/li>\n<\/ul>\n<p>Instalarea corect\u0103 este, de asemenea, important\u0103 pentru a asigura performan\u021ba cilindrului. Cilindrul trebuie aliniat corect, iar pentru fixarea acestuia trebuie utilizate console de instalare adecvate. Procedurile recomandate de inspec\u021bie, reparare \u0219i \u00eenlocuire trebuie respectate pentru a asigura func\u021bionarea eficient\u0103 a cilindrului cupei.<\/p>\n<h3>Considera\u021bii de siguran\u021b\u0103 \u0219i factori de mediu<\/h3>\n<p>La utilizarea cilindrului cupei trebuie luate m\u0103suri de siguran\u021b\u0103 pentru a asigura siguran\u021ba personalului \u0219i a operatorilor din jur. La selectarea materialelor pentru cilindrul cupei trebuie lua\u021bi \u00een considerare factorii de mediu, cum ar fi temperatura, umiditatea \u0219i expunerea la substan\u021be chimice.<\/p>\n<p><img decoding=\"async\" src=\"https:\/\/www.hydraulic-cylinders.net\/wp-content\/uploads\/2025\/01\/songte-bushings-with-all-kinds-of-excavator-models.webp\" alt=\"Cilindru cu cup\u0103 pentru Baoding SC85.8\"><\/p>\n<h3>Defec\u021biuni frecvente \u0219i depanare<\/h3>\n<p>Defec\u021biunile frecvente ale cilindrului cupei includ scurgeri de lichid, presiune insuficient\u0103 \u0219i sunete anormale. Aceste probleme pot fi diagnosticate \u0219i rezolvate prin verificarea garniturilor, a conductelor de ulei \u0219i a altor componente. M\u0103surile preventive, cum ar fi inspec\u021bia \u0219i \u00eentre\u021binerea regulat\u0103, pot reduce num\u0103rul de defec\u021biuni.<\/p>\n<h3>Despre compania noastr\u0103<\/h3>\n<p>Suntem un produc\u0103tor \u0219i distribuitor angro de top de cilindri hidraulici pe pie\u021bele interne \u0219i interna\u021bionale. Oferim o gam\u0103 complet\u0103 de produse \u0219i urm\u0103m cele mai bune practici din industrie pentru a asigura o calitate excelent\u0103. Facilitatea noastr\u0103 de produc\u021bie este dotat\u0103 cu cea mai recent\u0103 tehnologie \u0219i sisteme profesionale de testare, permi\u021b\u00e2ndu-ne s\u0103 satisfacem nevoile diverse ale clien\u021bilor no\u0219tri.<\/p>\n<p><img decoding=\"async\" src=\"https:\/\/hzpt.com\/wp-content\/uploads\/2024\/11\/songte-company-1.webp\" alt=\"Cilindru cu cup\u0103 pentru Baoding SC85.8\"><\/p>\n<h4>Punctele noastre forte includ:<\/h4>\n<ul>\n<li>Profesionalism<\/li>\n<li>Certific\u0103ri interna\u021bionale<\/li>\n<li>Servicii de personalizare<\/li>\n<li>Echipamente de produc\u021bie avansate<\/li>\n<li>Servicii excelente post-v\u00e2nzare<\/li>\n<\/ul>\n<p>V\u0103 mul\u021bumim c\u0103 a\u021bi citit articolul nostru. Autor: lyl.<\/p>","protected":false},"excerpt":{"rendered":"<p>Bucket Cylinder For Baoding SC85.8 Introduction A bucket cylinder for Baoding SC85.8 is a specially designed hydraulic cylinder that is mainly used to control the movement of the bucket in heavy machinery such as excavators, backhoe excavators, and front-end loaders. Its main function is to enable the bucket to lift, lower, and tilt, making it [&hellip;]<\/p>","protected":false},"featured_media":14788,"comment_status":"open","ping_status":"closed","template":"","meta":{"_et_pb_use_builder":"","_et_pb_old_content":"","_et_gb_content_width":""},"product_brand":[],"product_cat":[1494],"product_tag":[1495,1496],"class_list":{"0":"post-15958","1":"product","2":"type-product","3":"status-publish","4":"has-post-thumbnail","6":"product_cat-bucket-cylinders","7":"product_tag-bucket-cylinders","8":"product_tag-hydraulic-cylinders","10":"first","11":"instock","12":"shipping-taxable","13":"product-type-simple"},"amp_enabled":true,"_links":{"self":[{"href":"https:\/\/www.hydraulic-cylinders.net\/ro\/wp-json\/wp\/v2\/product\/15958","targetHints":{"allow":["GET"]}}],"collection":[{"href":"https:\/\/www.hydraulic-cylinders.net\/ro\/wp-json\/wp\/v2\/product"}],"about":[{"href":"https:\/\/www.hydraulic-cylinders.net\/ro\/wp-json\/wp\/v2\/types\/product"}],"replies":[{"embeddable":true,"href":"https:\/\/www.hydraulic-cylinders.net\/ro\/wp-json\/wp\/v2\/comments?post=15958"}],"wp:featuredmedia":[{"embeddable":true,"href":"https:\/\/www.hydraulic-cylinders.net\/ro\/wp-json\/wp\/v2\/media\/14788"}],"wp:attachment":[{"href":"https:\/\/www.hydraulic-cylinders.net\/ro\/wp-json\/wp\/v2\/media?parent=15958"}],"wp:term":[{"taxonomy":"product_brand","embeddable":true,"href":"https:\/\/www.hydraulic-cylinders.net\/ro\/wp-json\/wp\/v2\/product_brand?post=15958"},{"taxonomy":"product_cat","embeddable":true,"href":"https:\/\/www.hydraulic-cylinders.net\/ro\/wp-json\/wp\/v2\/product_cat?post=15958"},{"taxonomy":"product_tag","embeddable":true,"href":"https:\/\/www.hydraulic-cylinders.net\/ro\/wp-json\/wp\/v2\/product_tag?post=15958"}],"curies":[{"name":"wp","href":"https:\/\/api.w.org\/{rel}","templated":true}]}}