{"id":15959,"date":"2025-01-19T15:13:05","date_gmt":"2025-01-19T15:13:05","guid":{"rendered":"https:\/\/www.hydraulic-cylinders.net\/product\/bucket-cylinder-for-baoding-sc400-8\/"},"modified":"2025-01-19T15:13:07","modified_gmt":"2025-01-19T15:13:07","slug":"bucket-cylinder-for-baoding-sc400-8","status":"publish","type":"product","link":"https:\/\/www.hydraulic-cylinders.net\/ro\/produs\/bucket-cylinder-for-baoding-sc400-8\/","title":{"rendered":"Cilindru cu cup\u0103 pentru Baoding SC400.8"},"content":{"rendered":"<h1>Cilindru cu cup\u0103 pentru Baoding SC400.8<\/h1>\n<h2>Introducere<\/h2>\n<p>Un cilindru al cupei este un cilindru hidraulic special conceput, utilizat \u00een principal pentru a controla mi\u0219carea cupei \u00een utilaje grele, cum ar fi excavatoarele, excavatoarele cu buldoexcavatoare \u0219i \u00eenc\u0103rc\u0103toare frontale. Func\u021bia sa principal\u0103 este de a permite ridicarea, cobor\u00e2rea \u0219i \u00eenclinarea cupei, facilit\u00e2nd gestionarea diverselor sarcini de manipulare a materialelor. \u00cen sistemul hidraulic, cilindrul cupei realizeaz\u0103 un control precis al mi\u0219c\u0103rii cupei prin modific\u0103ri ale presiunii uleiului hidraulic, permi\u021b\u00e2nd operatorilor s\u0103 manipuleze eficient sarcini grele \u0219i s\u0103 se adapteze la medii de lucru complexe \u0219i nevoi opera\u021bionale diverse.<\/p>\n<p><img decoding=\"async\" src=\"https:\/\/www.hydraulic-cylinders.net\/wp-content\/uploads\/2025\/01\/songte-company-2.webp\" alt=\"Cilindru cu cup\u0103 pentru Baoding SC400.8\" \/><\/p>\n<h3>Caracteristici<\/h3>\n<ul>\n<li>Rezisten\u021b\u0103 \u0219i durabilitate ridicate: de obicei fabricate din o\u021bel sau aluminiu de \u00eenalt\u0103 rezisten\u021b\u0103, capabile s\u0103 reziste la presiuni ridicate \u0219i sarcini grele \u0219i proiectate lu\u00e2nd \u00een considerare rezisten\u021ba la uzur\u0103 \u0219i rezisten\u021ba la coroziune pentru a prelungi durata de via\u021b\u0103.<\/li>\n<li>Func\u021bionare hidraulic\u0103 eficient\u0103: utilizarea presiunii uleiului hidraulic pentru a ob\u021bine o extensie \u0219i retragere lin\u0103, capabil\u0103 s\u0103 r\u0103spund\u0103 rapid la comenzile de control, oferind o for\u021b\u0103 puternic\u0103 de \u00eempingere \u0219i tragere, potrivit\u0103 pentru manipularea sarcinilor grele \u0219i a sarcinilor opera\u021bionale complexe.<\/li>\n<li>Mai multe tipuri: cilindri cu ac\u021biune simpl\u0103 (utiliza\u021bi hidraulic \u00eentr-o singur\u0103 direc\u021bie) sau cu ac\u021biune dubl\u0103 (utiliza\u021bi hidraulic \u00een ambele direc\u021bii) pot fi selecta\u021bi \u00een func\u021bie de nevoile opera\u021bionale, unele modele fiind telescopice, permi\u021b\u00e2nd o extensie mai mare f\u0103r\u0103 a cre\u0219te dimensiunea exterioar\u0103, potrivite pentru aplica\u021bii cu spa\u021biu limitat.<\/li>\n<li>Poate \u00eenlocui cilindrii hidraulici: produsele noastre pot \u00eenlocui perfect ace\u0219ti cilindri hidraulici. <\/li>\n<\/ul>\n<p><img decoding=\"async\" src=\"https:\/\/www.hydraulic-cylinders.net\/wp-content\/uploads\/2025\/01\/songte-cylinder-head-with-all-kinds-excavator-models.webp\" alt=\"Cilindru cu cup\u0103 pentru Baoding SC400.8\" \/><\/p>\n<h3>Aplica\u021bii<\/h3>\n<p>Cilindrul cu cup\u0103 este utilizat pe scar\u0103 larg\u0103 \u00een diverse industrii, cum ar fi:<\/p>\n<ul>\n<li>Echipamente de construc\u021bii: \u00cen excavatoare, acestea sunt esen\u021biale pentru s\u0103pare, \u00eenc\u0103rcare \u0219i mutarea solului sau a resturilor. \u00cen excavatoarele cu buldoexcavatoare, cilindrii cupei ajut\u0103 at\u00e2t la s\u0103pare, c\u00e2t \u0219i la ridicare. <\/li>\n<li>Ma\u0219ini agricole: utilizate pentru \u00eenc\u0103rc\u0103toare frontale, scobere, ridicare \u0219i transportul solului, f\u00e2nului \u0219i altor materiale; excavatoare: cilindrii cupei permit ac\u021biunea de s\u0103pare permi\u021b\u00e2nd cupei s\u0103 p\u0103trund\u0103 \u00een sol. <\/li>\n<li>\u00cenc\u0103rc\u0103tor: \u00een \u00eenc\u0103rc\u0103toarele frontale, acestea ajut\u0103 la ridicarea \u0219i \u00eenclinarea \u0219i desc\u0103rcarea eficient\u0103 a m\u0103rfurilor. <\/li>\n<\/ul>\n<h3>Considera\u021bii de proiectare \u0219i criterii de selec\u021bie<\/h3>\n<p>Designul cilindrului cupei este crucial pentru performan\u021ba \u0219i longevitatea sa. Urm\u0103toarele sunt c\u00e2teva considera\u021bii esen\u021biale de proiectare:<\/p>\n<h4>Capacitate de \u00eenc\u0103rcare<\/h4>\n<p>Cilindrul cupei trebuie s\u0103 fie proiectat pentru a suporta sarcina maxim\u0103 pe care o va \u00eent\u00e2lni. Capacitatea de \u00eenc\u0103rcare este determinat\u0103 de dimensiunea, rezisten\u021ba \u0219i materialul cilindrului.<\/p>\n<h4>Sigilare<\/h4>\n<p>Cilindrul trebuie etan\u0219at pentru a preveni scurgerile \u0219i contaminarea fluidului hidraulic. Sistemul de etan\u0219are trebuie proiectat cu materiale de \u00eenalt\u0103 calitate, cum ar fi poliuretanul \u0219i cauciucul nitrilic, pentru a asigura durabilitatea \u0219i durata lung\u0103 de via\u021b\u0103.<\/p>\n<h4>Durabilitate<\/h4>\n<p>Proiectarea cilindrului cupei trebuie s\u0103 ia \u00een considerare rezisten\u021ba la uzur\u0103 \u0219i rezisten\u021ba la coroziune pentru a-i prelungi durata de via\u021b\u0103.<\/p>\n<h4>Siguran\u0163\u0103<\/h4>\n<p>Cilindrul trebuie proiectat av\u00e2nd \u00een vedere siguran\u021ba pentru a preveni accidentele \u0219i r\u0103nirile. Procesul de instalare trebuie s\u0103 includ\u0103 o aliniere corect\u0103 \u0219i utilizarea unor console de instalare adecvate pentru a fixa cilindrul \u00een pozi\u021bie.<\/p>\n<h4>\u00centre\u0163inere<\/h4>\n<p>Cilindrul cupei trebuie s\u0103 fie proiectat pentru \u00eentre\u021binere \u0219i repara\u021bii u\u0219oare. Inspec\u021bia, lubrifierea \u0219i \u00eenlocuirea regulat\u0103 a garniturilor sunt necesare pentru a asigura performan\u021be optime \u0219i longevitate.<\/p>\n<p><img decoding=\"async\" src=\"https:\/\/www.hydraulic-cylinders.net\/wp-content\/uploads\/2025\/01\/songte-oil-pipes-and-spare-parts.webp\" alt=\"Cilindru cu cup\u0103 pentru Baoding SC400.8\" \/><\/p>\n<h3>Etan\u0219are \u0219i lubrifiere<\/h3>\n<p>Cilindrul cupei necesit\u0103 diverse componente de etan\u0219are, cum ar fi etan\u0219\u0103rile pistonului \u0219i etan\u0219\u0103rile tijei, fabricate din materiale de \u00eenalt\u0103 calitate, cum ar fi poliuretanul \u0219i cauciucul nitrilic, pentru a asigura durabilitatea \u0219i o durat\u0103 lung\u0103 de via\u021b\u0103. Interiorul cilindrului trebuie lubrifiat cu ulei hidraulic pentru a asigura o func\u021bionare lin\u0103 \u0219i a preveni uzura. Schimb\u0103rile regulate de ulei sunt necesare pentru a men\u021bine func\u021bionarea corect\u0103 a cilindrului.<\/p>\n<h3>\u00centre\u021binere \u0219i repara\u021bii<\/h3>\n<p>\u00centre\u021binerea \u0219i repara\u021biile regulate sunt cruciale pentru a asigura longevitatea cilindrului cupei \u0219i a optimiza performan\u021ba acestuia. Urm\u0103toarele sunt sarcini comune de \u00eentre\u021binere:<\/p>\n<ul>\n<li>Inspec\u021bie regulat\u0103<\/li>\n<li>Lubrifiere adecvat\u0103<\/li>\n<li>\u00cenlocuirea garniturii<\/li>\n<\/ul>\n<p>Instalarea, lubrifierea \u0219i reglarea corect\u0103 sunt esen\u021biale pentru o performan\u021b\u0103 optim\u0103. \u00cen timpul instal\u0103rii, alinierea corect\u0103 este crucial\u0103. Se recomand\u0103 utilizarea unor console de instalare adecvate pentru fixarea cilindrului \u00een pozi\u021bie. De asemenea, oferim piese de schimb \u0219i servicii de reconstruc\u021bie pentru a \u00eembun\u0103t\u0103\u021bi longevitatea cilindrului cupei.<\/p>\n<p><img decoding=\"async\" src=\"https:\/\/www.hydraulic-cylinders.net\/wp-content\/uploads\/2025\/01\/songte-chushion-collar.webp\" alt=\"Cilindru cu cup\u0103 pentru Baoding SC400.8\" \/><\/p>\n<h3>Considera\u021bii privind siguran\u021ba \u0219i mediul<\/h3>\n<p>La utilizarea cilindrului cupei, trebuie luate m\u0103suri de siguran\u021b\u0103 adecvate pentru a preveni accidentele \u0219i r\u0103nirile. Urm\u0103toarele sunt c\u00e2teva considera\u021bii esen\u021biale de siguran\u021b\u0103:<\/p>\n<ul>\n<li>Purta\u021bi echipament individual de protec\u021bie adecvat<\/li>\n<li>Asigura\u021bi instalarea \u0219i \u00eentre\u021binerea corect\u0103<\/li>\n<li>Nu dep\u0103\u0219i\u021bi capacitatea de \u00eenc\u0103rcare a cilindrului<\/li>\n<li>Urma\u021bi toate instruc\u021biunile \u0219i recomand\u0103rile produc\u0103torului<\/li>\n<\/ul>\n<p>Impactul asupra mediului este, de asemenea, o considera\u021bie semnificativ\u0103. Cilindrul cupei ar trebui proiectat \u0219i fabricat \u021bin\u00e2nd cont de mediu, utiliz\u00e2nd materiale \u0219i procese de produc\u021bie sustenabile ori de c\u00e2te ori este posibil.<\/p>\n<h3>Depanare \u0219i probleme frecvente<\/h3>\n<p>Problemele cilindrului cupei pot afecta semnificativ performan\u021ba utilajelor grele. Urm\u0103toarele sunt c\u00e2teva probleme comune \u0219i solu\u021biile lor:<\/p>\n<ul>\n<li>Scurgeri: Verifica\u021bi garniturile \u0219i \u00eenlocui\u021bi-le dac\u0103 este necesar. Asigura\u021bi-v\u0103 c\u0103 toate conexiunile sunt str\u00e2nse \u0219i c\u0103 nu exist\u0103 deterior\u0103ri ale pistonului sau cilindrului.<\/li>\n<li>Func\u021bionare lent\u0103: Verifica\u021bi dac\u0103 sistemul hidraulic prezint\u0103 scurgeri sau deterior\u0103ri. Asigura\u021bi-v\u0103 c\u0103 nivelul uleiului hidraulic este la corect \u0219i c\u0103 nu exist\u0103 bule de aer \u00een sistem.<\/li>\n<li>Cilindrul nu se extinde sau nu se retrage: Verifica\u021bi dac\u0103 sistemul hidraulic prezint\u0103 scurgeri sau deterior\u0103ri. Asigura\u021bi-v\u0103 c\u0103 uleiul hidraulic este la nivelul corect \u0219i c\u0103 nu exist\u0103 bule de aer \u00een sistem.<\/li>\n<\/ul>\n<p>\u00centre\u021binerea preventiv\u0103 este cheia evit\u0103rii acestor probleme. Inspec\u021bia, lubrifierea \u0219i \u00eenlocuirea garniturilor regulate pot ajuta la prevenirea transform\u0103rii unor probleme semnificative \u00een probleme poten\u021biale.<\/p>\n<p><img decoding=\"async\" src=\"https:\/\/www.hydraulic-cylinders.net\/wp-content\/uploads\/2025\/01\/songte-bushings-with-all-kinds-of-excavator-models.webp\" alt=\"Cilindru cu cup\u0103 pentru Baoding SC400.8\" \/><\/p>\n<h3>Despre noi<\/h3>\n<p>Suntem produc\u0103tori de cilindri hidraulici de schimb, cu o gam\u0103 larg\u0103 de produse, ceea ce ne face unul dintre principalii produc\u0103tori \u0219i distribuitori angro de cilindri hidraulici pe pie\u021bele interne \u0219i interna\u021bionale. Ader\u0103m la principiul calit\u0103\u021bii excelente, ne baz\u0103m pe strategii industrializate de management al produc\u021biei \u00een ateliere fin fabricate \u0219i \u00eembun\u0103t\u0103\u021bim continuu platformele noastre de fabrica\u021bie \u0219i liniile de produc\u021bie a calit\u0103\u021bii produselor prin utilizarea talentului tehnologic, a echipamentelor digitale de fabrica\u021bie de ultim\u0103 genera\u021bie \u0219i a sistemelor profesionale de testare. Avem puterea de a crea produse de \u00eenalt\u0103 eficien\u021b\u0103, \u00eenalt\u0103 precizie \u0219i \u00eenalt\u0103 calitate \u0219i de a satisface diversele nevoi ale clien\u021bilor.<\/p>\n<p>Compania noastr\u0103 ofer\u0103 numeroase avantaje, printre care:<\/p>\n<ul>\n<li>Profesionalism<\/li>\n<li>Certificare interna\u021bional\u0103<\/li>\n<li>Servicii de personalizare<\/li>\n<li>Echipamente de produc\u021bie avansate<\/li>\n<li>Servicii excelente post-v\u00e2nzare<\/li>\n<\/ul>\n<p><img decoding=\"async\" src=\"https:\/\/hzpt.com\/wp-content\/uploads\/2024\/11\/songte-company-1.webp\" alt=\"Cilindru cu cup\u0103 pentru Baoding SC400.8\" \/><\/p>\n<p>Autor: lyl<\/p>","protected":false},"excerpt":{"rendered":"<p>Bucket Cylinder For Baoding SC400.8 Introduction A bucket cylinder is a specially designed hydraulic cylinder mainly used to control the movement of the bucket in heavy machinery such as excavators, backhoe excavators, and front loaders. Its main function is to enable the bucket to lift, lower, and tilt, making it easier to handle various material [&hellip;]<\/p>","protected":false},"featured_media":14787,"comment_status":"open","ping_status":"closed","template":"","meta":{"_et_pb_use_builder":"","_et_pb_old_content":"","_et_gb_content_width":""},"product_brand":[],"product_cat":[1494],"product_tag":[1495,1496],"class_list":{"0":"post-15959","1":"product","2":"type-product","3":"status-publish","4":"has-post-thumbnail","6":"product_cat-bucket-cylinders","7":"product_tag-bucket-cylinders","8":"product_tag-hydraulic-cylinders","10":"first","11":"instock","12":"shipping-taxable","13":"product-type-simple"},"amp_enabled":true,"_links":{"self":[{"href":"https:\/\/www.hydraulic-cylinders.net\/ro\/wp-json\/wp\/v2\/product\/15959","targetHints":{"allow":["GET"]}}],"collection":[{"href":"https:\/\/www.hydraulic-cylinders.net\/ro\/wp-json\/wp\/v2\/product"}],"about":[{"href":"https:\/\/www.hydraulic-cylinders.net\/ro\/wp-json\/wp\/v2\/types\/product"}],"replies":[{"embeddable":true,"href":"https:\/\/www.hydraulic-cylinders.net\/ro\/wp-json\/wp\/v2\/comments?post=15959"}],"wp:featuredmedia":[{"embeddable":true,"href":"https:\/\/www.hydraulic-cylinders.net\/ro\/wp-json\/wp\/v2\/media\/14787"}],"wp:attachment":[{"href":"https:\/\/www.hydraulic-cylinders.net\/ro\/wp-json\/wp\/v2\/media?parent=15959"}],"wp:term":[{"taxonomy":"product_brand","embeddable":true,"href":"https:\/\/www.hydraulic-cylinders.net\/ro\/wp-json\/wp\/v2\/product_brand?post=15959"},{"taxonomy":"product_cat","embeddable":true,"href":"https:\/\/www.hydraulic-cylinders.net\/ro\/wp-json\/wp\/v2\/product_cat?post=15959"},{"taxonomy":"product_tag","embeddable":true,"href":"https:\/\/www.hydraulic-cylinders.net\/ro\/wp-json\/wp\/v2\/product_tag?post=15959"}],"curies":[{"name":"wp","href":"https:\/\/api.w.org\/{rel}","templated":true}]}}