{"id":15979,"date":"2025-01-19T15:14:40","date_gmt":"2025-01-19T15:14:40","guid":{"rendered":"https:\/\/www.hydraulic-cylinders.net\/product\/bucket-cylinder-for-sinomach-zg3335lc-9c\/"},"modified":"2025-01-19T15:14:42","modified_gmt":"2025-01-19T15:14:42","slug":"bucket-cylinder-for-sinomach-zg3335lc-9c","status":"publish","type":"product","link":"https:\/\/www.hydraulic-cylinders.net\/ro\/produs\/bucket-cylinder-for-sinomach-zg3335lc-9c\/","title":{"rendered":"Cilindru cu cup\u0103 pentru Sinomach ZG3335LC-9C"},"content":{"rendered":"<h1>Cilindru cu cup\u0103 pentru Sinomach ZG3335LC-9C<\/h1>\n<h2>Introducere<\/h2>\n<p>The bucket cylinder, also known as the boom cylinder, is a specially designed hydraulic cylinder primarily used to control the movement of buckets in heavy machinery such as excavators, backhoes, and front-end loaders. Its main function is to enable the bucket to lift, lower, and tilt, making it easier to handle various material handling tasks. In the hydraulic system, the bucket cylinder controls the bucket&#8217;s precise movement through changes in hydraulic oil pressure, allowing operators to efficiently handle heavy loads, adapt to complex work environments, and diverse job requirements.<\/p>\n<p><img decoding=\"async\" src=\"https:\/\/www.hydraulic-cylinders.net\/wp-content\/uploads\/2025\/01\/songte-company-2.webp\" alt=\"imagine cilindru cup\u0103\"><\/p>\n<h2>Caracteristici<\/h2>\n<ul>\n<li>Rezisten\u021b\u0103 \u0219i durabilitate ridicate: De obicei fabricate din o\u021bel sau aluminiu de \u00eenalt\u0103 rezisten\u021b\u0103, capabile s\u0103 reziste la presiuni ridicate \u0219i sarcini grele, se adapteaz\u0103 la medii de lucru dure, proiectate \u021bin\u00e2nd cont de rezisten\u021ba la uzur\u0103 \u0219i la coroziune, prelungind durata de via\u021b\u0103.<\/li>\n<li>Func\u021bionare hidraulic\u0103 eficient\u0103: Utilizeaz\u0103 presiunea uleiului hidraulic pentru a ob\u021bine o ac\u021biune telescopic\u0103 lin\u0103, capabil\u0103 s\u0103 r\u0103spund\u0103 rapid la comenzile de control, oferind o for\u021b\u0103 puternic\u0103 de \u00eempingere \u0219i tragere, potrivit\u0103 pentru manipularea sarcinilor grele \u0219i a sarcinilor complexe.<\/li>\n<li>Mai multe tipuri: Disponibile \u00een cilindri cu ac\u021biune simpl\u0103 (utilizare hidraulic\u0103 \u00eentr-o singur\u0103 direc\u021bie) sau cu ac\u021biune dubl\u0103 (utilizare hidraulic\u0103 \u00een ambele direc\u021bii), dup\u0103 cum este necesar pentru a \u00eendeplini diferite cerin\u021be opera\u021bionale, unele modele sunt telescopice, permi\u021b\u00e2nd o extensie mai mare f\u0103r\u0103 a cre\u0219te dimensiunile exterioare, potrivite pentru aplica\u021bii cu spa\u021biu limitat.<\/li>\n<li>Interschimbabil cu al\u021bi cilindri hidraulici: Produsele noastre pot \u00eenlocui perfect ace\u0219ti cilindri hidraulici.<\/li>\n<li>Personalizabil: Putem personaliza produsul \u00een func\u021bie de nevoile clientului.<\/li>\n<\/ul>\n<p><img decoding=\"async\" src=\"https:\/\/www.hydraulic-cylinders.net\/wp-content\/uploads\/2025\/01\/songte-cylinder-head-with-all-kinds-excavator-models.webp\" alt=\"imagine cilindru cup\u0103\"><\/p>\n<h2>Aplica\u021bii<\/h2>\n<p>Cilindrul cupei este utilizat pe scar\u0103 larg\u0103 \u00een diverse utilaje \u0219i echipamente grele, cum ar fi:<\/p>\n<ul>\n<li>Echipamente de construc\u021bii: \u00cen excavatoare, acestea sunt esen\u021biale pentru s\u0103pare, \u00eenc\u0103rcare \u0219i mutarea solului sau a resturilor. \u00cen cazul excavatoarelor, cilindrul cupei ajut\u0103 at\u00e2t la s\u0103pare, c\u00e2t \u0219i la ridicare. <\/li>\n<li>Ma\u0219ini agricole: utilizate \u00een \u00eenc\u0103rc\u0103toarele frontale pentru scobere, ridicare \u0219i transportul solului, f\u00e2nului \u0219i altor materiale. <\/li>\n<li>Excavatoare: Cilindrul cupei realizeaz\u0103 ac\u021biunea de s\u0103pare permi\u021b\u00e2nd cupei s\u0103 p\u0103trund\u0103 \u00een sol. <\/li>\n<li>\u00cenc\u0103rc\u0103toare: \u00cen \u00eenc\u0103rc\u0103toarele frontale, acestea ajut\u0103 la ridicarea \u0219i desc\u0103rcarea eficient\u0103 a m\u0103rfurilor.<\/li>\n<\/ul>\n<h2>Considera\u021bii de proiectare \u0219i criterii de selec\u021bie<\/h2>\n<p>From a design consideration, the bucket cylinder&#8217;s critical factors are load-bearing capacity, sealing, durability, safety, and maintainability. <\/p>\n<h3>Capacitate portant\u0103:<\/h3>\n<p>Capacitatea portant\u0103 a cilindrului trebuie aleas\u0103 \u00een func\u021bie de sarcina maxim\u0103 la care va fi supus \u00een timpul func\u021bion\u0103rii.<\/p>\n<h3>Etan\u0219are:<\/h3>\n<p>The cylinder&#8217;s sealing system should prevent the entry of dust, dirt, and other foreign materials into the cylinder and ensure a reliable seal to prevent leaks.<\/p>\n<h3>Durabilitate:<\/h3>\n<p>Cilindrul trebuie s\u0103 fie construit din materiale de \u00eenalt\u0103 calitate pentru a rezista la uzur\u0103 \u0219i coroziune, iar suprafa\u021ba sa trebuie tratat\u0103 pentru a rezista la uzura extern\u0103.<\/p>\n<h3>Siguran\u0163\u0103:<\/h3>\n<p>Cilindrul trebuie proiectat cu caracteristici de siguran\u021b\u0103, cum ar fi supape de suprapresiune, pentru a preveni deteriorarea echipamentului \u00een cazul supra\u00eenc\u0103rc\u0103rii cilindrului.<\/p>\n<h3>Mentenabilitate:<\/h3>\n<p>Cilindrul trebuie s\u0103 fie u\u0219or de \u00eentre\u021binut, cu garnituri \u0219i piese \u00eenlocuibile u\u0219or accesibile \u0219i proiectat pentru repara\u021bii u\u0219oare.<\/p>\n<p><img decoding=\"async\" src=\"https:\/\/www.hydraulic-cylinders.net\/wp-content\/uploads\/2025\/01\/songte-oil-pipes-and-spare-parts.webp\" alt=\"imagine cilindru cup\u0103\"><\/p>\n<h2>Etan\u0219are \u0219i lubrifiere<\/h2>\n<p>Cilindrul utilizeaz\u0103 diverse componente de etan\u0219are, cum ar fi etan\u0219\u0103ri de piston, etan\u0219\u0103ri de tij\u0103 etc. Aceste etan\u0219\u0103ri sunt fabricate din materiale rezistente la uzur\u0103, cum ar fi poliuretanul \u0219i cauciucul nitrilic. Corpul cilindrului \u0219i suprafa\u021ba cap\u0103tului filetat sunt tratate fin pentru a \u00eembun\u0103t\u0103\u021bi rezisten\u021ba la uzur\u0103. Ad\u0103ugarea regulat\u0103 de ulei hidraulic adecvat pentru lubrifiere este esen\u021bial\u0103.<\/p>\n<h2>\u00centre\u021binere \u0219i inspec\u021bie preventiv\u0103<\/h2>\n<p>Inspec\u021bia regulat\u0103 \u0219i \u00eentre\u021binerea preventiv\u0103 pot ajuta la prelungirea duratei de via\u021b\u0103 a cilindrului cupei. Sarcinile comune de \u00eentre\u021binere includ:<\/p>\n<ul>\n<li>Verific\u0103ri regulate<\/li>\n<li>Lubrifiere periodic\u0103<\/li>\n<li>\u00cenlocuirea garniturilor \u0219i garniturilor de etan\u0219are<\/li>\n<li>Verific\u0103ri de calibrare<\/li>\n<\/ul>\n<p>Instalarea, lubrifierea \u0219i reglarea corect\u0103 a cilindrului cupei sunt esen\u021biale pentru performan\u021ba sa. \u00cen timpul procesului de instalare, este important s\u0103 alinia\u021bi corect cilindrul. Se recomand\u0103 utilizarea consolelor de instalare adecvate pentru fixarea cilindrului. Procedurile recomandate de inspec\u021bie, reparare \u0219i \u00eenlocuire pot prelungi durata de via\u021b\u0103 a cilindrului cupei.<\/p>\n<p><img decoding=\"async\" src=\"https:\/\/www.hydraulic-cylinders.net\/wp-content\/uploads\/2025\/01\/songte-chushion-collar.webp\" alt=\"imagine cilindru cup\u0103\"><\/p>\n<h2>Considera\u021bii de siguran\u021b\u0103 \u0219i factori de mediu<\/h2>\n<p>When using the bucket cylinder, it is important to follow safety measures to prevent accidents. Any damage to the cylinder&#8217;s sealing system may cause hydraulic oil leakage, which could be detrimental to the environment and human health. <\/p>\n<h2>Diagnosticarea defec\u021biunilor \u0219i probleme frecvente<\/h2>\n<p>Problemele frecvente ale cilindrului cupei includ scurgeri, deteriorarea sau \u00eendoirea tijei \u0219i probleme de aliniere. Inspec\u021bia \u0219i \u00eentre\u021binerea adecvate pot ajuta la detectarea \u0219i rezolvarea acestor probleme. <\/p>\n<h2>Introducerea companiei<\/h2>\n<p>We are a leading manufacturer and wholesaler of hydraulic cylinders in the domestic and international markets, specializing in replacing hydraulic cylinders. We follow excellent quality control, rely on industrialized production management strategies for fine manufacturing workshops, and continuously improve our manufacturing platform through the use of technology talent, digital high-end manufacturing equipment, and professional testing systems. We have strong creative abilities and strive to meet customers&#8217; diverse needs through principles of high efficiency, high precision, and high quality.<\/p>\n<p>We offer professional, international certification, customized services, production equipment, and after-sales services according to our customers&#8217; needs. <\/p>\n<p><img decoding=\"async\" src=\"https:\/\/hzpt.com\/wp-content\/uploads\/2024\/11\/songte-company-1.webp\" alt=\"imagine cilindru cup\u0103\"><\/p>\n<p>Autor: lyl<\/p>","protected":false},"excerpt":{"rendered":"<p>Bucket Cylinder For Sinomach ZG3335LC-9C Introduction The bucket cylinder, also known as the boom cylinder, is a specially designed hydraulic cylinder primarily used to control the movement of buckets in heavy machinery such as excavators, backhoes, and front-end loaders. Its main function is to enable the bucket to lift, lower, and tilt, making it easier [&hellip;]<\/p>","protected":false},"featured_media":14778,"comment_status":"open","ping_status":"closed","template":"","meta":{"_et_pb_use_builder":"","_et_pb_old_content":"","_et_gb_content_width":""},"product_brand":[],"product_cat":[1494],"product_tag":[1495,1496],"class_list":{"0":"post-15979","1":"product","2":"type-product","3":"status-publish","4":"has-post-thumbnail","6":"product_cat-bucket-cylinders","7":"product_tag-bucket-cylinders","8":"product_tag-hydraulic-cylinders","10":"first","11":"instock","12":"shipping-taxable","13":"product-type-simple"},"amp_enabled":true,"_links":{"self":[{"href":"https:\/\/www.hydraulic-cylinders.net\/ro\/wp-json\/wp\/v2\/product\/15979","targetHints":{"allow":["GET"]}}],"collection":[{"href":"https:\/\/www.hydraulic-cylinders.net\/ro\/wp-json\/wp\/v2\/product"}],"about":[{"href":"https:\/\/www.hydraulic-cylinders.net\/ro\/wp-json\/wp\/v2\/types\/product"}],"replies":[{"embeddable":true,"href":"https:\/\/www.hydraulic-cylinders.net\/ro\/wp-json\/wp\/v2\/comments?post=15979"}],"wp:featuredmedia":[{"embeddable":true,"href":"https:\/\/www.hydraulic-cylinders.net\/ro\/wp-json\/wp\/v2\/media\/14778"}],"wp:attachment":[{"href":"https:\/\/www.hydraulic-cylinders.net\/ro\/wp-json\/wp\/v2\/media?parent=15979"}],"wp:term":[{"taxonomy":"product_brand","embeddable":true,"href":"https:\/\/www.hydraulic-cylinders.net\/ro\/wp-json\/wp\/v2\/product_brand?post=15979"},{"taxonomy":"product_cat","embeddable":true,"href":"https:\/\/www.hydraulic-cylinders.net\/ro\/wp-json\/wp\/v2\/product_cat?post=15979"},{"taxonomy":"product_tag","embeddable":true,"href":"https:\/\/www.hydraulic-cylinders.net\/ro\/wp-json\/wp\/v2\/product_tag?post=15979"}],"curies":[{"name":"wp","href":"https:\/\/api.w.org\/{rel}","templated":true}]}}