{"id":16002,"date":"2025-01-19T15:16:38","date_gmt":"2025-01-19T15:16:38","guid":{"rendered":"https:\/\/www.hydraulic-cylinders.net\/product\/bucket-cylinder-for-xiniu-xn63180\/"},"modified":"2025-01-19T15:16:40","modified_gmt":"2025-01-19T15:16:40","slug":"bucket-cylinder-for-xiniu-xn63180","status":"publish","type":"product","link":"https:\/\/www.hydraulic-cylinders.net\/ro\/produs\/bucket-cylinder-for-xiniu-xn63180\/","title":{"rendered":"Cilindru cu g\u0103leat\u0103 pentru Xiniu XN63180"},"content":{"rendered":"<h1>Cilindru cu g\u0103leat\u0103 pentru Xiniu XN63180<\/h1>\n<h2>Introducere<\/h2>\n<p>Cilindrul cupei, cunoscut \u0219i sub denumirea de cilindru hidraulic, este special conceput pentru utilaje grele, cum ar fi excavatoare, excavatoare \u0219i \u00eenc\u0103rc\u0103toare. Func\u021bia sa principal\u0103 este de a controla mi\u0219carea cupei, permi\u021b\u00e2nd ridicarea, cobor\u00e2rea \u0219i \u00eenclinarea, fiind potrivit\u0103 pentru diverse sarcini de manipulare a materialelor. \u00cen sistemul hidraulic, cilindrul cupei controleaz\u0103 cu precizie mi\u0219carea cupei prin modificarea presiunii uleiului hidraulic, permi\u021b\u00e2nd operatorilor s\u0103 manipuleze eficient sarcini grele \u0219i s\u0103 se adapteze la medii de lucru complexe \u0219i cerin\u021be diverse ale lucr\u0103rilor.<\/p>\n<p><img decoding=\"async\" src=\"https:\/\/www.hydraulic-cylinders.net\/wp-content\/uploads\/2025\/01\/songte-company-2.webp\"><\/p>\n<h2>Caracteristici<\/h2>\n<ul>\n<li><strong>Rezisten\u021b\u0103 \u0219i durabilitate ridicate<\/strong>Fabricat de obicei din o\u021bel sau aluminiu de \u00eenalt\u0103 rezisten\u021b\u0103, cilindrul cupei poate rezista la presiuni ridicate \u0219i sarcini grele, adapt\u00e2ndu-se la medii de lucru dure. Designul s\u0103u ia \u00een considerare rezisten\u021ba la uzur\u0103 \u0219i la coroziune, prelungindu-i durata de via\u021b\u0103.<\/li>\n<li><strong>Func\u021bionare hidraulic\u0103 eficient\u0103<\/strong>Prin utilizarea presiunii uleiului hidraulic, cilindrul cupei realizeaz\u0103 o extensie \u0219i o retragere lin\u0103, r\u0103spunde rapid la comenzile de operare \u0219i ofer\u0103 o for\u021b\u0103 puternic\u0103 de \u00eempingere \u0219i tragere, fiind potrivit pentru manipularea sarcinilor grele \u0219i a sarcinilor complexe.<\/li>\n<li><strong>Diverse tipuri<\/strong>Cilindrul cupei poate fi cu ac\u021biune simpl\u0103 (hidraulic utilizat \u00eentr-o singur\u0103 direc\u021bie) sau cu ac\u021biune dubl\u0103 (hidraulic utilizat \u00een dou\u0103 direc\u021bii), \u00een func\u021bie de cerin\u021bele opera\u021bionale. Unele modele sunt telescopice, permi\u021b\u00e2nd o extensie mai mare f\u0103r\u0103 a cre\u0219te dimensiunile exterioare, fiind potrivite pentru aplica\u021bii cu spa\u021biu limitat.<\/li>\n<li><strong>\u00cenlocuirea produsului<\/strong>Produsele noastre pot \u00eenlocui perfect ace\u0219ti cilindri hidraulici.<\/li>\n<\/ul>\n<p><img decoding=\"async\" src=\"https:\/\/www.hydraulic-cylinders.net\/wp-content\/uploads\/2025\/01\/songte-cylinder-head-with-all-kinds-excavator-models.webp\"><\/p>\n<h2>Aplica\u021bii<\/h2>\n<p>Cilindrul cu cup\u0103 este utilizat pe scar\u0103 larg\u0103 \u00een diverse industrii, inclusiv:<\/p>\n<ul>\n<li><strong>Echipamente de construc\u021bii<\/strong>La excavatoare, cilindrul cupei este esen\u021bial pentru s\u0103pare, \u00eenc\u0103rcare \u0219i mutarea solului sau a resturilor. La excavatoare, cilindrul cupei ajut\u0103 at\u00e2t la s\u0103pare, c\u00e2t \u0219i la ridicare. La \u00eenc\u0103rc\u0103toare, acesta ajut\u0103 la ridicarea \u0219i desc\u0103rcarea eficient\u0103 a m\u0103rfurilor.<\/li>\n<li><strong>Ma\u0219ini agricole<\/strong>Folosit pentru \u00eenc\u0103rc\u0103toare frontale, ridicarea \u0219i transportul solului, f\u00e2nului \u0219i altor materiale. La excavatoare, cilindrul cupei realizeaz\u0103 ac\u021biunea de s\u0103pare permi\u021b\u00e2nd cupei s\u0103 p\u0103trund\u0103 \u00een sol. <\/li>\n<\/ul>\n<p>Pentru fiecare aplica\u021bie, descrierea cuv\u00e2ntului cheie nu dep\u0103\u0219e\u0219te 200 de cuvinte.<\/p>\n<h2>Considera\u021bii de proiectare \u0219i criterii de selec\u021bie<\/h2>\n<p>Considera\u021biile de proiectare ale cilindrului cupei includ capacitatea portant\u0103, etan\u0219area, durabilitatea, siguran\u021ba \u0219i mentenan\u021ba. Punctele cheie de discu\u021bie includ:<\/p>\n<ul>\n<li><strong>Capacitate portant\u0103<\/strong>Capacitatea portant\u0103 a cilindrului cupei este esen\u021bial\u0103 pentru utilajele grele \u0219i trebuie aleas\u0103 \u00een func\u021bie de cerin\u021bele specifice ale aplica\u021biei.<\/li>\n<li><strong>Sigilare<\/strong>Diverse componente de etan\u0219are, cum ar fi etan\u0219\u0103rile pistonului \u0219i etan\u0219\u0103rile tijei, sunt utilizate pentru a preveni scurgerile de ulei, care pot cauza defec\u021biuni ale utilajelor. Materiale precum poliuretanul \u0219i cauciucul nitrilic sunt utilizate pentru rezisten\u021ba la uzur\u0103.<\/li>\n<li><strong>Durabilitate<\/strong>Durabilitatea cilindrului cupei este esen\u021bial\u0103, iar piesele sale trebuie proiectate \u0219i fabricate din materiale de \u00eenalt\u0103 calitate pentru a rezista la medii dure, a reduce uzura \u0219i a prelungi durata de via\u021b\u0103 a acestuia.<\/li>\n<li><strong>Siguran\u0163\u0103<\/strong>Designul cilindrului cupei trebuie s\u0103 acorde prioritate siguran\u021bei \u0219i trebuie s\u0103 fie echipat cu supape de siguran\u021b\u0103 pentru a preveni deteriorarea cauzat\u0103 de presiunea sau sarcina excesiv\u0103.<\/li>\n<li><strong>Mentenabilitate<\/strong>Proiectarea cilindrului cupei ar trebui s\u0103 ia \u00een considerare \u00eentre\u021binerea ca parte a ciclului s\u0103u de via\u021b\u0103, ceea ce poate include u\u0219urin\u021ba dezasamblarii, \u00eenlocuirii \u0219i repara\u021biilor.<\/li>\n<\/ul>\n<p><img decoding=\"async\" src=\"https:\/\/www.hydraulic-cylinders.net\/wp-content\/uploads\/2025\/01\/songte-oil-pipes-and-spare-parts.webp\"><\/p>\n<h2>Etan\u0219are \u0219i lubrifiere<\/h2>\n<p>Cilindrul cupei necesit\u0103 diferite garnituri, cum ar fi garniturile pistonului \u0219i garniturile tijei, pentru a preveni scurgerile de ulei \u0219i a asigura o func\u021bionare eficient\u0103. Garniturile sunt fabricate din materiale precum poliuretanul \u0219i cauciucul nitrilic pentru a rezista la uzur\u0103. Corpul cilindrului \u0219i suprafa\u021ba filetat\u0103 a cap\u0103tului sunt prelucrate fin pentru a \u00eembun\u0103t\u0103\u021bi rezisten\u021ba la uzur\u0103. Necesit\u0103 lubrifiere regulat\u0103 cu cantitatea potrivit\u0103 de ulei hidraulic pentru a-\u0219i men\u021bine buna func\u021bionare.<\/p>\n<h2>M\u0103suri de inspec\u021bie \u0219i \u00eentre\u021binere preventiv\u0103<\/h2>\n<p>Inspec\u021bia regulat\u0103 \u0219i m\u0103surile de \u00eentre\u021binere preventiv\u0103 sunt esen\u021biale pentru prelungirea duratei de via\u021b\u0103 a cilindrului cupei. M\u0103surile cheie includ:<\/p>\n<ul>\n<li><strong>Inspec\u021bie regulat\u0103<\/strong>Inspec\u021bia regulat\u0103 a cilindrului cupei v\u0103 va permite s\u0103 identifica\u021bi din timp poten\u021bialele probleme \u0219i s\u0103 le remedia\u021bi \u00eenainte ca acestea s\u0103 se agraveze.<\/li>\n<li><strong>Lubrifiere<\/strong>Verifica\u021bi \u0219i lubrifia\u021bi cilindrul cupei \u00een mod regulat pentru a asigura func\u021bionarea sa f\u0103r\u0103 probleme.<\/li>\n<li><strong>\u00cenlocuirea garniturii \u0219i verificarea calibr\u0103rii<\/strong>\u00cenlocui\u021bi garniturile uzate \u0219i verifica\u021bi calibrarea \u00een mod regulat pentru a men\u021bine eficien\u021ba cilindrului.<\/li>\n<\/ul>\n<p>Pentru fiecare punct, descrierea nu dep\u0103\u0219e\u0219te 200 de cuvinte.<\/p>\n<p><img decoding=\"async\" src=\"https:\/\/www.hydraulic-cylinders.net\/wp-content\/uploads\/2025\/01\/songte-chushion-collar.webp\"><\/p>\n<h2>Considera\u021bii de siguran\u021b\u0103 \u0219i factori de mediu<\/h2>\n<p>C\u00e2nd utiliza\u021bi cilindrul cupei, m\u0103surile de siguran\u021b\u0103 sunt cruciale pentru a preveni accidentele. Respecta\u021bi \u00eentotdeauna instruc\u021biunile \u0219i instruc\u021biunile produc\u0103torului pentru instalare, operare \u0219i \u00eentre\u021binere. Factorii de mediu, cum ar fi temperatura, umiditatea \u0219i calitatea aerului, pot afecta eficien\u021ba \u0219i durata de via\u021b\u0103 a cilindrului cupei. Lua\u021bi \u00een considerare luarea m\u0103surilor preventive relevante pentru un mediu de operare sigur.<\/p>\n<h2>Depanare \u0219i probleme frecvente<\/h2>\n<p>Problemele frecvente care pot ap\u0103rea cu cilindrul cupei includ scurgeri de ulei, deteriorarea garniturilor \u0219i eficien\u021b\u0103 redus\u0103. M\u0103surile de depanare includ inspectarea garniturilor, identificarea \u0219i repararea scurgerilor \u0219i \u00eenlocuirea pieselor uzate sau a garniturilor. M\u0103surile preventive includ inspec\u021bia regulat\u0103, lubrifierea \u0219i \u00eenlocuirea pieselor uzate.<\/p>\n<p><img decoding=\"async\" src=\"https:\/\/www.hydraulic-cylinders.net\/wp-content\/uploads\/2025\/01\/songte-bushings-with-all-kinds-of-excavator-models.webp\"><\/p>\n<h2>Despre compania noastr\u0103<\/h2>\n<p>Suntem produc\u0103tori de cilindri hidraulici de schimb cu o gam\u0103 complet\u0103 de produse, devenind unul dintre principalii produc\u0103tori \u0219i angrosi\u0219ti \u200b\u200bde cilindri hidraulici pe pie\u021bele interne \u0219i interna\u021bionale. Urm\u0103m principiul calit\u0103\u021bii excelente \u0219i ne baz\u0103m pe strategia de management al produc\u021biei industriale cu ateliere de fabrica\u021bie sofisticate, \u00eembun\u0103t\u0103\u021bind continuu platforma de produc\u021bie a atelierelor noastre, \u00eembun\u0103t\u0103\u021bind ruta calit\u0103\u021bii produc\u021biei produselor \u0219i av\u00e2nd o puternic\u0103 capacitate creativ\u0103. Scopul nostru este de a satisface nevoile diverse ale clien\u021bilor cu eficien\u021b\u0103 ridicat\u0103, precizie ridicat\u0103 \u0219i principii de \u00eenalt\u0103 calitate.<\/p>\n<h3>Profesionalism<\/h3>\n<p>Avem talente tehnice profesionale \u0219i experimentate, un set complet de echipamente de produc\u021bie avansate \u0219i un sistem de detectare profesional pentru a asigura calitatea produsului.<\/p>\n<h3>Certificare interna\u021bional\u0103<\/h3>\n<p>Produsele noastre au ob\u021binut certific\u0103ri ISO9001 \u0219i CE, respect\u00e2nd standardele interna\u021bionale.<\/p>\n<h3>Serviciu de personalizare<\/h3>\n<p>Oferim servicii personalizate pentru a satisface diferitele nevoi ale clien\u021bilor, inclusiv designuri, materiale \u0219i acoperiri speciale.<\/p>\n<h3>Echipamente de produc\u021bie<\/h3>\n<p>Folosim echipamente de fabrica\u021bie avansate, cum ar fi strunguri CNC, centre de prelucrare \u0219i ma\u0219ini de testare, pentru a asigura acurate\u021bea \u0219i consecven\u021ba produsului.<\/p>\n<h3>Serviciu post-v\u00e2nzare<\/h3>\n<p>Oferim servicii complete post-v\u00e2nzare, inclusiv piese de schimb \u0219i servicii de repara\u021bii, pentru a asigura satisfac\u021bia clien\u021bilor.<\/p>\n<p><img decoding=\"async\" src=\"https:\/\/www.hydraulic-cylinders.net\/wp-content\/uploads\/2025\/01\/songte-company-3.webp\"><\/p>\n<p>Autor: lyl.<\/p>","protected":false},"excerpt":{"rendered":"<p>Bucket Cylinder For Xiniu XN63180 Introduction The bucket cylinder, also known as a hydraulic cylinder, is specially designed for heavy machinery such as excavators, backhoes, and loaders. Its main function is to control the movement of the bucket, allowing for lifting, lowering, and tilting, making it suitable for various material handling tasks. In the hydraulic [&hellip;]<\/p>","protected":false},"featured_media":14789,"comment_status":"open","ping_status":"closed","template":"","meta":{"_et_pb_use_builder":"","_et_pb_old_content":"","_et_gb_content_width":""},"product_brand":[],"product_cat":[1494],"product_tag":[1495,1496],"class_list":{"0":"post-16002","1":"product","2":"type-product","3":"status-publish","4":"has-post-thumbnail","6":"product_cat-bucket-cylinders","7":"product_tag-bucket-cylinders","8":"product_tag-hydraulic-cylinders","10":"first","11":"instock","12":"shipping-taxable","13":"product-type-simple"},"amp_enabled":true,"_links":{"self":[{"href":"https:\/\/www.hydraulic-cylinders.net\/ro\/wp-json\/wp\/v2\/product\/16002","targetHints":{"allow":["GET"]}}],"collection":[{"href":"https:\/\/www.hydraulic-cylinders.net\/ro\/wp-json\/wp\/v2\/product"}],"about":[{"href":"https:\/\/www.hydraulic-cylinders.net\/ro\/wp-json\/wp\/v2\/types\/product"}],"replies":[{"embeddable":true,"href":"https:\/\/www.hydraulic-cylinders.net\/ro\/wp-json\/wp\/v2\/comments?post=16002"}],"wp:featuredmedia":[{"embeddable":true,"href":"https:\/\/www.hydraulic-cylinders.net\/ro\/wp-json\/wp\/v2\/media\/14789"}],"wp:attachment":[{"href":"https:\/\/www.hydraulic-cylinders.net\/ro\/wp-json\/wp\/v2\/media?parent=16002"}],"wp:term":[{"taxonomy":"product_brand","embeddable":true,"href":"https:\/\/www.hydraulic-cylinders.net\/ro\/wp-json\/wp\/v2\/product_brand?post=16002"},{"taxonomy":"product_cat","embeddable":true,"href":"https:\/\/www.hydraulic-cylinders.net\/ro\/wp-json\/wp\/v2\/product_cat?post=16002"},{"taxonomy":"product_tag","embeddable":true,"href":"https:\/\/www.hydraulic-cylinders.net\/ro\/wp-json\/wp\/v2\/product_tag?post=16002"}],"curies":[{"name":"wp","href":"https:\/\/api.w.org\/{rel}","templated":true}]}}