{"id":16007,"date":"2025-01-19T15:16:58","date_gmt":"2025-01-19T15:16:58","guid":{"rendered":"https:\/\/www.hydraulic-cylinders.net\/product\/bucket-cylinder-for-xiniu-xnx8\/"},"modified":"2025-01-19T15:17:00","modified_gmt":"2025-01-19T15:17:00","slug":"bucket-cylinder-for-xiniu-xnx8","status":"publish","type":"product","link":"https:\/\/www.hydraulic-cylinders.net\/ro\/produs\/bucket-cylinder-for-xiniu-xnx8\/","title":{"rendered":"Cilindru cu g\u0103leat\u0103 pentru Xiniu XNX8"},"content":{"rendered":"<h1>Cilindru cu g\u0103leat\u0103 pentru Xiniu XNX8<\/h1>\n<h2>Defini\u021bia produsului<\/h2>\n<p>Cilindrul cupei pentru Xiniu XNX8 este un cilindru hidraulic special conceput, utilizat \u00een principal pentru a controla mi\u0219carea cupei \u00een utilaje grele, cum ar fi excavatoarele, \u00eenc\u0103rc\u0103toarele cu buldoexcavatoare \u0219i \u00eenc\u0103rc\u0103toarele frontale. Func\u021bia sa principal\u0103 este de a permite ridicarea, cobor\u00e2rea \u0219i \u00eenclinarea cupei, facilit\u00e2nd diverse sarcini de manipulare a materialelor. \u00cen sistemele hidraulice, cilindrul cupei realizeaz\u0103 un control precis al cupei prin utilizarea modific\u0103rilor presiunii uleiului hidraulic, permi\u021b\u00e2nd operatorilor s\u0103 manipuleze eficient sarcini grele \u0219i s\u0103 se adapteze la medii de lucru complexe \u0219i cerin\u021be diverse ale lucr\u0103rilor.<\/p>\n<p><img decoding=\"async\" src=\"https:\/\/www.hydraulic-cylinders.net\/wp-content\/uploads\/2025\/01\/songte-company-2.webp\" alt=\"Imaginea cilindrului cupei\"><\/p>\n<h2>Caracteristici ale produsului<\/h2>\n<ul>\n<li><strong>Rezisten\u021b\u0103 \u0219i durabilitate ridicate:<\/strong> Fabricat de obicei din o\u021bel sau aluminiu de \u00eenalt\u0103 rezisten\u021b\u0103, cilindrul cupei este capabil s\u0103 reziste la presiuni ridicate \u0219i sarcini grele, adapt\u00e2ndu-se la condi\u021bii dure de lucru. Designul s\u0103u ia \u00een considerare rezisten\u021ba la uzur\u0103 \u0219i la coroziune, prelungindu-i durata de via\u021b\u0103.<\/li>\n<li><strong>Func\u021bionare hidraulic\u0103 eficient\u0103:<\/strong> Prin utilizarea presiunii uleiului hidraulic, cilindrul cupei permite ac\u021biuni line de extensie \u0219i retragere, permi\u021b\u00e2nd un r\u0103spuns rapid la comenzile de control \u0219i oferind for\u021be puternice de \u00eempingere \u0219i tragere, potrivite pentru manipularea sarcinilor grele \u0219i a sarcinilor complexe.<\/li>\n<li><strong>Diverse tipuri:<\/strong> Cilindrul cupei poate fi ales ca cilindru cu ac\u021biune simpl\u0103 (presiunea hidraulic\u0103 utilizat\u0103 \u00eentr-o singur\u0103 direc\u021bie) sau cu ac\u021biune dubl\u0103 (presiunea hidraulic\u0103 utilizat\u0103 \u00een ambele direc\u021bii), \u00een func\u021bie de cerin\u021bele opera\u021bionale. Unele modele sunt telescopice, permi\u021b\u00e2nd o raz\u0103 de ac\u021biune mai mare f\u0103r\u0103 a cre\u0219te dimensiunile exterioare, fiind ideale pentru aplica\u021bii cu spa\u021biu limitat.<\/li>\n<\/ul>\n<p><img decoding=\"async\" src=\"https:\/\/www.hydraulic-cylinders.net\/wp-content\/uploads\/2025\/01\/songte-cylinder-head-with-all-kinds-excavator-models.webp\" alt=\"Imaginea aplica\u021biei cilindrului cupei\"><\/p>\n<h2>Aplica\u021bii<\/h2>\n<ul>\n<li><strong>Echipamente de construc\u021bii:<\/strong> G\u0103site \u00een excavatoare, acestea sunt esen\u021biale pentru s\u0103pare, \u00eenc\u0103rcare \u0219i mutarea solului sau a resturilor. La \u00eenc\u0103rc\u0103toarele excavatoare, cilindrul cupei ajut\u0103 at\u00e2t la s\u0103pare, c\u00e2t \u0219i la ridicare.<\/li>\n<li><strong>Ma\u0219ini agricole:<\/strong> Utilizate \u00een \u00eenc\u0103rc\u0103toarele frontale, acestea ajut\u0103 la scoberea, ridicarea \u0219i transportul solului, f\u00e2nului \u0219i al altor materiale.<\/li>\n<li><strong>Excavatoare:<\/strong> Cilindrul cupei permite ac\u021biunile de s\u0103pare permi\u021b\u00e2nd cupei s\u0103 p\u0103trund\u0103 \u00een sol.<\/li>\n<li><strong>\u00cenc\u0103rc\u0103toare:<\/strong> \u00cen cazul \u00eenc\u0103rc\u0103toarelor frontale, acestea ajut\u0103 la ridicarea \u0219i desc\u0103rcarea eficient\u0103 a m\u0103rfurilor.<\/li>\n<\/ul>\n<h2>Considera\u021bii de proiectare \u0219i criterii de selec\u021bie<\/h2>\n<p>C\u00e2nd vine vorba de considera\u021biile de proiectare \u0219i criteriile de selec\u021bie pentru cilindrul cupei, trebuie lua\u021bi \u00een considerare c\u00e2\u021biva factori importan\u021bi:<\/p>\n<ul>\n<li><strong>Capacitate portant\u0103:<\/strong> Cilindrul cupei trebuie proiectat pentru a gestiona cerin\u021bele de sarcin\u0103 preconizate \u00een mod eficient \u0219i \u00een siguran\u021b\u0103.<\/li>\n<li><strong>Etan\u0219are:<\/strong> Pentru a asigura o etan\u0219are corect\u0103 \u0219i a minimiza scurgerile, trebuie utilizate diverse componente de etan\u0219are, cum ar fi etan\u0219\u0103rile pistonului \u0219i etan\u0219\u0103rile tijei.<\/li>\n<li><strong>Durabilitate:<\/strong> Cilindrul cupei trebuie proiectat cu materiale \u0219i tehnici de construc\u021bie care s\u0103 \u00eei sporeasc\u0103 durabilitatea, permi\u021b\u00e2ndu-i s\u0103 reziste la medii de lucru solicitante.<\/li>\n<li><strong>Siguran\u0163\u0103:<\/strong> Elementele de siguran\u021b\u0103 ar trebui \u00eencorporate \u00een proiectare pentru a proteja operatorii \u0219i a preveni accidentele.<\/li>\n<li><strong>Mentenabilitate:<\/strong> Ar trebui s\u0103 se acorde aten\u021bie u\u0219urin\u021bei \u00eentre\u021binerii, inclusiv accesibilit\u0103\u021bii pentru inspec\u021bie, reparare \u0219i \u00eenlocuire a componentelor.<\/li>\n<\/ul>\n<p><img decoding=\"async\" src=\"https:\/\/www.hydraulic-cylinders.net\/wp-content\/uploads\/2025\/01\/songte-oil-pipes-and-spare-parts.webp\" alt=\"Imagine de etan\u0219are \u0219i lubrifiere a cilindrului cupei\"><\/p>\n<h2>Etan\u0219are \u0219i lubrifiere<\/h2>\n<p>Cilindrul cupei utilizeaz\u0103 diverse componente de etan\u0219are, cum ar fi etan\u0219\u0103rile pistonului \u0219i etan\u0219\u0103rile tijei, care sunt fabricate din materiale rezistente la uzur\u0103, cum ar fi poliuretanul \u0219i cauciucul nitrilic. Corpul cilindrului \u0219i capetele filetate sunt tratate fin pentru a \u00eembun\u0103t\u0103\u021bi rezisten\u021ba la uzur\u0103. Lubrifierea regulat\u0103 cu o cantitate adecvat\u0103 de ulei hidraulic este necesar\u0103 pentru a asigura o func\u021bionare lin\u0103 \u0219i lubrifierea pieselor mobile.<\/p>\n<h2>Inspec\u021bie regulat\u0103 \u0219i \u00eentre\u021binere preventiv\u0103<\/h2>\n<ul>\n<li>Inspecta\u021bi periodic cilindrul cupei pentru a depista orice semne de uzur\u0103, scurgeri sau deteriorare.<\/li>\n<li>Asigura\u021bi lubrifierea corespunz\u0103toare a tuturor pieselor mobile.<\/li>\n<li>\u00cenlocui\u021bi periodic garniturile \u0219i garniturile pentru a men\u021bine performan\u021be optime.<\/li>\n<\/ul>\n<h2>Instalarea corect\u0103 a produsului<\/h2>\n<p>Instalarea corect\u0103 a cilindrului cupei este crucial\u0103 pentru func\u021bionarea sa eficient\u0103. Urma\u021bi aceste instruc\u021biuni:<\/p>\n<ul>\n<li>Asigura\u021bi alinierea corect\u0103 a cilindrului \u00een timpul instal\u0103rii.<\/li>\n<li>Folosi\u021bi consolele de instalare adecvate pentru a fixa cilindrul.<\/li>\n<\/ul>\n<p><img decoding=\"async\" src=\"https:\/\/www.hydraulic-cylinders.net\/wp-content\/uploads\/2025\/01\/songte-chushion-collar.webp\" alt=\"Imagine de instalare a cilindrului cupei\"><\/p>\n<h2>Sarcini comune de \u00eentre\u021binere<\/h2>\n<ul>\n<li>Inspec\u021bie regulat\u0103<\/li>\n<li>Lubrifiere adecvat\u0103<\/li>\n<li>\u00cenlocuirea garniturii<\/li>\n<li>Verific\u0103ri de calibrare<\/li>\n<\/ul>\n<p>Este important s\u0103 se sublinieze importan\u021ba instal\u0103rii, lubrifierii \u0219i ajust\u0103rii corecte. Oferi\u021bi \u00eendrum\u0103ri privind alinierea corect\u0103 a cilindrului \u00een timpul instal\u0103rii \u0219i recomanda\u021bi utilizarea unor console de instalare adecvate pentru fixarea cilindrului. Oferi\u021bi proceduri recomandate de inspec\u021bie, reparare \u0219i \u00eenlocuire, precum \u0219i sfaturi pentru prelungirea duratei de via\u021b\u0103 a cilindrului cupei.<\/p>\n<p><img decoding=\"async\" src=\"https:\/\/www.hydraulic-cylinders.net\/wp-content\/uploads\/2025\/01\/songte-bushings-with-all-kinds-of-excavator-models.webp\" alt=\"Imagine de depanare a cilindrului cupei\"><\/p>\n<h2>Considera\u021bii de siguran\u021b\u0103 \u0219i factori de mediu<\/h2>\n<p>C\u00e2nd lucra\u021bi cu cilindrul cupei, m\u0103surile de siguran\u021b\u0103 sunt de maxim\u0103 importan\u021b\u0103 pentru a preveni accidentele \u0219i a asigura bun\u0103starea operatorului. Lua\u021bi \u00een considerare urm\u0103toarele:<\/p>\n<ul>\n<li>Respecta\u021bi protocoalele de siguran\u021b\u0103 adecvate atunci c\u00e2nd opera\u021bi utilajele.<\/li>\n<li>Folosi\u021bi echipamentul individual de protec\u021bie dup\u0103 cum este necesar.<\/li>\n<\/ul>\n<h2>Depanare \u0219i probleme frecvente<\/h2>\n<p>Problemele frecvente care pot ap\u0103rea cu cilindrul cupei includ scurgeri, lipsa de r\u0103spuns \u0219i zgomot anormal. Oferi\u021bi sfaturi de depanare \u0219i solu\u021bii pentru a ajuta cititorii s\u0103 diagnosticheze \u0219i s\u0103 rezolve eficient problemele. De asemenea, sugera\u021bi m\u0103suri preventive pentru a minimiza poten\u021bialele probleme.<\/p>\n<p><img decoding=\"async\" src=\"https:\/\/www.hydraulic-cylinders.net\/wp-content\/uploads\/2025\/01\/songte-company-1.webp\" alt=\"Imaginea companiei cu cilindri de cup\u0103\"><\/p>\n<h2>Despre compania noastr\u0103<\/h2>\n<p>Suntem un produc\u0103tor specializat \u00een produc\u021bia de cilindri hidraulici de schimb. Cu o gam\u0103 larg\u0103 de produse, am devenit unul dintre principalii produc\u0103tori \u0219i distribuitori angro de cilindri hidraulici, at\u00e2t pe pia\u021ba intern\u0103, c\u00e2t \u0219i pe cea interna\u021bional\u0103. Compania noastr\u0103 ader\u0103 la principiile excelen\u021bei \u0219i se bazeaz\u0103 pe strategii de management al produc\u021biei industriale \u00een atelierul nostru de produc\u021bie fin echipat. \u00cembun\u0103t\u0103\u021bim continuu platforma noastr\u0103 de produc\u021bie, perfec\u021bion\u0103m rutele de produc\u021bie a calit\u0103\u021bii produselor \u0219i de\u021binem capacit\u0103\u021bi inovatoare puternice. Av\u00e2nd ca principii c\u0103l\u0103uzitoare eficien\u021b\u0103 ridicat\u0103, precizie \u0219i calitate, ne propunem s\u0103 satisfacem nevoile diverse ale clien\u021bilor no\u0219tri.<\/p>\n<p><img decoding=\"async\" src=\"https:\/\/www.hydraulic-cylinders.net\/wp-content\/uploads\/2025\/01\/songte-company-3.webp\" alt=\"Imaginea companiei cu cilindri de cup\u0103\"><\/p>\n<h2>Prezentare general\u0103 a companiei<\/h2>\n<ul>\n<li>Profesionalism<\/li>\n<li>Certific\u0103ri interna\u021bionale<\/li>\n<li>Servicii de personalizare<\/li>\n<li>Echipamente de produc\u021bie avansate<\/li>\n<li>Serviciu post-v\u00e2nzare<\/li>\n<\/ul>\n<p>Nu uita s\u0103 organizezi articolul logic, s\u0103 folose\u0219ti subtitluri pentru o navigare u\u0219oar\u0103, s\u0103 incluzi imagini sau grafice relevante pentru a \u00eembun\u0103t\u0103\u021bi \u00een\u021belegerea \u0219i s\u0103 te asiguri c\u0103 con\u021binutul este clar, concis \u0219i potrivit pentru cititorii cu diferite niveluri de cuno\u0219tin\u021be tehnice. \u00cen cele din urm\u0103, subliniaz\u0103 respectarea regulilor autorului, lyl.<\/p>","protected":false},"excerpt":{"rendered":"<p>Bucket Cylinder For Xiniu XNX8 Product Definition The bucket cylinder for Xiniu XNX8 is a specially designed hydraulic cylinder that is primarily used to control the movement of the bucket in heavy machinery such as excavators, backhoe loaders, and front loaders. Its main function is to enable the bucket to lift, lower, and tilt, making [&hellip;]<\/p>","protected":false},"featured_media":14782,"comment_status":"open","ping_status":"closed","template":"","meta":{"_et_pb_use_builder":"","_et_pb_old_content":"","_et_gb_content_width":""},"product_brand":[],"product_cat":[1494],"product_tag":[1495,1496],"class_list":{"0":"post-16007","1":"product","2":"type-product","3":"status-publish","4":"has-post-thumbnail","6":"product_cat-bucket-cylinders","7":"product_tag-bucket-cylinders","8":"product_tag-hydraulic-cylinders","10":"first","11":"instock","12":"shipping-taxable","13":"product-type-simple"},"amp_enabled":true,"_links":{"self":[{"href":"https:\/\/www.hydraulic-cylinders.net\/ro\/wp-json\/wp\/v2\/product\/16007","targetHints":{"allow":["GET"]}}],"collection":[{"href":"https:\/\/www.hydraulic-cylinders.net\/ro\/wp-json\/wp\/v2\/product"}],"about":[{"href":"https:\/\/www.hydraulic-cylinders.net\/ro\/wp-json\/wp\/v2\/types\/product"}],"replies":[{"embeddable":true,"href":"https:\/\/www.hydraulic-cylinders.net\/ro\/wp-json\/wp\/v2\/comments?post=16007"}],"wp:featuredmedia":[{"embeddable":true,"href":"https:\/\/www.hydraulic-cylinders.net\/ro\/wp-json\/wp\/v2\/media\/14782"}],"wp:attachment":[{"href":"https:\/\/www.hydraulic-cylinders.net\/ro\/wp-json\/wp\/v2\/media?parent=16007"}],"wp:term":[{"taxonomy":"product_brand","embeddable":true,"href":"https:\/\/www.hydraulic-cylinders.net\/ro\/wp-json\/wp\/v2\/product_brand?post=16007"},{"taxonomy":"product_cat","embeddable":true,"href":"https:\/\/www.hydraulic-cylinders.net\/ro\/wp-json\/wp\/v2\/product_cat?post=16007"},{"taxonomy":"product_tag","embeddable":true,"href":"https:\/\/www.hydraulic-cylinders.net\/ro\/wp-json\/wp\/v2\/product_tag?post=16007"}],"curies":[{"name":"wp","href":"https:\/\/api.w.org\/{rel}","templated":true}]}}