{"id":16068,"date":"2025-01-20T08:26:09","date_gmt":"2025-01-20T08:26:09","guid":{"rendered":"https:\/\/www.hydraulic-cylinders.net\/product\/arm-cylinderfor-komatsu-large-excavator-pc270-c\/"},"modified":"2025-01-20T08:26:12","modified_gmt":"2025-01-20T08:26:12","slug":"arm-cylinderfor-komatsu-large-excavator-pc270-c","status":"publish","type":"product","link":"https:\/\/www.hydraulic-cylinders.net\/ro\/produs\/arm-cylinderfor-komatsu-large-excavator-pc270-c\/","title":{"rendered":"Cilindru bra\u021b pentru excavatorul mare Komatsu PC270-C"},"content":{"rendered":"<h2>Cilindru bra\u021b pentru excavator mare Komatsu PC270-C<\/h2>\n<h3>Introducere<\/h3>\n<p>Un cilindru de bra\u021b este un cilindru hidraulic special conceput, utilizat pentru a oferi mi\u0219care liniar\u0103 \u0219i putere bra\u021belor diferitelor tipuri de utilaje, cum ar fi excavatoare, macarale \u0219i bra\u021be robotizate. Cilindrul de bra\u021b joac\u0103 un rol crucial \u00een sistemul hidraulic, permi\u021b\u00e2nd mi\u0219carea \u0219i controlul eficient al ata\u0219amentelor sau accesoriilor. Ace\u0219ti cilindri nu numai c\u0103 ofer\u0103 o mi\u0219care lin\u0103, dar pot rezista \u0219i la sarcini grele, asigur\u00e2nd func\u021bionarea eficient\u0103 \u0219i fiabilitatea utilajelor \u00een diverse condi\u021bii de lucru.<\/p>\n<p><img decoding=\"async\" src=\"https:\/\/www.hydraulic-cylinders.net\/wp-content\/uploads\/2025\/01\/songte-company-2.webp\"><\/p>\n<h3>Caracteristici<\/h3>\n<ul>\n<li>Transmisie de putere de \u00eenalt\u0103 eficien\u021b\u0103: Cilindrul bra\u021bului ofer\u0103 o mi\u0219care liniar\u0103 \u0219i o for\u021b\u0103 puternice, asigur\u00e2nd performan\u021ba eficient\u0103 a bra\u021bului robotic \u00een diverse opera\u021biuni.<\/li>\n<li>Control precis: Prin intermediul sistemului hidraulic, cilindrul bra\u021bului poate realiza un control precis al mi\u0219c\u0103rii, ceea ce face ca func\u021bionarea ata\u0219amentelor s\u0103 fie mai flexibil\u0103 \u0219i mai precis\u0103.<\/li>\n<li>Durabil: Cilindrii bra\u021bului sunt de obicei fabrica\u021bi din materiale de \u00eenalt\u0103 rezisten\u021b\u0103, cu o bun\u0103 rezisten\u021b\u0103 la uzur\u0103 \u0219i coroziune, potrivi\u021bi pentru utilizare pe termen lung \u00een medii dure.<\/li>\n<li>Adaptabilitate multifunc\u021bional\u0103: Ace\u0219ti cilindri pot fi utiliza\u021bi pe scar\u0103 larg\u0103 \u00een diverse tipuri de utilaje, cum ar fi excavatoare, macarale \u0219i bra\u021be robotizate, pentru a se adapta la diferite cerin\u021be de lucru.<\/li>\n<li>\u00centre\u021binere u\u0219oar\u0103: Designul ia \u00een considerare u\u0219urin\u021ba \u00eentre\u021binerii \u0219i \u00eenlocuirii, ceea ce face ca inspec\u021biile \u0219i \u00eentre\u021binerea regulat\u0103 s\u0103 fie mai convenabile \u0219i reduce timpul de nefunc\u021bionare a echipamentelor.<\/li>\n<\/ul>\n<p>Putem produce acest produs \u0219i poate \u00eenlocui perfect ace\u0219ti cilindri hidraulici.<\/p>\n<p><img decoding=\"async\" src=\"https:\/\/www.hydraulic-cylinders.net\/wp-content\/uploads\/2025\/01\/songte-oil-pipes-and-spare-parts.webp\"><\/p>\n<h3>Aplica\u021bii<\/h3>\n<p>Cilindrul cu bra\u021b este utilizat pe scar\u0103 larg\u0103 \u00een diverse industrii, cum ar fi:<\/p>\n<ul>\n<li>Construc\u021bii: La excavatoare \u0219i macarale, cilindrul bra\u021bului controleaz\u0103 mi\u0219carea cupei sau a bra\u021bului pentru lucr\u0103ri de terasament, manipularea materialelor \u0219i instalarea structural\u0103.<\/li>\n<li>Fabrica\u021bie: \u00cen liniile de produc\u021bie automatizate, cilindrul bra\u021bului este utilizat pentru mi\u0219carea bra\u021bului robotic \u00een scopuri de asamblare, sudare \u0219i manipulare, \u00eembun\u0103t\u0103\u021bind eficien\u021ba \u0219i precizia produc\u021biei.<\/li>\n<li>Ma\u0219ini agricole: \u00cen cazul ma\u0219inilor agricole, cum ar fi combinele de recoltat \u0219i sem\u0103n\u0103toarele, cilindrul bra\u021bului controleaz\u0103 mi\u0219carea bra\u021bului de operare pentru sarcini precum plantarea, fertilizarea \u0219i recoltarea.<\/li>\n<li>Minerit: \u00cen echipamentele miniere, cilindrul bra\u021bului controleaz\u0103 mi\u0219carea bra\u021belor echipamentului minier pentru excavarea \u0219i manipularea minereului.<\/li>\n<li>Logistic\u0103 \u0219i transport: La stivuitoarele \u0219i robo\u021bii de manipulare, cilindrul bra\u021bului este utilizat pentru a controla ridicarea \u0219i mi\u0219carea furcii, realiz\u00e2nd manipularea \u0219i stivuirea materialelor.<\/li>\n<\/ul>\n<h3>Considera\u021bii de proiectare \u0219i criterii de selec\u021bie<\/h3>\n<p>Av\u00e2nd \u00een vedere designul cilindrului bra\u021bului, aspectele importante de luat \u00een considerare sunt:<\/p>\n<ul>\n<li>Capacitate portant\u0103<\/li>\n<li>Sigilare<\/li>\n<li>Durabilitate<\/li>\n<li>Siguran\u0163\u0103<\/li>\n<li>Mentenabilitate<\/li>\n<\/ul>\n<p>Cilindrul bra\u021bului necesit\u0103 o capacitate portant\u0103 mare pentru a asigura c\u0103 poate gestiona sarcini grele. Etan\u0219area trebuie s\u0103 fie suficient\u0103 pentru a preveni scurgerile de ulei \u0219i a men\u021bine presiunea. Cilindrul trebuie s\u0103 fie fabricat din materiale durabile care pot rezista la medii dure. De asemenea, trebuie incluse caracteristici de siguran\u021b\u0103 pentru a preveni accidentele. \u00cen cele din urm\u0103, cilindrul trebuie s\u0103 fie u\u0219or de \u00eentre\u021binut \u0219i reparat pentru a reduce timpii de nefunc\u021bionare.<\/p>\n<p><img decoding=\"async\" src=\"https:\/\/www.hydraulic-cylinders.net\/wp-content\/uploads\/2025\/01\/songte-cylinder-head-with-all-kinds-excavator-models.webp\"><\/p>\n<h3>Etan\u0219are \u0219i lubrifiere<\/h3>\n<p>Cilindrul bra\u021bului utilizeaz\u0103 diverse componente de etan\u0219are, cum ar fi etan\u0219\u0103ri de piston, etan\u0219\u0103ri de tij\u0103 etc. Garniturile sunt fabricate din materiale rezistente la uzur\u0103, cum ar fi poliuretanul \u0219i cauciucul nitrilic. Corpul cilindrului \u0219i suprafa\u021ba cap\u0103tului filetat sunt supuse unor prelucr\u0103ri fine pentru a \u00eembun\u0103t\u0103\u021bi rezisten\u021ba la uzur\u0103. Cilindrul necesit\u0103, de asemenea, ad\u0103ugarea regulat\u0103 a unei cantit\u0103\u021bi adecvate de ulei hidraulic pentru lubrifiere.<\/p>\n<h3>\u00centre\u021binere \u0219i m\u0103suri preventive<\/h3>\n<ul>\n<li>Cilindrul bra\u021bului trebuie inspectat \u0219i \u00eentre\u021binut periodic pentru a asigura performan\u021ba \u0219i siguran\u021ba acestuia. <\/li>\n<li>\u00cenlocui\u021bi garniturile deteriorate sau uzate \u00een timp util.<\/li>\n<li>Cur\u0103\u021ba\u021bi \u0219i \u00eenlocui\u021bi uleiul hidraulic \u00een mod regulat.<\/li>\n<li>Manevra\u021bi cilindrul bra\u021bului cu grij\u0103 \u0219i evita\u021bi coliziunile.<\/li>\n<li>Urma\u021bi instruc\u021biunile de instalare pentru a asigura o instalare corect\u0103.<\/li>\n<\/ul>\n<p><img decoding=\"async\" src=\"https:\/\/www.hydraulic-cylinders.net\/wp-content\/uploads\/2025\/01\/songte-chushion-collar.webp\"><\/p>\n<h3>Ghid de instalare<\/h3>\n<p>Instalarea cilindrului bra\u021bului trebuie s\u0103 respecte ace\u0219ti pa\u0219i generali:<\/p>\n<ol>\n<li>Asigura\u021bi-v\u0103 c\u0103 pozi\u021bia de instalare a cilindrului este corect\u0103.<\/li>\n<li>Conecta\u021bi cilindrul conform schemei circuitului hidraulic.<\/li>\n<li>Monta\u021bi tija pistonului \u0219i verifica\u021bi dac\u0103 func\u021bioneaz\u0103 corect.<\/li>\n<li>Verifica\u021bi dac\u0103 sistemul prezint\u0103 scurgeri \u0219i asigura\u021bi o presiune adecvat\u0103 a uleiului.<\/li>\n<\/ol>\n<h3>Considera\u021bii privind siguran\u021ba \u0219i mediul<\/h3>\n<p>\u00cen timpul instal\u0103rii \u0219i func\u021bion\u0103rii cilindrului bra\u021bului, trebuie luate m\u0103suri de siguran\u021b\u0103 pentru a evita accidentele. De asemenea, este important s\u0103 se elimine corect uleiul hidraulic uzat \u0219i s\u0103 se asigure manipularea corespunz\u0103toare a cilindrului pentru a preveni deteriorarea mediului.<\/p>\n<h3>Diagnosticarea defec\u021biunilor \u0219i probleme frecvente<\/h3>\n<p>Problemele frecvente care pot ap\u0103rea cu cilindrul bra\u021bului includ scurgeri de ulei, presiune insuficient\u0103 a uleiului \u0219i deteriorarea corpului cilindrului. Aceste probleme pot duce la performan\u021be reduse \u0219i chiar la defectarea cilindrului. Inspec\u021bia \u0219i \u00eentre\u021binerea regulat\u0103 pot ajuta la prevenirea acestor probleme.<\/p>\n<h3>Depanare \u0219i solu\u021bii<\/h3>\n<p>Dac\u0103 se constat\u0103 probleme la cilindrul bra\u021bului, trebuie efectuat\u0103 imediat o depanare pentru a diagnostica problema. Solu\u021biile pot include \u00eenlocuirea garniturilor deteriorate, cur\u0103\u021barea sistemului hidraulic sau repararea corpului cilindrului. M\u0103surile preventive pot reduce, de asemenea, apari\u021bia unor poten\u021biale probleme.<\/p>\n<p><img decoding=\"async\" src=\"https:\/\/www.hydraulic-cylinders.net\/wp-content\/uploads\/2025\/01\/songte-bushings-with-all-kinds-of-excavator-models.webp\"><\/p>\n<h3>Despre noi<\/h3>\n<p>Suntem un produc\u0103tor profesionist de cilindri hidraulici cu o gam\u0103 larg\u0103 de produse \u0219i am devenit unul dintre principalii produc\u0103tori \u0219i distribuitori angro de cilindri hidraulici pe pie\u021bele interne \u0219i interna\u021bionale. Respect\u0103m \u00eentotdeauna principiul calit\u0103\u021bii excelente, ne baz\u0103m pe strategii industrializate de management al produc\u021biei \u00een atelierul nostru de produc\u021bie fin\u0103 \u0219i continu\u0103m s\u0103 ne \u00eembun\u0103t\u0103\u021bim nivelul tehnologic \u0219i eficien\u021ba produc\u021biei. Prin introducerea de echipamente digitale avansate de produc\u021bie \u0219i sisteme profesionale de testare, optimiz\u0103m continuu platforma noastr\u0103 de produc\u021bie \u0219i \u00eembun\u0103t\u0103\u021bim procesul de control al calit\u0103\u021bii produselor noastre, cu capacit\u0103\u021bi puternice de inovare. Scopul nostru este de a satisface nevoile diverse ale clien\u021bilor no\u0219tri cu produse eficiente, precise \u0219i de \u00eenalt\u0103 calitate.<\/p>\n<p>Compania noastr\u0103 ofer\u0103 servicii profesionale, certific\u0103ri interna\u021bionale, servicii personalizate, echipamente de produc\u021bie \u0219i service post-v\u00e2nzare. Credem \u00een furnizarea de produse \u0219i servicii de calitate clien\u021bilor no\u0219tri \u0219i \u00een construirea de parteneriate pe termen lung.<\/p>\n<p><img decoding=\"async\" src=\"https:\/\/www.hydraulic-cylinders.net\/wp-content\/uploads\/2025\/01\/songte-company-4.webp\"><br \/>\n<img decoding=\"async\" src=\"https:\/\/www.hydraulic-cylinders.net\/wp-content\/uploads\/2025\/01\/songte-company-3.webp\"><\/p>\n<p>Autor: lyl<\/p>","protected":false},"excerpt":{"rendered":"<p>Arm Cylinder For Komatsu Large Excavator PC270-C Introduction An arm cylinder is a specially designed hydraulic cylinder used to provide linear motion and power to the arms of various types of machinery such as excavators, cranes, and robotic arms. The arm cylinder plays a crucial role in the hydraulic system, enabling effective movement and control [&hellip;]<\/p>","protected":false},"featured_media":14772,"comment_status":"open","ping_status":"closed","template":"","meta":{"_et_pb_use_builder":"","_et_pb_old_content":"","_et_gb_content_width":""},"product_brand":[],"product_cat":[1497],"product_tag":[1498,1496],"class_list":{"0":"post-16068","1":"product","2":"type-product","3":"status-publish","4":"has-post-thumbnail","6":"product_cat-arm-cylinders","7":"product_tag-arm-cylinders","8":"product_tag-hydraulic-cylinders","10":"first","11":"instock","12":"shipping-taxable","13":"product-type-simple"},"amp_enabled":true,"_links":{"self":[{"href":"https:\/\/www.hydraulic-cylinders.net\/ro\/wp-json\/wp\/v2\/product\/16068","targetHints":{"allow":["GET"]}}],"collection":[{"href":"https:\/\/www.hydraulic-cylinders.net\/ro\/wp-json\/wp\/v2\/product"}],"about":[{"href":"https:\/\/www.hydraulic-cylinders.net\/ro\/wp-json\/wp\/v2\/types\/product"}],"replies":[{"embeddable":true,"href":"https:\/\/www.hydraulic-cylinders.net\/ro\/wp-json\/wp\/v2\/comments?post=16068"}],"wp:featuredmedia":[{"embeddable":true,"href":"https:\/\/www.hydraulic-cylinders.net\/ro\/wp-json\/wp\/v2\/media\/14772"}],"wp:attachment":[{"href":"https:\/\/www.hydraulic-cylinders.net\/ro\/wp-json\/wp\/v2\/media?parent=16068"}],"wp:term":[{"taxonomy":"product_brand","embeddable":true,"href":"https:\/\/www.hydraulic-cylinders.net\/ro\/wp-json\/wp\/v2\/product_brand?post=16068"},{"taxonomy":"product_cat","embeddable":true,"href":"https:\/\/www.hydraulic-cylinders.net\/ro\/wp-json\/wp\/v2\/product_cat?post=16068"},{"taxonomy":"product_tag","embeddable":true,"href":"https:\/\/www.hydraulic-cylinders.net\/ro\/wp-json\/wp\/v2\/product_tag?post=16068"}],"curies":[{"name":"wp","href":"https:\/\/api.w.org\/{rel}","templated":true}]}}